{"id":94897,"date":"2024-11-06T15:25:28","date_gmt":"2024-11-06T14:25:28","guid":{"rendered":"https:\/\/www.bagnoitalia.com\/product\/emanuela-relax-armchair-with-1-or-2-lift-motors-in-various-colours-with-medical-device"},"modified":"2024-11-06T15:32:37","modified_gmt":"2024-11-06T14:32:37","slug":"emanuela-relax-armchair-with-1-or-2-lift-motors-in-various-colours-with-medical-device","status":"publish","type":"product","link":"https:\/\/www.bagnoitalia.com\/de\/produkt\/emanuela-relax-armchair-with-1-or-2-lift-motors-in-various-colours-with-medical-device.html","title":{"rendered":"Emanuela Relax-Sessel mit 1 oder 2 Hubmotoren in verschiedenen Farben mit medizinischem Ger\u00e4t"},"content":{"rendered":"<p>&nbsp;<\/p>\n<p>EMANUELA&#8216; HUBSESSEL RECLINER<\/p>\n<p>&nbsp;<\/p>\n<p>Der Sessel Emanuela eignet sich sowohl f\u00fcr \u00e4ltere Menschen mit Mobilit\u00e4tseinschr\u00e4nkungen als auch f\u00fcr Menschen, die sich in ihrem eigenen Zuhause einfach nur ein wenig entspannen m\u00f6chten.<\/p>\n<p>&nbsp;<\/p>\n<p>ELEKTRISCHES ZUR\u00dcCKLEHNEN<\/p>\n<p>Mit Hilfe des Elektromotors, mit dem der Sessel ausgestattet ist, k\u00f6nnen Sie die R\u00fcckenlehne und die Fu\u00dfst\u00fctze gem\u00e4\u00df den Sicherheitsvorschriften verstellen.<\/p>\n<p>\u00dcber das Dropdown-Men\u00fc k\u00f6nnen Sie die Version MIT 2 MOTOREN w\u00e4hlen, um die Bewegung der R\u00fcckenlehne und der Fu\u00dfst\u00fctze separat einzustellen.<\/p>\n<p>Au\u00dferdem ist es m\u00f6glich, dank der vollen 180\u00b0-Neigung eine Bettposition zu erreichen, bei der die R\u00fcckenlehne fast waagerecht und die Fu\u00dfst\u00fctze maximal angehoben ist: eine Position, die sicherlich von denjenigen gesch\u00e4tzt wird, die auf diesem Sessel schlafen wollen.<\/p>\n<p>HINTERRADEN<\/p>\n<p>Der Sessel l\u00e4sst sich dank der beiden Hinterr\u00e4der, die nur benutzt werden k\u00f6nnen, wenn niemand auf ihm sitzt, leicht bewegen. Die R\u00e4der befinden sich auf dem Boden und es ist m\u00f6glich, den Sessel nach Belieben zu bewegen; au\u00dferdem ber\u00fchren die R\u00e4der in der angehobenen Position nicht den Boden, so dass sich der Sessel nicht versehentlich bewegen kann.<\/p>\n<p>&nbsp;<\/p>\n<p>HUBFUNKTION<\/p>\n<p>H\u00f6henverstellung des Sesselsitzes dank des Okin-Kolbens<\/p>\n<p>&nbsp;<\/p>\n<p>ABMESSUNGEN UND HAUPTMERKMALE<\/p>\n<p>&nbsp;<\/p>\n<p>L\u00e4nge 70 cm<\/p>\n<p>H\u00f6he 105 cm<\/p>\n<p>Tiefe 85 cm geschlossen \/ 170 cm offen<\/p>\n<p>Auswahl aus 9 Farben in Kunstleder, Mikrofaser oder Baumwolle<\/p>\n<p>Abnehmbarer Sitzbezug<\/p>\n<p>Mit 2 Rollen hinten<\/p>\n<p>Kabelsteuerung<\/p>\n<p>Gestell aus Eisen<\/p>\n<p>Gewicht 65 kg<\/p>\n<p>Stromst\u00e4rke 220-110 Volt (29 V)<\/p>\n<p>Leistungsaufnahme 80 W<\/p>\n<p>ZERTIFIZIERUNGEN CE, RHOS, TUV<\/p>\n<p>MEDIZINISCHES GER\u00c4T KLASSE 1<\/p>\n<p>&nbsp;<\/p>\n<p>&nbsp;<\/p>\n<p>&nbsp;<\/p>\n<p>&nbsp;<\/p>\n<p>&nbsp;<\/p>\n<p>&nbsp;<\/p>\n<p>&nbsp;<\/p>\n<p>&nbsp;<\/p>\n<p>&nbsp;<\/p>\n<p>&nbsp;<\/p>\n<p>&nbsp;<\/p>\n<p>&nbsp;<\/p>\n<p>&nbsp;<\/p>\n<p>&nbsp;<\/p>\n<p>&nbsp;<\/p>\n<p>&nbsp;<\/p>\n<p>&nbsp;<\/p>\n<p>&nbsp;<\/p>\n<p>emma<\/p>\n<p>&nbsp;<\/p>\n<p>&nbsp;<\/p>\n","protected":false},"excerpt":{"rendered":"<p>Bequemer und moderner Sessel, verstellbar, erh\u00e4ltlich in 3 Bez\u00fcgen (Kunstleder, Mikrofaser oder Baumwolle) und 9 verschiedenen Farben. Mit medizinischer Vorrichtung. Auswahl zwischen zwei Typen: mit 1 Motor oder mit 2 Motoren.<\/p>\n","protected":false},"featured_media":94868,"comment_status":"open","ping_status":"closed","template":"","meta":[],"product_brand":[9910],"product_cat":[9804],"product_tag":[],"class_list":{"0":"post-94897","1":"product","2":"type-product","3":"status-publish","4":"has-post-thumbnail","6":"product_brand-puntorelax-de","7":"product_cat-sessel-inneneinrichtung","9":"first","10":"instock","11":"sale","12":"taxable","13":"shipping-taxable","14":"purchasable","15":"product-type-simple"},"exclude_global_add_ons":false,"addons":[{"name":"Typ","type":"multiple_choice","position":0,"required":false,"title_format":"label","default":"","description_enable":false,"description":"","placeholder_enable":false,"placeholder":"","display":"select","restrictions_type":"any_text","adjust_price":false,"price":"","price_type":"flat_fee","restrictions":false,"min":"0","max":"0","options":[{"label":"1 Motor","price":"","price_type":"flat_fee","image":0,"visibility":true},{"label":"2 Motoren","price":"120","price_type":"flat_fee","image":0,"visibility":true}],"id":1730906729},{"name":"Farbe","type":"multiple_choice","position":1,"required":false,"title_format":"label","default":"","description_enable":false,"description":"","placeholder_enable":false,"placeholder":"","display":"select","restrictions_type":"any_text","adjust_price":false,"price":"","price_type":"flat_fee","restrictions":false,"min":"0","max":"0","options":[{"label":"Schwarzes Kunstleder","price":"","price_type":"flat_fee","image":0,"visibility":true},{"label":"Rotes Kunstleder","price":"","price_type":"flat_fee","image":0,"visibility":true},{"label":"Bordeauxfarbene Mikrofaser","price":"","price_type":"flat_fee","image":0,"visibility":true},{"label":"Blaue Mikrofaser","price":"","price_type":"flat_fee","image":0,"visibility":true},{"label":"Mikrofaser braun","price":"","price_type":"flat_fee","image":0,"visibility":true},{"label":"Mikrofaser beige","price":"","price_type":"flat_fee","image":0,"visibility":true},{"label":"Bronze Mikrofaser","price":"","price_type":"flat_fee","image":0,"visibility":true},{"label":"Baumwolle grau","price":"","price_type":"flat_fee","image":0,"visibility":true},{"label":"Beige Baumwolle","price":"","price_type":"flat_fee","image":0,"visibility":true}],"id":1730906730}],"yoast_head":"<!-- This site is optimized with the Yoast SEO plugin v26.7 - https:\/\/yoast.com\/wordpress\/plugins\/seo\/ -->\n<title>Emanuela Relax-Sessel mit 1 oder 2 Hubmotoren in verschiedenen Farben mit medizinischem Ger\u00e4t - Bagno Italia<\/title>\n<meta name=\"robots\" content=\"index, follow, max-snippet:-1, max-image-preview:large, max-video-preview:-1\" \/>\n<link rel=\"canonical\" href=\"https:\/\/www.bagnoitalia.com\/de\/produkt\/emanuela-relax-armchair-with-1-or-2-lift-motors-in-various-colours-with-medical-device.html\" \/>\n<meta property=\"og:locale\" content=\"de_DE\" \/>\n<meta property=\"og:type\" content=\"article\" \/>\n<meta property=\"og:title\" content=\"Emanuela Relax-Sessel mit 1 oder 2 Hubmotoren in verschiedenen Farben mit medizinischem Ger\u00e4t - Bagno Italia\" \/>\n<meta property=\"og:description\" content=\"Bequemer und moderner Sessel, verstellbar, erh\u00e4ltlich in 3 Bez\u00fcgen (Kunstleder, Mikrofaser oder Baumwolle) und 9 verschiedenen Farben. Mit medizinischer Vorrichtung. Auswahl zwischen zwei Typen: mit 1 Motor oder mit 2 Motoren.\" \/>\n<meta property=\"og:url\" content=\"https:\/\/www.bagnoitalia.com\/de\/produkt\/emanuela-relax-armchair-with-1-or-2-lift-motors-in-various-colours-with-medical-device.html\" \/>\n<meta property=\"og:site_name\" content=\"Bagno Italia\" \/>\n<meta property=\"article:modified_time\" content=\"2024-11-06T14:32:37+00:00\" \/>\n<meta property=\"og:image\" content=\"https:\/\/img.bagnoitalia.com\/wp-content\/uploads\/1-20.webp\" \/>\n\t<meta property=\"og:image:width\" content=\"1000\" \/>\n\t<meta property=\"og:image:height\" content=\"1000\" \/>\n\t<meta property=\"og:image:type\" content=\"image\/webp\" \/>\n<meta name=\"twitter:card\" content=\"summary_large_image\" \/>\n<meta name=\"twitter:label1\" content=\"Gesch\u00e4tzte Lesezeit\" \/>\n\t<meta name=\"twitter:data1\" content=\"2\u00a0Minuten\" \/>\n<script type=\"application\/ld+json\" class=\"yoast-schema-graph\">{\"@context\":\"https:\/\/schema.org\",\"@graph\":[{\"@type\":\"WebPage\",\"@id\":\"https:\/\/www.bagnoitalia.com\/de\/produkt\/emanuela-relax-armchair-with-1-or-2-lift-motors-in-various-colours-with-medical-device.html\",\"url\":\"https:\/\/www.bagnoitalia.com\/de\/produkt\/emanuela-relax-armchair-with-1-or-2-lift-motors-in-various-colours-with-medical-device.html\",\"name\":\"Emanuela Relax-Sessel mit 1 oder 2 Hubmotoren in verschiedenen Farben mit medizinischem Ger\u00e4t - Bagno Italia\",\"isPartOf\":{\"@id\":\"https:\/\/www.bagnoitalia.com\/de#website\"},\"primaryImageOfPage\":{\"@id\":\"https:\/\/www.bagnoitalia.com\/de\/produkt\/emanuela-relax-armchair-with-1-or-2-lift-motors-in-various-colours-with-medical-device.html#primaryimage\"},\"image\":{\"@id\":\"https:\/\/www.bagnoitalia.com\/de\/produkt\/emanuela-relax-armchair-with-1-or-2-lift-motors-in-various-colours-with-medical-device.html#primaryimage\"},\"thumbnailUrl\":\"https:\/\/img.bagnoitalia.com\/wp-content\/uploads\/1-20.webp\",\"datePublished\":\"2024-11-06T14:25:28+00:00\",\"dateModified\":\"2024-11-06T14:32:37+00:00\",\"breadcrumb\":{\"@id\":\"https:\/\/www.bagnoitalia.com\/de\/produkt\/emanuela-relax-armchair-with-1-or-2-lift-motors-in-various-colours-with-medical-device.html#breadcrumb\"},\"inLanguage\":\"de\",\"potentialAction\":[{\"@type\":\"ReadAction\",\"target\":[\"https:\/\/www.bagnoitalia.com\/de\/produkt\/emanuela-relax-armchair-with-1-or-2-lift-motors-in-various-colours-with-medical-device.html\"]}]},{\"@type\":\"ImageObject\",\"inLanguage\":\"de\",\"@id\":\"https:\/\/www.bagnoitalia.com\/de\/produkt\/emanuela-relax-armchair-with-1-or-2-lift-motors-in-various-colours-with-medical-device.html#primaryimage\",\"url\":\"https:\/\/img.bagnoitalia.com\/wp-content\/uploads\/1-20.webp\",\"contentUrl\":\"https:\/\/img.bagnoitalia.com\/wp-content\/uploads\/1-20.webp\",\"width\":1000,\"height\":1000},{\"@type\":\"BreadcrumbList\",\"@id\":\"https:\/\/www.bagnoitalia.com\/de\/produkt\/emanuela-relax-armchair-with-1-or-2-lift-motors-in-various-colours-with-medical-device.html#breadcrumb\",\"itemListElement\":[{\"@type\":\"ListItem\",\"position\":1,\"name\":\"Home\",\"item\":\"https:\/\/www.bagnoitalia.com\/de\"},{\"@type\":\"ListItem\",\"position\":2,\"name\":\"Produkte\",\"item\":\"https:\/\/www.bagnoitalia.com\/de\/shop\"},{\"@type\":\"ListItem\",\"position\":3,\"name\":\"Emanuela Relax-Sessel mit 1 oder 2 Hubmotoren in verschiedenen Farben mit medizinischem Ger\u00e4t\"}]},{\"@type\":\"WebSite\",\"@id\":\"https:\/\/www.bagnoitalia.com\/de#website\",\"url\":\"https:\/\/www.bagnoitalia.com\/de\",\"name\":\"Bagno Italia\",\"description\":\"\",\"publisher\":{\"@id\":\"https:\/\/www.bagnoitalia.com\/de#organization\"},\"potentialAction\":[{\"@type\":\"SearchAction\",\"target\":{\"@type\":\"EntryPoint\",\"urlTemplate\":\"https:\/\/www.bagnoitalia.com\/de?s={search_term_string}\"},\"query-input\":{\"@type\":\"PropertyValueSpecification\",\"valueRequired\":true,\"valueName\":\"search_term_string\"}}],\"inLanguage\":\"de\"},{\"@type\":\"Organization\",\"@id\":\"https:\/\/www.bagnoitalia.com\/de#organization\",\"name\":\"Bagno Italia\",\"url\":\"https:\/\/www.bagnoitalia.com\/de\",\"logo\":{\"@type\":\"ImageObject\",\"inLanguage\":\"de\",\"@id\":\"https:\/\/www.bagnoitalia.com\/de#\/schema\/logo\/image\/\",\"url\":\"https:\/\/img.bagnoitalia.com\/wp-content\/uploads\/logo-bagnoitalia.webp\",\"contentUrl\":\"https:\/\/img.bagnoitalia.com\/wp-content\/uploads\/logo-bagnoitalia.webp\",\"width\":400,\"height\":70,\"caption\":\"Bagno Italia\"},\"image\":{\"@id\":\"https:\/\/www.bagnoitalia.com\/de#\/schema\/logo\/image\/\"}}]}<\/script>\n<!-- \/ Yoast SEO plugin. -->","yoast_head_json":{"title":"Emanuela Relax-Sessel mit 1 oder 2 Hubmotoren in verschiedenen Farben mit medizinischem Ger\u00e4t - Bagno Italia","robots":{"index":"index","follow":"follow","max-snippet":"max-snippet:-1","max-image-preview":"max-image-preview:large","max-video-preview":"max-video-preview:-1"},"canonical":"https:\/\/www.bagnoitalia.com\/de\/produkt\/emanuela-relax-armchair-with-1-or-2-lift-motors-in-various-colours-with-medical-device.html","og_locale":"de_DE","og_type":"article","og_title":"Emanuela Relax-Sessel mit 1 oder 2 Hubmotoren in verschiedenen Farben mit medizinischem Ger\u00e4t - Bagno Italia","og_description":"Bequemer und moderner Sessel, verstellbar, erh\u00e4ltlich in 3 Bez\u00fcgen (Kunstleder, Mikrofaser oder Baumwolle) und 9 verschiedenen Farben. Mit medizinischer Vorrichtung. Auswahl zwischen zwei Typen: mit 1 Motor oder mit 2 Motoren.","og_url":"https:\/\/www.bagnoitalia.com\/de\/produkt\/emanuela-relax-armchair-with-1-or-2-lift-motors-in-various-colours-with-medical-device.html","og_site_name":"Bagno Italia","article_modified_time":"2024-11-06T14:32:37+00:00","og_image":[{"width":1000,"height":1000,"url":"https:\/\/img.bagnoitalia.com\/wp-content\/uploads\/1-20.webp","type":"image\/webp"}],"twitter_card":"summary_large_image","twitter_misc":{"Gesch\u00e4tzte Lesezeit":"2\u00a0Minuten"},"schema":{"@context":"https:\/\/schema.org","@graph":[{"@type":"WebPage","@id":"https:\/\/www.bagnoitalia.com\/de\/produkt\/emanuela-relax-armchair-with-1-or-2-lift-motors-in-various-colours-with-medical-device.html","url":"https:\/\/www.bagnoitalia.com\/de\/produkt\/emanuela-relax-armchair-with-1-or-2-lift-motors-in-various-colours-with-medical-device.html","name":"Emanuela Relax-Sessel mit 1 oder 2 Hubmotoren in verschiedenen Farben mit medizinischem Ger\u00e4t - Bagno Italia","isPartOf":{"@id":"https:\/\/www.bagnoitalia.com\/de#website"},"primaryImageOfPage":{"@id":"https:\/\/www.bagnoitalia.com\/de\/produkt\/emanuela-relax-armchair-with-1-or-2-lift-motors-in-various-colours-with-medical-device.html#primaryimage"},"image":{"@id":"https:\/\/www.bagnoitalia.com\/de\/produkt\/emanuela-relax-armchair-with-1-or-2-lift-motors-in-various-colours-with-medical-device.html#primaryimage"},"thumbnailUrl":"https:\/\/img.bagnoitalia.com\/wp-content\/uploads\/1-20.webp","datePublished":"2024-11-06T14:25:28+00:00","dateModified":"2024-11-06T14:32:37+00:00","breadcrumb":{"@id":"https:\/\/www.bagnoitalia.com\/de\/produkt\/emanuela-relax-armchair-with-1-or-2-lift-motors-in-various-colours-with-medical-device.html#breadcrumb"},"inLanguage":"de","potentialAction":[{"@type":"ReadAction","target":["https:\/\/www.bagnoitalia.com\/de\/produkt\/emanuela-relax-armchair-with-1-or-2-lift-motors-in-various-colours-with-medical-device.html"]}]},{"@type":"ImageObject","inLanguage":"de","@id":"https:\/\/www.bagnoitalia.com\/de\/produkt\/emanuela-relax-armchair-with-1-or-2-lift-motors-in-various-colours-with-medical-device.html#primaryimage","url":"https:\/\/img.bagnoitalia.com\/wp-content\/uploads\/1-20.webp","contentUrl":"https:\/\/img.bagnoitalia.com\/wp-content\/uploads\/1-20.webp","width":1000,"height":1000},{"@type":"BreadcrumbList","@id":"https:\/\/www.bagnoitalia.com\/de\/produkt\/emanuela-relax-armchair-with-1-or-2-lift-motors-in-various-colours-with-medical-device.html#breadcrumb","itemListElement":[{"@type":"ListItem","position":1,"name":"Home","item":"https:\/\/www.bagnoitalia.com\/de"},{"@type":"ListItem","position":2,"name":"Produkte","item":"https:\/\/www.bagnoitalia.com\/de\/shop"},{"@type":"ListItem","position":3,"name":"Emanuela Relax-Sessel mit 1 oder 2 Hubmotoren in verschiedenen Farben mit medizinischem Ger\u00e4t"}]},{"@type":"WebSite","@id":"https:\/\/www.bagnoitalia.com\/de#website","url":"https:\/\/www.bagnoitalia.com\/de","name":"Bagno Italia","description":"","publisher":{"@id":"https:\/\/www.bagnoitalia.com\/de#organization"},"potentialAction":[{"@type":"SearchAction","target":{"@type":"EntryPoint","urlTemplate":"https:\/\/www.bagnoitalia.com\/de?s={search_term_string}"},"query-input":{"@type":"PropertyValueSpecification","valueRequired":true,"valueName":"search_term_string"}}],"inLanguage":"de"},{"@type":"Organization","@id":"https:\/\/www.bagnoitalia.com\/de#organization","name":"Bagno Italia","url":"https:\/\/www.bagnoitalia.com\/de","logo":{"@type":"ImageObject","inLanguage":"de","@id":"https:\/\/www.bagnoitalia.com\/de#\/schema\/logo\/image\/","url":"https:\/\/img.bagnoitalia.com\/wp-content\/uploads\/logo-bagnoitalia.webp","contentUrl":"https:\/\/img.bagnoitalia.com\/wp-content\/uploads\/logo-bagnoitalia.webp","width":400,"height":70,"caption":"Bagno Italia"},"image":{"@id":"https:\/\/www.bagnoitalia.com\/de#\/schema\/logo\/image\/"}}]}},"_links":{"self":[{"href":"https:\/\/www.bagnoitalia.com\/de\/wp-json\/wp\/v2\/product\/94897","targetHints":{"allow":["GET"]}}],"collection":[{"href":"https:\/\/www.bagnoitalia.com\/de\/wp-json\/wp\/v2\/product"}],"about":[{"href":"https:\/\/www.bagnoitalia.com\/de\/wp-json\/wp\/v2\/types\/product"}],"replies":[{"embeddable":true,"href":"https:\/\/www.bagnoitalia.com\/de\/wp-json\/wp\/v2\/comments?post=94897"}],"version-history":[{"count":2,"href":"https:\/\/www.bagnoitalia.com\/de\/wp-json\/wp\/v2\/product\/94897\/revisions"}],"predecessor-version":[{"id":94900,"href":"https:\/\/www.bagnoitalia.com\/de\/wp-json\/wp\/v2\/product\/94897\/revisions\/94900"}],"wp:featuredmedia":[{"embeddable":true,"href":"https:\/\/www.bagnoitalia.com\/de\/wp-json\/wp\/v2\/media\/94868"}],"wp:attachment":[{"href":"https:\/\/www.bagnoitalia.com\/de\/wp-json\/wp\/v2\/media?parent=94897"}],"wp:term":[{"taxonomy":"product_brand","embeddable":true,"href":"https:\/\/www.bagnoitalia.com\/de\/wp-json\/wp\/v2\/product_brand?post=94897"},{"taxonomy":"product_cat","embeddable":true,"href":"https:\/\/www.bagnoitalia.com\/de\/wp-json\/wp\/v2\/product_cat?post=94897"},{"taxonomy":"product_tag","embeddable":true,"href":"https:\/\/www.bagnoitalia.com\/de\/wp-json\/wp\/v2\/product_tag?post=94897"}],"curies":[{"name":"wp","href":"https:\/\/api.w.org\/{rel}","templated":true}]}}