{"id":93900,"date":"2024-06-20T14:38:24","date_gmt":"2024-06-20T12:38:24","guid":{"rendered":"https:\/\/www.bagnoitalia.com\/product\/lola3-bathroom-cabinet-80-or-100-cm-2-drawers-in-various-colours-resin-washbasin-and-mirror"},"modified":"2025-11-14T16:25:31","modified_gmt":"2025-11-14T15:25:31","slug":"lola3-bathroom-cabinet-80-or-100-cm-2-drawers-in-various-colours-resin-washbasin-and-mirror","status":"publish","type":"product","link":"https:\/\/www.bagnoitalia.com\/de\/produkt\/lola3-bathroom-cabinet-80-or-100-cm-2-drawers-in-various-colours-resin-washbasin-and-mirror.html","title":{"rendered":"Lola3 Badezimmerschrank, 80 oder 100 cm, 2 Schubladen, in verschiedenen Farben, mit Waschbecken und Spiegel"},"content":{"rendered":"<p><strong><span dir=\"auto\">LOLA3 Badezimmerschrank 80 oder 100 cm<\/span><\/strong><\/p>\n<p>&nbsp;<\/p>\n<p>&nbsp;<\/p>\n<p><strong><span dir=\"auto\">EIGENSCHAFTEN:<\/span><\/strong><\/p>\n<p><span dir=\"auto\">Moderne, h\u00e4ngende Badezimmerm\u00f6bel in zwei Ausf\u00fchrungen erh\u00e4ltlich<\/span><\/p>\n<ul>\n<li><strong><span dir=\"auto\">80x45xH50 cm<\/span><\/strong><span dir=\"auto\">\u00a0(mit 70&#215;90 cm Spiegel)<\/span><\/li>\n<li><strong><span dir=\"auto\">100x45xH50 cm<\/span><\/strong><span dir=\"auto\">\u00a0(mit 70&#215;100 cm Spiegel)<\/span><\/li>\n<\/ul>\n<p><span dir=\"auto\">Waschtischunterschrank aus Schichtholz<\/span><\/p>\n<p><span dir=\"auto\">Verf\u00fcgbare Farben: Mattwei\u00df, Zuckerpapier, Zementgr\u00fcn, Anthrazit, Dunkelbraun, Goldbraun<\/span><\/p>\n<p><span dir=\"auto\">Hochglanzwei\u00dfes Keramikwaschbecken mit \u00dcberlaufloch und Hahnloch<\/span><\/p>\n<p><span dir=\"auto\">Der Sockel besteht aus zwei Schubladen mit Soft-Close-Funktion und \u00d6ffnungsmechanismus \u00fcber eine Nut.<\/span><\/p>\n<p><span dir=\"auto\">Wendbarer, b\u00fcndig montierter Spiegel im Lieferumfang enthalten<\/span><\/p>\n<p>&nbsp;<\/p>\n<p>&nbsp;<\/p>\n<p><span dir=\"auto\">ACHTUNG: Wasserh\u00e4hne, Abfluss und Wandleuchte sind nicht im Preis inbegriffen.<\/span><\/p>\n<p>&nbsp;<\/p>\n<p><span dir=\"auto\">Sie k\u00f6nnen die Komposition auch vervollst\u00e4ndigen, indem Sie (\u00fcber die Men\u00fcs oben) die Wandleuchte (mit verchromtem oder schwarzem Gestell) und\/oder eine\u00a0 wendbare\u00a0<\/span><strong><span dir=\"auto\">S\u00e4ule<\/span><\/strong><span dir=\"auto\">\u00a0\u00a0mit den Ma\u00dfen 30x30xH100 cm hinzuf\u00fcgen.<\/span><\/p>\n<p>&nbsp;<\/p>\n<p>&nbsp;<\/p>\n","protected":false},"excerpt":{"rendered":"<div class=\"woocommerce-product-details__short-description\">\n<p><span dir=\"auto\"><span class=\"VIpgJd-yAWNEb-VIpgJd-fmcmS-sn54Q\" dir=\"auto\">Modernes Badezimmerm\u00f6bel-Set in zwei Gr\u00f6\u00dfen erh\u00e4ltlich. Unterschrank mit zwei Schubladen, einem Waschbecken und einem Spiegel. Verf\u00fcgbar in den Farben Mattwei\u00df, Zuckerpapier, Betongr\u00fcn, Anthrazit, Dunkelbraun und Goldbraun.<\/span><\/span><\/p>\n<\/div>\n<div class=\"woocommerce-product-rating\"><\/div>\n","protected":false},"featured_media":114797,"comment_status":"open","ping_status":"closed","template":"","meta":[],"product_brand":[9883],"product_cat":[9720],"product_tag":[],"class_list":{"0":"post-93900","1":"product","2":"type-product","3":"status-publish","4":"has-post-thumbnail","6":"product_brand-deghi-de","7":"product_cat-badmobel-von-71-bis-100-cm-moderne-mobel","9":"first","10":"instock","11":"sale","12":"taxable","13":"shipping-taxable","14":"purchasable","15":"product-type-simple"},"exclude_global_add_ons":false,"addons":[{"name":"Typ","type":"multiple_choice","position":0,"required":false,"title_format":"label","default":"","description_enable":false,"description":"","placeholder_enable":false,"placeholder":"","display":"select","restrictions_type":"any_text","adjust_price":false,"price":"","price_type":"flat_fee","restrictions":false,"min":"0","max":"0","options":[{"label":"80 cm zuckerpapier","price":"","price_type":"flat_fee","image":0,"visibility":true},{"label":"80 cm Mattwei\u00df","price":"","price_type":"flat_fee","image":0,"visibility":true},{"label":"80 cm Betongr\u00fcn","price":"","price_type":"flat_fee","image":0,"visibility":true},{"label":"80 cm Anthrazit","price":"","price_type":"flat_fee","image":0,"visibility":true},{"label":"80 cm Dunkelbraun","price":"","price_type":"flat_fee","image":0,"visibility":true},{"label":"80 cm Goldbraun","price":"","price_type":"flat_fee","image":0,"visibility":true},{"label":"100 cm zuckerpapier","price":"100","price_type":"flat_fee","image":0,"visibility":true},{"label":"100 cm Mattwei\u00df","price":"100","price_type":"flat_fee","image":0,"visibility":true},{"label":"100 cm Betongr\u00fcn","price":"100","price_type":"flat_fee","image":0,"visibility":true},{"label":"100 cm Anthrazit","price":"100","price_type":"flat_fee","image":0,"visibility":true},{"label":"100 cm Dunkelbraun","price":"100","price_type":"flat_fee","image":0,"visibility":true},{"label":"100 cm Goldbraun","price":"100","price_type":"flat_fee","image":0,"visibility":true}],"id":1718894306},{"name":"S\u00e4ule","type":"multiple_choice","position":1,"required":false,"title_format":"label","default":"","description_enable":false,"description":"","placeholder_enable":false,"placeholder":"","display":"select","restrictions_type":"any_text","adjust_price":false,"price":"","price_type":"flat_fee","restrictions":false,"min":"0","max":"0","options":[{"label":"nein","price":"","price_type":"flat_fee","image":0,"visibility":true},{"label":"1 S\u00e4ule von 30x30xH100 cm","price":"220","price_type":"flat_fee","image":0,"visibility":true}],"id":1718894308},{"name":"Applique","type":"multiple_choice","position":2,"required":false,"title_format":"label","default":"","description_enable":false,"description":"","placeholder_enable":false,"placeholder":"","display":"select","restrictions_type":"any_text","adjust_price":false,"price":"","price_type":"flat_fee","restrictions":false,"min":"0","max":"0","options":[{"label":"Nein","price":"","price_type":"flat_fee","image":0,"visibility":true},{"label":"Led Strahler Chrom","price":"20","price_type":"flat_fee","image":0,"visibility":true},{"label":"Led Spotlight Matt Schwarz","price":"25","price_type":"flat_fee","image":0,"visibility":true}],"id":1718894309}],"yoast_head":"<!-- This site is optimized with the Yoast SEO plugin v26.7 - https:\/\/yoast.com\/wordpress\/plugins\/seo\/ -->\n<title>Lola3 Badezimmerschrank, 80 oder 100 cm, 2 Schubladen, in verschiedenen Farben, mit Waschbecken und Spiegel - Bagno Italia<\/title>\n<meta name=\"robots\" content=\"index, follow, max-snippet:-1, max-image-preview:large, max-video-preview:-1\" \/>\n<link rel=\"canonical\" href=\"https:\/\/www.bagnoitalia.com\/de\/produkt\/lola3-bathroom-cabinet-80-or-100-cm-2-drawers-in-various-colours-resin-washbasin-and-mirror.html\" \/>\n<meta property=\"og:locale\" content=\"de_DE\" \/>\n<meta property=\"og:type\" content=\"article\" \/>\n<meta property=\"og:title\" content=\"Lola3 Badezimmerschrank, 80 oder 100 cm, 2 Schubladen, in verschiedenen Farben, mit Waschbecken und Spiegel - Bagno Italia\" \/>\n<meta property=\"og:description\" content=\"Modernes Badezimmerm\u00f6bel-Set in zwei Gr\u00f6\u00dfen erh\u00e4ltlich. Unterschrank mit zwei Schubladen, einem Waschbecken und einem Spiegel. Verf\u00fcgbar in den Farben Mattwei\u00df, Zuckerpapier, Betongr\u00fcn, Anthrazit, Dunkelbraun und Goldbraun.\" \/>\n<meta property=\"og:url\" content=\"https:\/\/www.bagnoitalia.com\/de\/produkt\/lola3-bathroom-cabinet-80-or-100-cm-2-drawers-in-various-colours-resin-washbasin-and-mirror.html\" \/>\n<meta property=\"og:site_name\" content=\"Bagno Italia\" \/>\n<meta property=\"article:modified_time\" content=\"2025-11-14T15:25:31+00:00\" \/>\n<meta property=\"og:image\" content=\"https:\/\/img.bagnoitalia.com\/wp-content\/uploads\/mobile-bagno-lola-sospeso-80-100-colori.jpg\" \/>\n\t<meta property=\"og:image:width\" content=\"1000\" \/>\n\t<meta property=\"og:image:height\" content=\"1000\" \/>\n\t<meta property=\"og:image:type\" content=\"image\/jpeg\" \/>\n<meta name=\"twitter:card\" content=\"summary_large_image\" \/>\n<meta name=\"twitter:label1\" content=\"Gesch\u00e4tzte Lesezeit\" \/>\n\t<meta name=\"twitter:data1\" content=\"1\u00a0Minute\" \/>\n<script type=\"application\/ld+json\" class=\"yoast-schema-graph\">{\"@context\":\"https:\/\/schema.org\",\"@graph\":[{\"@type\":\"WebPage\",\"@id\":\"https:\/\/www.bagnoitalia.com\/de\/produkt\/lola3-bathroom-cabinet-80-or-100-cm-2-drawers-in-various-colours-resin-washbasin-and-mirror.html\",\"url\":\"https:\/\/www.bagnoitalia.com\/de\/produkt\/lola3-bathroom-cabinet-80-or-100-cm-2-drawers-in-various-colours-resin-washbasin-and-mirror.html\",\"name\":\"Lola3 Badezimmerschrank, 80 oder 100 cm, 2 Schubladen, in verschiedenen Farben, mit Waschbecken und Spiegel - Bagno Italia\",\"isPartOf\":{\"@id\":\"https:\/\/www.bagnoitalia.com\/de#website\"},\"primaryImageOfPage\":{\"@id\":\"https:\/\/www.bagnoitalia.com\/de\/produkt\/lola3-bathroom-cabinet-80-or-100-cm-2-drawers-in-various-colours-resin-washbasin-and-mirror.html#primaryimage\"},\"image\":{\"@id\":\"https:\/\/www.bagnoitalia.com\/de\/produkt\/lola3-bathroom-cabinet-80-or-100-cm-2-drawers-in-various-colours-resin-washbasin-and-mirror.html#primaryimage\"},\"thumbnailUrl\":\"https:\/\/img.bagnoitalia.com\/wp-content\/uploads\/mobile-bagno-lola-sospeso-80-100-colori.jpg\",\"datePublished\":\"2024-06-20T12:38:24+00:00\",\"dateModified\":\"2025-11-14T15:25:31+00:00\",\"breadcrumb\":{\"@id\":\"https:\/\/www.bagnoitalia.com\/de\/produkt\/lola3-bathroom-cabinet-80-or-100-cm-2-drawers-in-various-colours-resin-washbasin-and-mirror.html#breadcrumb\"},\"inLanguage\":\"de\",\"potentialAction\":[{\"@type\":\"ReadAction\",\"target\":[\"https:\/\/www.bagnoitalia.com\/de\/produkt\/lola3-bathroom-cabinet-80-or-100-cm-2-drawers-in-various-colours-resin-washbasin-and-mirror.html\"]}]},{\"@type\":\"ImageObject\",\"inLanguage\":\"de\",\"@id\":\"https:\/\/www.bagnoitalia.com\/de\/produkt\/lola3-bathroom-cabinet-80-or-100-cm-2-drawers-in-various-colours-resin-washbasin-and-mirror.html#primaryimage\",\"url\":\"https:\/\/img.bagnoitalia.com\/wp-content\/uploads\/mobile-bagno-lola-sospeso-80-100-colori.jpg\",\"contentUrl\":\"https:\/\/img.bagnoitalia.com\/wp-content\/uploads\/mobile-bagno-lola-sospeso-80-100-colori.jpg\",\"width\":1000,\"height\":1000},{\"@type\":\"BreadcrumbList\",\"@id\":\"https:\/\/www.bagnoitalia.com\/de\/produkt\/lola3-bathroom-cabinet-80-or-100-cm-2-drawers-in-various-colours-resin-washbasin-and-mirror.html#breadcrumb\",\"itemListElement\":[{\"@type\":\"ListItem\",\"position\":1,\"name\":\"Home\",\"item\":\"https:\/\/www.bagnoitalia.com\/de\"},{\"@type\":\"ListItem\",\"position\":2,\"name\":\"Produkte\",\"item\":\"https:\/\/www.bagnoitalia.com\/de\/shop\"},{\"@type\":\"ListItem\",\"position\":3,\"name\":\"Lola3 Badezimmerschrank, 80 oder 100 cm, 2 Schubladen, in verschiedenen Farben, mit Waschbecken und Spiegel\"}]},{\"@type\":\"WebSite\",\"@id\":\"https:\/\/www.bagnoitalia.com\/de#website\",\"url\":\"https:\/\/www.bagnoitalia.com\/de\",\"name\":\"Bagno Italia\",\"description\":\"\",\"publisher\":{\"@id\":\"https:\/\/www.bagnoitalia.com\/de#organization\"},\"potentialAction\":[{\"@type\":\"SearchAction\",\"target\":{\"@type\":\"EntryPoint\",\"urlTemplate\":\"https:\/\/www.bagnoitalia.com\/de?s={search_term_string}\"},\"query-input\":{\"@type\":\"PropertyValueSpecification\",\"valueRequired\":true,\"valueName\":\"search_term_string\"}}],\"inLanguage\":\"de\"},{\"@type\":\"Organization\",\"@id\":\"https:\/\/www.bagnoitalia.com\/de#organization\",\"name\":\"Bagno Italia\",\"url\":\"https:\/\/www.bagnoitalia.com\/de\",\"logo\":{\"@type\":\"ImageObject\",\"inLanguage\":\"de\",\"@id\":\"https:\/\/www.bagnoitalia.com\/de#\/schema\/logo\/image\/\",\"url\":\"https:\/\/img.bagnoitalia.com\/wp-content\/uploads\/logo-bagnoitalia.webp\",\"contentUrl\":\"https:\/\/img.bagnoitalia.com\/wp-content\/uploads\/logo-bagnoitalia.webp\",\"width\":400,\"height\":70,\"caption\":\"Bagno Italia\"},\"image\":{\"@id\":\"https:\/\/www.bagnoitalia.com\/de#\/schema\/logo\/image\/\"}}]}<\/script>\n<!-- \/ Yoast SEO plugin. -->","yoast_head_json":{"title":"Lola3 Badezimmerschrank, 80 oder 100 cm, 2 Schubladen, in verschiedenen Farben, mit Waschbecken und Spiegel - Bagno Italia","robots":{"index":"index","follow":"follow","max-snippet":"max-snippet:-1","max-image-preview":"max-image-preview:large","max-video-preview":"max-video-preview:-1"},"canonical":"https:\/\/www.bagnoitalia.com\/de\/produkt\/lola3-bathroom-cabinet-80-or-100-cm-2-drawers-in-various-colours-resin-washbasin-and-mirror.html","og_locale":"de_DE","og_type":"article","og_title":"Lola3 Badezimmerschrank, 80 oder 100 cm, 2 Schubladen, in verschiedenen Farben, mit Waschbecken und Spiegel - Bagno Italia","og_description":"Modernes Badezimmerm\u00f6bel-Set in zwei Gr\u00f6\u00dfen erh\u00e4ltlich. Unterschrank mit zwei Schubladen, einem Waschbecken und einem Spiegel. Verf\u00fcgbar in den Farben Mattwei\u00df, Zuckerpapier, Betongr\u00fcn, Anthrazit, Dunkelbraun und Goldbraun.","og_url":"https:\/\/www.bagnoitalia.com\/de\/produkt\/lola3-bathroom-cabinet-80-or-100-cm-2-drawers-in-various-colours-resin-washbasin-and-mirror.html","og_site_name":"Bagno Italia","article_modified_time":"2025-11-14T15:25:31+00:00","og_image":[{"width":1000,"height":1000,"url":"https:\/\/img.bagnoitalia.com\/wp-content\/uploads\/mobile-bagno-lola-sospeso-80-100-colori.jpg","type":"image\/jpeg"}],"twitter_card":"summary_large_image","twitter_misc":{"Gesch\u00e4tzte Lesezeit":"1\u00a0Minute"},"schema":{"@context":"https:\/\/schema.org","@graph":[{"@type":"WebPage","@id":"https:\/\/www.bagnoitalia.com\/de\/produkt\/lola3-bathroom-cabinet-80-or-100-cm-2-drawers-in-various-colours-resin-washbasin-and-mirror.html","url":"https:\/\/www.bagnoitalia.com\/de\/produkt\/lola3-bathroom-cabinet-80-or-100-cm-2-drawers-in-various-colours-resin-washbasin-and-mirror.html","name":"Lola3 Badezimmerschrank, 80 oder 100 cm, 2 Schubladen, in verschiedenen Farben, mit Waschbecken und Spiegel - Bagno Italia","isPartOf":{"@id":"https:\/\/www.bagnoitalia.com\/de#website"},"primaryImageOfPage":{"@id":"https:\/\/www.bagnoitalia.com\/de\/produkt\/lola3-bathroom-cabinet-80-or-100-cm-2-drawers-in-various-colours-resin-washbasin-and-mirror.html#primaryimage"},"image":{"@id":"https:\/\/www.bagnoitalia.com\/de\/produkt\/lola3-bathroom-cabinet-80-or-100-cm-2-drawers-in-various-colours-resin-washbasin-and-mirror.html#primaryimage"},"thumbnailUrl":"https:\/\/img.bagnoitalia.com\/wp-content\/uploads\/mobile-bagno-lola-sospeso-80-100-colori.jpg","datePublished":"2024-06-20T12:38:24+00:00","dateModified":"2025-11-14T15:25:31+00:00","breadcrumb":{"@id":"https:\/\/www.bagnoitalia.com\/de\/produkt\/lola3-bathroom-cabinet-80-or-100-cm-2-drawers-in-various-colours-resin-washbasin-and-mirror.html#breadcrumb"},"inLanguage":"de","potentialAction":[{"@type":"ReadAction","target":["https:\/\/www.bagnoitalia.com\/de\/produkt\/lola3-bathroom-cabinet-80-or-100-cm-2-drawers-in-various-colours-resin-washbasin-and-mirror.html"]}]},{"@type":"ImageObject","inLanguage":"de","@id":"https:\/\/www.bagnoitalia.com\/de\/produkt\/lola3-bathroom-cabinet-80-or-100-cm-2-drawers-in-various-colours-resin-washbasin-and-mirror.html#primaryimage","url":"https:\/\/img.bagnoitalia.com\/wp-content\/uploads\/mobile-bagno-lola-sospeso-80-100-colori.jpg","contentUrl":"https:\/\/img.bagnoitalia.com\/wp-content\/uploads\/mobile-bagno-lola-sospeso-80-100-colori.jpg","width":1000,"height":1000},{"@type":"BreadcrumbList","@id":"https:\/\/www.bagnoitalia.com\/de\/produkt\/lola3-bathroom-cabinet-80-or-100-cm-2-drawers-in-various-colours-resin-washbasin-and-mirror.html#breadcrumb","itemListElement":[{"@type":"ListItem","position":1,"name":"Home","item":"https:\/\/www.bagnoitalia.com\/de"},{"@type":"ListItem","position":2,"name":"Produkte","item":"https:\/\/www.bagnoitalia.com\/de\/shop"},{"@type":"ListItem","position":3,"name":"Lola3 Badezimmerschrank, 80 oder 100 cm, 2 Schubladen, in verschiedenen Farben, mit Waschbecken und Spiegel"}]},{"@type":"WebSite","@id":"https:\/\/www.bagnoitalia.com\/de#website","url":"https:\/\/www.bagnoitalia.com\/de","name":"Bagno Italia","description":"","publisher":{"@id":"https:\/\/www.bagnoitalia.com\/de#organization"},"potentialAction":[{"@type":"SearchAction","target":{"@type":"EntryPoint","urlTemplate":"https:\/\/www.bagnoitalia.com\/de?s={search_term_string}"},"query-input":{"@type":"PropertyValueSpecification","valueRequired":true,"valueName":"search_term_string"}}],"inLanguage":"de"},{"@type":"Organization","@id":"https:\/\/www.bagnoitalia.com\/de#organization","name":"Bagno Italia","url":"https:\/\/www.bagnoitalia.com\/de","logo":{"@type":"ImageObject","inLanguage":"de","@id":"https:\/\/www.bagnoitalia.com\/de#\/schema\/logo\/image\/","url":"https:\/\/img.bagnoitalia.com\/wp-content\/uploads\/logo-bagnoitalia.webp","contentUrl":"https:\/\/img.bagnoitalia.com\/wp-content\/uploads\/logo-bagnoitalia.webp","width":400,"height":70,"caption":"Bagno Italia"},"image":{"@id":"https:\/\/www.bagnoitalia.com\/de#\/schema\/logo\/image\/"}}]}},"_links":{"self":[{"href":"https:\/\/www.bagnoitalia.com\/de\/wp-json\/wp\/v2\/product\/93900","targetHints":{"allow":["GET"]}}],"collection":[{"href":"https:\/\/www.bagnoitalia.com\/de\/wp-json\/wp\/v2\/product"}],"about":[{"href":"https:\/\/www.bagnoitalia.com\/de\/wp-json\/wp\/v2\/types\/product"}],"replies":[{"embeddable":true,"href":"https:\/\/www.bagnoitalia.com\/de\/wp-json\/wp\/v2\/comments?post=93900"}],"version-history":[{"count":7,"href":"https:\/\/www.bagnoitalia.com\/de\/wp-json\/wp\/v2\/product\/93900\/revisions"}],"predecessor-version":[{"id":114862,"href":"https:\/\/www.bagnoitalia.com\/de\/wp-json\/wp\/v2\/product\/93900\/revisions\/114862"}],"wp:featuredmedia":[{"embeddable":true,"href":"https:\/\/www.bagnoitalia.com\/de\/wp-json\/wp\/v2\/media\/114797"}],"wp:attachment":[{"href":"https:\/\/www.bagnoitalia.com\/de\/wp-json\/wp\/v2\/media?parent=93900"}],"wp:term":[{"taxonomy":"product_brand","embeddable":true,"href":"https:\/\/www.bagnoitalia.com\/de\/wp-json\/wp\/v2\/product_brand?post=93900"},{"taxonomy":"product_cat","embeddable":true,"href":"https:\/\/www.bagnoitalia.com\/de\/wp-json\/wp\/v2\/product_cat?post=93900"},{"taxonomy":"product_tag","embeddable":true,"href":"https:\/\/www.bagnoitalia.com\/de\/wp-json\/wp\/v2\/product_tag?post=93900"}],"curies":[{"name":"wp","href":"https:\/\/api.w.org\/{rel}","templated":true}]}}