{"id":93891,"date":"2024-06-20T14:49:33","date_gmt":"2024-06-20T12:49:33","guid":{"rendered":"https:\/\/www.bagnoitalia.com\/product\/jacob-vanity-unit-60-80-or-100-cm-basin-base-with-drawer-in-various-colours-and-mirror"},"modified":"2025-03-12T15:31:16","modified_gmt":"2025-03-12T14:31:16","slug":"jacob-vanity-unit-60-80-or-100-cm-basin-base-with-drawer-in-various-colours-and-mirror","status":"publish","type":"product","link":"https:\/\/www.bagnoitalia.com\/de\/produkt\/jacob-vanity-unit-60-80-or-100-cm-basin-base-with-drawer-in-various-colours-and-mirror.html","title":{"rendered":"Jacob Waschtischunterbau 60, 80 oder 100 cm mit Schublade in verschiedenen Farben und Spiegel"},"content":{"rendered":"<p>Modell \u201eJACOB\u201c WASCHBECKENHALTERBASIS<\/p>\n<p>&nbsp;<\/p>\n<p>&nbsp;<\/p>\n<p>&nbsp;<\/p>\n<p>&nbsp;<\/p>\n<p>TYPEN und ABMESSUNGEN<\/p>\n<p>&nbsp;<\/p>\n<p>Benutzen Sie das Men\u00fc oben, um die gew\u00fcnschte L\u00e4nge und Farbe aus den folgenden Optionen auszuw\u00e4hlen:<\/p>\n<p>&nbsp;<\/p>\n<p>Struktur 60 cm, wei\u00df, Front Nussbaum, mit Spiegel 60&#215;75 cm<\/p>\n<p>60 cm mit wei\u00dfer Struktur und Eichenfront, mit Spiegel 60&#215;75 cm<\/p>\n<p>Struktur 60 cm anthrazit und Front Nussbaum, mit Spiegel 60&#215;75 cm<\/p>\n<p>60 cm anthrazit Struktur und Eichenfront, mit Spiegel 70&#215;80 cm<\/p>\n<p>60 cm Struktur taubengrau Steinoptik und Front Eiche, mit Spiegel 60&#215;75 cm<\/p>\n<p>80 cm Struktur anthrazit und Front Eiche, mit Spiegel 70&#215;80 cm<\/p>\n<p>80 cm Struktur anthrazit und Front Nussbaum, mit Spiegel 70&#215;80 cm<\/p>\n<p>80 cm Struktur wei\u00df und Front Eiche, mit Spiegel 70&#215;80 cm<\/p>\n<p>80 cm mit wei\u00dfer Struktur und Nussbaumfront, mit Spiegel 70&#215;80 cm<\/p>\n<p>80 cm Struktur in Steinoptik taubengrau und Eichenfront, mit Spiegel 70&#215;80 cm<\/p>\n<p>100 cm Struktur anthrazit und Nussbaumfront, mit Spiegel 70&#215;100 cm<\/p>\n<p>100 cm mit wei\u00dfer Struktur und Nussbaumfront, mit Spiegel 70&#215;100 cm<\/p>\n<p>100 cm mit wei\u00dfer Struktur und Eichenfront, mit Spiegel 70&#215;100 cm<\/p>\n<p>100 cm anthrazit Struktur und Eichenfront, mit Spiegel 70&#215;100 cm<\/p>\n<p>100 cm Struktur taubengrau Steinoptik und Eichenfront, mit Spiegel 70&#215;90 cm<\/p>\n<p>&nbsp;<\/p>\n<p>Tiefe des Schranks: 46 cm<\/p>\n<p>H\u00f6he des Schranks: 41,8 cm<\/p>\n<p>&nbsp;<\/p>\n<p>ACHTUNG: Waschbecken und Armaturen NICHT im Preis enthalten<\/p>\n<p>&nbsp;<\/p>\n<p>Klicken Sie hier, um passende Aufsatzwaschtische zu sehen<\/p>\n<p>&nbsp;<\/p>\n<p>MEHR DETAILS<\/p>\n<p>&nbsp;<\/p>\n<p>Modernes Badm\u00f6bel, geeignet f\u00fcr Aufsatzwaschtische<\/p>\n<p>Aufgeh\u00e4ngte Installation<\/p>\n<p>Hergestellt aus MDF-Holz<\/p>\n<p>Mit einer grifflosen Schublade (Rillen\u00f6ffnung), Soft-Close<\/p>\n<p>Mit einem wendbaren Filolucido-Spiegel (Wandleuchte nicht im Preis inbegriffen, kann \u00fcber das Dropdown-Men\u00fc oben hinzugef\u00fcgt werden)<\/p>\n<p>&nbsp;<\/p>\n<p>&nbsp;<\/p>\n<p>&nbsp;<\/p>\n<p>&nbsp;<\/p>\n<p>&nbsp;<\/p>\n<p>&nbsp;<\/p>\n<p>&nbsp;<\/p>\n<p>&nbsp;<\/p>\n<p>&nbsp;<\/p>\n<p>&nbsp;<\/p>\n<p>&nbsp;<\/p>\n<p>&nbsp;<\/p>\n<p>&nbsp;<\/p>\n<p>&nbsp;<\/p>\n<p>&nbsp;<\/p>\n<p>&nbsp;<\/p>\n<p>&nbsp;<\/p>\n<p>&nbsp;<\/p>\n<p>&nbsp;<\/p>\n<p>&nbsp;<\/p>\n<p>&nbsp;<\/p>\n<p>&nbsp;<\/p>\n<p>&nbsp;<\/p>\n<p>&nbsp;<\/p>\n<p>Julia<\/p>\n<p>&nbsp;<\/p>\n<p>&nbsp;<\/p>\n","protected":false},"excerpt":{"rendered":"<p>H\u00e4ngem\u00f6bel f\u00fcr Aufsatzwaschtische, in 3 Gr\u00f6\u00dfen, mit Spiegel im Preis inbegriffen. Zweifarbig, der Rahmen ist in Wei\u00df oder Anthrazit erh\u00e4ltlich und die Schubladenfront ist in Nussbaum oder Eiche erh\u00e4ltlich.<\/p>\n","protected":false},"featured_media":91162,"comment_status":"open","ping_status":"closed","template":"","meta":[],"product_brand":[9884],"product_cat":[9716,9720],"product_tag":[],"class_list":{"0":"post-93891","1":"product","2":"type-product","3":"status-publish","4":"has-post-thumbnail","6":"product_brand-deghi-es","7":"product_cat-badmobel-von-40-bis-70-cm-moderne-mobel","8":"product_cat-badmobel-von-71-bis-100-cm-moderne-mobel","10":"first","11":"instock","12":"sale","13":"taxable","14":"shipping-taxable","15":"purchasable","16":"product-type-simple"},"exclude_global_add_ons":false,"addons":[{"name":"Typ","type":"multiple_choice","position":0,"required":false,"title_format":"label","default":"","description_enable":false,"description":"","placeholder_enable":false,"placeholder":"","display":"select","restrictions_type":"any_text","adjust_price":false,"price":"","price_type":"flat_fee","restrictions":false,"min":"0","max":"0","options":[{"label":"60 cm anthrazit und Eiche Front","price":"","price_type":"flat_fee","image":0,"visibility":true},{"label":"(Nicht verf\u00fcgbar)60 cm Front in Wei\u00df und Nussbaum","price":"","price_type":"flat_fee","image":0,"visibility":true},{"label":"(Nicht verf\u00fcgbar)60 cm wei\u00df und Eiche Front","price":"","price_type":"flat_fee","image":0,"visibility":true},{"label":"(Nicht verf\u00fcgbar)60 cm anthrazit und Nussbaum-Front","price":"","price_type":"flat_fee","image":0,"visibility":true},{"label":"(Nicht verf\u00fcgbar)60 cm Front in Steinoptik taubengrau und Eiche","price":"20","price_type":"flat_fee","image":0,"visibility":true},{"label":"(Nicht verf\u00fcgbar)80 cm Front in Wei\u00df und Nussbaum","price":"60","price_type":"flat_fee","image":0,"visibility":true},{"label":"(Nicht verf\u00fcgbar)80 cm Front in Wei\u00df und Eiche","price":"60","price_type":"flat_fee","image":0,"visibility":true},{"label":"(Nicht verf\u00fcgbar)Front 80 cm Anthrazit und Nussbaum","price":"60","price_type":"flat_fee","image":0,"visibility":true},{"label":"(Nicht verf\u00fcgbar)Front 80 cm anthrazit und Eiche","price":"60","price_type":"flat_fee","image":0,"visibility":true},{"label":"(Nicht verf\u00fcgbar)80 cm Front in Steinoptik taubengrau und Eiche","price":"80","price_type":"flat_fee","image":0,"visibility":true},{"label":"(Nicht verf\u00fcgbar)100 cm Front in Wei\u00df und Nussbaum","price":"120","price_type":"flat_fee","image":0,"visibility":true},{"label":"(Nicht verf\u00fcgbar)100 cm Front in Wei\u00df und Eiche","price":"120","price_type":"flat_fee","image":0,"visibility":true},{"label":"(Nicht verf\u00fcgbar)Front 100 cm Anthrazit und Nussbaum","price":"120","price_type":"flat_fee","image":0,"visibility":true},{"label":"(Nicht verf\u00fcgbar)Front 100 cm anthrazit und Eiche","price":"120","price_type":"flat_fee","image":0,"visibility":true},{"label":"(Nicht verf\u00fcgbar)100 cm Front in Steinoptik taubengrau und Eiche","price":"130","price_type":"flat_fee","image":0,"visibility":true}],"id":1718894974},{"name":"Applique","type":"multiple_choice","position":1,"required":false,"title_format":"label","default":"","description_enable":false,"description":"","placeholder_enable":false,"placeholder":"","display":"select","restrictions_type":"any_text","adjust_price":false,"price":"","price_type":"flat_fee","restrictions":false,"min":"0","max":"0","options":[{"label":"nein","price":"","price_type":"flat_fee","image":0,"visibility":true},{"label":"Led-Strahler Chrom","price":"20","price_type":"flat_fee","image":0,"visibility":true},{"label":"Led Spotlight Mattschwarz","price":"25","price_type":"flat_fee","image":0,"visibility":true}],"id":1718894975}],"yoast_head":"<!-- This site is optimized with the Yoast SEO plugin v26.7 - https:\/\/yoast.com\/wordpress\/plugins\/seo\/ -->\n<title>Jacob Waschtischunterbau 60, 80 oder 100 cm mit Schublade in verschiedenen Farben und Spiegel - Bagno Italia<\/title>\n<meta name=\"robots\" content=\"index, follow, max-snippet:-1, max-image-preview:large, max-video-preview:-1\" \/>\n<link rel=\"canonical\" href=\"https:\/\/www.bagnoitalia.com\/de\/produkt\/jacob-vanity-unit-60-80-or-100-cm-basin-base-with-drawer-in-various-colours-and-mirror.html\" \/>\n<meta property=\"og:locale\" content=\"de_DE\" \/>\n<meta property=\"og:type\" content=\"article\" \/>\n<meta property=\"og:title\" content=\"Jacob Waschtischunterbau 60, 80 oder 100 cm mit Schublade in verschiedenen Farben und Spiegel - Bagno Italia\" \/>\n<meta property=\"og:description\" content=\"H\u00e4ngem\u00f6bel f\u00fcr Aufsatzwaschtische, in 3 Gr\u00f6\u00dfen, mit Spiegel im Preis inbegriffen. Zweifarbig, der Rahmen ist in Wei\u00df oder Anthrazit erh\u00e4ltlich und die Schubladenfront ist in Nussbaum oder Eiche erh\u00e4ltlich.\" \/>\n<meta property=\"og:url\" content=\"https:\/\/www.bagnoitalia.com\/de\/produkt\/jacob-vanity-unit-60-80-or-100-cm-basin-base-with-drawer-in-various-colours-and-mirror.html\" \/>\n<meta property=\"og:site_name\" content=\"Bagno Italia\" \/>\n<meta property=\"article:modified_time\" content=\"2025-03-12T14:31:16+00:00\" \/>\n<meta property=\"og:image\" content=\"https:\/\/img.bagnoitalia.com\/wp-content\/uploads\/base-porta-lavabo-misure-colori-1.webp\" \/>\n\t<meta property=\"og:image:width\" content=\"550\" \/>\n\t<meta property=\"og:image:height\" content=\"550\" \/>\n\t<meta property=\"og:image:type\" content=\"image\/webp\" \/>\n<meta name=\"twitter:card\" content=\"summary_large_image\" \/>\n<meta name=\"twitter:label1\" content=\"Gesch\u00e4tzte Lesezeit\" \/>\n\t<meta name=\"twitter:data1\" content=\"2\u00a0Minuten\" \/>\n<script type=\"application\/ld+json\" class=\"yoast-schema-graph\">{\"@context\":\"https:\/\/schema.org\",\"@graph\":[{\"@type\":\"WebPage\",\"@id\":\"https:\/\/www.bagnoitalia.com\/de\/produkt\/jacob-vanity-unit-60-80-or-100-cm-basin-base-with-drawer-in-various-colours-and-mirror.html\",\"url\":\"https:\/\/www.bagnoitalia.com\/de\/produkt\/jacob-vanity-unit-60-80-or-100-cm-basin-base-with-drawer-in-various-colours-and-mirror.html\",\"name\":\"Jacob Waschtischunterbau 60, 80 oder 100 cm mit Schublade in verschiedenen Farben und Spiegel - Bagno Italia\",\"isPartOf\":{\"@id\":\"https:\/\/www.bagnoitalia.com\/de#website\"},\"primaryImageOfPage\":{\"@id\":\"https:\/\/www.bagnoitalia.com\/de\/produkt\/jacob-vanity-unit-60-80-or-100-cm-basin-base-with-drawer-in-various-colours-and-mirror.html#primaryimage\"},\"image\":{\"@id\":\"https:\/\/www.bagnoitalia.com\/de\/produkt\/jacob-vanity-unit-60-80-or-100-cm-basin-base-with-drawer-in-various-colours-and-mirror.html#primaryimage\"},\"thumbnailUrl\":\"https:\/\/img.bagnoitalia.com\/wp-content\/uploads\/base-porta-lavabo-misure-colori-1.webp\",\"datePublished\":\"2024-06-20T12:49:33+00:00\",\"dateModified\":\"2025-03-12T14:31:16+00:00\",\"breadcrumb\":{\"@id\":\"https:\/\/www.bagnoitalia.com\/de\/produkt\/jacob-vanity-unit-60-80-or-100-cm-basin-base-with-drawer-in-various-colours-and-mirror.html#breadcrumb\"},\"inLanguage\":\"de\",\"potentialAction\":[{\"@type\":\"ReadAction\",\"target\":[\"https:\/\/www.bagnoitalia.com\/de\/produkt\/jacob-vanity-unit-60-80-or-100-cm-basin-base-with-drawer-in-various-colours-and-mirror.html\"]}]},{\"@type\":\"ImageObject\",\"inLanguage\":\"de\",\"@id\":\"https:\/\/www.bagnoitalia.com\/de\/produkt\/jacob-vanity-unit-60-80-or-100-cm-basin-base-with-drawer-in-various-colours-and-mirror.html#primaryimage\",\"url\":\"https:\/\/img.bagnoitalia.com\/wp-content\/uploads\/base-porta-lavabo-misure-colori-1.webp\",\"contentUrl\":\"https:\/\/img.bagnoitalia.com\/wp-content\/uploads\/base-porta-lavabo-misure-colori-1.webp\",\"width\":550,\"height\":550},{\"@type\":\"BreadcrumbList\",\"@id\":\"https:\/\/www.bagnoitalia.com\/de\/produkt\/jacob-vanity-unit-60-80-or-100-cm-basin-base-with-drawer-in-various-colours-and-mirror.html#breadcrumb\",\"itemListElement\":[{\"@type\":\"ListItem\",\"position\":1,\"name\":\"Home\",\"item\":\"https:\/\/www.bagnoitalia.com\/de\"},{\"@type\":\"ListItem\",\"position\":2,\"name\":\"Produkte\",\"item\":\"https:\/\/www.bagnoitalia.com\/de\/shop\"},{\"@type\":\"ListItem\",\"position\":3,\"name\":\"Jacob Waschtischunterbau 60, 80 oder 100 cm mit Schublade in verschiedenen Farben und Spiegel\"}]},{\"@type\":\"WebSite\",\"@id\":\"https:\/\/www.bagnoitalia.com\/de#website\",\"url\":\"https:\/\/www.bagnoitalia.com\/de\",\"name\":\"Bagno Italia\",\"description\":\"\",\"publisher\":{\"@id\":\"https:\/\/www.bagnoitalia.com\/de#organization\"},\"potentialAction\":[{\"@type\":\"SearchAction\",\"target\":{\"@type\":\"EntryPoint\",\"urlTemplate\":\"https:\/\/www.bagnoitalia.com\/de?s={search_term_string}\"},\"query-input\":{\"@type\":\"PropertyValueSpecification\",\"valueRequired\":true,\"valueName\":\"search_term_string\"}}],\"inLanguage\":\"de\"},{\"@type\":\"Organization\",\"@id\":\"https:\/\/www.bagnoitalia.com\/de#organization\",\"name\":\"Bagno Italia\",\"url\":\"https:\/\/www.bagnoitalia.com\/de\",\"logo\":{\"@type\":\"ImageObject\",\"inLanguage\":\"de\",\"@id\":\"https:\/\/www.bagnoitalia.com\/de#\/schema\/logo\/image\/\",\"url\":\"https:\/\/img.bagnoitalia.com\/wp-content\/uploads\/logo-bagnoitalia.webp\",\"contentUrl\":\"https:\/\/img.bagnoitalia.com\/wp-content\/uploads\/logo-bagnoitalia.webp\",\"width\":400,\"height\":70,\"caption\":\"Bagno Italia\"},\"image\":{\"@id\":\"https:\/\/www.bagnoitalia.com\/de#\/schema\/logo\/image\/\"}}]}<\/script>\n<!-- \/ Yoast SEO plugin. -->","yoast_head_json":{"title":"Jacob Waschtischunterbau 60, 80 oder 100 cm mit Schublade in verschiedenen Farben und Spiegel - Bagno Italia","robots":{"index":"index","follow":"follow","max-snippet":"max-snippet:-1","max-image-preview":"max-image-preview:large","max-video-preview":"max-video-preview:-1"},"canonical":"https:\/\/www.bagnoitalia.com\/de\/produkt\/jacob-vanity-unit-60-80-or-100-cm-basin-base-with-drawer-in-various-colours-and-mirror.html","og_locale":"de_DE","og_type":"article","og_title":"Jacob Waschtischunterbau 60, 80 oder 100 cm mit Schublade in verschiedenen Farben und Spiegel - Bagno Italia","og_description":"H\u00e4ngem\u00f6bel f\u00fcr Aufsatzwaschtische, in 3 Gr\u00f6\u00dfen, mit Spiegel im Preis inbegriffen. Zweifarbig, der Rahmen ist in Wei\u00df oder Anthrazit erh\u00e4ltlich und die Schubladenfront ist in Nussbaum oder Eiche erh\u00e4ltlich.","og_url":"https:\/\/www.bagnoitalia.com\/de\/produkt\/jacob-vanity-unit-60-80-or-100-cm-basin-base-with-drawer-in-various-colours-and-mirror.html","og_site_name":"Bagno Italia","article_modified_time":"2025-03-12T14:31:16+00:00","og_image":[{"width":550,"height":550,"url":"https:\/\/img.bagnoitalia.com\/wp-content\/uploads\/base-porta-lavabo-misure-colori-1.webp","type":"image\/webp"}],"twitter_card":"summary_large_image","twitter_misc":{"Gesch\u00e4tzte Lesezeit":"2\u00a0Minuten"},"schema":{"@context":"https:\/\/schema.org","@graph":[{"@type":"WebPage","@id":"https:\/\/www.bagnoitalia.com\/de\/produkt\/jacob-vanity-unit-60-80-or-100-cm-basin-base-with-drawer-in-various-colours-and-mirror.html","url":"https:\/\/www.bagnoitalia.com\/de\/produkt\/jacob-vanity-unit-60-80-or-100-cm-basin-base-with-drawer-in-various-colours-and-mirror.html","name":"Jacob Waschtischunterbau 60, 80 oder 100 cm mit Schublade in verschiedenen Farben und Spiegel - Bagno Italia","isPartOf":{"@id":"https:\/\/www.bagnoitalia.com\/de#website"},"primaryImageOfPage":{"@id":"https:\/\/www.bagnoitalia.com\/de\/produkt\/jacob-vanity-unit-60-80-or-100-cm-basin-base-with-drawer-in-various-colours-and-mirror.html#primaryimage"},"image":{"@id":"https:\/\/www.bagnoitalia.com\/de\/produkt\/jacob-vanity-unit-60-80-or-100-cm-basin-base-with-drawer-in-various-colours-and-mirror.html#primaryimage"},"thumbnailUrl":"https:\/\/img.bagnoitalia.com\/wp-content\/uploads\/base-porta-lavabo-misure-colori-1.webp","datePublished":"2024-06-20T12:49:33+00:00","dateModified":"2025-03-12T14:31:16+00:00","breadcrumb":{"@id":"https:\/\/www.bagnoitalia.com\/de\/produkt\/jacob-vanity-unit-60-80-or-100-cm-basin-base-with-drawer-in-various-colours-and-mirror.html#breadcrumb"},"inLanguage":"de","potentialAction":[{"@type":"ReadAction","target":["https:\/\/www.bagnoitalia.com\/de\/produkt\/jacob-vanity-unit-60-80-or-100-cm-basin-base-with-drawer-in-various-colours-and-mirror.html"]}]},{"@type":"ImageObject","inLanguage":"de","@id":"https:\/\/www.bagnoitalia.com\/de\/produkt\/jacob-vanity-unit-60-80-or-100-cm-basin-base-with-drawer-in-various-colours-and-mirror.html#primaryimage","url":"https:\/\/img.bagnoitalia.com\/wp-content\/uploads\/base-porta-lavabo-misure-colori-1.webp","contentUrl":"https:\/\/img.bagnoitalia.com\/wp-content\/uploads\/base-porta-lavabo-misure-colori-1.webp","width":550,"height":550},{"@type":"BreadcrumbList","@id":"https:\/\/www.bagnoitalia.com\/de\/produkt\/jacob-vanity-unit-60-80-or-100-cm-basin-base-with-drawer-in-various-colours-and-mirror.html#breadcrumb","itemListElement":[{"@type":"ListItem","position":1,"name":"Home","item":"https:\/\/www.bagnoitalia.com\/de"},{"@type":"ListItem","position":2,"name":"Produkte","item":"https:\/\/www.bagnoitalia.com\/de\/shop"},{"@type":"ListItem","position":3,"name":"Jacob Waschtischunterbau 60, 80 oder 100 cm mit Schublade in verschiedenen Farben und Spiegel"}]},{"@type":"WebSite","@id":"https:\/\/www.bagnoitalia.com\/de#website","url":"https:\/\/www.bagnoitalia.com\/de","name":"Bagno Italia","description":"","publisher":{"@id":"https:\/\/www.bagnoitalia.com\/de#organization"},"potentialAction":[{"@type":"SearchAction","target":{"@type":"EntryPoint","urlTemplate":"https:\/\/www.bagnoitalia.com\/de?s={search_term_string}"},"query-input":{"@type":"PropertyValueSpecification","valueRequired":true,"valueName":"search_term_string"}}],"inLanguage":"de"},{"@type":"Organization","@id":"https:\/\/www.bagnoitalia.com\/de#organization","name":"Bagno Italia","url":"https:\/\/www.bagnoitalia.com\/de","logo":{"@type":"ImageObject","inLanguage":"de","@id":"https:\/\/www.bagnoitalia.com\/de#\/schema\/logo\/image\/","url":"https:\/\/img.bagnoitalia.com\/wp-content\/uploads\/logo-bagnoitalia.webp","contentUrl":"https:\/\/img.bagnoitalia.com\/wp-content\/uploads\/logo-bagnoitalia.webp","width":400,"height":70,"caption":"Bagno Italia"},"image":{"@id":"https:\/\/www.bagnoitalia.com\/de#\/schema\/logo\/image\/"}}]}},"_links":{"self":[{"href":"https:\/\/www.bagnoitalia.com\/de\/wp-json\/wp\/v2\/product\/93891","targetHints":{"allow":["GET"]}}],"collection":[{"href":"https:\/\/www.bagnoitalia.com\/de\/wp-json\/wp\/v2\/product"}],"about":[{"href":"https:\/\/www.bagnoitalia.com\/de\/wp-json\/wp\/v2\/types\/product"}],"replies":[{"embeddable":true,"href":"https:\/\/www.bagnoitalia.com\/de\/wp-json\/wp\/v2\/comments?post=93891"}],"version-history":[{"count":2,"href":"https:\/\/www.bagnoitalia.com\/de\/wp-json\/wp\/v2\/product\/93891\/revisions"}],"predecessor-version":[{"id":93894,"href":"https:\/\/www.bagnoitalia.com\/de\/wp-json\/wp\/v2\/product\/93891\/revisions\/93894"}],"wp:featuredmedia":[{"embeddable":true,"href":"https:\/\/www.bagnoitalia.com\/de\/wp-json\/wp\/v2\/media\/91162"}],"wp:attachment":[{"href":"https:\/\/www.bagnoitalia.com\/de\/wp-json\/wp\/v2\/media?parent=93891"}],"wp:term":[{"taxonomy":"product_brand","embeddable":true,"href":"https:\/\/www.bagnoitalia.com\/de\/wp-json\/wp\/v2\/product_brand?post=93891"},{"taxonomy":"product_cat","embeddable":true,"href":"https:\/\/www.bagnoitalia.com\/de\/wp-json\/wp\/v2\/product_cat?post=93891"},{"taxonomy":"product_tag","embeddable":true,"href":"https:\/\/www.bagnoitalia.com\/de\/wp-json\/wp\/v2\/product_tag?post=93891"}],"curies":[{"name":"wp","href":"https:\/\/api.w.org\/{rel}","templated":true}]}}