{"id":93871,"date":"2024-06-20T15:27:08","date_gmt":"2024-06-20T13:27:08","guid":{"rendered":"https:\/\/www.bagnoitalia.com\/product\/umbrian-wall-mounted-bathroom-furniture-80-or-100-cm-drawers-and-doors-oak-with-stone-effect-handle"},"modified":"2025-10-31T11:25:50","modified_gmt":"2025-10-31T10:25:50","slug":"umbrian-wall-mounted-bathroom-furniture-80-or-100-cm-drawers-and-doors-oak-with-stone-effect-handle","status":"publish","type":"product","link":"https:\/\/www.bagnoitalia.com\/de\/produkt\/umbrian-wall-mounted-bathroom-furniture-80-or-100-cm-drawers-and-doors-oak-with-stone-effect-handle.html","title":{"rendered":"Umbrian Wand-Badm\u00f6bel 80 oder 100 cm Schubladen und T\u00fcren Eiche mit Stein-Effekt Griff"},"content":{"rendered":"<p>UMBRIAN&#8216; BADEZIMMERSCHRANK<\/p>\n<p>&nbsp;<\/p>\n<p>&nbsp;<\/p>\n<p>&nbsp;<\/p>\n<p>&nbsp;<\/p>\n<p>VERF\u00dcGBARE TYPEN UND PRODUKTABMESSUNGEN<\/p>\n<p>&nbsp;<\/p>\n<p>Badezimmerschrank erh\u00e4ltlich ab:<\/p>\n<p>&nbsp;<\/p>\n<p>&#8211; 80xP47xH49 cm mit 2 Schubladen und 1 T\u00fcr<\/p>\n<p>&#8211; 100xP47xH49 cm mit 2 Schubladen und 1 T\u00fcr<\/p>\n<p>&nbsp;<\/p>\n<p>Spiegel \u00d8 80 cm (f\u00fcr beide Schr\u00e4nke 80cm und 100cm)<\/p>\n<p>&nbsp;<\/p>\n<p>PRODUKTMERKMALE<\/p>\n<p>&nbsp;<\/p>\n<p>Moderner, wandh\u00e4ngender Badezimmerschrank im industriellen Stil<\/p>\n<p>Waschtischunterschrank aus 18 mm starkem melaminharzbeschichtetem Holz<\/p>\n<p>Keramik-Waschtisch mit \u00dcberlauf und Hahnloch (Mischbatterie NICHT enthalten)<\/p>\n<p>Runder Spiegel mit siebgedrucktem Rand<\/p>\n<p>Schubladen und T\u00fcr mit Absenkautomatik (Softclose)<\/p>\n<p>Rahmenfarbe: Eiche<\/p>\n<p>Farbe der Griffe: grau mit Steineffekt<\/p>\n<p>Farbe des Waschbeckens: wei\u00df gl\u00e4nzend<\/p>\n<p>&nbsp;<\/p>\n<p>\u00dcber das Dropdown-Men\u00fc oben kann ein passender Hochschrank 45xT26xH135 cm mit 1 T\u00fcr und 2 offenen F\u00e4chern hinzugef\u00fcgt werden<\/p>\n<p>&nbsp;<\/p>\n<p>ACHTUNG: Wasserh\u00e4hne, Abfluss und Siphon sind NICHT im Preis enthalten<\/p>\n<p>&nbsp;<\/p>\n<p>&nbsp;<\/p>\n<p>&nbsp;<\/p>\n<p>&nbsp;<\/p>\n<p>&nbsp;<\/p>\n<p>&nbsp;<\/p>\n<p>&nbsp;<\/p>\n<p>&nbsp;<\/p>\n<p>&nbsp;<\/p>\n<p>&nbsp;<\/p>\n<p>&nbsp;<\/p>\n<p>&nbsp;<\/p>\n<p>&nbsp;<\/p>\n<p>&nbsp;<\/p>\n<p>&nbsp;<\/p>\n<p>&nbsp;<\/p>\n<p>&nbsp;<\/p>\n","protected":false},"excerpt":{"rendered":"<p>Badezimmerm\u00f6bel im modernen\/industriellen Stil, erh\u00e4ltlich in zwei Gr\u00f6\u00dfen mit 2 Schubladen und einer T\u00fcr. Die Struktur ist eichenfarbig, mit einem Frontgriff in Steinoptik. Das Keramik-Waschbecken und der runde Spiegel sind im Preis inbegriffen. Ein passender Hochschrank kann ebenfalls zu den M\u00f6beln hinzugef\u00fcgt werden.<\/p>\n","protected":false},"featured_media":114175,"comment_status":"open","ping_status":"closed","template":"","meta":[],"product_brand":[9916],"product_cat":[9720],"product_tag":[],"class_list":{"0":"post-93871","1":"product","2":"type-product","3":"status-publish","4":"has-post-thumbnail","6":"product_brand-brand-store-de","7":"product_cat-badmobel-von-71-bis-100-cm-moderne-mobel","9":"first","10":"instock","11":"sale","12":"taxable","13":"shipping-taxable","14":"purchasable","15":"product-type-simple"},"exclude_global_add_ons":false,"addons":[{"name":"Typ","type":"multiple_choice","position":0,"required":false,"title_format":"label","default":"","description_enable":false,"description":"","placeholder_enable":false,"placeholder":"","display":"select","restrictions_type":"any_text","adjust_price":false,"price":"","price_type":"flat_fee","restrictions":false,"min":"0","max":"0","options":[{"label":"80 cm mit 2 Schubladen und 1 T\u00fcr","price":"","price_type":"flat_fee","image":0,"visibility":true},{"label":"100 cm mit 2 Schubladen und 1 T\u00fcr","price":"40","price_type":"flat_fee","image":0,"visibility":true}],"id":1718897229},{"name":"S\u00e4ule","type":"multiple_choice","position":1,"required":false,"title_format":"label","default":"","description_enable":false,"description":"","placeholder_enable":false,"placeholder":"","display":"select","restrictions_type":"any_text","adjust_price":false,"price":"","price_type":"flat_fee","restrictions":false,"min":"0","max":"0","options":[{"label":"nein","price":"","price_type":"flat_fee","image":0,"visibility":true},{"label":"1 S\u00e4ule 45x26xH135 cm","price":"190","price_type":"flat_fee","image":0,"visibility":true}],"id":1718897230}],"yoast_head":"<!-- This site is optimized with the Yoast SEO plugin v26.7 - https:\/\/yoast.com\/wordpress\/plugins\/seo\/ -->\n<title>Umbrian Wand-Badm\u00f6bel 80 oder 100 cm Schubladen und T\u00fcren Eiche mit Stein-Effekt Griff - Bagno Italia<\/title>\n<meta name=\"robots\" content=\"index, follow, max-snippet:-1, max-image-preview:large, max-video-preview:-1\" \/>\n<link rel=\"canonical\" href=\"https:\/\/www.bagnoitalia.com\/de\/produkt\/umbrian-wall-mounted-bathroom-furniture-80-or-100-cm-drawers-and-doors-oak-with-stone-effect-handle.html\" \/>\n<meta property=\"og:locale\" content=\"de_DE\" \/>\n<meta property=\"og:type\" content=\"article\" \/>\n<meta property=\"og:title\" content=\"Umbrian Wand-Badm\u00f6bel 80 oder 100 cm Schubladen und T\u00fcren Eiche mit Stein-Effekt Griff - Bagno Italia\" \/>\n<meta property=\"og:description\" content=\"Badezimmerm\u00f6bel im modernen\/industriellen Stil, erh\u00e4ltlich in zwei Gr\u00f6\u00dfen mit 2 Schubladen und einer T\u00fcr. Die Struktur ist eichenfarbig, mit einem Frontgriff in Steinoptik. Das Keramik-Waschbecken und der runde Spiegel sind im Preis inbegriffen. Ein passender Hochschrank kann ebenfalls zu den M\u00f6beln hinzugef\u00fcgt werden.\" \/>\n<meta property=\"og:url\" content=\"https:\/\/www.bagnoitalia.com\/de\/produkt\/umbrian-wall-mounted-bathroom-furniture-80-or-100-cm-drawers-and-doors-oak-with-stone-effect-handle.html\" \/>\n<meta property=\"og:site_name\" content=\"Bagno Italia\" \/>\n<meta property=\"article:modified_time\" content=\"2025-10-31T10:25:50+00:00\" \/>\n<meta property=\"og:image\" content=\"https:\/\/img.bagnoitalia.com\/wp-content\/uploads\/mobile-bagno-sospeso-80-100-cassetti-anta-colonna.jpg\" \/>\n\t<meta property=\"og:image:width\" content=\"1000\" \/>\n\t<meta property=\"og:image:height\" content=\"1000\" \/>\n\t<meta property=\"og:image:type\" content=\"image\/jpeg\" \/>\n<meta name=\"twitter:card\" content=\"summary_large_image\" \/>\n<meta name=\"twitter:label1\" content=\"Gesch\u00e4tzte Lesezeit\" \/>\n\t<meta name=\"twitter:data1\" content=\"1\u00a0Minute\" \/>\n<script type=\"application\/ld+json\" class=\"yoast-schema-graph\">{\"@context\":\"https:\/\/schema.org\",\"@graph\":[{\"@type\":\"WebPage\",\"@id\":\"https:\/\/www.bagnoitalia.com\/de\/produkt\/umbrian-wall-mounted-bathroom-furniture-80-or-100-cm-drawers-and-doors-oak-with-stone-effect-handle.html\",\"url\":\"https:\/\/www.bagnoitalia.com\/de\/produkt\/umbrian-wall-mounted-bathroom-furniture-80-or-100-cm-drawers-and-doors-oak-with-stone-effect-handle.html\",\"name\":\"Umbrian Wand-Badm\u00f6bel 80 oder 100 cm Schubladen und T\u00fcren Eiche mit Stein-Effekt Griff - Bagno Italia\",\"isPartOf\":{\"@id\":\"https:\/\/www.bagnoitalia.com\/de#website\"},\"primaryImageOfPage\":{\"@id\":\"https:\/\/www.bagnoitalia.com\/de\/produkt\/umbrian-wall-mounted-bathroom-furniture-80-or-100-cm-drawers-and-doors-oak-with-stone-effect-handle.html#primaryimage\"},\"image\":{\"@id\":\"https:\/\/www.bagnoitalia.com\/de\/produkt\/umbrian-wall-mounted-bathroom-furniture-80-or-100-cm-drawers-and-doors-oak-with-stone-effect-handle.html#primaryimage\"},\"thumbnailUrl\":\"https:\/\/img.bagnoitalia.com\/wp-content\/uploads\/mobile-bagno-sospeso-80-100-cassetti-anta-colonna.jpg\",\"datePublished\":\"2024-06-20T13:27:08+00:00\",\"dateModified\":\"2025-10-31T10:25:50+00:00\",\"breadcrumb\":{\"@id\":\"https:\/\/www.bagnoitalia.com\/de\/produkt\/umbrian-wall-mounted-bathroom-furniture-80-or-100-cm-drawers-and-doors-oak-with-stone-effect-handle.html#breadcrumb\"},\"inLanguage\":\"de\",\"potentialAction\":[{\"@type\":\"ReadAction\",\"target\":[\"https:\/\/www.bagnoitalia.com\/de\/produkt\/umbrian-wall-mounted-bathroom-furniture-80-or-100-cm-drawers-and-doors-oak-with-stone-effect-handle.html\"]}]},{\"@type\":\"ImageObject\",\"inLanguage\":\"de\",\"@id\":\"https:\/\/www.bagnoitalia.com\/de\/produkt\/umbrian-wall-mounted-bathroom-furniture-80-or-100-cm-drawers-and-doors-oak-with-stone-effect-handle.html#primaryimage\",\"url\":\"https:\/\/img.bagnoitalia.com\/wp-content\/uploads\/mobile-bagno-sospeso-80-100-cassetti-anta-colonna.jpg\",\"contentUrl\":\"https:\/\/img.bagnoitalia.com\/wp-content\/uploads\/mobile-bagno-sospeso-80-100-cassetti-anta-colonna.jpg\",\"width\":1000,\"height\":1000},{\"@type\":\"BreadcrumbList\",\"@id\":\"https:\/\/www.bagnoitalia.com\/de\/produkt\/umbrian-wall-mounted-bathroom-furniture-80-or-100-cm-drawers-and-doors-oak-with-stone-effect-handle.html#breadcrumb\",\"itemListElement\":[{\"@type\":\"ListItem\",\"position\":1,\"name\":\"Home\",\"item\":\"https:\/\/www.bagnoitalia.com\/de\"},{\"@type\":\"ListItem\",\"position\":2,\"name\":\"Produkte\",\"item\":\"https:\/\/www.bagnoitalia.com\/de\/shop\"},{\"@type\":\"ListItem\",\"position\":3,\"name\":\"Umbrian Wand-Badm\u00f6bel 80 oder 100 cm Schubladen und T\u00fcren Eiche mit Stein-Effekt Griff\"}]},{\"@type\":\"WebSite\",\"@id\":\"https:\/\/www.bagnoitalia.com\/de#website\",\"url\":\"https:\/\/www.bagnoitalia.com\/de\",\"name\":\"Bagno Italia\",\"description\":\"\",\"publisher\":{\"@id\":\"https:\/\/www.bagnoitalia.com\/de#organization\"},\"potentialAction\":[{\"@type\":\"SearchAction\",\"target\":{\"@type\":\"EntryPoint\",\"urlTemplate\":\"https:\/\/www.bagnoitalia.com\/de?s={search_term_string}\"},\"query-input\":{\"@type\":\"PropertyValueSpecification\",\"valueRequired\":true,\"valueName\":\"search_term_string\"}}],\"inLanguage\":\"de\"},{\"@type\":\"Organization\",\"@id\":\"https:\/\/www.bagnoitalia.com\/de#organization\",\"name\":\"Bagno Italia\",\"url\":\"https:\/\/www.bagnoitalia.com\/de\",\"logo\":{\"@type\":\"ImageObject\",\"inLanguage\":\"de\",\"@id\":\"https:\/\/www.bagnoitalia.com\/de#\/schema\/logo\/image\/\",\"url\":\"https:\/\/img.bagnoitalia.com\/wp-content\/uploads\/logo-bagnoitalia.webp\",\"contentUrl\":\"https:\/\/img.bagnoitalia.com\/wp-content\/uploads\/logo-bagnoitalia.webp\",\"width\":400,\"height\":70,\"caption\":\"Bagno Italia\"},\"image\":{\"@id\":\"https:\/\/www.bagnoitalia.com\/de#\/schema\/logo\/image\/\"}}]}<\/script>\n<!-- \/ Yoast SEO plugin. -->","yoast_head_json":{"title":"Umbrian Wand-Badm\u00f6bel 80 oder 100 cm Schubladen und T\u00fcren Eiche mit Stein-Effekt Griff - Bagno Italia","robots":{"index":"index","follow":"follow","max-snippet":"max-snippet:-1","max-image-preview":"max-image-preview:large","max-video-preview":"max-video-preview:-1"},"canonical":"https:\/\/www.bagnoitalia.com\/de\/produkt\/umbrian-wall-mounted-bathroom-furniture-80-or-100-cm-drawers-and-doors-oak-with-stone-effect-handle.html","og_locale":"de_DE","og_type":"article","og_title":"Umbrian Wand-Badm\u00f6bel 80 oder 100 cm Schubladen und T\u00fcren Eiche mit Stein-Effekt Griff - Bagno Italia","og_description":"Badezimmerm\u00f6bel im modernen\/industriellen Stil, erh\u00e4ltlich in zwei Gr\u00f6\u00dfen mit 2 Schubladen und einer T\u00fcr. Die Struktur ist eichenfarbig, mit einem Frontgriff in Steinoptik. Das Keramik-Waschbecken und der runde Spiegel sind im Preis inbegriffen. Ein passender Hochschrank kann ebenfalls zu den M\u00f6beln hinzugef\u00fcgt werden.","og_url":"https:\/\/www.bagnoitalia.com\/de\/produkt\/umbrian-wall-mounted-bathroom-furniture-80-or-100-cm-drawers-and-doors-oak-with-stone-effect-handle.html","og_site_name":"Bagno Italia","article_modified_time":"2025-10-31T10:25:50+00:00","og_image":[{"width":1000,"height":1000,"url":"https:\/\/img.bagnoitalia.com\/wp-content\/uploads\/mobile-bagno-sospeso-80-100-cassetti-anta-colonna.jpg","type":"image\/jpeg"}],"twitter_card":"summary_large_image","twitter_misc":{"Gesch\u00e4tzte Lesezeit":"1\u00a0Minute"},"schema":{"@context":"https:\/\/schema.org","@graph":[{"@type":"WebPage","@id":"https:\/\/www.bagnoitalia.com\/de\/produkt\/umbrian-wall-mounted-bathroom-furniture-80-or-100-cm-drawers-and-doors-oak-with-stone-effect-handle.html","url":"https:\/\/www.bagnoitalia.com\/de\/produkt\/umbrian-wall-mounted-bathroom-furniture-80-or-100-cm-drawers-and-doors-oak-with-stone-effect-handle.html","name":"Umbrian Wand-Badm\u00f6bel 80 oder 100 cm Schubladen und T\u00fcren Eiche mit Stein-Effekt Griff - Bagno Italia","isPartOf":{"@id":"https:\/\/www.bagnoitalia.com\/de#website"},"primaryImageOfPage":{"@id":"https:\/\/www.bagnoitalia.com\/de\/produkt\/umbrian-wall-mounted-bathroom-furniture-80-or-100-cm-drawers-and-doors-oak-with-stone-effect-handle.html#primaryimage"},"image":{"@id":"https:\/\/www.bagnoitalia.com\/de\/produkt\/umbrian-wall-mounted-bathroom-furniture-80-or-100-cm-drawers-and-doors-oak-with-stone-effect-handle.html#primaryimage"},"thumbnailUrl":"https:\/\/img.bagnoitalia.com\/wp-content\/uploads\/mobile-bagno-sospeso-80-100-cassetti-anta-colonna.jpg","datePublished":"2024-06-20T13:27:08+00:00","dateModified":"2025-10-31T10:25:50+00:00","breadcrumb":{"@id":"https:\/\/www.bagnoitalia.com\/de\/produkt\/umbrian-wall-mounted-bathroom-furniture-80-or-100-cm-drawers-and-doors-oak-with-stone-effect-handle.html#breadcrumb"},"inLanguage":"de","potentialAction":[{"@type":"ReadAction","target":["https:\/\/www.bagnoitalia.com\/de\/produkt\/umbrian-wall-mounted-bathroom-furniture-80-or-100-cm-drawers-and-doors-oak-with-stone-effect-handle.html"]}]},{"@type":"ImageObject","inLanguage":"de","@id":"https:\/\/www.bagnoitalia.com\/de\/produkt\/umbrian-wall-mounted-bathroom-furniture-80-or-100-cm-drawers-and-doors-oak-with-stone-effect-handle.html#primaryimage","url":"https:\/\/img.bagnoitalia.com\/wp-content\/uploads\/mobile-bagno-sospeso-80-100-cassetti-anta-colonna.jpg","contentUrl":"https:\/\/img.bagnoitalia.com\/wp-content\/uploads\/mobile-bagno-sospeso-80-100-cassetti-anta-colonna.jpg","width":1000,"height":1000},{"@type":"BreadcrumbList","@id":"https:\/\/www.bagnoitalia.com\/de\/produkt\/umbrian-wall-mounted-bathroom-furniture-80-or-100-cm-drawers-and-doors-oak-with-stone-effect-handle.html#breadcrumb","itemListElement":[{"@type":"ListItem","position":1,"name":"Home","item":"https:\/\/www.bagnoitalia.com\/de"},{"@type":"ListItem","position":2,"name":"Produkte","item":"https:\/\/www.bagnoitalia.com\/de\/shop"},{"@type":"ListItem","position":3,"name":"Umbrian Wand-Badm\u00f6bel 80 oder 100 cm Schubladen und T\u00fcren Eiche mit Stein-Effekt Griff"}]},{"@type":"WebSite","@id":"https:\/\/www.bagnoitalia.com\/de#website","url":"https:\/\/www.bagnoitalia.com\/de","name":"Bagno Italia","description":"","publisher":{"@id":"https:\/\/www.bagnoitalia.com\/de#organization"},"potentialAction":[{"@type":"SearchAction","target":{"@type":"EntryPoint","urlTemplate":"https:\/\/www.bagnoitalia.com\/de?s={search_term_string}"},"query-input":{"@type":"PropertyValueSpecification","valueRequired":true,"valueName":"search_term_string"}}],"inLanguage":"de"},{"@type":"Organization","@id":"https:\/\/www.bagnoitalia.com\/de#organization","name":"Bagno Italia","url":"https:\/\/www.bagnoitalia.com\/de","logo":{"@type":"ImageObject","inLanguage":"de","@id":"https:\/\/www.bagnoitalia.com\/de#\/schema\/logo\/image\/","url":"https:\/\/img.bagnoitalia.com\/wp-content\/uploads\/logo-bagnoitalia.webp","contentUrl":"https:\/\/img.bagnoitalia.com\/wp-content\/uploads\/logo-bagnoitalia.webp","width":400,"height":70,"caption":"Bagno Italia"},"image":{"@id":"https:\/\/www.bagnoitalia.com\/de#\/schema\/logo\/image\/"}}]}},"_links":{"self":[{"href":"https:\/\/www.bagnoitalia.com\/de\/wp-json\/wp\/v2\/product\/93871","targetHints":{"allow":["GET"]}}],"collection":[{"href":"https:\/\/www.bagnoitalia.com\/de\/wp-json\/wp\/v2\/product"}],"about":[{"href":"https:\/\/www.bagnoitalia.com\/de\/wp-json\/wp\/v2\/types\/product"}],"replies":[{"embeddable":true,"href":"https:\/\/www.bagnoitalia.com\/de\/wp-json\/wp\/v2\/comments?post=93871"}],"version-history":[{"count":5,"href":"https:\/\/www.bagnoitalia.com\/de\/wp-json\/wp\/v2\/product\/93871\/revisions"}],"predecessor-version":[{"id":114180,"href":"https:\/\/www.bagnoitalia.com\/de\/wp-json\/wp\/v2\/product\/93871\/revisions\/114180"}],"wp:featuredmedia":[{"embeddable":true,"href":"https:\/\/www.bagnoitalia.com\/de\/wp-json\/wp\/v2\/media\/114175"}],"wp:attachment":[{"href":"https:\/\/www.bagnoitalia.com\/de\/wp-json\/wp\/v2\/media?parent=93871"}],"wp:term":[{"taxonomy":"product_brand","embeddable":true,"href":"https:\/\/www.bagnoitalia.com\/de\/wp-json\/wp\/v2\/product_brand?post=93871"},{"taxonomy":"product_cat","embeddable":true,"href":"https:\/\/www.bagnoitalia.com\/de\/wp-json\/wp\/v2\/product_cat?post=93871"},{"taxonomy":"product_tag","embeddable":true,"href":"https:\/\/www.bagnoitalia.com\/de\/wp-json\/wp\/v2\/product_tag?post=93871"}],"curies":[{"name":"wp","href":"https:\/\/api.w.org\/{rel}","templated":true}]}}