{"id":93579,"date":"2022-11-17T09:10:52","date_gmt":"2022-11-17T08:10:52","guid":{"rendered":"https:\/\/www.bagnoitalia.com\/product\/sliding-walk-in-shower-wall-with-black-profiles-8-mm-clear-glass-pr039"},"modified":"2026-01-14T16:46:45","modified_gmt":"2026-01-14T15:46:45","slug":"sliding-walk-in-shower-wall-with-black-profiles-8-mm-clear-glass-pr039","status":"publish","type":"product","link":"https:\/\/www.bagnoitalia.com\/de\/produkt\/sliding-walk-in-shower-wall-with-black-profiles-8-mm-clear-glass-pr039.html","title":{"rendered":"Begehbare Schiebeduschwand mit schwarzen Profilen 8 mm Klarglas PR039"},"content":{"rendered":"<p>BEGEHBARE DUSCHE GLEITWAND PR039<\/p>\n<p>&nbsp;<\/p>\n<p>PRODUKTSPEZIFIKATIONEN<\/p>\n<p>Duschpaneel mit Schiebesystem<\/p>\n<p>Erh\u00e4ltlich in den Gr\u00f6\u00dfen: 100, 120, 140, 160, 180 cm<\/p>\n<p>H\u00f6he 195 cm<\/p>\n<p>8 mm klares, geh\u00e4rtetes Glas<\/p>\n<p>Wandprofile und Tragstange in schwarzer Ausf\u00fchrung<\/p>\n<p>&nbsp;<\/p>\n<p>&nbsp;<\/p>\n<p>&nbsp;<\/p>\n<p>&nbsp;<\/p>\n<p>&nbsp;<\/p>\n<p>&nbsp;<\/p>\n<p>&nbsp;<\/p>\n<p>&nbsp;<\/p>\n<p>&nbsp;<\/p>\n<p>&nbsp;<\/p>\n<p>802schwarz<\/p>\n","protected":false},"excerpt":{"rendered":"<p>Schiebewand f\u00fcr begehbare Dusche, erh\u00e4ltlich in 100, 120, 140, 160, 180 cm. H\u00f6he ab 195 cm. Modernes Design mit schwarzen Profilen.<\/p>\n","protected":false},"featured_media":58133,"comment_status":"open","ping_status":"closed","template":"","meta":[],"product_brand":[9889],"product_cat":[10061,9728],"product_tag":[],"class_list":{"0":"post-93579","1":"product","2":"type-product","3":"status-publish","4":"has-post-thumbnail","6":"product_brand-idrom-de","7":"product_cat-begehbare-duschtur","8":"product_cat-duschturen","10":"first","11":"instock","12":"sale","13":"taxable","14":"shipping-taxable","15":"purchasable","16":"product-type-simple"},"exclude_global_add_ons":false,"addons":[{"name":"Abmessungen","type":"multiple_choice","position":0,"required":true,"title_format":"heading","default":"","description_enable":false,"description":"","placeholder_enable":false,"placeholder":"","display":"select","restrictions_type":"any_text","adjust_price":false,"price":"","price_type":"flat_fee","restrictions":false,"min":"0","max":"0","options":[{"label":"100 cm","price":"","price_type":"quantity_based","image":0,"visibility":true},{"label":"120 cm","price":"30","price_type":"quantity_based","image":0,"visibility":true},{"label":"140 cm","price":"50","price_type":"quantity_based","image":0,"visibility":true},{"label":"160 cm","price":"80","price_type":"quantity_based","image":0,"visibility":true},{"label":"180 cm","price":"110","price_type":"quantity_based","image":0,"visibility":true}],"id":1718720327}],"yoast_head":"<!-- This site is optimized with the Yoast SEO plugin v26.7 - https:\/\/yoast.com\/wordpress\/plugins\/seo\/ -->\n<title>Sliding walk-in shower wall with black profiles 8 mm clear glass PR039<\/title>\n<meta name=\"description\" content=\"Sliding wall for walk-in shower, available in 100, 120, 140, 160, 180 cm. Height from 195 cm. Modern design with black profiles.\" \/>\n<meta name=\"robots\" content=\"index, follow, max-snippet:-1, max-image-preview:large, max-video-preview:-1\" \/>\n<link rel=\"canonical\" href=\"https:\/\/www.bagnoitalia.com\/de\/produkt\/sliding-walk-in-shower-wall-with-black-profiles-8-mm-clear-glass-pr039.html\" \/>\n<meta property=\"og:locale\" content=\"de_DE\" \/>\n<meta property=\"og:type\" content=\"article\" \/>\n<meta property=\"og:title\" content=\"Sliding walk-in shower wall with black profiles 8 mm clear glass PR039\" \/>\n<meta property=\"og:description\" content=\"Sliding wall for walk-in shower, available in 100, 120, 140, 160, 180 cm. Height from 195 cm. Modern design with black profiles.\" \/>\n<meta property=\"og:url\" content=\"https:\/\/www.bagnoitalia.com\/de\/produkt\/sliding-walk-in-shower-wall-with-black-profiles-8-mm-clear-glass-pr039.html\" \/>\n<meta property=\"og:site_name\" content=\"Bagno Italia\" \/>\n<meta property=\"article:modified_time\" content=\"2026-01-14T15:46:45+00:00\" \/>\n<meta property=\"og:image\" content=\"https:\/\/img.bagnoitalia.com\/wp-content\/uploads\/virtuemart\/product\/wall-walk-slide-profile-black-1.jpg\" \/>\n\t<meta property=\"og:image:width\" content=\"500\" \/>\n\t<meta property=\"og:image:height\" content=\"500\" \/>\n\t<meta property=\"og:image:type\" content=\"image\/jpeg\" \/>\n<meta name=\"twitter:card\" content=\"summary_large_image\" \/>\n<meta name=\"twitter:label1\" content=\"Gesch\u00e4tzte Lesezeit\" \/>\n\t<meta name=\"twitter:data1\" content=\"1\u00a0Minute\" \/>\n<script type=\"application\/ld+json\" class=\"yoast-schema-graph\">{\"@context\":\"https:\/\/schema.org\",\"@graph\":[{\"@type\":\"WebPage\",\"@id\":\"https:\/\/www.bagnoitalia.com\/de\/produkt\/sliding-walk-in-shower-wall-with-black-profiles-8-mm-clear-glass-pr039.html\",\"url\":\"https:\/\/www.bagnoitalia.com\/de\/produkt\/sliding-walk-in-shower-wall-with-black-profiles-8-mm-clear-glass-pr039.html\",\"name\":\"Sliding walk-in shower wall with black profiles 8 mm clear glass PR039\",\"isPartOf\":{\"@id\":\"https:\/\/www.bagnoitalia.com\/de#website\"},\"primaryImageOfPage\":{\"@id\":\"https:\/\/www.bagnoitalia.com\/de\/produkt\/sliding-walk-in-shower-wall-with-black-profiles-8-mm-clear-glass-pr039.html#primaryimage\"},\"image\":{\"@id\":\"https:\/\/www.bagnoitalia.com\/de\/produkt\/sliding-walk-in-shower-wall-with-black-profiles-8-mm-clear-glass-pr039.html#primaryimage\"},\"thumbnailUrl\":\"https:\/\/img.bagnoitalia.com\/wp-content\/uploads\/virtuemart\/product\/wall-walk-slide-profile-black-1.jpg\",\"datePublished\":\"2022-11-17T08:10:52+00:00\",\"dateModified\":\"2026-01-14T15:46:45+00:00\",\"description\":\"Sliding wall for walk-in shower, available in 100, 120, 140, 160, 180 cm. Height from 195 cm. Modern design with black profiles.\",\"breadcrumb\":{\"@id\":\"https:\/\/www.bagnoitalia.com\/de\/produkt\/sliding-walk-in-shower-wall-with-black-profiles-8-mm-clear-glass-pr039.html#breadcrumb\"},\"inLanguage\":\"de\",\"potentialAction\":[{\"@type\":\"ReadAction\",\"target\":[\"https:\/\/www.bagnoitalia.com\/de\/produkt\/sliding-walk-in-shower-wall-with-black-profiles-8-mm-clear-glass-pr039.html\"]}]},{\"@type\":\"ImageObject\",\"inLanguage\":\"de\",\"@id\":\"https:\/\/www.bagnoitalia.com\/de\/produkt\/sliding-walk-in-shower-wall-with-black-profiles-8-mm-clear-glass-pr039.html#primaryimage\",\"url\":\"https:\/\/img.bagnoitalia.com\/wp-content\/uploads\/virtuemart\/product\/wall-walk-slide-profile-black-1.jpg\",\"contentUrl\":\"https:\/\/img.bagnoitalia.com\/wp-content\/uploads\/virtuemart\/product\/wall-walk-slide-profile-black-1.jpg\",\"width\":500,\"height\":500},{\"@type\":\"BreadcrumbList\",\"@id\":\"https:\/\/www.bagnoitalia.com\/de\/produkt\/sliding-walk-in-shower-wall-with-black-profiles-8-mm-clear-glass-pr039.html#breadcrumb\",\"itemListElement\":[{\"@type\":\"ListItem\",\"position\":1,\"name\":\"Home\",\"item\":\"https:\/\/www.bagnoitalia.com\/de\"},{\"@type\":\"ListItem\",\"position\":2,\"name\":\"Produkte\",\"item\":\"https:\/\/www.bagnoitalia.com\/de\/shop\"},{\"@type\":\"ListItem\",\"position\":3,\"name\":\"Begehbare Schiebeduschwand mit schwarzen Profilen 8 mm Klarglas PR039\"}]},{\"@type\":\"WebSite\",\"@id\":\"https:\/\/www.bagnoitalia.com\/de#website\",\"url\":\"https:\/\/www.bagnoitalia.com\/de\",\"name\":\"Bagno Italia\",\"description\":\"\",\"publisher\":{\"@id\":\"https:\/\/www.bagnoitalia.com\/de#organization\"},\"potentialAction\":[{\"@type\":\"SearchAction\",\"target\":{\"@type\":\"EntryPoint\",\"urlTemplate\":\"https:\/\/www.bagnoitalia.com\/de?s={search_term_string}\"},\"query-input\":{\"@type\":\"PropertyValueSpecification\",\"valueRequired\":true,\"valueName\":\"search_term_string\"}}],\"inLanguage\":\"de\"},{\"@type\":\"Organization\",\"@id\":\"https:\/\/www.bagnoitalia.com\/de#organization\",\"name\":\"Bagno Italia\",\"url\":\"https:\/\/www.bagnoitalia.com\/de\",\"logo\":{\"@type\":\"ImageObject\",\"inLanguage\":\"de\",\"@id\":\"https:\/\/www.bagnoitalia.com\/de#\/schema\/logo\/image\/\",\"url\":\"https:\/\/img.bagnoitalia.com\/wp-content\/uploads\/logo-bagnoitalia.webp\",\"contentUrl\":\"https:\/\/img.bagnoitalia.com\/wp-content\/uploads\/logo-bagnoitalia.webp\",\"width\":400,\"height\":70,\"caption\":\"Bagno Italia\"},\"image\":{\"@id\":\"https:\/\/www.bagnoitalia.com\/de#\/schema\/logo\/image\/\"}}]}<\/script>\n<!-- \/ Yoast SEO plugin. -->","yoast_head_json":{"title":"Sliding walk-in shower wall with black profiles 8 mm clear glass PR039","description":"Sliding wall for walk-in shower, available in 100, 120, 140, 160, 180 cm. Height from 195 cm. Modern design with black profiles.","robots":{"index":"index","follow":"follow","max-snippet":"max-snippet:-1","max-image-preview":"max-image-preview:large","max-video-preview":"max-video-preview:-1"},"canonical":"https:\/\/www.bagnoitalia.com\/de\/produkt\/sliding-walk-in-shower-wall-with-black-profiles-8-mm-clear-glass-pr039.html","og_locale":"de_DE","og_type":"article","og_title":"Sliding walk-in shower wall with black profiles 8 mm clear glass PR039","og_description":"Sliding wall for walk-in shower, available in 100, 120, 140, 160, 180 cm. Height from 195 cm. Modern design with black profiles.","og_url":"https:\/\/www.bagnoitalia.com\/de\/produkt\/sliding-walk-in-shower-wall-with-black-profiles-8-mm-clear-glass-pr039.html","og_site_name":"Bagno Italia","article_modified_time":"2026-01-14T15:46:45+00:00","og_image":[{"width":500,"height":500,"url":"https:\/\/img.bagnoitalia.com\/wp-content\/uploads\/virtuemart\/product\/wall-walk-slide-profile-black-1.jpg","type":"image\/jpeg"}],"twitter_card":"summary_large_image","twitter_misc":{"Gesch\u00e4tzte Lesezeit":"1\u00a0Minute"},"schema":{"@context":"https:\/\/schema.org","@graph":[{"@type":"WebPage","@id":"https:\/\/www.bagnoitalia.com\/de\/produkt\/sliding-walk-in-shower-wall-with-black-profiles-8-mm-clear-glass-pr039.html","url":"https:\/\/www.bagnoitalia.com\/de\/produkt\/sliding-walk-in-shower-wall-with-black-profiles-8-mm-clear-glass-pr039.html","name":"Sliding walk-in shower wall with black profiles 8 mm clear glass PR039","isPartOf":{"@id":"https:\/\/www.bagnoitalia.com\/de#website"},"primaryImageOfPage":{"@id":"https:\/\/www.bagnoitalia.com\/de\/produkt\/sliding-walk-in-shower-wall-with-black-profiles-8-mm-clear-glass-pr039.html#primaryimage"},"image":{"@id":"https:\/\/www.bagnoitalia.com\/de\/produkt\/sliding-walk-in-shower-wall-with-black-profiles-8-mm-clear-glass-pr039.html#primaryimage"},"thumbnailUrl":"https:\/\/img.bagnoitalia.com\/wp-content\/uploads\/virtuemart\/product\/wall-walk-slide-profile-black-1.jpg","datePublished":"2022-11-17T08:10:52+00:00","dateModified":"2026-01-14T15:46:45+00:00","description":"Sliding wall for walk-in shower, available in 100, 120, 140, 160, 180 cm. Height from 195 cm. Modern design with black profiles.","breadcrumb":{"@id":"https:\/\/www.bagnoitalia.com\/de\/produkt\/sliding-walk-in-shower-wall-with-black-profiles-8-mm-clear-glass-pr039.html#breadcrumb"},"inLanguage":"de","potentialAction":[{"@type":"ReadAction","target":["https:\/\/www.bagnoitalia.com\/de\/produkt\/sliding-walk-in-shower-wall-with-black-profiles-8-mm-clear-glass-pr039.html"]}]},{"@type":"ImageObject","inLanguage":"de","@id":"https:\/\/www.bagnoitalia.com\/de\/produkt\/sliding-walk-in-shower-wall-with-black-profiles-8-mm-clear-glass-pr039.html#primaryimage","url":"https:\/\/img.bagnoitalia.com\/wp-content\/uploads\/virtuemart\/product\/wall-walk-slide-profile-black-1.jpg","contentUrl":"https:\/\/img.bagnoitalia.com\/wp-content\/uploads\/virtuemart\/product\/wall-walk-slide-profile-black-1.jpg","width":500,"height":500},{"@type":"BreadcrumbList","@id":"https:\/\/www.bagnoitalia.com\/de\/produkt\/sliding-walk-in-shower-wall-with-black-profiles-8-mm-clear-glass-pr039.html#breadcrumb","itemListElement":[{"@type":"ListItem","position":1,"name":"Home","item":"https:\/\/www.bagnoitalia.com\/de"},{"@type":"ListItem","position":2,"name":"Produkte","item":"https:\/\/www.bagnoitalia.com\/de\/shop"},{"@type":"ListItem","position":3,"name":"Begehbare Schiebeduschwand mit schwarzen Profilen 8 mm Klarglas PR039"}]},{"@type":"WebSite","@id":"https:\/\/www.bagnoitalia.com\/de#website","url":"https:\/\/www.bagnoitalia.com\/de","name":"Bagno Italia","description":"","publisher":{"@id":"https:\/\/www.bagnoitalia.com\/de#organization"},"potentialAction":[{"@type":"SearchAction","target":{"@type":"EntryPoint","urlTemplate":"https:\/\/www.bagnoitalia.com\/de?s={search_term_string}"},"query-input":{"@type":"PropertyValueSpecification","valueRequired":true,"valueName":"search_term_string"}}],"inLanguage":"de"},{"@type":"Organization","@id":"https:\/\/www.bagnoitalia.com\/de#organization","name":"Bagno Italia","url":"https:\/\/www.bagnoitalia.com\/de","logo":{"@type":"ImageObject","inLanguage":"de","@id":"https:\/\/www.bagnoitalia.com\/de#\/schema\/logo\/image\/","url":"https:\/\/img.bagnoitalia.com\/wp-content\/uploads\/logo-bagnoitalia.webp","contentUrl":"https:\/\/img.bagnoitalia.com\/wp-content\/uploads\/logo-bagnoitalia.webp","width":400,"height":70,"caption":"Bagno Italia"},"image":{"@id":"https:\/\/www.bagnoitalia.com\/de#\/schema\/logo\/image\/"}}]}},"_links":{"self":[{"href":"https:\/\/www.bagnoitalia.com\/de\/wp-json\/wp\/v2\/product\/93579","targetHints":{"allow":["GET"]}}],"collection":[{"href":"https:\/\/www.bagnoitalia.com\/de\/wp-json\/wp\/v2\/product"}],"about":[{"href":"https:\/\/www.bagnoitalia.com\/de\/wp-json\/wp\/v2\/types\/product"}],"replies":[{"embeddable":true,"href":"https:\/\/www.bagnoitalia.com\/de\/wp-json\/wp\/v2\/comments?post=93579"}],"version-history":[{"count":3,"href":"https:\/\/www.bagnoitalia.com\/de\/wp-json\/wp\/v2\/product\/93579\/revisions"}],"predecessor-version":[{"id":115601,"href":"https:\/\/www.bagnoitalia.com\/de\/wp-json\/wp\/v2\/product\/93579\/revisions\/115601"}],"wp:featuredmedia":[{"embeddable":true,"href":"https:\/\/www.bagnoitalia.com\/de\/wp-json\/wp\/v2\/media\/58133"}],"wp:attachment":[{"href":"https:\/\/www.bagnoitalia.com\/de\/wp-json\/wp\/v2\/media?parent=93579"}],"wp:term":[{"taxonomy":"product_brand","embeddable":true,"href":"https:\/\/www.bagnoitalia.com\/de\/wp-json\/wp\/v2\/product_brand?post=93579"},{"taxonomy":"product_cat","embeddable":true,"href":"https:\/\/www.bagnoitalia.com\/de\/wp-json\/wp\/v2\/product_cat?post=93579"},{"taxonomy":"product_tag","embeddable":true,"href":"https:\/\/www.bagnoitalia.com\/de\/wp-json\/wp\/v2\/product_tag?post=93579"}],"curies":[{"name":"wp","href":"https:\/\/api.w.org\/{rel}","templated":true}]}}