{"id":93490,"date":"2022-08-04T15:05:44","date_gmt":"2022-08-04T13:05:44","guid":{"rendered":"https:\/\/www.bagnoitalia.com\/product\/speed-bathroom-cabinet-cm-50-30-or-90-60-with-washbasin-and-drawers-in-4-colours"},"modified":"2024-10-23T16:58:42","modified_gmt":"2024-10-23T14:58:42","slug":"speed-bathroom-cabinet-cm-50-30-or-90-60-with-washbasin-and-drawers-in-4-colours","status":"publish","type":"product","link":"https:\/\/www.bagnoitalia.com\/de\/produkt\/speed-bathroom-cabinet-cm-50-30-or-90-60-with-washbasin-and-drawers-in-4-colours.html","title":{"rendered":"Speed Badezimmerschrank cm 50+30 oder 90+60 mit Waschbecken und Schubladen in 4 Farben"},"content":{"rendered":"<p style=\"text-align: center;\">SPEED&#8216; BADEZIMMERSCHRANK<\/p>\n<p>&nbsp;<\/p>\n<p>&nbsp;<\/p>\n<p><img fetchpriority=\"high\" decoding=\"async\" class=\" size-full wp-image-55056\" src=\"https:\/\/img.bagnoitalia.com\/wp-content\/uploads\/mobile-bagno-moderno-sospesolavabo-50-cm.jpg\" alt=\"mobile bagno moderno sospesolavabo 50 cm\" width=\"232\" height=\"232\" srcset=\"https:\/\/img.bagnoitalia.com\/wp-content\/uploads\/mobile-bagno-moderno-sospesolavabo-50-cm.jpg 550w, https:\/\/img.bagnoitalia.com\/wp-content\/uploads\/mobile-bagno-moderno-sospesolavabo-50-cm-441x441.jpg 441w, https:\/\/img.bagnoitalia.com\/wp-content\/uploads\/mobile-bagno-moderno-sospesolavabo-50-cm-100x100.jpg 100w, https:\/\/img.bagnoitalia.com\/wp-content\/uploads\/mobile-bagno-moderno-sospesolavabo-50-cm-150x150.jpg 150w\" sizes=\"(max-width: 232px) 100vw, 232px\" \/><\/p>\n<p>Der oben genannte Preis beinhaltet:<\/p>\n<p>n. 1 Waschtischunterschrank 50xP45xH50 cm<\/p>\n<p>n. 1 Waschbecken 51xP45xH11,5 cm<\/p>\n<p>Verf\u00fcgbare Farben: Spachtelwei\u00df, Esche dunkel, Bruges Eiche, Steinwei\u00df<\/p>\n<p>ACHTUNG: SPIEGEL UND ARMATUREN SIND NICHT IM PREIS INBEGRIFFEN<\/p>\n<p>&nbsp;<\/p>\n<p><img decoding=\"async\" class=\" size-full wp-image-55060\" src=\"https:\/\/img.bagnoitalia.com\/wp-content\/uploads\/mobile-bagno-moderno-sospesolavabo-90-cm.jpg\" alt=\"mobile bagno moderno sospesolavabo 90 cm\" width=\"240\" height=\"210\" srcset=\"https:\/\/img.bagnoitalia.com\/wp-content\/uploads\/mobile-bagno-moderno-sospesolavabo-90-cm.jpg 566w, https:\/\/img.bagnoitalia.com\/wp-content\/uploads\/mobile-bagno-moderno-sospesolavabo-90-cm-441x386.jpg 441w, https:\/\/img.bagnoitalia.com\/wp-content\/uploads\/mobile-bagno-moderno-sospesolavabo-90-cm-150x131.jpg 150w\" sizes=\"(max-width: 240px) 100vw, 240px\" \/><\/p>\n<p>Der Waschtischunterschrank ist auch in 90 cm L\u00e4nge erh\u00e4ltlich;<\/p>\n<p>Sie k\u00f6nnen diese Version aus dem obigen Men\u00fc w\u00e4hlen.<\/p>\n<p>&nbsp;<\/p>\n<p>&nbsp;<\/p>\n<p>&nbsp;<\/p>\n<p>&nbsp;<\/p>\n<p>\u00dcber das Dropdown-Men\u00fc k\u00f6nnen Sie einen oder zwei Unterschr\u00e4nke mit den Ma\u00dfen 30xP45xH50 cm (mit 1 Schublade oder ganz offen) zu den Seiten des Waschtischunterschranks hinzuf\u00fcgen, um eine gr\u00f6\u00dfere Gesamtl\u00e4nge zu erhalten, wie z. B.<\/p>\n<p>50+30: Komposition aus dem 50-cm-Waschtischunterschrank + 1 30-cm-Seitenunterschrank<\/p>\n<p>90+30: Zusammensetzung aus dem Waschtischunterschrank 90cm + 1 Seitenunterschrank 30cm<\/p>\n<p>90+60: Zusammensetzung aus dem Waschtischunterschrank 90cm + 2 Seitenunterschr\u00e4nke je 30cm<\/p>\n<p>&nbsp;<\/p>\n<p>Aus dem Dropdown-Men\u00fc k\u00f6nnen Sie auch:<\/p>\n<p>&#8211; einen Hochschrank mit 2 T\u00fcren 35xT32xH150 cm kombinieren<br \/>\n&#8211; einen offenen Oberschrank 30xT20xH75 cm kombinieren<br \/>\n&#8211; einen Waschmaschinenunterschrank kombinieren, der in der niedrigen Version (ab 70xP73xH93 cm) oder in der hohen Version (ab 70xP73xH190 cm) erh\u00e4ltlich ist; in der hohen Version gibt es 2 F\u00e4cher, so dass man sowohl die Waschmaschine als auch den Trockner unterbringen kann<br \/>\nMerkmale:<\/p>\n<p>Waschtischunterschrank bestehend aus 2 Schubladen mit Slow-Close-Mechanismus (Soft-Close)<\/p>\n<p>Waschbecken aus mattwei\u00dfem Harz<\/p>\n<p>H\u00e4ngem\u00f6bel, aber es ist ausreichend, die 2 L-f\u00f6rmigen F\u00fc\u00dfe zu kombinieren, um es auf dem Boden zu installieren (Ma\u00dfe der F\u00fc\u00dfe 22x40xH28,5 cm)<\/p>\n<p>&nbsp;<\/p>\n<p>NB: der Waschmaschinenabdeckungsunterschrank ist im KIT<\/p>\n<p>&nbsp;<\/p>\n","protected":false},"excerpt":{"rendered":"<p>Modernes M\u00f6bel, bestehend aus einem 50 cm oder 90 cm hohen Unterschrank, an den 1 oder mehrere Schubladenschr\u00e4nke von je 30 cm angebaut werden k\u00f6nnen. Es ist auch m\u00f6glich, Oberschr\u00e4nke, Hochschr\u00e4nke und Waschmaschinenabdeckungen zu kombinieren.<\/p>\n","protected":false},"featured_media":54989,"comment_status":"open","ping_status":"closed","template":"","meta":[],"product_brand":[5011],"product_cat":[9716,9720,9724],"product_tag":[],"class_list":{"0":"post-93490","1":"product","2":"type-product","3":"status-publish","4":"has-post-thumbnail","6":"product_brand-baden-haus","7":"product_cat-badmobel-von-40-bis-70-cm-moderne-mobel","8":"product_cat-badmobel-von-71-bis-100-cm-moderne-mobel","9":"product_cat-badmobel-von-101-bis-220-cm-moderne-mobel","11":"first","12":"instock","13":"sale","14":"taxable","15":"shipping-taxable","16":"purchasable","17":"product-type-simple"},"exclude_global_add_ons":false,"addons":[{"name":"Abmessungen","type":"multiple_choice","position":0,"required":true,"title_format":"heading","default":"","description_enable":false,"description":"","placeholder_enable":false,"placeholder":"","display":"select","restrictions_type":"any_text","adjust_price":false,"price":"","price_type":"flat_fee","restrictions":false,"min":"0","max":"0","options":[{"label":"50 cm","price":"","price_type":"quantity_based","image":0,"visibility":true},{"label":"90 cm","price":"167.21","price_type":"quantity_based","image":0,"visibility":true}],"id":1717513134},{"name":"Farbe","type":"multiple_choice","position":1,"required":true,"title_format":"heading","default":"","description_enable":false,"description":"","placeholder_enable":false,"placeholder":"","display":"select","restrictions_type":"any_text","adjust_price":false,"price":"","price_type":"flat_fee","restrictions":false,"min":"0","max":"0","options":[{"label":"Spachtelwei\u00df","price":"","price_type":"quantity_based","image":0,"visibility":true},{"label":"dunkle Asche","price":"","price_type":"quantity_based","image":0,"visibility":true},{"label":"steinwei\u00df","price":"","price_type":"quantity_based","image":0,"visibility":true},{"label":"br\u00fcchige Eiche","price":"","price_type":"quantity_based","image":0,"visibility":true}],"id":1717513135}],"yoast_head":"<!-- This site is optimized with the Yoast SEO plugin v26.7 - https:\/\/yoast.com\/wordpress\/plugins\/seo\/ -->\n<title>Speed bathroom cabinet cm 50+30 or 90+60 with washbasin and drawers in 4 colours<\/title>\n<meta name=\"description\" content=\"Modern furniture consisting of a 50 cm or 90 cm base unit, to which 1 or more drawer units of 30 cm each can be added. It is also possible to combine wall units, tall units and washing machine covers.\" \/>\n<meta name=\"robots\" content=\"index, follow, max-snippet:-1, max-image-preview:large, max-video-preview:-1\" \/>\n<link rel=\"canonical\" href=\"https:\/\/www.bagnoitalia.com\/de\/produkt\/speed-bathroom-cabinet-cm-50-30-or-90-60-with-washbasin-and-drawers-in-4-colours.html\" \/>\n<meta property=\"og:locale\" content=\"de_DE\" \/>\n<meta property=\"og:type\" content=\"article\" \/>\n<meta property=\"og:title\" content=\"Speed bathroom cabinet cm 50+30 or 90+60 with washbasin and drawers in 4 colours\" \/>\n<meta property=\"og:description\" content=\"Modern furniture consisting of a 50 cm or 90 cm base unit, to which 1 or more drawer units of 30 cm each can be added. It is also possible to combine wall units, tall units and washing machine covers.\" \/>\n<meta property=\"og:url\" content=\"https:\/\/www.bagnoitalia.com\/de\/produkt\/speed-bathroom-cabinet-cm-50-30-or-90-60-with-washbasin-and-drawers-in-4-colours.html\" \/>\n<meta property=\"og:site_name\" content=\"Bagno Italia\" \/>\n<meta property=\"article:modified_time\" content=\"2024-10-23T14:58:42+00:00\" \/>\n<meta property=\"og:image\" content=\"https:\/\/img.bagnoitalia.com\/wp-content\/uploads\/virtuemart\/product\/M0B-0997-1.jpg\" \/>\n\t<meta property=\"og:image:width\" content=\"550\" \/>\n\t<meta property=\"og:image:height\" content=\"550\" \/>\n\t<meta property=\"og:image:type\" content=\"image\/jpeg\" \/>\n<meta name=\"twitter:card\" content=\"summary_large_image\" \/>\n<meta name=\"twitter:label1\" content=\"Gesch\u00e4tzte Lesezeit\" \/>\n\t<meta name=\"twitter:data1\" content=\"2\u00a0Minuten\" \/>\n<script type=\"application\/ld+json\" class=\"yoast-schema-graph\">{\"@context\":\"https:\/\/schema.org\",\"@graph\":[{\"@type\":\"WebPage\",\"@id\":\"https:\/\/www.bagnoitalia.com\/de\/produkt\/speed-bathroom-cabinet-cm-50-30-or-90-60-with-washbasin-and-drawers-in-4-colours.html\",\"url\":\"https:\/\/www.bagnoitalia.com\/de\/produkt\/speed-bathroom-cabinet-cm-50-30-or-90-60-with-washbasin-and-drawers-in-4-colours.html\",\"name\":\"Speed bathroom cabinet cm 50+30 or 90+60 with washbasin and drawers in 4 colours\",\"isPartOf\":{\"@id\":\"https:\/\/www.bagnoitalia.com\/de#website\"},\"primaryImageOfPage\":{\"@id\":\"https:\/\/www.bagnoitalia.com\/de\/produkt\/speed-bathroom-cabinet-cm-50-30-or-90-60-with-washbasin-and-drawers-in-4-colours.html#primaryimage\"},\"image\":{\"@id\":\"https:\/\/www.bagnoitalia.com\/de\/produkt\/speed-bathroom-cabinet-cm-50-30-or-90-60-with-washbasin-and-drawers-in-4-colours.html#primaryimage\"},\"thumbnailUrl\":\"https:\/\/img.bagnoitalia.com\/wp-content\/uploads\/virtuemart\/product\/M0B-0997-1.jpg\",\"datePublished\":\"2022-08-04T13:05:44+00:00\",\"dateModified\":\"2024-10-23T14:58:42+00:00\",\"description\":\"Modern furniture consisting of a 50 cm or 90 cm base unit, to which 1 or more drawer units of 30 cm each can be added. It is also possible to combine wall units, tall units and washing machine covers.\",\"breadcrumb\":{\"@id\":\"https:\/\/www.bagnoitalia.com\/de\/produkt\/speed-bathroom-cabinet-cm-50-30-or-90-60-with-washbasin-and-drawers-in-4-colours.html#breadcrumb\"},\"inLanguage\":\"de\",\"potentialAction\":[{\"@type\":\"ReadAction\",\"target\":[\"https:\/\/www.bagnoitalia.com\/de\/produkt\/speed-bathroom-cabinet-cm-50-30-or-90-60-with-washbasin-and-drawers-in-4-colours.html\"]}]},{\"@type\":\"ImageObject\",\"inLanguage\":\"de\",\"@id\":\"https:\/\/www.bagnoitalia.com\/de\/produkt\/speed-bathroom-cabinet-cm-50-30-or-90-60-with-washbasin-and-drawers-in-4-colours.html#primaryimage\",\"url\":\"https:\/\/img.bagnoitalia.com\/wp-content\/uploads\/virtuemart\/product\/M0B-0997-1.jpg\",\"contentUrl\":\"https:\/\/img.bagnoitalia.com\/wp-content\/uploads\/virtuemart\/product\/M0B-0997-1.jpg\",\"width\":550,\"height\":550},{\"@type\":\"BreadcrumbList\",\"@id\":\"https:\/\/www.bagnoitalia.com\/de\/produkt\/speed-bathroom-cabinet-cm-50-30-or-90-60-with-washbasin-and-drawers-in-4-colours.html#breadcrumb\",\"itemListElement\":[{\"@type\":\"ListItem\",\"position\":1,\"name\":\"Home\",\"item\":\"https:\/\/www.bagnoitalia.com\/de\"},{\"@type\":\"ListItem\",\"position\":2,\"name\":\"Produkte\",\"item\":\"https:\/\/www.bagnoitalia.com\/de\/shop\"},{\"@type\":\"ListItem\",\"position\":3,\"name\":\"Speed Badezimmerschrank cm 50+30 oder 90+60 mit Waschbecken und Schubladen in 4 Farben\"}]},{\"@type\":\"WebSite\",\"@id\":\"https:\/\/www.bagnoitalia.com\/de#website\",\"url\":\"https:\/\/www.bagnoitalia.com\/de\",\"name\":\"Bagno Italia\",\"description\":\"\",\"publisher\":{\"@id\":\"https:\/\/www.bagnoitalia.com\/de#organization\"},\"potentialAction\":[{\"@type\":\"SearchAction\",\"target\":{\"@type\":\"EntryPoint\",\"urlTemplate\":\"https:\/\/www.bagnoitalia.com\/de?s={search_term_string}\"},\"query-input\":{\"@type\":\"PropertyValueSpecification\",\"valueRequired\":true,\"valueName\":\"search_term_string\"}}],\"inLanguage\":\"de\"},{\"@type\":\"Organization\",\"@id\":\"https:\/\/www.bagnoitalia.com\/de#organization\",\"name\":\"Bagno Italia\",\"url\":\"https:\/\/www.bagnoitalia.com\/de\",\"logo\":{\"@type\":\"ImageObject\",\"inLanguage\":\"de\",\"@id\":\"https:\/\/www.bagnoitalia.com\/de#\/schema\/logo\/image\/\",\"url\":\"https:\/\/img.bagnoitalia.com\/wp-content\/uploads\/logo-bagnoitalia.webp\",\"contentUrl\":\"https:\/\/img.bagnoitalia.com\/wp-content\/uploads\/logo-bagnoitalia.webp\",\"width\":400,\"height\":70,\"caption\":\"Bagno Italia\"},\"image\":{\"@id\":\"https:\/\/www.bagnoitalia.com\/de#\/schema\/logo\/image\/\"}}]}<\/script>\n<!-- \/ Yoast SEO plugin. -->","yoast_head_json":{"title":"Speed bathroom cabinet cm 50+30 or 90+60 with washbasin and drawers in 4 colours","description":"Modern furniture consisting of a 50 cm or 90 cm base unit, to which 1 or more drawer units of 30 cm each can be added. It is also possible to combine wall units, tall units and washing machine covers.","robots":{"index":"index","follow":"follow","max-snippet":"max-snippet:-1","max-image-preview":"max-image-preview:large","max-video-preview":"max-video-preview:-1"},"canonical":"https:\/\/www.bagnoitalia.com\/de\/produkt\/speed-bathroom-cabinet-cm-50-30-or-90-60-with-washbasin-and-drawers-in-4-colours.html","og_locale":"de_DE","og_type":"article","og_title":"Speed bathroom cabinet cm 50+30 or 90+60 with washbasin and drawers in 4 colours","og_description":"Modern furniture consisting of a 50 cm or 90 cm base unit, to which 1 or more drawer units of 30 cm each can be added. It is also possible to combine wall units, tall units and washing machine covers.","og_url":"https:\/\/www.bagnoitalia.com\/de\/produkt\/speed-bathroom-cabinet-cm-50-30-or-90-60-with-washbasin-and-drawers-in-4-colours.html","og_site_name":"Bagno Italia","article_modified_time":"2024-10-23T14:58:42+00:00","og_image":[{"width":550,"height":550,"url":"https:\/\/img.bagnoitalia.com\/wp-content\/uploads\/virtuemart\/product\/M0B-0997-1.jpg","type":"image\/jpeg"}],"twitter_card":"summary_large_image","twitter_misc":{"Gesch\u00e4tzte Lesezeit":"2\u00a0Minuten"},"schema":{"@context":"https:\/\/schema.org","@graph":[{"@type":"WebPage","@id":"https:\/\/www.bagnoitalia.com\/de\/produkt\/speed-bathroom-cabinet-cm-50-30-or-90-60-with-washbasin-and-drawers-in-4-colours.html","url":"https:\/\/www.bagnoitalia.com\/de\/produkt\/speed-bathroom-cabinet-cm-50-30-or-90-60-with-washbasin-and-drawers-in-4-colours.html","name":"Speed bathroom cabinet cm 50+30 or 90+60 with washbasin and drawers in 4 colours","isPartOf":{"@id":"https:\/\/www.bagnoitalia.com\/de#website"},"primaryImageOfPage":{"@id":"https:\/\/www.bagnoitalia.com\/de\/produkt\/speed-bathroom-cabinet-cm-50-30-or-90-60-with-washbasin-and-drawers-in-4-colours.html#primaryimage"},"image":{"@id":"https:\/\/www.bagnoitalia.com\/de\/produkt\/speed-bathroom-cabinet-cm-50-30-or-90-60-with-washbasin-and-drawers-in-4-colours.html#primaryimage"},"thumbnailUrl":"https:\/\/img.bagnoitalia.com\/wp-content\/uploads\/virtuemart\/product\/M0B-0997-1.jpg","datePublished":"2022-08-04T13:05:44+00:00","dateModified":"2024-10-23T14:58:42+00:00","description":"Modern furniture consisting of a 50 cm or 90 cm base unit, to which 1 or more drawer units of 30 cm each can be added. It is also possible to combine wall units, tall units and washing machine covers.","breadcrumb":{"@id":"https:\/\/www.bagnoitalia.com\/de\/produkt\/speed-bathroom-cabinet-cm-50-30-or-90-60-with-washbasin-and-drawers-in-4-colours.html#breadcrumb"},"inLanguage":"de","potentialAction":[{"@type":"ReadAction","target":["https:\/\/www.bagnoitalia.com\/de\/produkt\/speed-bathroom-cabinet-cm-50-30-or-90-60-with-washbasin-and-drawers-in-4-colours.html"]}]},{"@type":"ImageObject","inLanguage":"de","@id":"https:\/\/www.bagnoitalia.com\/de\/produkt\/speed-bathroom-cabinet-cm-50-30-or-90-60-with-washbasin-and-drawers-in-4-colours.html#primaryimage","url":"https:\/\/img.bagnoitalia.com\/wp-content\/uploads\/virtuemart\/product\/M0B-0997-1.jpg","contentUrl":"https:\/\/img.bagnoitalia.com\/wp-content\/uploads\/virtuemart\/product\/M0B-0997-1.jpg","width":550,"height":550},{"@type":"BreadcrumbList","@id":"https:\/\/www.bagnoitalia.com\/de\/produkt\/speed-bathroom-cabinet-cm-50-30-or-90-60-with-washbasin-and-drawers-in-4-colours.html#breadcrumb","itemListElement":[{"@type":"ListItem","position":1,"name":"Home","item":"https:\/\/www.bagnoitalia.com\/de"},{"@type":"ListItem","position":2,"name":"Produkte","item":"https:\/\/www.bagnoitalia.com\/de\/shop"},{"@type":"ListItem","position":3,"name":"Speed Badezimmerschrank cm 50+30 oder 90+60 mit Waschbecken und Schubladen in 4 Farben"}]},{"@type":"WebSite","@id":"https:\/\/www.bagnoitalia.com\/de#website","url":"https:\/\/www.bagnoitalia.com\/de","name":"Bagno Italia","description":"","publisher":{"@id":"https:\/\/www.bagnoitalia.com\/de#organization"},"potentialAction":[{"@type":"SearchAction","target":{"@type":"EntryPoint","urlTemplate":"https:\/\/www.bagnoitalia.com\/de?s={search_term_string}"},"query-input":{"@type":"PropertyValueSpecification","valueRequired":true,"valueName":"search_term_string"}}],"inLanguage":"de"},{"@type":"Organization","@id":"https:\/\/www.bagnoitalia.com\/de#organization","name":"Bagno Italia","url":"https:\/\/www.bagnoitalia.com\/de","logo":{"@type":"ImageObject","inLanguage":"de","@id":"https:\/\/www.bagnoitalia.com\/de#\/schema\/logo\/image\/","url":"https:\/\/img.bagnoitalia.com\/wp-content\/uploads\/logo-bagnoitalia.webp","contentUrl":"https:\/\/img.bagnoitalia.com\/wp-content\/uploads\/logo-bagnoitalia.webp","width":400,"height":70,"caption":"Bagno Italia"},"image":{"@id":"https:\/\/www.bagnoitalia.com\/de#\/schema\/logo\/image\/"}}]}},"_links":{"self":[{"href":"https:\/\/www.bagnoitalia.com\/de\/wp-json\/wp\/v2\/product\/93490","targetHints":{"allow":["GET"]}}],"collection":[{"href":"https:\/\/www.bagnoitalia.com\/de\/wp-json\/wp\/v2\/product"}],"about":[{"href":"https:\/\/www.bagnoitalia.com\/de\/wp-json\/wp\/v2\/types\/product"}],"replies":[{"embeddable":true,"href":"https:\/\/www.bagnoitalia.com\/de\/wp-json\/wp\/v2\/comments?post=93490"}],"version-history":[{"count":2,"href":"https:\/\/www.bagnoitalia.com\/de\/wp-json\/wp\/v2\/product\/93490\/revisions"}],"predecessor-version":[{"id":93493,"href":"https:\/\/www.bagnoitalia.com\/de\/wp-json\/wp\/v2\/product\/93490\/revisions\/93493"}],"wp:featuredmedia":[{"embeddable":true,"href":"https:\/\/www.bagnoitalia.com\/de\/wp-json\/wp\/v2\/media\/54989"}],"wp:attachment":[{"href":"https:\/\/www.bagnoitalia.com\/de\/wp-json\/wp\/v2\/media?parent=93490"}],"wp:term":[{"taxonomy":"product_brand","embeddable":true,"href":"https:\/\/www.bagnoitalia.com\/de\/wp-json\/wp\/v2\/product_brand?post=93490"},{"taxonomy":"product_cat","embeddable":true,"href":"https:\/\/www.bagnoitalia.com\/de\/wp-json\/wp\/v2\/product_cat?post=93490"},{"taxonomy":"product_tag","embeddable":true,"href":"https:\/\/www.bagnoitalia.com\/de\/wp-json\/wp\/v2\/product_tag?post=93490"}],"curies":[{"name":"wp","href":"https:\/\/api.w.org\/{rel}","templated":true}]}}