{"id":93475,"date":"2020-02-03T15:50:57","date_gmt":"2020-02-03T14:50:57","guid":{"rendered":"https:\/\/www.bagnoitalia.com\/product\/90-cm-bathroom-cabinet-with-lateral-or-decentralized-drawer-unit-in-gray-or-taupe-maya-model"},"modified":"2024-10-23T16:29:06","modified_gmt":"2024-10-23T14:29:06","slug":"90-cm-bathroom-cabinet-with-lateral-or-decentralized-drawer-unit-in-gray-or-taupe-maya-model","status":"publish","type":"product","link":"https:\/\/www.bagnoitalia.com\/de\/produkt\/90-cm-bathroom-cabinet-with-lateral-or-decentralized-drawer-unit-in-gray-or-taupe-maya-model.html","title":{"rendered":"Badezimmerschrank 90 cm mit seitlichem oder dezentralem Schubladenelement in Grau oder Taupe Modell Maya"},"content":{"rendered":"<p>MAYA BADEZIMMERSCHRANK<\/p>\n<p>&nbsp;<\/p>\n<p>ACHTUNG: DIE M\u00d6BEL SIND IM ANGEBOT, DAHER WIRD DIE KOMPOSITION AUSSCHLIESSLICH KOMPLETT MIT SPIEGEL UND SCHUBLADENBLOCK VERKAUFT<\/p>\n<p>&nbsp;<\/p>\n<p>Der oben genannte Preis beinhaltet:<\/p>\n<p>&nbsp;<\/p>\n<p>n \u00b0 1 Badezimmerschrank 90xP47xH35 cm<\/p>\n<p>n \u00b0 1 Keramik-Waschbecken (Innenma\u00dfe 50x26x14 cm)<\/p>\n<p>n \u00b0 1 Schubladenelement 90xP45xH35 (das unten, an der Seite oder dezentral an der Basis positioniert werden kann)<\/p>\n<p>n \u00b0 1 Spiegel mit abgerundeten Ecken 60xH100 cm<\/p>\n<p>Verf\u00fcgbare Farben: pastellgrau und pastelltaubengrau<\/p>\n<p>&nbsp;<\/p>\n<p>PRODUKT-DETAILS:<\/p>\n<p>Struktur aus Melamin<\/p>\n<p>Langsam schlie\u00dfende Schubladen<\/p>\n<p>Waschbecken aus Keramik<\/p>\n<p>\u00d6ffnung mit Kehle (ohne Griffe)<\/p>\n<p>&nbsp;<\/p>\n<p>AUS DEM SEITENMEN\u00dc IST ES M\u00d6GLICH, EINE ANGEH\u00c4NGTE S\u00c4ULE 30x25x115 CM MIT EINEM REGAL INNEN ANZUGEBEN<\/p>\n<p>&nbsp;<\/p>\n<p>NB: ABFLUSS UND ARMATUREN NICHT IM PREIS ENTHALTEN<\/p>\n<p>&nbsp;<\/p>\n","protected":false},"excerpt":{"rendered":"<p>Modernes H\u00e4ngebadm\u00f6bel mit Waschbecken und mit unabh\u00e4ngigem 90cm Schubladenelement, das unter dem Sockel, dezentral oder seitlich positioniert werden kann (so dass Sie eine Gesamtgr\u00f6\u00dfe von 90cm bis 180cm erhalten k\u00f6nnen).<\/p>\n","protected":false},"featured_media":45603,"comment_status":"open","ping_status":"closed","template":"","meta":[],"product_brand":[5018],"product_cat":[9720,9724],"product_tag":[],"class_list":{"0":"post-93475","1":"product","2":"type-product","3":"status-publish","4":"has-post-thumbnail","6":"product_brand-brand-store","7":"product_cat-badmobel-von-71-bis-100-cm-moderne-mobel","8":"product_cat-badmobel-von-101-bis-220-cm-moderne-mobel","10":"first","11":"instock","12":"sale","13":"taxable","14":"shipping-taxable","15":"purchasable","16":"product-type-simple"},"exclude_global_add_ons":false,"addons":[{"name":"Farbe","type":"multiple_choice","position":0,"required":true,"title_format":"heading","default":"","description_enable":false,"description":"","placeholder_enable":false,"placeholder":"","display":"select","restrictions_type":"any_text","adjust_price":false,"price":"","price_type":"flat_fee","restrictions":false,"min":"0","max":"0","options":[{"label":"taubengrau","price":"","price_type":"quantity_based","image":0,"visibility":true},{"label":"grau","price":"","price_type":"quantity_based","image":0,"visibility":true}],"id":1717512849},{"name":"S\u00e4ule","type":"multiple_choice","position":1,"required":true,"title_format":"heading","default":"","description_enable":false,"description":"","placeholder_enable":false,"placeholder":"","display":"select","restrictions_type":"any_text","adjust_price":false,"price":"","price_type":"flat_fee","restrictions":false,"min":"0","max":"0","options":[{"label":"keine Spalte","price":"","price_type":"quantity_based","image":0,"visibility":true},{"label":"graue S\u00e4ule 30x25x115 cm","price":"139","price_type":"quantity_based","image":0,"visibility":true},{"label":"Taube graue S\u00e4ule 30x25x115 cm","price":"139","price_type":"quantity_based","image":0,"visibility":true}],"id":1717512850},{"name":"Wandleuchte","type":"multiple_choice","position":2,"required":true,"title_format":"heading","default":"","description_enable":false,"description":"","placeholder_enable":false,"placeholder":"","display":"select","restrictions_type":"any_text","adjust_price":false,"price":"","price_type":"flat_fee","restrictions":false,"min":"0","max":"0","options":[{"label":"keine Wandleuchte","price":"","price_type":"quantity_based","image":0,"visibility":true},{"label":"Verchromte Led-Wandleuchte","price":"20","price_type":"quantity_based","image":0,"visibility":true},{"label":"led-wandleuchte schwarz","price":"25","price_type":"quantity_based","image":0,"visibility":true}],"id":1717512851}],"yoast_head":"<!-- This site is optimized with the Yoast SEO plugin v26.7 - https:\/\/yoast.com\/wordpress\/plugins\/seo\/ -->\n<title>90 cm bathroom cabinet with lateral or decentralized drawer unit in gray or taupe Maya model<\/title>\n<meta name=\"description\" content=\"Modern suspended bathroom furniture with sink and with independent 90cm drawer unit that can be positioned under the base, or decentralized, or laterally (so you can obtain a total size ranging from 90cm to 180cm).\" \/>\n<meta name=\"robots\" content=\"index, follow, max-snippet:-1, max-image-preview:large, max-video-preview:-1\" \/>\n<link rel=\"canonical\" href=\"https:\/\/www.bagnoitalia.com\/de\/produkt\/90-cm-bathroom-cabinet-with-lateral-or-decentralized-drawer-unit-in-gray-or-taupe-maya-model.html\" \/>\n<meta property=\"og:locale\" content=\"de_DE\" \/>\n<meta property=\"og:type\" content=\"article\" \/>\n<meta property=\"og:title\" content=\"90 cm bathroom cabinet with lateral or decentralized drawer unit in gray or taupe Maya model\" \/>\n<meta property=\"og:description\" content=\"Modern suspended bathroom furniture with sink and with independent 90cm drawer unit that can be positioned under the base, or decentralized, or laterally (so you can obtain a total size ranging from 90cm to 180cm).\" \/>\n<meta property=\"og:url\" content=\"https:\/\/www.bagnoitalia.com\/de\/produkt\/90-cm-bathroom-cabinet-with-lateral-or-decentralized-drawer-unit-in-gray-or-taupe-maya-model.html\" \/>\n<meta property=\"og:site_name\" content=\"Bagno Italia\" \/>\n<meta property=\"article:modified_time\" content=\"2024-10-23T14:29:06+00:00\" \/>\n<meta property=\"og:image\" content=\"https:\/\/img.bagnoitalia.com\/wp-content\/uploads\/virtuemart\/product\/90-cm-bathroom-cabinet-maya-3333_1580745141_797.jpg\" \/>\n\t<meta property=\"og:image:width\" content=\"550\" \/>\n\t<meta property=\"og:image:height\" content=\"550\" \/>\n\t<meta property=\"og:image:type\" content=\"image\/jpeg\" \/>\n<meta name=\"twitter:card\" content=\"summary_large_image\" \/>\n<meta name=\"twitter:label1\" content=\"Gesch\u00e4tzte Lesezeit\" \/>\n\t<meta name=\"twitter:data1\" content=\"1\u00a0Minute\" \/>\n<script type=\"application\/ld+json\" class=\"yoast-schema-graph\">{\"@context\":\"https:\/\/schema.org\",\"@graph\":[{\"@type\":\"WebPage\",\"@id\":\"https:\/\/www.bagnoitalia.com\/de\/produkt\/90-cm-bathroom-cabinet-with-lateral-or-decentralized-drawer-unit-in-gray-or-taupe-maya-model.html\",\"url\":\"https:\/\/www.bagnoitalia.com\/de\/produkt\/90-cm-bathroom-cabinet-with-lateral-or-decentralized-drawer-unit-in-gray-or-taupe-maya-model.html\",\"name\":\"90 cm bathroom cabinet with lateral or decentralized drawer unit in gray or taupe Maya model\",\"isPartOf\":{\"@id\":\"https:\/\/www.bagnoitalia.com\/de#website\"},\"primaryImageOfPage\":{\"@id\":\"https:\/\/www.bagnoitalia.com\/de\/produkt\/90-cm-bathroom-cabinet-with-lateral-or-decentralized-drawer-unit-in-gray-or-taupe-maya-model.html#primaryimage\"},\"image\":{\"@id\":\"https:\/\/www.bagnoitalia.com\/de\/produkt\/90-cm-bathroom-cabinet-with-lateral-or-decentralized-drawer-unit-in-gray-or-taupe-maya-model.html#primaryimage\"},\"thumbnailUrl\":\"https:\/\/img.bagnoitalia.com\/wp-content\/uploads\/virtuemart\/product\/90-cm-bathroom-cabinet-maya-3333_1580745141_797.jpg\",\"datePublished\":\"2020-02-03T14:50:57+00:00\",\"dateModified\":\"2024-10-23T14:29:06+00:00\",\"description\":\"Modern suspended bathroom furniture with sink and with independent 90cm drawer unit that can be positioned under the base, or decentralized, or laterally (so you can obtain a total size ranging from 90cm to 180cm).\",\"breadcrumb\":{\"@id\":\"https:\/\/www.bagnoitalia.com\/de\/produkt\/90-cm-bathroom-cabinet-with-lateral-or-decentralized-drawer-unit-in-gray-or-taupe-maya-model.html#breadcrumb\"},\"inLanguage\":\"de\",\"potentialAction\":[{\"@type\":\"ReadAction\",\"target\":[\"https:\/\/www.bagnoitalia.com\/de\/produkt\/90-cm-bathroom-cabinet-with-lateral-or-decentralized-drawer-unit-in-gray-or-taupe-maya-model.html\"]}]},{\"@type\":\"ImageObject\",\"inLanguage\":\"de\",\"@id\":\"https:\/\/www.bagnoitalia.com\/de\/produkt\/90-cm-bathroom-cabinet-with-lateral-or-decentralized-drawer-unit-in-gray-or-taupe-maya-model.html#primaryimage\",\"url\":\"https:\/\/img.bagnoitalia.com\/wp-content\/uploads\/virtuemart\/product\/90-cm-bathroom-cabinet-maya-3333_1580745141_797.jpg\",\"contentUrl\":\"https:\/\/img.bagnoitalia.com\/wp-content\/uploads\/virtuemart\/product\/90-cm-bathroom-cabinet-maya-3333_1580745141_797.jpg\",\"width\":550,\"height\":550},{\"@type\":\"BreadcrumbList\",\"@id\":\"https:\/\/www.bagnoitalia.com\/de\/produkt\/90-cm-bathroom-cabinet-with-lateral-or-decentralized-drawer-unit-in-gray-or-taupe-maya-model.html#breadcrumb\",\"itemListElement\":[{\"@type\":\"ListItem\",\"position\":1,\"name\":\"Home\",\"item\":\"https:\/\/www.bagnoitalia.com\/de\"},{\"@type\":\"ListItem\",\"position\":2,\"name\":\"Produkte\",\"item\":\"https:\/\/www.bagnoitalia.com\/de\/shop\"},{\"@type\":\"ListItem\",\"position\":3,\"name\":\"Badezimmerschrank 90 cm mit seitlichem oder dezentralem Schubladenelement in Grau oder Taupe Modell Maya\"}]},{\"@type\":\"WebSite\",\"@id\":\"https:\/\/www.bagnoitalia.com\/de#website\",\"url\":\"https:\/\/www.bagnoitalia.com\/de\",\"name\":\"Bagno Italia\",\"description\":\"\",\"publisher\":{\"@id\":\"https:\/\/www.bagnoitalia.com\/de#organization\"},\"potentialAction\":[{\"@type\":\"SearchAction\",\"target\":{\"@type\":\"EntryPoint\",\"urlTemplate\":\"https:\/\/www.bagnoitalia.com\/de?s={search_term_string}\"},\"query-input\":{\"@type\":\"PropertyValueSpecification\",\"valueRequired\":true,\"valueName\":\"search_term_string\"}}],\"inLanguage\":\"de\"},{\"@type\":\"Organization\",\"@id\":\"https:\/\/www.bagnoitalia.com\/de#organization\",\"name\":\"Bagno Italia\",\"url\":\"https:\/\/www.bagnoitalia.com\/de\",\"logo\":{\"@type\":\"ImageObject\",\"inLanguage\":\"de\",\"@id\":\"https:\/\/www.bagnoitalia.com\/de#\/schema\/logo\/image\/\",\"url\":\"https:\/\/img.bagnoitalia.com\/wp-content\/uploads\/logo-bagnoitalia.webp\",\"contentUrl\":\"https:\/\/img.bagnoitalia.com\/wp-content\/uploads\/logo-bagnoitalia.webp\",\"width\":400,\"height\":70,\"caption\":\"Bagno Italia\"},\"image\":{\"@id\":\"https:\/\/www.bagnoitalia.com\/de#\/schema\/logo\/image\/\"}}]}<\/script>\n<!-- \/ Yoast SEO plugin. -->","yoast_head_json":{"title":"90 cm bathroom cabinet with lateral or decentralized drawer unit in gray or taupe Maya model","description":"Modern suspended bathroom furniture with sink and with independent 90cm drawer unit that can be positioned under the base, or decentralized, or laterally (so you can obtain a total size ranging from 90cm to 180cm).","robots":{"index":"index","follow":"follow","max-snippet":"max-snippet:-1","max-image-preview":"max-image-preview:large","max-video-preview":"max-video-preview:-1"},"canonical":"https:\/\/www.bagnoitalia.com\/de\/produkt\/90-cm-bathroom-cabinet-with-lateral-or-decentralized-drawer-unit-in-gray-or-taupe-maya-model.html","og_locale":"de_DE","og_type":"article","og_title":"90 cm bathroom cabinet with lateral or decentralized drawer unit in gray or taupe Maya model","og_description":"Modern suspended bathroom furniture with sink and with independent 90cm drawer unit that can be positioned under the base, or decentralized, or laterally (so you can obtain a total size ranging from 90cm to 180cm).","og_url":"https:\/\/www.bagnoitalia.com\/de\/produkt\/90-cm-bathroom-cabinet-with-lateral-or-decentralized-drawer-unit-in-gray-or-taupe-maya-model.html","og_site_name":"Bagno Italia","article_modified_time":"2024-10-23T14:29:06+00:00","og_image":[{"width":550,"height":550,"url":"https:\/\/img.bagnoitalia.com\/wp-content\/uploads\/virtuemart\/product\/90-cm-bathroom-cabinet-maya-3333_1580745141_797.jpg","type":"image\/jpeg"}],"twitter_card":"summary_large_image","twitter_misc":{"Gesch\u00e4tzte Lesezeit":"1\u00a0Minute"},"schema":{"@context":"https:\/\/schema.org","@graph":[{"@type":"WebPage","@id":"https:\/\/www.bagnoitalia.com\/de\/produkt\/90-cm-bathroom-cabinet-with-lateral-or-decentralized-drawer-unit-in-gray-or-taupe-maya-model.html","url":"https:\/\/www.bagnoitalia.com\/de\/produkt\/90-cm-bathroom-cabinet-with-lateral-or-decentralized-drawer-unit-in-gray-or-taupe-maya-model.html","name":"90 cm bathroom cabinet with lateral or decentralized drawer unit in gray or taupe Maya model","isPartOf":{"@id":"https:\/\/www.bagnoitalia.com\/de#website"},"primaryImageOfPage":{"@id":"https:\/\/www.bagnoitalia.com\/de\/produkt\/90-cm-bathroom-cabinet-with-lateral-or-decentralized-drawer-unit-in-gray-or-taupe-maya-model.html#primaryimage"},"image":{"@id":"https:\/\/www.bagnoitalia.com\/de\/produkt\/90-cm-bathroom-cabinet-with-lateral-or-decentralized-drawer-unit-in-gray-or-taupe-maya-model.html#primaryimage"},"thumbnailUrl":"https:\/\/img.bagnoitalia.com\/wp-content\/uploads\/virtuemart\/product\/90-cm-bathroom-cabinet-maya-3333_1580745141_797.jpg","datePublished":"2020-02-03T14:50:57+00:00","dateModified":"2024-10-23T14:29:06+00:00","description":"Modern suspended bathroom furniture with sink and with independent 90cm drawer unit that can be positioned under the base, or decentralized, or laterally (so you can obtain a total size ranging from 90cm to 180cm).","breadcrumb":{"@id":"https:\/\/www.bagnoitalia.com\/de\/produkt\/90-cm-bathroom-cabinet-with-lateral-or-decentralized-drawer-unit-in-gray-or-taupe-maya-model.html#breadcrumb"},"inLanguage":"de","potentialAction":[{"@type":"ReadAction","target":["https:\/\/www.bagnoitalia.com\/de\/produkt\/90-cm-bathroom-cabinet-with-lateral-or-decentralized-drawer-unit-in-gray-or-taupe-maya-model.html"]}]},{"@type":"ImageObject","inLanguage":"de","@id":"https:\/\/www.bagnoitalia.com\/de\/produkt\/90-cm-bathroom-cabinet-with-lateral-or-decentralized-drawer-unit-in-gray-or-taupe-maya-model.html#primaryimage","url":"https:\/\/img.bagnoitalia.com\/wp-content\/uploads\/virtuemart\/product\/90-cm-bathroom-cabinet-maya-3333_1580745141_797.jpg","contentUrl":"https:\/\/img.bagnoitalia.com\/wp-content\/uploads\/virtuemart\/product\/90-cm-bathroom-cabinet-maya-3333_1580745141_797.jpg","width":550,"height":550},{"@type":"BreadcrumbList","@id":"https:\/\/www.bagnoitalia.com\/de\/produkt\/90-cm-bathroom-cabinet-with-lateral-or-decentralized-drawer-unit-in-gray-or-taupe-maya-model.html#breadcrumb","itemListElement":[{"@type":"ListItem","position":1,"name":"Home","item":"https:\/\/www.bagnoitalia.com\/de"},{"@type":"ListItem","position":2,"name":"Produkte","item":"https:\/\/www.bagnoitalia.com\/de\/shop"},{"@type":"ListItem","position":3,"name":"Badezimmerschrank 90 cm mit seitlichem oder dezentralem Schubladenelement in Grau oder Taupe Modell Maya"}]},{"@type":"WebSite","@id":"https:\/\/www.bagnoitalia.com\/de#website","url":"https:\/\/www.bagnoitalia.com\/de","name":"Bagno Italia","description":"","publisher":{"@id":"https:\/\/www.bagnoitalia.com\/de#organization"},"potentialAction":[{"@type":"SearchAction","target":{"@type":"EntryPoint","urlTemplate":"https:\/\/www.bagnoitalia.com\/de?s={search_term_string}"},"query-input":{"@type":"PropertyValueSpecification","valueRequired":true,"valueName":"search_term_string"}}],"inLanguage":"de"},{"@type":"Organization","@id":"https:\/\/www.bagnoitalia.com\/de#organization","name":"Bagno Italia","url":"https:\/\/www.bagnoitalia.com\/de","logo":{"@type":"ImageObject","inLanguage":"de","@id":"https:\/\/www.bagnoitalia.com\/de#\/schema\/logo\/image\/","url":"https:\/\/img.bagnoitalia.com\/wp-content\/uploads\/logo-bagnoitalia.webp","contentUrl":"https:\/\/img.bagnoitalia.com\/wp-content\/uploads\/logo-bagnoitalia.webp","width":400,"height":70,"caption":"Bagno Italia"},"image":{"@id":"https:\/\/www.bagnoitalia.com\/de#\/schema\/logo\/image\/"}}]}},"_links":{"self":[{"href":"https:\/\/www.bagnoitalia.com\/de\/wp-json\/wp\/v2\/product\/93475","targetHints":{"allow":["GET"]}}],"collection":[{"href":"https:\/\/www.bagnoitalia.com\/de\/wp-json\/wp\/v2\/product"}],"about":[{"href":"https:\/\/www.bagnoitalia.com\/de\/wp-json\/wp\/v2\/types\/product"}],"replies":[{"embeddable":true,"href":"https:\/\/www.bagnoitalia.com\/de\/wp-json\/wp\/v2\/comments?post=93475"}],"version-history":[{"count":2,"href":"https:\/\/www.bagnoitalia.com\/de\/wp-json\/wp\/v2\/product\/93475\/revisions"}],"predecessor-version":[{"id":93478,"href":"https:\/\/www.bagnoitalia.com\/de\/wp-json\/wp\/v2\/product\/93475\/revisions\/93478"}],"wp:featuredmedia":[{"embeddable":true,"href":"https:\/\/www.bagnoitalia.com\/de\/wp-json\/wp\/v2\/media\/45603"}],"wp:attachment":[{"href":"https:\/\/www.bagnoitalia.com\/de\/wp-json\/wp\/v2\/media?parent=93475"}],"wp:term":[{"taxonomy":"product_brand","embeddable":true,"href":"https:\/\/www.bagnoitalia.com\/de\/wp-json\/wp\/v2\/product_brand?post=93475"},{"taxonomy":"product_cat","embeddable":true,"href":"https:\/\/www.bagnoitalia.com\/de\/wp-json\/wp\/v2\/product_cat?post=93475"},{"taxonomy":"product_tag","embeddable":true,"href":"https:\/\/www.bagnoitalia.com\/de\/wp-json\/wp\/v2\/product_tag?post=93475"}],"curies":[{"name":"wp","href":"https:\/\/api.w.org\/{rel}","templated":true}]}}