{"id":93467,"date":"2022-08-05T10:44:15","date_gmt":"2022-08-05T08:44:15","guid":{"rendered":"https:\/\/www.bagnoitalia.com\/product\/modern-shower-column-for-pool-or-garden-white-or-black-with-gold-or-black-accessories-dc012"},"modified":"2024-10-23T16:21:47","modified_gmt":"2024-10-23T14:21:47","slug":"modern-shower-column-for-pool-or-garden-white-or-black-with-gold-or-black-accessories-dc012","status":"publish","type":"product","link":"https:\/\/www.bagnoitalia.com\/de\/produkt\/modern-shower-column-for-pool-or-garden-white-or-black-with-gold-or-black-accessories-dc012.html","title":{"rendered":"Moderne Duschs\u00e4ule f\u00fcr Pool oder Garten wei\u00df oder schwarz mit goldenen oder schwarzen Accessoires DC012"},"content":{"rendered":"<p>DUSCHS\u00c4ULE F\u00dcR DEN AUSSENBEREICH<\/p>\n<p>&nbsp;<\/p>\n<p>Merkmale:<\/p>\n<p>Duschs\u00e4ule geeignet f\u00fcr Au\u00dfenbereiche wie G\u00e4rten, Schwimmb\u00e4der, Campingpl\u00e4tze, Badeanstalten&#8230;.<\/p>\n<p>Erh\u00e4ltlich in den folgenden Ausf\u00fchrungen<\/p>\n<p>&#8211; wei\u00df mit schwarzem Zubeh\u00f6r (ohne Handbrause)<\/p>\n<p>&#8211; wei\u00df mit schwarzer Handbrause und Zubeh\u00f6r<\/p>\n<p>&#8211; wei\u00df photolumineszierend, d.h. sie leuchtet im Dunkeln, indem sie das tags\u00fcber angesammelte Licht abgibt (nur mit schwarzem Zubeh\u00f6r und ohne Handbrause erh\u00e4ltlich)<\/p>\n<p>&#8211; wei\u00df mit goldenem Zubeh\u00f6r (ohne Handbrause)<\/p>\n<p>&#8211; wei\u00df mit goldenem Zubeh\u00f6r und Handbrause<\/p>\n<p>&#8211; schwarz mit schwarzem Zubeh\u00f6r (ohne Handbrause)<\/p>\n<p>&#8211; schwarz mit schwarzer Handbrause und Zubeh\u00f6r<\/p>\n<p>&#8211; schwarz mit goldenem Zubeh\u00f6r (ohne Handbrause)<\/p>\n<p>&#8211; schwarz mit goldener Handbrause und Zubeh\u00f6r<\/p>\n<p>Im Preis enthaltenes Zubeh\u00f6r<\/p>\n<p>&#8211; runder Duschkopf<br \/>\n&#8211; Kalt-Warmwasser-Mischer<br \/>\n&#8211; Handbrause<br \/>\n&#8211; Fu\u00dfwascharmatur<br \/>\n&#8211; doppelter Anti-Kalk-Filter (einer f\u00fcr jeden Wasserzulauf)<br \/>\n&#8211; Schutzabdeckung<\/p>\n<p>Optional: Seitliche Dusche<\/p>\n<p>Gesamth\u00f6he: 223,5 cm<\/p>\n<p>Im Gegensatz zu Solarduschen muss sie nicht an sonnigen Pl\u00e4tzen installiert werden (sie kann auch in Innenr\u00e4umen aufgestellt werden)<\/p>\n<p>schnelle und einfache Installation und Wartung<\/p>\n<p>&nbsp;<\/p>\n<p>MATERIAL:<\/p>\n<p>ungiftige S\u00e4ule aus Polyethylen mit hoher Molekulardichte<\/p>\n<p>Duschkopf aus rostfreiem Stahl<\/p>\n<p>Anti-Kalk-Silikond\u00fcsen<\/p>\n<p>verchromte Messing-Armaturen<\/p>\n<p>190 Stoffbezug<\/p>\n<p>&nbsp;<\/p>\n","protected":false},"excerpt":{"rendered":"<p>Au\u00dfendusche, geeignet f\u00fcr den privaten und \u00f6ffentlichen Gebrauch (Schwimmb\u00e4der, Camping, Hotels&#8230;). Erh\u00e4ltlich mit oder ohne ausziehbare Seitendusche.<\/p>\n","protected":false},"featured_media":55477,"comment_status":"open","ping_status":"closed","template":"","meta":[],"product_brand":[5004],"product_cat":[10016],"product_tag":[],"class_list":{"0":"post-93467","1":"product","2":"type-product","3":"status-publish","4":"has-post-thumbnail","6":"product_brand-vari-produttori","7":"product_cat-pool-und-gartenduschen","9":"first","10":"instock","11":"sale","12":"taxable","13":"shipping-taxable","14":"purchasable","15":"product-type-simple"},"exclude_global_add_ons":false,"addons":[{"name":"Farbe","type":"multiple_choice","position":0,"required":true,"title_format":"heading","default":"","description_enable":false,"description":"","placeholder_enable":false,"placeholder":"","display":"select","restrictions_type":"any_text","adjust_price":false,"price":"","price_type":"flat_fee","restrictions":false,"min":"0","max":"0","options":[{"label":"Nicht verf\u00fcgbar - wei\u00df mit schwarzem Zubeh\u00f6r","price":"","price_type":"quantity_based","image":0,"visibility":true},{"label":"Nicht verf\u00fcgbar - schwarz mit schwarzem Zubeh\u00f6r","price":"","price_type":"quantity_based","image":0,"visibility":true},{"label":"wei\u00df mit Seitendusche und schwarzem Zubeh\u00f6r","price":"30","price_type":"quantity_based","image":0,"visibility":true},{"label":"schwarz Mit Seitendusche und schwarzem Zubeh\u00f6r","price":"30","price_type":"quantity_based","image":0,"visibility":true},{"label":"Nicht verf\u00fcgbar - wei\u00df nachleuchtend mit schwarzem Zubeh\u00f6r","price":"70","price_type":"quantity_based","image":0,"visibility":true}],"id":1717429847}],"yoast_head":"<!-- This site is optimized with the Yoast SEO plugin v26.7 - https:\/\/yoast.com\/wordpress\/plugins\/seo\/ -->\n<title>Modern shower column for pool or garden white or black with gold or black accessories DC012<\/title>\n<meta name=\"description\" content=\"Outdoor shower, suitable for both private and public use (swimming pools, camping, hotels..). Available with or without pull-out side shower.\" \/>\n<meta name=\"robots\" content=\"index, follow, max-snippet:-1, max-image-preview:large, max-video-preview:-1\" \/>\n<link rel=\"canonical\" href=\"https:\/\/www.bagnoitalia.com\/de\/produkt\/modern-shower-column-for-pool-or-garden-white-or-black-with-gold-or-black-accessories-dc012.html\" \/>\n<meta property=\"og:locale\" content=\"de_DE\" \/>\n<meta property=\"og:type\" content=\"article\" \/>\n<meta property=\"og:title\" content=\"Modern shower column for pool or garden white or black with gold or black accessories DC012\" \/>\n<meta property=\"og:description\" content=\"Outdoor shower, suitable for both private and public use (swimming pools, camping, hotels..). Available with or without pull-out side shower.\" \/>\n<meta property=\"og:url\" content=\"https:\/\/www.bagnoitalia.com\/de\/produkt\/modern-shower-column-for-pool-or-garden-white-or-black-with-gold-or-black-accessories-dc012.html\" \/>\n<meta property=\"og:site_name\" content=\"Bagno Italia\" \/>\n<meta property=\"article:modified_time\" content=\"2024-10-23T14:21:47+00:00\" \/>\n<meta property=\"og:image\" content=\"https:\/\/img.bagnoitalia.com\/wp-content\/uploads\/virtuemart\/product\/CDM-004-1.jpg\" \/>\n\t<meta property=\"og:image:width\" content=\"550\" \/>\n\t<meta property=\"og:image:height\" content=\"550\" \/>\n\t<meta property=\"og:image:type\" content=\"image\/jpeg\" \/>\n<meta name=\"twitter:card\" content=\"summary_large_image\" \/>\n<meta name=\"twitter:label1\" content=\"Gesch\u00e4tzte Lesezeit\" \/>\n\t<meta name=\"twitter:data1\" content=\"1\u00a0Minute\" \/>\n<script type=\"application\/ld+json\" class=\"yoast-schema-graph\">{\"@context\":\"https:\/\/schema.org\",\"@graph\":[{\"@type\":\"WebPage\",\"@id\":\"https:\/\/www.bagnoitalia.com\/de\/produkt\/modern-shower-column-for-pool-or-garden-white-or-black-with-gold-or-black-accessories-dc012.html\",\"url\":\"https:\/\/www.bagnoitalia.com\/de\/produkt\/modern-shower-column-for-pool-or-garden-white-or-black-with-gold-or-black-accessories-dc012.html\",\"name\":\"Modern shower column for pool or garden white or black with gold or black accessories DC012\",\"isPartOf\":{\"@id\":\"https:\/\/www.bagnoitalia.com\/de#website\"},\"primaryImageOfPage\":{\"@id\":\"https:\/\/www.bagnoitalia.com\/de\/produkt\/modern-shower-column-for-pool-or-garden-white-or-black-with-gold-or-black-accessories-dc012.html#primaryimage\"},\"image\":{\"@id\":\"https:\/\/www.bagnoitalia.com\/de\/produkt\/modern-shower-column-for-pool-or-garden-white-or-black-with-gold-or-black-accessories-dc012.html#primaryimage\"},\"thumbnailUrl\":\"https:\/\/img.bagnoitalia.com\/wp-content\/uploads\/virtuemart\/product\/CDM-004-1.jpg\",\"datePublished\":\"2022-08-05T08:44:15+00:00\",\"dateModified\":\"2024-10-23T14:21:47+00:00\",\"description\":\"Outdoor shower, suitable for both private and public use (swimming pools, camping, hotels..). Available with or without pull-out side shower.\",\"breadcrumb\":{\"@id\":\"https:\/\/www.bagnoitalia.com\/de\/produkt\/modern-shower-column-for-pool-or-garden-white-or-black-with-gold-or-black-accessories-dc012.html#breadcrumb\"},\"inLanguage\":\"de\",\"potentialAction\":[{\"@type\":\"ReadAction\",\"target\":[\"https:\/\/www.bagnoitalia.com\/de\/produkt\/modern-shower-column-for-pool-or-garden-white-or-black-with-gold-or-black-accessories-dc012.html\"]}]},{\"@type\":\"ImageObject\",\"inLanguage\":\"de\",\"@id\":\"https:\/\/www.bagnoitalia.com\/de\/produkt\/modern-shower-column-for-pool-or-garden-white-or-black-with-gold-or-black-accessories-dc012.html#primaryimage\",\"url\":\"https:\/\/img.bagnoitalia.com\/wp-content\/uploads\/virtuemart\/product\/CDM-004-1.jpg\",\"contentUrl\":\"https:\/\/img.bagnoitalia.com\/wp-content\/uploads\/virtuemart\/product\/CDM-004-1.jpg\",\"width\":550,\"height\":550},{\"@type\":\"BreadcrumbList\",\"@id\":\"https:\/\/www.bagnoitalia.com\/de\/produkt\/modern-shower-column-for-pool-or-garden-white-or-black-with-gold-or-black-accessories-dc012.html#breadcrumb\",\"itemListElement\":[{\"@type\":\"ListItem\",\"position\":1,\"name\":\"Home\",\"item\":\"https:\/\/www.bagnoitalia.com\/de\"},{\"@type\":\"ListItem\",\"position\":2,\"name\":\"Produkte\",\"item\":\"https:\/\/www.bagnoitalia.com\/de\/shop\"},{\"@type\":\"ListItem\",\"position\":3,\"name\":\"Moderne Duschs\u00e4ule f\u00fcr Pool oder Garten wei\u00df oder schwarz mit goldenen oder schwarzen Accessoires DC012\"}]},{\"@type\":\"WebSite\",\"@id\":\"https:\/\/www.bagnoitalia.com\/de#website\",\"url\":\"https:\/\/www.bagnoitalia.com\/de\",\"name\":\"Bagno Italia\",\"description\":\"\",\"publisher\":{\"@id\":\"https:\/\/www.bagnoitalia.com\/de#organization\"},\"potentialAction\":[{\"@type\":\"SearchAction\",\"target\":{\"@type\":\"EntryPoint\",\"urlTemplate\":\"https:\/\/www.bagnoitalia.com\/de?s={search_term_string}\"},\"query-input\":{\"@type\":\"PropertyValueSpecification\",\"valueRequired\":true,\"valueName\":\"search_term_string\"}}],\"inLanguage\":\"de\"},{\"@type\":\"Organization\",\"@id\":\"https:\/\/www.bagnoitalia.com\/de#organization\",\"name\":\"Bagno Italia\",\"url\":\"https:\/\/www.bagnoitalia.com\/de\",\"logo\":{\"@type\":\"ImageObject\",\"inLanguage\":\"de\",\"@id\":\"https:\/\/www.bagnoitalia.com\/de#\/schema\/logo\/image\/\",\"url\":\"https:\/\/img.bagnoitalia.com\/wp-content\/uploads\/logo-bagnoitalia.webp\",\"contentUrl\":\"https:\/\/img.bagnoitalia.com\/wp-content\/uploads\/logo-bagnoitalia.webp\",\"width\":400,\"height\":70,\"caption\":\"Bagno Italia\"},\"image\":{\"@id\":\"https:\/\/www.bagnoitalia.com\/de#\/schema\/logo\/image\/\"}}]}<\/script>\n<!-- \/ Yoast SEO plugin. -->","yoast_head_json":{"title":"Modern shower column for pool or garden white or black with gold or black accessories DC012","description":"Outdoor shower, suitable for both private and public use (swimming pools, camping, hotels..). Available with or without pull-out side shower.","robots":{"index":"index","follow":"follow","max-snippet":"max-snippet:-1","max-image-preview":"max-image-preview:large","max-video-preview":"max-video-preview:-1"},"canonical":"https:\/\/www.bagnoitalia.com\/de\/produkt\/modern-shower-column-for-pool-or-garden-white-or-black-with-gold-or-black-accessories-dc012.html","og_locale":"de_DE","og_type":"article","og_title":"Modern shower column for pool or garden white or black with gold or black accessories DC012","og_description":"Outdoor shower, suitable for both private and public use (swimming pools, camping, hotels..). Available with or without pull-out side shower.","og_url":"https:\/\/www.bagnoitalia.com\/de\/produkt\/modern-shower-column-for-pool-or-garden-white-or-black-with-gold-or-black-accessories-dc012.html","og_site_name":"Bagno Italia","article_modified_time":"2024-10-23T14:21:47+00:00","og_image":[{"width":550,"height":550,"url":"https:\/\/img.bagnoitalia.com\/wp-content\/uploads\/virtuemart\/product\/CDM-004-1.jpg","type":"image\/jpeg"}],"twitter_card":"summary_large_image","twitter_misc":{"Gesch\u00e4tzte Lesezeit":"1\u00a0Minute"},"schema":{"@context":"https:\/\/schema.org","@graph":[{"@type":"WebPage","@id":"https:\/\/www.bagnoitalia.com\/de\/produkt\/modern-shower-column-for-pool-or-garden-white-or-black-with-gold-or-black-accessories-dc012.html","url":"https:\/\/www.bagnoitalia.com\/de\/produkt\/modern-shower-column-for-pool-or-garden-white-or-black-with-gold-or-black-accessories-dc012.html","name":"Modern shower column for pool or garden white or black with gold or black accessories DC012","isPartOf":{"@id":"https:\/\/www.bagnoitalia.com\/de#website"},"primaryImageOfPage":{"@id":"https:\/\/www.bagnoitalia.com\/de\/produkt\/modern-shower-column-for-pool-or-garden-white-or-black-with-gold-or-black-accessories-dc012.html#primaryimage"},"image":{"@id":"https:\/\/www.bagnoitalia.com\/de\/produkt\/modern-shower-column-for-pool-or-garden-white-or-black-with-gold-or-black-accessories-dc012.html#primaryimage"},"thumbnailUrl":"https:\/\/img.bagnoitalia.com\/wp-content\/uploads\/virtuemart\/product\/CDM-004-1.jpg","datePublished":"2022-08-05T08:44:15+00:00","dateModified":"2024-10-23T14:21:47+00:00","description":"Outdoor shower, suitable for both private and public use (swimming pools, camping, hotels..). Available with or without pull-out side shower.","breadcrumb":{"@id":"https:\/\/www.bagnoitalia.com\/de\/produkt\/modern-shower-column-for-pool-or-garden-white-or-black-with-gold-or-black-accessories-dc012.html#breadcrumb"},"inLanguage":"de","potentialAction":[{"@type":"ReadAction","target":["https:\/\/www.bagnoitalia.com\/de\/produkt\/modern-shower-column-for-pool-or-garden-white-or-black-with-gold-or-black-accessories-dc012.html"]}]},{"@type":"ImageObject","inLanguage":"de","@id":"https:\/\/www.bagnoitalia.com\/de\/produkt\/modern-shower-column-for-pool-or-garden-white-or-black-with-gold-or-black-accessories-dc012.html#primaryimage","url":"https:\/\/img.bagnoitalia.com\/wp-content\/uploads\/virtuemart\/product\/CDM-004-1.jpg","contentUrl":"https:\/\/img.bagnoitalia.com\/wp-content\/uploads\/virtuemart\/product\/CDM-004-1.jpg","width":550,"height":550},{"@type":"BreadcrumbList","@id":"https:\/\/www.bagnoitalia.com\/de\/produkt\/modern-shower-column-for-pool-or-garden-white-or-black-with-gold-or-black-accessories-dc012.html#breadcrumb","itemListElement":[{"@type":"ListItem","position":1,"name":"Home","item":"https:\/\/www.bagnoitalia.com\/de"},{"@type":"ListItem","position":2,"name":"Produkte","item":"https:\/\/www.bagnoitalia.com\/de\/shop"},{"@type":"ListItem","position":3,"name":"Moderne Duschs\u00e4ule f\u00fcr Pool oder Garten wei\u00df oder schwarz mit goldenen oder schwarzen Accessoires DC012"}]},{"@type":"WebSite","@id":"https:\/\/www.bagnoitalia.com\/de#website","url":"https:\/\/www.bagnoitalia.com\/de","name":"Bagno Italia","description":"","publisher":{"@id":"https:\/\/www.bagnoitalia.com\/de#organization"},"potentialAction":[{"@type":"SearchAction","target":{"@type":"EntryPoint","urlTemplate":"https:\/\/www.bagnoitalia.com\/de?s={search_term_string}"},"query-input":{"@type":"PropertyValueSpecification","valueRequired":true,"valueName":"search_term_string"}}],"inLanguage":"de"},{"@type":"Organization","@id":"https:\/\/www.bagnoitalia.com\/de#organization","name":"Bagno Italia","url":"https:\/\/www.bagnoitalia.com\/de","logo":{"@type":"ImageObject","inLanguage":"de","@id":"https:\/\/www.bagnoitalia.com\/de#\/schema\/logo\/image\/","url":"https:\/\/img.bagnoitalia.com\/wp-content\/uploads\/logo-bagnoitalia.webp","contentUrl":"https:\/\/img.bagnoitalia.com\/wp-content\/uploads\/logo-bagnoitalia.webp","width":400,"height":70,"caption":"Bagno Italia"},"image":{"@id":"https:\/\/www.bagnoitalia.com\/de#\/schema\/logo\/image\/"}}]}},"_links":{"self":[{"href":"https:\/\/www.bagnoitalia.com\/de\/wp-json\/wp\/v2\/product\/93467","targetHints":{"allow":["GET"]}}],"collection":[{"href":"https:\/\/www.bagnoitalia.com\/de\/wp-json\/wp\/v2\/product"}],"about":[{"href":"https:\/\/www.bagnoitalia.com\/de\/wp-json\/wp\/v2\/types\/product"}],"replies":[{"embeddable":true,"href":"https:\/\/www.bagnoitalia.com\/de\/wp-json\/wp\/v2\/comments?post=93467"}],"version-history":[{"count":2,"href":"https:\/\/www.bagnoitalia.com\/de\/wp-json\/wp\/v2\/product\/93467\/revisions"}],"predecessor-version":[{"id":93470,"href":"https:\/\/www.bagnoitalia.com\/de\/wp-json\/wp\/v2\/product\/93467\/revisions\/93470"}],"wp:featuredmedia":[{"embeddable":true,"href":"https:\/\/www.bagnoitalia.com\/de\/wp-json\/wp\/v2\/media\/55477"}],"wp:attachment":[{"href":"https:\/\/www.bagnoitalia.com\/de\/wp-json\/wp\/v2\/media?parent=93467"}],"wp:term":[{"taxonomy":"product_brand","embeddable":true,"href":"https:\/\/www.bagnoitalia.com\/de\/wp-json\/wp\/v2\/product_brand?post=93467"},{"taxonomy":"product_cat","embeddable":true,"href":"https:\/\/www.bagnoitalia.com\/de\/wp-json\/wp\/v2\/product_cat?post=93467"},{"taxonomy":"product_tag","embeddable":true,"href":"https:\/\/www.bagnoitalia.com\/de\/wp-json\/wp\/v2\/product_tag?post=93467"}],"curies":[{"name":"wp","href":"https:\/\/api.w.org\/{rel}","templated":true}]}}