{"id":93357,"date":"2022-02-28T13:51:47","date_gmt":"2022-02-28T12:51:47","guid":{"rendered":"https:\/\/www.bagnoitalia.com\/product\/114-cm-giove-bathroom-cabinet-with-two-drawers-in-arte-povera-walnut-or-pickled-white-ceramic-washbasin"},"modified":"2025-11-18T11:17:23","modified_gmt":"2025-11-18T10:17:23","slug":"114-cm-giove-bathroom-cabinet-with-two-drawers-in-arte-povera-walnut-or-pickled-white-ceramic-washbasin","status":"publish","type":"product","link":"https:\/\/www.bagnoitalia.com\/de\/produkt\/114-cm-giove-bathroom-cabinet-with-two-drawers-in-arte-povera-walnut-or-pickled-white-ceramic-washbasin.html","title":{"rendered":"Badezimmerschrank Giove, 114 cm, mit zwei Schubladen, aus Nussbaum arte povera oder Waschbecken aus wei\u00df gebeizter Keramik"},"content":{"rendered":"<p>GIOVE BADEZIMMERSCHRANK<\/p>\n<p>&nbsp;<\/p>\n<p>Der oben genannte Preis beinhaltet:<\/p>\n<p>N. 1 Waschtischunterschrank 104xP56xH86 cm<\/p>\n<p>N. 1 Keramik-Waschtisch 114 cm (Tiefe an den Seiten 45cm; Tiefe in der Mitte 61,5cm) GEM\u00c4SS FOLGENDEM FOTO:<\/p>\n<p><img fetchpriority=\"high\" decoding=\"async\" class=\"alignnone  wp-image-118333\" src=\"https:\/\/www.bagnoitalia.it\/wp-content\/uploads\/mobile-bagno-giove-dettaglio-lavabo.jpg\" alt=\"\" width=\"351\" height=\"351\" \/><\/p>\n<p>&nbsp;<\/p>\n<p>&nbsp;<\/p>\n<p>Aus dem Dropdown-Men\u00fc kann ein Spiegel 110xH100 cm mit Wandleuchte und\/oder ein Hochschrank 41xP35xH161 cm hinzugef\u00fcgt werden.<\/p>\n<p>Die S\u00e4ule besteht aus zwei T\u00fcren und hat unten und oben einen Glasboden.<\/p>\n<p>&nbsp;<\/p>\n<p>&nbsp;<\/p>\n<p>&nbsp;<\/p>\n<p>Materialien und Details zum Produkt<\/p>\n<p>Struktur: Mdf<\/p>\n<p>Seitenst\u00e4rken: 25 mm<\/p>\n<p>Frontst\u00e4rken: 19 mm<\/p>\n<p>\u00c4u\u00dfere Ausf\u00fchrung: Nussbaum oder Decap\u00e9<\/p>\n<p>Waschtisch: Keramik<\/p>\n<p>Die 2 Schubladen sind mit einem Soft-Close-Mechanismus ausgestattet und innen mit Stoff ausgekleidet.<\/p>\n<p>&nbsp;<\/p>\n<p>ACHTUNG: WASSERH\u00c4HNE SIND NICHT IM PREIS INBEGRIFFEN<\/p>\n<p>&nbsp;<\/p>\n<p>&nbsp;<\/p>\n","protected":false},"excerpt":{"rendered":"<p>Arte Povera Badm\u00f6bel, zwei Schubladen, mit Keramikwaschbecken. Erh\u00e4ltlich in Nussbaum oder wei\u00df gebeizt Finish. Es ist m\u00f6glich, die Zusammensetzung mit einem Spiegel mit Applique und einer S\u00e4ule zu kombinieren.<\/p>\n","protected":false},"featured_media":48253,"comment_status":"open","ping_status":"closed","template":"","meta":[],"product_brand":[9898],"product_cat":[9656],"product_tag":[],"class_list":{"0":"post-93357","1":"product","2":"type-product","3":"status-publish","4":"has-post-thumbnail","6":"product_brand-baden-haus-de","7":"product_cat-italienische-mobel","9":"first","10":"instock","11":"sale","12":"taxable","13":"shipping-taxable","14":"purchasable","15":"product-type-simple"},"exclude_global_add_ons":false,"addons":[{"name":"Farbe","type":"multiple_choice","position":0,"required":true,"title_format":"heading","default":"","description_enable":false,"description":"","placeholder_enable":false,"placeholder":"","display":"select","restrictions_type":"any_text","adjust_price":false,"price":"","price_type":"flat_fee","restrictions":false,"min":"0","max":"0","options":[{"label":"Walnuss","price":"","price_type":"quantity_based","image":0,"visibility":true},{"label":"Wei\u00df gebeizt","price":"","price_type":"quantity_based","image":0,"visibility":true}],"id":1716566971},{"name":"Spiegel","type":"multiple_choice","position":1,"required":true,"title_format":"heading","default":"","description_enable":false,"description":"","placeholder_enable":false,"placeholder":"","display":"select","restrictions_type":"any_text","adjust_price":false,"price":"","price_type":"flat_fee","restrictions":false,"min":"0","max":"0","options":[{"label":"nein","price":"","price_type":"quantity_based","image":0,"visibility":true},{"label":"mit Spiegel und Strahler","price":"136.72","price_type":"quantity_based","image":0,"visibility":true}],"id":1716566972},{"name":"S\u00e4ule","type":"multiple_choice","position":2,"required":true,"title_format":"heading","default":"","description_enable":false,"description":"","placeholder_enable":false,"placeholder":"","display":"select","restrictions_type":"any_text","adjust_price":false,"price":"","price_type":"flat_fee","restrictions":false,"min":"0","max":"0","options":[{"label":"nein","price":"","price_type":"quantity_based","image":0,"visibility":true},{"label":"n. 1 S\u00e4ule 35x41xH161 cm","price":"421.97","price_type":"quantity_based","image":0,"visibility":true},{"label":"n. 2 S\u00e4ulen 35x41xH161 cm","price":"858","price_type":"quantity_based","image":0,"visibility":true}],"id":1716566973}],"yoast_head":"<!-- This site is optimized with the Yoast SEO plugin v26.7 - https:\/\/yoast.com\/wordpress\/plugins\/seo\/ -->\n<title>114 cm Giove bathroom cabinet with two drawers in arte povera walnut or Pickled white ceramic washbasin<\/title>\n<meta name=\"description\" content=\"Arte Povera bathroom furniture, two drawers, with ceramic sink. Available in walnut or white pickled finish. It is possible to combine the composition with a mirror with applique and a column.\" \/>\n<meta name=\"robots\" content=\"index, follow, max-snippet:-1, max-image-preview:large, max-video-preview:-1\" \/>\n<link rel=\"canonical\" href=\"https:\/\/www.bagnoitalia.com\/de\/produkt\/114-cm-giove-bathroom-cabinet-with-two-drawers-in-arte-povera-walnut-or-pickled-white-ceramic-washbasin.html\" \/>\n<meta property=\"og:locale\" content=\"de_DE\" \/>\n<meta property=\"og:type\" content=\"article\" \/>\n<meta property=\"og:title\" content=\"114 cm Giove bathroom cabinet with two drawers in arte povera walnut or Pickled white ceramic washbasin\" \/>\n<meta property=\"og:description\" content=\"Arte Povera bathroom furniture, two drawers, with ceramic sink. Available in walnut or white pickled finish. It is possible to combine the composition with a mirror with applique and a column.\" \/>\n<meta property=\"og:url\" content=\"https:\/\/www.bagnoitalia.com\/de\/produkt\/114-cm-giove-bathroom-cabinet-with-two-drawers-in-arte-povera-walnut-or-pickled-white-ceramic-washbasin.html\" \/>\n<meta property=\"og:site_name\" content=\"Bagno Italia\" \/>\n<meta property=\"article:modified_time\" content=\"2025-11-18T10:17:23+00:00\" \/>\n<meta property=\"og:image\" content=\"https:\/\/img.bagnoitalia.com\/wp-content\/uploads\/virtuemart\/product\/furniture-bathroom-giove-furniture-poor-art-colour.jpg\" \/>\n\t<meta property=\"og:image:width\" content=\"550\" \/>\n\t<meta property=\"og:image:height\" content=\"550\" \/>\n\t<meta property=\"og:image:type\" content=\"image\/jpeg\" \/>\n<meta name=\"twitter:card\" content=\"summary_large_image\" \/>\n<meta name=\"twitter:label1\" content=\"Gesch\u00e4tzte Lesezeit\" \/>\n\t<meta name=\"twitter:data1\" content=\"1\u00a0Minute\" \/>\n<script type=\"application\/ld+json\" class=\"yoast-schema-graph\">{\"@context\":\"https:\/\/schema.org\",\"@graph\":[{\"@type\":\"WebPage\",\"@id\":\"https:\/\/www.bagnoitalia.com\/de\/produkt\/114-cm-giove-bathroom-cabinet-with-two-drawers-in-arte-povera-walnut-or-pickled-white-ceramic-washbasin.html\",\"url\":\"https:\/\/www.bagnoitalia.com\/de\/produkt\/114-cm-giove-bathroom-cabinet-with-two-drawers-in-arte-povera-walnut-or-pickled-white-ceramic-washbasin.html\",\"name\":\"114 cm Giove bathroom cabinet with two drawers in arte povera walnut or Pickled white ceramic washbasin\",\"isPartOf\":{\"@id\":\"https:\/\/www.bagnoitalia.com\/de#website\"},\"primaryImageOfPage\":{\"@id\":\"https:\/\/www.bagnoitalia.com\/de\/produkt\/114-cm-giove-bathroom-cabinet-with-two-drawers-in-arte-povera-walnut-or-pickled-white-ceramic-washbasin.html#primaryimage\"},\"image\":{\"@id\":\"https:\/\/www.bagnoitalia.com\/de\/produkt\/114-cm-giove-bathroom-cabinet-with-two-drawers-in-arte-povera-walnut-or-pickled-white-ceramic-washbasin.html#primaryimage\"},\"thumbnailUrl\":\"https:\/\/img.bagnoitalia.com\/wp-content\/uploads\/virtuemart\/product\/furniture-bathroom-giove-furniture-poor-art-colour.jpg\",\"datePublished\":\"2022-02-28T12:51:47+00:00\",\"dateModified\":\"2025-11-18T10:17:23+00:00\",\"description\":\"Arte Povera bathroom furniture, two drawers, with ceramic sink. Available in walnut or white pickled finish. It is possible to combine the composition with a mirror with applique and a column.\",\"breadcrumb\":{\"@id\":\"https:\/\/www.bagnoitalia.com\/de\/produkt\/114-cm-giove-bathroom-cabinet-with-two-drawers-in-arte-povera-walnut-or-pickled-white-ceramic-washbasin.html#breadcrumb\"},\"inLanguage\":\"de\",\"potentialAction\":[{\"@type\":\"ReadAction\",\"target\":[\"https:\/\/www.bagnoitalia.com\/de\/produkt\/114-cm-giove-bathroom-cabinet-with-two-drawers-in-arte-povera-walnut-or-pickled-white-ceramic-washbasin.html\"]}]},{\"@type\":\"ImageObject\",\"inLanguage\":\"de\",\"@id\":\"https:\/\/www.bagnoitalia.com\/de\/produkt\/114-cm-giove-bathroom-cabinet-with-two-drawers-in-arte-povera-walnut-or-pickled-white-ceramic-washbasin.html#primaryimage\",\"url\":\"https:\/\/img.bagnoitalia.com\/wp-content\/uploads\/virtuemart\/product\/furniture-bathroom-giove-furniture-poor-art-colour.jpg\",\"contentUrl\":\"https:\/\/img.bagnoitalia.com\/wp-content\/uploads\/virtuemart\/product\/furniture-bathroom-giove-furniture-poor-art-colour.jpg\",\"width\":550,\"height\":550},{\"@type\":\"BreadcrumbList\",\"@id\":\"https:\/\/www.bagnoitalia.com\/de\/produkt\/114-cm-giove-bathroom-cabinet-with-two-drawers-in-arte-povera-walnut-or-pickled-white-ceramic-washbasin.html#breadcrumb\",\"itemListElement\":[{\"@type\":\"ListItem\",\"position\":1,\"name\":\"Home\",\"item\":\"https:\/\/www.bagnoitalia.com\/de\"},{\"@type\":\"ListItem\",\"position\":2,\"name\":\"Produkte\",\"item\":\"https:\/\/www.bagnoitalia.com\/de\/shop\"},{\"@type\":\"ListItem\",\"position\":3,\"name\":\"Badezimmerschrank Giove, 114 cm, mit zwei Schubladen, aus Nussbaum arte povera oder Waschbecken aus wei\u00df gebeizter Keramik\"}]},{\"@type\":\"WebSite\",\"@id\":\"https:\/\/www.bagnoitalia.com\/de#website\",\"url\":\"https:\/\/www.bagnoitalia.com\/de\",\"name\":\"Bagno Italia\",\"description\":\"\",\"publisher\":{\"@id\":\"https:\/\/www.bagnoitalia.com\/de#organization\"},\"potentialAction\":[{\"@type\":\"SearchAction\",\"target\":{\"@type\":\"EntryPoint\",\"urlTemplate\":\"https:\/\/www.bagnoitalia.com\/de?s={search_term_string}\"},\"query-input\":{\"@type\":\"PropertyValueSpecification\",\"valueRequired\":true,\"valueName\":\"search_term_string\"}}],\"inLanguage\":\"de\"},{\"@type\":\"Organization\",\"@id\":\"https:\/\/www.bagnoitalia.com\/de#organization\",\"name\":\"Bagno Italia\",\"url\":\"https:\/\/www.bagnoitalia.com\/de\",\"logo\":{\"@type\":\"ImageObject\",\"inLanguage\":\"de\",\"@id\":\"https:\/\/www.bagnoitalia.com\/de#\/schema\/logo\/image\/\",\"url\":\"https:\/\/img.bagnoitalia.com\/wp-content\/uploads\/logo-bagnoitalia.webp\",\"contentUrl\":\"https:\/\/img.bagnoitalia.com\/wp-content\/uploads\/logo-bagnoitalia.webp\",\"width\":400,\"height\":70,\"caption\":\"Bagno Italia\"},\"image\":{\"@id\":\"https:\/\/www.bagnoitalia.com\/de#\/schema\/logo\/image\/\"}}]}<\/script>\n<!-- \/ Yoast SEO plugin. -->","yoast_head_json":{"title":"114 cm Giove bathroom cabinet with two drawers in arte povera walnut or Pickled white ceramic washbasin","description":"Arte Povera bathroom furniture, two drawers, with ceramic sink. Available in walnut or white pickled finish. It is possible to combine the composition with a mirror with applique and a column.","robots":{"index":"index","follow":"follow","max-snippet":"max-snippet:-1","max-image-preview":"max-image-preview:large","max-video-preview":"max-video-preview:-1"},"canonical":"https:\/\/www.bagnoitalia.com\/de\/produkt\/114-cm-giove-bathroom-cabinet-with-two-drawers-in-arte-povera-walnut-or-pickled-white-ceramic-washbasin.html","og_locale":"de_DE","og_type":"article","og_title":"114 cm Giove bathroom cabinet with two drawers in arte povera walnut or Pickled white ceramic washbasin","og_description":"Arte Povera bathroom furniture, two drawers, with ceramic sink. Available in walnut or white pickled finish. It is possible to combine the composition with a mirror with applique and a column.","og_url":"https:\/\/www.bagnoitalia.com\/de\/produkt\/114-cm-giove-bathroom-cabinet-with-two-drawers-in-arte-povera-walnut-or-pickled-white-ceramic-washbasin.html","og_site_name":"Bagno Italia","article_modified_time":"2025-11-18T10:17:23+00:00","og_image":[{"width":550,"height":550,"url":"https:\/\/img.bagnoitalia.com\/wp-content\/uploads\/virtuemart\/product\/furniture-bathroom-giove-furniture-poor-art-colour.jpg","type":"image\/jpeg"}],"twitter_card":"summary_large_image","twitter_misc":{"Gesch\u00e4tzte Lesezeit":"1\u00a0Minute"},"schema":{"@context":"https:\/\/schema.org","@graph":[{"@type":"WebPage","@id":"https:\/\/www.bagnoitalia.com\/de\/produkt\/114-cm-giove-bathroom-cabinet-with-two-drawers-in-arte-povera-walnut-or-pickled-white-ceramic-washbasin.html","url":"https:\/\/www.bagnoitalia.com\/de\/produkt\/114-cm-giove-bathroom-cabinet-with-two-drawers-in-arte-povera-walnut-or-pickled-white-ceramic-washbasin.html","name":"114 cm Giove bathroom cabinet with two drawers in arte povera walnut or Pickled white ceramic washbasin","isPartOf":{"@id":"https:\/\/www.bagnoitalia.com\/de#website"},"primaryImageOfPage":{"@id":"https:\/\/www.bagnoitalia.com\/de\/produkt\/114-cm-giove-bathroom-cabinet-with-two-drawers-in-arte-povera-walnut-or-pickled-white-ceramic-washbasin.html#primaryimage"},"image":{"@id":"https:\/\/www.bagnoitalia.com\/de\/produkt\/114-cm-giove-bathroom-cabinet-with-two-drawers-in-arte-povera-walnut-or-pickled-white-ceramic-washbasin.html#primaryimage"},"thumbnailUrl":"https:\/\/img.bagnoitalia.com\/wp-content\/uploads\/virtuemart\/product\/furniture-bathroom-giove-furniture-poor-art-colour.jpg","datePublished":"2022-02-28T12:51:47+00:00","dateModified":"2025-11-18T10:17:23+00:00","description":"Arte Povera bathroom furniture, two drawers, with ceramic sink. Available in walnut or white pickled finish. It is possible to combine the composition with a mirror with applique and a column.","breadcrumb":{"@id":"https:\/\/www.bagnoitalia.com\/de\/produkt\/114-cm-giove-bathroom-cabinet-with-two-drawers-in-arte-povera-walnut-or-pickled-white-ceramic-washbasin.html#breadcrumb"},"inLanguage":"de","potentialAction":[{"@type":"ReadAction","target":["https:\/\/www.bagnoitalia.com\/de\/produkt\/114-cm-giove-bathroom-cabinet-with-two-drawers-in-arte-povera-walnut-or-pickled-white-ceramic-washbasin.html"]}]},{"@type":"ImageObject","inLanguage":"de","@id":"https:\/\/www.bagnoitalia.com\/de\/produkt\/114-cm-giove-bathroom-cabinet-with-two-drawers-in-arte-povera-walnut-or-pickled-white-ceramic-washbasin.html#primaryimage","url":"https:\/\/img.bagnoitalia.com\/wp-content\/uploads\/virtuemart\/product\/furniture-bathroom-giove-furniture-poor-art-colour.jpg","contentUrl":"https:\/\/img.bagnoitalia.com\/wp-content\/uploads\/virtuemart\/product\/furniture-bathroom-giove-furniture-poor-art-colour.jpg","width":550,"height":550},{"@type":"BreadcrumbList","@id":"https:\/\/www.bagnoitalia.com\/de\/produkt\/114-cm-giove-bathroom-cabinet-with-two-drawers-in-arte-povera-walnut-or-pickled-white-ceramic-washbasin.html#breadcrumb","itemListElement":[{"@type":"ListItem","position":1,"name":"Home","item":"https:\/\/www.bagnoitalia.com\/de"},{"@type":"ListItem","position":2,"name":"Produkte","item":"https:\/\/www.bagnoitalia.com\/de\/shop"},{"@type":"ListItem","position":3,"name":"Badezimmerschrank Giove, 114 cm, mit zwei Schubladen, aus Nussbaum arte povera oder Waschbecken aus wei\u00df gebeizter Keramik"}]},{"@type":"WebSite","@id":"https:\/\/www.bagnoitalia.com\/de#website","url":"https:\/\/www.bagnoitalia.com\/de","name":"Bagno Italia","description":"","publisher":{"@id":"https:\/\/www.bagnoitalia.com\/de#organization"},"potentialAction":[{"@type":"SearchAction","target":{"@type":"EntryPoint","urlTemplate":"https:\/\/www.bagnoitalia.com\/de?s={search_term_string}"},"query-input":{"@type":"PropertyValueSpecification","valueRequired":true,"valueName":"search_term_string"}}],"inLanguage":"de"},{"@type":"Organization","@id":"https:\/\/www.bagnoitalia.com\/de#organization","name":"Bagno Italia","url":"https:\/\/www.bagnoitalia.com\/de","logo":{"@type":"ImageObject","inLanguage":"de","@id":"https:\/\/www.bagnoitalia.com\/de#\/schema\/logo\/image\/","url":"https:\/\/img.bagnoitalia.com\/wp-content\/uploads\/logo-bagnoitalia.webp","contentUrl":"https:\/\/img.bagnoitalia.com\/wp-content\/uploads\/logo-bagnoitalia.webp","width":400,"height":70,"caption":"Bagno Italia"},"image":{"@id":"https:\/\/www.bagnoitalia.com\/de#\/schema\/logo\/image\/"}}]}},"_links":{"self":[{"href":"https:\/\/www.bagnoitalia.com\/de\/wp-json\/wp\/v2\/product\/93357","targetHints":{"allow":["GET"]}}],"collection":[{"href":"https:\/\/www.bagnoitalia.com\/de\/wp-json\/wp\/v2\/product"}],"about":[{"href":"https:\/\/www.bagnoitalia.com\/de\/wp-json\/wp\/v2\/types\/product"}],"replies":[{"embeddable":true,"href":"https:\/\/www.bagnoitalia.com\/de\/wp-json\/wp\/v2\/comments?post=93357"}],"version-history":[{"count":4,"href":"https:\/\/www.bagnoitalia.com\/de\/wp-json\/wp\/v2\/product\/93357\/revisions"}],"predecessor-version":[{"id":114940,"href":"https:\/\/www.bagnoitalia.com\/de\/wp-json\/wp\/v2\/product\/93357\/revisions\/114940"}],"wp:featuredmedia":[{"embeddable":true,"href":"https:\/\/www.bagnoitalia.com\/de\/wp-json\/wp\/v2\/media\/48253"}],"wp:attachment":[{"href":"https:\/\/www.bagnoitalia.com\/de\/wp-json\/wp\/v2\/media?parent=93357"}],"wp:term":[{"taxonomy":"product_brand","embeddable":true,"href":"https:\/\/www.bagnoitalia.com\/de\/wp-json\/wp\/v2\/product_brand?post=93357"},{"taxonomy":"product_cat","embeddable":true,"href":"https:\/\/www.bagnoitalia.com\/de\/wp-json\/wp\/v2\/product_cat?post=93357"},{"taxonomy":"product_tag","embeddable":true,"href":"https:\/\/www.bagnoitalia.com\/de\/wp-json\/wp\/v2\/product_tag?post=93357"}],"curies":[{"name":"wp","href":"https:\/\/api.w.org\/{rel}","templated":true}]}}