{"id":93265,"date":"2022-09-15T08:25:19","date_gmt":"2022-09-15T06:25:19","guid":{"rendered":"https:\/\/www.bagnoitalia.com\/product\/cabinet-water-softener-with-ion-exchange-for-eliminating-water-hardness"},"modified":"2024-10-21T15:59:42","modified_gmt":"2024-10-21T13:59:42","slug":"cabinet-water-softener-with-ion-exchange-for-eliminating-water-hardness","status":"publish","type":"product","link":"https:\/\/www.bagnoitalia.com\/de\/produkt\/cabinet-water-softener-with-ion-exchange-for-eliminating-water-hardness.html","title":{"rendered":"Kabinett-Wasserenth\u00e4rter mit Ionenaustausch zur Beseitigung der Wasserh\u00e4rte"},"content":{"rendered":"<p>IONENAUSTAUSCH-WASSERENTH\u00c4RTER<\/p>\n<p>Ger\u00e4t, das geeignet ist, \u00fcbersch\u00fcssige H\u00e4rte aus dem Wasser zu entfernen, und so das ordnungsgem\u00e4\u00dfe Funktionieren sowohl von Wassersystemen als auch von Haushaltsger\u00e4ten beg\u00fcnstigt, sowie Vorteile aus energetischer Sicht und f\u00fcr die Wartung der Ger\u00e4te selbst bietet.<\/p>\n<p>Durch den sogenannten \u201eAustauschprozess\u201c werden positiv geladene Ionen (wie Kalzium und Magnesium) durch Mineralien wie Natrium oder Kalium ersetzt.<\/p>\n<p>Nach der Enth\u00e4rtung ist das Wasser trinkbar und frei von Verunreinigungen.<\/p>\n<p>&nbsp;<\/p>\n<p>Einzelheiten zum Produkt<\/p>\n<p>Kabinett-Wasserenth\u00e4rter<\/p>\n<p>Ionenaustausch<\/p>\n<p>mit Mischventil<\/p>\n<p>mit selbstreinigendem 20-\u00b5m-Filter<\/p>\n<p>5-Tasten-Timer, Anzeige f\u00fcr:<\/p>\n<p>Stunde des Tages<br \/>\nH\u00e4ufigkeit in Tagen und Regenerationsmodus<br \/>\nH\u00e4rtegrad, Eisen- und Mangangehalt<br \/>\nAustauschkapazit\u00e4t<br \/>\nDauer der Gegensp\u00fclung<br \/>\nSalzmenge, die bei jeder Regenerierung verbraucht wird<br \/>\nsofortiger Wasserverbrauch<\/p>\n<p>&nbsp;<\/p>\n","protected":false},"excerpt":{"rendered":"<p>Kabinett-Wasserenth\u00e4rter mit Ionenaustausch, zur Beseitigung \u00fcbersch\u00fcssiger H\u00e4rte aus dem Wasser.<\/p>\n","protected":false},"featured_media":56839,"comment_status":"open","ping_status":"closed","template":"","meta":[],"product_brand":[9901,9955],"product_cat":[9965,9744,9708,9736],"product_tag":[],"class_list":{"0":"post-93265","1":"product","2":"type-product","3":"status-publish","4":"has-post-thumbnail","6":"product_brand-baritermo-de","7":"product_brand-thermo-professional-de","8":"product_cat-tubs-whith-door-de","9":"product_cat-ausenwhirlpool","10":"product_cat-whirlpool","11":"product_cat-whirlpool-duschkabine","13":"first","14":"instock","15":"sale","16":"taxable","17":"shipping-taxable","18":"purchasable","19":"product-type-simple"},"exclude_global_add_ons":[],"addons":[],"yoast_head":"<!-- This site is optimized with the Yoast SEO plugin v26.7 - https:\/\/yoast.com\/wordpress\/plugins\/seo\/ -->\n<title>Cabinet water softener with ion exchange for eliminating water hardness<\/title>\n<meta name=\"description\" content=\"Cabinet water softener with ion exchange, for the elimination of excess hardness from the water.\" \/>\n<meta name=\"robots\" content=\"index, follow, max-snippet:-1, max-image-preview:large, max-video-preview:-1\" \/>\n<link rel=\"canonical\" href=\"https:\/\/www.bagnoitalia.com\/de\/produkt\/cabinet-water-softener-with-ion-exchange-for-eliminating-water-hardness.html\" \/>\n<meta property=\"og:locale\" content=\"de_DE\" \/>\n<meta property=\"og:type\" content=\"article\" \/>\n<meta property=\"og:title\" content=\"Cabinet water softener with ion exchange for eliminating water hardness\" \/>\n<meta property=\"og:description\" content=\"Cabinet water softener with ion exchange, for the elimination of excess hardness from the water.\" \/>\n<meta property=\"og:url\" content=\"https:\/\/www.bagnoitalia.com\/de\/produkt\/cabinet-water-softener-with-ion-exchange-for-eliminating-water-hardness.html\" \/>\n<meta property=\"og:site_name\" content=\"Bagno Italia\" \/>\n<meta property=\"article:modified_time\" content=\"2024-10-21T13:59:42+00:00\" \/>\n<meta property=\"og:image\" content=\"https:\/\/img.bagnoitalia.com\/wp-content\/uploads\/virtuemart\/product\/cabinet-water-softener-with-ion-exchange.jpg\" \/>\n\t<meta property=\"og:image:width\" content=\"500\" \/>\n\t<meta property=\"og:image:height\" content=\"500\" \/>\n\t<meta property=\"og:image:type\" content=\"image\/jpeg\" \/>\n<meta name=\"twitter:card\" content=\"summary_large_image\" \/>\n<meta name=\"twitter:label1\" content=\"Gesch\u00e4tzte Lesezeit\" \/>\n\t<meta name=\"twitter:data1\" content=\"1\u00a0Minute\" \/>\n<script type=\"application\/ld+json\" class=\"yoast-schema-graph\">{\"@context\":\"https:\/\/schema.org\",\"@graph\":[{\"@type\":\"WebPage\",\"@id\":\"https:\/\/www.bagnoitalia.com\/de\/produkt\/cabinet-water-softener-with-ion-exchange-for-eliminating-water-hardness.html\",\"url\":\"https:\/\/www.bagnoitalia.com\/de\/produkt\/cabinet-water-softener-with-ion-exchange-for-eliminating-water-hardness.html\",\"name\":\"Cabinet water softener with ion exchange for eliminating water hardness\",\"isPartOf\":{\"@id\":\"https:\/\/www.bagnoitalia.com\/de#website\"},\"primaryImageOfPage\":{\"@id\":\"https:\/\/www.bagnoitalia.com\/de\/produkt\/cabinet-water-softener-with-ion-exchange-for-eliminating-water-hardness.html#primaryimage\"},\"image\":{\"@id\":\"https:\/\/www.bagnoitalia.com\/de\/produkt\/cabinet-water-softener-with-ion-exchange-for-eliminating-water-hardness.html#primaryimage\"},\"thumbnailUrl\":\"https:\/\/img.bagnoitalia.com\/wp-content\/uploads\/virtuemart\/product\/cabinet-water-softener-with-ion-exchange.jpg\",\"datePublished\":\"2022-09-15T06:25:19+00:00\",\"dateModified\":\"2024-10-21T13:59:42+00:00\",\"description\":\"Cabinet water softener with ion exchange, for the elimination of excess hardness from the water.\",\"breadcrumb\":{\"@id\":\"https:\/\/www.bagnoitalia.com\/de\/produkt\/cabinet-water-softener-with-ion-exchange-for-eliminating-water-hardness.html#breadcrumb\"},\"inLanguage\":\"de\",\"potentialAction\":[{\"@type\":\"ReadAction\",\"target\":[\"https:\/\/www.bagnoitalia.com\/de\/produkt\/cabinet-water-softener-with-ion-exchange-for-eliminating-water-hardness.html\"]}]},{\"@type\":\"ImageObject\",\"inLanguage\":\"de\",\"@id\":\"https:\/\/www.bagnoitalia.com\/de\/produkt\/cabinet-water-softener-with-ion-exchange-for-eliminating-water-hardness.html#primaryimage\",\"url\":\"https:\/\/img.bagnoitalia.com\/wp-content\/uploads\/virtuemart\/product\/cabinet-water-softener-with-ion-exchange.jpg\",\"contentUrl\":\"https:\/\/img.bagnoitalia.com\/wp-content\/uploads\/virtuemart\/product\/cabinet-water-softener-with-ion-exchange.jpg\",\"width\":500,\"height\":500},{\"@type\":\"BreadcrumbList\",\"@id\":\"https:\/\/www.bagnoitalia.com\/de\/produkt\/cabinet-water-softener-with-ion-exchange-for-eliminating-water-hardness.html#breadcrumb\",\"itemListElement\":[{\"@type\":\"ListItem\",\"position\":1,\"name\":\"Home\",\"item\":\"https:\/\/www.bagnoitalia.com\/de\"},{\"@type\":\"ListItem\",\"position\":2,\"name\":\"Produkte\",\"item\":\"https:\/\/www.bagnoitalia.com\/de\/shop\"},{\"@type\":\"ListItem\",\"position\":3,\"name\":\"Kabinett-Wasserenth\u00e4rter mit Ionenaustausch zur Beseitigung der Wasserh\u00e4rte\"}]},{\"@type\":\"WebSite\",\"@id\":\"https:\/\/www.bagnoitalia.com\/de#website\",\"url\":\"https:\/\/www.bagnoitalia.com\/de\",\"name\":\"Bagno Italia\",\"description\":\"\",\"publisher\":{\"@id\":\"https:\/\/www.bagnoitalia.com\/de#organization\"},\"potentialAction\":[{\"@type\":\"SearchAction\",\"target\":{\"@type\":\"EntryPoint\",\"urlTemplate\":\"https:\/\/www.bagnoitalia.com\/de?s={search_term_string}\"},\"query-input\":{\"@type\":\"PropertyValueSpecification\",\"valueRequired\":true,\"valueName\":\"search_term_string\"}}],\"inLanguage\":\"de\"},{\"@type\":\"Organization\",\"@id\":\"https:\/\/www.bagnoitalia.com\/de#organization\",\"name\":\"Bagno Italia\",\"url\":\"https:\/\/www.bagnoitalia.com\/de\",\"logo\":{\"@type\":\"ImageObject\",\"inLanguage\":\"de\",\"@id\":\"https:\/\/www.bagnoitalia.com\/de#\/schema\/logo\/image\/\",\"url\":\"https:\/\/img.bagnoitalia.com\/wp-content\/uploads\/logo-bagnoitalia.webp\",\"contentUrl\":\"https:\/\/img.bagnoitalia.com\/wp-content\/uploads\/logo-bagnoitalia.webp\",\"width\":400,\"height\":70,\"caption\":\"Bagno Italia\"},\"image\":{\"@id\":\"https:\/\/www.bagnoitalia.com\/de#\/schema\/logo\/image\/\"}}]}<\/script>\n<!-- \/ Yoast SEO plugin. -->","yoast_head_json":{"title":"Cabinet water softener with ion exchange for eliminating water hardness","description":"Cabinet water softener with ion exchange, for the elimination of excess hardness from the water.","robots":{"index":"index","follow":"follow","max-snippet":"max-snippet:-1","max-image-preview":"max-image-preview:large","max-video-preview":"max-video-preview:-1"},"canonical":"https:\/\/www.bagnoitalia.com\/de\/produkt\/cabinet-water-softener-with-ion-exchange-for-eliminating-water-hardness.html","og_locale":"de_DE","og_type":"article","og_title":"Cabinet water softener with ion exchange for eliminating water hardness","og_description":"Cabinet water softener with ion exchange, for the elimination of excess hardness from the water.","og_url":"https:\/\/www.bagnoitalia.com\/de\/produkt\/cabinet-water-softener-with-ion-exchange-for-eliminating-water-hardness.html","og_site_name":"Bagno Italia","article_modified_time":"2024-10-21T13:59:42+00:00","og_image":[{"width":500,"height":500,"url":"https:\/\/img.bagnoitalia.com\/wp-content\/uploads\/virtuemart\/product\/cabinet-water-softener-with-ion-exchange.jpg","type":"image\/jpeg"}],"twitter_card":"summary_large_image","twitter_misc":{"Gesch\u00e4tzte Lesezeit":"1\u00a0Minute"},"schema":{"@context":"https:\/\/schema.org","@graph":[{"@type":"WebPage","@id":"https:\/\/www.bagnoitalia.com\/de\/produkt\/cabinet-water-softener-with-ion-exchange-for-eliminating-water-hardness.html","url":"https:\/\/www.bagnoitalia.com\/de\/produkt\/cabinet-water-softener-with-ion-exchange-for-eliminating-water-hardness.html","name":"Cabinet water softener with ion exchange for eliminating water hardness","isPartOf":{"@id":"https:\/\/www.bagnoitalia.com\/de#website"},"primaryImageOfPage":{"@id":"https:\/\/www.bagnoitalia.com\/de\/produkt\/cabinet-water-softener-with-ion-exchange-for-eliminating-water-hardness.html#primaryimage"},"image":{"@id":"https:\/\/www.bagnoitalia.com\/de\/produkt\/cabinet-water-softener-with-ion-exchange-for-eliminating-water-hardness.html#primaryimage"},"thumbnailUrl":"https:\/\/img.bagnoitalia.com\/wp-content\/uploads\/virtuemart\/product\/cabinet-water-softener-with-ion-exchange.jpg","datePublished":"2022-09-15T06:25:19+00:00","dateModified":"2024-10-21T13:59:42+00:00","description":"Cabinet water softener with ion exchange, for the elimination of excess hardness from the water.","breadcrumb":{"@id":"https:\/\/www.bagnoitalia.com\/de\/produkt\/cabinet-water-softener-with-ion-exchange-for-eliminating-water-hardness.html#breadcrumb"},"inLanguage":"de","potentialAction":[{"@type":"ReadAction","target":["https:\/\/www.bagnoitalia.com\/de\/produkt\/cabinet-water-softener-with-ion-exchange-for-eliminating-water-hardness.html"]}]},{"@type":"ImageObject","inLanguage":"de","@id":"https:\/\/www.bagnoitalia.com\/de\/produkt\/cabinet-water-softener-with-ion-exchange-for-eliminating-water-hardness.html#primaryimage","url":"https:\/\/img.bagnoitalia.com\/wp-content\/uploads\/virtuemart\/product\/cabinet-water-softener-with-ion-exchange.jpg","contentUrl":"https:\/\/img.bagnoitalia.com\/wp-content\/uploads\/virtuemart\/product\/cabinet-water-softener-with-ion-exchange.jpg","width":500,"height":500},{"@type":"BreadcrumbList","@id":"https:\/\/www.bagnoitalia.com\/de\/produkt\/cabinet-water-softener-with-ion-exchange-for-eliminating-water-hardness.html#breadcrumb","itemListElement":[{"@type":"ListItem","position":1,"name":"Home","item":"https:\/\/www.bagnoitalia.com\/de"},{"@type":"ListItem","position":2,"name":"Produkte","item":"https:\/\/www.bagnoitalia.com\/de\/shop"},{"@type":"ListItem","position":3,"name":"Kabinett-Wasserenth\u00e4rter mit Ionenaustausch zur Beseitigung der Wasserh\u00e4rte"}]},{"@type":"WebSite","@id":"https:\/\/www.bagnoitalia.com\/de#website","url":"https:\/\/www.bagnoitalia.com\/de","name":"Bagno Italia","description":"","publisher":{"@id":"https:\/\/www.bagnoitalia.com\/de#organization"},"potentialAction":[{"@type":"SearchAction","target":{"@type":"EntryPoint","urlTemplate":"https:\/\/www.bagnoitalia.com\/de?s={search_term_string}"},"query-input":{"@type":"PropertyValueSpecification","valueRequired":true,"valueName":"search_term_string"}}],"inLanguage":"de"},{"@type":"Organization","@id":"https:\/\/www.bagnoitalia.com\/de#organization","name":"Bagno Italia","url":"https:\/\/www.bagnoitalia.com\/de","logo":{"@type":"ImageObject","inLanguage":"de","@id":"https:\/\/www.bagnoitalia.com\/de#\/schema\/logo\/image\/","url":"https:\/\/img.bagnoitalia.com\/wp-content\/uploads\/logo-bagnoitalia.webp","contentUrl":"https:\/\/img.bagnoitalia.com\/wp-content\/uploads\/logo-bagnoitalia.webp","width":400,"height":70,"caption":"Bagno Italia"},"image":{"@id":"https:\/\/www.bagnoitalia.com\/de#\/schema\/logo\/image\/"}}]}},"_links":{"self":[{"href":"https:\/\/www.bagnoitalia.com\/de\/wp-json\/wp\/v2\/product\/93265","targetHints":{"allow":["GET"]}}],"collection":[{"href":"https:\/\/www.bagnoitalia.com\/de\/wp-json\/wp\/v2\/product"}],"about":[{"href":"https:\/\/www.bagnoitalia.com\/de\/wp-json\/wp\/v2\/types\/product"}],"replies":[{"embeddable":true,"href":"https:\/\/www.bagnoitalia.com\/de\/wp-json\/wp\/v2\/comments?post=93265"}],"version-history":[{"count":1,"href":"https:\/\/www.bagnoitalia.com\/de\/wp-json\/wp\/v2\/product\/93265\/revisions"}],"predecessor-version":[{"id":93267,"href":"https:\/\/www.bagnoitalia.com\/de\/wp-json\/wp\/v2\/product\/93265\/revisions\/93267"}],"wp:featuredmedia":[{"embeddable":true,"href":"https:\/\/www.bagnoitalia.com\/de\/wp-json\/wp\/v2\/media\/56839"}],"wp:attachment":[{"href":"https:\/\/www.bagnoitalia.com\/de\/wp-json\/wp\/v2\/media?parent=93265"}],"wp:term":[{"taxonomy":"product_brand","embeddable":true,"href":"https:\/\/www.bagnoitalia.com\/de\/wp-json\/wp\/v2\/product_brand?post=93265"},{"taxonomy":"product_cat","embeddable":true,"href":"https:\/\/www.bagnoitalia.com\/de\/wp-json\/wp\/v2\/product_cat?post=93265"},{"taxonomy":"product_tag","embeddable":true,"href":"https:\/\/www.bagnoitalia.com\/de\/wp-json\/wp\/v2\/product_tag?post=93265"}],"curies":[{"name":"wp","href":"https:\/\/api.w.org\/{rel}","templated":true}]}}