{"id":93039,"date":"2023-02-02T15:56:50","date_gmt":"2023-02-02T14:56:50","guid":{"rendered":"https:\/\/www.bagnoitalia.com\/product\/bathtub-with-door-120x70-cm-available-with-or-without-hydromassage-and-chromotherapy-vs121"},"modified":"2025-06-04T15:19:29","modified_gmt":"2025-06-04T13:19:29","slug":"bathtub-with-door-120x70-cm-available-with-or-without-hydromassage-and-chromotherapy-vs121","status":"publish","type":"product","link":"https:\/\/www.bagnoitalia.com\/de\/produkt\/bathtub-with-door-120x70-cm-available-with-or-without-hydromassage-and-chromotherapy-vs121.html","title":{"rendered":"Badewanne mit T\u00fcr 120&#215;70 cm erh\u00e4ltlich mit oder ohne Hydromassage und Chromotherapie VS121"},"content":{"rendered":"<p><strong>BADEWANNE MIT T\u00dcR VS121<\/strong><\/p>\n<p>&nbsp;<\/p>\n<p><strong>PRODUKTDETAILS:<br \/>\n<\/strong><\/p>\n<p>Badewanne mit den Ma\u00dfen 120 x T70 x H83 cm, besonders geeignet f\u00fcr \u00e4ltere Menschen oder Personen mit motorischen Schwierigkeiten.<\/p>\n<p>Wasserdichte T\u00fcr mit nach innen \u00f6ffnender \u00d6ffnung, erh\u00e4ltlich in 3 Ausf\u00fchrungen: wei\u00df, transparent oder satiniert<\/p>\n<p>Wasserh\u00e4hne inklusive<\/p>\n<p>Sofortf\u00fcllsystem<\/p>\n<p>HERGESTELLT IN ITALIEN<\/p>\n<p><strong>ZUS\u00c4TZLICHE OPTIONEN (aus den Dropdown-Men\u00fcs):<\/strong><\/p>\n<p>\u2013 Hydromassage in der Wanne<\/p>\n<p>\u2013 Farbtherapie<\/p>\n<p><strong>MATERIALIEN:<\/strong><\/p>\n<p>Stahlrahmen<\/p>\n<p>ABS- und Fiberglasstruktur<\/p>\n<p><strong>VERF\u00dcGBARE VERSIONEN:<\/strong><\/p>\n<p><strong>VERSION 1A:<\/strong>\u00a0rechte Wand &#8211; rechter Sitz &#8211; 70cm linkes Seitenteil<\/p>\n<p><strong>VERSION 1B:<\/strong>\u00a0rechte Wand &#8211; linker Sitz &#8211; 70cm linkes Seitenteil<\/p>\n<p><strong>VERSION 2A:<\/strong>\u00a0linke Wand &#8211; linker Sitz &#8211; 70cm rechtes Seitenteil<\/p>\n<p><strong>VERSION 2B:<\/strong>\u00a0linke Wand &#8211; rechter Sitz &#8211; 70cm rechtes Seitenteil<\/p>\n<p>&nbsp;<\/p>\n<p><img fetchpriority=\"high\" decoding=\"async\" class=\"alignnone size-full wp-image-108818\" src=\"https:\/\/img.bagnoitalia.com\/wp-content\/uploads\/vasca-da-bagno-con-sportello-120x70-cm-VS121-versioni.jpg\" alt=\"\" width=\"894\" height=\"894\" srcset=\"https:\/\/img.bagnoitalia.com\/wp-content\/uploads\/vasca-da-bagno-con-sportello-120x70-cm-VS121-versioni.jpg 894w, https:\/\/img.bagnoitalia.com\/wp-content\/uploads\/vasca-da-bagno-con-sportello-120x70-cm-VS121-versioni-768x768.jpg 768w, https:\/\/img.bagnoitalia.com\/wp-content\/uploads\/vasca-da-bagno-con-sportello-120x70-cm-VS121-versioni-441x441.jpg 441w, https:\/\/img.bagnoitalia.com\/wp-content\/uploads\/vasca-da-bagno-con-sportello-120x70-cm-VS121-versioni-100x100.jpg 100w, https:\/\/img.bagnoitalia.com\/wp-content\/uploads\/vasca-da-bagno-con-sportello-120x70-cm-VS121-versioni-600x600.jpg 600w, https:\/\/img.bagnoitalia.com\/wp-content\/uploads\/vasca-da-bagno-con-sportello-120x70-cm-VS121-versioni-150x150.jpg 150w\" sizes=\"(max-width: 894px) 100vw, 894px\" \/><\/p>\n<p>&nbsp;<\/p>\n","protected":false},"excerpt":{"rendered":"<p>Badewanne mit nach innen \u00f6ffnender T\u00fcr. Inklusive Wasserh\u00e4hne. Die T\u00fcr ist in wei\u00dfer, transparenter oder satinierter Ausf\u00fchrung erh\u00e4ltlich. Zus\u00e4tzliche Optionen: Whirlpool und Chromotherapie<\/p>\n","protected":false},"featured_media":59333,"comment_status":"open","ping_status":"closed","template":"","meta":[],"product_brand":[9880],"product_cat":[9965],"product_tag":[],"class_list":{"0":"post-93039","1":"product","2":"type-product","3":"status-publish","4":"has-post-thumbnail","6":"product_brand-vari-produttori-de","7":"product_cat-tubs-whith-door-de","9":"first","10":"instock","11":"sale","12":"taxable","13":"shipping-taxable","14":"purchasable","15":"product-type-simple"},"exclude_global_add_ons":false,"addons":[{"name":"Farbe","type":"multiple_choice","position":0,"required":true,"title_format":"heading","default":"","description_enable":false,"description":"","placeholder_enable":false,"placeholder":"","display":"select","restrictions_type":"any_text","adjust_price":false,"price":"","price_type":"flat_fee","restrictions":false,"min":"0","max":"0","options":[{"label":"wei\u00dfe T\u00fcr","price":"","price_type":"quantity_based","image":0,"visibility":true},{"label":"transparente T\u00fcr","price":"","price_type":"quantity_based","image":0,"visibility":true},{"label":"satinierte T\u00fcr","price":"","price_type":"quantity_based","image":0,"visibility":true}],"id":1716304430},{"name":"Typ","type":"multiple_choice","position":1,"required":true,"title_format":"heading","default":"","description_enable":false,"description":"","placeholder_enable":false,"placeholder":"","display":"select","restrictions_type":"any_text","adjust_price":false,"price":"","price_type":"flat_fee","restrictions":false,"min":"0","max":"0","options":[{"label":"OHNE Wassermassage","price":"","price_type":"quantity_based","image":0,"visibility":true},{"label":"MIT Unterwassermassage","price":"550","price_type":"quantity_based","image":0,"visibility":true}],"id":1716304431},{"name":"Andere optionale Ausstattungen","type":"multiple_choice","position":2,"required":true,"title_format":"heading","default":"","description_enable":false,"description":"","placeholder_enable":false,"placeholder":"","display":"select","restrictions_type":"any_text","adjust_price":false,"price":"","price_type":"flat_fee","restrictions":false,"min":"0","max":"0","options":[{"label":"OHNE Chromotherapie","price":"","price_type":"quantity_based","image":0,"visibility":true},{"label":"MIT Chromotherapie","price":"319","price_type":"quantity_based","image":0,"visibility":true}],"id":1716304432},{"name":"Wasserh\u00e4hne","type":"multiple_choice","position":3,"required":true,"title_format":"heading","default":"","description_enable":false,"description":"","placeholder_enable":false,"placeholder":"","display":"select","restrictions_type":"any_text","adjust_price":false,"price":"","price_type":"flat_fee","restrictions":false,"min":"0","max":"0","options":[{"label":"Mit Wasserh\u00e4hne","price":"","price_type":"quantity_based","image":0,"visibility":true},{"label":"Ohne Wasserh\u00e4hne","price":"-100","price_type":"quantity_based","image":0,"visibility":true}],"id":1748450802},{"name":"Version","type":"multiple_choice","position":4,"required":true,"title_format":"heading","default":"","description_enable":false,"description":"","placeholder_enable":false,"placeholder":"","display":"select","restrictions_type":"any_text","adjust_price":false,"price":"","price_type":"flat_fee","restrictions":false,"min":"0","max":"0","options":[{"label":"1A","price":"","price_type":"quantity_based","image":0,"visibility":true},{"label":"1B","price":"","price_type":"quantity_based","image":0,"visibility":true},{"label":"2A","price":"","price_type":"quantity_based","image":0,"visibility":true},{"label":"2B","price":"","price_type":"quantity_based","image":0,"visibility":true}],"id":1749050129}],"yoast_head":"<!-- This site is optimized with the Yoast SEO plugin v26.7 - https:\/\/yoast.com\/wordpress\/plugins\/seo\/ -->\n<title>Bathtub with door 120x70 cm available with or without hydromassage and chromotherapy VS121<\/title>\n<meta name=\"description\" content=\"Bathtub with inward opening door. Faucets included. Door available in white, transparent or satin finish. Additional options: whirlpool and chromotherapy\" \/>\n<meta name=\"robots\" content=\"index, follow, max-snippet:-1, max-image-preview:large, max-video-preview:-1\" \/>\n<link rel=\"canonical\" href=\"https:\/\/www.bagnoitalia.com\/de\/produkt\/bathtub-with-door-120x70-cm-available-with-or-without-hydromassage-and-chromotherapy-vs121.html\" \/>\n<meta property=\"og:locale\" content=\"de_DE\" \/>\n<meta property=\"og:type\" content=\"article\" \/>\n<meta property=\"og:title\" content=\"Bathtub with door 120x70 cm available with or without hydromassage and chromotherapy VS121\" \/>\n<meta property=\"og:description\" content=\"Bathtub with inward opening door. Faucets included. Door available in white, transparent or satin finish. Additional options: whirlpool and chromotherapy\" \/>\n<meta property=\"og:url\" content=\"https:\/\/www.bagnoitalia.com\/de\/produkt\/bathtub-with-door-120x70-cm-available-with-or-without-hydromassage-and-chromotherapy-vs121.html\" \/>\n<meta property=\"og:site_name\" content=\"Bagno Italia\" \/>\n<meta property=\"article:modified_time\" content=\"2025-06-04T13:19:29+00:00\" \/>\n<meta property=\"og:image\" content=\"https:\/\/img.bagnoitalia.com\/wp-content\/uploads\/virtuemart\/product\/bathtub-with-door-opening-details-1.jpg\" \/>\n\t<meta property=\"og:image:width\" content=\"550\" \/>\n\t<meta property=\"og:image:height\" content=\"550\" \/>\n\t<meta property=\"og:image:type\" content=\"image\/jpeg\" \/>\n<meta name=\"twitter:card\" content=\"summary_large_image\" \/>\n<meta name=\"twitter:label1\" content=\"Gesch\u00e4tzte Lesezeit\" \/>\n\t<meta name=\"twitter:data1\" content=\"1\u00a0Minute\" \/>\n<script type=\"application\/ld+json\" class=\"yoast-schema-graph\">{\"@context\":\"https:\/\/schema.org\",\"@graph\":[{\"@type\":\"WebPage\",\"@id\":\"https:\/\/www.bagnoitalia.com\/de\/produkt\/bathtub-with-door-120x70-cm-available-with-or-without-hydromassage-and-chromotherapy-vs121.html\",\"url\":\"https:\/\/www.bagnoitalia.com\/de\/produkt\/bathtub-with-door-120x70-cm-available-with-or-without-hydromassage-and-chromotherapy-vs121.html\",\"name\":\"Bathtub with door 120x70 cm available with or without hydromassage and chromotherapy VS121\",\"isPartOf\":{\"@id\":\"https:\/\/www.bagnoitalia.com\/de#website\"},\"primaryImageOfPage\":{\"@id\":\"https:\/\/www.bagnoitalia.com\/de\/produkt\/bathtub-with-door-120x70-cm-available-with-or-without-hydromassage-and-chromotherapy-vs121.html#primaryimage\"},\"image\":{\"@id\":\"https:\/\/www.bagnoitalia.com\/de\/produkt\/bathtub-with-door-120x70-cm-available-with-or-without-hydromassage-and-chromotherapy-vs121.html#primaryimage\"},\"thumbnailUrl\":\"https:\/\/img.bagnoitalia.com\/wp-content\/uploads\/virtuemart\/product\/bathtub-with-door-opening-details-1.jpg\",\"datePublished\":\"2023-02-02T14:56:50+00:00\",\"dateModified\":\"2025-06-04T13:19:29+00:00\",\"description\":\"Bathtub with inward opening door. Faucets included. Door available in white, transparent or satin finish. Additional options: whirlpool and chromotherapy\",\"breadcrumb\":{\"@id\":\"https:\/\/www.bagnoitalia.com\/de\/produkt\/bathtub-with-door-120x70-cm-available-with-or-without-hydromassage-and-chromotherapy-vs121.html#breadcrumb\"},\"inLanguage\":\"de\",\"potentialAction\":[{\"@type\":\"ReadAction\",\"target\":[\"https:\/\/www.bagnoitalia.com\/de\/produkt\/bathtub-with-door-120x70-cm-available-with-or-without-hydromassage-and-chromotherapy-vs121.html\"]}]},{\"@type\":\"ImageObject\",\"inLanguage\":\"de\",\"@id\":\"https:\/\/www.bagnoitalia.com\/de\/produkt\/bathtub-with-door-120x70-cm-available-with-or-without-hydromassage-and-chromotherapy-vs121.html#primaryimage\",\"url\":\"https:\/\/img.bagnoitalia.com\/wp-content\/uploads\/virtuemart\/product\/bathtub-with-door-opening-details-1.jpg\",\"contentUrl\":\"https:\/\/img.bagnoitalia.com\/wp-content\/uploads\/virtuemart\/product\/bathtub-with-door-opening-details-1.jpg\",\"width\":550,\"height\":550},{\"@type\":\"BreadcrumbList\",\"@id\":\"https:\/\/www.bagnoitalia.com\/de\/produkt\/bathtub-with-door-120x70-cm-available-with-or-without-hydromassage-and-chromotherapy-vs121.html#breadcrumb\",\"itemListElement\":[{\"@type\":\"ListItem\",\"position\":1,\"name\":\"Home\",\"item\":\"https:\/\/www.bagnoitalia.com\/de\"},{\"@type\":\"ListItem\",\"position\":2,\"name\":\"Produkte\",\"item\":\"https:\/\/www.bagnoitalia.com\/de\/shop\"},{\"@type\":\"ListItem\",\"position\":3,\"name\":\"Badewanne mit T\u00fcr 120&#215;70 cm erh\u00e4ltlich mit oder ohne Hydromassage und Chromotherapie VS121\"}]},{\"@type\":\"WebSite\",\"@id\":\"https:\/\/www.bagnoitalia.com\/de#website\",\"url\":\"https:\/\/www.bagnoitalia.com\/de\",\"name\":\"Bagno Italia\",\"description\":\"\",\"publisher\":{\"@id\":\"https:\/\/www.bagnoitalia.com\/de#organization\"},\"potentialAction\":[{\"@type\":\"SearchAction\",\"target\":{\"@type\":\"EntryPoint\",\"urlTemplate\":\"https:\/\/www.bagnoitalia.com\/de?s={search_term_string}\"},\"query-input\":{\"@type\":\"PropertyValueSpecification\",\"valueRequired\":true,\"valueName\":\"search_term_string\"}}],\"inLanguage\":\"de\"},{\"@type\":\"Organization\",\"@id\":\"https:\/\/www.bagnoitalia.com\/de#organization\",\"name\":\"Bagno Italia\",\"url\":\"https:\/\/www.bagnoitalia.com\/de\",\"logo\":{\"@type\":\"ImageObject\",\"inLanguage\":\"de\",\"@id\":\"https:\/\/www.bagnoitalia.com\/de#\/schema\/logo\/image\/\",\"url\":\"https:\/\/img.bagnoitalia.com\/wp-content\/uploads\/logo-bagnoitalia.webp\",\"contentUrl\":\"https:\/\/img.bagnoitalia.com\/wp-content\/uploads\/logo-bagnoitalia.webp\",\"width\":400,\"height\":70,\"caption\":\"Bagno Italia\"},\"image\":{\"@id\":\"https:\/\/www.bagnoitalia.com\/de#\/schema\/logo\/image\/\"}}]}<\/script>\n<!-- \/ Yoast SEO plugin. -->","yoast_head_json":{"title":"Bathtub with door 120x70 cm available with or without hydromassage and chromotherapy VS121","description":"Bathtub with inward opening door. Faucets included. Door available in white, transparent or satin finish. Additional options: whirlpool and chromotherapy","robots":{"index":"index","follow":"follow","max-snippet":"max-snippet:-1","max-image-preview":"max-image-preview:large","max-video-preview":"max-video-preview:-1"},"canonical":"https:\/\/www.bagnoitalia.com\/de\/produkt\/bathtub-with-door-120x70-cm-available-with-or-without-hydromassage-and-chromotherapy-vs121.html","og_locale":"de_DE","og_type":"article","og_title":"Bathtub with door 120x70 cm available with or without hydromassage and chromotherapy VS121","og_description":"Bathtub with inward opening door. Faucets included. Door available in white, transparent or satin finish. Additional options: whirlpool and chromotherapy","og_url":"https:\/\/www.bagnoitalia.com\/de\/produkt\/bathtub-with-door-120x70-cm-available-with-or-without-hydromassage-and-chromotherapy-vs121.html","og_site_name":"Bagno Italia","article_modified_time":"2025-06-04T13:19:29+00:00","og_image":[{"width":550,"height":550,"url":"https:\/\/img.bagnoitalia.com\/wp-content\/uploads\/virtuemart\/product\/bathtub-with-door-opening-details-1.jpg","type":"image\/jpeg"}],"twitter_card":"summary_large_image","twitter_misc":{"Gesch\u00e4tzte Lesezeit":"1\u00a0Minute"},"schema":{"@context":"https:\/\/schema.org","@graph":[{"@type":"WebPage","@id":"https:\/\/www.bagnoitalia.com\/de\/produkt\/bathtub-with-door-120x70-cm-available-with-or-without-hydromassage-and-chromotherapy-vs121.html","url":"https:\/\/www.bagnoitalia.com\/de\/produkt\/bathtub-with-door-120x70-cm-available-with-or-without-hydromassage-and-chromotherapy-vs121.html","name":"Bathtub with door 120x70 cm available with or without hydromassage and chromotherapy VS121","isPartOf":{"@id":"https:\/\/www.bagnoitalia.com\/de#website"},"primaryImageOfPage":{"@id":"https:\/\/www.bagnoitalia.com\/de\/produkt\/bathtub-with-door-120x70-cm-available-with-or-without-hydromassage-and-chromotherapy-vs121.html#primaryimage"},"image":{"@id":"https:\/\/www.bagnoitalia.com\/de\/produkt\/bathtub-with-door-120x70-cm-available-with-or-without-hydromassage-and-chromotherapy-vs121.html#primaryimage"},"thumbnailUrl":"https:\/\/img.bagnoitalia.com\/wp-content\/uploads\/virtuemart\/product\/bathtub-with-door-opening-details-1.jpg","datePublished":"2023-02-02T14:56:50+00:00","dateModified":"2025-06-04T13:19:29+00:00","description":"Bathtub with inward opening door. Faucets included. Door available in white, transparent or satin finish. Additional options: whirlpool and chromotherapy","breadcrumb":{"@id":"https:\/\/www.bagnoitalia.com\/de\/produkt\/bathtub-with-door-120x70-cm-available-with-or-without-hydromassage-and-chromotherapy-vs121.html#breadcrumb"},"inLanguage":"de","potentialAction":[{"@type":"ReadAction","target":["https:\/\/www.bagnoitalia.com\/de\/produkt\/bathtub-with-door-120x70-cm-available-with-or-without-hydromassage-and-chromotherapy-vs121.html"]}]},{"@type":"ImageObject","inLanguage":"de","@id":"https:\/\/www.bagnoitalia.com\/de\/produkt\/bathtub-with-door-120x70-cm-available-with-or-without-hydromassage-and-chromotherapy-vs121.html#primaryimage","url":"https:\/\/img.bagnoitalia.com\/wp-content\/uploads\/virtuemart\/product\/bathtub-with-door-opening-details-1.jpg","contentUrl":"https:\/\/img.bagnoitalia.com\/wp-content\/uploads\/virtuemart\/product\/bathtub-with-door-opening-details-1.jpg","width":550,"height":550},{"@type":"BreadcrumbList","@id":"https:\/\/www.bagnoitalia.com\/de\/produkt\/bathtub-with-door-120x70-cm-available-with-or-without-hydromassage-and-chromotherapy-vs121.html#breadcrumb","itemListElement":[{"@type":"ListItem","position":1,"name":"Home","item":"https:\/\/www.bagnoitalia.com\/de"},{"@type":"ListItem","position":2,"name":"Produkte","item":"https:\/\/www.bagnoitalia.com\/de\/shop"},{"@type":"ListItem","position":3,"name":"Badewanne mit T\u00fcr 120&#215;70 cm erh\u00e4ltlich mit oder ohne Hydromassage und Chromotherapie VS121"}]},{"@type":"WebSite","@id":"https:\/\/www.bagnoitalia.com\/de#website","url":"https:\/\/www.bagnoitalia.com\/de","name":"Bagno Italia","description":"","publisher":{"@id":"https:\/\/www.bagnoitalia.com\/de#organization"},"potentialAction":[{"@type":"SearchAction","target":{"@type":"EntryPoint","urlTemplate":"https:\/\/www.bagnoitalia.com\/de?s={search_term_string}"},"query-input":{"@type":"PropertyValueSpecification","valueRequired":true,"valueName":"search_term_string"}}],"inLanguage":"de"},{"@type":"Organization","@id":"https:\/\/www.bagnoitalia.com\/de#organization","name":"Bagno Italia","url":"https:\/\/www.bagnoitalia.com\/de","logo":{"@type":"ImageObject","inLanguage":"de","@id":"https:\/\/www.bagnoitalia.com\/de#\/schema\/logo\/image\/","url":"https:\/\/img.bagnoitalia.com\/wp-content\/uploads\/logo-bagnoitalia.webp","contentUrl":"https:\/\/img.bagnoitalia.com\/wp-content\/uploads\/logo-bagnoitalia.webp","width":400,"height":70,"caption":"Bagno Italia"},"image":{"@id":"https:\/\/www.bagnoitalia.com\/de#\/schema\/logo\/image\/"}}]}},"_links":{"self":[{"href":"https:\/\/www.bagnoitalia.com\/de\/wp-json\/wp\/v2\/product\/93039","targetHints":{"allow":["GET"]}}],"collection":[{"href":"https:\/\/www.bagnoitalia.com\/de\/wp-json\/wp\/v2\/product"}],"about":[{"href":"https:\/\/www.bagnoitalia.com\/de\/wp-json\/wp\/v2\/types\/product"}],"replies":[{"embeddable":true,"href":"https:\/\/www.bagnoitalia.com\/de\/wp-json\/wp\/v2\/comments?post=93039"}],"version-history":[{"count":5,"href":"https:\/\/www.bagnoitalia.com\/de\/wp-json\/wp\/v2\/product\/93039\/revisions"}],"predecessor-version":[{"id":108822,"href":"https:\/\/www.bagnoitalia.com\/de\/wp-json\/wp\/v2\/product\/93039\/revisions\/108822"}],"wp:featuredmedia":[{"embeddable":true,"href":"https:\/\/www.bagnoitalia.com\/de\/wp-json\/wp\/v2\/media\/59333"}],"wp:attachment":[{"href":"https:\/\/www.bagnoitalia.com\/de\/wp-json\/wp\/v2\/media?parent=93039"}],"wp:term":[{"taxonomy":"product_brand","embeddable":true,"href":"https:\/\/www.bagnoitalia.com\/de\/wp-json\/wp\/v2\/product_brand?post=93039"},{"taxonomy":"product_cat","embeddable":true,"href":"https:\/\/www.bagnoitalia.com\/de\/wp-json\/wp\/v2\/product_cat?post=93039"},{"taxonomy":"product_tag","embeddable":true,"href":"https:\/\/www.bagnoitalia.com\/de\/wp-json\/wp\/v2\/product_tag?post=93039"}],"curies":[{"name":"wp","href":"https:\/\/api.w.org\/{rel}","templated":true}]}}