{"id":93021,"date":"2023-02-03T15:15:06","date_gmt":"2023-02-03T14:15:06","guid":{"rendered":"https:\/\/www.bagnoitalia.com\/product\/corner-bathtub-with-door-95x95-cm-also-available-with-taps-and-whirlpool-vs122"},"modified":"2024-10-08T17:37:22","modified_gmt":"2024-10-08T15:37:22","slug":"corner-bathtub-with-door-95x95-cm-also-available-with-taps-and-whirlpool-vs122","status":"publish","type":"product","link":"https:\/\/www.bagnoitalia.com\/de\/produkt\/corner-bathtub-with-door-95x95-cm-also-available-with-taps-and-whirlpool-vs122.html","title":{"rendered":"Eckbadewanne mit T\u00fcr 95&#215;95 cm auch mit Armaturen und Whirlpool erh\u00e4ltlich VS122"},"content":{"rendered":"<p>&nbsp;<\/p>\n<p>ECKWANNE MIT T\u00dcR VS122<\/p>\n<p>&nbsp;<\/p>\n<p>DER OBEN GENANNTE PREIS BEINHALTET<\/p>\n<p>Nr. 1 halbrunde Badewanne 95&#215;95 cm, Gesamth\u00f6he 90 cm<\/p>\n<p>&nbsp;<\/p>\n<p>OPTIONAL nicht inbegriffen (Sie k\u00f6nnen sie \u00fcber das Dropdown-Men\u00fc hinzuf\u00fcgen):<\/p>\n<p>&#8211; Hydromassage-Funktion<\/p>\n<p>&#8211; Wannenrand-Armaturen<\/p>\n<p>&#8211; Ablaufs\u00e4ule<\/p>\n<p>&nbsp;<\/p>\n<p>FEATURES<\/p>\n<p>Einbau \u00fcber Eck<\/p>\n<p>besonders geeignet f\u00fcr \u00e4ltere Menschen oder Menschen mit Mobilit\u00e4tseinschr\u00e4nkungen<\/p>\n<p>Wasserdichte T\u00fcr mit \u00d6ffnung nach au\u00dfen<\/p>\n<p>Stahlrahmen und Struktur aus Abs und Fiberglas<\/p>\n<p>HERGESTELLT IN ITALIEN<\/p>\n<p>&nbsp;<\/p>\n<p>&nbsp;<\/p>\n<p>&nbsp;<\/p>\n","protected":false},"excerpt":{"rendered":"<p>Badewanne mit nach au\u00dfen \u00f6ffnender T\u00fcr, geeignet f\u00fcr \u00e4ltere Menschen oder Personen mit Mobilit\u00e4tsproblemen. Es ist m\u00f6glich, Folgendes hinzuzuf\u00fcgen: die Hydromassagefunktion, die Armaturen und die Ablaufs\u00e4ule<\/p>\n","protected":false},"featured_media":59394,"comment_status":"open","ping_status":"closed","template":"","meta":[],"product_brand":[9879],"product_cat":[15,9965],"product_tag":[],"class_list":{"0":"post-93021","1":"product","2":"type-product","3":"status-publish","4":"has-post-thumbnail","6":"product_brand-vari-produttori-fr","7":"product_cat-senza-categoria","8":"product_cat-tubs-whith-door-de","10":"first","11":"instock","12":"sale","13":"taxable","14":"shipping-taxable","15":"purchasable","16":"product-type-simple"},"exclude_global_add_ons":false,"addons":[{"name":"Typ","type":"multiple_choice","position":0,"required":true,"title_format":"heading","default":"","description_enable":false,"description":"","placeholder_enable":false,"placeholder":"","display":"select","restrictions_type":"any_text","adjust_price":false,"price":"","price_type":"flat_fee","restrictions":false,"min":"0","max":"0","options":[{"label":"OHNE Wassermassage","price":"","price_type":"quantity_based","image":0,"visibility":true},{"label":"MIT Wassermassage","price":"739","price_type":"quantity_based","image":0,"visibility":true}],"id":1716294407},{"name":"Wasserh\u00e4hne","type":"multiple_choice","position":1,"required":true,"title_format":"heading","default":"","description_enable":false,"description":"","placeholder_enable":false,"placeholder":"","display":"select","restrictions_type":"any_text","adjust_price":false,"price":"","price_type":"flat_fee","restrictions":false,"min":"0","max":"0","options":[{"label":"OHNE Wasserh\u00e4hne","price":"","price_type":"quantity_based","image":0,"visibility":true},{"label":"MIT Deckmontierten Wasserh\u00e4hnen","price":"265","price_type":"quantity_based","image":0,"visibility":true}],"id":1716294408},{"name":"Andere Sonderausstattungen","type":"multiple_choice","position":2,"required":true,"title_format":"heading","default":"","description_enable":false,"description":"","placeholder_enable":false,"placeholder":"","display":"select","restrictions_type":"any_text","adjust_price":false,"price":"","price_type":"flat_fee","restrictions":false,"min":"0","max":"0","options":[{"label":"OHNE Ablaufs\u00e4ule","price":"","price_type":"quantity_based","image":0,"visibility":true},{"label":"MIT Ablaufs\u00e4ule","price":"69","price_type":"quantity_based","image":0,"visibility":true}],"id":1716294409}],"yoast_head":"<!-- This site is optimized with the Yoast SEO plugin v26.7 - https:\/\/yoast.com\/wordpress\/plugins\/seo\/ -->\n<title>Corner bathtub with door 95x95 cm also available with taps and whirlpool VS122<\/title>\n<meta name=\"description\" content=\"Bathtub with outward opening door, suitable for the elderly or those with mobility difficulties. It is possible to add: the hydromassage function, tapware and drain column\" \/>\n<meta name=\"robots\" content=\"index, follow, max-snippet:-1, max-image-preview:large, max-video-preview:-1\" \/>\n<link rel=\"canonical\" href=\"https:\/\/www.bagnoitalia.com\/de\/produkt\/corner-bathtub-with-door-95x95-cm-also-available-with-taps-and-whirlpool-vs122.html\" \/>\n<meta property=\"og:locale\" content=\"de_DE\" \/>\n<meta property=\"og:type\" content=\"article\" \/>\n<meta property=\"og:title\" content=\"Corner bathtub with door 95x95 cm also available with taps and whirlpool VS122\" \/>\n<meta property=\"og:description\" content=\"Bathtub with outward opening door, suitable for the elderly or those with mobility difficulties. It is possible to add: the hydromassage function, tapware and drain column\" \/>\n<meta property=\"og:url\" content=\"https:\/\/www.bagnoitalia.com\/de\/produkt\/corner-bathtub-with-door-95x95-cm-also-available-with-taps-and-whirlpool-vs122.html\" \/>\n<meta property=\"og:site_name\" content=\"Bagno Italia\" \/>\n<meta property=\"article:modified_time\" content=\"2024-10-08T15:37:22+00:00\" \/>\n<meta property=\"og:image\" content=\"https:\/\/img.bagnoitalia.com\/wp-content\/uploads\/virtuemart\/product\/bath-tub-angular-95x95-with-door-1.jpg\" \/>\n\t<meta property=\"og:image:width\" content=\"550\" \/>\n\t<meta property=\"og:image:height\" content=\"550\" \/>\n\t<meta property=\"og:image:type\" content=\"image\/jpeg\" \/>\n<meta name=\"twitter:card\" content=\"summary_large_image\" \/>\n<meta name=\"twitter:label1\" content=\"Gesch\u00e4tzte Lesezeit\" \/>\n\t<meta name=\"twitter:data1\" content=\"1\u00a0Minute\" \/>\n<script type=\"application\/ld+json\" class=\"yoast-schema-graph\">{\"@context\":\"https:\/\/schema.org\",\"@graph\":[{\"@type\":\"WebPage\",\"@id\":\"https:\/\/www.bagnoitalia.com\/de\/produkt\/corner-bathtub-with-door-95x95-cm-also-available-with-taps-and-whirlpool-vs122.html\",\"url\":\"https:\/\/www.bagnoitalia.com\/de\/produkt\/corner-bathtub-with-door-95x95-cm-also-available-with-taps-and-whirlpool-vs122.html\",\"name\":\"Corner bathtub with door 95x95 cm also available with taps and whirlpool VS122\",\"isPartOf\":{\"@id\":\"https:\/\/www.bagnoitalia.com\/de#website\"},\"primaryImageOfPage\":{\"@id\":\"https:\/\/www.bagnoitalia.com\/de\/produkt\/corner-bathtub-with-door-95x95-cm-also-available-with-taps-and-whirlpool-vs122.html#primaryimage\"},\"image\":{\"@id\":\"https:\/\/www.bagnoitalia.com\/de\/produkt\/corner-bathtub-with-door-95x95-cm-also-available-with-taps-and-whirlpool-vs122.html#primaryimage\"},\"thumbnailUrl\":\"https:\/\/img.bagnoitalia.com\/wp-content\/uploads\/virtuemart\/product\/bath-tub-angular-95x95-with-door-1.jpg\",\"datePublished\":\"2023-02-03T14:15:06+00:00\",\"dateModified\":\"2024-10-08T15:37:22+00:00\",\"description\":\"Bathtub with outward opening door, suitable for the elderly or those with mobility difficulties. It is possible to add: the hydromassage function, tapware and drain column\",\"breadcrumb\":{\"@id\":\"https:\/\/www.bagnoitalia.com\/de\/produkt\/corner-bathtub-with-door-95x95-cm-also-available-with-taps-and-whirlpool-vs122.html#breadcrumb\"},\"inLanguage\":\"de\",\"potentialAction\":[{\"@type\":\"ReadAction\",\"target\":[\"https:\/\/www.bagnoitalia.com\/de\/produkt\/corner-bathtub-with-door-95x95-cm-also-available-with-taps-and-whirlpool-vs122.html\"]}]},{\"@type\":\"ImageObject\",\"inLanguage\":\"de\",\"@id\":\"https:\/\/www.bagnoitalia.com\/de\/produkt\/corner-bathtub-with-door-95x95-cm-also-available-with-taps-and-whirlpool-vs122.html#primaryimage\",\"url\":\"https:\/\/img.bagnoitalia.com\/wp-content\/uploads\/virtuemart\/product\/bath-tub-angular-95x95-with-door-1.jpg\",\"contentUrl\":\"https:\/\/img.bagnoitalia.com\/wp-content\/uploads\/virtuemart\/product\/bath-tub-angular-95x95-with-door-1.jpg\",\"width\":550,\"height\":550},{\"@type\":\"BreadcrumbList\",\"@id\":\"https:\/\/www.bagnoitalia.com\/de\/produkt\/corner-bathtub-with-door-95x95-cm-also-available-with-taps-and-whirlpool-vs122.html#breadcrumb\",\"itemListElement\":[{\"@type\":\"ListItem\",\"position\":1,\"name\":\"Home\",\"item\":\"https:\/\/www.bagnoitalia.com\/de\"},{\"@type\":\"ListItem\",\"position\":2,\"name\":\"Produkte\",\"item\":\"https:\/\/www.bagnoitalia.com\/de\/shop\"},{\"@type\":\"ListItem\",\"position\":3,\"name\":\"Eckbadewanne mit T\u00fcr 95&#215;95 cm auch mit Armaturen und Whirlpool erh\u00e4ltlich VS122\"}]},{\"@type\":\"WebSite\",\"@id\":\"https:\/\/www.bagnoitalia.com\/de#website\",\"url\":\"https:\/\/www.bagnoitalia.com\/de\",\"name\":\"Bagno Italia\",\"description\":\"\",\"publisher\":{\"@id\":\"https:\/\/www.bagnoitalia.com\/de#organization\"},\"potentialAction\":[{\"@type\":\"SearchAction\",\"target\":{\"@type\":\"EntryPoint\",\"urlTemplate\":\"https:\/\/www.bagnoitalia.com\/de?s={search_term_string}\"},\"query-input\":{\"@type\":\"PropertyValueSpecification\",\"valueRequired\":true,\"valueName\":\"search_term_string\"}}],\"inLanguage\":\"de\"},{\"@type\":\"Organization\",\"@id\":\"https:\/\/www.bagnoitalia.com\/de#organization\",\"name\":\"Bagno Italia\",\"url\":\"https:\/\/www.bagnoitalia.com\/de\",\"logo\":{\"@type\":\"ImageObject\",\"inLanguage\":\"de\",\"@id\":\"https:\/\/www.bagnoitalia.com\/de#\/schema\/logo\/image\/\",\"url\":\"https:\/\/img.bagnoitalia.com\/wp-content\/uploads\/logo-bagnoitalia.webp\",\"contentUrl\":\"https:\/\/img.bagnoitalia.com\/wp-content\/uploads\/logo-bagnoitalia.webp\",\"width\":400,\"height\":70,\"caption\":\"Bagno Italia\"},\"image\":{\"@id\":\"https:\/\/www.bagnoitalia.com\/de#\/schema\/logo\/image\/\"}}]}<\/script>\n<!-- \/ Yoast SEO plugin. -->","yoast_head_json":{"title":"Corner bathtub with door 95x95 cm also available with taps and whirlpool VS122","description":"Bathtub with outward opening door, suitable for the elderly or those with mobility difficulties. It is possible to add: the hydromassage function, tapware and drain column","robots":{"index":"index","follow":"follow","max-snippet":"max-snippet:-1","max-image-preview":"max-image-preview:large","max-video-preview":"max-video-preview:-1"},"canonical":"https:\/\/www.bagnoitalia.com\/de\/produkt\/corner-bathtub-with-door-95x95-cm-also-available-with-taps-and-whirlpool-vs122.html","og_locale":"de_DE","og_type":"article","og_title":"Corner bathtub with door 95x95 cm also available with taps and whirlpool VS122","og_description":"Bathtub with outward opening door, suitable for the elderly or those with mobility difficulties. It is possible to add: the hydromassage function, tapware and drain column","og_url":"https:\/\/www.bagnoitalia.com\/de\/produkt\/corner-bathtub-with-door-95x95-cm-also-available-with-taps-and-whirlpool-vs122.html","og_site_name":"Bagno Italia","article_modified_time":"2024-10-08T15:37:22+00:00","og_image":[{"width":550,"height":550,"url":"https:\/\/img.bagnoitalia.com\/wp-content\/uploads\/virtuemart\/product\/bath-tub-angular-95x95-with-door-1.jpg","type":"image\/jpeg"}],"twitter_card":"summary_large_image","twitter_misc":{"Gesch\u00e4tzte Lesezeit":"1\u00a0Minute"},"schema":{"@context":"https:\/\/schema.org","@graph":[{"@type":"WebPage","@id":"https:\/\/www.bagnoitalia.com\/de\/produkt\/corner-bathtub-with-door-95x95-cm-also-available-with-taps-and-whirlpool-vs122.html","url":"https:\/\/www.bagnoitalia.com\/de\/produkt\/corner-bathtub-with-door-95x95-cm-also-available-with-taps-and-whirlpool-vs122.html","name":"Corner bathtub with door 95x95 cm also available with taps and whirlpool VS122","isPartOf":{"@id":"https:\/\/www.bagnoitalia.com\/de#website"},"primaryImageOfPage":{"@id":"https:\/\/www.bagnoitalia.com\/de\/produkt\/corner-bathtub-with-door-95x95-cm-also-available-with-taps-and-whirlpool-vs122.html#primaryimage"},"image":{"@id":"https:\/\/www.bagnoitalia.com\/de\/produkt\/corner-bathtub-with-door-95x95-cm-also-available-with-taps-and-whirlpool-vs122.html#primaryimage"},"thumbnailUrl":"https:\/\/img.bagnoitalia.com\/wp-content\/uploads\/virtuemart\/product\/bath-tub-angular-95x95-with-door-1.jpg","datePublished":"2023-02-03T14:15:06+00:00","dateModified":"2024-10-08T15:37:22+00:00","description":"Bathtub with outward opening door, suitable for the elderly or those with mobility difficulties. It is possible to add: the hydromassage function, tapware and drain column","breadcrumb":{"@id":"https:\/\/www.bagnoitalia.com\/de\/produkt\/corner-bathtub-with-door-95x95-cm-also-available-with-taps-and-whirlpool-vs122.html#breadcrumb"},"inLanguage":"de","potentialAction":[{"@type":"ReadAction","target":["https:\/\/www.bagnoitalia.com\/de\/produkt\/corner-bathtub-with-door-95x95-cm-also-available-with-taps-and-whirlpool-vs122.html"]}]},{"@type":"ImageObject","inLanguage":"de","@id":"https:\/\/www.bagnoitalia.com\/de\/produkt\/corner-bathtub-with-door-95x95-cm-also-available-with-taps-and-whirlpool-vs122.html#primaryimage","url":"https:\/\/img.bagnoitalia.com\/wp-content\/uploads\/virtuemart\/product\/bath-tub-angular-95x95-with-door-1.jpg","contentUrl":"https:\/\/img.bagnoitalia.com\/wp-content\/uploads\/virtuemart\/product\/bath-tub-angular-95x95-with-door-1.jpg","width":550,"height":550},{"@type":"BreadcrumbList","@id":"https:\/\/www.bagnoitalia.com\/de\/produkt\/corner-bathtub-with-door-95x95-cm-also-available-with-taps-and-whirlpool-vs122.html#breadcrumb","itemListElement":[{"@type":"ListItem","position":1,"name":"Home","item":"https:\/\/www.bagnoitalia.com\/de"},{"@type":"ListItem","position":2,"name":"Produkte","item":"https:\/\/www.bagnoitalia.com\/de\/shop"},{"@type":"ListItem","position":3,"name":"Eckbadewanne mit T\u00fcr 95&#215;95 cm auch mit Armaturen und Whirlpool erh\u00e4ltlich VS122"}]},{"@type":"WebSite","@id":"https:\/\/www.bagnoitalia.com\/de#website","url":"https:\/\/www.bagnoitalia.com\/de","name":"Bagno Italia","description":"","publisher":{"@id":"https:\/\/www.bagnoitalia.com\/de#organization"},"potentialAction":[{"@type":"SearchAction","target":{"@type":"EntryPoint","urlTemplate":"https:\/\/www.bagnoitalia.com\/de?s={search_term_string}"},"query-input":{"@type":"PropertyValueSpecification","valueRequired":true,"valueName":"search_term_string"}}],"inLanguage":"de"},{"@type":"Organization","@id":"https:\/\/www.bagnoitalia.com\/de#organization","name":"Bagno Italia","url":"https:\/\/www.bagnoitalia.com\/de","logo":{"@type":"ImageObject","inLanguage":"de","@id":"https:\/\/www.bagnoitalia.com\/de#\/schema\/logo\/image\/","url":"https:\/\/img.bagnoitalia.com\/wp-content\/uploads\/logo-bagnoitalia.webp","contentUrl":"https:\/\/img.bagnoitalia.com\/wp-content\/uploads\/logo-bagnoitalia.webp","width":400,"height":70,"caption":"Bagno Italia"},"image":{"@id":"https:\/\/www.bagnoitalia.com\/de#\/schema\/logo\/image\/"}}]}},"_links":{"self":[{"href":"https:\/\/www.bagnoitalia.com\/de\/wp-json\/wp\/v2\/product\/93021","targetHints":{"allow":["GET"]}}],"collection":[{"href":"https:\/\/www.bagnoitalia.com\/de\/wp-json\/wp\/v2\/product"}],"about":[{"href":"https:\/\/www.bagnoitalia.com\/de\/wp-json\/wp\/v2\/types\/product"}],"replies":[{"embeddable":true,"href":"https:\/\/www.bagnoitalia.com\/de\/wp-json\/wp\/v2\/comments?post=93021"}],"version-history":[{"count":2,"href":"https:\/\/www.bagnoitalia.com\/de\/wp-json\/wp\/v2\/product\/93021\/revisions"}],"predecessor-version":[{"id":93024,"href":"https:\/\/www.bagnoitalia.com\/de\/wp-json\/wp\/v2\/product\/93021\/revisions\/93024"}],"wp:featuredmedia":[{"embeddable":true,"href":"https:\/\/www.bagnoitalia.com\/de\/wp-json\/wp\/v2\/media\/59394"}],"wp:attachment":[{"href":"https:\/\/www.bagnoitalia.com\/de\/wp-json\/wp\/v2\/media?parent=93021"}],"wp:term":[{"taxonomy":"product_brand","embeddable":true,"href":"https:\/\/www.bagnoitalia.com\/de\/wp-json\/wp\/v2\/product_brand?post=93021"},{"taxonomy":"product_cat","embeddable":true,"href":"https:\/\/www.bagnoitalia.com\/de\/wp-json\/wp\/v2\/product_cat?post=93021"},{"taxonomy":"product_tag","embeddable":true,"href":"https:\/\/www.bagnoitalia.com\/de\/wp-json\/wp\/v2\/product_tag?post=93021"}],"curies":[{"name":"wp","href":"https:\/\/api.w.org\/{rel}","templated":true}]}}