{"id":92927,"date":"2022-02-14T13:36:56","date_gmt":"2022-02-14T12:36:56","guid":{"rendered":"https:\/\/www.bagnoitalia.com\/product\/round-hot-tub-208-cm-5-seats-33-jets-ozone-therapy-chromotherapy-mp27"},"modified":"2025-06-13T14:54:48","modified_gmt":"2025-06-13T12:54:48","slug":"round-hot-tub-208-cm-5-seats-33-jets-ozone-therapy-chromotherapy-mp27","status":"publish","type":"product","link":"https:\/\/www.bagnoitalia.com\/de\/produkt\/round-hot-tub-208-cm-5-seats-33-jets-ozone-therapy-chromotherapy-mp27.html","title":{"rendered":"Runder Whirlpool 208 cm 5 Sitze 33 D\u00fcsen UV-Desinfektionsmittel Chromotherapie MP27"},"content":{"rendered":"<p>RUNDER WHIRLPOOL MP27<\/p>\n<p>&nbsp;<\/p>\n<p>MERKMALE:<\/p>\n<p>Outdoor-Whirlpool f\u00fcr 5 Personen<\/p>\n<p>Abmessungen: 208x208xH97 cm<\/p>\n<p>33 Hydromassaged\u00fcsen: 23 Wasser- und 10 Luftd\u00fcsen<\/p>\n<p>2,5-PS-Wasserpumpe<\/p>\n<p>1 PS Luftpumpe<\/p>\n<p>0,35 PS Wasserumw\u00e4lzpumpe<\/p>\n<p>3 kW Heizung (max. 40\u00b0C)<\/p>\n<p>Balboa-Bedienfeld<\/p>\n<p>UV-Desinfektionsmittel<\/p>\n<p>Chromotherapie<\/p>\n<p>Filter<\/p>\n<p>Steuerpult<\/p>\n<p>Material: Acryl &#8211; glasfaserverst\u00e4rktes Harz<\/p>\n<p>Grauer PVC-Belag mit Holzeffekt<\/p>\n<p>Isothermische Abdeckung<\/p>\n<p>Gewicht (leer): 275 kg<\/p>\n<p>&nbsp;<\/p>\n<p>&nbsp;<\/p>\n","protected":false},"excerpt":{"rendered":"<p>Au\u00dfenwhirlpool mit 5 Sitzen, 23 Wasserd\u00fcsen und 10 Luftd\u00fcsen, Heizung, UV-Desinfektionsmittel, Farbtherapie-Licht, Filter<\/p>\n","protected":false},"featured_media":47851,"comment_status":"open","ping_status":"closed","template":"","meta":[],"product_brand":[9910],"product_cat":[10070],"product_tag":[],"class_list":{"0":"post-92927","1":"product","2":"type-product","3":"status-publish","4":"has-post-thumbnail","6":"product_brand-puntorelax-de","7":"product_cat-whirlpools-im-freien","9":"first","10":"instock","11":"sale","12":"taxable","13":"shipping-taxable","14":"purchasable","15":"product-type-simple"},"exclude_global_add_ons":[],"addons":[],"yoast_head":"<!-- This site is optimized with the Yoast SEO plugin v26.7 - https:\/\/yoast.com\/wordpress\/plugins\/seo\/ -->\n<title>Mini round whirlpool 208 cm 5 seats 33 jets Ozone therapy Chromotherapy MP27<\/title>\n<meta name=\"description\" content=\"Outdoor whirlpool bath with 5 seats, 23 water jets and 10 air jets, heater, ozonator, chromotherapy light, filter\" \/>\n<meta name=\"robots\" content=\"index, follow, max-snippet:-1, max-image-preview:large, max-video-preview:-1\" \/>\n<link rel=\"canonical\" href=\"https:\/\/www.bagnoitalia.com\/de\/produkt\/round-hot-tub-208-cm-5-seats-33-jets-ozone-therapy-chromotherapy-mp27.html\" \/>\n<meta property=\"og:locale\" content=\"de_DE\" \/>\n<meta property=\"og:type\" content=\"article\" \/>\n<meta property=\"og:title\" content=\"Mini round whirlpool 208 cm 5 seats 33 jets Ozone therapy Chromotherapy MP27\" \/>\n<meta property=\"og:description\" content=\"Outdoor whirlpool bath with 5 seats, 23 water jets and 10 air jets, heater, ozonator, chromotherapy light, filter\" \/>\n<meta property=\"og:url\" content=\"https:\/\/www.bagnoitalia.com\/de\/produkt\/round-hot-tub-208-cm-5-seats-33-jets-ozone-therapy-chromotherapy-mp27.html\" \/>\n<meta property=\"og:site_name\" content=\"Bagno Italia\" \/>\n<meta property=\"article:modified_time\" content=\"2025-06-13T12:54:48+00:00\" \/>\n<meta property=\"og:image\" content=\"https:\/\/img.bagnoitalia.com\/wp-content\/uploads\/virtuemart\/product\/mini-pool-spa-relax-whirlpool-round-208x208.jpg\" \/>\n\t<meta property=\"og:image:width\" content=\"550\" \/>\n\t<meta property=\"og:image:height\" content=\"550\" \/>\n\t<meta property=\"og:image:type\" content=\"image\/jpeg\" \/>\n<meta name=\"twitter:card\" content=\"summary_large_image\" \/>\n<meta name=\"twitter:label1\" content=\"Gesch\u00e4tzte Lesezeit\" \/>\n\t<meta name=\"twitter:data1\" content=\"1\u00a0Minute\" \/>\n<script type=\"application\/ld+json\" class=\"yoast-schema-graph\">{\"@context\":\"https:\/\/schema.org\",\"@graph\":[{\"@type\":\"WebPage\",\"@id\":\"https:\/\/www.bagnoitalia.com\/de\/produkt\/round-hot-tub-208-cm-5-seats-33-jets-ozone-therapy-chromotherapy-mp27.html\",\"url\":\"https:\/\/www.bagnoitalia.com\/de\/produkt\/round-hot-tub-208-cm-5-seats-33-jets-ozone-therapy-chromotherapy-mp27.html\",\"name\":\"Mini round whirlpool 208 cm 5 seats 33 jets Ozone therapy Chromotherapy MP27\",\"isPartOf\":{\"@id\":\"https:\/\/www.bagnoitalia.com\/de#website\"},\"primaryImageOfPage\":{\"@id\":\"https:\/\/www.bagnoitalia.com\/de\/produkt\/round-hot-tub-208-cm-5-seats-33-jets-ozone-therapy-chromotherapy-mp27.html#primaryimage\"},\"image\":{\"@id\":\"https:\/\/www.bagnoitalia.com\/de\/produkt\/round-hot-tub-208-cm-5-seats-33-jets-ozone-therapy-chromotherapy-mp27.html#primaryimage\"},\"thumbnailUrl\":\"https:\/\/img.bagnoitalia.com\/wp-content\/uploads\/virtuemart\/product\/mini-pool-spa-relax-whirlpool-round-208x208.jpg\",\"datePublished\":\"2022-02-14T12:36:56+00:00\",\"dateModified\":\"2025-06-13T12:54:48+00:00\",\"description\":\"Outdoor whirlpool bath with 5 seats, 23 water jets and 10 air jets, heater, ozonator, chromotherapy light, filter\",\"breadcrumb\":{\"@id\":\"https:\/\/www.bagnoitalia.com\/de\/produkt\/round-hot-tub-208-cm-5-seats-33-jets-ozone-therapy-chromotherapy-mp27.html#breadcrumb\"},\"inLanguage\":\"de\",\"potentialAction\":[{\"@type\":\"ReadAction\",\"target\":[\"https:\/\/www.bagnoitalia.com\/de\/produkt\/round-hot-tub-208-cm-5-seats-33-jets-ozone-therapy-chromotherapy-mp27.html\"]}]},{\"@type\":\"ImageObject\",\"inLanguage\":\"de\",\"@id\":\"https:\/\/www.bagnoitalia.com\/de\/produkt\/round-hot-tub-208-cm-5-seats-33-jets-ozone-therapy-chromotherapy-mp27.html#primaryimage\",\"url\":\"https:\/\/img.bagnoitalia.com\/wp-content\/uploads\/virtuemart\/product\/mini-pool-spa-relax-whirlpool-round-208x208.jpg\",\"contentUrl\":\"https:\/\/img.bagnoitalia.com\/wp-content\/uploads\/virtuemart\/product\/mini-pool-spa-relax-whirlpool-round-208x208.jpg\",\"width\":550,\"height\":550},{\"@type\":\"BreadcrumbList\",\"@id\":\"https:\/\/www.bagnoitalia.com\/de\/produkt\/round-hot-tub-208-cm-5-seats-33-jets-ozone-therapy-chromotherapy-mp27.html#breadcrumb\",\"itemListElement\":[{\"@type\":\"ListItem\",\"position\":1,\"name\":\"Home\",\"item\":\"https:\/\/www.bagnoitalia.com\/de\"},{\"@type\":\"ListItem\",\"position\":2,\"name\":\"Produkte\",\"item\":\"https:\/\/www.bagnoitalia.com\/de\/shop\"},{\"@type\":\"ListItem\",\"position\":3,\"name\":\"Runder Whirlpool 208 cm 5 Sitze 33 D\u00fcsen UV-Desinfektionsmittel Chromotherapie MP27\"}]},{\"@type\":\"WebSite\",\"@id\":\"https:\/\/www.bagnoitalia.com\/de#website\",\"url\":\"https:\/\/www.bagnoitalia.com\/de\",\"name\":\"Bagno Italia\",\"description\":\"\",\"publisher\":{\"@id\":\"https:\/\/www.bagnoitalia.com\/de#organization\"},\"potentialAction\":[{\"@type\":\"SearchAction\",\"target\":{\"@type\":\"EntryPoint\",\"urlTemplate\":\"https:\/\/www.bagnoitalia.com\/de?s={search_term_string}\"},\"query-input\":{\"@type\":\"PropertyValueSpecification\",\"valueRequired\":true,\"valueName\":\"search_term_string\"}}],\"inLanguage\":\"de\"},{\"@type\":\"Organization\",\"@id\":\"https:\/\/www.bagnoitalia.com\/de#organization\",\"name\":\"Bagno Italia\",\"url\":\"https:\/\/www.bagnoitalia.com\/de\",\"logo\":{\"@type\":\"ImageObject\",\"inLanguage\":\"de\",\"@id\":\"https:\/\/www.bagnoitalia.com\/de#\/schema\/logo\/image\/\",\"url\":\"https:\/\/img.bagnoitalia.com\/wp-content\/uploads\/logo-bagnoitalia.webp\",\"contentUrl\":\"https:\/\/img.bagnoitalia.com\/wp-content\/uploads\/logo-bagnoitalia.webp\",\"width\":400,\"height\":70,\"caption\":\"Bagno Italia\"},\"image\":{\"@id\":\"https:\/\/www.bagnoitalia.com\/de#\/schema\/logo\/image\/\"}}]}<\/script>\n<!-- \/ Yoast SEO plugin. -->","yoast_head_json":{"title":"Mini round whirlpool 208 cm 5 seats 33 jets Ozone therapy Chromotherapy MP27","description":"Outdoor whirlpool bath with 5 seats, 23 water jets and 10 air jets, heater, ozonator, chromotherapy light, filter","robots":{"index":"index","follow":"follow","max-snippet":"max-snippet:-1","max-image-preview":"max-image-preview:large","max-video-preview":"max-video-preview:-1"},"canonical":"https:\/\/www.bagnoitalia.com\/de\/produkt\/round-hot-tub-208-cm-5-seats-33-jets-ozone-therapy-chromotherapy-mp27.html","og_locale":"de_DE","og_type":"article","og_title":"Mini round whirlpool 208 cm 5 seats 33 jets Ozone therapy Chromotherapy MP27","og_description":"Outdoor whirlpool bath with 5 seats, 23 water jets and 10 air jets, heater, ozonator, chromotherapy light, filter","og_url":"https:\/\/www.bagnoitalia.com\/de\/produkt\/round-hot-tub-208-cm-5-seats-33-jets-ozone-therapy-chromotherapy-mp27.html","og_site_name":"Bagno Italia","article_modified_time":"2025-06-13T12:54:48+00:00","og_image":[{"width":550,"height":550,"url":"https:\/\/img.bagnoitalia.com\/wp-content\/uploads\/virtuemart\/product\/mini-pool-spa-relax-whirlpool-round-208x208.jpg","type":"image\/jpeg"}],"twitter_card":"summary_large_image","twitter_misc":{"Gesch\u00e4tzte Lesezeit":"1\u00a0Minute"},"schema":{"@context":"https:\/\/schema.org","@graph":[{"@type":"WebPage","@id":"https:\/\/www.bagnoitalia.com\/de\/produkt\/round-hot-tub-208-cm-5-seats-33-jets-ozone-therapy-chromotherapy-mp27.html","url":"https:\/\/www.bagnoitalia.com\/de\/produkt\/round-hot-tub-208-cm-5-seats-33-jets-ozone-therapy-chromotherapy-mp27.html","name":"Mini round whirlpool 208 cm 5 seats 33 jets Ozone therapy Chromotherapy MP27","isPartOf":{"@id":"https:\/\/www.bagnoitalia.com\/de#website"},"primaryImageOfPage":{"@id":"https:\/\/www.bagnoitalia.com\/de\/produkt\/round-hot-tub-208-cm-5-seats-33-jets-ozone-therapy-chromotherapy-mp27.html#primaryimage"},"image":{"@id":"https:\/\/www.bagnoitalia.com\/de\/produkt\/round-hot-tub-208-cm-5-seats-33-jets-ozone-therapy-chromotherapy-mp27.html#primaryimage"},"thumbnailUrl":"https:\/\/img.bagnoitalia.com\/wp-content\/uploads\/virtuemart\/product\/mini-pool-spa-relax-whirlpool-round-208x208.jpg","datePublished":"2022-02-14T12:36:56+00:00","dateModified":"2025-06-13T12:54:48+00:00","description":"Outdoor whirlpool bath with 5 seats, 23 water jets and 10 air jets, heater, ozonator, chromotherapy light, filter","breadcrumb":{"@id":"https:\/\/www.bagnoitalia.com\/de\/produkt\/round-hot-tub-208-cm-5-seats-33-jets-ozone-therapy-chromotherapy-mp27.html#breadcrumb"},"inLanguage":"de","potentialAction":[{"@type":"ReadAction","target":["https:\/\/www.bagnoitalia.com\/de\/produkt\/round-hot-tub-208-cm-5-seats-33-jets-ozone-therapy-chromotherapy-mp27.html"]}]},{"@type":"ImageObject","inLanguage":"de","@id":"https:\/\/www.bagnoitalia.com\/de\/produkt\/round-hot-tub-208-cm-5-seats-33-jets-ozone-therapy-chromotherapy-mp27.html#primaryimage","url":"https:\/\/img.bagnoitalia.com\/wp-content\/uploads\/virtuemart\/product\/mini-pool-spa-relax-whirlpool-round-208x208.jpg","contentUrl":"https:\/\/img.bagnoitalia.com\/wp-content\/uploads\/virtuemart\/product\/mini-pool-spa-relax-whirlpool-round-208x208.jpg","width":550,"height":550},{"@type":"BreadcrumbList","@id":"https:\/\/www.bagnoitalia.com\/de\/produkt\/round-hot-tub-208-cm-5-seats-33-jets-ozone-therapy-chromotherapy-mp27.html#breadcrumb","itemListElement":[{"@type":"ListItem","position":1,"name":"Home","item":"https:\/\/www.bagnoitalia.com\/de"},{"@type":"ListItem","position":2,"name":"Produkte","item":"https:\/\/www.bagnoitalia.com\/de\/shop"},{"@type":"ListItem","position":3,"name":"Runder Whirlpool 208 cm 5 Sitze 33 D\u00fcsen UV-Desinfektionsmittel Chromotherapie MP27"}]},{"@type":"WebSite","@id":"https:\/\/www.bagnoitalia.com\/de#website","url":"https:\/\/www.bagnoitalia.com\/de","name":"Bagno Italia","description":"","publisher":{"@id":"https:\/\/www.bagnoitalia.com\/de#organization"},"potentialAction":[{"@type":"SearchAction","target":{"@type":"EntryPoint","urlTemplate":"https:\/\/www.bagnoitalia.com\/de?s={search_term_string}"},"query-input":{"@type":"PropertyValueSpecification","valueRequired":true,"valueName":"search_term_string"}}],"inLanguage":"de"},{"@type":"Organization","@id":"https:\/\/www.bagnoitalia.com\/de#organization","name":"Bagno Italia","url":"https:\/\/www.bagnoitalia.com\/de","logo":{"@type":"ImageObject","inLanguage":"de","@id":"https:\/\/www.bagnoitalia.com\/de#\/schema\/logo\/image\/","url":"https:\/\/img.bagnoitalia.com\/wp-content\/uploads\/logo-bagnoitalia.webp","contentUrl":"https:\/\/img.bagnoitalia.com\/wp-content\/uploads\/logo-bagnoitalia.webp","width":400,"height":70,"caption":"Bagno Italia"},"image":{"@id":"https:\/\/www.bagnoitalia.com\/de#\/schema\/logo\/image\/"}}]}},"_links":{"self":[{"href":"https:\/\/www.bagnoitalia.com\/de\/wp-json\/wp\/v2\/product\/92927","targetHints":{"allow":["GET"]}}],"collection":[{"href":"https:\/\/www.bagnoitalia.com\/de\/wp-json\/wp\/v2\/product"}],"about":[{"href":"https:\/\/www.bagnoitalia.com\/de\/wp-json\/wp\/v2\/types\/product"}],"replies":[{"embeddable":true,"href":"https:\/\/www.bagnoitalia.com\/de\/wp-json\/wp\/v2\/comments?post=92927"}],"version-history":[{"count":2,"href":"https:\/\/www.bagnoitalia.com\/de\/wp-json\/wp\/v2\/product\/92927\/revisions"}],"predecessor-version":[{"id":109022,"href":"https:\/\/www.bagnoitalia.com\/de\/wp-json\/wp\/v2\/product\/92927\/revisions\/109022"}],"wp:featuredmedia":[{"embeddable":true,"href":"https:\/\/www.bagnoitalia.com\/de\/wp-json\/wp\/v2\/media\/47851"}],"wp:attachment":[{"href":"https:\/\/www.bagnoitalia.com\/de\/wp-json\/wp\/v2\/media?parent=92927"}],"wp:term":[{"taxonomy":"product_brand","embeddable":true,"href":"https:\/\/www.bagnoitalia.com\/de\/wp-json\/wp\/v2\/product_brand?post=92927"},{"taxonomy":"product_cat","embeddable":true,"href":"https:\/\/www.bagnoitalia.com\/de\/wp-json\/wp\/v2\/product_cat?post=92927"},{"taxonomy":"product_tag","embeddable":true,"href":"https:\/\/www.bagnoitalia.com\/de\/wp-json\/wp\/v2\/product_tag?post=92927"}],"curies":[{"name":"wp","href":"https:\/\/api.w.org\/{rel}","templated":true}]}}