{"id":92800,"date":"2019-12-12T16:07:13","date_gmt":"2019-12-12T15:07:13","guid":{"rendered":"https:\/\/www.bagnoitalia.com\/product\/floor-mounted-bathroom-furniture-60-80-100-120-cm-and-mineral-marble-sink-elise-model"},"modified":"2025-06-05T15:18:18","modified_gmt":"2025-06-05T13:18:18","slug":"floor-mounted-bathroom-furniture-60-80-100-120-cm-and-mineral-marble-sink-elise-model","status":"publish","type":"product","link":"https:\/\/www.bagnoitalia.com\/de\/produkt\/floor-mounted-bathroom-furniture-60-80-100-120-cm-and-mineral-marble-sink-elise-model.html","title":{"rendered":"Bodenmontierte Badm\u00f6bel 60, 80, 100, 120 cm und Waschbecken aus Mineralmarmor Modell Elia"},"content":{"rendered":"<p>BADEZIMMERM\u00d6BEL MODELL ELIA<\/p>\n<p>Merkmale:<\/p>\n<p>Verf\u00fcgbare Gr\u00f6\u00dfen:<\/p>\n<p>&#8211; 60 cm Sockel mit 2 Schubladen, Spiegel und Beleuchtung<\/p>\n<p>&#8211; 80 cm Sockel mit 2 Schubladen, Spiegel, Beleuchtung und H\u00e4ngeschrank EXKLUSIV RECHTS<\/p>\n<p>&#8211; 100 cm Sockel mit 2 Schubladen und 2 T\u00fcren, Spiegel, Beleuchtung und H\u00e4ngeschrank AUSSCHLIESSLICH RECHTS<\/p>\n<p>&#8211; Unterschrank 120 cm mit 2 Schubladen und 2 T\u00fcren, Spiegel, Beleuchtung und 2 Oberschr\u00e4nken<\/p>\n<p>Waschbecken aus Mineralmarmor<\/p>\n<p>Griff mit Kehle<\/p>\n<p>Soft-Close-System<\/p>\n<p>Bodensockel mit Sockel aus MDF<\/p>\n<p>&nbsp;<\/p>\n<p>NB: Wasserh\u00e4hne und Abfluss sind nicht im Preis inbegriffen<\/p>\n<p>&nbsp;<\/p>\n<p>&nbsp;<\/p>\n","protected":false},"excerpt":{"rendered":"<p>Badm\u00f6bel mit Sockel, erh\u00e4ltlich in tabakfarben oder wei\u00df gl\u00e4nzend. Spiegel mit Aufsatz und Beleuchtung. H\u00e4ngeschrank vorhanden in der 80 und 100 NUR auf der RECHTS und in der 120 cm sowohl auf der rechten und linken Seite.<\/p>\n","protected":false},"featured_media":45012,"comment_status":"open","ping_status":"closed","template":"","meta":[],"product_brand":[9898],"product_cat":[9716,9720,9724,9660],"product_tag":[],"class_list":{"0":"post-92800","1":"product","2":"type-product","3":"status-publish","4":"has-post-thumbnail","6":"product_brand-baden-haus-de","7":"product_cat-badmobel-von-40-bis-70-cm-moderne-mobel","8":"product_cat-badmobel-von-71-bis-100-cm-moderne-mobel","9":"product_cat-badmobel-von-101-bis-220-cm-moderne-mobel","10":"product_cat-badmobel-gunstig","12":"first","13":"instock","14":"sale","15":"taxable","16":"shipping-taxable","17":"purchasable","18":"product-type-simple"},"exclude_global_add_ons":false,"addons":[{"name":"mobil","type":"multiple_choice","position":0,"required":true,"title_format":"heading","default":"","description_enable":false,"description":"","placeholder_enable":false,"placeholder":"","display":"select","restrictions_type":"any_text","adjust_price":false,"price":"","price_type":"flat_fee","restrictions":false,"min":"0","max":"0","options":[{"label":"60 cm","price":"","price_type":"quantity_based","image":0,"visibility":true},{"label":"80 cm","price":"39.34","price_type":"quantity_based","image":0,"visibility":true},{"label":"100 cm","price":"177.05","price_type":"quantity_based","image":0,"visibility":true},{"label":"120 cm","price":"295.08","price_type":"quantity_based","image":0,"visibility":true}],"id":1718712608},{"name":"Farbe","type":"multiple_choice","position":1,"required":true,"title_format":"heading","default":"","description_enable":false,"description":"","placeholder_enable":false,"placeholder":"","display":"select","restrictions_type":"any_text","adjust_price":false,"price":"","price_type":"flat_fee","restrictions":false,"min":"0","max":"0","options":[{"label":"Gl\u00e4nzend wei\u00df","price":"","price_type":"quantity_based","image":0,"visibility":true},{"label":"tabak","price":"","price_type":"quantity_based","image":0,"visibility":true}],"id":1718712609}],"yoast_head":"<!-- This site is optimized with the Yoast SEO plugin v26.7 - https:\/\/yoast.com\/wordpress\/plugins\/seo\/ -->\n<title>Floor-mounted bathroom furniture 60, 80, 100, 120 cm and mineral marble sink Elise model<\/title>\n<meta name=\"description\" content=\"Bathroom furniture with plinth, available in tobacco or glossy white. Mirror with top and lighting. Wall unit present in the 80 and 100 ONLY on the RIGHT and in the 120 cm both on the right and left.\" \/>\n<meta name=\"robots\" content=\"index, follow, max-snippet:-1, max-image-preview:large, max-video-preview:-1\" \/>\n<link rel=\"canonical\" href=\"https:\/\/www.bagnoitalia.com\/de\/produkt\/floor-mounted-bathroom-furniture-60-80-100-120-cm-and-mineral-marble-sink-elise-model.html\" \/>\n<meta property=\"og:locale\" content=\"de_DE\" \/>\n<meta property=\"og:type\" content=\"article\" \/>\n<meta property=\"og:title\" content=\"Floor-mounted bathroom furniture 60, 80, 100, 120 cm and mineral marble sink Elise model\" \/>\n<meta property=\"og:description\" content=\"Bathroom furniture with plinth, available in tobacco or glossy white. Mirror with top and lighting. Wall unit present in the 80 and 100 ONLY on the RIGHT and in the 120 cm both on the right and left.\" \/>\n<meta property=\"og:url\" content=\"https:\/\/www.bagnoitalia.com\/de\/produkt\/floor-mounted-bathroom-furniture-60-80-100-120-cm-and-mineral-marble-sink-elise-model.html\" \/>\n<meta property=\"og:site_name\" content=\"Bagno Italia\" \/>\n<meta property=\"article:modified_time\" content=\"2025-06-05T13:18:18+00:00\" \/>\n<meta property=\"og:image\" content=\"https:\/\/img.bagnoitalia.com\/wp-content\/uploads\/virtuemart\/product\/bathroom-furniture-60-80-100-120-white-oak_1576166993_451.jpg\" \/>\n\t<meta property=\"og:image:width\" content=\"550\" \/>\n\t<meta property=\"og:image:height\" content=\"550\" \/>\n\t<meta property=\"og:image:type\" content=\"image\/jpeg\" \/>\n<meta name=\"twitter:card\" content=\"summary_large_image\" \/>\n<meta name=\"twitter:label1\" content=\"Gesch\u00e4tzte Lesezeit\" \/>\n\t<meta name=\"twitter:data1\" content=\"1\u00a0Minute\" \/>\n<script type=\"application\/ld+json\" class=\"yoast-schema-graph\">{\"@context\":\"https:\/\/schema.org\",\"@graph\":[{\"@type\":\"WebPage\",\"@id\":\"https:\/\/www.bagnoitalia.com\/de\/produkt\/floor-mounted-bathroom-furniture-60-80-100-120-cm-and-mineral-marble-sink-elise-model.html\",\"url\":\"https:\/\/www.bagnoitalia.com\/de\/produkt\/floor-mounted-bathroom-furniture-60-80-100-120-cm-and-mineral-marble-sink-elise-model.html\",\"name\":\"Floor-mounted bathroom furniture 60, 80, 100, 120 cm and mineral marble sink Elise model\",\"isPartOf\":{\"@id\":\"https:\/\/www.bagnoitalia.com\/de#website\"},\"primaryImageOfPage\":{\"@id\":\"https:\/\/www.bagnoitalia.com\/de\/produkt\/floor-mounted-bathroom-furniture-60-80-100-120-cm-and-mineral-marble-sink-elise-model.html#primaryimage\"},\"image\":{\"@id\":\"https:\/\/www.bagnoitalia.com\/de\/produkt\/floor-mounted-bathroom-furniture-60-80-100-120-cm-and-mineral-marble-sink-elise-model.html#primaryimage\"},\"thumbnailUrl\":\"https:\/\/img.bagnoitalia.com\/wp-content\/uploads\/virtuemart\/product\/bathroom-furniture-60-80-100-120-white-oak_1576166993_451.jpg\",\"datePublished\":\"2019-12-12T15:07:13+00:00\",\"dateModified\":\"2025-06-05T13:18:18+00:00\",\"description\":\"Bathroom furniture with plinth, available in tobacco or glossy white. Mirror with top and lighting. Wall unit present in the 80 and 100 ONLY on the RIGHT and in the 120 cm both on the right and left.\",\"breadcrumb\":{\"@id\":\"https:\/\/www.bagnoitalia.com\/de\/produkt\/floor-mounted-bathroom-furniture-60-80-100-120-cm-and-mineral-marble-sink-elise-model.html#breadcrumb\"},\"inLanguage\":\"de\",\"potentialAction\":[{\"@type\":\"ReadAction\",\"target\":[\"https:\/\/www.bagnoitalia.com\/de\/produkt\/floor-mounted-bathroom-furniture-60-80-100-120-cm-and-mineral-marble-sink-elise-model.html\"]}]},{\"@type\":\"ImageObject\",\"inLanguage\":\"de\",\"@id\":\"https:\/\/www.bagnoitalia.com\/de\/produkt\/floor-mounted-bathroom-furniture-60-80-100-120-cm-and-mineral-marble-sink-elise-model.html#primaryimage\",\"url\":\"https:\/\/img.bagnoitalia.com\/wp-content\/uploads\/virtuemart\/product\/bathroom-furniture-60-80-100-120-white-oak_1576166993_451.jpg\",\"contentUrl\":\"https:\/\/img.bagnoitalia.com\/wp-content\/uploads\/virtuemart\/product\/bathroom-furniture-60-80-100-120-white-oak_1576166993_451.jpg\",\"width\":550,\"height\":550},{\"@type\":\"BreadcrumbList\",\"@id\":\"https:\/\/www.bagnoitalia.com\/de\/produkt\/floor-mounted-bathroom-furniture-60-80-100-120-cm-and-mineral-marble-sink-elise-model.html#breadcrumb\",\"itemListElement\":[{\"@type\":\"ListItem\",\"position\":1,\"name\":\"Home\",\"item\":\"https:\/\/www.bagnoitalia.com\/de\"},{\"@type\":\"ListItem\",\"position\":2,\"name\":\"Produkte\",\"item\":\"https:\/\/www.bagnoitalia.com\/de\/shop\"},{\"@type\":\"ListItem\",\"position\":3,\"name\":\"Bodenmontierte Badm\u00f6bel 60, 80, 100, 120 cm und Waschbecken aus Mineralmarmor Modell Elia\"}]},{\"@type\":\"WebSite\",\"@id\":\"https:\/\/www.bagnoitalia.com\/de#website\",\"url\":\"https:\/\/www.bagnoitalia.com\/de\",\"name\":\"Bagno Italia\",\"description\":\"\",\"publisher\":{\"@id\":\"https:\/\/www.bagnoitalia.com\/de#organization\"},\"potentialAction\":[{\"@type\":\"SearchAction\",\"target\":{\"@type\":\"EntryPoint\",\"urlTemplate\":\"https:\/\/www.bagnoitalia.com\/de?s={search_term_string}\"},\"query-input\":{\"@type\":\"PropertyValueSpecification\",\"valueRequired\":true,\"valueName\":\"search_term_string\"}}],\"inLanguage\":\"de\"},{\"@type\":\"Organization\",\"@id\":\"https:\/\/www.bagnoitalia.com\/de#organization\",\"name\":\"Bagno Italia\",\"url\":\"https:\/\/www.bagnoitalia.com\/de\",\"logo\":{\"@type\":\"ImageObject\",\"inLanguage\":\"de\",\"@id\":\"https:\/\/www.bagnoitalia.com\/de#\/schema\/logo\/image\/\",\"url\":\"https:\/\/img.bagnoitalia.com\/wp-content\/uploads\/logo-bagnoitalia.webp\",\"contentUrl\":\"https:\/\/img.bagnoitalia.com\/wp-content\/uploads\/logo-bagnoitalia.webp\",\"width\":400,\"height\":70,\"caption\":\"Bagno Italia\"},\"image\":{\"@id\":\"https:\/\/www.bagnoitalia.com\/de#\/schema\/logo\/image\/\"}}]}<\/script>\n<!-- \/ Yoast SEO plugin. -->","yoast_head_json":{"title":"Floor-mounted bathroom furniture 60, 80, 100, 120 cm and mineral marble sink Elise model","description":"Bathroom furniture with plinth, available in tobacco or glossy white. Mirror with top and lighting. Wall unit present in the 80 and 100 ONLY on the RIGHT and in the 120 cm both on the right and left.","robots":{"index":"index","follow":"follow","max-snippet":"max-snippet:-1","max-image-preview":"max-image-preview:large","max-video-preview":"max-video-preview:-1"},"canonical":"https:\/\/www.bagnoitalia.com\/de\/produkt\/floor-mounted-bathroom-furniture-60-80-100-120-cm-and-mineral-marble-sink-elise-model.html","og_locale":"de_DE","og_type":"article","og_title":"Floor-mounted bathroom furniture 60, 80, 100, 120 cm and mineral marble sink Elise model","og_description":"Bathroom furniture with plinth, available in tobacco or glossy white. Mirror with top and lighting. Wall unit present in the 80 and 100 ONLY on the RIGHT and in the 120 cm both on the right and left.","og_url":"https:\/\/www.bagnoitalia.com\/de\/produkt\/floor-mounted-bathroom-furniture-60-80-100-120-cm-and-mineral-marble-sink-elise-model.html","og_site_name":"Bagno Italia","article_modified_time":"2025-06-05T13:18:18+00:00","og_image":[{"width":550,"height":550,"url":"https:\/\/img.bagnoitalia.com\/wp-content\/uploads\/virtuemart\/product\/bathroom-furniture-60-80-100-120-white-oak_1576166993_451.jpg","type":"image\/jpeg"}],"twitter_card":"summary_large_image","twitter_misc":{"Gesch\u00e4tzte Lesezeit":"1\u00a0Minute"},"schema":{"@context":"https:\/\/schema.org","@graph":[{"@type":"WebPage","@id":"https:\/\/www.bagnoitalia.com\/de\/produkt\/floor-mounted-bathroom-furniture-60-80-100-120-cm-and-mineral-marble-sink-elise-model.html","url":"https:\/\/www.bagnoitalia.com\/de\/produkt\/floor-mounted-bathroom-furniture-60-80-100-120-cm-and-mineral-marble-sink-elise-model.html","name":"Floor-mounted bathroom furniture 60, 80, 100, 120 cm and mineral marble sink Elise model","isPartOf":{"@id":"https:\/\/www.bagnoitalia.com\/de#website"},"primaryImageOfPage":{"@id":"https:\/\/www.bagnoitalia.com\/de\/produkt\/floor-mounted-bathroom-furniture-60-80-100-120-cm-and-mineral-marble-sink-elise-model.html#primaryimage"},"image":{"@id":"https:\/\/www.bagnoitalia.com\/de\/produkt\/floor-mounted-bathroom-furniture-60-80-100-120-cm-and-mineral-marble-sink-elise-model.html#primaryimage"},"thumbnailUrl":"https:\/\/img.bagnoitalia.com\/wp-content\/uploads\/virtuemart\/product\/bathroom-furniture-60-80-100-120-white-oak_1576166993_451.jpg","datePublished":"2019-12-12T15:07:13+00:00","dateModified":"2025-06-05T13:18:18+00:00","description":"Bathroom furniture with plinth, available in tobacco or glossy white. Mirror with top and lighting. Wall unit present in the 80 and 100 ONLY on the RIGHT and in the 120 cm both on the right and left.","breadcrumb":{"@id":"https:\/\/www.bagnoitalia.com\/de\/produkt\/floor-mounted-bathroom-furniture-60-80-100-120-cm-and-mineral-marble-sink-elise-model.html#breadcrumb"},"inLanguage":"de","potentialAction":[{"@type":"ReadAction","target":["https:\/\/www.bagnoitalia.com\/de\/produkt\/floor-mounted-bathroom-furniture-60-80-100-120-cm-and-mineral-marble-sink-elise-model.html"]}]},{"@type":"ImageObject","inLanguage":"de","@id":"https:\/\/www.bagnoitalia.com\/de\/produkt\/floor-mounted-bathroom-furniture-60-80-100-120-cm-and-mineral-marble-sink-elise-model.html#primaryimage","url":"https:\/\/img.bagnoitalia.com\/wp-content\/uploads\/virtuemart\/product\/bathroom-furniture-60-80-100-120-white-oak_1576166993_451.jpg","contentUrl":"https:\/\/img.bagnoitalia.com\/wp-content\/uploads\/virtuemart\/product\/bathroom-furniture-60-80-100-120-white-oak_1576166993_451.jpg","width":550,"height":550},{"@type":"BreadcrumbList","@id":"https:\/\/www.bagnoitalia.com\/de\/produkt\/floor-mounted-bathroom-furniture-60-80-100-120-cm-and-mineral-marble-sink-elise-model.html#breadcrumb","itemListElement":[{"@type":"ListItem","position":1,"name":"Home","item":"https:\/\/www.bagnoitalia.com\/de"},{"@type":"ListItem","position":2,"name":"Produkte","item":"https:\/\/www.bagnoitalia.com\/de\/shop"},{"@type":"ListItem","position":3,"name":"Bodenmontierte Badm\u00f6bel 60, 80, 100, 120 cm und Waschbecken aus Mineralmarmor Modell Elia"}]},{"@type":"WebSite","@id":"https:\/\/www.bagnoitalia.com\/de#website","url":"https:\/\/www.bagnoitalia.com\/de","name":"Bagno Italia","description":"","publisher":{"@id":"https:\/\/www.bagnoitalia.com\/de#organization"},"potentialAction":[{"@type":"SearchAction","target":{"@type":"EntryPoint","urlTemplate":"https:\/\/www.bagnoitalia.com\/de?s={search_term_string}"},"query-input":{"@type":"PropertyValueSpecification","valueRequired":true,"valueName":"search_term_string"}}],"inLanguage":"de"},{"@type":"Organization","@id":"https:\/\/www.bagnoitalia.com\/de#organization","name":"Bagno Italia","url":"https:\/\/www.bagnoitalia.com\/de","logo":{"@type":"ImageObject","inLanguage":"de","@id":"https:\/\/www.bagnoitalia.com\/de#\/schema\/logo\/image\/","url":"https:\/\/img.bagnoitalia.com\/wp-content\/uploads\/logo-bagnoitalia.webp","contentUrl":"https:\/\/img.bagnoitalia.com\/wp-content\/uploads\/logo-bagnoitalia.webp","width":400,"height":70,"caption":"Bagno Italia"},"image":{"@id":"https:\/\/www.bagnoitalia.com\/de#\/schema\/logo\/image\/"}}]}},"_links":{"self":[{"href":"https:\/\/www.bagnoitalia.com\/de\/wp-json\/wp\/v2\/product\/92800","targetHints":{"allow":["GET"]}}],"collection":[{"href":"https:\/\/www.bagnoitalia.com\/de\/wp-json\/wp\/v2\/product"}],"about":[{"href":"https:\/\/www.bagnoitalia.com\/de\/wp-json\/wp\/v2\/types\/product"}],"replies":[{"embeddable":true,"href":"https:\/\/www.bagnoitalia.com\/de\/wp-json\/wp\/v2\/comments?post=92800"}],"version-history":[{"count":3,"href":"https:\/\/www.bagnoitalia.com\/de\/wp-json\/wp\/v2\/product\/92800\/revisions"}],"predecessor-version":[{"id":108831,"href":"https:\/\/www.bagnoitalia.com\/de\/wp-json\/wp\/v2\/product\/92800\/revisions\/108831"}],"wp:featuredmedia":[{"embeddable":true,"href":"https:\/\/www.bagnoitalia.com\/de\/wp-json\/wp\/v2\/media\/45012"}],"wp:attachment":[{"href":"https:\/\/www.bagnoitalia.com\/de\/wp-json\/wp\/v2\/media?parent=92800"}],"wp:term":[{"taxonomy":"product_brand","embeddable":true,"href":"https:\/\/www.bagnoitalia.com\/de\/wp-json\/wp\/v2\/product_brand?post=92800"},{"taxonomy":"product_cat","embeddable":true,"href":"https:\/\/www.bagnoitalia.com\/de\/wp-json\/wp\/v2\/product_cat?post=92800"},{"taxonomy":"product_tag","embeddable":true,"href":"https:\/\/www.bagnoitalia.com\/de\/wp-json\/wp\/v2\/product_tag?post=92800"}],"curies":[{"name":"wp","href":"https:\/\/api.w.org\/{rel}","templated":true}]}}