{"id":92687,"date":"2022-09-07T09:59:21","date_gmt":"2022-09-07T07:59:21","guid":{"rendered":"https:\/\/www.bagnoitalia.com\/product\/modern-round-led-mirror-90x90-cm-with-magnifying-glass-and-optional-shelf-sp056"},"modified":"2024-10-02T14:59:57","modified_gmt":"2024-10-02T12:59:57","slug":"modern-round-led-mirror-90x90-cm-with-magnifying-glass-and-optional-shelf-sp056","status":"publish","type":"product","link":"https:\/\/www.bagnoitalia.com\/de\/produkt\/modern-round-led-mirror-90x90-cm-with-magnifying-glass-and-optional-shelf-sp056.html","title":{"rendered":"Moderner runder LED-Spiegel 90&#215;90 cm mit Vergr\u00f6\u00dferungsglas und optionaler Ablage SP056"},"content":{"rendered":"<p>RUNDER LED-SPIEGEL<\/p>\n<p>&nbsp;<\/p>\n<p>PRODUKTMERKMALE<\/p>\n<p>90&#215;90 cm Spiegel mit LED-Hintergrundbeleuchtung<\/p>\n<p>Dicke 2 cm<\/p>\n<p>R\u00fcckwand aus Holz mit Befestigungsmaterial<\/p>\n<p>Ausgestattet mit Vergr\u00f6\u00dferungsglas<\/p>\n<p>\u00dcber das Dropdown-Men\u00fc kann ein praktisches Metallregal (30&#215;30 cm, L-Form) an der Seite des Spiegels angebracht werden<\/p>\n<p>&nbsp;<\/p>\n<p>WEITERE DETAILS:<\/p>\n<p>diese Art der LED-Beleuchtung garantiert eine Energieeinsparung von 90% im Vergleich zu herk\u00f6mmlichen Halogen- oder Gl\u00fchbirnen und hat eine l\u00e4ngere Lebensdauer<\/p>\n<p>Lichtfarbe: kalt (6500k)<\/p>\n<p>Stromanschluss: 220V<\/p>\n<p>Verbrauch: 39 W<\/p>\n<p>&nbsp;<\/p>\n","protected":false},"excerpt":{"rendered":"<p>Spiegel mit LED-Beleuchtung, mit modernem Design. Auch mit praktischer Seitenablage erh\u00e4ltlich<\/p>\n","protected":false},"featured_media":56353,"comment_status":"open","ping_status":"closed","template":"","meta":[],"product_brand":[5004],"product_cat":[9680],"product_tag":[],"class_list":{"0":"post-92687","1":"product","2":"type-product","3":"status-publish","4":"has-post-thumbnail","6":"product_brand-vari-produttori","7":"product_cat-spiegel","9":"first","10":"instock","11":"sale","12":"taxable","13":"shipping-taxable","14":"purchasable","15":"product-type-simple"},"exclude_global_add_ons":false,"addons":[{"name":"Typ","type":"multiple_choice","position":0,"required":true,"title_format":"heading","default":"","description_enable":false,"description":"","placeholder_enable":false,"placeholder":"","display":"select","restrictions_type":"any_text","adjust_price":false,"price":"","price_type":"flat_fee","restrictions":false,"min":"0","max":"0","options":[{"label":"ohne Regal","price":"","price_type":"quantity_based","image":0,"visibility":true},{"label":"mit Regal","price":"49.18","price_type":"quantity_based","image":0,"visibility":true}],"id":1718184739}],"yoast_head":"<!-- This site is optimized with the Yoast SEO plugin v26.7 - https:\/\/yoast.com\/wordpress\/plugins\/seo\/ -->\n<title>Moderner runder LED-Spiegel 90x90 cm mit Vergr\u00f6\u00dferungsglas und optionaler Ablage SP056 - Bagno Italia<\/title>\n<meta name=\"description\" content=\"Mirror with LED lighting, with a modern design. Also available with practical side shelf\" \/>\n<meta name=\"robots\" content=\"index, follow, max-snippet:-1, max-image-preview:large, max-video-preview:-1\" \/>\n<link rel=\"canonical\" href=\"https:\/\/www.bagnoitalia.com\/de\/produkt\/modern-round-led-mirror-90x90-cm-with-magnifying-glass-and-optional-shelf-sp056.html\" \/>\n<meta property=\"og:locale\" content=\"de_DE\" \/>\n<meta property=\"og:type\" content=\"article\" \/>\n<meta property=\"og:title\" content=\"Moderner runder LED-Spiegel 90x90 cm mit Vergr\u00f6\u00dferungsglas und optionaler Ablage SP056 - Bagno Italia\" \/>\n<meta property=\"og:description\" content=\"Mirror with LED lighting, with a modern design. Also available with practical side shelf\" \/>\n<meta property=\"og:url\" content=\"https:\/\/www.bagnoitalia.com\/de\/produkt\/modern-round-led-mirror-90x90-cm-with-magnifying-glass-and-optional-shelf-sp056.html\" \/>\n<meta property=\"og:site_name\" content=\"Bagno Italia\" \/>\n<meta property=\"article:modified_time\" content=\"2024-10-02T12:59:57+00:00\" \/>\n<meta property=\"og:image\" content=\"https:\/\/img.bagnoitalia.com\/wp-content\/uploads\/virtuemart\/product\/modern-round-led-mirror-90x90-cm.jpg\" \/>\n\t<meta property=\"og:image:width\" content=\"549\" \/>\n\t<meta property=\"og:image:height\" content=\"550\" \/>\n\t<meta property=\"og:image:type\" content=\"image\/jpeg\" \/>\n<meta name=\"twitter:card\" content=\"summary_large_image\" \/>\n<meta name=\"twitter:label1\" content=\"Gesch\u00e4tzte Lesezeit\" \/>\n\t<meta name=\"twitter:data1\" content=\"1\u00a0Minute\" \/>\n<script type=\"application\/ld+json\" class=\"yoast-schema-graph\">{\"@context\":\"https:\/\/schema.org\",\"@graph\":[{\"@type\":\"WebPage\",\"@id\":\"https:\/\/www.bagnoitalia.com\/de\/produkt\/modern-round-led-mirror-90x90-cm-with-magnifying-glass-and-optional-shelf-sp056.html\",\"url\":\"https:\/\/www.bagnoitalia.com\/de\/produkt\/modern-round-led-mirror-90x90-cm-with-magnifying-glass-and-optional-shelf-sp056.html\",\"name\":\"Moderner runder LED-Spiegel 90x90 cm mit Vergr\u00f6\u00dferungsglas und optionaler Ablage SP056 - Bagno Italia\",\"isPartOf\":{\"@id\":\"https:\/\/www.bagnoitalia.com\/de#website\"},\"primaryImageOfPage\":{\"@id\":\"https:\/\/www.bagnoitalia.com\/de\/produkt\/modern-round-led-mirror-90x90-cm-with-magnifying-glass-and-optional-shelf-sp056.html#primaryimage\"},\"image\":{\"@id\":\"https:\/\/www.bagnoitalia.com\/de\/produkt\/modern-round-led-mirror-90x90-cm-with-magnifying-glass-and-optional-shelf-sp056.html#primaryimage\"},\"thumbnailUrl\":\"https:\/\/img.bagnoitalia.com\/wp-content\/uploads\/virtuemart\/product\/modern-round-led-mirror-90x90-cm.jpg\",\"datePublished\":\"2022-09-07T07:59:21+00:00\",\"dateModified\":\"2024-10-02T12:59:57+00:00\",\"description\":\"Mirror with LED lighting, with a modern design. Also available with practical side shelf\",\"breadcrumb\":{\"@id\":\"https:\/\/www.bagnoitalia.com\/de\/produkt\/modern-round-led-mirror-90x90-cm-with-magnifying-glass-and-optional-shelf-sp056.html#breadcrumb\"},\"inLanguage\":\"de\",\"potentialAction\":[{\"@type\":\"ReadAction\",\"target\":[\"https:\/\/www.bagnoitalia.com\/de\/produkt\/modern-round-led-mirror-90x90-cm-with-magnifying-glass-and-optional-shelf-sp056.html\"]}]},{\"@type\":\"ImageObject\",\"inLanguage\":\"de\",\"@id\":\"https:\/\/www.bagnoitalia.com\/de\/produkt\/modern-round-led-mirror-90x90-cm-with-magnifying-glass-and-optional-shelf-sp056.html#primaryimage\",\"url\":\"https:\/\/img.bagnoitalia.com\/wp-content\/uploads\/virtuemart\/product\/modern-round-led-mirror-90x90-cm.jpg\",\"contentUrl\":\"https:\/\/img.bagnoitalia.com\/wp-content\/uploads\/virtuemart\/product\/modern-round-led-mirror-90x90-cm.jpg\",\"width\":549,\"height\":550},{\"@type\":\"BreadcrumbList\",\"@id\":\"https:\/\/www.bagnoitalia.com\/de\/produkt\/modern-round-led-mirror-90x90-cm-with-magnifying-glass-and-optional-shelf-sp056.html#breadcrumb\",\"itemListElement\":[{\"@type\":\"ListItem\",\"position\":1,\"name\":\"Home\",\"item\":\"https:\/\/www.bagnoitalia.com\/de\"},{\"@type\":\"ListItem\",\"position\":2,\"name\":\"Produkte\",\"item\":\"https:\/\/www.bagnoitalia.com\/de\/shop\"},{\"@type\":\"ListItem\",\"position\":3,\"name\":\"Moderner runder LED-Spiegel 90&#215;90 cm mit Vergr\u00f6\u00dferungsglas und optionaler Ablage SP056\"}]},{\"@type\":\"WebSite\",\"@id\":\"https:\/\/www.bagnoitalia.com\/de#website\",\"url\":\"https:\/\/www.bagnoitalia.com\/de\",\"name\":\"Bagno Italia\",\"description\":\"\",\"publisher\":{\"@id\":\"https:\/\/www.bagnoitalia.com\/de#organization\"},\"potentialAction\":[{\"@type\":\"SearchAction\",\"target\":{\"@type\":\"EntryPoint\",\"urlTemplate\":\"https:\/\/www.bagnoitalia.com\/de?s={search_term_string}\"},\"query-input\":{\"@type\":\"PropertyValueSpecification\",\"valueRequired\":true,\"valueName\":\"search_term_string\"}}],\"inLanguage\":\"de\"},{\"@type\":\"Organization\",\"@id\":\"https:\/\/www.bagnoitalia.com\/de#organization\",\"name\":\"Bagno Italia\",\"url\":\"https:\/\/www.bagnoitalia.com\/de\",\"logo\":{\"@type\":\"ImageObject\",\"inLanguage\":\"de\",\"@id\":\"https:\/\/www.bagnoitalia.com\/de#\/schema\/logo\/image\/\",\"url\":\"https:\/\/img.bagnoitalia.com\/wp-content\/uploads\/logo-bagnoitalia.webp\",\"contentUrl\":\"https:\/\/img.bagnoitalia.com\/wp-content\/uploads\/logo-bagnoitalia.webp\",\"width\":400,\"height\":70,\"caption\":\"Bagno Italia\"},\"image\":{\"@id\":\"https:\/\/www.bagnoitalia.com\/de#\/schema\/logo\/image\/\"}}]}<\/script>\n<!-- \/ Yoast SEO plugin. -->","yoast_head_json":{"title":"Moderner runder LED-Spiegel 90x90 cm mit Vergr\u00f6\u00dferungsglas und optionaler Ablage SP056 - Bagno Italia","description":"Mirror with LED lighting, with a modern design. Also available with practical side shelf","robots":{"index":"index","follow":"follow","max-snippet":"max-snippet:-1","max-image-preview":"max-image-preview:large","max-video-preview":"max-video-preview:-1"},"canonical":"https:\/\/www.bagnoitalia.com\/de\/produkt\/modern-round-led-mirror-90x90-cm-with-magnifying-glass-and-optional-shelf-sp056.html","og_locale":"de_DE","og_type":"article","og_title":"Moderner runder LED-Spiegel 90x90 cm mit Vergr\u00f6\u00dferungsglas und optionaler Ablage SP056 - Bagno Italia","og_description":"Mirror with LED lighting, with a modern design. Also available with practical side shelf","og_url":"https:\/\/www.bagnoitalia.com\/de\/produkt\/modern-round-led-mirror-90x90-cm-with-magnifying-glass-and-optional-shelf-sp056.html","og_site_name":"Bagno Italia","article_modified_time":"2024-10-02T12:59:57+00:00","og_image":[{"width":549,"height":550,"url":"https:\/\/img.bagnoitalia.com\/wp-content\/uploads\/virtuemart\/product\/modern-round-led-mirror-90x90-cm.jpg","type":"image\/jpeg"}],"twitter_card":"summary_large_image","twitter_misc":{"Gesch\u00e4tzte Lesezeit":"1\u00a0Minute"},"schema":{"@context":"https:\/\/schema.org","@graph":[{"@type":"WebPage","@id":"https:\/\/www.bagnoitalia.com\/de\/produkt\/modern-round-led-mirror-90x90-cm-with-magnifying-glass-and-optional-shelf-sp056.html","url":"https:\/\/www.bagnoitalia.com\/de\/produkt\/modern-round-led-mirror-90x90-cm-with-magnifying-glass-and-optional-shelf-sp056.html","name":"Moderner runder LED-Spiegel 90x90 cm mit Vergr\u00f6\u00dferungsglas und optionaler Ablage SP056 - Bagno Italia","isPartOf":{"@id":"https:\/\/www.bagnoitalia.com\/de#website"},"primaryImageOfPage":{"@id":"https:\/\/www.bagnoitalia.com\/de\/produkt\/modern-round-led-mirror-90x90-cm-with-magnifying-glass-and-optional-shelf-sp056.html#primaryimage"},"image":{"@id":"https:\/\/www.bagnoitalia.com\/de\/produkt\/modern-round-led-mirror-90x90-cm-with-magnifying-glass-and-optional-shelf-sp056.html#primaryimage"},"thumbnailUrl":"https:\/\/img.bagnoitalia.com\/wp-content\/uploads\/virtuemart\/product\/modern-round-led-mirror-90x90-cm.jpg","datePublished":"2022-09-07T07:59:21+00:00","dateModified":"2024-10-02T12:59:57+00:00","description":"Mirror with LED lighting, with a modern design. Also available with practical side shelf","breadcrumb":{"@id":"https:\/\/www.bagnoitalia.com\/de\/produkt\/modern-round-led-mirror-90x90-cm-with-magnifying-glass-and-optional-shelf-sp056.html#breadcrumb"},"inLanguage":"de","potentialAction":[{"@type":"ReadAction","target":["https:\/\/www.bagnoitalia.com\/de\/produkt\/modern-round-led-mirror-90x90-cm-with-magnifying-glass-and-optional-shelf-sp056.html"]}]},{"@type":"ImageObject","inLanguage":"de","@id":"https:\/\/www.bagnoitalia.com\/de\/produkt\/modern-round-led-mirror-90x90-cm-with-magnifying-glass-and-optional-shelf-sp056.html#primaryimage","url":"https:\/\/img.bagnoitalia.com\/wp-content\/uploads\/virtuemart\/product\/modern-round-led-mirror-90x90-cm.jpg","contentUrl":"https:\/\/img.bagnoitalia.com\/wp-content\/uploads\/virtuemart\/product\/modern-round-led-mirror-90x90-cm.jpg","width":549,"height":550},{"@type":"BreadcrumbList","@id":"https:\/\/www.bagnoitalia.com\/de\/produkt\/modern-round-led-mirror-90x90-cm-with-magnifying-glass-and-optional-shelf-sp056.html#breadcrumb","itemListElement":[{"@type":"ListItem","position":1,"name":"Home","item":"https:\/\/www.bagnoitalia.com\/de"},{"@type":"ListItem","position":2,"name":"Produkte","item":"https:\/\/www.bagnoitalia.com\/de\/shop"},{"@type":"ListItem","position":3,"name":"Moderner runder LED-Spiegel 90&#215;90 cm mit Vergr\u00f6\u00dferungsglas und optionaler Ablage SP056"}]},{"@type":"WebSite","@id":"https:\/\/www.bagnoitalia.com\/de#website","url":"https:\/\/www.bagnoitalia.com\/de","name":"Bagno Italia","description":"","publisher":{"@id":"https:\/\/www.bagnoitalia.com\/de#organization"},"potentialAction":[{"@type":"SearchAction","target":{"@type":"EntryPoint","urlTemplate":"https:\/\/www.bagnoitalia.com\/de?s={search_term_string}"},"query-input":{"@type":"PropertyValueSpecification","valueRequired":true,"valueName":"search_term_string"}}],"inLanguage":"de"},{"@type":"Organization","@id":"https:\/\/www.bagnoitalia.com\/de#organization","name":"Bagno Italia","url":"https:\/\/www.bagnoitalia.com\/de","logo":{"@type":"ImageObject","inLanguage":"de","@id":"https:\/\/www.bagnoitalia.com\/de#\/schema\/logo\/image\/","url":"https:\/\/img.bagnoitalia.com\/wp-content\/uploads\/logo-bagnoitalia.webp","contentUrl":"https:\/\/img.bagnoitalia.com\/wp-content\/uploads\/logo-bagnoitalia.webp","width":400,"height":70,"caption":"Bagno Italia"},"image":{"@id":"https:\/\/www.bagnoitalia.com\/de#\/schema\/logo\/image\/"}}]}},"_links":{"self":[{"href":"https:\/\/www.bagnoitalia.com\/de\/wp-json\/wp\/v2\/product\/92687","targetHints":{"allow":["GET"]}}],"collection":[{"href":"https:\/\/www.bagnoitalia.com\/de\/wp-json\/wp\/v2\/product"}],"about":[{"href":"https:\/\/www.bagnoitalia.com\/de\/wp-json\/wp\/v2\/types\/product"}],"replies":[{"embeddable":true,"href":"https:\/\/www.bagnoitalia.com\/de\/wp-json\/wp\/v2\/comments?post=92687"}],"version-history":[{"count":2,"href":"https:\/\/www.bagnoitalia.com\/de\/wp-json\/wp\/v2\/product\/92687\/revisions"}],"predecessor-version":[{"id":92690,"href":"https:\/\/www.bagnoitalia.com\/de\/wp-json\/wp\/v2\/product\/92687\/revisions\/92690"}],"wp:featuredmedia":[{"embeddable":true,"href":"https:\/\/www.bagnoitalia.com\/de\/wp-json\/wp\/v2\/media\/56353"}],"wp:attachment":[{"href":"https:\/\/www.bagnoitalia.com\/de\/wp-json\/wp\/v2\/media?parent=92687"}],"wp:term":[{"taxonomy":"product_brand","embeddable":true,"href":"https:\/\/www.bagnoitalia.com\/de\/wp-json\/wp\/v2\/product_brand?post=92687"},{"taxonomy":"product_cat","embeddable":true,"href":"https:\/\/www.bagnoitalia.com\/de\/wp-json\/wp\/v2\/product_cat?post=92687"},{"taxonomy":"product_tag","embeddable":true,"href":"https:\/\/www.bagnoitalia.com\/de\/wp-json\/wp\/v2\/product_tag?post=92687"}],"curies":[{"name":"wp","href":"https:\/\/api.w.org\/{rel}","templated":true}]}}