{"id":92653,"date":"2019-12-19T11:12:02","date_gmt":"2019-12-19T10:12:02","guid":{"rendered":"https:\/\/www.bagnoitalia.com\/product\/paffoni-built-in-wall-mixer-for-sink-or-bathtub-rb67-model"},"modified":"2024-10-02T14:41:58","modified_gmt":"2024-10-02T12:41:58","slug":"paffoni-built-in-wall-mixer-for-sink-or-bathtub-rb67-model","status":"publish","type":"product","link":"https:\/\/www.bagnoitalia.com\/de\/produkt\/paffoni-built-in-wall-mixer-for-sink-or-bathtub-rb67-model.html","title":{"rendered":"Unterputz-Wandbatterie aus Edelstahl f\u00fcr Waschbecken oder Badewanne Marke Paffoni RB67"},"content":{"rendered":"<p>PAFFONI VERDECKTE WANDBATTERIE F\u00dcR WASCHBECKEN ODER BADEWANNE RB67<\/p>\n<p>&nbsp;<\/p>\n<p>Eine moderne Armaturenserie der renommierten Marke Paffoni, ein Spitzenprodukt Made in Italy im Bereich der Armaturen. Die spezielle Wandeinbauarmatur unterstreicht das moderne Design Ihres Badezimmers und ist sehr praktisch und platzsparend.<\/p>\n<p>Die Zusammensetzung aus rostfreiem Stahl garantiert eine hohe Widerstandsf\u00e4higkeit gegen Abnutzung und Verschlei\u00df.<\/p>\n<p>&nbsp;<\/p>\n<p>WASCHTISCHMISCHER:<\/p>\n<p>Wandplatte 18,5\u00d711 cm<\/p>\n<p>Auslauf mit Luftsprudler M24x1<\/p>\n<p>Schl\u00e4uche und Befestigungen im Lieferumfang enthalten<\/p>\n<p>Mischerknopf<\/p>\n<p>Anschl\u00fcsse 1\/2\u2033G<\/p>\n<p>Material: rostfreier Stahl<\/p>\n<p>HERGESTELLT IN ITALIEN<\/p>\n<p>&nbsp;<\/p>\n<p>BADWANNENMISCHER:<\/p>\n<p>Wandplatte 32,5\u00d712,2 cm<\/p>\n<p>Auslauf mit Luftsprudler<\/p>\n<p>Mischer<\/p>\n<p>Umsteller<\/p>\n<p>Schl\u00e4uche und anderes Duschzubeh\u00f6r NICHT INBEGRIFFEN<\/p>\n<p>Material: rostfreier Stahl<\/p>\n<p>HERGESTELLT IN ITALIEN<\/p>\n<p>&nbsp;<\/p>\n<p>&nbsp;<\/p>\n<p>&nbsp;<\/p>\n<p>&nbsp;<\/p>\n<p>2172<\/p>\n<p>2175<\/p>\n<p>&nbsp;<\/p>\n<p>&nbsp;<\/p>\n","protected":false},"excerpt":{"rendered":"<p>Eingebaute Paffoni-Mischer aus rostfreiem Stahl. Wahlweise Becken- oder Badewannentyp (mit Umsteller) MADE IN ITALY<\/p>\n","protected":false},"featured_media":45086,"comment_status":"open","ping_status":"closed","template":"","meta":[],"product_brand":[9901,9955],"product_cat":[10037,10052],"product_tag":[],"class_list":{"0":"post-92653","1":"product","2":"type-product","3":"status-publish","4":"has-post-thumbnail","6":"product_brand-baritermo-de","7":"product_brand-thermo-professional-de","8":"product_cat-wannenarmaturen","9":"product_cat-waschtisch-armaturen","11":"first","12":"instock","13":"sale","14":"taxable","15":"shipping-taxable","16":"purchasable","17":"product-type-simple"},"exclude_global_add_ons":false,"addons":[{"name":"Mischer","type":"multiple_choice","position":0,"required":true,"title_format":"heading","default":"","description_enable":false,"description":"","placeholder_enable":false,"placeholder":"","display":"select","restrictions_type":"any_text","adjust_price":false,"price":"","price_type":"flat_fee","restrictions":false,"min":"0","max":"0","options":[{"label":"f\u00fcr Sp\u00fclbecken","price":"","price_type":"quantity_based","image":0,"visibility":true},{"label":"Nicht verf\u00fcgbar - f\u00fcr Wanne","price":"81","price_type":"quantity_based","image":0,"visibility":true}],"id":1718116514}],"yoast_head":"<!-- This site is optimized with the Yoast SEO plugin v26.7 - https:\/\/yoast.com\/wordpress\/plugins\/seo\/ -->\n<title>Unterputz-Wandbatterie aus Edelstahl f\u00fcr Waschbecken oder Badewanne Marke Paffoni RB67 - Bagno Italia<\/title>\n<meta name=\"robots\" content=\"index, follow, max-snippet:-1, max-image-preview:large, max-video-preview:-1\" \/>\n<link rel=\"canonical\" href=\"https:\/\/www.bagnoitalia.com\/de\/produkt\/paffoni-built-in-wall-mixer-for-sink-or-bathtub-rb67-model.html\" \/>\n<meta property=\"og:locale\" content=\"de_DE\" \/>\n<meta property=\"og:type\" content=\"article\" \/>\n<meta property=\"og:title\" content=\"Unterputz-Wandbatterie aus Edelstahl f\u00fcr Waschbecken oder Badewanne Marke Paffoni RB67 - Bagno Italia\" \/>\n<meta property=\"og:description\" content=\"Eingebaute Paffoni-Mischer aus rostfreiem Stahl. Wahlweise Becken- oder Badewannentyp (mit Umsteller) MADE IN ITALY\" \/>\n<meta property=\"og:url\" content=\"https:\/\/www.bagnoitalia.com\/de\/produkt\/paffoni-built-in-wall-mixer-for-sink-or-bathtub-rb67-model.html\" \/>\n<meta property=\"og:site_name\" content=\"Bagno Italia\" \/>\n<meta property=\"article:modified_time\" content=\"2024-10-02T12:41:58+00:00\" \/>\n<meta property=\"og:image\" content=\"https:\/\/img.bagnoitalia.com\/wp-content\/uploads\/virtuemart\/product\/paffoni-built-in-wall-mixer-for-sink-or-bathtub-rb67_1576753990_524.jpg\" \/>\n\t<meta property=\"og:image:width\" content=\"550\" \/>\n\t<meta property=\"og:image:height\" content=\"550\" \/>\n\t<meta property=\"og:image:type\" content=\"image\/jpeg\" \/>\n<meta name=\"twitter:card\" content=\"summary_large_image\" \/>\n<meta name=\"twitter:label1\" content=\"Gesch\u00e4tzte Lesezeit\" \/>\n\t<meta name=\"twitter:data1\" content=\"1\u00a0Minute\" \/>\n<script type=\"application\/ld+json\" class=\"yoast-schema-graph\">{\"@context\":\"https:\/\/schema.org\",\"@graph\":[{\"@type\":\"WebPage\",\"@id\":\"https:\/\/www.bagnoitalia.com\/de\/produkt\/paffoni-built-in-wall-mixer-for-sink-or-bathtub-rb67-model.html\",\"url\":\"https:\/\/www.bagnoitalia.com\/de\/produkt\/paffoni-built-in-wall-mixer-for-sink-or-bathtub-rb67-model.html\",\"name\":\"Unterputz-Wandbatterie aus Edelstahl f\u00fcr Waschbecken oder Badewanne Marke Paffoni RB67 - Bagno Italia\",\"isPartOf\":{\"@id\":\"https:\/\/www.bagnoitalia.com\/de#website\"},\"primaryImageOfPage\":{\"@id\":\"https:\/\/www.bagnoitalia.com\/de\/produkt\/paffoni-built-in-wall-mixer-for-sink-or-bathtub-rb67-model.html#primaryimage\"},\"image\":{\"@id\":\"https:\/\/www.bagnoitalia.com\/de\/produkt\/paffoni-built-in-wall-mixer-for-sink-or-bathtub-rb67-model.html#primaryimage\"},\"thumbnailUrl\":\"https:\/\/img.bagnoitalia.com\/wp-content\/uploads\/virtuemart\/product\/paffoni-built-in-wall-mixer-for-sink-or-bathtub-rb67_1576753990_524.jpg\",\"datePublished\":\"2019-12-19T10:12:02+00:00\",\"dateModified\":\"2024-10-02T12:41:58+00:00\",\"breadcrumb\":{\"@id\":\"https:\/\/www.bagnoitalia.com\/de\/produkt\/paffoni-built-in-wall-mixer-for-sink-or-bathtub-rb67-model.html#breadcrumb\"},\"inLanguage\":\"de\",\"potentialAction\":[{\"@type\":\"ReadAction\",\"target\":[\"https:\/\/www.bagnoitalia.com\/de\/produkt\/paffoni-built-in-wall-mixer-for-sink-or-bathtub-rb67-model.html\"]}]},{\"@type\":\"ImageObject\",\"inLanguage\":\"de\",\"@id\":\"https:\/\/www.bagnoitalia.com\/de\/produkt\/paffoni-built-in-wall-mixer-for-sink-or-bathtub-rb67-model.html#primaryimage\",\"url\":\"https:\/\/img.bagnoitalia.com\/wp-content\/uploads\/virtuemart\/product\/paffoni-built-in-wall-mixer-for-sink-or-bathtub-rb67_1576753990_524.jpg\",\"contentUrl\":\"https:\/\/img.bagnoitalia.com\/wp-content\/uploads\/virtuemart\/product\/paffoni-built-in-wall-mixer-for-sink-or-bathtub-rb67_1576753990_524.jpg\",\"width\":550,\"height\":550},{\"@type\":\"BreadcrumbList\",\"@id\":\"https:\/\/www.bagnoitalia.com\/de\/produkt\/paffoni-built-in-wall-mixer-for-sink-or-bathtub-rb67-model.html#breadcrumb\",\"itemListElement\":[{\"@type\":\"ListItem\",\"position\":1,\"name\":\"Home\",\"item\":\"https:\/\/www.bagnoitalia.com\/de\"},{\"@type\":\"ListItem\",\"position\":2,\"name\":\"Produkte\",\"item\":\"https:\/\/www.bagnoitalia.com\/de\/shop\"},{\"@type\":\"ListItem\",\"position\":3,\"name\":\"Unterputz-Wandbatterie aus Edelstahl f\u00fcr Waschbecken oder Badewanne Marke Paffoni RB67\"}]},{\"@type\":\"WebSite\",\"@id\":\"https:\/\/www.bagnoitalia.com\/de#website\",\"url\":\"https:\/\/www.bagnoitalia.com\/de\",\"name\":\"Bagno Italia\",\"description\":\"\",\"publisher\":{\"@id\":\"https:\/\/www.bagnoitalia.com\/de#organization\"},\"potentialAction\":[{\"@type\":\"SearchAction\",\"target\":{\"@type\":\"EntryPoint\",\"urlTemplate\":\"https:\/\/www.bagnoitalia.com\/de?s={search_term_string}\"},\"query-input\":{\"@type\":\"PropertyValueSpecification\",\"valueRequired\":true,\"valueName\":\"search_term_string\"}}],\"inLanguage\":\"de\"},{\"@type\":\"Organization\",\"@id\":\"https:\/\/www.bagnoitalia.com\/de#organization\",\"name\":\"Bagno Italia\",\"url\":\"https:\/\/www.bagnoitalia.com\/de\",\"logo\":{\"@type\":\"ImageObject\",\"inLanguage\":\"de\",\"@id\":\"https:\/\/www.bagnoitalia.com\/de#\/schema\/logo\/image\/\",\"url\":\"https:\/\/img.bagnoitalia.com\/wp-content\/uploads\/logo-bagnoitalia.webp\",\"contentUrl\":\"https:\/\/img.bagnoitalia.com\/wp-content\/uploads\/logo-bagnoitalia.webp\",\"width\":400,\"height\":70,\"caption\":\"Bagno Italia\"},\"image\":{\"@id\":\"https:\/\/www.bagnoitalia.com\/de#\/schema\/logo\/image\/\"}}]}<\/script>\n<!-- \/ Yoast SEO plugin. -->","yoast_head_json":{"title":"Unterputz-Wandbatterie aus Edelstahl f\u00fcr Waschbecken oder Badewanne Marke Paffoni RB67 - Bagno Italia","robots":{"index":"index","follow":"follow","max-snippet":"max-snippet:-1","max-image-preview":"max-image-preview:large","max-video-preview":"max-video-preview:-1"},"canonical":"https:\/\/www.bagnoitalia.com\/de\/produkt\/paffoni-built-in-wall-mixer-for-sink-or-bathtub-rb67-model.html","og_locale":"de_DE","og_type":"article","og_title":"Unterputz-Wandbatterie aus Edelstahl f\u00fcr Waschbecken oder Badewanne Marke Paffoni RB67 - Bagno Italia","og_description":"Eingebaute Paffoni-Mischer aus rostfreiem Stahl. Wahlweise Becken- oder Badewannentyp (mit Umsteller) MADE IN ITALY","og_url":"https:\/\/www.bagnoitalia.com\/de\/produkt\/paffoni-built-in-wall-mixer-for-sink-or-bathtub-rb67-model.html","og_site_name":"Bagno Italia","article_modified_time":"2024-10-02T12:41:58+00:00","og_image":[{"width":550,"height":550,"url":"https:\/\/img.bagnoitalia.com\/wp-content\/uploads\/virtuemart\/product\/paffoni-built-in-wall-mixer-for-sink-or-bathtub-rb67_1576753990_524.jpg","type":"image\/jpeg"}],"twitter_card":"summary_large_image","twitter_misc":{"Gesch\u00e4tzte Lesezeit":"1\u00a0Minute"},"schema":{"@context":"https:\/\/schema.org","@graph":[{"@type":"WebPage","@id":"https:\/\/www.bagnoitalia.com\/de\/produkt\/paffoni-built-in-wall-mixer-for-sink-or-bathtub-rb67-model.html","url":"https:\/\/www.bagnoitalia.com\/de\/produkt\/paffoni-built-in-wall-mixer-for-sink-or-bathtub-rb67-model.html","name":"Unterputz-Wandbatterie aus Edelstahl f\u00fcr Waschbecken oder Badewanne Marke Paffoni RB67 - Bagno Italia","isPartOf":{"@id":"https:\/\/www.bagnoitalia.com\/de#website"},"primaryImageOfPage":{"@id":"https:\/\/www.bagnoitalia.com\/de\/produkt\/paffoni-built-in-wall-mixer-for-sink-or-bathtub-rb67-model.html#primaryimage"},"image":{"@id":"https:\/\/www.bagnoitalia.com\/de\/produkt\/paffoni-built-in-wall-mixer-for-sink-or-bathtub-rb67-model.html#primaryimage"},"thumbnailUrl":"https:\/\/img.bagnoitalia.com\/wp-content\/uploads\/virtuemart\/product\/paffoni-built-in-wall-mixer-for-sink-or-bathtub-rb67_1576753990_524.jpg","datePublished":"2019-12-19T10:12:02+00:00","dateModified":"2024-10-02T12:41:58+00:00","breadcrumb":{"@id":"https:\/\/www.bagnoitalia.com\/de\/produkt\/paffoni-built-in-wall-mixer-for-sink-or-bathtub-rb67-model.html#breadcrumb"},"inLanguage":"de","potentialAction":[{"@type":"ReadAction","target":["https:\/\/www.bagnoitalia.com\/de\/produkt\/paffoni-built-in-wall-mixer-for-sink-or-bathtub-rb67-model.html"]}]},{"@type":"ImageObject","inLanguage":"de","@id":"https:\/\/www.bagnoitalia.com\/de\/produkt\/paffoni-built-in-wall-mixer-for-sink-or-bathtub-rb67-model.html#primaryimage","url":"https:\/\/img.bagnoitalia.com\/wp-content\/uploads\/virtuemart\/product\/paffoni-built-in-wall-mixer-for-sink-or-bathtub-rb67_1576753990_524.jpg","contentUrl":"https:\/\/img.bagnoitalia.com\/wp-content\/uploads\/virtuemart\/product\/paffoni-built-in-wall-mixer-for-sink-or-bathtub-rb67_1576753990_524.jpg","width":550,"height":550},{"@type":"BreadcrumbList","@id":"https:\/\/www.bagnoitalia.com\/de\/produkt\/paffoni-built-in-wall-mixer-for-sink-or-bathtub-rb67-model.html#breadcrumb","itemListElement":[{"@type":"ListItem","position":1,"name":"Home","item":"https:\/\/www.bagnoitalia.com\/de"},{"@type":"ListItem","position":2,"name":"Produkte","item":"https:\/\/www.bagnoitalia.com\/de\/shop"},{"@type":"ListItem","position":3,"name":"Unterputz-Wandbatterie aus Edelstahl f\u00fcr Waschbecken oder Badewanne Marke Paffoni RB67"}]},{"@type":"WebSite","@id":"https:\/\/www.bagnoitalia.com\/de#website","url":"https:\/\/www.bagnoitalia.com\/de","name":"Bagno Italia","description":"","publisher":{"@id":"https:\/\/www.bagnoitalia.com\/de#organization"},"potentialAction":[{"@type":"SearchAction","target":{"@type":"EntryPoint","urlTemplate":"https:\/\/www.bagnoitalia.com\/de?s={search_term_string}"},"query-input":{"@type":"PropertyValueSpecification","valueRequired":true,"valueName":"search_term_string"}}],"inLanguage":"de"},{"@type":"Organization","@id":"https:\/\/www.bagnoitalia.com\/de#organization","name":"Bagno Italia","url":"https:\/\/www.bagnoitalia.com\/de","logo":{"@type":"ImageObject","inLanguage":"de","@id":"https:\/\/www.bagnoitalia.com\/de#\/schema\/logo\/image\/","url":"https:\/\/img.bagnoitalia.com\/wp-content\/uploads\/logo-bagnoitalia.webp","contentUrl":"https:\/\/img.bagnoitalia.com\/wp-content\/uploads\/logo-bagnoitalia.webp","width":400,"height":70,"caption":"Bagno Italia"},"image":{"@id":"https:\/\/www.bagnoitalia.com\/de#\/schema\/logo\/image\/"}}]}},"_links":{"self":[{"href":"https:\/\/www.bagnoitalia.com\/de\/wp-json\/wp\/v2\/product\/92653","targetHints":{"allow":["GET"]}}],"collection":[{"href":"https:\/\/www.bagnoitalia.com\/de\/wp-json\/wp\/v2\/product"}],"about":[{"href":"https:\/\/www.bagnoitalia.com\/de\/wp-json\/wp\/v2\/types\/product"}],"replies":[{"embeddable":true,"href":"https:\/\/www.bagnoitalia.com\/de\/wp-json\/wp\/v2\/comments?post=92653"}],"version-history":[{"count":3,"href":"https:\/\/www.bagnoitalia.com\/de\/wp-json\/wp\/v2\/product\/92653\/revisions"}],"predecessor-version":[{"id":92661,"href":"https:\/\/www.bagnoitalia.com\/de\/wp-json\/wp\/v2\/product\/92653\/revisions\/92661"}],"wp:featuredmedia":[{"embeddable":true,"href":"https:\/\/www.bagnoitalia.com\/de\/wp-json\/wp\/v2\/media\/45086"}],"wp:attachment":[{"href":"https:\/\/www.bagnoitalia.com\/de\/wp-json\/wp\/v2\/media?parent=92653"}],"wp:term":[{"taxonomy":"product_brand","embeddable":true,"href":"https:\/\/www.bagnoitalia.com\/de\/wp-json\/wp\/v2\/product_brand?post=92653"},{"taxonomy":"product_cat","embeddable":true,"href":"https:\/\/www.bagnoitalia.com\/de\/wp-json\/wp\/v2\/product_cat?post=92653"},{"taxonomy":"product_tag","embeddable":true,"href":"https:\/\/www.bagnoitalia.com\/de\/wp-json\/wp\/v2\/product_tag?post=92653"}],"curies":[{"name":"wp","href":"https:\/\/api.w.org\/{rel}","templated":true}]}}