{"id":92644,"date":"2022-03-01T14:45:11","date_gmt":"2022-03-01T13:45:11","guid":{"rendered":"https:\/\/www.bagnoitalia.com\/product\/wall-hung-gelcoat-washbasin-available-in-60-80-100-and-120-cm-in-5-stone-effect-colours-lav57"},"modified":"2025-06-09T11:59:38","modified_gmt":"2025-06-09T09:59:38","slug":"wall-hung-gelcoat-washbasin-available-in-60-80-100-and-120-cm-in-5-stone-effect-colours-lav57","status":"publish","type":"product","link":"https:\/\/www.bagnoitalia.com\/de\/produkt\/wall-hung-gelcoat-washbasin-available-in-60-80-100-and-120-cm-in-5-stone-effect-colours-lav57.html","title":{"rendered":"Wandh\u00e4ngendes Gelcoat-Waschtischbecken in 60, 80, 100 und 120 cm in 5 Steineffektfarben LAV57"},"content":{"rendered":"<p>WANDH\u00c4NGENDES WASCHBECKEN LAV57<\/p>\n<p>&nbsp;<\/p>\n<p>Wandh\u00e4ngendes Waschbecken. \u00c4u\u00dferst solides und langlebiges Produkt aus Harz mit Gelcoat-Beschichtung. Kratzfest, vergilbungsbest\u00e4ndig und resistent gegen UVA-Strahlen. Die Oberfl\u00e4che hat eine Steinoptik in allen Farben.<\/p>\n<p>&nbsp;<\/p>\n<p>MERKMALE:<\/p>\n<p>&nbsp;<\/p>\n<p>Verf\u00fcgbare Gr\u00f6\u00dfen (w\u00e4hlen Sie die gew\u00fcnschte Gr\u00f6\u00dfe aus dem Dropdown-Men\u00fc):<\/p>\n<p>&#8211; 60x46xH15 cm mit Becken 46x29xH13 cm<\/p>\n<p>&#8211; 80x46xH15 cm mit Becken 52x29xH13 cm<\/p>\n<p>&#8211; 100x46xH15 cm mit Wanne 55,5&#215;29,5xH13 cm<\/p>\n<p>&#8211; 120x46xH15 cm mit Wanne 58&#215;28,7xH13 cm<\/p>\n<p>&nbsp;<\/p>\n<p>Material: Harz mit Gelcoat-Beschichtung in Steinoptik<\/p>\n<p>Installation: h\u00e4ngend<\/p>\n<p>5 Farben verf\u00fcgbar: wei\u00df, beige, hellgrau, anthrazit, braun<\/p>\n<p>Anordnung f\u00fcr Wasserhahnloch<\/p>\n<p>&nbsp;<\/p>\n<p>Wasserh\u00e4hne und Halterungen sind nicht im Preis enthalten<\/p>\n<p>Halterungen und Abfluss k\u00f6nnen durch Auswahl im Seitenmen\u00fc hinzugef\u00fcgt werden<\/p>\n<p>Achtung: Der Waschtisch hat keinen \u00dcberlauf und keine Hahnlochbohrung<\/p>\n<p>&nbsp;<\/p>\n<p>&nbsp;<\/p>\n<p>&nbsp;<\/p>\n<p>&nbsp;<\/p>\n<p>&nbsp;<\/p>\n<p>&nbsp;<\/p>\n<p>&nbsp;<\/p>\n<p>&nbsp;<\/p>\n<p>&nbsp;<\/p>\n<p>&nbsp;<\/p>\n<p>&nbsp;<\/p>\n<p>&nbsp;<\/p>\n<p>STF3<\/p>\n<p>ladoga plus<\/p>\n<p>&nbsp;<\/p>\n<p>&nbsp;<\/p>\n<p>&nbsp;<\/p>\n<p>&nbsp;<\/p>\n<p>&nbsp;<\/p>\n","protected":false},"excerpt":{"rendered":"<p>Wandh\u00e4ngendes Waschbecken. Hergestellt aus Harz und beschichtet mit Gelcoat, mit einer Oberfl\u00e4che in Steinoptik. Erh\u00e4ltlich in 4 Gr\u00f6\u00dfen in Wei\u00df, Hellgrau, Braun, Anthrazit und Beige.<\/p>\n","protected":false},"featured_media":48385,"comment_status":"open","ping_status":"closed","template":"","meta":[],"product_brand":[9883],"product_cat":[10116],"product_tag":[],"class_list":{"0":"post-92644","1":"product","2":"type-product","3":"status-publish","4":"has-post-thumbnail","6":"product_brand-deghi-de","7":"product_cat-senza-categoria-de","9":"first","10":"outofstock","11":"taxable","12":"shipping-taxable","13":"purchasable","14":"product-type-simple"},"exclude_global_add_ons":false,"addons":[{"name":"Ma\u00dfe","type":"multiple_choice","position":0,"required":true,"title_format":"heading","default":"","description_enable":false,"description":"","placeholder_enable":false,"placeholder":"","display":"select","restrictions_type":"any_text","adjust_price":false,"price":"","price_type":"flat_fee","restrictions":false,"min":"0","max":"0","options":[{"label":"(Nicht verf\u00fcgbar)60 cm","price":"","price_type":"quantity_based","image":0,"visibility":true},{"label":"(Nicht verf\u00fcgbar)80 cm","price":"30","price_type":"quantity_based","image":0,"visibility":true},{"label":"(Nicht verf\u00fcgbar)100 cm","price":"60","price_type":"quantity_based","image":0,"visibility":true},{"label":"120 cm","price":"81","price_type":"quantity_based","image":0,"visibility":true}],"id":1718116480},{"name":"Farbe","type":"multiple_choice","position":1,"required":true,"title_format":"heading","default":"","description_enable":false,"description":"","placeholder_enable":false,"placeholder":"","display":"select","restrictions_type":"any_text","adjust_price":false,"price":"","price_type":"flat_fee","restrictions":false,"min":"0","max":"0","options":[{"label":"hellgrau","price":"","price_type":"quantity_based","image":0,"visibility":true},{"label":"braun","price":"","price_type":"quantity_based","image":0,"visibility":true},{"label":"(Nicht verf\u00fcgbar) Anthrazit","price":"","price_type":"quantity_based","image":0,"visibility":true},{"label":"(Nicht verf\u00fcgbar) Wei\u00df","price":"","price_type":"quantity_based","image":0,"visibility":true},{"label":"(Nicht verf\u00fcgbar) Beige","price":"","price_type":"quantity_based","image":0,"visibility":true}],"id":1718116481},{"name":"Abfluss","type":"multiple_choice","position":2,"required":true,"title_format":"heading","default":"","description_enable":false,"description":"","placeholder_enable":false,"placeholder":"","display":"select","restrictions_type":"any_text","adjust_price":false,"price":"","price_type":"flat_fee","restrictions":false,"min":"0","max":"0","options":[{"label":"nein","price":"","price_type":"quantity_based","image":0,"visibility":true},{"label":"verchromter Ablauf","price":"15","price_type":"quantity_based","image":0,"visibility":true}],"id":1718116482},{"name":"Typ","type":"multiple_choice","position":3,"required":true,"title_format":"heading","default":"","description_enable":false,"description":"","placeholder_enable":false,"placeholder":"","display":"select","restrictions_type":"any_text","adjust_price":false,"price":"","price_type":"flat_fee","restrictions":false,"min":"0","max":"0","options":[{"label":"ohne Halterungen","price":"","price_type":"quantity_based","image":0,"visibility":true},{"label":"mit Regalpaar","price":"59","price_type":"quantity_based","image":0,"visibility":true}],"id":1718116483}],"yoast_head":"<!-- This site is optimized with the Yoast SEO plugin v26.7 - https:\/\/yoast.com\/wordpress\/plugins\/seo\/ -->\n<title>Wall-hung gelcoat washbasin available in 60, 80, 100 and 120 cm in 5 stone effect colours LAV57<\/title>\n<meta name=\"description\" content=\"Wall-hung washbasin. Made of resin and coated with gelcoat, with a stone effect surface. Available in 4 sizes in white, light grey, brown, anthracite and beige.\" \/>\n<meta name=\"robots\" content=\"index, follow, max-snippet:-1, max-image-preview:large, max-video-preview:-1\" \/>\n<link rel=\"canonical\" href=\"https:\/\/www.bagnoitalia.com\/de\/produkt\/wall-hung-gelcoat-washbasin-available-in-60-80-100-and-120-cm-in-5-stone-effect-colours-lav57.html\" \/>\n<meta property=\"og:locale\" content=\"de_DE\" \/>\n<meta property=\"og:type\" content=\"article\" \/>\n<meta property=\"og:title\" content=\"Wall-hung gelcoat washbasin available in 60, 80, 100 and 120 cm in 5 stone effect colours LAV57\" \/>\n<meta property=\"og:description\" content=\"Wall-hung washbasin. Made of resin and coated with gelcoat, with a stone effect surface. Available in 4 sizes in white, light grey, brown, anthracite and beige.\" \/>\n<meta property=\"og:url\" content=\"https:\/\/www.bagnoitalia.com\/de\/produkt\/wall-hung-gelcoat-washbasin-available-in-60-80-100-and-120-cm-in-5-stone-effect-colours-lav57.html\" \/>\n<meta property=\"og:site_name\" content=\"Bagno Italia\" \/>\n<meta property=\"article:modified_time\" content=\"2025-06-09T09:59:38+00:00\" \/>\n<meta property=\"og:image\" content=\"https:\/\/img.bagnoitalia.com\/wp-content\/uploads\/virtuemart\/product\/washbasin-suspended-modern-5-colours.jpg\" \/>\n\t<meta property=\"og:image:width\" content=\"550\" \/>\n\t<meta property=\"og:image:height\" content=\"550\" \/>\n\t<meta property=\"og:image:type\" content=\"image\/jpeg\" \/>\n<meta name=\"twitter:card\" content=\"summary_large_image\" \/>\n<meta name=\"twitter:label1\" content=\"Gesch\u00e4tzte Lesezeit\" \/>\n\t<meta name=\"twitter:data1\" content=\"1\u00a0Minute\" \/>\n<script type=\"application\/ld+json\" class=\"yoast-schema-graph\">{\"@context\":\"https:\/\/schema.org\",\"@graph\":[{\"@type\":\"WebPage\",\"@id\":\"https:\/\/www.bagnoitalia.com\/de\/produkt\/wall-hung-gelcoat-washbasin-available-in-60-80-100-and-120-cm-in-5-stone-effect-colours-lav57.html\",\"url\":\"https:\/\/www.bagnoitalia.com\/de\/produkt\/wall-hung-gelcoat-washbasin-available-in-60-80-100-and-120-cm-in-5-stone-effect-colours-lav57.html\",\"name\":\"Wall-hung gelcoat washbasin available in 60, 80, 100 and 120 cm in 5 stone effect colours LAV57\",\"isPartOf\":{\"@id\":\"https:\/\/www.bagnoitalia.com\/de#website\"},\"primaryImageOfPage\":{\"@id\":\"https:\/\/www.bagnoitalia.com\/de\/produkt\/wall-hung-gelcoat-washbasin-available-in-60-80-100-and-120-cm-in-5-stone-effect-colours-lav57.html#primaryimage\"},\"image\":{\"@id\":\"https:\/\/www.bagnoitalia.com\/de\/produkt\/wall-hung-gelcoat-washbasin-available-in-60-80-100-and-120-cm-in-5-stone-effect-colours-lav57.html#primaryimage\"},\"thumbnailUrl\":\"https:\/\/img.bagnoitalia.com\/wp-content\/uploads\/virtuemart\/product\/washbasin-suspended-modern-5-colours.jpg\",\"datePublished\":\"2022-03-01T13:45:11+00:00\",\"dateModified\":\"2025-06-09T09:59:38+00:00\",\"description\":\"Wall-hung washbasin. Made of resin and coated with gelcoat, with a stone effect surface. Available in 4 sizes in white, light grey, brown, anthracite and beige.\",\"breadcrumb\":{\"@id\":\"https:\/\/www.bagnoitalia.com\/de\/produkt\/wall-hung-gelcoat-washbasin-available-in-60-80-100-and-120-cm-in-5-stone-effect-colours-lav57.html#breadcrumb\"},\"inLanguage\":\"de\",\"potentialAction\":[{\"@type\":\"ReadAction\",\"target\":[\"https:\/\/www.bagnoitalia.com\/de\/produkt\/wall-hung-gelcoat-washbasin-available-in-60-80-100-and-120-cm-in-5-stone-effect-colours-lav57.html\"]}]},{\"@type\":\"ImageObject\",\"inLanguage\":\"de\",\"@id\":\"https:\/\/www.bagnoitalia.com\/de\/produkt\/wall-hung-gelcoat-washbasin-available-in-60-80-100-and-120-cm-in-5-stone-effect-colours-lav57.html#primaryimage\",\"url\":\"https:\/\/img.bagnoitalia.com\/wp-content\/uploads\/virtuemart\/product\/washbasin-suspended-modern-5-colours.jpg\",\"contentUrl\":\"https:\/\/img.bagnoitalia.com\/wp-content\/uploads\/virtuemart\/product\/washbasin-suspended-modern-5-colours.jpg\",\"width\":550,\"height\":550},{\"@type\":\"BreadcrumbList\",\"@id\":\"https:\/\/www.bagnoitalia.com\/de\/produkt\/wall-hung-gelcoat-washbasin-available-in-60-80-100-and-120-cm-in-5-stone-effect-colours-lav57.html#breadcrumb\",\"itemListElement\":[{\"@type\":\"ListItem\",\"position\":1,\"name\":\"Home\",\"item\":\"https:\/\/www.bagnoitalia.com\/de\"},{\"@type\":\"ListItem\",\"position\":2,\"name\":\"Produkte\",\"item\":\"https:\/\/www.bagnoitalia.com\/de\/shop\"},{\"@type\":\"ListItem\",\"position\":3,\"name\":\"Wandh\u00e4ngendes Gelcoat-Waschtischbecken in 60, 80, 100 und 120 cm in 5 Steineffektfarben LAV57\"}]},{\"@type\":\"WebSite\",\"@id\":\"https:\/\/www.bagnoitalia.com\/de#website\",\"url\":\"https:\/\/www.bagnoitalia.com\/de\",\"name\":\"Bagno Italia\",\"description\":\"\",\"publisher\":{\"@id\":\"https:\/\/www.bagnoitalia.com\/de#organization\"},\"potentialAction\":[{\"@type\":\"SearchAction\",\"target\":{\"@type\":\"EntryPoint\",\"urlTemplate\":\"https:\/\/www.bagnoitalia.com\/de?s={search_term_string}\"},\"query-input\":{\"@type\":\"PropertyValueSpecification\",\"valueRequired\":true,\"valueName\":\"search_term_string\"}}],\"inLanguage\":\"de\"},{\"@type\":\"Organization\",\"@id\":\"https:\/\/www.bagnoitalia.com\/de#organization\",\"name\":\"Bagno Italia\",\"url\":\"https:\/\/www.bagnoitalia.com\/de\",\"logo\":{\"@type\":\"ImageObject\",\"inLanguage\":\"de\",\"@id\":\"https:\/\/www.bagnoitalia.com\/de#\/schema\/logo\/image\/\",\"url\":\"https:\/\/img.bagnoitalia.com\/wp-content\/uploads\/logo-bagnoitalia.webp\",\"contentUrl\":\"https:\/\/img.bagnoitalia.com\/wp-content\/uploads\/logo-bagnoitalia.webp\",\"width\":400,\"height\":70,\"caption\":\"Bagno Italia\"},\"image\":{\"@id\":\"https:\/\/www.bagnoitalia.com\/de#\/schema\/logo\/image\/\"}}]}<\/script>\n<!-- \/ Yoast SEO plugin. -->","yoast_head_json":{"title":"Wall-hung gelcoat washbasin available in 60, 80, 100 and 120 cm in 5 stone effect colours LAV57","description":"Wall-hung washbasin. Made of resin and coated with gelcoat, with a stone effect surface. Available in 4 sizes in white, light grey, brown, anthracite and beige.","robots":{"index":"index","follow":"follow","max-snippet":"max-snippet:-1","max-image-preview":"max-image-preview:large","max-video-preview":"max-video-preview:-1"},"canonical":"https:\/\/www.bagnoitalia.com\/de\/produkt\/wall-hung-gelcoat-washbasin-available-in-60-80-100-and-120-cm-in-5-stone-effect-colours-lav57.html","og_locale":"de_DE","og_type":"article","og_title":"Wall-hung gelcoat washbasin available in 60, 80, 100 and 120 cm in 5 stone effect colours LAV57","og_description":"Wall-hung washbasin. Made of resin and coated with gelcoat, with a stone effect surface. Available in 4 sizes in white, light grey, brown, anthracite and beige.","og_url":"https:\/\/www.bagnoitalia.com\/de\/produkt\/wall-hung-gelcoat-washbasin-available-in-60-80-100-and-120-cm-in-5-stone-effect-colours-lav57.html","og_site_name":"Bagno Italia","article_modified_time":"2025-06-09T09:59:38+00:00","og_image":[{"width":550,"height":550,"url":"https:\/\/img.bagnoitalia.com\/wp-content\/uploads\/virtuemart\/product\/washbasin-suspended-modern-5-colours.jpg","type":"image\/jpeg"}],"twitter_card":"summary_large_image","twitter_misc":{"Gesch\u00e4tzte Lesezeit":"1\u00a0Minute"},"schema":{"@context":"https:\/\/schema.org","@graph":[{"@type":"WebPage","@id":"https:\/\/www.bagnoitalia.com\/de\/produkt\/wall-hung-gelcoat-washbasin-available-in-60-80-100-and-120-cm-in-5-stone-effect-colours-lav57.html","url":"https:\/\/www.bagnoitalia.com\/de\/produkt\/wall-hung-gelcoat-washbasin-available-in-60-80-100-and-120-cm-in-5-stone-effect-colours-lav57.html","name":"Wall-hung gelcoat washbasin available in 60, 80, 100 and 120 cm in 5 stone effect colours LAV57","isPartOf":{"@id":"https:\/\/www.bagnoitalia.com\/de#website"},"primaryImageOfPage":{"@id":"https:\/\/www.bagnoitalia.com\/de\/produkt\/wall-hung-gelcoat-washbasin-available-in-60-80-100-and-120-cm-in-5-stone-effect-colours-lav57.html#primaryimage"},"image":{"@id":"https:\/\/www.bagnoitalia.com\/de\/produkt\/wall-hung-gelcoat-washbasin-available-in-60-80-100-and-120-cm-in-5-stone-effect-colours-lav57.html#primaryimage"},"thumbnailUrl":"https:\/\/img.bagnoitalia.com\/wp-content\/uploads\/virtuemart\/product\/washbasin-suspended-modern-5-colours.jpg","datePublished":"2022-03-01T13:45:11+00:00","dateModified":"2025-06-09T09:59:38+00:00","description":"Wall-hung washbasin. Made of resin and coated with gelcoat, with a stone effect surface. Available in 4 sizes in white, light grey, brown, anthracite and beige.","breadcrumb":{"@id":"https:\/\/www.bagnoitalia.com\/de\/produkt\/wall-hung-gelcoat-washbasin-available-in-60-80-100-and-120-cm-in-5-stone-effect-colours-lav57.html#breadcrumb"},"inLanguage":"de","potentialAction":[{"@type":"ReadAction","target":["https:\/\/www.bagnoitalia.com\/de\/produkt\/wall-hung-gelcoat-washbasin-available-in-60-80-100-and-120-cm-in-5-stone-effect-colours-lav57.html"]}]},{"@type":"ImageObject","inLanguage":"de","@id":"https:\/\/www.bagnoitalia.com\/de\/produkt\/wall-hung-gelcoat-washbasin-available-in-60-80-100-and-120-cm-in-5-stone-effect-colours-lav57.html#primaryimage","url":"https:\/\/img.bagnoitalia.com\/wp-content\/uploads\/virtuemart\/product\/washbasin-suspended-modern-5-colours.jpg","contentUrl":"https:\/\/img.bagnoitalia.com\/wp-content\/uploads\/virtuemart\/product\/washbasin-suspended-modern-5-colours.jpg","width":550,"height":550},{"@type":"BreadcrumbList","@id":"https:\/\/www.bagnoitalia.com\/de\/produkt\/wall-hung-gelcoat-washbasin-available-in-60-80-100-and-120-cm-in-5-stone-effect-colours-lav57.html#breadcrumb","itemListElement":[{"@type":"ListItem","position":1,"name":"Home","item":"https:\/\/www.bagnoitalia.com\/de"},{"@type":"ListItem","position":2,"name":"Produkte","item":"https:\/\/www.bagnoitalia.com\/de\/shop"},{"@type":"ListItem","position":3,"name":"Wandh\u00e4ngendes Gelcoat-Waschtischbecken in 60, 80, 100 und 120 cm in 5 Steineffektfarben LAV57"}]},{"@type":"WebSite","@id":"https:\/\/www.bagnoitalia.com\/de#website","url":"https:\/\/www.bagnoitalia.com\/de","name":"Bagno Italia","description":"","publisher":{"@id":"https:\/\/www.bagnoitalia.com\/de#organization"},"potentialAction":[{"@type":"SearchAction","target":{"@type":"EntryPoint","urlTemplate":"https:\/\/www.bagnoitalia.com\/de?s={search_term_string}"},"query-input":{"@type":"PropertyValueSpecification","valueRequired":true,"valueName":"search_term_string"}}],"inLanguage":"de"},{"@type":"Organization","@id":"https:\/\/www.bagnoitalia.com\/de#organization","name":"Bagno Italia","url":"https:\/\/www.bagnoitalia.com\/de","logo":{"@type":"ImageObject","inLanguage":"de","@id":"https:\/\/www.bagnoitalia.com\/de#\/schema\/logo\/image\/","url":"https:\/\/img.bagnoitalia.com\/wp-content\/uploads\/logo-bagnoitalia.webp","contentUrl":"https:\/\/img.bagnoitalia.com\/wp-content\/uploads\/logo-bagnoitalia.webp","width":400,"height":70,"caption":"Bagno Italia"},"image":{"@id":"https:\/\/www.bagnoitalia.com\/de#\/schema\/logo\/image\/"}}]}},"_links":{"self":[{"href":"https:\/\/www.bagnoitalia.com\/de\/wp-json\/wp\/v2\/product\/92644","targetHints":{"allow":["GET"]}}],"collection":[{"href":"https:\/\/www.bagnoitalia.com\/de\/wp-json\/wp\/v2\/product"}],"about":[{"href":"https:\/\/www.bagnoitalia.com\/de\/wp-json\/wp\/v2\/types\/product"}],"replies":[{"embeddable":true,"href":"https:\/\/www.bagnoitalia.com\/de\/wp-json\/wp\/v2\/comments?post=92644"}],"version-history":[{"count":2,"href":"https:\/\/www.bagnoitalia.com\/de\/wp-json\/wp\/v2\/product\/92644\/revisions"}],"predecessor-version":[{"id":92647,"href":"https:\/\/www.bagnoitalia.com\/de\/wp-json\/wp\/v2\/product\/92644\/revisions\/92647"}],"wp:featuredmedia":[{"embeddable":true,"href":"https:\/\/www.bagnoitalia.com\/de\/wp-json\/wp\/v2\/media\/48385"}],"wp:attachment":[{"href":"https:\/\/www.bagnoitalia.com\/de\/wp-json\/wp\/v2\/media?parent=92644"}],"wp:term":[{"taxonomy":"product_brand","embeddable":true,"href":"https:\/\/www.bagnoitalia.com\/de\/wp-json\/wp\/v2\/product_brand?post=92644"},{"taxonomy":"product_cat","embeddable":true,"href":"https:\/\/www.bagnoitalia.com\/de\/wp-json\/wp\/v2\/product_cat?post=92644"},{"taxonomy":"product_tag","embeddable":true,"href":"https:\/\/www.bagnoitalia.com\/de\/wp-json\/wp\/v2\/product_tag?post=92644"}],"curies":[{"name":"wp","href":"https:\/\/api.w.org\/{rel}","templated":true}]}}