{"id":92533,"date":"2022-11-18T08:31:19","date_gmt":"2022-11-18T07:31:19","guid":{"rendered":"https:\/\/www.bagnoitalia.com\/product\/front-opening-floor-standing-wc-model-pegaso-49-cm-high-with-wall-or-floor-drain"},"modified":"2024-10-01T14:34:02","modified_gmt":"2024-10-01T12:34:02","slug":"front-opening-floor-standing-wc-model-pegaso-49-cm-high-with-wall-or-floor-drain","status":"publish","type":"product","link":"https:\/\/www.bagnoitalia.com\/de\/produkt\/front-opening-floor-standing-wc-model-pegaso-49-cm-high-with-wall-or-floor-drain.html","title":{"rendered":"Vorderseitig \u00f6ffnendes bodenstehendes WC Modell Pegaso 49 cm hoch mit Wand- oder Bodenablauf"},"content":{"rendered":"<p>PEGASO\u201c FRONT-HOLE TOILETTE<\/p>\n<p>&nbsp;<\/p>\n<p>Der oben genannte Preis beinhaltet:<\/p>\n<p>Nr. 1 Wc 38xT50xH49 cm mit Frontloch<\/p>\n<p>MERKMALE<\/p>\n<p>Geeignet f\u00fcr Menschen mit Mobilit\u00e4tseinschr\u00e4nkungen<\/p>\n<p>Einbau im Boden<\/p>\n<p>Wand- oder Bodenablauf, w\u00e4hlen Sie die gew\u00fcnschte Version aus dem Dropdown-Men\u00fc<\/p>\n<p>Material: Keramik<\/p>\n<p>Farbe: gl\u00e4nzend wei\u00df<\/p>\n<p>Inklusive Befestigungsmaterial<\/p>\n<p>Toilettendeckel nicht im Lieferumfang enthalten, Sie k\u00f6nnen ihn \u00fcber das Men\u00fc oben hinzuf\u00fcgen<\/p>\n<p>Seitlicher St\u00fctzgriff nicht inbegriffen<\/p>\n<p>&nbsp;<\/p>\n<p>&nbsp;<\/p>\n<p>&nbsp;<\/p>\n<p>&nbsp;<\/p>\n<p>&nbsp;<\/p>\n<p>&nbsp;<\/p>\n<p>&nbsp;<\/p>\n<p>&nbsp;<\/p>\n<p>&nbsp;<\/p>\n<p>&nbsp;<\/p>\n<p>&nbsp;<\/p>\n<p>&nbsp;<\/p>\n<p>&nbsp;<\/p>\n<p>&nbsp;<\/p>\n<p>&nbsp;<\/p>\n<p>&nbsp;<\/p>\n<p>&nbsp;<\/p>\n<p>&nbsp;<\/p>\n<p>&nbsp;<\/p>\n<p>&nbsp;<\/p>\n<p>&nbsp;<\/p>\n<p>AG-A15<\/p>\n<p>AG-A14<\/p>\n<p>MAG-AP<\/p>\n<p>MAG-AT<\/p>\n<p>&nbsp;<\/p>\n","protected":false},"excerpt":{"rendered":"<p>WC mit Wand- oder Bodenablauf, besonders geeignet f\u00fcr Menschen mit Mobilit\u00e4tseinschr\u00e4nkungen. Das Angebot kann durch einen WC-Deckel erg\u00e4nzt werden.<\/p>\n","protected":false},"featured_media":58203,"comment_status":"open","ping_status":"closed","template":"","meta":[],"product_brand":[5006],"product_cat":[9696],"product_tag":[],"class_list":{"0":"post-92533","1":"product","2":"type-product","3":"status-publish","4":"has-post-thumbnail","6":"product_brand-deghi","7":"product_cat-badkeramik","9":"first","10":"instock","11":"sale","12":"taxable","13":"shipping-taxable","14":"purchasable","15":"product-type-simple"},"exclude_global_add_ons":false,"addons":[{"name":"Typ","type":"multiple_choice","position":0,"required":true,"title_format":"heading","default":"","description_enable":false,"description":"","placeholder_enable":false,"placeholder":"","display":"select","restrictions_type":"any_text","adjust_price":false,"price":"","price_type":"flat_fee","restrictions":false,"min":"0","max":"0","options":[{"label":"Wand","price":"","price_type":"quantity_based","image":0,"visibility":true},{"label":"bodenstehend","price":"","price_type":"quantity_based","image":0,"visibility":true}],"id":1716909416},{"name":"Toilettendeckel","type":"multiple_choice","position":1,"required":true,"title_format":"heading","default":"","description_enable":false,"description":"","placeholder_enable":false,"placeholder":"","display":"select","restrictions_type":"any_text","adjust_price":false,"price":"","price_type":"flat_fee","restrictions":false,"min":"0","max":"0","options":[{"label":"nein","price":"","price_type":"quantity_based","image":0,"visibility":true},{"label":"Toilettendeckel","price":"30","price_type":"quantity_based","image":0,"visibility":true}],"id":1716909417}],"yoast_head":"<!-- This site is optimized with the Yoast SEO plugin v26.7 - https:\/\/yoast.com\/wordpress\/plugins\/seo\/ -->\n<title>Front-opening floor-standing WC model Pegaso 49 cm high with wall or floor drain<\/title>\n<meta name=\"description\" content=\"WC with wall or floor drain, especially suitable for people with mobility difficulties. A WC cover can be added to the offer.\" \/>\n<meta name=\"robots\" content=\"index, follow, max-snippet:-1, max-image-preview:large, max-video-preview:-1\" \/>\n<link rel=\"canonical\" href=\"https:\/\/www.bagnoitalia.com\/de\/produkt\/front-opening-floor-standing-wc-model-pegaso-49-cm-high-with-wall-or-floor-drain.html\" \/>\n<meta property=\"og:locale\" content=\"de_DE\" \/>\n<meta property=\"og:type\" content=\"article\" \/>\n<meta property=\"og:title\" content=\"Front-opening floor-standing WC model Pegaso 49 cm high with wall or floor drain\" \/>\n<meta property=\"og:description\" content=\"WC with wall or floor drain, especially suitable for people with mobility difficulties. A WC cover can be added to the offer.\" \/>\n<meta property=\"og:url\" content=\"https:\/\/www.bagnoitalia.com\/de\/produkt\/front-opening-floor-standing-wc-model-pegaso-49-cm-high-with-wall-or-floor-drain.html\" \/>\n<meta property=\"og:site_name\" content=\"Bagno Italia\" \/>\n<meta property=\"article:modified_time\" content=\"2024-10-01T12:34:02+00:00\" \/>\n<meta property=\"og:image\" content=\"https:\/\/img.bagnoitalia.com\/wp-content\/uploads\/virtuemart\/product\/wc-high-49-cm-with-floor-discharge-hole-covered-wc-1.jpg\" \/>\n\t<meta property=\"og:image:width\" content=\"550\" \/>\n\t<meta property=\"og:image:height\" content=\"550\" \/>\n\t<meta property=\"og:image:type\" content=\"image\/jpeg\" \/>\n<meta name=\"twitter:card\" content=\"summary_large_image\" \/>\n<meta name=\"twitter:label1\" content=\"Gesch\u00e4tzte Lesezeit\" \/>\n\t<meta name=\"twitter:data1\" content=\"1\u00a0Minute\" \/>\n<script type=\"application\/ld+json\" class=\"yoast-schema-graph\">{\"@context\":\"https:\/\/schema.org\",\"@graph\":[{\"@type\":\"WebPage\",\"@id\":\"https:\/\/www.bagnoitalia.com\/de\/produkt\/front-opening-floor-standing-wc-model-pegaso-49-cm-high-with-wall-or-floor-drain.html\",\"url\":\"https:\/\/www.bagnoitalia.com\/de\/produkt\/front-opening-floor-standing-wc-model-pegaso-49-cm-high-with-wall-or-floor-drain.html\",\"name\":\"Front-opening floor-standing WC model Pegaso 49 cm high with wall or floor drain\",\"isPartOf\":{\"@id\":\"https:\/\/www.bagnoitalia.com\/de#website\"},\"primaryImageOfPage\":{\"@id\":\"https:\/\/www.bagnoitalia.com\/de\/produkt\/front-opening-floor-standing-wc-model-pegaso-49-cm-high-with-wall-or-floor-drain.html#primaryimage\"},\"image\":{\"@id\":\"https:\/\/www.bagnoitalia.com\/de\/produkt\/front-opening-floor-standing-wc-model-pegaso-49-cm-high-with-wall-or-floor-drain.html#primaryimage\"},\"thumbnailUrl\":\"https:\/\/img.bagnoitalia.com\/wp-content\/uploads\/virtuemart\/product\/wc-high-49-cm-with-floor-discharge-hole-covered-wc-1.jpg\",\"datePublished\":\"2022-11-18T07:31:19+00:00\",\"dateModified\":\"2024-10-01T12:34:02+00:00\",\"description\":\"WC with wall or floor drain, especially suitable for people with mobility difficulties. A WC cover can be added to the offer.\",\"breadcrumb\":{\"@id\":\"https:\/\/www.bagnoitalia.com\/de\/produkt\/front-opening-floor-standing-wc-model-pegaso-49-cm-high-with-wall-or-floor-drain.html#breadcrumb\"},\"inLanguage\":\"de\",\"potentialAction\":[{\"@type\":\"ReadAction\",\"target\":[\"https:\/\/www.bagnoitalia.com\/de\/produkt\/front-opening-floor-standing-wc-model-pegaso-49-cm-high-with-wall-or-floor-drain.html\"]}]},{\"@type\":\"ImageObject\",\"inLanguage\":\"de\",\"@id\":\"https:\/\/www.bagnoitalia.com\/de\/produkt\/front-opening-floor-standing-wc-model-pegaso-49-cm-high-with-wall-or-floor-drain.html#primaryimage\",\"url\":\"https:\/\/img.bagnoitalia.com\/wp-content\/uploads\/virtuemart\/product\/wc-high-49-cm-with-floor-discharge-hole-covered-wc-1.jpg\",\"contentUrl\":\"https:\/\/img.bagnoitalia.com\/wp-content\/uploads\/virtuemart\/product\/wc-high-49-cm-with-floor-discharge-hole-covered-wc-1.jpg\",\"width\":550,\"height\":550},{\"@type\":\"BreadcrumbList\",\"@id\":\"https:\/\/www.bagnoitalia.com\/de\/produkt\/front-opening-floor-standing-wc-model-pegaso-49-cm-high-with-wall-or-floor-drain.html#breadcrumb\",\"itemListElement\":[{\"@type\":\"ListItem\",\"position\":1,\"name\":\"Home\",\"item\":\"https:\/\/www.bagnoitalia.com\/de\"},{\"@type\":\"ListItem\",\"position\":2,\"name\":\"Produkte\",\"item\":\"https:\/\/www.bagnoitalia.com\/de\/shop\"},{\"@type\":\"ListItem\",\"position\":3,\"name\":\"Vorderseitig \u00f6ffnendes bodenstehendes WC Modell Pegaso 49 cm hoch mit Wand- oder Bodenablauf\"}]},{\"@type\":\"WebSite\",\"@id\":\"https:\/\/www.bagnoitalia.com\/de#website\",\"url\":\"https:\/\/www.bagnoitalia.com\/de\",\"name\":\"Bagno Italia\",\"description\":\"\",\"publisher\":{\"@id\":\"https:\/\/www.bagnoitalia.com\/de#organization\"},\"potentialAction\":[{\"@type\":\"SearchAction\",\"target\":{\"@type\":\"EntryPoint\",\"urlTemplate\":\"https:\/\/www.bagnoitalia.com\/de?s={search_term_string}\"},\"query-input\":{\"@type\":\"PropertyValueSpecification\",\"valueRequired\":true,\"valueName\":\"search_term_string\"}}],\"inLanguage\":\"de\"},{\"@type\":\"Organization\",\"@id\":\"https:\/\/www.bagnoitalia.com\/de#organization\",\"name\":\"Bagno Italia\",\"url\":\"https:\/\/www.bagnoitalia.com\/de\",\"logo\":{\"@type\":\"ImageObject\",\"inLanguage\":\"de\",\"@id\":\"https:\/\/www.bagnoitalia.com\/de#\/schema\/logo\/image\/\",\"url\":\"https:\/\/img.bagnoitalia.com\/wp-content\/uploads\/logo-bagnoitalia.webp\",\"contentUrl\":\"https:\/\/img.bagnoitalia.com\/wp-content\/uploads\/logo-bagnoitalia.webp\",\"width\":400,\"height\":70,\"caption\":\"Bagno Italia\"},\"image\":{\"@id\":\"https:\/\/www.bagnoitalia.com\/de#\/schema\/logo\/image\/\"}}]}<\/script>\n<!-- \/ Yoast SEO plugin. -->","yoast_head_json":{"title":"Front-opening floor-standing WC model Pegaso 49 cm high with wall or floor drain","description":"WC with wall or floor drain, especially suitable for people with mobility difficulties. A WC cover can be added to the offer.","robots":{"index":"index","follow":"follow","max-snippet":"max-snippet:-1","max-image-preview":"max-image-preview:large","max-video-preview":"max-video-preview:-1"},"canonical":"https:\/\/www.bagnoitalia.com\/de\/produkt\/front-opening-floor-standing-wc-model-pegaso-49-cm-high-with-wall-or-floor-drain.html","og_locale":"de_DE","og_type":"article","og_title":"Front-opening floor-standing WC model Pegaso 49 cm high with wall or floor drain","og_description":"WC with wall or floor drain, especially suitable for people with mobility difficulties. A WC cover can be added to the offer.","og_url":"https:\/\/www.bagnoitalia.com\/de\/produkt\/front-opening-floor-standing-wc-model-pegaso-49-cm-high-with-wall-or-floor-drain.html","og_site_name":"Bagno Italia","article_modified_time":"2024-10-01T12:34:02+00:00","og_image":[{"width":550,"height":550,"url":"https:\/\/img.bagnoitalia.com\/wp-content\/uploads\/virtuemart\/product\/wc-high-49-cm-with-floor-discharge-hole-covered-wc-1.jpg","type":"image\/jpeg"}],"twitter_card":"summary_large_image","twitter_misc":{"Gesch\u00e4tzte Lesezeit":"1\u00a0Minute"},"schema":{"@context":"https:\/\/schema.org","@graph":[{"@type":"WebPage","@id":"https:\/\/www.bagnoitalia.com\/de\/produkt\/front-opening-floor-standing-wc-model-pegaso-49-cm-high-with-wall-or-floor-drain.html","url":"https:\/\/www.bagnoitalia.com\/de\/produkt\/front-opening-floor-standing-wc-model-pegaso-49-cm-high-with-wall-or-floor-drain.html","name":"Front-opening floor-standing WC model Pegaso 49 cm high with wall or floor drain","isPartOf":{"@id":"https:\/\/www.bagnoitalia.com\/de#website"},"primaryImageOfPage":{"@id":"https:\/\/www.bagnoitalia.com\/de\/produkt\/front-opening-floor-standing-wc-model-pegaso-49-cm-high-with-wall-or-floor-drain.html#primaryimage"},"image":{"@id":"https:\/\/www.bagnoitalia.com\/de\/produkt\/front-opening-floor-standing-wc-model-pegaso-49-cm-high-with-wall-or-floor-drain.html#primaryimage"},"thumbnailUrl":"https:\/\/img.bagnoitalia.com\/wp-content\/uploads\/virtuemart\/product\/wc-high-49-cm-with-floor-discharge-hole-covered-wc-1.jpg","datePublished":"2022-11-18T07:31:19+00:00","dateModified":"2024-10-01T12:34:02+00:00","description":"WC with wall or floor drain, especially suitable for people with mobility difficulties. A WC cover can be added to the offer.","breadcrumb":{"@id":"https:\/\/www.bagnoitalia.com\/de\/produkt\/front-opening-floor-standing-wc-model-pegaso-49-cm-high-with-wall-or-floor-drain.html#breadcrumb"},"inLanguage":"de","potentialAction":[{"@type":"ReadAction","target":["https:\/\/www.bagnoitalia.com\/de\/produkt\/front-opening-floor-standing-wc-model-pegaso-49-cm-high-with-wall-or-floor-drain.html"]}]},{"@type":"ImageObject","inLanguage":"de","@id":"https:\/\/www.bagnoitalia.com\/de\/produkt\/front-opening-floor-standing-wc-model-pegaso-49-cm-high-with-wall-or-floor-drain.html#primaryimage","url":"https:\/\/img.bagnoitalia.com\/wp-content\/uploads\/virtuemart\/product\/wc-high-49-cm-with-floor-discharge-hole-covered-wc-1.jpg","contentUrl":"https:\/\/img.bagnoitalia.com\/wp-content\/uploads\/virtuemart\/product\/wc-high-49-cm-with-floor-discharge-hole-covered-wc-1.jpg","width":550,"height":550},{"@type":"BreadcrumbList","@id":"https:\/\/www.bagnoitalia.com\/de\/produkt\/front-opening-floor-standing-wc-model-pegaso-49-cm-high-with-wall-or-floor-drain.html#breadcrumb","itemListElement":[{"@type":"ListItem","position":1,"name":"Home","item":"https:\/\/www.bagnoitalia.com\/de"},{"@type":"ListItem","position":2,"name":"Produkte","item":"https:\/\/www.bagnoitalia.com\/de\/shop"},{"@type":"ListItem","position":3,"name":"Vorderseitig \u00f6ffnendes bodenstehendes WC Modell Pegaso 49 cm hoch mit Wand- oder Bodenablauf"}]},{"@type":"WebSite","@id":"https:\/\/www.bagnoitalia.com\/de#website","url":"https:\/\/www.bagnoitalia.com\/de","name":"Bagno Italia","description":"","publisher":{"@id":"https:\/\/www.bagnoitalia.com\/de#organization"},"potentialAction":[{"@type":"SearchAction","target":{"@type":"EntryPoint","urlTemplate":"https:\/\/www.bagnoitalia.com\/de?s={search_term_string}"},"query-input":{"@type":"PropertyValueSpecification","valueRequired":true,"valueName":"search_term_string"}}],"inLanguage":"de"},{"@type":"Organization","@id":"https:\/\/www.bagnoitalia.com\/de#organization","name":"Bagno Italia","url":"https:\/\/www.bagnoitalia.com\/de","logo":{"@type":"ImageObject","inLanguage":"de","@id":"https:\/\/www.bagnoitalia.com\/de#\/schema\/logo\/image\/","url":"https:\/\/img.bagnoitalia.com\/wp-content\/uploads\/logo-bagnoitalia.webp","contentUrl":"https:\/\/img.bagnoitalia.com\/wp-content\/uploads\/logo-bagnoitalia.webp","width":400,"height":70,"caption":"Bagno Italia"},"image":{"@id":"https:\/\/www.bagnoitalia.com\/de#\/schema\/logo\/image\/"}}]}},"_links":{"self":[{"href":"https:\/\/www.bagnoitalia.com\/de\/wp-json\/wp\/v2\/product\/92533","targetHints":{"allow":["GET"]}}],"collection":[{"href":"https:\/\/www.bagnoitalia.com\/de\/wp-json\/wp\/v2\/product"}],"about":[{"href":"https:\/\/www.bagnoitalia.com\/de\/wp-json\/wp\/v2\/types\/product"}],"replies":[{"embeddable":true,"href":"https:\/\/www.bagnoitalia.com\/de\/wp-json\/wp\/v2\/comments?post=92533"}],"version-history":[{"count":2,"href":"https:\/\/www.bagnoitalia.com\/de\/wp-json\/wp\/v2\/product\/92533\/revisions"}],"predecessor-version":[{"id":92536,"href":"https:\/\/www.bagnoitalia.com\/de\/wp-json\/wp\/v2\/product\/92533\/revisions\/92536"}],"wp:featuredmedia":[{"embeddable":true,"href":"https:\/\/www.bagnoitalia.com\/de\/wp-json\/wp\/v2\/media\/58203"}],"wp:attachment":[{"href":"https:\/\/www.bagnoitalia.com\/de\/wp-json\/wp\/v2\/media?parent=92533"}],"wp:term":[{"taxonomy":"product_brand","embeddable":true,"href":"https:\/\/www.bagnoitalia.com\/de\/wp-json\/wp\/v2\/product_brand?post=92533"},{"taxonomy":"product_cat","embeddable":true,"href":"https:\/\/www.bagnoitalia.com\/de\/wp-json\/wp\/v2\/product_cat?post=92533"},{"taxonomy":"product_tag","embeddable":true,"href":"https:\/\/www.bagnoitalia.com\/de\/wp-json\/wp\/v2\/product_tag?post=92533"}],"curies":[{"name":"wp","href":"https:\/\/api.w.org\/{rel}","templated":true}]}}