{"id":92466,"date":"2020-02-05T09:29:58","date_gmt":"2020-02-05T08:29:58","guid":{"rendered":"https:\/\/www.bagnoitalia.com\/product\/undercounter-washbasin-46x35-5-cm-white-ceramic-lav46"},"modified":"2024-09-30T16:32:07","modified_gmt":"2024-09-30T14:32:07","slug":"undercounter-washbasin-46x35-5-cm-white-ceramic-lav46","status":"publish","type":"product","link":"https:\/\/www.bagnoitalia.com\/de\/produkt\/undercounter-washbasin-46x35-5-cm-white-ceramic-lav46.html","title":{"rendered":"Unterbauwaschtisch 46&#215;35,5 cm aus wei\u00dfer Keramik LAV46"},"content":{"rendered":"<p>LAV46 KERAMIK-WASCHTISCH<\/p>\n<p>&nbsp;<\/p>\n<p>MERKMALE:<\/p>\n<p>Waschbecken f\u00fcr den Einbau unter der Theke<\/p>\n<p>Au\u00dfenma\u00dfe: 46&#215;35,5 cm<\/p>\n<p>Innenma\u00dfe: 41,5&#215;31,5 cm<\/p>\n<p>Material Keramik<\/p>\n<p>Wei\u00dfe Farbe<\/p>\n<p>\u00dcberlaufloch inklusive<\/p>\n<p>&nbsp;<\/p>\n<p>Es ist m\u00f6glich, den Abfluss hinzuzuf\u00fcgen, indem Sie ihn aus dem Seitenmen\u00fc ausw\u00e4hlen<\/p>\n<p>&nbsp;<\/p>\n","protected":false},"excerpt":{"rendered":"<p>Sp\u00fcle f\u00fcr den Untertischeinbau, hergestellt aus hochwertiger wei\u00dfer Keramik. Inklusive \u00dcberlaufloch.<\/p>\n","protected":false},"featured_media":45755,"comment_status":"open","ping_status":"closed","template":"","meta":[],"product_brand":[5011],"product_cat":[9700],"product_tag":[],"class_list":{"0":"post-92466","1":"product","2":"type-product","3":"status-publish","4":"has-post-thumbnail","6":"product_brand-baden-haus","7":"product_cat-aufsatzwaschbecken","9":"first","10":"instock","11":"sale","12":"taxable","13":"shipping-taxable","14":"purchasable","15":"product-type-simple"},"exclude_global_add_ons":false,"addons":[{"name":"Abfluss","type":"multiple_choice","position":0,"required":true,"title_format":"heading","default":"","description_enable":false,"description":"","placeholder_enable":false,"placeholder":"","display":"select","restrictions_type":"any_text","adjust_price":false,"price":"","price_type":"flat_fee","restrictions":false,"min":"0","max":"0","options":[{"label":"Kein Abfluss","price":"","price_type":"quantity_based","image":0,"visibility":true},{"label":"mit Abfluss","price":"15","price_type":"quantity_based","image":0,"visibility":true}],"id":1716482365}],"yoast_head":"<!-- This site is optimized with the Yoast SEO plugin v26.7 - https:\/\/yoast.com\/wordpress\/plugins\/seo\/ -->\n<title>Undercounter washbasin 46x35.5 cm white ceramic LAV46<\/title>\n<meta name=\"description\" content=\"Sink for undercounter installation, made of high quality white ceramic. Overflow hole included.\" \/>\n<meta name=\"robots\" content=\"index, follow, max-snippet:-1, max-image-preview:large, max-video-preview:-1\" \/>\n<link rel=\"canonical\" href=\"https:\/\/www.bagnoitalia.com\/de\/produkt\/undercounter-washbasin-46x35-5-cm-white-ceramic-lav46.html\" \/>\n<meta property=\"og:locale\" content=\"de_DE\" \/>\n<meta property=\"og:type\" content=\"article\" \/>\n<meta property=\"og:title\" content=\"Undercounter washbasin 46x35.5 cm white ceramic LAV46\" \/>\n<meta property=\"og:description\" content=\"Sink for undercounter installation, made of high quality white ceramic. Overflow hole included.\" \/>\n<meta property=\"og:url\" content=\"https:\/\/www.bagnoitalia.com\/de\/produkt\/undercounter-washbasin-46x35-5-cm-white-ceramic-lav46.html\" \/>\n<meta property=\"og:site_name\" content=\"Bagno Italia\" \/>\n<meta property=\"article:modified_time\" content=\"2024-09-30T14:32:07+00:00\" \/>\n<meta property=\"og:image\" content=\"https:\/\/img.bagnoitalia.com\/wp-content\/uploads\/virtuemart\/product\/undercounter-washbasin-white-ceramic_1580895047_717.jpg\" \/>\n\t<meta property=\"og:image:width\" content=\"550\" \/>\n\t<meta property=\"og:image:height\" content=\"550\" \/>\n\t<meta property=\"og:image:type\" content=\"image\/jpeg\" \/>\n<meta name=\"twitter:card\" content=\"summary_large_image\" \/>\n<meta name=\"twitter:label1\" content=\"Gesch\u00e4tzte Lesezeit\" \/>\n\t<meta name=\"twitter:data1\" content=\"1\u00a0Minute\" \/>\n<script type=\"application\/ld+json\" class=\"yoast-schema-graph\">{\"@context\":\"https:\/\/schema.org\",\"@graph\":[{\"@type\":\"WebPage\",\"@id\":\"https:\/\/www.bagnoitalia.com\/de\/produkt\/undercounter-washbasin-46x35-5-cm-white-ceramic-lav46.html\",\"url\":\"https:\/\/www.bagnoitalia.com\/de\/produkt\/undercounter-washbasin-46x35-5-cm-white-ceramic-lav46.html\",\"name\":\"Undercounter washbasin 46x35.5 cm white ceramic LAV46\",\"isPartOf\":{\"@id\":\"https:\/\/www.bagnoitalia.com\/de#website\"},\"primaryImageOfPage\":{\"@id\":\"https:\/\/www.bagnoitalia.com\/de\/produkt\/undercounter-washbasin-46x35-5-cm-white-ceramic-lav46.html#primaryimage\"},\"image\":{\"@id\":\"https:\/\/www.bagnoitalia.com\/de\/produkt\/undercounter-washbasin-46x35-5-cm-white-ceramic-lav46.html#primaryimage\"},\"thumbnailUrl\":\"https:\/\/img.bagnoitalia.com\/wp-content\/uploads\/virtuemart\/product\/undercounter-washbasin-white-ceramic_1580895047_717.jpg\",\"datePublished\":\"2020-02-05T08:29:58+00:00\",\"dateModified\":\"2024-09-30T14:32:07+00:00\",\"description\":\"Sink for undercounter installation, made of high quality white ceramic. Overflow hole included.\",\"breadcrumb\":{\"@id\":\"https:\/\/www.bagnoitalia.com\/de\/produkt\/undercounter-washbasin-46x35-5-cm-white-ceramic-lav46.html#breadcrumb\"},\"inLanguage\":\"de\",\"potentialAction\":[{\"@type\":\"ReadAction\",\"target\":[\"https:\/\/www.bagnoitalia.com\/de\/produkt\/undercounter-washbasin-46x35-5-cm-white-ceramic-lav46.html\"]}]},{\"@type\":\"ImageObject\",\"inLanguage\":\"de\",\"@id\":\"https:\/\/www.bagnoitalia.com\/de\/produkt\/undercounter-washbasin-46x35-5-cm-white-ceramic-lav46.html#primaryimage\",\"url\":\"https:\/\/img.bagnoitalia.com\/wp-content\/uploads\/virtuemart\/product\/undercounter-washbasin-white-ceramic_1580895047_717.jpg\",\"contentUrl\":\"https:\/\/img.bagnoitalia.com\/wp-content\/uploads\/virtuemart\/product\/undercounter-washbasin-white-ceramic_1580895047_717.jpg\",\"width\":550,\"height\":550},{\"@type\":\"BreadcrumbList\",\"@id\":\"https:\/\/www.bagnoitalia.com\/de\/produkt\/undercounter-washbasin-46x35-5-cm-white-ceramic-lav46.html#breadcrumb\",\"itemListElement\":[{\"@type\":\"ListItem\",\"position\":1,\"name\":\"Home\",\"item\":\"https:\/\/www.bagnoitalia.com\/de\"},{\"@type\":\"ListItem\",\"position\":2,\"name\":\"Produkte\",\"item\":\"https:\/\/www.bagnoitalia.com\/de\/shop\"},{\"@type\":\"ListItem\",\"position\":3,\"name\":\"Unterbauwaschtisch 46&#215;35,5 cm aus wei\u00dfer Keramik LAV46\"}]},{\"@type\":\"WebSite\",\"@id\":\"https:\/\/www.bagnoitalia.com\/de#website\",\"url\":\"https:\/\/www.bagnoitalia.com\/de\",\"name\":\"Bagno Italia\",\"description\":\"\",\"publisher\":{\"@id\":\"https:\/\/www.bagnoitalia.com\/de#organization\"},\"potentialAction\":[{\"@type\":\"SearchAction\",\"target\":{\"@type\":\"EntryPoint\",\"urlTemplate\":\"https:\/\/www.bagnoitalia.com\/de?s={search_term_string}\"},\"query-input\":{\"@type\":\"PropertyValueSpecification\",\"valueRequired\":true,\"valueName\":\"search_term_string\"}}],\"inLanguage\":\"de\"},{\"@type\":\"Organization\",\"@id\":\"https:\/\/www.bagnoitalia.com\/de#organization\",\"name\":\"Bagno Italia\",\"url\":\"https:\/\/www.bagnoitalia.com\/de\",\"logo\":{\"@type\":\"ImageObject\",\"inLanguage\":\"de\",\"@id\":\"https:\/\/www.bagnoitalia.com\/de#\/schema\/logo\/image\/\",\"url\":\"https:\/\/img.bagnoitalia.com\/wp-content\/uploads\/logo-bagnoitalia.webp\",\"contentUrl\":\"https:\/\/img.bagnoitalia.com\/wp-content\/uploads\/logo-bagnoitalia.webp\",\"width\":400,\"height\":70,\"caption\":\"Bagno Italia\"},\"image\":{\"@id\":\"https:\/\/www.bagnoitalia.com\/de#\/schema\/logo\/image\/\"}}]}<\/script>\n<!-- \/ Yoast SEO plugin. -->","yoast_head_json":{"title":"Undercounter washbasin 46x35.5 cm white ceramic LAV46","description":"Sink for undercounter installation, made of high quality white ceramic. Overflow hole included.","robots":{"index":"index","follow":"follow","max-snippet":"max-snippet:-1","max-image-preview":"max-image-preview:large","max-video-preview":"max-video-preview:-1"},"canonical":"https:\/\/www.bagnoitalia.com\/de\/produkt\/undercounter-washbasin-46x35-5-cm-white-ceramic-lav46.html","og_locale":"de_DE","og_type":"article","og_title":"Undercounter washbasin 46x35.5 cm white ceramic LAV46","og_description":"Sink for undercounter installation, made of high quality white ceramic. Overflow hole included.","og_url":"https:\/\/www.bagnoitalia.com\/de\/produkt\/undercounter-washbasin-46x35-5-cm-white-ceramic-lav46.html","og_site_name":"Bagno Italia","article_modified_time":"2024-09-30T14:32:07+00:00","og_image":[{"width":550,"height":550,"url":"https:\/\/img.bagnoitalia.com\/wp-content\/uploads\/virtuemart\/product\/undercounter-washbasin-white-ceramic_1580895047_717.jpg","type":"image\/jpeg"}],"twitter_card":"summary_large_image","twitter_misc":{"Gesch\u00e4tzte Lesezeit":"1\u00a0Minute"},"schema":{"@context":"https:\/\/schema.org","@graph":[{"@type":"WebPage","@id":"https:\/\/www.bagnoitalia.com\/de\/produkt\/undercounter-washbasin-46x35-5-cm-white-ceramic-lav46.html","url":"https:\/\/www.bagnoitalia.com\/de\/produkt\/undercounter-washbasin-46x35-5-cm-white-ceramic-lav46.html","name":"Undercounter washbasin 46x35.5 cm white ceramic LAV46","isPartOf":{"@id":"https:\/\/www.bagnoitalia.com\/de#website"},"primaryImageOfPage":{"@id":"https:\/\/www.bagnoitalia.com\/de\/produkt\/undercounter-washbasin-46x35-5-cm-white-ceramic-lav46.html#primaryimage"},"image":{"@id":"https:\/\/www.bagnoitalia.com\/de\/produkt\/undercounter-washbasin-46x35-5-cm-white-ceramic-lav46.html#primaryimage"},"thumbnailUrl":"https:\/\/img.bagnoitalia.com\/wp-content\/uploads\/virtuemart\/product\/undercounter-washbasin-white-ceramic_1580895047_717.jpg","datePublished":"2020-02-05T08:29:58+00:00","dateModified":"2024-09-30T14:32:07+00:00","description":"Sink for undercounter installation, made of high quality white ceramic. Overflow hole included.","breadcrumb":{"@id":"https:\/\/www.bagnoitalia.com\/de\/produkt\/undercounter-washbasin-46x35-5-cm-white-ceramic-lav46.html#breadcrumb"},"inLanguage":"de","potentialAction":[{"@type":"ReadAction","target":["https:\/\/www.bagnoitalia.com\/de\/produkt\/undercounter-washbasin-46x35-5-cm-white-ceramic-lav46.html"]}]},{"@type":"ImageObject","inLanguage":"de","@id":"https:\/\/www.bagnoitalia.com\/de\/produkt\/undercounter-washbasin-46x35-5-cm-white-ceramic-lav46.html#primaryimage","url":"https:\/\/img.bagnoitalia.com\/wp-content\/uploads\/virtuemart\/product\/undercounter-washbasin-white-ceramic_1580895047_717.jpg","contentUrl":"https:\/\/img.bagnoitalia.com\/wp-content\/uploads\/virtuemart\/product\/undercounter-washbasin-white-ceramic_1580895047_717.jpg","width":550,"height":550},{"@type":"BreadcrumbList","@id":"https:\/\/www.bagnoitalia.com\/de\/produkt\/undercounter-washbasin-46x35-5-cm-white-ceramic-lav46.html#breadcrumb","itemListElement":[{"@type":"ListItem","position":1,"name":"Home","item":"https:\/\/www.bagnoitalia.com\/de"},{"@type":"ListItem","position":2,"name":"Produkte","item":"https:\/\/www.bagnoitalia.com\/de\/shop"},{"@type":"ListItem","position":3,"name":"Unterbauwaschtisch 46&#215;35,5 cm aus wei\u00dfer Keramik LAV46"}]},{"@type":"WebSite","@id":"https:\/\/www.bagnoitalia.com\/de#website","url":"https:\/\/www.bagnoitalia.com\/de","name":"Bagno Italia","description":"","publisher":{"@id":"https:\/\/www.bagnoitalia.com\/de#organization"},"potentialAction":[{"@type":"SearchAction","target":{"@type":"EntryPoint","urlTemplate":"https:\/\/www.bagnoitalia.com\/de?s={search_term_string}"},"query-input":{"@type":"PropertyValueSpecification","valueRequired":true,"valueName":"search_term_string"}}],"inLanguage":"de"},{"@type":"Organization","@id":"https:\/\/www.bagnoitalia.com\/de#organization","name":"Bagno Italia","url":"https:\/\/www.bagnoitalia.com\/de","logo":{"@type":"ImageObject","inLanguage":"de","@id":"https:\/\/www.bagnoitalia.com\/de#\/schema\/logo\/image\/","url":"https:\/\/img.bagnoitalia.com\/wp-content\/uploads\/logo-bagnoitalia.webp","contentUrl":"https:\/\/img.bagnoitalia.com\/wp-content\/uploads\/logo-bagnoitalia.webp","width":400,"height":70,"caption":"Bagno Italia"},"image":{"@id":"https:\/\/www.bagnoitalia.com\/de#\/schema\/logo\/image\/"}}]}},"_links":{"self":[{"href":"https:\/\/www.bagnoitalia.com\/de\/wp-json\/wp\/v2\/product\/92466","targetHints":{"allow":["GET"]}}],"collection":[{"href":"https:\/\/www.bagnoitalia.com\/de\/wp-json\/wp\/v2\/product"}],"about":[{"href":"https:\/\/www.bagnoitalia.com\/de\/wp-json\/wp\/v2\/types\/product"}],"replies":[{"embeddable":true,"href":"https:\/\/www.bagnoitalia.com\/de\/wp-json\/wp\/v2\/comments?post=92466"}],"version-history":[{"count":3,"href":"https:\/\/www.bagnoitalia.com\/de\/wp-json\/wp\/v2\/product\/92466\/revisions"}],"predecessor-version":[{"id":92472,"href":"https:\/\/www.bagnoitalia.com\/de\/wp-json\/wp\/v2\/product\/92466\/revisions\/92472"}],"wp:featuredmedia":[{"embeddable":true,"href":"https:\/\/www.bagnoitalia.com\/de\/wp-json\/wp\/v2\/media\/45755"}],"wp:attachment":[{"href":"https:\/\/www.bagnoitalia.com\/de\/wp-json\/wp\/v2\/media?parent=92466"}],"wp:term":[{"taxonomy":"product_brand","embeddable":true,"href":"https:\/\/www.bagnoitalia.com\/de\/wp-json\/wp\/v2\/product_brand?post=92466"},{"taxonomy":"product_cat","embeddable":true,"href":"https:\/\/www.bagnoitalia.com\/de\/wp-json\/wp\/v2\/product_cat?post=92466"},{"taxonomy":"product_tag","embeddable":true,"href":"https:\/\/www.bagnoitalia.com\/de\/wp-json\/wp\/v2\/product_tag?post=92466"}],"curies":[{"name":"wp","href":"https:\/\/api.w.org\/{rel}","templated":true}]}}