{"id":92440,"date":"2022-02-24T13:22:39","date_gmt":"2022-02-24T12:22:39","guid":{"rendered":"https:\/\/www.bagnoitalia.com?post_type=product&#038;p=92440"},"modified":"2025-05-30T14:29:43","modified_gmt":"2025-05-30T12:29:43","slug":"aussenfliesen-1-qm-akazienholzdielen-in-3-modellen-erhaeltlich","status":"publish","type":"product","link":"https:\/\/www.bagnoitalia.com\/de\/produkt\/aussenfliesen-1-qm-akazienholzdielen-in-3-modellen-erhaeltlich.html","title":{"rendered":"Au\u00dfenfliesen 1 qm Akazienholzdielen in 3 Modellen erh\u00e4ltlich"},"content":{"rendered":"<p>HOLZFLIESEN F\u00dcR DEN AUSSENBEREICH IN 3 MODELLEN<\/p>\n<p>&nbsp;<\/p>\n<p>Der Preis umfasst Fliesen, die f\u00fcr eine Fl\u00e4che von ca. 1 m\u00b2 geeignet sind:<\/p>\n<p>f\u00fcr das Modell 1 sind 11 Fliesen von 30&#215;30 cm (0,99 m\u00b2) enthalten<br \/>\nf\u00fcr das Modell 2 sind 11 Fliesen von 30&#215;30 cm (0,99 m2 ) inbegriffen<br \/>\nf\u00fcr Modell 3 sind 5 Fliesen von 60&#215;30 cm (0,90 m2 ) enthalten<\/p>\n<p>Gesamth\u00f6he der Ziegel (St\u00e4be + Unterkonstruktion): 2,5 cm<\/p>\n<p>Jede Fliese besteht aus Akazienholzst\u00e4ben (FSC-zertifiziert &#8211; FOREST STEWARDSHIP COUNCIL -, was garantiert, dass sie aus W\u00e4ldern stammen, die nach dem Prinzip des Artenschutzes bewirtschaftet werden), die mit einem wasserabweisenden Schutz\u00f6l behandelt wurden, und einer soliden, unzerbrechlichen Unterkonstruktion aus Kunststoff, die auch einen guten Wasserabfluss erm\u00f6glicht.<\/p>\n<p>Die Verlegung ist dank des Verriegelungssystems sehr schnell und einfach und erfolgt auf ebenen Fl\u00e4chen, die nicht mit feuchtem Boden in Ber\u00fchrung kommen.<\/p>\n<p>Es ist m\u00f6glich, die Fliesen mit einer S\u00e4ge zuzuschneiden.<\/p>\n<p>Es wird empfohlen, die Dielen j\u00e4hrlich zu behandeln, um zu verhindern, dass sie sich aufgrund von Sonneneinstrahlung und Witterungseinfl\u00fcssen verf\u00e4rben. Verwenden Sie ein sch\u00fctzendes, wasserabweisendes Impr\u00e4gnier\u00f6l (z. B. Tung\u00f6l) und tragen Sie es mit einem weichen Tuch oder einer weichen Borstenb\u00fcrste in Faserrichtung auf.<\/p>\n<p>&nbsp;<\/p>\n<p>&nbsp;<\/p>\n<p>&nbsp;<\/p>\n","protected":false},"excerpt":{"rendered":"<p>Holzfliesen f\u00fcr den Au\u00dfenbereich, z. B. f\u00fcr Balkon, Terrasse, Innenhof usw.<br \/>\nSchnelle und einfache Verlegung dank der ineinander greifenden Struktur<\/p>\n","protected":false},"featured_media":48191,"comment_status":"open","ping_status":"closed","template":"","meta":[],"product_brand":[9925],"product_cat":[9784],"product_tag":[],"class_list":{"0":"post-92440","1":"product","2":"type-product","3":"status-publish","4":"has-post-thumbnail","6":"product_brand-predator-arredo-casa-de","7":"product_cat-gartenmobel","9":"first","10":"instock","11":"sale","12":"taxable","13":"shipping-taxable","14":"purchasable","15":"product-type-simple"},"exclude_global_add_ons":false,"addons":[{"name":"Typ","type":"multiple_choice","position":0,"required":false,"title_format":"label","default":"","description_enable":false,"description":"","placeholder_enable":false,"placeholder":"","display":"select","restrictions_type":"any_text","adjust_price":false,"price":"","price_type":"flat_fee","restrictions":false,"min":"0","max":"0","options":[{"label":"Modell 2 (11 St\u00fccke von 30x30cm)","price":"","price_type":"flat_fee","image":0,"visibility":true},{"label":"(Nicht verf\u00fcgbar) Modell 1 (11 St\u00fcck von 30x30cm)","price":"","price_type":"flat_fee","image":0,"visibility":true},{"label":"(Nicht verf\u00fcgbar) Modell 3 (5 St\u00fccke von 60x30cm)","price":"","price_type":"flat_fee","image":0,"visibility":true}],"id":1727710554}],"yoast_head":"<!-- This site is optimized with the Yoast SEO plugin v26.7 - https:\/\/yoast.com\/wordpress\/plugins\/seo\/ -->\n<title>Au\u00dfenfliesen 1 qm Akazienholzdielen in 3 Modellen erh\u00e4ltlich - Bagno Italia<\/title>\n<meta name=\"robots\" content=\"index, follow, max-snippet:-1, max-image-preview:large, max-video-preview:-1\" \/>\n<link rel=\"canonical\" href=\"https:\/\/www.bagnoitalia.com\/de\/produkt\/aussenfliesen-1-qm-akazienholzdielen-in-3-modellen-erhaeltlich.html\" \/>\n<meta property=\"og:locale\" content=\"de_DE\" \/>\n<meta property=\"og:type\" content=\"article\" \/>\n<meta property=\"og:title\" content=\"Au\u00dfenfliesen 1 qm Akazienholzdielen in 3 Modellen erh\u00e4ltlich - Bagno Italia\" \/>\n<meta property=\"og:description\" content=\"Holzfliesen f\u00fcr den Au\u00dfenbereich, z. B. f\u00fcr Balkon, Terrasse, Innenhof usw. Schnelle und einfache Verlegung dank der ineinander greifenden Struktur\" \/>\n<meta property=\"og:url\" content=\"https:\/\/www.bagnoitalia.com\/de\/produkt\/aussenfliesen-1-qm-akazienholzdielen-in-3-modellen-erhaeltlich.html\" \/>\n<meta property=\"og:site_name\" content=\"Bagno Italia\" \/>\n<meta property=\"article:modified_time\" content=\"2025-05-30T12:29:43+00:00\" \/>\n<meta property=\"og:image\" content=\"https:\/\/img.bagnoitalia.com\/wp-content\/uploads\/virtuemart\/product\/tile-brick-wood-acacia-exterior-balconies-flooring.jpg\" \/>\n\t<meta property=\"og:image:width\" content=\"550\" \/>\n\t<meta property=\"og:image:height\" content=\"550\" \/>\n\t<meta property=\"og:image:type\" content=\"image\/jpeg\" \/>\n<meta name=\"twitter:card\" content=\"summary_large_image\" \/>\n<meta name=\"twitter:label1\" content=\"Gesch\u00e4tzte Lesezeit\" \/>\n\t<meta name=\"twitter:data1\" content=\"2\u00a0Minuten\" \/>\n<script type=\"application\/ld+json\" class=\"yoast-schema-graph\">{\"@context\":\"https:\/\/schema.org\",\"@graph\":[{\"@type\":\"WebPage\",\"@id\":\"https:\/\/www.bagnoitalia.com\/de\/produkt\/aussenfliesen-1-qm-akazienholzdielen-in-3-modellen-erhaeltlich.html\",\"url\":\"https:\/\/www.bagnoitalia.com\/de\/produkt\/aussenfliesen-1-qm-akazienholzdielen-in-3-modellen-erhaeltlich.html\",\"name\":\"Au\u00dfenfliesen 1 qm Akazienholzdielen in 3 Modellen erh\u00e4ltlich - Bagno Italia\",\"isPartOf\":{\"@id\":\"https:\/\/www.bagnoitalia.com\/de#website\"},\"primaryImageOfPage\":{\"@id\":\"https:\/\/www.bagnoitalia.com\/de\/produkt\/aussenfliesen-1-qm-akazienholzdielen-in-3-modellen-erhaeltlich.html#primaryimage\"},\"image\":{\"@id\":\"https:\/\/www.bagnoitalia.com\/de\/produkt\/aussenfliesen-1-qm-akazienholzdielen-in-3-modellen-erhaeltlich.html#primaryimage\"},\"thumbnailUrl\":\"https:\/\/img.bagnoitalia.com\/wp-content\/uploads\/virtuemart\/product\/tile-brick-wood-acacia-exterior-balconies-flooring.jpg\",\"datePublished\":\"2022-02-24T12:22:39+00:00\",\"dateModified\":\"2025-05-30T12:29:43+00:00\",\"breadcrumb\":{\"@id\":\"https:\/\/www.bagnoitalia.com\/de\/produkt\/aussenfliesen-1-qm-akazienholzdielen-in-3-modellen-erhaeltlich.html#breadcrumb\"},\"inLanguage\":\"de\",\"potentialAction\":[{\"@type\":\"ReadAction\",\"target\":[\"https:\/\/www.bagnoitalia.com\/de\/produkt\/aussenfliesen-1-qm-akazienholzdielen-in-3-modellen-erhaeltlich.html\"]}]},{\"@type\":\"ImageObject\",\"inLanguage\":\"de\",\"@id\":\"https:\/\/www.bagnoitalia.com\/de\/produkt\/aussenfliesen-1-qm-akazienholzdielen-in-3-modellen-erhaeltlich.html#primaryimage\",\"url\":\"https:\/\/img.bagnoitalia.com\/wp-content\/uploads\/virtuemart\/product\/tile-brick-wood-acacia-exterior-balconies-flooring.jpg\",\"contentUrl\":\"https:\/\/img.bagnoitalia.com\/wp-content\/uploads\/virtuemart\/product\/tile-brick-wood-acacia-exterior-balconies-flooring.jpg\",\"width\":550,\"height\":550},{\"@type\":\"BreadcrumbList\",\"@id\":\"https:\/\/www.bagnoitalia.com\/de\/produkt\/aussenfliesen-1-qm-akazienholzdielen-in-3-modellen-erhaeltlich.html#breadcrumb\",\"itemListElement\":[{\"@type\":\"ListItem\",\"position\":1,\"name\":\"Home\",\"item\":\"https:\/\/www.bagnoitalia.com\/de\"},{\"@type\":\"ListItem\",\"position\":2,\"name\":\"Produkte\",\"item\":\"https:\/\/www.bagnoitalia.com\/de\/shop\"},{\"@type\":\"ListItem\",\"position\":3,\"name\":\"Au\u00dfenfliesen 1 qm Akazienholzdielen in 3 Modellen erh\u00e4ltlich\"}]},{\"@type\":\"WebSite\",\"@id\":\"https:\/\/www.bagnoitalia.com\/de#website\",\"url\":\"https:\/\/www.bagnoitalia.com\/de\",\"name\":\"Bagno Italia\",\"description\":\"\",\"publisher\":{\"@id\":\"https:\/\/www.bagnoitalia.com\/de#organization\"},\"potentialAction\":[{\"@type\":\"SearchAction\",\"target\":{\"@type\":\"EntryPoint\",\"urlTemplate\":\"https:\/\/www.bagnoitalia.com\/de?s={search_term_string}\"},\"query-input\":{\"@type\":\"PropertyValueSpecification\",\"valueRequired\":true,\"valueName\":\"search_term_string\"}}],\"inLanguage\":\"de\"},{\"@type\":\"Organization\",\"@id\":\"https:\/\/www.bagnoitalia.com\/de#organization\",\"name\":\"Bagno Italia\",\"url\":\"https:\/\/www.bagnoitalia.com\/de\",\"logo\":{\"@type\":\"ImageObject\",\"inLanguage\":\"de\",\"@id\":\"https:\/\/www.bagnoitalia.com\/de#\/schema\/logo\/image\/\",\"url\":\"https:\/\/img.bagnoitalia.com\/wp-content\/uploads\/logo-bagnoitalia.webp\",\"contentUrl\":\"https:\/\/img.bagnoitalia.com\/wp-content\/uploads\/logo-bagnoitalia.webp\",\"width\":400,\"height\":70,\"caption\":\"Bagno Italia\"},\"image\":{\"@id\":\"https:\/\/www.bagnoitalia.com\/de#\/schema\/logo\/image\/\"}}]}<\/script>\n<!-- \/ Yoast SEO plugin. -->","yoast_head_json":{"title":"Au\u00dfenfliesen 1 qm Akazienholzdielen in 3 Modellen erh\u00e4ltlich - Bagno Italia","robots":{"index":"index","follow":"follow","max-snippet":"max-snippet:-1","max-image-preview":"max-image-preview:large","max-video-preview":"max-video-preview:-1"},"canonical":"https:\/\/www.bagnoitalia.com\/de\/produkt\/aussenfliesen-1-qm-akazienholzdielen-in-3-modellen-erhaeltlich.html","og_locale":"de_DE","og_type":"article","og_title":"Au\u00dfenfliesen 1 qm Akazienholzdielen in 3 Modellen erh\u00e4ltlich - Bagno Italia","og_description":"Holzfliesen f\u00fcr den Au\u00dfenbereich, z. B. f\u00fcr Balkon, Terrasse, Innenhof usw. Schnelle und einfache Verlegung dank der ineinander greifenden Struktur","og_url":"https:\/\/www.bagnoitalia.com\/de\/produkt\/aussenfliesen-1-qm-akazienholzdielen-in-3-modellen-erhaeltlich.html","og_site_name":"Bagno Italia","article_modified_time":"2025-05-30T12:29:43+00:00","og_image":[{"width":550,"height":550,"url":"https:\/\/img.bagnoitalia.com\/wp-content\/uploads\/virtuemart\/product\/tile-brick-wood-acacia-exterior-balconies-flooring.jpg","type":"image\/jpeg"}],"twitter_card":"summary_large_image","twitter_misc":{"Gesch\u00e4tzte Lesezeit":"2\u00a0Minuten"},"schema":{"@context":"https:\/\/schema.org","@graph":[{"@type":"WebPage","@id":"https:\/\/www.bagnoitalia.com\/de\/produkt\/aussenfliesen-1-qm-akazienholzdielen-in-3-modellen-erhaeltlich.html","url":"https:\/\/www.bagnoitalia.com\/de\/produkt\/aussenfliesen-1-qm-akazienholzdielen-in-3-modellen-erhaeltlich.html","name":"Au\u00dfenfliesen 1 qm Akazienholzdielen in 3 Modellen erh\u00e4ltlich - Bagno Italia","isPartOf":{"@id":"https:\/\/www.bagnoitalia.com\/de#website"},"primaryImageOfPage":{"@id":"https:\/\/www.bagnoitalia.com\/de\/produkt\/aussenfliesen-1-qm-akazienholzdielen-in-3-modellen-erhaeltlich.html#primaryimage"},"image":{"@id":"https:\/\/www.bagnoitalia.com\/de\/produkt\/aussenfliesen-1-qm-akazienholzdielen-in-3-modellen-erhaeltlich.html#primaryimage"},"thumbnailUrl":"https:\/\/img.bagnoitalia.com\/wp-content\/uploads\/virtuemart\/product\/tile-brick-wood-acacia-exterior-balconies-flooring.jpg","datePublished":"2022-02-24T12:22:39+00:00","dateModified":"2025-05-30T12:29:43+00:00","breadcrumb":{"@id":"https:\/\/www.bagnoitalia.com\/de\/produkt\/aussenfliesen-1-qm-akazienholzdielen-in-3-modellen-erhaeltlich.html#breadcrumb"},"inLanguage":"de","potentialAction":[{"@type":"ReadAction","target":["https:\/\/www.bagnoitalia.com\/de\/produkt\/aussenfliesen-1-qm-akazienholzdielen-in-3-modellen-erhaeltlich.html"]}]},{"@type":"ImageObject","inLanguage":"de","@id":"https:\/\/www.bagnoitalia.com\/de\/produkt\/aussenfliesen-1-qm-akazienholzdielen-in-3-modellen-erhaeltlich.html#primaryimage","url":"https:\/\/img.bagnoitalia.com\/wp-content\/uploads\/virtuemart\/product\/tile-brick-wood-acacia-exterior-balconies-flooring.jpg","contentUrl":"https:\/\/img.bagnoitalia.com\/wp-content\/uploads\/virtuemart\/product\/tile-brick-wood-acacia-exterior-balconies-flooring.jpg","width":550,"height":550},{"@type":"BreadcrumbList","@id":"https:\/\/www.bagnoitalia.com\/de\/produkt\/aussenfliesen-1-qm-akazienholzdielen-in-3-modellen-erhaeltlich.html#breadcrumb","itemListElement":[{"@type":"ListItem","position":1,"name":"Home","item":"https:\/\/www.bagnoitalia.com\/de"},{"@type":"ListItem","position":2,"name":"Produkte","item":"https:\/\/www.bagnoitalia.com\/de\/shop"},{"@type":"ListItem","position":3,"name":"Au\u00dfenfliesen 1 qm Akazienholzdielen in 3 Modellen erh\u00e4ltlich"}]},{"@type":"WebSite","@id":"https:\/\/www.bagnoitalia.com\/de#website","url":"https:\/\/www.bagnoitalia.com\/de","name":"Bagno Italia","description":"","publisher":{"@id":"https:\/\/www.bagnoitalia.com\/de#organization"},"potentialAction":[{"@type":"SearchAction","target":{"@type":"EntryPoint","urlTemplate":"https:\/\/www.bagnoitalia.com\/de?s={search_term_string}"},"query-input":{"@type":"PropertyValueSpecification","valueRequired":true,"valueName":"search_term_string"}}],"inLanguage":"de"},{"@type":"Organization","@id":"https:\/\/www.bagnoitalia.com\/de#organization","name":"Bagno Italia","url":"https:\/\/www.bagnoitalia.com\/de","logo":{"@type":"ImageObject","inLanguage":"de","@id":"https:\/\/www.bagnoitalia.com\/de#\/schema\/logo\/image\/","url":"https:\/\/img.bagnoitalia.com\/wp-content\/uploads\/logo-bagnoitalia.webp","contentUrl":"https:\/\/img.bagnoitalia.com\/wp-content\/uploads\/logo-bagnoitalia.webp","width":400,"height":70,"caption":"Bagno Italia"},"image":{"@id":"https:\/\/www.bagnoitalia.com\/de#\/schema\/logo\/image\/"}}]}},"_links":{"self":[{"href":"https:\/\/www.bagnoitalia.com\/de\/wp-json\/wp\/v2\/product\/92440","targetHints":{"allow":["GET"]}}],"collection":[{"href":"https:\/\/www.bagnoitalia.com\/de\/wp-json\/wp\/v2\/product"}],"about":[{"href":"https:\/\/www.bagnoitalia.com\/de\/wp-json\/wp\/v2\/types\/product"}],"replies":[{"embeddable":true,"href":"https:\/\/www.bagnoitalia.com\/de\/wp-json\/wp\/v2\/comments?post=92440"}],"version-history":[{"count":1,"href":"https:\/\/www.bagnoitalia.com\/de\/wp-json\/wp\/v2\/product\/92440\/revisions"}],"predecessor-version":[{"id":92441,"href":"https:\/\/www.bagnoitalia.com\/de\/wp-json\/wp\/v2\/product\/92440\/revisions\/92441"}],"wp:featuredmedia":[{"embeddable":true,"href":"https:\/\/www.bagnoitalia.com\/de\/wp-json\/wp\/v2\/media\/48191"}],"wp:attachment":[{"href":"https:\/\/www.bagnoitalia.com\/de\/wp-json\/wp\/v2\/media?parent=92440"}],"wp:term":[{"taxonomy":"product_brand","embeddable":true,"href":"https:\/\/www.bagnoitalia.com\/de\/wp-json\/wp\/v2\/product_brand?post=92440"},{"taxonomy":"product_cat","embeddable":true,"href":"https:\/\/www.bagnoitalia.com\/de\/wp-json\/wp\/v2\/product_cat?post=92440"},{"taxonomy":"product_tag","embeddable":true,"href":"https:\/\/www.bagnoitalia.com\/de\/wp-json\/wp\/v2\/product_tag?post=92440"}],"curies":[{"name":"wp","href":"https:\/\/api.w.org\/{rel}","templated":true}]}}