{"id":84302,"date":"2024-04-18T13:34:05","date_gmt":"2024-04-18T11:34:05","guid":{"rendered":"https:\/\/www.bagnoitalia.com\/product\/finnish-sauna-130x120-cm-in-black-or-natural-wood-with-harvia-stove-sn084-2"},"modified":"2026-04-07T12:04:38","modified_gmt":"2026-04-07T10:04:38","slug":"finnish-sauna-130x120-cm-in-black-or-natural-wood-with-harvia-stove-sn084-2","status":"publish","type":"product","link":"https:\/\/www.bagnoitalia.com\/de\/produkt\/finnish-sauna-130x120-cm-in-black-or-natural-wood-with-harvia-stove-sn084-2.html","title":{"rendered":"Finnische Sauna 130&#215;120 cm in Schwarz oder Naturholz mit Harvia-Ofen SN084"},"content":{"rendered":"<p>FINNISH SAUNA in 2 Farben SN084<\/p>\n<p>&nbsp;<\/p>\n<p>&nbsp;<\/p>\n<p>&nbsp;<\/p>\n<p>PRODUKTMERKMALE<\/p>\n<p>&nbsp;<\/p>\n<p>&nbsp;<\/p>\n<p>Rechteckige finnische Sauna, geeignet f\u00fcr zwei Personen<\/p>\n<p>Au\u00dfenma\u00dfe: 130 x T120 x H200 cm<\/p>\n<p>Innenma\u00dfe: 123 x T111,7 x H188 cm<\/p>\n<p>Rahmen aus kanadischem Fichtenholz, zwei Oberfl\u00e4chen zur Auswahl: naturfarben oder schwarz (FARBE AUSW\u00c4HLEN DURCH DAS VORHANDMEN\u00dc OBEN)<\/p>\n<p>Harvia-Ofen mit Steinen, Eimer und Sch\u00f6pfkelle<\/p>\n<p>6 mm starkes Glas<\/p>\n<p>2 B\u00e4nke 119&#215;45 cm<\/p>\n<p>R\u00fcckenlehnen<\/p>\n<p>Sauna-Aggregat mit Vulkangestein<\/p>\n<p>2 Lampen f\u00fcr Innenbeleuchtung<\/p>\n<p>Thermometer<\/p>\n<p>Sanduhr<\/p>\n<p>Leistung: 3,5 kW<\/p>\n<p>Versorgungsspannung: 220 V oder 380 V<\/p>\n<div class=\"lRu31\" dir=\"ltr\">\n<p><span class=\"HwtZe\" lang=\"de\"><span class=\"jCAhz ChMk0b\"><span class=\"ryNqvb\">Die Sauna wird in 6 Paketen versendet:<\/span><\/span><\/span><\/p>\n<div class=\"NQSJo\">\n<ul>\n<li>208x138x18cm, 79kg<\/li>\n<li>208x124x18cm, 53kg<\/li>\n<li>129x119x28cm, 51kg<\/li>\n<li>40x32x27 cm, 6kg<\/li>\n<li>30x47x30cm, 8kg<\/li>\n<li>38x28x18cm, 20kg<\/li>\n<\/ul>\n<\/div>\n<\/div>\n<div class=\"UdTY9 WdefRb\" aria-hidden=\"true\" data-location=\"2\"><\/div>\n<p>&nbsp;<\/p>\n<p>&nbsp;<\/p>\n<p>&nbsp;<\/p>\n<p>&nbsp;<\/p>\n<p>&nbsp;<\/p>\n<p>&nbsp;<\/p>\n<p>&nbsp;<\/p>\n<p>&nbsp;<\/p>\n<p>&nbsp;<\/p>\n<p>&nbsp;<\/p>\n<p>J60130<br \/>\nJ61130<\/p>\n<p>&nbsp;<\/p>\n<p>&nbsp;<\/p>\n","protected":false},"excerpt":{"rendered":"<p>Moderne Sauna mit Au\u00dfenstruktur, erh\u00e4ltlich in zwei Farben, natur oder schwarz, geeignet f\u00fcr 2 Personen. Komplett mit Ofen mit Zubeh\u00f6r (wie Eimer, Kelle und Steine), Thermometer, Sanduhr, Innenbeleuchtung und 2 B\u00e4nken.<\/p>\n","protected":false},"featured_media":109871,"comment_status":"open","ping_status":"closed","template":"","meta":[],"product_brand":[9943],"product_cat":[9732],"product_tag":[],"class_list":{"0":"post-84302","1":"product","2":"type-product","3":"status-publish","4":"has-post-thumbnail","6":"product_brand-sanotechnik-italia-de","7":"product_cat-finnische-sauna","9":"first","10":"instock","11":"sale","12":"taxable","13":"shipping-taxable","14":"purchasable","15":"product-type-simple"},"exclude_global_add_ons":false,"addons":[{"name":"Farbe","type":"multiple_choice","position":0,"required":true,"title_format":"heading","default":"","description_enable":false,"description":"","placeholder_enable":false,"placeholder":"","display":"select","restrictions_type":"any_text","adjust_price":false,"price":"","price_type":"flat_fee","restrictions":false,"min":"0","max":"0","options":[{"label":"nat\u00fcrlich","price":"","price_type":"quantity_based","image":0,"visibility":true},{"label":"(Verf\u00fcgbar ab Mitte Mai) Schwarz","price":"","price_type":"quantity_based","image":0,"visibility":true}],"id":1717581953}],"yoast_head":"<!-- This site is optimized with the Yoast SEO plugin v26.7 - https:\/\/yoast.com\/wordpress\/plugins\/seo\/ -->\n<title>Finnische Sauna 130x120 cm in Schwarz oder Naturholz mit Harvia-Ofen SN084<\/title>\n<meta name=\"description\" content=\"Moderne Sauna mit Au\u00dfenstruktur, erh\u00e4ltlich in zwei Farben, natur oder schwarz, geeignet f\u00fcr 2 Personen. Komplett mit Ofen mit Zubeh\u00f6r (wie Eimer, Kelle und Steine), Thermometer, Sanduhr, Innenbeleuchtung und 2 B\u00e4nken.\" \/>\n<meta name=\"robots\" content=\"index, follow, max-snippet:-1, max-image-preview:large, max-video-preview:-1\" \/>\n<link rel=\"canonical\" href=\"https:\/\/www.bagnoitalia.com\/de\/produkt\/finnish-sauna-130x120-cm-in-black-or-natural-wood-with-harvia-stove-sn084-2.html\" \/>\n<meta property=\"og:locale\" content=\"de_DE\" \/>\n<meta property=\"og:type\" content=\"article\" \/>\n<meta property=\"og:title\" content=\"Finnische Sauna 130x120 cm in Schwarz oder Naturholz mit Harvia-Ofen SN084\" \/>\n<meta property=\"og:description\" content=\"Moderne Sauna mit Au\u00dfenstruktur, erh\u00e4ltlich in zwei Farben, natur oder schwarz, geeignet f\u00fcr 2 Personen. Komplett mit Ofen mit Zubeh\u00f6r (wie Eimer, Kelle und Steine), Thermometer, Sanduhr, Innenbeleuchtung und 2 B\u00e4nken.\" \/>\n<meta property=\"og:url\" content=\"https:\/\/www.bagnoitalia.com\/de\/produkt\/finnish-sauna-130x120-cm-in-black-or-natural-wood-with-harvia-stove-sn084-2.html\" \/>\n<meta property=\"og:site_name\" content=\"Bagno Italia\" \/>\n<meta property=\"article:modified_time\" content=\"2026-04-07T10:04:38+00:00\" \/>\n<meta property=\"og:image\" content=\"https:\/\/img.bagnoitalia.com\/wp-content\/uploads\/sauna-finlandese-130x120-cm-naturale-nera-con-stufa-sn084.jpg\" \/>\n\t<meta property=\"og:image:width\" content=\"1000\" \/>\n\t<meta property=\"og:image:height\" content=\"1000\" \/>\n\t<meta property=\"og:image:type\" content=\"image\/jpeg\" \/>\n<meta name=\"twitter:card\" content=\"summary_large_image\" \/>\n<meta name=\"twitter:label1\" content=\"Gesch\u00e4tzte Lesezeit\" \/>\n\t<meta name=\"twitter:data1\" content=\"1\u00a0Minute\" \/>\n<script type=\"application\/ld+json\" class=\"yoast-schema-graph\">{\"@context\":\"https:\/\/schema.org\",\"@graph\":[{\"@type\":\"WebPage\",\"@id\":\"https:\/\/www.bagnoitalia.com\/de\/produkt\/finnish-sauna-130x120-cm-in-black-or-natural-wood-with-harvia-stove-sn084-2.html\",\"url\":\"https:\/\/www.bagnoitalia.com\/de\/produkt\/finnish-sauna-130x120-cm-in-black-or-natural-wood-with-harvia-stove-sn084-2.html\",\"name\":\"Finnische Sauna 130x120 cm in Schwarz oder Naturholz mit Harvia-Ofen SN084\",\"isPartOf\":{\"@id\":\"https:\/\/www.bagnoitalia.com\/de#website\"},\"primaryImageOfPage\":{\"@id\":\"https:\/\/www.bagnoitalia.com\/de\/produkt\/finnish-sauna-130x120-cm-in-black-or-natural-wood-with-harvia-stove-sn084-2.html#primaryimage\"},\"image\":{\"@id\":\"https:\/\/www.bagnoitalia.com\/de\/produkt\/finnish-sauna-130x120-cm-in-black-or-natural-wood-with-harvia-stove-sn084-2.html#primaryimage\"},\"thumbnailUrl\":\"https:\/\/img.bagnoitalia.com\/wp-content\/uploads\/sauna-finlandese-130x120-cm-naturale-nera-con-stufa-sn084.jpg\",\"datePublished\":\"2024-04-18T11:34:05+00:00\",\"dateModified\":\"2026-04-07T10:04:38+00:00\",\"description\":\"Moderne Sauna mit Au\u00dfenstruktur, erh\u00e4ltlich in zwei Farben, natur oder schwarz, geeignet f\u00fcr 2 Personen. Komplett mit Ofen mit Zubeh\u00f6r (wie Eimer, Kelle und Steine), Thermometer, Sanduhr, Innenbeleuchtung und 2 B\u00e4nken.\",\"breadcrumb\":{\"@id\":\"https:\/\/www.bagnoitalia.com\/de\/produkt\/finnish-sauna-130x120-cm-in-black-or-natural-wood-with-harvia-stove-sn084-2.html#breadcrumb\"},\"inLanguage\":\"de\",\"potentialAction\":[{\"@type\":\"ReadAction\",\"target\":[\"https:\/\/www.bagnoitalia.com\/de\/produkt\/finnish-sauna-130x120-cm-in-black-or-natural-wood-with-harvia-stove-sn084-2.html\"]}]},{\"@type\":\"ImageObject\",\"inLanguage\":\"de\",\"@id\":\"https:\/\/www.bagnoitalia.com\/de\/produkt\/finnish-sauna-130x120-cm-in-black-or-natural-wood-with-harvia-stove-sn084-2.html#primaryimage\",\"url\":\"https:\/\/img.bagnoitalia.com\/wp-content\/uploads\/sauna-finlandese-130x120-cm-naturale-nera-con-stufa-sn084.jpg\",\"contentUrl\":\"https:\/\/img.bagnoitalia.com\/wp-content\/uploads\/sauna-finlandese-130x120-cm-naturale-nera-con-stufa-sn084.jpg\",\"width\":1000,\"height\":1000},{\"@type\":\"BreadcrumbList\",\"@id\":\"https:\/\/www.bagnoitalia.com\/de\/produkt\/finnish-sauna-130x120-cm-in-black-or-natural-wood-with-harvia-stove-sn084-2.html#breadcrumb\",\"itemListElement\":[{\"@type\":\"ListItem\",\"position\":1,\"name\":\"Home\",\"item\":\"https:\/\/www.bagnoitalia.com\/de\"},{\"@type\":\"ListItem\",\"position\":2,\"name\":\"Produkte\",\"item\":\"https:\/\/www.bagnoitalia.com\/de\/shop\"},{\"@type\":\"ListItem\",\"position\":3,\"name\":\"Finnische Sauna 130&#215;120 cm in Schwarz oder Naturholz mit Harvia-Ofen SN084\"}]},{\"@type\":\"WebSite\",\"@id\":\"https:\/\/www.bagnoitalia.com\/de#website\",\"url\":\"https:\/\/www.bagnoitalia.com\/de\",\"name\":\"Bagno Italia\",\"description\":\"\",\"publisher\":{\"@id\":\"https:\/\/www.bagnoitalia.com\/de#organization\"},\"potentialAction\":[{\"@type\":\"SearchAction\",\"target\":{\"@type\":\"EntryPoint\",\"urlTemplate\":\"https:\/\/www.bagnoitalia.com\/de?s={search_term_string}\"},\"query-input\":{\"@type\":\"PropertyValueSpecification\",\"valueRequired\":true,\"valueName\":\"search_term_string\"}}],\"inLanguage\":\"de\"},{\"@type\":\"Organization\",\"@id\":\"https:\/\/www.bagnoitalia.com\/de#organization\",\"name\":\"Bagno Italia\",\"url\":\"https:\/\/www.bagnoitalia.com\/de\",\"logo\":{\"@type\":\"ImageObject\",\"inLanguage\":\"de\",\"@id\":\"https:\/\/www.bagnoitalia.com\/de#\/schema\/logo\/image\/\",\"url\":\"https:\/\/img.bagnoitalia.com\/wp-content\/uploads\/logo-bagnoitalia.webp\",\"contentUrl\":\"https:\/\/img.bagnoitalia.com\/wp-content\/uploads\/logo-bagnoitalia.webp\",\"width\":400,\"height\":70,\"caption\":\"Bagno Italia\"},\"image\":{\"@id\":\"https:\/\/www.bagnoitalia.com\/de#\/schema\/logo\/image\/\"}}]}<\/script>\n<!-- \/ Yoast SEO plugin. -->","yoast_head_json":{"title":"Finnische Sauna 130x120 cm in Schwarz oder Naturholz mit Harvia-Ofen SN084","description":"Moderne Sauna mit Au\u00dfenstruktur, erh\u00e4ltlich in zwei Farben, natur oder schwarz, geeignet f\u00fcr 2 Personen. Komplett mit Ofen mit Zubeh\u00f6r (wie Eimer, Kelle und Steine), Thermometer, Sanduhr, Innenbeleuchtung und 2 B\u00e4nken.","robots":{"index":"index","follow":"follow","max-snippet":"max-snippet:-1","max-image-preview":"max-image-preview:large","max-video-preview":"max-video-preview:-1"},"canonical":"https:\/\/www.bagnoitalia.com\/de\/produkt\/finnish-sauna-130x120-cm-in-black-or-natural-wood-with-harvia-stove-sn084-2.html","og_locale":"de_DE","og_type":"article","og_title":"Finnische Sauna 130x120 cm in Schwarz oder Naturholz mit Harvia-Ofen SN084","og_description":"Moderne Sauna mit Au\u00dfenstruktur, erh\u00e4ltlich in zwei Farben, natur oder schwarz, geeignet f\u00fcr 2 Personen. Komplett mit Ofen mit Zubeh\u00f6r (wie Eimer, Kelle und Steine), Thermometer, Sanduhr, Innenbeleuchtung und 2 B\u00e4nken.","og_url":"https:\/\/www.bagnoitalia.com\/de\/produkt\/finnish-sauna-130x120-cm-in-black-or-natural-wood-with-harvia-stove-sn084-2.html","og_site_name":"Bagno Italia","article_modified_time":"2026-04-07T10:04:38+00:00","og_image":[{"width":1000,"height":1000,"url":"https:\/\/img.bagnoitalia.com\/wp-content\/uploads\/sauna-finlandese-130x120-cm-naturale-nera-con-stufa-sn084.jpg","type":"image\/jpeg"}],"twitter_card":"summary_large_image","twitter_misc":{"Gesch\u00e4tzte Lesezeit":"1\u00a0Minute"},"schema":{"@context":"https:\/\/schema.org","@graph":[{"@type":"WebPage","@id":"https:\/\/www.bagnoitalia.com\/de\/produkt\/finnish-sauna-130x120-cm-in-black-or-natural-wood-with-harvia-stove-sn084-2.html","url":"https:\/\/www.bagnoitalia.com\/de\/produkt\/finnish-sauna-130x120-cm-in-black-or-natural-wood-with-harvia-stove-sn084-2.html","name":"Finnische Sauna 130x120 cm in Schwarz oder Naturholz mit Harvia-Ofen SN084","isPartOf":{"@id":"https:\/\/www.bagnoitalia.com\/de#website"},"primaryImageOfPage":{"@id":"https:\/\/www.bagnoitalia.com\/de\/produkt\/finnish-sauna-130x120-cm-in-black-or-natural-wood-with-harvia-stove-sn084-2.html#primaryimage"},"image":{"@id":"https:\/\/www.bagnoitalia.com\/de\/produkt\/finnish-sauna-130x120-cm-in-black-or-natural-wood-with-harvia-stove-sn084-2.html#primaryimage"},"thumbnailUrl":"https:\/\/img.bagnoitalia.com\/wp-content\/uploads\/sauna-finlandese-130x120-cm-naturale-nera-con-stufa-sn084.jpg","datePublished":"2024-04-18T11:34:05+00:00","dateModified":"2026-04-07T10:04:38+00:00","description":"Moderne Sauna mit Au\u00dfenstruktur, erh\u00e4ltlich in zwei Farben, natur oder schwarz, geeignet f\u00fcr 2 Personen. Komplett mit Ofen mit Zubeh\u00f6r (wie Eimer, Kelle und Steine), Thermometer, Sanduhr, Innenbeleuchtung und 2 B\u00e4nken.","breadcrumb":{"@id":"https:\/\/www.bagnoitalia.com\/de\/produkt\/finnish-sauna-130x120-cm-in-black-or-natural-wood-with-harvia-stove-sn084-2.html#breadcrumb"},"inLanguage":"de","potentialAction":[{"@type":"ReadAction","target":["https:\/\/www.bagnoitalia.com\/de\/produkt\/finnish-sauna-130x120-cm-in-black-or-natural-wood-with-harvia-stove-sn084-2.html"]}]},{"@type":"ImageObject","inLanguage":"de","@id":"https:\/\/www.bagnoitalia.com\/de\/produkt\/finnish-sauna-130x120-cm-in-black-or-natural-wood-with-harvia-stove-sn084-2.html#primaryimage","url":"https:\/\/img.bagnoitalia.com\/wp-content\/uploads\/sauna-finlandese-130x120-cm-naturale-nera-con-stufa-sn084.jpg","contentUrl":"https:\/\/img.bagnoitalia.com\/wp-content\/uploads\/sauna-finlandese-130x120-cm-naturale-nera-con-stufa-sn084.jpg","width":1000,"height":1000},{"@type":"BreadcrumbList","@id":"https:\/\/www.bagnoitalia.com\/de\/produkt\/finnish-sauna-130x120-cm-in-black-or-natural-wood-with-harvia-stove-sn084-2.html#breadcrumb","itemListElement":[{"@type":"ListItem","position":1,"name":"Home","item":"https:\/\/www.bagnoitalia.com\/de"},{"@type":"ListItem","position":2,"name":"Produkte","item":"https:\/\/www.bagnoitalia.com\/de\/shop"},{"@type":"ListItem","position":3,"name":"Finnische Sauna 130&#215;120 cm in Schwarz oder Naturholz mit Harvia-Ofen SN084"}]},{"@type":"WebSite","@id":"https:\/\/www.bagnoitalia.com\/de#website","url":"https:\/\/www.bagnoitalia.com\/de","name":"Bagno Italia","description":"","publisher":{"@id":"https:\/\/www.bagnoitalia.com\/de#organization"},"potentialAction":[{"@type":"SearchAction","target":{"@type":"EntryPoint","urlTemplate":"https:\/\/www.bagnoitalia.com\/de?s={search_term_string}"},"query-input":{"@type":"PropertyValueSpecification","valueRequired":true,"valueName":"search_term_string"}}],"inLanguage":"de"},{"@type":"Organization","@id":"https:\/\/www.bagnoitalia.com\/de#organization","name":"Bagno Italia","url":"https:\/\/www.bagnoitalia.com\/de","logo":{"@type":"ImageObject","inLanguage":"de","@id":"https:\/\/www.bagnoitalia.com\/de#\/schema\/logo\/image\/","url":"https:\/\/img.bagnoitalia.com\/wp-content\/uploads\/logo-bagnoitalia.webp","contentUrl":"https:\/\/img.bagnoitalia.com\/wp-content\/uploads\/logo-bagnoitalia.webp","width":400,"height":70,"caption":"Bagno Italia"},"image":{"@id":"https:\/\/www.bagnoitalia.com\/de#\/schema\/logo\/image\/"}}]}},"_links":{"self":[{"href":"https:\/\/www.bagnoitalia.com\/de\/wp-json\/wp\/v2\/product\/84302","targetHints":{"allow":["GET"]}}],"collection":[{"href":"https:\/\/www.bagnoitalia.com\/de\/wp-json\/wp\/v2\/product"}],"about":[{"href":"https:\/\/www.bagnoitalia.com\/de\/wp-json\/wp\/v2\/types\/product"}],"replies":[{"embeddable":true,"href":"https:\/\/www.bagnoitalia.com\/de\/wp-json\/wp\/v2\/comments?post=84302"}],"version-history":[{"count":5,"href":"https:\/\/www.bagnoitalia.com\/de\/wp-json\/wp\/v2\/product\/84302\/revisions"}],"predecessor-version":[{"id":113298,"href":"https:\/\/www.bagnoitalia.com\/de\/wp-json\/wp\/v2\/product\/84302\/revisions\/113298"}],"wp:featuredmedia":[{"embeddable":true,"href":"https:\/\/www.bagnoitalia.com\/de\/wp-json\/wp\/v2\/media\/109871"}],"wp:attachment":[{"href":"https:\/\/www.bagnoitalia.com\/de\/wp-json\/wp\/v2\/media?parent=84302"}],"wp:term":[{"taxonomy":"product_brand","embeddable":true,"href":"https:\/\/www.bagnoitalia.com\/de\/wp-json\/wp\/v2\/product_brand?post=84302"},{"taxonomy":"product_cat","embeddable":true,"href":"https:\/\/www.bagnoitalia.com\/de\/wp-json\/wp\/v2\/product_cat?post=84302"},{"taxonomy":"product_tag","embeddable":true,"href":"https:\/\/www.bagnoitalia.com\/de\/wp-json\/wp\/v2\/product_tag?post=84302"}],"curies":[{"name":"wp","href":"https:\/\/api.w.org\/{rel}","templated":true}]}}