{"id":84254,"date":"2024-04-10T13:58:18","date_gmt":"2024-04-10T11:58:18","guid":{"rendered":"https:\/\/www.bagnoitalia.com\/product\/major2-90x46-cm-two-coloured-wave-bathroom-cabinet-in-3-finishes-with-washbasin-drawers-and-mirror-2"},"modified":"2025-01-13T10:27:37","modified_gmt":"2025-01-13T09:27:37","slug":"major2-90x46-cm-two-coloured-wave-bathroom-cabinet-in-3-finishes-with-washbasin-drawers-and-mirror-2","status":"publish","type":"product","link":"https:\/\/www.bagnoitalia.com\/de\/produkt\/major2-90x46-cm-two-coloured-wave-bathroom-cabinet-in-3-finishes-with-washbasin-drawers-and-mirror-2.html","title":{"rendered":"Major2 90&#215;46 cm zweifarbiger Wellenbadschrank in 2 Ausf\u00fchrungen mit Waschbeckenschubladen und Spiegel"},"content":{"rendered":"<p>MAJOR2&#8242; WAVE BADEZIMMERSCHRANK<\/p>\n<p>&nbsp;<\/p>\n<p>&nbsp;<\/p>\n<p>&nbsp;<\/p>\n<p>HAUPTMERKMALE DES PRODUKTS<\/p>\n<p>&nbsp;<\/p>\n<p>&nbsp;<\/p>\n<p>Modernes Badm\u00f6bel mit Wellenform<\/p>\n<p>H\u00e4ngende Installation, inklusive Halterungen<\/p>\n<p>MDF-Rahmen mit PVC-Beschichtung<\/p>\n<p>Schubladenverschluss: Soft-Close<\/p>\n<p>Schubladen\u00f6ffnung: Rille (ohne Griff)<\/p>\n<p>Mineralmarmor-Waschtisch, mit \u00dcberlaufloch<\/p>\n<p>Spiegel im Preis inbegriffen<\/p>\n<p>Aus dem Drop-Down-Men\u00fc k\u00f6nnen Sie eine passende S\u00c4LLE, 30xT24xH150 cm, reversibel und mit verstellbaren Einlegeb\u00f6den hinzuf\u00fcgen<\/p>\n<p>ACHTUNG: Wasserh\u00e4hne NICHT im Preis enthalten<\/p>\n<p>&nbsp;<\/p>\n<p>&nbsp;<\/p>\n<p>&nbsp;<\/p>\n<p>VERF\u00dcGBARE FARBEN:<\/p>\n<p>&nbsp;<\/p>\n<p>&nbsp;<\/p>\n<p>Struktur CANAL WALNUT mit Schubladenfront BOTTLE GREEN<\/p>\n<p>Struktur BOTTLE GREEN mit Schubladenfront CANALETTO WALNUT<\/p>\n<p>&nbsp;<\/p>\n<p>ACHTUNG: das blau-wei\u00dfe Geh\u00e4use ist nicht mehr erh\u00e4ltlich, es wird nicht mehr produziert.<\/p>\n<p>&nbsp;<\/p>\n<p>&nbsp;<\/p>\n<p>ABMESSUNGEN<\/p>\n<p>&nbsp;<\/p>\n<p>&nbsp;<\/p>\n<p>Gesamtl\u00e4nge 90 cm<\/p>\n<p>Mindesttiefe (auf der RECHTEN Seite) 36 cm<\/p>\n<p>Maximale Tiefe (auf der LINKEN Seite) 46 cm<\/p>\n<p>Gesamth\u00f6he 50 cm<\/p>\n<p>Umkehrbarer Spiegel 90\u00d770 cm<\/p>\n<p>&nbsp;<\/p>\n<p>&nbsp;<\/p>\n<p>&nbsp;<\/p>\n<p>&nbsp;<\/p>\n<p>&nbsp;<\/p>\n<p>&nbsp;<\/p>\n<p>&nbsp;<\/p>\n<p>&nbsp;<\/p>\n<p>&nbsp;<\/p>\n<p>&nbsp;<\/p>\n<p>&nbsp;<\/p>\n<p>&nbsp;<\/p>\n<p>&nbsp;<\/p>\n<p>&nbsp;<\/p>\n<p>&nbsp;<\/p>\n<p>&nbsp;<\/p>\n<p>&nbsp;<\/p>\n<p>&nbsp;<\/p>\n<p>808001<br \/>\n808002<br \/>\n808003<\/p>\n<p>808007<br \/>\n808008<br \/>\n808009<\/p>\n<p>&nbsp;<\/p>\n<p>&nbsp;<\/p>\n","protected":false},"excerpt":{"rendered":"<p>Moderne M\u00f6bel mit einer funktionalen Wellenform, die auf der rechten Seite eine geringe Tiefe von nur 36 cm und auf der linken Seite eine maximale Tiefe von 46 cm erm\u00f6glicht. Sie k\u00f6nnen aus drei Farbkombinationen w\u00e4hlen: Gr\u00fcn und Nussbaum, oder Nussbaum und Gr\u00fcn. Die S\u00e4ule ist nicht im Preis enthalten, kann aber \u00fcber das Dropdown-Men\u00fc hinzugef\u00fcgt werden.<\/p>\n","protected":false},"featured_media":74562,"comment_status":"open","ping_status":"closed","template":"","meta":[],"product_brand":[5018],"product_cat":[9720],"product_tag":[],"class_list":{"0":"post-84254","1":"product","2":"type-product","3":"status-publish","4":"has-post-thumbnail","6":"product_brand-brand-store","7":"product_cat-badmobel-von-71-bis-100-cm-moderne-mobel","9":"first","10":"instock","11":"sale","12":"taxable","13":"shipping-taxable","14":"purchasable","15":"product-type-simple"},"exclude_global_add_ons":false,"addons":[{"name":"Farbe","type":"multiple_choice","position":0,"required":true,"title_format":"heading","default":"","description_enable":false,"description":"","placeholder_enable":false,"placeholder":"","display":"select","restrictions_type":"any_text","adjust_price":false,"price":"","price_type":"flat_fee","restrictions":false,"min":"0","max":"0","options":[{"label":"flaschengr\u00fcne Struktur und Walnuss Front","price":"","price_type":"quantity_based","image":0,"visibility":true},{"label":"Walnuss Struktur und flaschengr\u00fcne Front","price":"","price_type":"quantity_based","image":0,"visibility":true}],"id":1717602237},{"name":"Spalte","type":"multiple_choice","position":1,"required":true,"title_format":"heading","default":"","description_enable":false,"description":"","placeholder_enable":false,"placeholder":"","display":"select","restrictions_type":"any_text","adjust_price":false,"price":"","price_type":"flat_fee","restrictions":false,"min":"0","max":"0","options":[{"label":"KEINE Spalte","price":"","price_type":"quantity_based","image":0,"visibility":true},{"label":"ein Spalte 30x24xH150 cm","price":"189","price_type":"quantity_based","image":0,"visibility":true}],"id":1717602238},{"name":"Wandleuchte","type":"multiple_choice","position":2,"required":true,"title_format":"heading","default":"","description_enable":false,"description":"","placeholder_enable":false,"placeholder":"","display":"select","restrictions_type":"any_text","adjust_price":false,"price":"","price_type":"flat_fee","restrictions":false,"min":"0","max":"0","options":[{"label":"KEINE Wandleuchte","price":"","price_type":"quantity_based","image":0,"visibility":true},{"label":"verchromte LED-Wandleuchte","price":"20","price_type":"quantity_based","image":0,"visibility":true},{"label":"schwarze LED-Wandleuchte","price":"25","price_type":"quantity_based","image":0,"visibility":true}],"id":1717602239}],"yoast_head":"<!-- This site is optimized with the Yoast SEO plugin v26.7 - https:\/\/yoast.com\/wordpress\/plugins\/seo\/ -->\n<title>Major2 90x46 cm zweifarbiger Wellenbadschrank in 3 Ausf\u00fchrungen mit Waschbeckenschubladen und Spiegel<\/title>\n<meta name=\"description\" content=\"Moderne M\u00f6bel mit einer funktionalen Wellenform, die auf der rechten Seite eine geringe Tiefe von nur 36 cm und auf der linken Seite eine maximale Tiefe von 46 cm erm\u00f6glicht. Sie k\u00f6nnen aus drei Farbkombinationen w\u00e4hlen: Gr\u00fcn und Nussbaum, oder Nussbaum und Gr\u00fcn, oder Wei\u00df und Hellblau. Die S\u00e4ule ist nicht im Preis enthalten, kann aber \u00fcber das Dropdown-Men\u00fc hinzugef\u00fcgt werden.\" \/>\n<meta name=\"robots\" content=\"index, follow, max-snippet:-1, max-image-preview:large, max-video-preview:-1\" \/>\n<link rel=\"canonical\" href=\"https:\/\/www.bagnoitalia.com\/de\/produkt\/major2-90x46-cm-two-coloured-wave-bathroom-cabinet-in-3-finishes-with-washbasin-drawers-and-mirror-2.html\" \/>\n<meta property=\"og:locale\" content=\"de_DE\" \/>\n<meta property=\"og:type\" content=\"article\" \/>\n<meta property=\"og:title\" content=\"Major2 90x46 cm zweifarbiger Wellenbadschrank in 3 Ausf\u00fchrungen mit Waschbeckenschubladen und Spiegel\" \/>\n<meta property=\"og:description\" content=\"Moderne M\u00f6bel mit einer funktionalen Wellenform, die auf der rechten Seite eine geringe Tiefe von nur 36 cm und auf der linken Seite eine maximale Tiefe von 46 cm erm\u00f6glicht. Sie k\u00f6nnen aus drei Farbkombinationen w\u00e4hlen: Gr\u00fcn und Nussbaum, oder Nussbaum und Gr\u00fcn, oder Wei\u00df und Hellblau. Die S\u00e4ule ist nicht im Preis enthalten, kann aber \u00fcber das Dropdown-Men\u00fc hinzugef\u00fcgt werden.\" \/>\n<meta property=\"og:url\" content=\"https:\/\/www.bagnoitalia.com\/de\/produkt\/major2-90x46-cm-two-coloured-wave-bathroom-cabinet-in-3-finishes-with-washbasin-drawers-and-mirror-2.html\" \/>\n<meta property=\"og:site_name\" content=\"Bagno Italia\" \/>\n<meta property=\"article:modified_time\" content=\"2025-01-13T09:27:37+00:00\" \/>\n<meta property=\"og:image\" content=\"https:\/\/img.bagnoitalia.com\/wp-content\/uploads\/virtuemart\/product\/mobile-bagno-onda-major2-colori-1.jpg\" \/>\n\t<meta property=\"og:image:width\" content=\"550\" \/>\n\t<meta property=\"og:image:height\" content=\"550\" \/>\n\t<meta property=\"og:image:type\" content=\"image\/jpeg\" \/>\n<meta name=\"twitter:card\" content=\"summary_large_image\" \/>\n<meta name=\"twitter:label1\" content=\"Gesch\u00e4tzte Lesezeit\" \/>\n\t<meta name=\"twitter:data1\" content=\"1\u00a0Minute\" \/>\n<script type=\"application\/ld+json\" class=\"yoast-schema-graph\">{\"@context\":\"https:\/\/schema.org\",\"@graph\":[{\"@type\":\"WebPage\",\"@id\":\"https:\/\/www.bagnoitalia.com\/de\/produkt\/major2-90x46-cm-two-coloured-wave-bathroom-cabinet-in-3-finishes-with-washbasin-drawers-and-mirror-2.html\",\"url\":\"https:\/\/www.bagnoitalia.com\/de\/produkt\/major2-90x46-cm-two-coloured-wave-bathroom-cabinet-in-3-finishes-with-washbasin-drawers-and-mirror-2.html\",\"name\":\"Major2 90x46 cm zweifarbiger Wellenbadschrank in 3 Ausf\u00fchrungen mit Waschbeckenschubladen und Spiegel\",\"isPartOf\":{\"@id\":\"https:\/\/www.bagnoitalia.com\/de#website\"},\"primaryImageOfPage\":{\"@id\":\"https:\/\/www.bagnoitalia.com\/de\/produkt\/major2-90x46-cm-two-coloured-wave-bathroom-cabinet-in-3-finishes-with-washbasin-drawers-and-mirror-2.html#primaryimage\"},\"image\":{\"@id\":\"https:\/\/www.bagnoitalia.com\/de\/produkt\/major2-90x46-cm-two-coloured-wave-bathroom-cabinet-in-3-finishes-with-washbasin-drawers-and-mirror-2.html#primaryimage\"},\"thumbnailUrl\":\"https:\/\/img.bagnoitalia.com\/wp-content\/uploads\/virtuemart\/product\/mobile-bagno-onda-major2-colori-1.jpg\",\"datePublished\":\"2024-04-10T11:58:18+00:00\",\"dateModified\":\"2025-01-13T09:27:37+00:00\",\"description\":\"Moderne M\u00f6bel mit einer funktionalen Wellenform, die auf der rechten Seite eine geringe Tiefe von nur 36 cm und auf der linken Seite eine maximale Tiefe von 46 cm erm\u00f6glicht. Sie k\u00f6nnen aus drei Farbkombinationen w\u00e4hlen: Gr\u00fcn und Nussbaum, oder Nussbaum und Gr\u00fcn, oder Wei\u00df und Hellblau. Die S\u00e4ule ist nicht im Preis enthalten, kann aber \u00fcber das Dropdown-Men\u00fc hinzugef\u00fcgt werden.\",\"breadcrumb\":{\"@id\":\"https:\/\/www.bagnoitalia.com\/de\/produkt\/major2-90x46-cm-two-coloured-wave-bathroom-cabinet-in-3-finishes-with-washbasin-drawers-and-mirror-2.html#breadcrumb\"},\"inLanguage\":\"de\",\"potentialAction\":[{\"@type\":\"ReadAction\",\"target\":[\"https:\/\/www.bagnoitalia.com\/de\/produkt\/major2-90x46-cm-two-coloured-wave-bathroom-cabinet-in-3-finishes-with-washbasin-drawers-and-mirror-2.html\"]}]},{\"@type\":\"ImageObject\",\"inLanguage\":\"de\",\"@id\":\"https:\/\/www.bagnoitalia.com\/de\/produkt\/major2-90x46-cm-two-coloured-wave-bathroom-cabinet-in-3-finishes-with-washbasin-drawers-and-mirror-2.html#primaryimage\",\"url\":\"https:\/\/img.bagnoitalia.com\/wp-content\/uploads\/virtuemart\/product\/mobile-bagno-onda-major2-colori-1.jpg\",\"contentUrl\":\"https:\/\/img.bagnoitalia.com\/wp-content\/uploads\/virtuemart\/product\/mobile-bagno-onda-major2-colori-1.jpg\",\"width\":550,\"height\":550},{\"@type\":\"BreadcrumbList\",\"@id\":\"https:\/\/www.bagnoitalia.com\/de\/produkt\/major2-90x46-cm-two-coloured-wave-bathroom-cabinet-in-3-finishes-with-washbasin-drawers-and-mirror-2.html#breadcrumb\",\"itemListElement\":[{\"@type\":\"ListItem\",\"position\":1,\"name\":\"Home\",\"item\":\"https:\/\/www.bagnoitalia.com\/de\"},{\"@type\":\"ListItem\",\"position\":2,\"name\":\"Produkte\",\"item\":\"https:\/\/www.bagnoitalia.com\/de\/shop\"},{\"@type\":\"ListItem\",\"position\":3,\"name\":\"Major2 90&#215;46 cm zweifarbiger Wellenbadschrank in 2 Ausf\u00fchrungen mit Waschbeckenschubladen und Spiegel\"}]},{\"@type\":\"WebSite\",\"@id\":\"https:\/\/www.bagnoitalia.com\/de#website\",\"url\":\"https:\/\/www.bagnoitalia.com\/de\",\"name\":\"Bagno Italia\",\"description\":\"\",\"publisher\":{\"@id\":\"https:\/\/www.bagnoitalia.com\/de#organization\"},\"potentialAction\":[{\"@type\":\"SearchAction\",\"target\":{\"@type\":\"EntryPoint\",\"urlTemplate\":\"https:\/\/www.bagnoitalia.com\/de?s={search_term_string}\"},\"query-input\":{\"@type\":\"PropertyValueSpecification\",\"valueRequired\":true,\"valueName\":\"search_term_string\"}}],\"inLanguage\":\"de\"},{\"@type\":\"Organization\",\"@id\":\"https:\/\/www.bagnoitalia.com\/de#organization\",\"name\":\"Bagno Italia\",\"url\":\"https:\/\/www.bagnoitalia.com\/de\",\"logo\":{\"@type\":\"ImageObject\",\"inLanguage\":\"de\",\"@id\":\"https:\/\/www.bagnoitalia.com\/de#\/schema\/logo\/image\/\",\"url\":\"https:\/\/img.bagnoitalia.com\/wp-content\/uploads\/logo-bagnoitalia.webp\",\"contentUrl\":\"https:\/\/img.bagnoitalia.com\/wp-content\/uploads\/logo-bagnoitalia.webp\",\"width\":400,\"height\":70,\"caption\":\"Bagno Italia\"},\"image\":{\"@id\":\"https:\/\/www.bagnoitalia.com\/de#\/schema\/logo\/image\/\"}}]}<\/script>\n<!-- \/ Yoast SEO plugin. -->","yoast_head_json":{"title":"Major2 90x46 cm zweifarbiger Wellenbadschrank in 3 Ausf\u00fchrungen mit Waschbeckenschubladen und Spiegel","description":"Moderne M\u00f6bel mit einer funktionalen Wellenform, die auf der rechten Seite eine geringe Tiefe von nur 36 cm und auf der linken Seite eine maximale Tiefe von 46 cm erm\u00f6glicht. Sie k\u00f6nnen aus drei Farbkombinationen w\u00e4hlen: Gr\u00fcn und Nussbaum, oder Nussbaum und Gr\u00fcn, oder Wei\u00df und Hellblau. Die S\u00e4ule ist nicht im Preis enthalten, kann aber \u00fcber das Dropdown-Men\u00fc hinzugef\u00fcgt werden.","robots":{"index":"index","follow":"follow","max-snippet":"max-snippet:-1","max-image-preview":"max-image-preview:large","max-video-preview":"max-video-preview:-1"},"canonical":"https:\/\/www.bagnoitalia.com\/de\/produkt\/major2-90x46-cm-two-coloured-wave-bathroom-cabinet-in-3-finishes-with-washbasin-drawers-and-mirror-2.html","og_locale":"de_DE","og_type":"article","og_title":"Major2 90x46 cm zweifarbiger Wellenbadschrank in 3 Ausf\u00fchrungen mit Waschbeckenschubladen und Spiegel","og_description":"Moderne M\u00f6bel mit einer funktionalen Wellenform, die auf der rechten Seite eine geringe Tiefe von nur 36 cm und auf der linken Seite eine maximale Tiefe von 46 cm erm\u00f6glicht. Sie k\u00f6nnen aus drei Farbkombinationen w\u00e4hlen: Gr\u00fcn und Nussbaum, oder Nussbaum und Gr\u00fcn, oder Wei\u00df und Hellblau. Die S\u00e4ule ist nicht im Preis enthalten, kann aber \u00fcber das Dropdown-Men\u00fc hinzugef\u00fcgt werden.","og_url":"https:\/\/www.bagnoitalia.com\/de\/produkt\/major2-90x46-cm-two-coloured-wave-bathroom-cabinet-in-3-finishes-with-washbasin-drawers-and-mirror-2.html","og_site_name":"Bagno Italia","article_modified_time":"2025-01-13T09:27:37+00:00","og_image":[{"width":550,"height":550,"url":"https:\/\/img.bagnoitalia.com\/wp-content\/uploads\/virtuemart\/product\/mobile-bagno-onda-major2-colori-1.jpg","type":"image\/jpeg"}],"twitter_card":"summary_large_image","twitter_misc":{"Gesch\u00e4tzte Lesezeit":"1\u00a0Minute"},"schema":{"@context":"https:\/\/schema.org","@graph":[{"@type":"WebPage","@id":"https:\/\/www.bagnoitalia.com\/de\/produkt\/major2-90x46-cm-two-coloured-wave-bathroom-cabinet-in-3-finishes-with-washbasin-drawers-and-mirror-2.html","url":"https:\/\/www.bagnoitalia.com\/de\/produkt\/major2-90x46-cm-two-coloured-wave-bathroom-cabinet-in-3-finishes-with-washbasin-drawers-and-mirror-2.html","name":"Major2 90x46 cm zweifarbiger Wellenbadschrank in 3 Ausf\u00fchrungen mit Waschbeckenschubladen und Spiegel","isPartOf":{"@id":"https:\/\/www.bagnoitalia.com\/de#website"},"primaryImageOfPage":{"@id":"https:\/\/www.bagnoitalia.com\/de\/produkt\/major2-90x46-cm-two-coloured-wave-bathroom-cabinet-in-3-finishes-with-washbasin-drawers-and-mirror-2.html#primaryimage"},"image":{"@id":"https:\/\/www.bagnoitalia.com\/de\/produkt\/major2-90x46-cm-two-coloured-wave-bathroom-cabinet-in-3-finishes-with-washbasin-drawers-and-mirror-2.html#primaryimage"},"thumbnailUrl":"https:\/\/img.bagnoitalia.com\/wp-content\/uploads\/virtuemart\/product\/mobile-bagno-onda-major2-colori-1.jpg","datePublished":"2024-04-10T11:58:18+00:00","dateModified":"2025-01-13T09:27:37+00:00","description":"Moderne M\u00f6bel mit einer funktionalen Wellenform, die auf der rechten Seite eine geringe Tiefe von nur 36 cm und auf der linken Seite eine maximale Tiefe von 46 cm erm\u00f6glicht. Sie k\u00f6nnen aus drei Farbkombinationen w\u00e4hlen: Gr\u00fcn und Nussbaum, oder Nussbaum und Gr\u00fcn, oder Wei\u00df und Hellblau. Die S\u00e4ule ist nicht im Preis enthalten, kann aber \u00fcber das Dropdown-Men\u00fc hinzugef\u00fcgt werden.","breadcrumb":{"@id":"https:\/\/www.bagnoitalia.com\/de\/produkt\/major2-90x46-cm-two-coloured-wave-bathroom-cabinet-in-3-finishes-with-washbasin-drawers-and-mirror-2.html#breadcrumb"},"inLanguage":"de","potentialAction":[{"@type":"ReadAction","target":["https:\/\/www.bagnoitalia.com\/de\/produkt\/major2-90x46-cm-two-coloured-wave-bathroom-cabinet-in-3-finishes-with-washbasin-drawers-and-mirror-2.html"]}]},{"@type":"ImageObject","inLanguage":"de","@id":"https:\/\/www.bagnoitalia.com\/de\/produkt\/major2-90x46-cm-two-coloured-wave-bathroom-cabinet-in-3-finishes-with-washbasin-drawers-and-mirror-2.html#primaryimage","url":"https:\/\/img.bagnoitalia.com\/wp-content\/uploads\/virtuemart\/product\/mobile-bagno-onda-major2-colori-1.jpg","contentUrl":"https:\/\/img.bagnoitalia.com\/wp-content\/uploads\/virtuemart\/product\/mobile-bagno-onda-major2-colori-1.jpg","width":550,"height":550},{"@type":"BreadcrumbList","@id":"https:\/\/www.bagnoitalia.com\/de\/produkt\/major2-90x46-cm-two-coloured-wave-bathroom-cabinet-in-3-finishes-with-washbasin-drawers-and-mirror-2.html#breadcrumb","itemListElement":[{"@type":"ListItem","position":1,"name":"Home","item":"https:\/\/www.bagnoitalia.com\/de"},{"@type":"ListItem","position":2,"name":"Produkte","item":"https:\/\/www.bagnoitalia.com\/de\/shop"},{"@type":"ListItem","position":3,"name":"Major2 90&#215;46 cm zweifarbiger Wellenbadschrank in 2 Ausf\u00fchrungen mit Waschbeckenschubladen und Spiegel"}]},{"@type":"WebSite","@id":"https:\/\/www.bagnoitalia.com\/de#website","url":"https:\/\/www.bagnoitalia.com\/de","name":"Bagno Italia","description":"","publisher":{"@id":"https:\/\/www.bagnoitalia.com\/de#organization"},"potentialAction":[{"@type":"SearchAction","target":{"@type":"EntryPoint","urlTemplate":"https:\/\/www.bagnoitalia.com\/de?s={search_term_string}"},"query-input":{"@type":"PropertyValueSpecification","valueRequired":true,"valueName":"search_term_string"}}],"inLanguage":"de"},{"@type":"Organization","@id":"https:\/\/www.bagnoitalia.com\/de#organization","name":"Bagno Italia","url":"https:\/\/www.bagnoitalia.com\/de","logo":{"@type":"ImageObject","inLanguage":"de","@id":"https:\/\/www.bagnoitalia.com\/de#\/schema\/logo\/image\/","url":"https:\/\/img.bagnoitalia.com\/wp-content\/uploads\/logo-bagnoitalia.webp","contentUrl":"https:\/\/img.bagnoitalia.com\/wp-content\/uploads\/logo-bagnoitalia.webp","width":400,"height":70,"caption":"Bagno Italia"},"image":{"@id":"https:\/\/www.bagnoitalia.com\/de#\/schema\/logo\/image\/"}}]}},"_links":{"self":[{"href":"https:\/\/www.bagnoitalia.com\/de\/wp-json\/wp\/v2\/product\/84254","targetHints":{"allow":["GET"]}}],"collection":[{"href":"https:\/\/www.bagnoitalia.com\/de\/wp-json\/wp\/v2\/product"}],"about":[{"href":"https:\/\/www.bagnoitalia.com\/de\/wp-json\/wp\/v2\/types\/product"}],"replies":[{"embeddable":true,"href":"https:\/\/www.bagnoitalia.com\/de\/wp-json\/wp\/v2\/comments?post=84254"}],"version-history":[{"count":4,"href":"https:\/\/www.bagnoitalia.com\/de\/wp-json\/wp\/v2\/product\/84254\/revisions"}],"predecessor-version":[{"id":100285,"href":"https:\/\/www.bagnoitalia.com\/de\/wp-json\/wp\/v2\/product\/84254\/revisions\/100285"}],"wp:featuredmedia":[{"embeddable":true,"href":"https:\/\/www.bagnoitalia.com\/de\/wp-json\/wp\/v2\/media\/74562"}],"wp:attachment":[{"href":"https:\/\/www.bagnoitalia.com\/de\/wp-json\/wp\/v2\/media?parent=84254"}],"wp:term":[{"taxonomy":"product_brand","embeddable":true,"href":"https:\/\/www.bagnoitalia.com\/de\/wp-json\/wp\/v2\/product_brand?post=84254"},{"taxonomy":"product_cat","embeddable":true,"href":"https:\/\/www.bagnoitalia.com\/de\/wp-json\/wp\/v2\/product_cat?post=84254"},{"taxonomy":"product_tag","embeddable":true,"href":"https:\/\/www.bagnoitalia.com\/de\/wp-json\/wp\/v2\/product_tag?post=84254"}],"curies":[{"name":"wp","href":"https:\/\/api.w.org\/{rel}","templated":true}]}}