{"id":84250,"date":"2024-04-04T14:49:56","date_gmt":"2024-04-04T12:49:56","guid":{"rendered":"https:\/\/www.bagnoitalia.com\/product\/major-90x50-cm-curved-two-drawer-bathroom-furniture-in-3-colours-with-marble-basin-and-mirror-2"},"modified":"2024-06-05T15:36:04","modified_gmt":"2024-06-05T13:36:04","slug":"major-90x50-cm-curved-two-drawer-bathroom-furniture-in-3-colours-with-marble-basin-and-mirror-2","status":"publish","type":"product","link":"https:\/\/www.bagnoitalia.com\/de\/produkt\/major-90x50-cm-curved-two-drawer-bathroom-furniture-in-3-colours-with-marble-basin-and-mirror-2.html","title":{"rendered":"Major 90&#215;50 cm geschwungenes Badm\u00f6bel mit zwei Schubladen in 3 Farben mit Marmorwaschbecken und Spiegel"},"content":{"rendered":"<p>MAJOR&#8220; Modell CURVE BADM\u00d6BEL<\/p>\n<p>&nbsp;<\/p>\n<p>&nbsp;<\/p>\n<p>&nbsp;<\/p>\n<p>H\u00e4ngeschrank f\u00fcr Badezimmer, bestehend aus:<\/p>\n<p>n. 1 Unterschrank mit zwei Schubladen<\/p>\n<p>n. 1 Waschbecken<\/p>\n<p>n. 1 Spiegel<\/p>\n<p>&nbsp;<\/p>\n<p>&nbsp;<\/p>\n<p>&nbsp;<\/p>\n<p>ABMESSUNGEN<\/p>\n<p>&nbsp;<\/p>\n<p>&nbsp;<\/p>\n<p>Gesamtl\u00e4nge 90 cm<\/p>\n<p>Minimale Tiefe (Seiten) 34,5 cm<\/p>\n<p>Maximale Tiefe (Mitte) 50 cm<\/p>\n<p>Gesamth\u00f6he 50 cm<\/p>\n<p>(Bitte beachten Sie, dass der Waschtisch eine Toleranz von +1 oder +1,5 cm haben kann)<\/p>\n<p>Umkehrbarer Spiegel 90&#215;70 cm<\/p>\n<p>&nbsp;<\/p>\n<p>&nbsp;<\/p>\n<p>&nbsp;<\/p>\n<p>DETAILS UND MATERIALIEN<\/p>\n<p>&nbsp;<\/p>\n<p>&nbsp;<\/p>\n<p>Zweifarbiger gebogener Schrank, Auswahl aus den folgenden Kombinationen:<\/p>\n<p>&#8211; Struktur CANAL WALNUT mit Schubladenfront BOTTLE GREEN<\/p>\n<p>&#8211; Struktur BOTTLE GREEN mit Schubladenfront CANALETTO WALNUT<\/p>\n<p>&#8211; Struktur MATT WHITE mit Schubladenfront POLY BLUE<\/p>\n<p>W\u00e4hlen Sie die gew\u00fcnschte Farbe aus dem Dropdown-Men\u00fc<\/p>\n<p>\u00dcber das obige Men\u00fc k\u00f6nnen Sie auch eine passende S\u00c4LLE mit den Ma\u00dfen 30xT24xH150 cm, wendbar und mit verstellbaren Einlegeb\u00f6den, zur Zusammenstellung hinzuf\u00fcgen;<\/p>\n<p>Schrank aus MDF mit PVC-Beschichtung<\/p>\n<p>Schubladen mit Soft-Close-Mechanismus und griffloser, gerillter \u00d6ffnung<\/p>\n<p>Waschbecken aus poliertem wei\u00dfem Marmor mit \u00dcberlaufloch<\/p>\n<p>Inklusive Befestigungsklammern<\/p>\n<p>ACHTUNG: Wasserh\u00e4hne nicht im Angebot enthalten<\/p>\n<p>&nbsp;<\/p>\n<p>&nbsp;<\/p>\n<p>&nbsp;<\/p>\n<p>&nbsp;<\/p>\n<p>&nbsp;<\/p>\n<p>&nbsp;<\/p>\n<p>&nbsp;<\/p>\n<p>&nbsp;<\/p>\n<p>&nbsp;<\/p>\n<p>&nbsp;<\/p>\n<p>&nbsp;<\/p>\n<p>&nbsp;<\/p>\n<p>&nbsp;<\/p>\n<p>&nbsp;<\/p>\n<p>&nbsp;<\/p>\n<p>&nbsp;<\/p>\n<p>&nbsp;<\/p>\n<p>808004<br \/>\n808005<br \/>\n808006<br \/>\n808007<br \/>\n808008<br \/>\n808009<\/p>\n<p>&nbsp;<\/p>\n<p>&nbsp;<\/p>\n","protected":false},"excerpt":{"rendered":"<p>Moderner Designschrank, erh\u00e4ltlich in 3 Farbkombinationen: flaschengr\u00fcn mit Nussbaumfronten, oder mattwei\u00df mit hellblauen Fronten, oder Nussbaum mit flaschengr\u00fcnen Fronten. Der Waschtisch sowie der Spiegel sind im Preis inbegriffen. Es ist auch m\u00f6glich, einen Hochschrank hinzuzuf\u00fcgen.<\/p>\n","protected":false},"featured_media":74485,"comment_status":"open","ping_status":"closed","template":"","meta":[],"product_brand":[5018],"product_cat":[10116],"product_tag":[],"class_list":{"0":"post-84250","1":"product","2":"type-product","3":"status-publish","4":"has-post-thumbnail","6":"product_brand-brand-store","7":"product_cat-senza-categoria-de","9":"first","10":"outofstock","11":"taxable","12":"shipping-taxable","13":"purchasable","14":"product-type-simple"},"exclude_global_add_ons":false,"addons":[{"name":"Farbe","type":"multiple_choice","position":0,"required":true,"title_format":"heading","default":"","description_enable":false,"description":"","placeholder_enable":false,"placeholder":"","display":"select","restrictions_type":"any_text","adjust_price":false,"price":"","price_type":"flat_fee","restrictions":false,"min":"0","max":"0","options":[{"label":"flaschengr\u00fcne Struktur und Walnuss Front","price":"","price_type":"quantity_based","image":0,"visibility":true},{"label":"Mattwei\u00dfe Struktur und hellblaue Front","price":"","price_type":"quantity_based","image":0,"visibility":true},{"label":"Walnuss Struktur und flaschengr\u00fcne Front","price":"","price_type":"quantity_based","image":0,"visibility":true}],"id":1717601764},{"name":"Spalte","type":"multiple_choice","position":1,"required":true,"title_format":"heading","default":"","description_enable":false,"description":"","placeholder_enable":false,"placeholder":"","display":"select","restrictions_type":"any_text","adjust_price":false,"price":"","price_type":"flat_fee","restrictions":false,"min":"0","max":"0","options":[{"label":"KEINE Spalte","price":"","price_type":"quantity_based","image":0,"visibility":true},{"label":"ein Spalte 30x24xH150 cm","price":"189","price_type":"quantity_based","image":0,"visibility":true}],"id":1717601765},{"name":"Wandleuchte","type":"multiple_choice","position":2,"required":true,"title_format":"heading","default":"","description_enable":false,"description":"","placeholder_enable":false,"placeholder":"","display":"select","restrictions_type":"any_text","adjust_price":false,"price":"","price_type":"flat_fee","restrictions":false,"min":"0","max":"0","options":[{"label":"KEINE Wandleuchte","price":"","price_type":"quantity_based","image":0,"visibility":true},{"label":"verchromte LED-Wandleuchte","price":"20","price_type":"quantity_based","image":0,"visibility":true},{"label":"schwarze LED-Wandleuchte","price":"25","price_type":"quantity_based","image":0,"visibility":true}],"id":1717601766}],"yoast_head":"<!-- This site is optimized with the Yoast SEO plugin v26.7 - https:\/\/yoast.com\/wordpress\/plugins\/seo\/ -->\n<title>Major 90x50 cm geschwungenes Badm\u00f6bel mit zwei Schubladen in 3 Farben mit Marmorwaschbecken und Spiegel<\/title>\n<meta name=\"description\" content=\"Moderner Designschrank, erh\u00e4ltlich in 3 Farbkombinationen: flaschengr\u00fcn mit Nussbaumfronten, oder mattwei\u00df mit hellblauen Fronten, oder Nussbaum mit flaschengr\u00fcnen Fronten. Der Waschtisch sowie der Spiegel sind im Preis inbegriffen. Es ist auch m\u00f6glich, einen Hochschrank hinzuzuf\u00fcgen.\" \/>\n<meta name=\"robots\" content=\"index, follow, max-snippet:-1, max-image-preview:large, max-video-preview:-1\" \/>\n<link rel=\"canonical\" href=\"https:\/\/www.bagnoitalia.com\/de\/produkt\/major-90x50-cm-curved-two-drawer-bathroom-furniture-in-3-colours-with-marble-basin-and-mirror-2.html\" \/>\n<meta property=\"og:locale\" content=\"de_DE\" \/>\n<meta property=\"og:type\" content=\"article\" \/>\n<meta property=\"og:title\" content=\"Major 90x50 cm geschwungenes Badm\u00f6bel mit zwei Schubladen in 3 Farben mit Marmorwaschbecken und Spiegel\" \/>\n<meta property=\"og:description\" content=\"Moderner Designschrank, erh\u00e4ltlich in 3 Farbkombinationen: flaschengr\u00fcn mit Nussbaumfronten, oder mattwei\u00df mit hellblauen Fronten, oder Nussbaum mit flaschengr\u00fcnen Fronten. Der Waschtisch sowie der Spiegel sind im Preis inbegriffen. Es ist auch m\u00f6glich, einen Hochschrank hinzuzuf\u00fcgen.\" \/>\n<meta property=\"og:url\" content=\"https:\/\/www.bagnoitalia.com\/de\/produkt\/major-90x50-cm-curved-two-drawer-bathroom-furniture-in-3-colours-with-marble-basin-and-mirror-2.html\" \/>\n<meta property=\"og:site_name\" content=\"Bagno Italia\" \/>\n<meta property=\"article:modified_time\" content=\"2024-06-05T13:36:04+00:00\" \/>\n<meta property=\"og:image\" content=\"https:\/\/img.bagnoitalia.com\/wp-content\/uploads\/virtuemart\/product\/mobile-bagno-curvo-sospeso-major-colori-1.jpg\" \/>\n\t<meta property=\"og:image:width\" content=\"550\" \/>\n\t<meta property=\"og:image:height\" content=\"550\" \/>\n\t<meta property=\"og:image:type\" content=\"image\/jpeg\" \/>\n<meta name=\"twitter:card\" content=\"summary_large_image\" \/>\n<meta name=\"twitter:label1\" content=\"Gesch\u00e4tzte Lesezeit\" \/>\n\t<meta name=\"twitter:data1\" content=\"1\u00a0Minute\" \/>\n<script type=\"application\/ld+json\" class=\"yoast-schema-graph\">{\"@context\":\"https:\/\/schema.org\",\"@graph\":[{\"@type\":\"WebPage\",\"@id\":\"https:\/\/www.bagnoitalia.com\/de\/produkt\/major-90x50-cm-curved-two-drawer-bathroom-furniture-in-3-colours-with-marble-basin-and-mirror-2.html\",\"url\":\"https:\/\/www.bagnoitalia.com\/de\/produkt\/major-90x50-cm-curved-two-drawer-bathroom-furniture-in-3-colours-with-marble-basin-and-mirror-2.html\",\"name\":\"Major 90x50 cm geschwungenes Badm\u00f6bel mit zwei Schubladen in 3 Farben mit Marmorwaschbecken und Spiegel\",\"isPartOf\":{\"@id\":\"https:\/\/www.bagnoitalia.com\/de#website\"},\"primaryImageOfPage\":{\"@id\":\"https:\/\/www.bagnoitalia.com\/de\/produkt\/major-90x50-cm-curved-two-drawer-bathroom-furniture-in-3-colours-with-marble-basin-and-mirror-2.html#primaryimage\"},\"image\":{\"@id\":\"https:\/\/www.bagnoitalia.com\/de\/produkt\/major-90x50-cm-curved-two-drawer-bathroom-furniture-in-3-colours-with-marble-basin-and-mirror-2.html#primaryimage\"},\"thumbnailUrl\":\"https:\/\/img.bagnoitalia.com\/wp-content\/uploads\/virtuemart\/product\/mobile-bagno-curvo-sospeso-major-colori-1.jpg\",\"datePublished\":\"2024-04-04T12:49:56+00:00\",\"dateModified\":\"2024-06-05T13:36:04+00:00\",\"description\":\"Moderner Designschrank, erh\u00e4ltlich in 3 Farbkombinationen: flaschengr\u00fcn mit Nussbaumfronten, oder mattwei\u00df mit hellblauen Fronten, oder Nussbaum mit flaschengr\u00fcnen Fronten. Der Waschtisch sowie der Spiegel sind im Preis inbegriffen. Es ist auch m\u00f6glich, einen Hochschrank hinzuzuf\u00fcgen.\",\"breadcrumb\":{\"@id\":\"https:\/\/www.bagnoitalia.com\/de\/produkt\/major-90x50-cm-curved-two-drawer-bathroom-furniture-in-3-colours-with-marble-basin-and-mirror-2.html#breadcrumb\"},\"inLanguage\":\"de\",\"potentialAction\":[{\"@type\":\"ReadAction\",\"target\":[\"https:\/\/www.bagnoitalia.com\/de\/produkt\/major-90x50-cm-curved-two-drawer-bathroom-furniture-in-3-colours-with-marble-basin-and-mirror-2.html\"]}]},{\"@type\":\"ImageObject\",\"inLanguage\":\"de\",\"@id\":\"https:\/\/www.bagnoitalia.com\/de\/produkt\/major-90x50-cm-curved-two-drawer-bathroom-furniture-in-3-colours-with-marble-basin-and-mirror-2.html#primaryimage\",\"url\":\"https:\/\/img.bagnoitalia.com\/wp-content\/uploads\/virtuemart\/product\/mobile-bagno-curvo-sospeso-major-colori-1.jpg\",\"contentUrl\":\"https:\/\/img.bagnoitalia.com\/wp-content\/uploads\/virtuemart\/product\/mobile-bagno-curvo-sospeso-major-colori-1.jpg\",\"width\":550,\"height\":550},{\"@type\":\"BreadcrumbList\",\"@id\":\"https:\/\/www.bagnoitalia.com\/de\/produkt\/major-90x50-cm-curved-two-drawer-bathroom-furniture-in-3-colours-with-marble-basin-and-mirror-2.html#breadcrumb\",\"itemListElement\":[{\"@type\":\"ListItem\",\"position\":1,\"name\":\"Home\",\"item\":\"https:\/\/www.bagnoitalia.com\/de\"},{\"@type\":\"ListItem\",\"position\":2,\"name\":\"Produkte\",\"item\":\"https:\/\/www.bagnoitalia.com\/de\/shop\"},{\"@type\":\"ListItem\",\"position\":3,\"name\":\"Major 90&#215;50 cm geschwungenes Badm\u00f6bel mit zwei Schubladen in 3 Farben mit Marmorwaschbecken und Spiegel\"}]},{\"@type\":\"WebSite\",\"@id\":\"https:\/\/www.bagnoitalia.com\/de#website\",\"url\":\"https:\/\/www.bagnoitalia.com\/de\",\"name\":\"Bagno Italia\",\"description\":\"\",\"publisher\":{\"@id\":\"https:\/\/www.bagnoitalia.com\/de#organization\"},\"potentialAction\":[{\"@type\":\"SearchAction\",\"target\":{\"@type\":\"EntryPoint\",\"urlTemplate\":\"https:\/\/www.bagnoitalia.com\/de?s={search_term_string}\"},\"query-input\":{\"@type\":\"PropertyValueSpecification\",\"valueRequired\":true,\"valueName\":\"search_term_string\"}}],\"inLanguage\":\"de\"},{\"@type\":\"Organization\",\"@id\":\"https:\/\/www.bagnoitalia.com\/de#organization\",\"name\":\"Bagno Italia\",\"url\":\"https:\/\/www.bagnoitalia.com\/de\",\"logo\":{\"@type\":\"ImageObject\",\"inLanguage\":\"de\",\"@id\":\"https:\/\/www.bagnoitalia.com\/de#\/schema\/logo\/image\/\",\"url\":\"https:\/\/img.bagnoitalia.com\/wp-content\/uploads\/logo-bagnoitalia.webp\",\"contentUrl\":\"https:\/\/img.bagnoitalia.com\/wp-content\/uploads\/logo-bagnoitalia.webp\",\"width\":400,\"height\":70,\"caption\":\"Bagno Italia\"},\"image\":{\"@id\":\"https:\/\/www.bagnoitalia.com\/de#\/schema\/logo\/image\/\"}}]}<\/script>\n<!-- \/ Yoast SEO plugin. -->","yoast_head_json":{"title":"Major 90x50 cm geschwungenes Badm\u00f6bel mit zwei Schubladen in 3 Farben mit Marmorwaschbecken und Spiegel","description":"Moderner Designschrank, erh\u00e4ltlich in 3 Farbkombinationen: flaschengr\u00fcn mit Nussbaumfronten, oder mattwei\u00df mit hellblauen Fronten, oder Nussbaum mit flaschengr\u00fcnen Fronten. Der Waschtisch sowie der Spiegel sind im Preis inbegriffen. Es ist auch m\u00f6glich, einen Hochschrank hinzuzuf\u00fcgen.","robots":{"index":"index","follow":"follow","max-snippet":"max-snippet:-1","max-image-preview":"max-image-preview:large","max-video-preview":"max-video-preview:-1"},"canonical":"https:\/\/www.bagnoitalia.com\/de\/produkt\/major-90x50-cm-curved-two-drawer-bathroom-furniture-in-3-colours-with-marble-basin-and-mirror-2.html","og_locale":"de_DE","og_type":"article","og_title":"Major 90x50 cm geschwungenes Badm\u00f6bel mit zwei Schubladen in 3 Farben mit Marmorwaschbecken und Spiegel","og_description":"Moderner Designschrank, erh\u00e4ltlich in 3 Farbkombinationen: flaschengr\u00fcn mit Nussbaumfronten, oder mattwei\u00df mit hellblauen Fronten, oder Nussbaum mit flaschengr\u00fcnen Fronten. Der Waschtisch sowie der Spiegel sind im Preis inbegriffen. Es ist auch m\u00f6glich, einen Hochschrank hinzuzuf\u00fcgen.","og_url":"https:\/\/www.bagnoitalia.com\/de\/produkt\/major-90x50-cm-curved-two-drawer-bathroom-furniture-in-3-colours-with-marble-basin-and-mirror-2.html","og_site_name":"Bagno Italia","article_modified_time":"2024-06-05T13:36:04+00:00","og_image":[{"width":550,"height":550,"url":"https:\/\/img.bagnoitalia.com\/wp-content\/uploads\/virtuemart\/product\/mobile-bagno-curvo-sospeso-major-colori-1.jpg","type":"image\/jpeg"}],"twitter_card":"summary_large_image","twitter_misc":{"Gesch\u00e4tzte Lesezeit":"1\u00a0Minute"},"schema":{"@context":"https:\/\/schema.org","@graph":[{"@type":"WebPage","@id":"https:\/\/www.bagnoitalia.com\/de\/produkt\/major-90x50-cm-curved-two-drawer-bathroom-furniture-in-3-colours-with-marble-basin-and-mirror-2.html","url":"https:\/\/www.bagnoitalia.com\/de\/produkt\/major-90x50-cm-curved-two-drawer-bathroom-furniture-in-3-colours-with-marble-basin-and-mirror-2.html","name":"Major 90x50 cm geschwungenes Badm\u00f6bel mit zwei Schubladen in 3 Farben mit Marmorwaschbecken und Spiegel","isPartOf":{"@id":"https:\/\/www.bagnoitalia.com\/de#website"},"primaryImageOfPage":{"@id":"https:\/\/www.bagnoitalia.com\/de\/produkt\/major-90x50-cm-curved-two-drawer-bathroom-furniture-in-3-colours-with-marble-basin-and-mirror-2.html#primaryimage"},"image":{"@id":"https:\/\/www.bagnoitalia.com\/de\/produkt\/major-90x50-cm-curved-two-drawer-bathroom-furniture-in-3-colours-with-marble-basin-and-mirror-2.html#primaryimage"},"thumbnailUrl":"https:\/\/img.bagnoitalia.com\/wp-content\/uploads\/virtuemart\/product\/mobile-bagno-curvo-sospeso-major-colori-1.jpg","datePublished":"2024-04-04T12:49:56+00:00","dateModified":"2024-06-05T13:36:04+00:00","description":"Moderner Designschrank, erh\u00e4ltlich in 3 Farbkombinationen: flaschengr\u00fcn mit Nussbaumfronten, oder mattwei\u00df mit hellblauen Fronten, oder Nussbaum mit flaschengr\u00fcnen Fronten. Der Waschtisch sowie der Spiegel sind im Preis inbegriffen. Es ist auch m\u00f6glich, einen Hochschrank hinzuzuf\u00fcgen.","breadcrumb":{"@id":"https:\/\/www.bagnoitalia.com\/de\/produkt\/major-90x50-cm-curved-two-drawer-bathroom-furniture-in-3-colours-with-marble-basin-and-mirror-2.html#breadcrumb"},"inLanguage":"de","potentialAction":[{"@type":"ReadAction","target":["https:\/\/www.bagnoitalia.com\/de\/produkt\/major-90x50-cm-curved-two-drawer-bathroom-furniture-in-3-colours-with-marble-basin-and-mirror-2.html"]}]},{"@type":"ImageObject","inLanguage":"de","@id":"https:\/\/www.bagnoitalia.com\/de\/produkt\/major-90x50-cm-curved-two-drawer-bathroom-furniture-in-3-colours-with-marble-basin-and-mirror-2.html#primaryimage","url":"https:\/\/img.bagnoitalia.com\/wp-content\/uploads\/virtuemart\/product\/mobile-bagno-curvo-sospeso-major-colori-1.jpg","contentUrl":"https:\/\/img.bagnoitalia.com\/wp-content\/uploads\/virtuemart\/product\/mobile-bagno-curvo-sospeso-major-colori-1.jpg","width":550,"height":550},{"@type":"BreadcrumbList","@id":"https:\/\/www.bagnoitalia.com\/de\/produkt\/major-90x50-cm-curved-two-drawer-bathroom-furniture-in-3-colours-with-marble-basin-and-mirror-2.html#breadcrumb","itemListElement":[{"@type":"ListItem","position":1,"name":"Home","item":"https:\/\/www.bagnoitalia.com\/de"},{"@type":"ListItem","position":2,"name":"Produkte","item":"https:\/\/www.bagnoitalia.com\/de\/shop"},{"@type":"ListItem","position":3,"name":"Major 90&#215;50 cm geschwungenes Badm\u00f6bel mit zwei Schubladen in 3 Farben mit Marmorwaschbecken und Spiegel"}]},{"@type":"WebSite","@id":"https:\/\/www.bagnoitalia.com\/de#website","url":"https:\/\/www.bagnoitalia.com\/de","name":"Bagno Italia","description":"","publisher":{"@id":"https:\/\/www.bagnoitalia.com\/de#organization"},"potentialAction":[{"@type":"SearchAction","target":{"@type":"EntryPoint","urlTemplate":"https:\/\/www.bagnoitalia.com\/de?s={search_term_string}"},"query-input":{"@type":"PropertyValueSpecification","valueRequired":true,"valueName":"search_term_string"}}],"inLanguage":"de"},{"@type":"Organization","@id":"https:\/\/www.bagnoitalia.com\/de#organization","name":"Bagno Italia","url":"https:\/\/www.bagnoitalia.com\/de","logo":{"@type":"ImageObject","inLanguage":"de","@id":"https:\/\/www.bagnoitalia.com\/de#\/schema\/logo\/image\/","url":"https:\/\/img.bagnoitalia.com\/wp-content\/uploads\/logo-bagnoitalia.webp","contentUrl":"https:\/\/img.bagnoitalia.com\/wp-content\/uploads\/logo-bagnoitalia.webp","width":400,"height":70,"caption":"Bagno Italia"},"image":{"@id":"https:\/\/www.bagnoitalia.com\/de#\/schema\/logo\/image\/"}}]}},"_links":{"self":[{"href":"https:\/\/www.bagnoitalia.com\/de\/wp-json\/wp\/v2\/product\/84250","targetHints":{"allow":["GET"]}}],"collection":[{"href":"https:\/\/www.bagnoitalia.com\/de\/wp-json\/wp\/v2\/product"}],"about":[{"href":"https:\/\/www.bagnoitalia.com\/de\/wp-json\/wp\/v2\/types\/product"}],"replies":[{"embeddable":true,"href":"https:\/\/www.bagnoitalia.com\/de\/wp-json\/wp\/v2\/comments?post=84250"}],"version-history":[{"count":1,"href":"https:\/\/www.bagnoitalia.com\/de\/wp-json\/wp\/v2\/product\/84250\/revisions"}],"predecessor-version":[{"id":89436,"href":"https:\/\/www.bagnoitalia.com\/de\/wp-json\/wp\/v2\/product\/84250\/revisions\/89436"}],"wp:featuredmedia":[{"embeddable":true,"href":"https:\/\/www.bagnoitalia.com\/de\/wp-json\/wp\/v2\/media\/74485"}],"wp:attachment":[{"href":"https:\/\/www.bagnoitalia.com\/de\/wp-json\/wp\/v2\/media?parent=84250"}],"wp:term":[{"taxonomy":"product_brand","embeddable":true,"href":"https:\/\/www.bagnoitalia.com\/de\/wp-json\/wp\/v2\/product_brand?post=84250"},{"taxonomy":"product_cat","embeddable":true,"href":"https:\/\/www.bagnoitalia.com\/de\/wp-json\/wp\/v2\/product_cat?post=84250"},{"taxonomy":"product_tag","embeddable":true,"href":"https:\/\/www.bagnoitalia.com\/de\/wp-json\/wp\/v2\/product_tag?post=84250"}],"curies":[{"name":"wp","href":"https:\/\/api.w.org\/{rel}","templated":true}]}}