{"id":84238,"date":"2024-04-04T13:55:43","date_gmt":"2024-04-04T11:55:43","guid":{"rendered":"https:\/\/www.bagnoitalia.com\/product\/clark-90-or-110-cm-wall-hung-bathroom-cabinet-in-2-colours-with-countertop-washbasin-and-mirror-2"},"modified":"2024-06-04T12:22:14","modified_gmt":"2024-06-04T10:22:14","slug":"clark-90-or-110-cm-wall-hung-bathroom-cabinet-in-2-colours-with-countertop-washbasin-and-mirror-2","status":"publish","type":"product","link":"https:\/\/www.bagnoitalia.com\/de\/produkt\/clark-90-or-110-cm-wall-hung-bathroom-cabinet-in-2-colours-with-countertop-washbasin-and-mirror-2.html","title":{"rendered":"Clark 90 oder 110 cm wandh\u00e4ngender Badezimmerschrank in 2 Farben mit Aufsatzwaschtisch und Spiegel"},"content":{"rendered":"<p>90 oder 110 cm &#8218;CLARK&#8216; BADEZIMMERM\u00d6BEL<\/p>\n<p>&nbsp;<\/p>\n<p>&nbsp;<\/p>\n<p>VERF\u00dcGBARE TYPEN<\/p>\n<p>&nbsp;<\/p>\n<p>&nbsp;<\/p>\n<p>Die Badm\u00f6bel sind in zwei Gr\u00f6\u00dfen erh\u00e4ltlich<\/p>\n<p>&#8211; 90xP46xH40 cm<\/p>\n<p>&#8211; 110xP46xH40 cm<\/p>\n<p>&nbsp;<\/p>\n<p>&nbsp;<\/p>\n<p>Zweifarbig, mit einer Auswahl der folgenden Kombinationen<\/p>\n<p>&#8211; Struktur in Schieferfarbe und Front in Nussbaumfarbe<\/p>\n<p>&#8211; Struktur in Nussbaumfarbe und Front in Salbei-Gr\u00fcn<\/p>\n<p>&nbsp;<\/p>\n<p>&nbsp;<\/p>\n<p>Es ist auch m\u00f6glich, die Komposition mit einer H\u00e4nges\u00e4ule (in der gleichen Farbe wie der Schrank) mit den Ma\u00dfen 30xT24xH150 cm zu kombinieren, indem man sie aus dem Dropdown-Men\u00fc ausw\u00e4hlt<\/p>\n<p>&nbsp;<\/p>\n<p>&nbsp;<\/p>\n<p>HAUPTMERKMALE DES PRODUKTS<\/p>\n<p>&nbsp;<\/p>\n<p>&nbsp;<\/p>\n<p>Moderner Badezimmerschrank, wandh\u00e4ngende Installation<\/p>\n<p>Bestehend aus einer Schublade mit einem verdeckten Auszug im Inneren<\/p>\n<p>Rillen\u00f6ffnung, Soft-Close<\/p>\n<p>Aufsatzwaschtisch wei\u00df gl\u00e4nzend, 47,5xT35xH13,5 cm<\/p>\n<p>Schrankplatte 4 cm stark, NICHT gelocht<\/p>\n<p>Runder Spiegel mit Siebdruckrahmen \u00d8 80 cm<\/p>\n<p>Wasserh\u00e4hne nicht enthalten<\/p>\n<p>\u00dcberlaufloch NICHT enthalten<\/p>\n<p>Inklusive Montageb\u00fcgel<\/p>\n<p>S\u00e4ule (optional) umkehrbar, mit verstellbaren Innenb\u00f6den und Soft-Close-Mechanismus<\/p>\n<p>&nbsp;<\/p>\n<p>&nbsp;<\/p>\n<p>MATERIAL<\/p>\n<p>&nbsp;<\/p>\n<p>&nbsp;<\/p>\n<p>Schrankstruktur aus MDF mit PVC-Beschichtung<\/p>\n<p>Waschbecken aus Keramik<\/p>\n<p>S\u00e4ulenstruktur aus PVC-beschichtetem MDF<\/p>\n<p>&nbsp;<\/p>\n<p>&nbsp;<\/p>\n<p>&nbsp;<\/p>\n<p>&nbsp;<\/p>\n<p>&nbsp;<\/p>\n<p>&nbsp;<\/p>\n<p>&nbsp;<\/p>\n<p>&nbsp;<\/p>\n<p>806001 806004<br \/>\n806002 806005<br \/>\n806003 806006<\/p>\n<p>&nbsp;<\/p>\n<p>&nbsp;<\/p>\n","protected":false},"excerpt":{"rendered":"<p>Moderne Badezimmerm\u00f6bel aus MDF in zwei Farbkombinationen: Schieferstruktur mit Nussbaumfront oder Nussbaumstruktur mit salbeigr\u00fcner Front. Das M\u00f6bel besteht aus einer Kommode mit einer verdeckten Schublade im Inneren. Das Keramikwaschbecken und der runde Spiegel mit Siebdruck sind im Preis inbegriffen.<\/p>\n","protected":false},"featured_media":74333,"comment_status":"open","ping_status":"closed","template":"","meta":[],"product_brand":[5018],"product_cat":[9720,9724],"product_tag":[],"class_list":{"0":"post-84238","1":"product","2":"type-product","3":"status-publish","4":"has-post-thumbnail","6":"product_brand-brand-store","7":"product_cat-badmobel-von-71-bis-100-cm-moderne-mobel","8":"product_cat-badmobel-von-101-bis-220-cm-moderne-mobel","10":"first","11":"instock","12":"sale","13":"taxable","14":"shipping-taxable","15":"purchasable","16":"product-type-simple"},"exclude_global_add_ons":false,"addons":[{"name":"Farbe","type":"multiple_choice","position":0,"required":true,"title_format":"heading","default":"","description_enable":false,"description":"","placeholder_enable":false,"placeholder":"","display":"select","restrictions_type":"any_text","adjust_price":false,"price":"","price_type":"flat_fee","restrictions":false,"min":"0","max":"0","options":[{"label":"mit Schieferstruktur und Walnussfront","price":"","price_type":"quantity_based","image":0,"visibility":true},{"label":"mit Walnussstruktur und Salbeigr\u00fcnfront","price":"","price_type":"quantity_based","image":0,"visibility":true}],"id":1717503734},{"name":"Ma\u00dfe","type":"multiple_choice","position":1,"required":true,"title_format":"heading","default":"","description_enable":false,"description":"","placeholder_enable":false,"placeholder":"","display":"select","restrictions_type":"any_text","adjust_price":false,"price":"","price_type":"flat_fee","restrictions":false,"min":"0","max":"0","options":[{"label":"90 cm","price":"","price_type":"quantity_based","image":0,"visibility":true},{"label":"110 cm","price":"50","price_type":"quantity_based","image":0,"visibility":true}],"id":1717503735},{"name":"Spalte","type":"multiple_choice","position":2,"required":true,"title_format":"heading","default":"","description_enable":false,"description":"","placeholder_enable":false,"placeholder":"","display":"select","restrictions_type":"any_text","adjust_price":false,"price":"","price_type":"flat_fee","restrictions":false,"min":"0","max":"0","options":[{"label":"KEINE Spalte","price":"","price_type":"quantity_based","image":0,"visibility":true},{"label":"eine Spalte 30x24xH150 cm","price":"309","price_type":"quantity_based","image":0,"visibility":true}],"id":1717503736}],"yoast_head":"<!-- This site is optimized with the Yoast SEO plugin v26.7 - https:\/\/yoast.com\/wordpress\/plugins\/seo\/ -->\n<title>Clark 90 oder 110 cm wandh\u00e4ngender Badezimmerschrank in 2 Farben mit Aufsatzwaschtisch und Spiegel<\/title>\n<meta name=\"description\" content=\"Moderne Badezimmerm\u00f6bel aus MDF in zwei Farbkombinationen: Schieferstruktur mit Nussbaumfront oder Nussbaumstruktur mit salbeigr\u00fcner Front. Das M\u00f6bel besteht aus einer Kommode mit einer verdeckten Schublade im Inneren. Das Keramikwaschbecken und der runde Spiegel mit Siebdruck sind im Preis inbegriffen.\" \/>\n<meta name=\"robots\" content=\"index, follow, max-snippet:-1, max-image-preview:large, max-video-preview:-1\" \/>\n<link rel=\"canonical\" href=\"https:\/\/www.bagnoitalia.com\/de\/produkt\/clark-90-or-110-cm-wall-hung-bathroom-cabinet-in-2-colours-with-countertop-washbasin-and-mirror-2.html\" \/>\n<meta property=\"og:locale\" content=\"de_DE\" \/>\n<meta property=\"og:type\" content=\"article\" \/>\n<meta property=\"og:title\" content=\"Clark 90 oder 110 cm wandh\u00e4ngender Badezimmerschrank in 2 Farben mit Aufsatzwaschtisch und Spiegel\" \/>\n<meta property=\"og:description\" content=\"Moderne Badezimmerm\u00f6bel aus MDF in zwei Farbkombinationen: Schieferstruktur mit Nussbaumfront oder Nussbaumstruktur mit salbeigr\u00fcner Front. Das M\u00f6bel besteht aus einer Kommode mit einer verdeckten Schublade im Inneren. Das Keramikwaschbecken und der runde Spiegel mit Siebdruck sind im Preis inbegriffen.\" \/>\n<meta property=\"og:url\" content=\"https:\/\/www.bagnoitalia.com\/de\/produkt\/clark-90-or-110-cm-wall-hung-bathroom-cabinet-in-2-colours-with-countertop-washbasin-and-mirror-2.html\" \/>\n<meta property=\"og:site_name\" content=\"Bagno Italia\" \/>\n<meta property=\"article:modified_time\" content=\"2024-06-04T10:22:14+00:00\" \/>\n<meta property=\"og:image\" content=\"https:\/\/img.bagnoitalia.com\/wp-content\/uploads\/virtuemart\/product\/mobile-bagno-sospeso-90-110-cm-noce-salvia-lavabo-colonna-specchio-1.jpg\" \/>\n\t<meta property=\"og:image:width\" content=\"550\" \/>\n\t<meta property=\"og:image:height\" content=\"550\" \/>\n\t<meta property=\"og:image:type\" content=\"image\/jpeg\" \/>\n<meta name=\"twitter:card\" content=\"summary_large_image\" \/>\n<meta name=\"twitter:label1\" content=\"Gesch\u00e4tzte Lesezeit\" \/>\n\t<meta name=\"twitter:data1\" content=\"1\u00a0Minute\" \/>\n<script type=\"application\/ld+json\" class=\"yoast-schema-graph\">{\"@context\":\"https:\/\/schema.org\",\"@graph\":[{\"@type\":\"WebPage\",\"@id\":\"https:\/\/www.bagnoitalia.com\/de\/produkt\/clark-90-or-110-cm-wall-hung-bathroom-cabinet-in-2-colours-with-countertop-washbasin-and-mirror-2.html\",\"url\":\"https:\/\/www.bagnoitalia.com\/de\/produkt\/clark-90-or-110-cm-wall-hung-bathroom-cabinet-in-2-colours-with-countertop-washbasin-and-mirror-2.html\",\"name\":\"Clark 90 oder 110 cm wandh\u00e4ngender Badezimmerschrank in 2 Farben mit Aufsatzwaschtisch und Spiegel\",\"isPartOf\":{\"@id\":\"https:\/\/www.bagnoitalia.com\/de#website\"},\"primaryImageOfPage\":{\"@id\":\"https:\/\/www.bagnoitalia.com\/de\/produkt\/clark-90-or-110-cm-wall-hung-bathroom-cabinet-in-2-colours-with-countertop-washbasin-and-mirror-2.html#primaryimage\"},\"image\":{\"@id\":\"https:\/\/www.bagnoitalia.com\/de\/produkt\/clark-90-or-110-cm-wall-hung-bathroom-cabinet-in-2-colours-with-countertop-washbasin-and-mirror-2.html#primaryimage\"},\"thumbnailUrl\":\"https:\/\/img.bagnoitalia.com\/wp-content\/uploads\/virtuemart\/product\/mobile-bagno-sospeso-90-110-cm-noce-salvia-lavabo-colonna-specchio-1.jpg\",\"datePublished\":\"2024-04-04T11:55:43+00:00\",\"dateModified\":\"2024-06-04T10:22:14+00:00\",\"description\":\"Moderne Badezimmerm\u00f6bel aus MDF in zwei Farbkombinationen: Schieferstruktur mit Nussbaumfront oder Nussbaumstruktur mit salbeigr\u00fcner Front. Das M\u00f6bel besteht aus einer Kommode mit einer verdeckten Schublade im Inneren. Das Keramikwaschbecken und der runde Spiegel mit Siebdruck sind im Preis inbegriffen.\",\"breadcrumb\":{\"@id\":\"https:\/\/www.bagnoitalia.com\/de\/produkt\/clark-90-or-110-cm-wall-hung-bathroom-cabinet-in-2-colours-with-countertop-washbasin-and-mirror-2.html#breadcrumb\"},\"inLanguage\":\"de\",\"potentialAction\":[{\"@type\":\"ReadAction\",\"target\":[\"https:\/\/www.bagnoitalia.com\/de\/produkt\/clark-90-or-110-cm-wall-hung-bathroom-cabinet-in-2-colours-with-countertop-washbasin-and-mirror-2.html\"]}]},{\"@type\":\"ImageObject\",\"inLanguage\":\"de\",\"@id\":\"https:\/\/www.bagnoitalia.com\/de\/produkt\/clark-90-or-110-cm-wall-hung-bathroom-cabinet-in-2-colours-with-countertop-washbasin-and-mirror-2.html#primaryimage\",\"url\":\"https:\/\/img.bagnoitalia.com\/wp-content\/uploads\/virtuemart\/product\/mobile-bagno-sospeso-90-110-cm-noce-salvia-lavabo-colonna-specchio-1.jpg\",\"contentUrl\":\"https:\/\/img.bagnoitalia.com\/wp-content\/uploads\/virtuemart\/product\/mobile-bagno-sospeso-90-110-cm-noce-salvia-lavabo-colonna-specchio-1.jpg\",\"width\":550,\"height\":550},{\"@type\":\"BreadcrumbList\",\"@id\":\"https:\/\/www.bagnoitalia.com\/de\/produkt\/clark-90-or-110-cm-wall-hung-bathroom-cabinet-in-2-colours-with-countertop-washbasin-and-mirror-2.html#breadcrumb\",\"itemListElement\":[{\"@type\":\"ListItem\",\"position\":1,\"name\":\"Home\",\"item\":\"https:\/\/www.bagnoitalia.com\/de\"},{\"@type\":\"ListItem\",\"position\":2,\"name\":\"Produkte\",\"item\":\"https:\/\/www.bagnoitalia.com\/de\/shop\"},{\"@type\":\"ListItem\",\"position\":3,\"name\":\"Clark 90 oder 110 cm wandh\u00e4ngender Badezimmerschrank in 2 Farben mit Aufsatzwaschtisch und Spiegel\"}]},{\"@type\":\"WebSite\",\"@id\":\"https:\/\/www.bagnoitalia.com\/de#website\",\"url\":\"https:\/\/www.bagnoitalia.com\/de\",\"name\":\"Bagno Italia\",\"description\":\"\",\"publisher\":{\"@id\":\"https:\/\/www.bagnoitalia.com\/de#organization\"},\"potentialAction\":[{\"@type\":\"SearchAction\",\"target\":{\"@type\":\"EntryPoint\",\"urlTemplate\":\"https:\/\/www.bagnoitalia.com\/de?s={search_term_string}\"},\"query-input\":{\"@type\":\"PropertyValueSpecification\",\"valueRequired\":true,\"valueName\":\"search_term_string\"}}],\"inLanguage\":\"de\"},{\"@type\":\"Organization\",\"@id\":\"https:\/\/www.bagnoitalia.com\/de#organization\",\"name\":\"Bagno Italia\",\"url\":\"https:\/\/www.bagnoitalia.com\/de\",\"logo\":{\"@type\":\"ImageObject\",\"inLanguage\":\"de\",\"@id\":\"https:\/\/www.bagnoitalia.com\/de#\/schema\/logo\/image\/\",\"url\":\"https:\/\/img.bagnoitalia.com\/wp-content\/uploads\/logo-bagnoitalia.webp\",\"contentUrl\":\"https:\/\/img.bagnoitalia.com\/wp-content\/uploads\/logo-bagnoitalia.webp\",\"width\":400,\"height\":70,\"caption\":\"Bagno Italia\"},\"image\":{\"@id\":\"https:\/\/www.bagnoitalia.com\/de#\/schema\/logo\/image\/\"}}]}<\/script>\n<!-- \/ Yoast SEO plugin. -->","yoast_head_json":{"title":"Clark 90 oder 110 cm wandh\u00e4ngender Badezimmerschrank in 2 Farben mit Aufsatzwaschtisch und Spiegel","description":"Moderne Badezimmerm\u00f6bel aus MDF in zwei Farbkombinationen: Schieferstruktur mit Nussbaumfront oder Nussbaumstruktur mit salbeigr\u00fcner Front. Das M\u00f6bel besteht aus einer Kommode mit einer verdeckten Schublade im Inneren. Das Keramikwaschbecken und der runde Spiegel mit Siebdruck sind im Preis inbegriffen.","robots":{"index":"index","follow":"follow","max-snippet":"max-snippet:-1","max-image-preview":"max-image-preview:large","max-video-preview":"max-video-preview:-1"},"canonical":"https:\/\/www.bagnoitalia.com\/de\/produkt\/clark-90-or-110-cm-wall-hung-bathroom-cabinet-in-2-colours-with-countertop-washbasin-and-mirror-2.html","og_locale":"de_DE","og_type":"article","og_title":"Clark 90 oder 110 cm wandh\u00e4ngender Badezimmerschrank in 2 Farben mit Aufsatzwaschtisch und Spiegel","og_description":"Moderne Badezimmerm\u00f6bel aus MDF in zwei Farbkombinationen: Schieferstruktur mit Nussbaumfront oder Nussbaumstruktur mit salbeigr\u00fcner Front. Das M\u00f6bel besteht aus einer Kommode mit einer verdeckten Schublade im Inneren. Das Keramikwaschbecken und der runde Spiegel mit Siebdruck sind im Preis inbegriffen.","og_url":"https:\/\/www.bagnoitalia.com\/de\/produkt\/clark-90-or-110-cm-wall-hung-bathroom-cabinet-in-2-colours-with-countertop-washbasin-and-mirror-2.html","og_site_name":"Bagno Italia","article_modified_time":"2024-06-04T10:22:14+00:00","og_image":[{"width":550,"height":550,"url":"https:\/\/img.bagnoitalia.com\/wp-content\/uploads\/virtuemart\/product\/mobile-bagno-sospeso-90-110-cm-noce-salvia-lavabo-colonna-specchio-1.jpg","type":"image\/jpeg"}],"twitter_card":"summary_large_image","twitter_misc":{"Gesch\u00e4tzte Lesezeit":"1\u00a0Minute"},"schema":{"@context":"https:\/\/schema.org","@graph":[{"@type":"WebPage","@id":"https:\/\/www.bagnoitalia.com\/de\/produkt\/clark-90-or-110-cm-wall-hung-bathroom-cabinet-in-2-colours-with-countertop-washbasin-and-mirror-2.html","url":"https:\/\/www.bagnoitalia.com\/de\/produkt\/clark-90-or-110-cm-wall-hung-bathroom-cabinet-in-2-colours-with-countertop-washbasin-and-mirror-2.html","name":"Clark 90 oder 110 cm wandh\u00e4ngender Badezimmerschrank in 2 Farben mit Aufsatzwaschtisch und Spiegel","isPartOf":{"@id":"https:\/\/www.bagnoitalia.com\/de#website"},"primaryImageOfPage":{"@id":"https:\/\/www.bagnoitalia.com\/de\/produkt\/clark-90-or-110-cm-wall-hung-bathroom-cabinet-in-2-colours-with-countertop-washbasin-and-mirror-2.html#primaryimage"},"image":{"@id":"https:\/\/www.bagnoitalia.com\/de\/produkt\/clark-90-or-110-cm-wall-hung-bathroom-cabinet-in-2-colours-with-countertop-washbasin-and-mirror-2.html#primaryimage"},"thumbnailUrl":"https:\/\/img.bagnoitalia.com\/wp-content\/uploads\/virtuemart\/product\/mobile-bagno-sospeso-90-110-cm-noce-salvia-lavabo-colonna-specchio-1.jpg","datePublished":"2024-04-04T11:55:43+00:00","dateModified":"2024-06-04T10:22:14+00:00","description":"Moderne Badezimmerm\u00f6bel aus MDF in zwei Farbkombinationen: Schieferstruktur mit Nussbaumfront oder Nussbaumstruktur mit salbeigr\u00fcner Front. Das M\u00f6bel besteht aus einer Kommode mit einer verdeckten Schublade im Inneren. Das Keramikwaschbecken und der runde Spiegel mit Siebdruck sind im Preis inbegriffen.","breadcrumb":{"@id":"https:\/\/www.bagnoitalia.com\/de\/produkt\/clark-90-or-110-cm-wall-hung-bathroom-cabinet-in-2-colours-with-countertop-washbasin-and-mirror-2.html#breadcrumb"},"inLanguage":"de","potentialAction":[{"@type":"ReadAction","target":["https:\/\/www.bagnoitalia.com\/de\/produkt\/clark-90-or-110-cm-wall-hung-bathroom-cabinet-in-2-colours-with-countertop-washbasin-and-mirror-2.html"]}]},{"@type":"ImageObject","inLanguage":"de","@id":"https:\/\/www.bagnoitalia.com\/de\/produkt\/clark-90-or-110-cm-wall-hung-bathroom-cabinet-in-2-colours-with-countertop-washbasin-and-mirror-2.html#primaryimage","url":"https:\/\/img.bagnoitalia.com\/wp-content\/uploads\/virtuemart\/product\/mobile-bagno-sospeso-90-110-cm-noce-salvia-lavabo-colonna-specchio-1.jpg","contentUrl":"https:\/\/img.bagnoitalia.com\/wp-content\/uploads\/virtuemart\/product\/mobile-bagno-sospeso-90-110-cm-noce-salvia-lavabo-colonna-specchio-1.jpg","width":550,"height":550},{"@type":"BreadcrumbList","@id":"https:\/\/www.bagnoitalia.com\/de\/produkt\/clark-90-or-110-cm-wall-hung-bathroom-cabinet-in-2-colours-with-countertop-washbasin-and-mirror-2.html#breadcrumb","itemListElement":[{"@type":"ListItem","position":1,"name":"Home","item":"https:\/\/www.bagnoitalia.com\/de"},{"@type":"ListItem","position":2,"name":"Produkte","item":"https:\/\/www.bagnoitalia.com\/de\/shop"},{"@type":"ListItem","position":3,"name":"Clark 90 oder 110 cm wandh\u00e4ngender Badezimmerschrank in 2 Farben mit Aufsatzwaschtisch und Spiegel"}]},{"@type":"WebSite","@id":"https:\/\/www.bagnoitalia.com\/de#website","url":"https:\/\/www.bagnoitalia.com\/de","name":"Bagno Italia","description":"","publisher":{"@id":"https:\/\/www.bagnoitalia.com\/de#organization"},"potentialAction":[{"@type":"SearchAction","target":{"@type":"EntryPoint","urlTemplate":"https:\/\/www.bagnoitalia.com\/de?s={search_term_string}"},"query-input":{"@type":"PropertyValueSpecification","valueRequired":true,"valueName":"search_term_string"}}],"inLanguage":"de"},{"@type":"Organization","@id":"https:\/\/www.bagnoitalia.com\/de#organization","name":"Bagno Italia","url":"https:\/\/www.bagnoitalia.com\/de","logo":{"@type":"ImageObject","inLanguage":"de","@id":"https:\/\/www.bagnoitalia.com\/de#\/schema\/logo\/image\/","url":"https:\/\/img.bagnoitalia.com\/wp-content\/uploads\/logo-bagnoitalia.webp","contentUrl":"https:\/\/img.bagnoitalia.com\/wp-content\/uploads\/logo-bagnoitalia.webp","width":400,"height":70,"caption":"Bagno Italia"},"image":{"@id":"https:\/\/www.bagnoitalia.com\/de#\/schema\/logo\/image\/"}}]}},"_links":{"self":[{"href":"https:\/\/www.bagnoitalia.com\/de\/wp-json\/wp\/v2\/product\/84238","targetHints":{"allow":["GET"]}}],"collection":[{"href":"https:\/\/www.bagnoitalia.com\/de\/wp-json\/wp\/v2\/product"}],"about":[{"href":"https:\/\/www.bagnoitalia.com\/de\/wp-json\/wp\/v2\/types\/product"}],"replies":[{"embeddable":true,"href":"https:\/\/www.bagnoitalia.com\/de\/wp-json\/wp\/v2\/comments?post=84238"}],"version-history":[{"count":1,"href":"https:\/\/www.bagnoitalia.com\/de\/wp-json\/wp\/v2\/product\/84238\/revisions"}],"predecessor-version":[{"id":89245,"href":"https:\/\/www.bagnoitalia.com\/de\/wp-json\/wp\/v2\/product\/84238\/revisions\/89245"}],"wp:featuredmedia":[{"embeddable":true,"href":"https:\/\/www.bagnoitalia.com\/de\/wp-json\/wp\/v2\/media\/74333"}],"wp:attachment":[{"href":"https:\/\/www.bagnoitalia.com\/de\/wp-json\/wp\/v2\/media?parent=84238"}],"wp:term":[{"taxonomy":"product_brand","embeddable":true,"href":"https:\/\/www.bagnoitalia.com\/de\/wp-json\/wp\/v2\/product_brand?post=84238"},{"taxonomy":"product_cat","embeddable":true,"href":"https:\/\/www.bagnoitalia.com\/de\/wp-json\/wp\/v2\/product_cat?post=84238"},{"taxonomy":"product_tag","embeddable":true,"href":"https:\/\/www.bagnoitalia.com\/de\/wp-json\/wp\/v2\/product_tag?post=84238"}],"curies":[{"name":"wp","href":"https:\/\/api.w.org\/{rel}","templated":true}]}}