{"id":84218,"date":"2024-03-07T15:09:07","date_gmt":"2024-03-07T14:09:07","guid":{"rendered":"https:\/\/www.bagnoitalia.com\/product\/melissa-sofa-bed-76x191-cm-4-colours-velvet-or-fabric-black-or-gold-metal-legs-2"},"modified":"2024-06-18T14:28:20","modified_gmt":"2024-06-18T12:28:20","slug":"melissa-sofa-bed-76x191-cm-4-colours-velvet-or-fabric-black-or-gold-metal-legs-2","status":"publish","type":"product","link":"https:\/\/www.bagnoitalia.com\/de\/produkt\/melissa-sofa-bed-76x191-cm-4-colours-velvet-or-fabric-black-or-gold-metal-legs-2.html","title":{"rendered":"Melissa Schlafsofa 76&#215;191 cm 4 Farben Samt oder Stoff schwarz oder gold Metallbeine"},"content":{"rendered":"<p>76 cm SOFA-BETT Modell &#8222;MELISSA<\/p>\n<p>&nbsp;<\/p>\n<p>&nbsp;<\/p>\n<p>&nbsp;<\/p>\n<p>&nbsp;<\/p>\n<p>VERF\u00dcGBARE TYPEN<\/p>\n<p>U-f\u00f6rmige Metallbeine in zwei Farben zur Auswahl:<\/p>\n<p>Schwarz<br \/>\nGold<\/p>\n<p>4 Polstervarianten verf\u00fcgbar<\/p>\n<p>Teddy-Stoff, wei\u00df<br \/>\nKord, hellgrau<br \/>\nKord, t\u00fcrkis<br \/>\nKord, gelb<\/p>\n<p>&nbsp;<\/p>\n<p>&nbsp;<\/p>\n<p>TYP \u00dcBER DROPDOWN-MEN\u00dc AUSW\u00c4HLEN<\/p>\n<p>&nbsp;<\/p>\n<p>&nbsp;<\/p>\n<p>&nbsp;<\/p>\n<p>PRODUKTSPEZIFIKATIONEN<\/p>\n<p>Einsitzer-Sofa, ab 76xT82xH84 cm<\/p>\n<p>Umklappbar in eine Bettposition von 76xP191H33 cm<\/p>\n<p>Verstellbare R\u00fcckenlehne in 6 Positionen, mit Click-Clac-System<\/p>\n<p>Inklusive passendem Kissen<\/p>\n<p>4 sichtbare U-f\u00f6rmige Beine (schwarzes oder goldenes Metall) + 4 abnehmbare schwarze Metallf\u00fc\u00dfe f\u00fcr die Bettposition<\/p>\n<p>&nbsp;<\/p>\n<p>&nbsp;<\/p>\n<p>&nbsp;<\/p>\n<p>&nbsp;<\/p>\n<p>&nbsp;<\/p>\n<p>&nbsp;<\/p>\n<p>&nbsp;<\/p>\n<p>&nbsp;<\/p>\n<p>&nbsp;<\/p>\n<p>&nbsp;<\/p>\n<p>&nbsp;<\/p>\n<p>&nbsp;<\/p>\n<p>&nbsp;<\/p>\n<p>&nbsp;<\/p>\n<p>&nbsp;<\/p>\n<p>&nbsp;<\/p>\n<p>&nbsp;<\/p>\n<p>&nbsp;<\/p>\n<p>&nbsp;<\/p>\n<p>&nbsp;<\/p>\n<p>Terat<\/p>\n<p>&nbsp;<\/p>\n","protected":false},"excerpt":{"rendered":"<p>Platzsparendes Einsitzer-Sofa mit passendem Kissen, erh\u00e4ltlich in wei\u00dfem Teddystoff, gelbem Samt, grauem Samt oder t\u00fcrkisem Samt. Aufklappbar und mit verstellbarer R\u00fcckenlehne f\u00fcr die Bettposition. Metallf\u00fc\u00dfe in zwei Farben zur Auswahl: schwarz oder gold.<\/p>\n","protected":false},"featured_media":74109,"comment_status":"open","ping_status":"closed","template":"","meta":[],"product_brand":[5006],"product_cat":[9796],"product_tag":[],"class_list":{"0":"post-84218","1":"product","2":"type-product","3":"status-publish","4":"has-post-thumbnail","6":"product_brand-deghi","7":"product_cat-schlafsofa-inneneinrichtung","9":"first","10":"instock","11":"sale","12":"taxable","13":"shipping-taxable","14":"purchasable","15":"product-type-simple"},"exclude_global_add_ons":false,"addons":[{"name":"Typologie","type":"multiple_choice","position":0,"required":true,"title_format":"heading","default":"","description_enable":false,"description":"","placeholder_enable":false,"placeholder":"","display":"select","restrictions_type":"any_text","adjust_price":false,"price":"","price_type":"flat_fee","restrictions":false,"min":"0","max":"0","options":[{"label":"U-f\u00f6rmige Beine in schwarz","price":"","price_type":"quantity_based","image":0,"visibility":true},{"label":"U-f\u00f6rmige Beine in Gold","price":"","price_type":"quantity_based","image":0,"visibility":true}],"id":1718720900},{"name":"Farbe","type":"multiple_choice","position":1,"required":true,"title_format":"heading","default":"","description_enable":false,"description":"","placeholder_enable":false,"placeholder":"","display":"select","restrictions_type":"any_text","adjust_price":false,"price":"","price_type":"flat_fee","restrictions":false,"min":"0","max":"0","options":[{"label":"Teddy-Stoff wei\u00df","price":"","price_type":"quantity_based","image":0,"visibility":true},{"label":"Kord hellgrau","price":"","price_type":"quantity_based","image":0,"visibility":true},{"label":"Kord t\u00fcrkis","price":"","price_type":"quantity_based","image":0,"visibility":true},{"label":"Kord gelb","price":"","price_type":"quantity_based","image":0,"visibility":true}],"id":1718720901}],"yoast_head":"<!-- This site is optimized with the Yoast SEO plugin v26.7 - https:\/\/yoast.com\/wordpress\/plugins\/seo\/ -->\n<title>Melissa Schlafsofa 76x191 cm 4 Farben Samt oder Stoff schwarz oder gold Metallbeine<\/title>\n<meta name=\"description\" content=\"Platzsparendes Einsitzer-Sofa mit passendem Kissen, erh\u00e4ltlich in wei\u00dfem Teddystoff, gelbem Samt, grauem Samt oder t\u00fcrkisem Samt. Aufklappbar und mit verstellbarer R\u00fcckenlehne f\u00fcr die Bettposition. Metallf\u00fc\u00dfe in zwei Farben zur Auswahl: schwarz oder gold.\" \/>\n<meta name=\"robots\" content=\"index, follow, max-snippet:-1, max-image-preview:large, max-video-preview:-1\" \/>\n<link rel=\"canonical\" href=\"https:\/\/www.bagnoitalia.com\/de\/produkt\/melissa-sofa-bed-76x191-cm-4-colours-velvet-or-fabric-black-or-gold-metal-legs-2.html\" \/>\n<meta property=\"og:locale\" content=\"de_DE\" \/>\n<meta property=\"og:type\" content=\"article\" \/>\n<meta property=\"og:title\" content=\"Melissa Schlafsofa 76x191 cm 4 Farben Samt oder Stoff schwarz oder gold Metallbeine\" \/>\n<meta property=\"og:description\" content=\"Platzsparendes Einsitzer-Sofa mit passendem Kissen, erh\u00e4ltlich in wei\u00dfem Teddystoff, gelbem Samt, grauem Samt oder t\u00fcrkisem Samt. Aufklappbar und mit verstellbarer R\u00fcckenlehne f\u00fcr die Bettposition. Metallf\u00fc\u00dfe in zwei Farben zur Auswahl: schwarz oder gold.\" \/>\n<meta property=\"og:url\" content=\"https:\/\/www.bagnoitalia.com\/de\/produkt\/melissa-sofa-bed-76x191-cm-4-colours-velvet-or-fabric-black-or-gold-metal-legs-2.html\" \/>\n<meta property=\"og:site_name\" content=\"Bagno Italia\" \/>\n<meta property=\"article:modified_time\" content=\"2024-06-18T12:28:20+00:00\" \/>\n<meta property=\"og:image\" content=\"https:\/\/img.bagnoitalia.com\/wp-content\/uploads\/virtuemart\/product\/divano-letto-tessuto-velluto-gambe-metallo-1.jpg\" \/>\n\t<meta property=\"og:image:width\" content=\"550\" \/>\n\t<meta property=\"og:image:height\" content=\"550\" \/>\n\t<meta property=\"og:image:type\" content=\"image\/jpeg\" \/>\n<meta name=\"twitter:card\" content=\"summary_large_image\" \/>\n<meta name=\"twitter:label1\" content=\"Gesch\u00e4tzte Lesezeit\" \/>\n\t<meta name=\"twitter:data1\" content=\"1\u00a0Minute\" \/>\n<script type=\"application\/ld+json\" class=\"yoast-schema-graph\">{\"@context\":\"https:\/\/schema.org\",\"@graph\":[{\"@type\":\"WebPage\",\"@id\":\"https:\/\/www.bagnoitalia.com\/de\/produkt\/melissa-sofa-bed-76x191-cm-4-colours-velvet-or-fabric-black-or-gold-metal-legs-2.html\",\"url\":\"https:\/\/www.bagnoitalia.com\/de\/produkt\/melissa-sofa-bed-76x191-cm-4-colours-velvet-or-fabric-black-or-gold-metal-legs-2.html\",\"name\":\"Melissa Schlafsofa 76x191 cm 4 Farben Samt oder Stoff schwarz oder gold Metallbeine\",\"isPartOf\":{\"@id\":\"https:\/\/www.bagnoitalia.com\/de#website\"},\"primaryImageOfPage\":{\"@id\":\"https:\/\/www.bagnoitalia.com\/de\/produkt\/melissa-sofa-bed-76x191-cm-4-colours-velvet-or-fabric-black-or-gold-metal-legs-2.html#primaryimage\"},\"image\":{\"@id\":\"https:\/\/www.bagnoitalia.com\/de\/produkt\/melissa-sofa-bed-76x191-cm-4-colours-velvet-or-fabric-black-or-gold-metal-legs-2.html#primaryimage\"},\"thumbnailUrl\":\"https:\/\/img.bagnoitalia.com\/wp-content\/uploads\/virtuemart\/product\/divano-letto-tessuto-velluto-gambe-metallo-1.jpg\",\"datePublished\":\"2024-03-07T14:09:07+00:00\",\"dateModified\":\"2024-06-18T12:28:20+00:00\",\"description\":\"Platzsparendes Einsitzer-Sofa mit passendem Kissen, erh\u00e4ltlich in wei\u00dfem Teddystoff, gelbem Samt, grauem Samt oder t\u00fcrkisem Samt. Aufklappbar und mit verstellbarer R\u00fcckenlehne f\u00fcr die Bettposition. Metallf\u00fc\u00dfe in zwei Farben zur Auswahl: schwarz oder gold.\",\"breadcrumb\":{\"@id\":\"https:\/\/www.bagnoitalia.com\/de\/produkt\/melissa-sofa-bed-76x191-cm-4-colours-velvet-or-fabric-black-or-gold-metal-legs-2.html#breadcrumb\"},\"inLanguage\":\"de\",\"potentialAction\":[{\"@type\":\"ReadAction\",\"target\":[\"https:\/\/www.bagnoitalia.com\/de\/produkt\/melissa-sofa-bed-76x191-cm-4-colours-velvet-or-fabric-black-or-gold-metal-legs-2.html\"]}]},{\"@type\":\"ImageObject\",\"inLanguage\":\"de\",\"@id\":\"https:\/\/www.bagnoitalia.com\/de\/produkt\/melissa-sofa-bed-76x191-cm-4-colours-velvet-or-fabric-black-or-gold-metal-legs-2.html#primaryimage\",\"url\":\"https:\/\/img.bagnoitalia.com\/wp-content\/uploads\/virtuemart\/product\/divano-letto-tessuto-velluto-gambe-metallo-1.jpg\",\"contentUrl\":\"https:\/\/img.bagnoitalia.com\/wp-content\/uploads\/virtuemart\/product\/divano-letto-tessuto-velluto-gambe-metallo-1.jpg\",\"width\":550,\"height\":550},{\"@type\":\"BreadcrumbList\",\"@id\":\"https:\/\/www.bagnoitalia.com\/de\/produkt\/melissa-sofa-bed-76x191-cm-4-colours-velvet-or-fabric-black-or-gold-metal-legs-2.html#breadcrumb\",\"itemListElement\":[{\"@type\":\"ListItem\",\"position\":1,\"name\":\"Home\",\"item\":\"https:\/\/www.bagnoitalia.com\/de\"},{\"@type\":\"ListItem\",\"position\":2,\"name\":\"Produkte\",\"item\":\"https:\/\/www.bagnoitalia.com\/de\/shop\"},{\"@type\":\"ListItem\",\"position\":3,\"name\":\"Melissa Schlafsofa 76&#215;191 cm 4 Farben Samt oder Stoff schwarz oder gold Metallbeine\"}]},{\"@type\":\"WebSite\",\"@id\":\"https:\/\/www.bagnoitalia.com\/de#website\",\"url\":\"https:\/\/www.bagnoitalia.com\/de\",\"name\":\"Bagno Italia\",\"description\":\"\",\"publisher\":{\"@id\":\"https:\/\/www.bagnoitalia.com\/de#organization\"},\"potentialAction\":[{\"@type\":\"SearchAction\",\"target\":{\"@type\":\"EntryPoint\",\"urlTemplate\":\"https:\/\/www.bagnoitalia.com\/de?s={search_term_string}\"},\"query-input\":{\"@type\":\"PropertyValueSpecification\",\"valueRequired\":true,\"valueName\":\"search_term_string\"}}],\"inLanguage\":\"de\"},{\"@type\":\"Organization\",\"@id\":\"https:\/\/www.bagnoitalia.com\/de#organization\",\"name\":\"Bagno Italia\",\"url\":\"https:\/\/www.bagnoitalia.com\/de\",\"logo\":{\"@type\":\"ImageObject\",\"inLanguage\":\"de\",\"@id\":\"https:\/\/www.bagnoitalia.com\/de#\/schema\/logo\/image\/\",\"url\":\"https:\/\/img.bagnoitalia.com\/wp-content\/uploads\/logo-bagnoitalia.webp\",\"contentUrl\":\"https:\/\/img.bagnoitalia.com\/wp-content\/uploads\/logo-bagnoitalia.webp\",\"width\":400,\"height\":70,\"caption\":\"Bagno Italia\"},\"image\":{\"@id\":\"https:\/\/www.bagnoitalia.com\/de#\/schema\/logo\/image\/\"}}]}<\/script>\n<!-- \/ Yoast SEO plugin. -->","yoast_head_json":{"title":"Melissa Schlafsofa 76x191 cm 4 Farben Samt oder Stoff schwarz oder gold Metallbeine","description":"Platzsparendes Einsitzer-Sofa mit passendem Kissen, erh\u00e4ltlich in wei\u00dfem Teddystoff, gelbem Samt, grauem Samt oder t\u00fcrkisem Samt. Aufklappbar und mit verstellbarer R\u00fcckenlehne f\u00fcr die Bettposition. Metallf\u00fc\u00dfe in zwei Farben zur Auswahl: schwarz oder gold.","robots":{"index":"index","follow":"follow","max-snippet":"max-snippet:-1","max-image-preview":"max-image-preview:large","max-video-preview":"max-video-preview:-1"},"canonical":"https:\/\/www.bagnoitalia.com\/de\/produkt\/melissa-sofa-bed-76x191-cm-4-colours-velvet-or-fabric-black-or-gold-metal-legs-2.html","og_locale":"de_DE","og_type":"article","og_title":"Melissa Schlafsofa 76x191 cm 4 Farben Samt oder Stoff schwarz oder gold Metallbeine","og_description":"Platzsparendes Einsitzer-Sofa mit passendem Kissen, erh\u00e4ltlich in wei\u00dfem Teddystoff, gelbem Samt, grauem Samt oder t\u00fcrkisem Samt. Aufklappbar und mit verstellbarer R\u00fcckenlehne f\u00fcr die Bettposition. Metallf\u00fc\u00dfe in zwei Farben zur Auswahl: schwarz oder gold.","og_url":"https:\/\/www.bagnoitalia.com\/de\/produkt\/melissa-sofa-bed-76x191-cm-4-colours-velvet-or-fabric-black-or-gold-metal-legs-2.html","og_site_name":"Bagno Italia","article_modified_time":"2024-06-18T12:28:20+00:00","og_image":[{"width":550,"height":550,"url":"https:\/\/img.bagnoitalia.com\/wp-content\/uploads\/virtuemart\/product\/divano-letto-tessuto-velluto-gambe-metallo-1.jpg","type":"image\/jpeg"}],"twitter_card":"summary_large_image","twitter_misc":{"Gesch\u00e4tzte Lesezeit":"1\u00a0Minute"},"schema":{"@context":"https:\/\/schema.org","@graph":[{"@type":"WebPage","@id":"https:\/\/www.bagnoitalia.com\/de\/produkt\/melissa-sofa-bed-76x191-cm-4-colours-velvet-or-fabric-black-or-gold-metal-legs-2.html","url":"https:\/\/www.bagnoitalia.com\/de\/produkt\/melissa-sofa-bed-76x191-cm-4-colours-velvet-or-fabric-black-or-gold-metal-legs-2.html","name":"Melissa Schlafsofa 76x191 cm 4 Farben Samt oder Stoff schwarz oder gold Metallbeine","isPartOf":{"@id":"https:\/\/www.bagnoitalia.com\/de#website"},"primaryImageOfPage":{"@id":"https:\/\/www.bagnoitalia.com\/de\/produkt\/melissa-sofa-bed-76x191-cm-4-colours-velvet-or-fabric-black-or-gold-metal-legs-2.html#primaryimage"},"image":{"@id":"https:\/\/www.bagnoitalia.com\/de\/produkt\/melissa-sofa-bed-76x191-cm-4-colours-velvet-or-fabric-black-or-gold-metal-legs-2.html#primaryimage"},"thumbnailUrl":"https:\/\/img.bagnoitalia.com\/wp-content\/uploads\/virtuemart\/product\/divano-letto-tessuto-velluto-gambe-metallo-1.jpg","datePublished":"2024-03-07T14:09:07+00:00","dateModified":"2024-06-18T12:28:20+00:00","description":"Platzsparendes Einsitzer-Sofa mit passendem Kissen, erh\u00e4ltlich in wei\u00dfem Teddystoff, gelbem Samt, grauem Samt oder t\u00fcrkisem Samt. Aufklappbar und mit verstellbarer R\u00fcckenlehne f\u00fcr die Bettposition. Metallf\u00fc\u00dfe in zwei Farben zur Auswahl: schwarz oder gold.","breadcrumb":{"@id":"https:\/\/www.bagnoitalia.com\/de\/produkt\/melissa-sofa-bed-76x191-cm-4-colours-velvet-or-fabric-black-or-gold-metal-legs-2.html#breadcrumb"},"inLanguage":"de","potentialAction":[{"@type":"ReadAction","target":["https:\/\/www.bagnoitalia.com\/de\/produkt\/melissa-sofa-bed-76x191-cm-4-colours-velvet-or-fabric-black-or-gold-metal-legs-2.html"]}]},{"@type":"ImageObject","inLanguage":"de","@id":"https:\/\/www.bagnoitalia.com\/de\/produkt\/melissa-sofa-bed-76x191-cm-4-colours-velvet-or-fabric-black-or-gold-metal-legs-2.html#primaryimage","url":"https:\/\/img.bagnoitalia.com\/wp-content\/uploads\/virtuemart\/product\/divano-letto-tessuto-velluto-gambe-metallo-1.jpg","contentUrl":"https:\/\/img.bagnoitalia.com\/wp-content\/uploads\/virtuemart\/product\/divano-letto-tessuto-velluto-gambe-metallo-1.jpg","width":550,"height":550},{"@type":"BreadcrumbList","@id":"https:\/\/www.bagnoitalia.com\/de\/produkt\/melissa-sofa-bed-76x191-cm-4-colours-velvet-or-fabric-black-or-gold-metal-legs-2.html#breadcrumb","itemListElement":[{"@type":"ListItem","position":1,"name":"Home","item":"https:\/\/www.bagnoitalia.com\/de"},{"@type":"ListItem","position":2,"name":"Produkte","item":"https:\/\/www.bagnoitalia.com\/de\/shop"},{"@type":"ListItem","position":3,"name":"Melissa Schlafsofa 76&#215;191 cm 4 Farben Samt oder Stoff schwarz oder gold Metallbeine"}]},{"@type":"WebSite","@id":"https:\/\/www.bagnoitalia.com\/de#website","url":"https:\/\/www.bagnoitalia.com\/de","name":"Bagno Italia","description":"","publisher":{"@id":"https:\/\/www.bagnoitalia.com\/de#organization"},"potentialAction":[{"@type":"SearchAction","target":{"@type":"EntryPoint","urlTemplate":"https:\/\/www.bagnoitalia.com\/de?s={search_term_string}"},"query-input":{"@type":"PropertyValueSpecification","valueRequired":true,"valueName":"search_term_string"}}],"inLanguage":"de"},{"@type":"Organization","@id":"https:\/\/www.bagnoitalia.com\/de#organization","name":"Bagno Italia","url":"https:\/\/www.bagnoitalia.com\/de","logo":{"@type":"ImageObject","inLanguage":"de","@id":"https:\/\/www.bagnoitalia.com\/de#\/schema\/logo\/image\/","url":"https:\/\/img.bagnoitalia.com\/wp-content\/uploads\/logo-bagnoitalia.webp","contentUrl":"https:\/\/img.bagnoitalia.com\/wp-content\/uploads\/logo-bagnoitalia.webp","width":400,"height":70,"caption":"Bagno Italia"},"image":{"@id":"https:\/\/www.bagnoitalia.com\/de#\/schema\/logo\/image\/"}}]}},"_links":{"self":[{"href":"https:\/\/www.bagnoitalia.com\/de\/wp-json\/wp\/v2\/product\/84218","targetHints":{"allow":["GET"]}}],"collection":[{"href":"https:\/\/www.bagnoitalia.com\/de\/wp-json\/wp\/v2\/product"}],"about":[{"href":"https:\/\/www.bagnoitalia.com\/de\/wp-json\/wp\/v2\/types\/product"}],"replies":[{"embeddable":true,"href":"https:\/\/www.bagnoitalia.com\/de\/wp-json\/wp\/v2\/comments?post=84218"}],"version-history":[{"count":1,"href":"https:\/\/www.bagnoitalia.com\/de\/wp-json\/wp\/v2\/product\/84218\/revisions"}],"predecessor-version":[{"id":90537,"href":"https:\/\/www.bagnoitalia.com\/de\/wp-json\/wp\/v2\/product\/84218\/revisions\/90537"}],"wp:featuredmedia":[{"embeddable":true,"href":"https:\/\/www.bagnoitalia.com\/de\/wp-json\/wp\/v2\/media\/74109"}],"wp:attachment":[{"href":"https:\/\/www.bagnoitalia.com\/de\/wp-json\/wp\/v2\/media?parent=84218"}],"wp:term":[{"taxonomy":"product_brand","embeddable":true,"href":"https:\/\/www.bagnoitalia.com\/de\/wp-json\/wp\/v2\/product_brand?post=84218"},{"taxonomy":"product_cat","embeddable":true,"href":"https:\/\/www.bagnoitalia.com\/de\/wp-json\/wp\/v2\/product_cat?post=84218"},{"taxonomy":"product_tag","embeddable":true,"href":"https:\/\/www.bagnoitalia.com\/de\/wp-json\/wp\/v2\/product_tag?post=84218"}],"curies":[{"name":"wp","href":"https:\/\/api.w.org\/{rel}","templated":true}]}}