{"id":84214,"date":"2024-03-07T14:52:34","date_gmt":"2024-03-07T13:52:34","guid":{"rendered":"https:\/\/www.bagnoitalia.com\/product\/tilly2-reclining-2-seater-sofa-bed-133x190-cm-in-10-colours-wooden-feet-2"},"modified":"2024-06-07T15:19:57","modified_gmt":"2024-06-07T13:19:57","slug":"tilly2-reclining-2-seater-sofa-bed-133x190-cm-in-10-colours-wooden-feet-2","status":"publish","type":"product","link":"https:\/\/www.bagnoitalia.com\/de\/produkt\/tilly2-reclining-2-seater-sofa-bed-133x190-cm-in-10-colours-wooden-feet-2.html","title":{"rendered":"Tilly2 Liegesofa 2-Sitzer 133&#215;190 cm in 10 Farben Holzf\u00fc\u00dfe"},"content":{"rendered":"<p>Zweisitzer SOFA BED TILLY2 133cm<\/p>\n<p>&nbsp;<\/p>\n<p>&nbsp;<\/p>\n<p>&nbsp;<\/p>\n<p>HAUPTMERKMALE DES PRODUKTS<\/p>\n<p>Sofa f\u00fcr zwei Personen, das sich aufklappen und in die Bettposition verstellen l\u00e4sst<\/p>\n<p>6-fach verstellbare R\u00fcckenlehne mit Click-Clac-System<\/p>\n<p>2 passende Kissen inklusive<\/p>\n<p>4 Holzf\u00fc\u00dfe + 4 einklappbare Metallf\u00fc\u00dfe f\u00fcr die Bettposition<\/p>\n<p>&nbsp;<\/p>\n<p>&nbsp;<\/p>\n<p>&nbsp;<\/p>\n<p>PRODUKTABMESSUNGEN<\/p>\n<p>Ma\u00dfe geschlossen (Sofa): 133xT80xH84 cm<\/p>\n<p>Ma\u00dfe aufgeklappt (Bett): 133xP190xH32 cm<\/p>\n<p>&nbsp;<\/p>\n<p>&nbsp;<\/p>\n<p>&nbsp;<\/p>\n<p>MATERIAL<\/p>\n<p>Schlafsofa aus Holz und Metall, mit Polyurethan-Polsterung<\/p>\n<p>Polsterung zur Auswahl aus folgenden Optionen<\/p>\n<p>dunkelgr\u00fcner Stoff<br \/>\nbeiger Stoff<br \/>\ntaubengrauer Samt<br \/>\nockergelber Stoff<br \/>\nStoff teddywei\u00df<br \/>\ngrauer stoff<br \/>\nschwarzer Samt<br \/>\nblauer Stoff<br \/>\npetrolblauer Samt<br \/>\nt\u00fcrkisfarbener Samt<\/p>\n<p>&nbsp;<\/p>\n<p>&nbsp;<\/p>\n<p>&nbsp;<\/p>\n<p>&nbsp;<\/p>\n<p>&nbsp;<\/p>\n<p>&nbsp;<\/p>\n<p>&nbsp;<\/p>\n<p>&nbsp;<\/p>\n<p>&nbsp;<\/p>\n<p>&nbsp;<\/p>\n<p>&nbsp;<\/p>\n<p>&nbsp;<\/p>\n<p>&nbsp;<\/p>\n<p>&nbsp;<\/p>\n<p>&nbsp;<\/p>\n<p>&nbsp;<\/p>\n<p>&nbsp;<\/p>\n<p>&nbsp;<\/p>\n<p>Terat<\/p>\n<p>&nbsp;<\/p>\n","protected":false},"excerpt":{"rendered":"<p>Modernes 2-Sitzer-Sofa mit 6-fach verstellbarer R\u00fcckenlehne, die sich in ein 190 cm langes Bett verwandeln l\u00e4sst. Es ist in Stoff oder Samt in 10 verschiedenen Farben erh\u00e4ltlich.<\/p>\n","protected":false},"featured_media":74013,"comment_status":"open","ping_status":"closed","template":"","meta":[],"product_brand":[5006],"product_cat":[9796],"product_tag":[],"class_list":{"0":"post-84214","1":"product","2":"type-product","3":"status-publish","4":"has-post-thumbnail","6":"product_brand-deghi","7":"product_cat-schlafsofa-inneneinrichtung","9":"first","10":"instock","11":"sale","12":"taxable","13":"shipping-taxable","14":"purchasable","15":"product-type-simple"},"exclude_global_add_ons":false,"addons":[{"name":"Typologie","type":"multiple_choice","position":0,"required":true,"title_format":"heading","default":"","description_enable":false,"description":"","placeholder_enable":false,"placeholder":"","display":"select","restrictions_type":"any_text","adjust_price":false,"price":"","price_type":"flat_fee","restrictions":false,"min":"0","max":"0","options":[{"label":"dunkelgr\u00fcner Stoff","price":"","price_type":"quantity_based","image":0,"visibility":true},{"label":"beiger Stoff","price":"","price_type":"quantity_based","image":0,"visibility":true},{"label":"taubengrauer Samt","price":"","price_type":"quantity_based","image":0,"visibility":true},{"label":"ockergelber Stoff","price":"","price_type":"quantity_based","image":0,"visibility":true},{"label":"teddywei\u00df Stoff","price":"","price_type":"quantity_based","image":0,"visibility":true},{"label":"grauer stoff","price":"","price_type":"quantity_based","image":0,"visibility":true},{"label":"schwarzer Samt","price":"","price_type":"quantity_based","image":0,"visibility":true},{"label":"blauer Stoff","price":"","price_type":"quantity_based","image":0,"visibility":true},{"label":"petrolblauer Samt","price":"","price_type":"quantity_based","image":0,"visibility":true},{"label":"t\u00fcrkisfarbener Samt","price":"","price_type":"quantity_based","image":0,"visibility":true}],"id":1717773598}],"yoast_head":"<!-- This site is optimized with the Yoast SEO plugin v26.7 - https:\/\/yoast.com\/wordpress\/plugins\/seo\/ -->\n<title>Tilly2 Liegesofa 2-Sitzer 133x190 cm in 10 Farben Holzf\u00fc\u00dfe<\/title>\n<meta name=\"description\" content=\"Modernes 2-Sitzer-Sofa mit 6-fach verstellbarer R\u00fcckenlehne, die sich in ein 190 cm langes Bett verwandeln l\u00e4sst. Es ist in Stoff oder Samt in 10 verschiedenen Farben erh\u00e4ltlich.\" \/>\n<meta name=\"robots\" content=\"index, follow, max-snippet:-1, max-image-preview:large, max-video-preview:-1\" \/>\n<link rel=\"canonical\" href=\"https:\/\/www.bagnoitalia.com\/de\/produkt\/tilly2-reclining-2-seater-sofa-bed-133x190-cm-in-10-colours-wooden-feet-2.html\" \/>\n<meta property=\"og:locale\" content=\"de_DE\" \/>\n<meta property=\"og:type\" content=\"article\" \/>\n<meta property=\"og:title\" content=\"Tilly2 Liegesofa 2-Sitzer 133x190 cm in 10 Farben Holzf\u00fc\u00dfe\" \/>\n<meta property=\"og:description\" content=\"Modernes 2-Sitzer-Sofa mit 6-fach verstellbarer R\u00fcckenlehne, die sich in ein 190 cm langes Bett verwandeln l\u00e4sst. Es ist in Stoff oder Samt in 10 verschiedenen Farben erh\u00e4ltlich.\" \/>\n<meta property=\"og:url\" content=\"https:\/\/www.bagnoitalia.com\/de\/produkt\/tilly2-reclining-2-seater-sofa-bed-133x190-cm-in-10-colours-wooden-feet-2.html\" \/>\n<meta property=\"og:site_name\" content=\"Bagno Italia\" \/>\n<meta property=\"article:modified_time\" content=\"2024-06-07T13:19:57+00:00\" \/>\n<meta property=\"og:image\" content=\"https:\/\/img.bagnoitalia.com\/wp-content\/uploads\/virtuemart\/product\/divano-letto-tilly2-colori-1.jpg\" \/>\n\t<meta property=\"og:image:width\" content=\"550\" \/>\n\t<meta property=\"og:image:height\" content=\"550\" \/>\n\t<meta property=\"og:image:type\" content=\"image\/jpeg\" \/>\n<meta name=\"twitter:card\" content=\"summary_large_image\" \/>\n<meta name=\"twitter:label1\" content=\"Gesch\u00e4tzte Lesezeit\" \/>\n\t<meta name=\"twitter:data1\" content=\"1\u00a0Minute\" \/>\n<script type=\"application\/ld+json\" class=\"yoast-schema-graph\">{\"@context\":\"https:\/\/schema.org\",\"@graph\":[{\"@type\":\"WebPage\",\"@id\":\"https:\/\/www.bagnoitalia.com\/de\/produkt\/tilly2-reclining-2-seater-sofa-bed-133x190-cm-in-10-colours-wooden-feet-2.html\",\"url\":\"https:\/\/www.bagnoitalia.com\/de\/produkt\/tilly2-reclining-2-seater-sofa-bed-133x190-cm-in-10-colours-wooden-feet-2.html\",\"name\":\"Tilly2 Liegesofa 2-Sitzer 133x190 cm in 10 Farben Holzf\u00fc\u00dfe\",\"isPartOf\":{\"@id\":\"https:\/\/www.bagnoitalia.com\/de#website\"},\"primaryImageOfPage\":{\"@id\":\"https:\/\/www.bagnoitalia.com\/de\/produkt\/tilly2-reclining-2-seater-sofa-bed-133x190-cm-in-10-colours-wooden-feet-2.html#primaryimage\"},\"image\":{\"@id\":\"https:\/\/www.bagnoitalia.com\/de\/produkt\/tilly2-reclining-2-seater-sofa-bed-133x190-cm-in-10-colours-wooden-feet-2.html#primaryimage\"},\"thumbnailUrl\":\"https:\/\/img.bagnoitalia.com\/wp-content\/uploads\/virtuemart\/product\/divano-letto-tilly2-colori-1.jpg\",\"datePublished\":\"2024-03-07T13:52:34+00:00\",\"dateModified\":\"2024-06-07T13:19:57+00:00\",\"description\":\"Modernes 2-Sitzer-Sofa mit 6-fach verstellbarer R\u00fcckenlehne, die sich in ein 190 cm langes Bett verwandeln l\u00e4sst. Es ist in Stoff oder Samt in 10 verschiedenen Farben erh\u00e4ltlich.\",\"breadcrumb\":{\"@id\":\"https:\/\/www.bagnoitalia.com\/de\/produkt\/tilly2-reclining-2-seater-sofa-bed-133x190-cm-in-10-colours-wooden-feet-2.html#breadcrumb\"},\"inLanguage\":\"de\",\"potentialAction\":[{\"@type\":\"ReadAction\",\"target\":[\"https:\/\/www.bagnoitalia.com\/de\/produkt\/tilly2-reclining-2-seater-sofa-bed-133x190-cm-in-10-colours-wooden-feet-2.html\"]}]},{\"@type\":\"ImageObject\",\"inLanguage\":\"de\",\"@id\":\"https:\/\/www.bagnoitalia.com\/de\/produkt\/tilly2-reclining-2-seater-sofa-bed-133x190-cm-in-10-colours-wooden-feet-2.html#primaryimage\",\"url\":\"https:\/\/img.bagnoitalia.com\/wp-content\/uploads\/virtuemart\/product\/divano-letto-tilly2-colori-1.jpg\",\"contentUrl\":\"https:\/\/img.bagnoitalia.com\/wp-content\/uploads\/virtuemart\/product\/divano-letto-tilly2-colori-1.jpg\",\"width\":550,\"height\":550},{\"@type\":\"BreadcrumbList\",\"@id\":\"https:\/\/www.bagnoitalia.com\/de\/produkt\/tilly2-reclining-2-seater-sofa-bed-133x190-cm-in-10-colours-wooden-feet-2.html#breadcrumb\",\"itemListElement\":[{\"@type\":\"ListItem\",\"position\":1,\"name\":\"Home\",\"item\":\"https:\/\/www.bagnoitalia.com\/de\"},{\"@type\":\"ListItem\",\"position\":2,\"name\":\"Produkte\",\"item\":\"https:\/\/www.bagnoitalia.com\/de\/shop\"},{\"@type\":\"ListItem\",\"position\":3,\"name\":\"Tilly2 Liegesofa 2-Sitzer 133&#215;190 cm in 10 Farben Holzf\u00fc\u00dfe\"}]},{\"@type\":\"WebSite\",\"@id\":\"https:\/\/www.bagnoitalia.com\/de#website\",\"url\":\"https:\/\/www.bagnoitalia.com\/de\",\"name\":\"Bagno Italia\",\"description\":\"\",\"publisher\":{\"@id\":\"https:\/\/www.bagnoitalia.com\/de#organization\"},\"potentialAction\":[{\"@type\":\"SearchAction\",\"target\":{\"@type\":\"EntryPoint\",\"urlTemplate\":\"https:\/\/www.bagnoitalia.com\/de?s={search_term_string}\"},\"query-input\":{\"@type\":\"PropertyValueSpecification\",\"valueRequired\":true,\"valueName\":\"search_term_string\"}}],\"inLanguage\":\"de\"},{\"@type\":\"Organization\",\"@id\":\"https:\/\/www.bagnoitalia.com\/de#organization\",\"name\":\"Bagno Italia\",\"url\":\"https:\/\/www.bagnoitalia.com\/de\",\"logo\":{\"@type\":\"ImageObject\",\"inLanguage\":\"de\",\"@id\":\"https:\/\/www.bagnoitalia.com\/de#\/schema\/logo\/image\/\",\"url\":\"https:\/\/img.bagnoitalia.com\/wp-content\/uploads\/logo-bagnoitalia.webp\",\"contentUrl\":\"https:\/\/img.bagnoitalia.com\/wp-content\/uploads\/logo-bagnoitalia.webp\",\"width\":400,\"height\":70,\"caption\":\"Bagno Italia\"},\"image\":{\"@id\":\"https:\/\/www.bagnoitalia.com\/de#\/schema\/logo\/image\/\"}}]}<\/script>\n<!-- \/ Yoast SEO plugin. -->","yoast_head_json":{"title":"Tilly2 Liegesofa 2-Sitzer 133x190 cm in 10 Farben Holzf\u00fc\u00dfe","description":"Modernes 2-Sitzer-Sofa mit 6-fach verstellbarer R\u00fcckenlehne, die sich in ein 190 cm langes Bett verwandeln l\u00e4sst. Es ist in Stoff oder Samt in 10 verschiedenen Farben erh\u00e4ltlich.","robots":{"index":"index","follow":"follow","max-snippet":"max-snippet:-1","max-image-preview":"max-image-preview:large","max-video-preview":"max-video-preview:-1"},"canonical":"https:\/\/www.bagnoitalia.com\/de\/produkt\/tilly2-reclining-2-seater-sofa-bed-133x190-cm-in-10-colours-wooden-feet-2.html","og_locale":"de_DE","og_type":"article","og_title":"Tilly2 Liegesofa 2-Sitzer 133x190 cm in 10 Farben Holzf\u00fc\u00dfe","og_description":"Modernes 2-Sitzer-Sofa mit 6-fach verstellbarer R\u00fcckenlehne, die sich in ein 190 cm langes Bett verwandeln l\u00e4sst. Es ist in Stoff oder Samt in 10 verschiedenen Farben erh\u00e4ltlich.","og_url":"https:\/\/www.bagnoitalia.com\/de\/produkt\/tilly2-reclining-2-seater-sofa-bed-133x190-cm-in-10-colours-wooden-feet-2.html","og_site_name":"Bagno Italia","article_modified_time":"2024-06-07T13:19:57+00:00","og_image":[{"width":550,"height":550,"url":"https:\/\/img.bagnoitalia.com\/wp-content\/uploads\/virtuemart\/product\/divano-letto-tilly2-colori-1.jpg","type":"image\/jpeg"}],"twitter_card":"summary_large_image","twitter_misc":{"Gesch\u00e4tzte Lesezeit":"1\u00a0Minute"},"schema":{"@context":"https:\/\/schema.org","@graph":[{"@type":"WebPage","@id":"https:\/\/www.bagnoitalia.com\/de\/produkt\/tilly2-reclining-2-seater-sofa-bed-133x190-cm-in-10-colours-wooden-feet-2.html","url":"https:\/\/www.bagnoitalia.com\/de\/produkt\/tilly2-reclining-2-seater-sofa-bed-133x190-cm-in-10-colours-wooden-feet-2.html","name":"Tilly2 Liegesofa 2-Sitzer 133x190 cm in 10 Farben Holzf\u00fc\u00dfe","isPartOf":{"@id":"https:\/\/www.bagnoitalia.com\/de#website"},"primaryImageOfPage":{"@id":"https:\/\/www.bagnoitalia.com\/de\/produkt\/tilly2-reclining-2-seater-sofa-bed-133x190-cm-in-10-colours-wooden-feet-2.html#primaryimage"},"image":{"@id":"https:\/\/www.bagnoitalia.com\/de\/produkt\/tilly2-reclining-2-seater-sofa-bed-133x190-cm-in-10-colours-wooden-feet-2.html#primaryimage"},"thumbnailUrl":"https:\/\/img.bagnoitalia.com\/wp-content\/uploads\/virtuemart\/product\/divano-letto-tilly2-colori-1.jpg","datePublished":"2024-03-07T13:52:34+00:00","dateModified":"2024-06-07T13:19:57+00:00","description":"Modernes 2-Sitzer-Sofa mit 6-fach verstellbarer R\u00fcckenlehne, die sich in ein 190 cm langes Bett verwandeln l\u00e4sst. Es ist in Stoff oder Samt in 10 verschiedenen Farben erh\u00e4ltlich.","breadcrumb":{"@id":"https:\/\/www.bagnoitalia.com\/de\/produkt\/tilly2-reclining-2-seater-sofa-bed-133x190-cm-in-10-colours-wooden-feet-2.html#breadcrumb"},"inLanguage":"de","potentialAction":[{"@type":"ReadAction","target":["https:\/\/www.bagnoitalia.com\/de\/produkt\/tilly2-reclining-2-seater-sofa-bed-133x190-cm-in-10-colours-wooden-feet-2.html"]}]},{"@type":"ImageObject","inLanguage":"de","@id":"https:\/\/www.bagnoitalia.com\/de\/produkt\/tilly2-reclining-2-seater-sofa-bed-133x190-cm-in-10-colours-wooden-feet-2.html#primaryimage","url":"https:\/\/img.bagnoitalia.com\/wp-content\/uploads\/virtuemart\/product\/divano-letto-tilly2-colori-1.jpg","contentUrl":"https:\/\/img.bagnoitalia.com\/wp-content\/uploads\/virtuemart\/product\/divano-letto-tilly2-colori-1.jpg","width":550,"height":550},{"@type":"BreadcrumbList","@id":"https:\/\/www.bagnoitalia.com\/de\/produkt\/tilly2-reclining-2-seater-sofa-bed-133x190-cm-in-10-colours-wooden-feet-2.html#breadcrumb","itemListElement":[{"@type":"ListItem","position":1,"name":"Home","item":"https:\/\/www.bagnoitalia.com\/de"},{"@type":"ListItem","position":2,"name":"Produkte","item":"https:\/\/www.bagnoitalia.com\/de\/shop"},{"@type":"ListItem","position":3,"name":"Tilly2 Liegesofa 2-Sitzer 133&#215;190 cm in 10 Farben Holzf\u00fc\u00dfe"}]},{"@type":"WebSite","@id":"https:\/\/www.bagnoitalia.com\/de#website","url":"https:\/\/www.bagnoitalia.com\/de","name":"Bagno Italia","description":"","publisher":{"@id":"https:\/\/www.bagnoitalia.com\/de#organization"},"potentialAction":[{"@type":"SearchAction","target":{"@type":"EntryPoint","urlTemplate":"https:\/\/www.bagnoitalia.com\/de?s={search_term_string}"},"query-input":{"@type":"PropertyValueSpecification","valueRequired":true,"valueName":"search_term_string"}}],"inLanguage":"de"},{"@type":"Organization","@id":"https:\/\/www.bagnoitalia.com\/de#organization","name":"Bagno Italia","url":"https:\/\/www.bagnoitalia.com\/de","logo":{"@type":"ImageObject","inLanguage":"de","@id":"https:\/\/www.bagnoitalia.com\/de#\/schema\/logo\/image\/","url":"https:\/\/img.bagnoitalia.com\/wp-content\/uploads\/logo-bagnoitalia.webp","contentUrl":"https:\/\/img.bagnoitalia.com\/wp-content\/uploads\/logo-bagnoitalia.webp","width":400,"height":70,"caption":"Bagno Italia"},"image":{"@id":"https:\/\/www.bagnoitalia.com\/de#\/schema\/logo\/image\/"}}]}},"_links":{"self":[{"href":"https:\/\/www.bagnoitalia.com\/de\/wp-json\/wp\/v2\/product\/84214","targetHints":{"allow":["GET"]}}],"collection":[{"href":"https:\/\/www.bagnoitalia.com\/de\/wp-json\/wp\/v2\/product"}],"about":[{"href":"https:\/\/www.bagnoitalia.com\/de\/wp-json\/wp\/v2\/types\/product"}],"replies":[{"embeddable":true,"href":"https:\/\/www.bagnoitalia.com\/de\/wp-json\/wp\/v2\/comments?post=84214"}],"version-history":[{"count":1,"href":"https:\/\/www.bagnoitalia.com\/de\/wp-json\/wp\/v2\/product\/84214\/revisions"}],"predecessor-version":[{"id":89682,"href":"https:\/\/www.bagnoitalia.com\/de\/wp-json\/wp\/v2\/product\/84214\/revisions\/89682"}],"wp:featuredmedia":[{"embeddable":true,"href":"https:\/\/www.bagnoitalia.com\/de\/wp-json\/wp\/v2\/media\/74013"}],"wp:attachment":[{"href":"https:\/\/www.bagnoitalia.com\/de\/wp-json\/wp\/v2\/media?parent=84214"}],"wp:term":[{"taxonomy":"product_brand","embeddable":true,"href":"https:\/\/www.bagnoitalia.com\/de\/wp-json\/wp\/v2\/product_brand?post=84214"},{"taxonomy":"product_cat","embeddable":true,"href":"https:\/\/www.bagnoitalia.com\/de\/wp-json\/wp\/v2\/product_cat?post=84214"},{"taxonomy":"product_tag","embeddable":true,"href":"https:\/\/www.bagnoitalia.com\/de\/wp-json\/wp\/v2\/product_tag?post=84214"}],"curies":[{"name":"wp","href":"https:\/\/api.w.org\/{rel}","templated":true}]}}