{"id":84190,"date":"2024-03-05T15:37:46","date_gmt":"2024-03-05T14:37:46","guid":{"rendered":"https:\/\/www.bagnoitalia.com\/product\/cecilia-outdoor-furniture-for-4-or-5-persons-with-grey-wicker-sofa-table-and-armchairs-2"},"modified":"2025-12-03T14:14:35","modified_gmt":"2025-12-03T13:14:35","slug":"cecilia-outdoor-furniture-for-4-or-5-persons-with-grey-wicker-sofa-table-and-armchairs-2","status":"publish","type":"product","link":"https:\/\/www.bagnoitalia.com\/de\/produkt\/cecilia-outdoor-furniture-for-4-or-5-persons-with-grey-wicker-sofa-table-and-armchairs-2.html","title":{"rendered":"Cecilia Outdoor-M\u00f6bel f\u00fcr 4 oder 5 Personen mit grauem Korbsofatisch und Sesseln"},"content":{"rendered":"<p>CECILIA&#8220; 4- ODER 5-SITZER-GARNITUR F\u00dcR DRAUSSEN<\/p>\n<p>&nbsp;<\/p>\n<p>&nbsp;<\/p>\n<p>DER OBEN GENANNTE PREIS BEINHALTET<\/p>\n<p>n.2 Sessel<\/p>\n<p>n.1 Couchtisch<\/p>\n<p>Kissen f\u00fcr Sitze und R\u00fcckenlehnen<\/p>\n<p>n.1 2-Sitzer-Sofa; \u00fcber das Men\u00fc oben k\u00f6nnen Sie das SOFA in der 3-Sitzer-Version w\u00e4hlen<\/p>\n<p>ABMESSUNGEN:<\/p>\n<p>2-Sitzer-Sofa 144xT72xH64 cm (in der 3-Sitzer-Version betr\u00e4gt die L\u00e4nge 208 cm)<\/p>\n<p>Sessel mit den Ma\u00dfen 80xT72xH64 cm<\/p>\n<p>Tisch 109xT55xH34 cm<\/p>\n<p>MEHR DETAILS:<\/p>\n<p>Outdoor-Lounge, geeignet f\u00fcr die Einrichtung von Terrassen, G\u00e4rten, etc.<\/p>\n<p>Gestell aus Aluminium, mit grauem Geflecht (Rattan) bespannt, UV-gesch\u00fctzt<\/p>\n<p>Tischplatte aus 5 mm starkem, geh\u00e4rtetem Glas<\/p>\n<p>10 cm dicke, graue Kissen<\/p>\n<p>&nbsp;<\/p>\n<p>&nbsp;<\/p>\n<p>&nbsp;<\/p>\n<p>&nbsp;<\/p>\n<p>&nbsp;<\/p>\n<p>&nbsp;<\/p>\n<p>&nbsp;<\/p>\n<p>&nbsp;<\/p>\n<p>&nbsp;<\/p>\n<p>&nbsp;<\/p>\n<p>&nbsp;<\/p>\n<p>&nbsp;<\/p>\n<p>&nbsp;<\/p>\n<p>&nbsp;<\/p>\n<p>&nbsp;<\/p>\n<p>&nbsp;<\/p>\n<p>&nbsp;<\/p>\n<p>&nbsp;<\/p>\n<p>&nbsp;<\/p>\n<p>&nbsp;<\/p>\n<p>&nbsp;<\/p>\n<p>&nbsp;<\/p>\n<p>&nbsp;<\/p>\n<p>&nbsp;<\/p>\n<p>&nbsp;<\/p>\n<p>&nbsp;<\/p>\n<p>&nbsp;<\/p>\n<p>&nbsp;<\/p>\n<p>&nbsp;<\/p>\n<p>&nbsp;<\/p>\n<p>&nbsp;<\/p>\n<p>&nbsp;<\/p>\n<p>WI806884-GRAU<br \/>\nWI806882-GRAU<\/p>\n<p>&nbsp;<\/p>\n","protected":false},"excerpt":{"rendered":"<p>Set f\u00fcr Au\u00dfenm\u00f6bel, bestehend aus 2 Sesseln, einem Couchtisch und einem 2- oder 3-sitzigen Sofa. Aus Aluminium mit Geflechtbezug und Kissen f\u00fcr Sitze und R\u00fcckenlehnen.<\/p>\n","protected":false},"featured_media":73693,"comment_status":"open","ping_status":"closed","template":"","meta":[],"product_brand":[9880],"product_cat":[10013,10028,9784],"product_tag":[],"class_list":{"0":"post-84190","1":"product","2":"type-product","3":"status-publish","4":"has-post-thumbnail","6":"product_brand-vari-produttori-de","7":"product_cat-outdoor-sofas-de","8":"product_cat-tische-mit-stuhlen","9":"product_cat-gartenmobel","11":"first","12":"instock","13":"sale","14":"taxable","15":"shipping-taxable","16":"purchasable","17":"product-type-simple"},"exclude_global_add_ons":false,"addons":[{"name":"Typologie","type":"multiple_choice","position":0,"required":true,"title_format":"heading","default":"","description_enable":false,"description":"","placeholder_enable":false,"placeholder":"","display":"select","restrictions_type":"any_text","adjust_price":false,"price":"","price_type":"flat_fee","restrictions":false,"min":"0","max":"0","options":[{"label":"(Verf\u00fcgbar ab April) mit Sofa 2-Sitzer","price":"","price_type":"quantity_based","image":0,"visibility":true},{"label":"(Verf\u00fcgbar ab April) mit Sofa 3-Sitzer","price":"210","price_type":"quantity_based","image":0,"visibility":true}],"id":1716466692}],"yoast_head":"<!-- This site is optimized with the Yoast SEO plugin v26.7 - https:\/\/yoast.com\/wordpress\/plugins\/seo\/ -->\n<title>Cecilia Outdoor-M\u00f6bel f\u00fcr 4 oder 5 Personen mit grauem Korbsofatisch und Sesseln<\/title>\n<meta name=\"description\" content=\"Set f\u00fcr Au\u00dfenm\u00f6bel, bestehend aus 2 Sesseln, einem Couchtisch und einem 2- oder 3-sitzigen Sofa. Aus Aluminium mit Geflechtbezug und Kissen f\u00fcr Sitze und R\u00fcckenlehnen.\" \/>\n<meta name=\"robots\" content=\"index, follow, max-snippet:-1, max-image-preview:large, max-video-preview:-1\" \/>\n<link rel=\"canonical\" href=\"https:\/\/www.bagnoitalia.com\/de\/produkt\/cecilia-outdoor-furniture-for-4-or-5-persons-with-grey-wicker-sofa-table-and-armchairs-2.html\" \/>\n<meta property=\"og:locale\" content=\"de_DE\" \/>\n<meta property=\"og:type\" content=\"article\" \/>\n<meta property=\"og:title\" content=\"Cecilia Outdoor-M\u00f6bel f\u00fcr 4 oder 5 Personen mit grauem Korbsofatisch und Sesseln\" \/>\n<meta property=\"og:description\" content=\"Set f\u00fcr Au\u00dfenm\u00f6bel, bestehend aus 2 Sesseln, einem Couchtisch und einem 2- oder 3-sitzigen Sofa. Aus Aluminium mit Geflechtbezug und Kissen f\u00fcr Sitze und R\u00fcckenlehnen.\" \/>\n<meta property=\"og:url\" content=\"https:\/\/www.bagnoitalia.com\/de\/produkt\/cecilia-outdoor-furniture-for-4-or-5-persons-with-grey-wicker-sofa-table-and-armchairs-2.html\" \/>\n<meta property=\"og:site_name\" content=\"Bagno Italia\" \/>\n<meta property=\"article:modified_time\" content=\"2025-12-03T13:14:35+00:00\" \/>\n<meta property=\"og:image\" content=\"https:\/\/img.bagnoitalia.com\/wp-content\/uploads\/virtuemart\/product\/set-vimini-arredo-esterno-moderno-grigio-poltrone-divano-1.jpg\" \/>\n\t<meta property=\"og:image:width\" content=\"550\" \/>\n\t<meta property=\"og:image:height\" content=\"550\" \/>\n\t<meta property=\"og:image:type\" content=\"image\/jpeg\" \/>\n<meta name=\"twitter:card\" content=\"summary_large_image\" \/>\n<meta name=\"twitter:label1\" content=\"Gesch\u00e4tzte Lesezeit\" \/>\n\t<meta name=\"twitter:data1\" content=\"1\u00a0Minute\" \/>\n<script type=\"application\/ld+json\" class=\"yoast-schema-graph\">{\"@context\":\"https:\/\/schema.org\",\"@graph\":[{\"@type\":\"WebPage\",\"@id\":\"https:\/\/www.bagnoitalia.com\/de\/produkt\/cecilia-outdoor-furniture-for-4-or-5-persons-with-grey-wicker-sofa-table-and-armchairs-2.html\",\"url\":\"https:\/\/www.bagnoitalia.com\/de\/produkt\/cecilia-outdoor-furniture-for-4-or-5-persons-with-grey-wicker-sofa-table-and-armchairs-2.html\",\"name\":\"Cecilia Outdoor-M\u00f6bel f\u00fcr 4 oder 5 Personen mit grauem Korbsofatisch und Sesseln\",\"isPartOf\":{\"@id\":\"https:\/\/www.bagnoitalia.com\/de#website\"},\"primaryImageOfPage\":{\"@id\":\"https:\/\/www.bagnoitalia.com\/de\/produkt\/cecilia-outdoor-furniture-for-4-or-5-persons-with-grey-wicker-sofa-table-and-armchairs-2.html#primaryimage\"},\"image\":{\"@id\":\"https:\/\/www.bagnoitalia.com\/de\/produkt\/cecilia-outdoor-furniture-for-4-or-5-persons-with-grey-wicker-sofa-table-and-armchairs-2.html#primaryimage\"},\"thumbnailUrl\":\"https:\/\/img.bagnoitalia.com\/wp-content\/uploads\/virtuemart\/product\/set-vimini-arredo-esterno-moderno-grigio-poltrone-divano-1.jpg\",\"datePublished\":\"2024-03-05T14:37:46+00:00\",\"dateModified\":\"2025-12-03T13:14:35+00:00\",\"description\":\"Set f\u00fcr Au\u00dfenm\u00f6bel, bestehend aus 2 Sesseln, einem Couchtisch und einem 2- oder 3-sitzigen Sofa. Aus Aluminium mit Geflechtbezug und Kissen f\u00fcr Sitze und R\u00fcckenlehnen.\",\"breadcrumb\":{\"@id\":\"https:\/\/www.bagnoitalia.com\/de\/produkt\/cecilia-outdoor-furniture-for-4-or-5-persons-with-grey-wicker-sofa-table-and-armchairs-2.html#breadcrumb\"},\"inLanguage\":\"de\",\"potentialAction\":[{\"@type\":\"ReadAction\",\"target\":[\"https:\/\/www.bagnoitalia.com\/de\/produkt\/cecilia-outdoor-furniture-for-4-or-5-persons-with-grey-wicker-sofa-table-and-armchairs-2.html\"]}]},{\"@type\":\"ImageObject\",\"inLanguage\":\"de\",\"@id\":\"https:\/\/www.bagnoitalia.com\/de\/produkt\/cecilia-outdoor-furniture-for-4-or-5-persons-with-grey-wicker-sofa-table-and-armchairs-2.html#primaryimage\",\"url\":\"https:\/\/img.bagnoitalia.com\/wp-content\/uploads\/virtuemart\/product\/set-vimini-arredo-esterno-moderno-grigio-poltrone-divano-1.jpg\",\"contentUrl\":\"https:\/\/img.bagnoitalia.com\/wp-content\/uploads\/virtuemart\/product\/set-vimini-arredo-esterno-moderno-grigio-poltrone-divano-1.jpg\",\"width\":550,\"height\":550},{\"@type\":\"BreadcrumbList\",\"@id\":\"https:\/\/www.bagnoitalia.com\/de\/produkt\/cecilia-outdoor-furniture-for-4-or-5-persons-with-grey-wicker-sofa-table-and-armchairs-2.html#breadcrumb\",\"itemListElement\":[{\"@type\":\"ListItem\",\"position\":1,\"name\":\"Home\",\"item\":\"https:\/\/www.bagnoitalia.com\/de\"},{\"@type\":\"ListItem\",\"position\":2,\"name\":\"Produkte\",\"item\":\"https:\/\/www.bagnoitalia.com\/de\/shop\"},{\"@type\":\"ListItem\",\"position\":3,\"name\":\"Cecilia Outdoor-M\u00f6bel f\u00fcr 4 oder 5 Personen mit grauem Korbsofatisch und Sesseln\"}]},{\"@type\":\"WebSite\",\"@id\":\"https:\/\/www.bagnoitalia.com\/de#website\",\"url\":\"https:\/\/www.bagnoitalia.com\/de\",\"name\":\"Bagno Italia\",\"description\":\"\",\"publisher\":{\"@id\":\"https:\/\/www.bagnoitalia.com\/de#organization\"},\"potentialAction\":[{\"@type\":\"SearchAction\",\"target\":{\"@type\":\"EntryPoint\",\"urlTemplate\":\"https:\/\/www.bagnoitalia.com\/de?s={search_term_string}\"},\"query-input\":{\"@type\":\"PropertyValueSpecification\",\"valueRequired\":true,\"valueName\":\"search_term_string\"}}],\"inLanguage\":\"de\"},{\"@type\":\"Organization\",\"@id\":\"https:\/\/www.bagnoitalia.com\/de#organization\",\"name\":\"Bagno Italia\",\"url\":\"https:\/\/www.bagnoitalia.com\/de\",\"logo\":{\"@type\":\"ImageObject\",\"inLanguage\":\"de\",\"@id\":\"https:\/\/www.bagnoitalia.com\/de#\/schema\/logo\/image\/\",\"url\":\"https:\/\/img.bagnoitalia.com\/wp-content\/uploads\/logo-bagnoitalia.webp\",\"contentUrl\":\"https:\/\/img.bagnoitalia.com\/wp-content\/uploads\/logo-bagnoitalia.webp\",\"width\":400,\"height\":70,\"caption\":\"Bagno Italia\"},\"image\":{\"@id\":\"https:\/\/www.bagnoitalia.com\/de#\/schema\/logo\/image\/\"}}]}<\/script>\n<!-- \/ Yoast SEO plugin. -->","yoast_head_json":{"title":"Cecilia Outdoor-M\u00f6bel f\u00fcr 4 oder 5 Personen mit grauem Korbsofatisch und Sesseln","description":"Set f\u00fcr Au\u00dfenm\u00f6bel, bestehend aus 2 Sesseln, einem Couchtisch und einem 2- oder 3-sitzigen Sofa. Aus Aluminium mit Geflechtbezug und Kissen f\u00fcr Sitze und R\u00fcckenlehnen.","robots":{"index":"index","follow":"follow","max-snippet":"max-snippet:-1","max-image-preview":"max-image-preview:large","max-video-preview":"max-video-preview:-1"},"canonical":"https:\/\/www.bagnoitalia.com\/de\/produkt\/cecilia-outdoor-furniture-for-4-or-5-persons-with-grey-wicker-sofa-table-and-armchairs-2.html","og_locale":"de_DE","og_type":"article","og_title":"Cecilia Outdoor-M\u00f6bel f\u00fcr 4 oder 5 Personen mit grauem Korbsofatisch und Sesseln","og_description":"Set f\u00fcr Au\u00dfenm\u00f6bel, bestehend aus 2 Sesseln, einem Couchtisch und einem 2- oder 3-sitzigen Sofa. Aus Aluminium mit Geflechtbezug und Kissen f\u00fcr Sitze und R\u00fcckenlehnen.","og_url":"https:\/\/www.bagnoitalia.com\/de\/produkt\/cecilia-outdoor-furniture-for-4-or-5-persons-with-grey-wicker-sofa-table-and-armchairs-2.html","og_site_name":"Bagno Italia","article_modified_time":"2025-12-03T13:14:35+00:00","og_image":[{"width":550,"height":550,"url":"https:\/\/img.bagnoitalia.com\/wp-content\/uploads\/virtuemart\/product\/set-vimini-arredo-esterno-moderno-grigio-poltrone-divano-1.jpg","type":"image\/jpeg"}],"twitter_card":"summary_large_image","twitter_misc":{"Gesch\u00e4tzte Lesezeit":"1\u00a0Minute"},"schema":{"@context":"https:\/\/schema.org","@graph":[{"@type":"WebPage","@id":"https:\/\/www.bagnoitalia.com\/de\/produkt\/cecilia-outdoor-furniture-for-4-or-5-persons-with-grey-wicker-sofa-table-and-armchairs-2.html","url":"https:\/\/www.bagnoitalia.com\/de\/produkt\/cecilia-outdoor-furniture-for-4-or-5-persons-with-grey-wicker-sofa-table-and-armchairs-2.html","name":"Cecilia Outdoor-M\u00f6bel f\u00fcr 4 oder 5 Personen mit grauem Korbsofatisch und Sesseln","isPartOf":{"@id":"https:\/\/www.bagnoitalia.com\/de#website"},"primaryImageOfPage":{"@id":"https:\/\/www.bagnoitalia.com\/de\/produkt\/cecilia-outdoor-furniture-for-4-or-5-persons-with-grey-wicker-sofa-table-and-armchairs-2.html#primaryimage"},"image":{"@id":"https:\/\/www.bagnoitalia.com\/de\/produkt\/cecilia-outdoor-furniture-for-4-or-5-persons-with-grey-wicker-sofa-table-and-armchairs-2.html#primaryimage"},"thumbnailUrl":"https:\/\/img.bagnoitalia.com\/wp-content\/uploads\/virtuemart\/product\/set-vimini-arredo-esterno-moderno-grigio-poltrone-divano-1.jpg","datePublished":"2024-03-05T14:37:46+00:00","dateModified":"2025-12-03T13:14:35+00:00","description":"Set f\u00fcr Au\u00dfenm\u00f6bel, bestehend aus 2 Sesseln, einem Couchtisch und einem 2- oder 3-sitzigen Sofa. Aus Aluminium mit Geflechtbezug und Kissen f\u00fcr Sitze und R\u00fcckenlehnen.","breadcrumb":{"@id":"https:\/\/www.bagnoitalia.com\/de\/produkt\/cecilia-outdoor-furniture-for-4-or-5-persons-with-grey-wicker-sofa-table-and-armchairs-2.html#breadcrumb"},"inLanguage":"de","potentialAction":[{"@type":"ReadAction","target":["https:\/\/www.bagnoitalia.com\/de\/produkt\/cecilia-outdoor-furniture-for-4-or-5-persons-with-grey-wicker-sofa-table-and-armchairs-2.html"]}]},{"@type":"ImageObject","inLanguage":"de","@id":"https:\/\/www.bagnoitalia.com\/de\/produkt\/cecilia-outdoor-furniture-for-4-or-5-persons-with-grey-wicker-sofa-table-and-armchairs-2.html#primaryimage","url":"https:\/\/img.bagnoitalia.com\/wp-content\/uploads\/virtuemart\/product\/set-vimini-arredo-esterno-moderno-grigio-poltrone-divano-1.jpg","contentUrl":"https:\/\/img.bagnoitalia.com\/wp-content\/uploads\/virtuemart\/product\/set-vimini-arredo-esterno-moderno-grigio-poltrone-divano-1.jpg","width":550,"height":550},{"@type":"BreadcrumbList","@id":"https:\/\/www.bagnoitalia.com\/de\/produkt\/cecilia-outdoor-furniture-for-4-or-5-persons-with-grey-wicker-sofa-table-and-armchairs-2.html#breadcrumb","itemListElement":[{"@type":"ListItem","position":1,"name":"Home","item":"https:\/\/www.bagnoitalia.com\/de"},{"@type":"ListItem","position":2,"name":"Produkte","item":"https:\/\/www.bagnoitalia.com\/de\/shop"},{"@type":"ListItem","position":3,"name":"Cecilia Outdoor-M\u00f6bel f\u00fcr 4 oder 5 Personen mit grauem Korbsofatisch und Sesseln"}]},{"@type":"WebSite","@id":"https:\/\/www.bagnoitalia.com\/de#website","url":"https:\/\/www.bagnoitalia.com\/de","name":"Bagno Italia","description":"","publisher":{"@id":"https:\/\/www.bagnoitalia.com\/de#organization"},"potentialAction":[{"@type":"SearchAction","target":{"@type":"EntryPoint","urlTemplate":"https:\/\/www.bagnoitalia.com\/de?s={search_term_string}"},"query-input":{"@type":"PropertyValueSpecification","valueRequired":true,"valueName":"search_term_string"}}],"inLanguage":"de"},{"@type":"Organization","@id":"https:\/\/www.bagnoitalia.com\/de#organization","name":"Bagno Italia","url":"https:\/\/www.bagnoitalia.com\/de","logo":{"@type":"ImageObject","inLanguage":"de","@id":"https:\/\/www.bagnoitalia.com\/de#\/schema\/logo\/image\/","url":"https:\/\/img.bagnoitalia.com\/wp-content\/uploads\/logo-bagnoitalia.webp","contentUrl":"https:\/\/img.bagnoitalia.com\/wp-content\/uploads\/logo-bagnoitalia.webp","width":400,"height":70,"caption":"Bagno Italia"},"image":{"@id":"https:\/\/www.bagnoitalia.com\/de#\/schema\/logo\/image\/"}}]}},"_links":{"self":[{"href":"https:\/\/www.bagnoitalia.com\/de\/wp-json\/wp\/v2\/product\/84190","targetHints":{"allow":["GET"]}}],"collection":[{"href":"https:\/\/www.bagnoitalia.com\/de\/wp-json\/wp\/v2\/product"}],"about":[{"href":"https:\/\/www.bagnoitalia.com\/de\/wp-json\/wp\/v2\/types\/product"}],"replies":[{"embeddable":true,"href":"https:\/\/www.bagnoitalia.com\/de\/wp-json\/wp\/v2\/comments?post=84190"}],"version-history":[{"count":1,"href":"https:\/\/www.bagnoitalia.com\/de\/wp-json\/wp\/v2\/product\/84190\/revisions"}],"predecessor-version":[{"id":87781,"href":"https:\/\/www.bagnoitalia.com\/de\/wp-json\/wp\/v2\/product\/84190\/revisions\/87781"}],"wp:featuredmedia":[{"embeddable":true,"href":"https:\/\/www.bagnoitalia.com\/de\/wp-json\/wp\/v2\/media\/73693"}],"wp:attachment":[{"href":"https:\/\/www.bagnoitalia.com\/de\/wp-json\/wp\/v2\/media?parent=84190"}],"wp:term":[{"taxonomy":"product_brand","embeddable":true,"href":"https:\/\/www.bagnoitalia.com\/de\/wp-json\/wp\/v2\/product_brand?post=84190"},{"taxonomy":"product_cat","embeddable":true,"href":"https:\/\/www.bagnoitalia.com\/de\/wp-json\/wp\/v2\/product_cat?post=84190"},{"taxonomy":"product_tag","embeddable":true,"href":"https:\/\/www.bagnoitalia.com\/de\/wp-json\/wp\/v2\/product_tag?post=84190"}],"curies":[{"name":"wp","href":"https:\/\/api.w.org\/{rel}","templated":true}]}}