{"id":84178,"date":"2024-03-05T13:13:03","date_gmt":"2024-03-05T12:13:03","guid":{"rendered":"https:\/\/www.bagnoitalia.com\/product\/outdoor-living-room-benny-2-seater-sofa-with-table-and-wicker-effect-armchairs-available-in-4-colours-2"},"modified":"2026-04-30T14:34:22","modified_gmt":"2026-04-30T12:34:22","slug":"outdoor-living-room-benny-2-seater-sofa-with-table-and-wicker-effect-armchairs-available-in-4-colours-2","status":"publish","type":"product","link":"https:\/\/www.bagnoitalia.com\/de\/produkt\/outdoor-living-room-benny-2-seater-sofa-with-table-and-wicker-effect-armchairs-available-in-4-colours-2.html","title":{"rendered":"Outdoor-Wohnzimmer Benny 2-Sitzer-Sofa mit Tisch und Sesseln in Geflechtoptik, erh\u00e4ltlich in 4 Farben"},"content":{"rendered":"<p>4-Sitzer OUTDOOR SET &#8222;BENNY&#8220;<\/p>\n<p>&nbsp;<\/p>\n<p>&nbsp;<\/p>\n<p>SET-BEZEICHNUNGEN und MASSST\u00c4BE<\/p>\n<p>ein zweisitziges Sofa, 131xT57xH79 cm<\/p>\n<p>zwei Sessel 74xP57xH79 cm<\/p>\n<p>ein Couchtisch mit den Ma\u00dfen 70xP49xH37 cm<\/p>\n<p>Sitzkissen f\u00fcr Sofa und Sessel<\/p>\n<p>MEHR DETAILS<\/p>\n<p>Outdoor-M\u00f6bel, ideal f\u00fcr 4 Personen, k\u00f6nnen im Garten, auf Terrassen, am Pool usw. aufgestellt werden.<\/p>\n<p>Hergestellt aus Weidenimitat (geformter Kunststoff, Weideneffekt)<\/p>\n<p>Erh\u00e4ltlich in 4 Farben (w\u00e4hlen Sie eine Farbe aus dem Men\u00fc oben)<\/p>\n<p>&#8211; wei\u00df<\/p>\n<p>&#8211; braun<\/p>\n<p>&#8211; schwarz<\/p>\n<p>&#8211; Turteltaube<\/p>\n<p>&nbsp;<\/p>\n<p>&nbsp;<\/p>\n<p>&nbsp;<\/p>\n<p>&nbsp;<\/p>\n<p>&nbsp;<\/p>\n<p>&nbsp;<\/p>\n<p>&nbsp;<\/p>\n<p>&nbsp;<\/p>\n<p>&nbsp;<\/p>\n<p>&nbsp;<\/p>\n<p>&nbsp;<\/p>\n<p>&nbsp;<\/p>\n<p>&nbsp;<\/p>\n<p>&nbsp;<\/p>\n<p>&nbsp;<\/p>\n<p>&nbsp;<\/p>\n<p>&nbsp;<\/p>\n<p>&nbsp;<\/p>\n<p>&nbsp;<\/p>\n<p>&nbsp;<\/p>\n<p>&nbsp;<\/p>\n<p>&nbsp;<\/p>\n<p>&nbsp;<\/p>\n<p>&nbsp;<\/p>\n<p>&nbsp;<\/p>\n<p>&nbsp;<\/p>\n<p>WI806799<\/p>\n<p>&nbsp;<\/p>\n","protected":false},"excerpt":{"rendered":"<p>Gartenm\u00f6bel f\u00fcr bis zu 4 Personen, bestehend aus einem Sofa, zwei St\u00fchlen und einem Tisch. Das Gestell besteht aus geformtem Kunststoff in Korboptik, wahlweise in Wei\u00df, Braun, Schwarz oder Taubengrau. Die Sitzkissen sind im Angebot enthalten.<\/p>\n","protected":false},"featured_media":73589,"comment_status":"open","ping_status":"closed","template":"","meta":[],"product_brand":[9880],"product_cat":[10013,10028,9784],"product_tag":[],"class_list":{"0":"post-84178","1":"product","2":"type-product","3":"status-publish","4":"has-post-thumbnail","6":"product_brand-vari-produttori-de","7":"product_cat-outdoor-sofas-de","8":"product_cat-tische-mit-stuhlen","9":"product_cat-gartenmobel","11":"first","12":"instock","13":"sale","14":"taxable","15":"shipping-taxable","16":"purchasable","17":"product-type-simple"},"exclude_global_add_ons":false,"addons":[{"name":"Farbe","type":"multiple_choice","position":0,"required":true,"title_format":"heading","default":"","description_enable":false,"description":"","placeholder_enable":false,"placeholder":"","display":"select","restrictions_type":"any_text","adjust_price":false,"price":"","price_type":"flat_fee","restrictions":false,"min":"0","max":"0","options":[{"label":"Wei\u00df","price":"","price_type":"quantity_based","image":0,"visibility":true},{"label":"braun","price":"","price_type":"quantity_based","image":0,"visibility":true},{"label":"schwarz","price":"","price_type":"quantity_based","image":0,"visibility":true},{"label":"taubengrau","price":"","price_type":"quantity_based","image":0,"visibility":true}],"id":1717085553}],"yoast_head":"<!-- This site is optimized with the Yoast SEO plugin v26.7 - https:\/\/yoast.com\/wordpress\/plugins\/seo\/ -->\n<title>Outdoor-Wohnzimmer Benny 2-Sitzer-Sofa mit Tisch und Sesseln in Geflechtoptik, erh\u00e4ltlich in 4 Farben<\/title>\n<meta name=\"description\" content=\"Gartenm\u00f6bel f\u00fcr bis zu 4 Personen, bestehend aus einem Sofa, zwei St\u00fchlen und einem Tisch. Das Gestell besteht aus geformtem Kunststoff in Korboptik, wahlweise in Wei\u00df, Braun, Schwarz oder Taubengrau. Die Sitzkissen sind im Angebot enthalten.\" \/>\n<meta name=\"robots\" content=\"index, follow, max-snippet:-1, max-image-preview:large, max-video-preview:-1\" \/>\n<link rel=\"canonical\" href=\"https:\/\/www.bagnoitalia.com\/de\/produkt\/outdoor-living-room-benny-2-seater-sofa-with-table-and-wicker-effect-armchairs-available-in-4-colours-2.html\" \/>\n<meta property=\"og:locale\" content=\"de_DE\" \/>\n<meta property=\"og:type\" content=\"article\" \/>\n<meta property=\"og:title\" content=\"Outdoor-Wohnzimmer Benny 2-Sitzer-Sofa mit Tisch und Sesseln in Geflechtoptik, erh\u00e4ltlich in 4 Farben\" \/>\n<meta property=\"og:description\" content=\"Gartenm\u00f6bel f\u00fcr bis zu 4 Personen, bestehend aus einem Sofa, zwei St\u00fchlen und einem Tisch. Das Gestell besteht aus geformtem Kunststoff in Korboptik, wahlweise in Wei\u00df, Braun, Schwarz oder Taubengrau. Die Sitzkissen sind im Angebot enthalten.\" \/>\n<meta property=\"og:url\" content=\"https:\/\/www.bagnoitalia.com\/de\/produkt\/outdoor-living-room-benny-2-seater-sofa-with-table-and-wicker-effect-armchairs-available-in-4-colours-2.html\" \/>\n<meta property=\"og:site_name\" content=\"Bagno Italia\" \/>\n<meta property=\"article:modified_time\" content=\"2026-04-30T12:34:22+00:00\" \/>\n<meta property=\"og:image\" content=\"https:\/\/img.bagnoitalia.com\/wp-content\/uploads\/virtuemart\/product\/salotto-arredo-esterno-divano-poltrone-tavolo-simil-vimini-1.jpg\" \/>\n\t<meta property=\"og:image:width\" content=\"550\" \/>\n\t<meta property=\"og:image:height\" content=\"550\" \/>\n\t<meta property=\"og:image:type\" content=\"image\/jpeg\" \/>\n<meta name=\"twitter:card\" content=\"summary_large_image\" \/>\n<meta name=\"twitter:label1\" content=\"Gesch\u00e4tzte Lesezeit\" \/>\n\t<meta name=\"twitter:data1\" content=\"1\u00a0Minute\" \/>\n<script type=\"application\/ld+json\" class=\"yoast-schema-graph\">{\"@context\":\"https:\/\/schema.org\",\"@graph\":[{\"@type\":\"WebPage\",\"@id\":\"https:\/\/www.bagnoitalia.com\/de\/produkt\/outdoor-living-room-benny-2-seater-sofa-with-table-and-wicker-effect-armchairs-available-in-4-colours-2.html\",\"url\":\"https:\/\/www.bagnoitalia.com\/de\/produkt\/outdoor-living-room-benny-2-seater-sofa-with-table-and-wicker-effect-armchairs-available-in-4-colours-2.html\",\"name\":\"Outdoor-Wohnzimmer Benny 2-Sitzer-Sofa mit Tisch und Sesseln in Geflechtoptik, erh\u00e4ltlich in 4 Farben\",\"isPartOf\":{\"@id\":\"https:\/\/www.bagnoitalia.com\/de#website\"},\"primaryImageOfPage\":{\"@id\":\"https:\/\/www.bagnoitalia.com\/de\/produkt\/outdoor-living-room-benny-2-seater-sofa-with-table-and-wicker-effect-armchairs-available-in-4-colours-2.html#primaryimage\"},\"image\":{\"@id\":\"https:\/\/www.bagnoitalia.com\/de\/produkt\/outdoor-living-room-benny-2-seater-sofa-with-table-and-wicker-effect-armchairs-available-in-4-colours-2.html#primaryimage\"},\"thumbnailUrl\":\"https:\/\/img.bagnoitalia.com\/wp-content\/uploads\/virtuemart\/product\/salotto-arredo-esterno-divano-poltrone-tavolo-simil-vimini-1.jpg\",\"datePublished\":\"2024-03-05T12:13:03+00:00\",\"dateModified\":\"2026-04-30T12:34:22+00:00\",\"description\":\"Gartenm\u00f6bel f\u00fcr bis zu 4 Personen, bestehend aus einem Sofa, zwei St\u00fchlen und einem Tisch. Das Gestell besteht aus geformtem Kunststoff in Korboptik, wahlweise in Wei\u00df, Braun, Schwarz oder Taubengrau. Die Sitzkissen sind im Angebot enthalten.\",\"breadcrumb\":{\"@id\":\"https:\/\/www.bagnoitalia.com\/de\/produkt\/outdoor-living-room-benny-2-seater-sofa-with-table-and-wicker-effect-armchairs-available-in-4-colours-2.html#breadcrumb\"},\"inLanguage\":\"de\",\"potentialAction\":[{\"@type\":\"ReadAction\",\"target\":[\"https:\/\/www.bagnoitalia.com\/de\/produkt\/outdoor-living-room-benny-2-seater-sofa-with-table-and-wicker-effect-armchairs-available-in-4-colours-2.html\"]}]},{\"@type\":\"ImageObject\",\"inLanguage\":\"de\",\"@id\":\"https:\/\/www.bagnoitalia.com\/de\/produkt\/outdoor-living-room-benny-2-seater-sofa-with-table-and-wicker-effect-armchairs-available-in-4-colours-2.html#primaryimage\",\"url\":\"https:\/\/img.bagnoitalia.com\/wp-content\/uploads\/virtuemart\/product\/salotto-arredo-esterno-divano-poltrone-tavolo-simil-vimini-1.jpg\",\"contentUrl\":\"https:\/\/img.bagnoitalia.com\/wp-content\/uploads\/virtuemart\/product\/salotto-arredo-esterno-divano-poltrone-tavolo-simil-vimini-1.jpg\",\"width\":550,\"height\":550},{\"@type\":\"BreadcrumbList\",\"@id\":\"https:\/\/www.bagnoitalia.com\/de\/produkt\/outdoor-living-room-benny-2-seater-sofa-with-table-and-wicker-effect-armchairs-available-in-4-colours-2.html#breadcrumb\",\"itemListElement\":[{\"@type\":\"ListItem\",\"position\":1,\"name\":\"Home\",\"item\":\"https:\/\/www.bagnoitalia.com\/de\"},{\"@type\":\"ListItem\",\"position\":2,\"name\":\"Produkte\",\"item\":\"https:\/\/www.bagnoitalia.com\/de\/shop\"},{\"@type\":\"ListItem\",\"position\":3,\"name\":\"Outdoor-Wohnzimmer Benny 2-Sitzer-Sofa mit Tisch und Sesseln in Geflechtoptik, erh\u00e4ltlich in 4 Farben\"}]},{\"@type\":\"WebSite\",\"@id\":\"https:\/\/www.bagnoitalia.com\/de#website\",\"url\":\"https:\/\/www.bagnoitalia.com\/de\",\"name\":\"Bagno Italia\",\"description\":\"\",\"publisher\":{\"@id\":\"https:\/\/www.bagnoitalia.com\/de#organization\"},\"potentialAction\":[{\"@type\":\"SearchAction\",\"target\":{\"@type\":\"EntryPoint\",\"urlTemplate\":\"https:\/\/www.bagnoitalia.com\/de?s={search_term_string}\"},\"query-input\":{\"@type\":\"PropertyValueSpecification\",\"valueRequired\":true,\"valueName\":\"search_term_string\"}}],\"inLanguage\":\"de\"},{\"@type\":\"Organization\",\"@id\":\"https:\/\/www.bagnoitalia.com\/de#organization\",\"name\":\"Bagno Italia\",\"url\":\"https:\/\/www.bagnoitalia.com\/de\",\"logo\":{\"@type\":\"ImageObject\",\"inLanguage\":\"de\",\"@id\":\"https:\/\/www.bagnoitalia.com\/de#\/schema\/logo\/image\/\",\"url\":\"https:\/\/img.bagnoitalia.com\/wp-content\/uploads\/logo-bagnoitalia.webp\",\"contentUrl\":\"https:\/\/img.bagnoitalia.com\/wp-content\/uploads\/logo-bagnoitalia.webp\",\"width\":400,\"height\":70,\"caption\":\"Bagno Italia\"},\"image\":{\"@id\":\"https:\/\/www.bagnoitalia.com\/de#\/schema\/logo\/image\/\"}}]}<\/script>\n<!-- \/ Yoast SEO plugin. -->","yoast_head_json":{"title":"Outdoor-Wohnzimmer Benny 2-Sitzer-Sofa mit Tisch und Sesseln in Geflechtoptik, erh\u00e4ltlich in 4 Farben","description":"Gartenm\u00f6bel f\u00fcr bis zu 4 Personen, bestehend aus einem Sofa, zwei St\u00fchlen und einem Tisch. Das Gestell besteht aus geformtem Kunststoff in Korboptik, wahlweise in Wei\u00df, Braun, Schwarz oder Taubengrau. Die Sitzkissen sind im Angebot enthalten.","robots":{"index":"index","follow":"follow","max-snippet":"max-snippet:-1","max-image-preview":"max-image-preview:large","max-video-preview":"max-video-preview:-1"},"canonical":"https:\/\/www.bagnoitalia.com\/de\/produkt\/outdoor-living-room-benny-2-seater-sofa-with-table-and-wicker-effect-armchairs-available-in-4-colours-2.html","og_locale":"de_DE","og_type":"article","og_title":"Outdoor-Wohnzimmer Benny 2-Sitzer-Sofa mit Tisch und Sesseln in Geflechtoptik, erh\u00e4ltlich in 4 Farben","og_description":"Gartenm\u00f6bel f\u00fcr bis zu 4 Personen, bestehend aus einem Sofa, zwei St\u00fchlen und einem Tisch. Das Gestell besteht aus geformtem Kunststoff in Korboptik, wahlweise in Wei\u00df, Braun, Schwarz oder Taubengrau. Die Sitzkissen sind im Angebot enthalten.","og_url":"https:\/\/www.bagnoitalia.com\/de\/produkt\/outdoor-living-room-benny-2-seater-sofa-with-table-and-wicker-effect-armchairs-available-in-4-colours-2.html","og_site_name":"Bagno Italia","article_modified_time":"2026-04-30T12:34:22+00:00","og_image":[{"width":550,"height":550,"url":"https:\/\/img.bagnoitalia.com\/wp-content\/uploads\/virtuemart\/product\/salotto-arredo-esterno-divano-poltrone-tavolo-simil-vimini-1.jpg","type":"image\/jpeg"}],"twitter_card":"summary_large_image","twitter_misc":{"Gesch\u00e4tzte Lesezeit":"1\u00a0Minute"},"schema":{"@context":"https:\/\/schema.org","@graph":[{"@type":"WebPage","@id":"https:\/\/www.bagnoitalia.com\/de\/produkt\/outdoor-living-room-benny-2-seater-sofa-with-table-and-wicker-effect-armchairs-available-in-4-colours-2.html","url":"https:\/\/www.bagnoitalia.com\/de\/produkt\/outdoor-living-room-benny-2-seater-sofa-with-table-and-wicker-effect-armchairs-available-in-4-colours-2.html","name":"Outdoor-Wohnzimmer Benny 2-Sitzer-Sofa mit Tisch und Sesseln in Geflechtoptik, erh\u00e4ltlich in 4 Farben","isPartOf":{"@id":"https:\/\/www.bagnoitalia.com\/de#website"},"primaryImageOfPage":{"@id":"https:\/\/www.bagnoitalia.com\/de\/produkt\/outdoor-living-room-benny-2-seater-sofa-with-table-and-wicker-effect-armchairs-available-in-4-colours-2.html#primaryimage"},"image":{"@id":"https:\/\/www.bagnoitalia.com\/de\/produkt\/outdoor-living-room-benny-2-seater-sofa-with-table-and-wicker-effect-armchairs-available-in-4-colours-2.html#primaryimage"},"thumbnailUrl":"https:\/\/img.bagnoitalia.com\/wp-content\/uploads\/virtuemart\/product\/salotto-arredo-esterno-divano-poltrone-tavolo-simil-vimini-1.jpg","datePublished":"2024-03-05T12:13:03+00:00","dateModified":"2026-04-30T12:34:22+00:00","description":"Gartenm\u00f6bel f\u00fcr bis zu 4 Personen, bestehend aus einem Sofa, zwei St\u00fchlen und einem Tisch. Das Gestell besteht aus geformtem Kunststoff in Korboptik, wahlweise in Wei\u00df, Braun, Schwarz oder Taubengrau. Die Sitzkissen sind im Angebot enthalten.","breadcrumb":{"@id":"https:\/\/www.bagnoitalia.com\/de\/produkt\/outdoor-living-room-benny-2-seater-sofa-with-table-and-wicker-effect-armchairs-available-in-4-colours-2.html#breadcrumb"},"inLanguage":"de","potentialAction":[{"@type":"ReadAction","target":["https:\/\/www.bagnoitalia.com\/de\/produkt\/outdoor-living-room-benny-2-seater-sofa-with-table-and-wicker-effect-armchairs-available-in-4-colours-2.html"]}]},{"@type":"ImageObject","inLanguage":"de","@id":"https:\/\/www.bagnoitalia.com\/de\/produkt\/outdoor-living-room-benny-2-seater-sofa-with-table-and-wicker-effect-armchairs-available-in-4-colours-2.html#primaryimage","url":"https:\/\/img.bagnoitalia.com\/wp-content\/uploads\/virtuemart\/product\/salotto-arredo-esterno-divano-poltrone-tavolo-simil-vimini-1.jpg","contentUrl":"https:\/\/img.bagnoitalia.com\/wp-content\/uploads\/virtuemart\/product\/salotto-arredo-esterno-divano-poltrone-tavolo-simil-vimini-1.jpg","width":550,"height":550},{"@type":"BreadcrumbList","@id":"https:\/\/www.bagnoitalia.com\/de\/produkt\/outdoor-living-room-benny-2-seater-sofa-with-table-and-wicker-effect-armchairs-available-in-4-colours-2.html#breadcrumb","itemListElement":[{"@type":"ListItem","position":1,"name":"Home","item":"https:\/\/www.bagnoitalia.com\/de"},{"@type":"ListItem","position":2,"name":"Produkte","item":"https:\/\/www.bagnoitalia.com\/de\/shop"},{"@type":"ListItem","position":3,"name":"Outdoor-Wohnzimmer Benny 2-Sitzer-Sofa mit Tisch und Sesseln in Geflechtoptik, erh\u00e4ltlich in 4 Farben"}]},{"@type":"WebSite","@id":"https:\/\/www.bagnoitalia.com\/de#website","url":"https:\/\/www.bagnoitalia.com\/de","name":"Bagno Italia","description":"","publisher":{"@id":"https:\/\/www.bagnoitalia.com\/de#organization"},"potentialAction":[{"@type":"SearchAction","target":{"@type":"EntryPoint","urlTemplate":"https:\/\/www.bagnoitalia.com\/de?s={search_term_string}"},"query-input":{"@type":"PropertyValueSpecification","valueRequired":true,"valueName":"search_term_string"}}],"inLanguage":"de"},{"@type":"Organization","@id":"https:\/\/www.bagnoitalia.com\/de#organization","name":"Bagno Italia","url":"https:\/\/www.bagnoitalia.com\/de","logo":{"@type":"ImageObject","inLanguage":"de","@id":"https:\/\/www.bagnoitalia.com\/de#\/schema\/logo\/image\/","url":"https:\/\/img.bagnoitalia.com\/wp-content\/uploads\/logo-bagnoitalia.webp","contentUrl":"https:\/\/img.bagnoitalia.com\/wp-content\/uploads\/logo-bagnoitalia.webp","width":400,"height":70,"caption":"Bagno Italia"},"image":{"@id":"https:\/\/www.bagnoitalia.com\/de#\/schema\/logo\/image\/"}}]}},"_links":{"self":[{"href":"https:\/\/www.bagnoitalia.com\/de\/wp-json\/wp\/v2\/product\/84178","targetHints":{"allow":["GET"]}}],"collection":[{"href":"https:\/\/www.bagnoitalia.com\/de\/wp-json\/wp\/v2\/product"}],"about":[{"href":"https:\/\/www.bagnoitalia.com\/de\/wp-json\/wp\/v2\/types\/product"}],"replies":[{"embeddable":true,"href":"https:\/\/www.bagnoitalia.com\/de\/wp-json\/wp\/v2\/comments?post=84178"}],"version-history":[{"count":1,"href":"https:\/\/www.bagnoitalia.com\/de\/wp-json\/wp\/v2\/product\/84178\/revisions"}],"predecessor-version":[{"id":89035,"href":"https:\/\/www.bagnoitalia.com\/de\/wp-json\/wp\/v2\/product\/84178\/revisions\/89035"}],"wp:featuredmedia":[{"embeddable":true,"href":"https:\/\/www.bagnoitalia.com\/de\/wp-json\/wp\/v2\/media\/73589"}],"wp:attachment":[{"href":"https:\/\/www.bagnoitalia.com\/de\/wp-json\/wp\/v2\/media?parent=84178"}],"wp:term":[{"taxonomy":"product_brand","embeddable":true,"href":"https:\/\/www.bagnoitalia.com\/de\/wp-json\/wp\/v2\/product_brand?post=84178"},{"taxonomy":"product_cat","embeddable":true,"href":"https:\/\/www.bagnoitalia.com\/de\/wp-json\/wp\/v2\/product_cat?post=84178"},{"taxonomy":"product_tag","embeddable":true,"href":"https:\/\/www.bagnoitalia.com\/de\/wp-json\/wp\/v2\/product_tag?post=84178"}],"curies":[{"name":"wp","href":"https:\/\/api.w.org\/{rel}","templated":true}]}}