{"id":84142,"date":"2024-02-29T13:36:51","date_gmt":"2024-02-29T12:36:51","guid":{"rendered":"https:\/\/www.bagnoitalia.com\/product\/square-umbrella-3x3-m-with-central-pole-and-light-or-dark-grey-canvas-ob27-2"},"modified":"2024-06-13T14:32:52","modified_gmt":"2024-06-13T12:32:52","slug":"square-umbrella-3x3-m-with-central-pole-and-light-or-dark-grey-canvas-ob27-2","status":"publish","type":"product","link":"https:\/\/www.bagnoitalia.com\/de\/produkt\/square-umbrella-3x3-m-with-central-pole-and-light-or-dark-grey-canvas-ob27-2.html","title":{"rendered":"Quadratischer Regenschirm 3&#215;3 m mit Mittelstange und hell- oder dunkelgrauer Plane OB27"},"content":{"rendered":"<p>QUADRATISCHE UMBRELLA 3x3m in zwei Farben &#8222;OB27&#8220;<\/p>\n<p>&nbsp;<\/p>\n<p>&nbsp;<\/p>\n<p>HAUPT DETAILS<\/p>\n<p>Sonnenschirm, der f\u00fcr alle Arten von Au\u00dfenbereichen geeignet ist (G\u00e4rten, Terrassen, Pools&#8230;)<\/p>\n<p>Quadratisch, 300&#215;300 cm<\/p>\n<p>Gesamth\u00f6he 270 cm<\/p>\n<p>Runde Stange, mittig positioniert<\/p>\n<p>Mit 8 Lamellen<\/p>\n<p>Gestell aus Aluminium<\/p>\n<p>Polyestertuch, zwei Farben zur Auswahl: dunkelgrau oder hellgrau (Farbe im Men\u00fc oben ausw\u00e4hlen)<\/p>\n<p>&nbsp;<\/p>\n<p>&nbsp;<\/p>\n<p>&nbsp;<\/p>\n<p>&nbsp;<\/p>\n<p>&nbsp;<\/p>\n<p>&nbsp;<\/p>\n<p>&nbsp;<\/p>\n<p>&nbsp;<\/p>\n<p>&nbsp;<\/p>\n<p>&nbsp;<\/p>\n<p>&nbsp;<\/p>\n<p>&nbsp;<\/p>\n<p>&nbsp;<\/p>\n<p>&nbsp;<\/p>\n<p>&nbsp;<\/p>\n<p>&nbsp;<\/p>\n<p>&nbsp;<\/p>\n<p>&nbsp;<\/p>\n<p>OM807186<\/p>\n<p>&nbsp;<\/p>\n","protected":false},"excerpt":{"rendered":"<p>Garten-, Pool- und Terrassenschirm, mit Stange in der Mitte des Gestells. Hergestellt aus Aluminium mit Polyesterbespannung, wahlweise in Hell- oder Dunkelgrau.<\/p>\n","protected":false},"featured_media":73177,"comment_status":"open","ping_status":"closed","template":"","meta":[],"product_brand":[5004],"product_cat":[10031],"product_tag":[],"class_list":{"0":"post-84142","1":"product","2":"type-product","3":"status-publish","4":"has-post-thumbnail","6":"product_brand-vari-produttori","7":"product_cat-sonnenschirme","9":"first","10":"instock","11":"sale","12":"taxable","13":"shipping-taxable","14":"purchasable","15":"product-type-simple"},"exclude_global_add_ons":false,"addons":[{"name":"Farbe","type":"multiple_choice","position":0,"required":true,"title_format":"heading","default":"","description_enable":false,"description":"","placeholder_enable":false,"placeholder":"","display":"select","restrictions_type":"any_text","adjust_price":false,"price":"","price_type":"flat_fee","restrictions":false,"min":"0","max":"0","options":[{"label":"hellgrau","price":"","price_type":"quantity_based","image":0,"visibility":true},{"label":"dunkelgrau","price":"","price_type":"quantity_based","image":0,"visibility":true}],"id":1718289173}],"yoast_head":"<!-- This site is optimized with the Yoast SEO plugin v26.7 - https:\/\/yoast.com\/wordpress\/plugins\/seo\/ -->\n<title>Quadratischer Regenschirm 3x3 m mit Mittelstange und hell- oder dunkelgrauer Plane OB27<\/title>\n<meta name=\"description\" content=\"Garten-, Pool- und Terrassenschirm, mit Stange in der Mitte des Gestells. Hergestellt aus Aluminium mit Polyesterbespannung, wahlweise in Hell- oder Dunkelgrau.\" \/>\n<meta name=\"robots\" content=\"index, follow, max-snippet:-1, max-image-preview:large, max-video-preview:-1\" \/>\n<link rel=\"canonical\" href=\"https:\/\/www.bagnoitalia.com\/de\/produkt\/square-umbrella-3x3-m-with-central-pole-and-light-or-dark-grey-canvas-ob27-2.html\" \/>\n<meta property=\"og:locale\" content=\"de_DE\" \/>\n<meta property=\"og:type\" content=\"article\" \/>\n<meta property=\"og:title\" content=\"Quadratischer Regenschirm 3x3 m mit Mittelstange und hell- oder dunkelgrauer Plane OB27\" \/>\n<meta property=\"og:description\" content=\"Garten-, Pool- und Terrassenschirm, mit Stange in der Mitte des Gestells. Hergestellt aus Aluminium mit Polyesterbespannung, wahlweise in Hell- oder Dunkelgrau.\" \/>\n<meta property=\"og:url\" content=\"https:\/\/www.bagnoitalia.com\/de\/produkt\/square-umbrella-3x3-m-with-central-pole-and-light-or-dark-grey-canvas-ob27-2.html\" \/>\n<meta property=\"og:site_name\" content=\"Bagno Italia\" \/>\n<meta property=\"article:modified_time\" content=\"2024-06-13T12:32:52+00:00\" \/>\n<meta property=\"og:image\" content=\"https:\/\/img.bagnoitalia.com\/wp-content\/uploads\/virtuemart\/product\/ombrellone-3x3-m-grigio-scuro-chiaro-1.jpg\" \/>\n\t<meta property=\"og:image:width\" content=\"550\" \/>\n\t<meta property=\"og:image:height\" content=\"550\" \/>\n\t<meta property=\"og:image:type\" content=\"image\/jpeg\" \/>\n<meta name=\"twitter:card\" content=\"summary_large_image\" \/>\n<meta name=\"twitter:label1\" content=\"Gesch\u00e4tzte Lesezeit\" \/>\n\t<meta name=\"twitter:data1\" content=\"1\u00a0Minute\" \/>\n<script type=\"application\/ld+json\" class=\"yoast-schema-graph\">{\"@context\":\"https:\/\/schema.org\",\"@graph\":[{\"@type\":\"WebPage\",\"@id\":\"https:\/\/www.bagnoitalia.com\/de\/produkt\/square-umbrella-3x3-m-with-central-pole-and-light-or-dark-grey-canvas-ob27-2.html\",\"url\":\"https:\/\/www.bagnoitalia.com\/de\/produkt\/square-umbrella-3x3-m-with-central-pole-and-light-or-dark-grey-canvas-ob27-2.html\",\"name\":\"Quadratischer Regenschirm 3x3 m mit Mittelstange und hell- oder dunkelgrauer Plane OB27\",\"isPartOf\":{\"@id\":\"https:\/\/www.bagnoitalia.com\/de#website\"},\"primaryImageOfPage\":{\"@id\":\"https:\/\/www.bagnoitalia.com\/de\/produkt\/square-umbrella-3x3-m-with-central-pole-and-light-or-dark-grey-canvas-ob27-2.html#primaryimage\"},\"image\":{\"@id\":\"https:\/\/www.bagnoitalia.com\/de\/produkt\/square-umbrella-3x3-m-with-central-pole-and-light-or-dark-grey-canvas-ob27-2.html#primaryimage\"},\"thumbnailUrl\":\"https:\/\/img.bagnoitalia.com\/wp-content\/uploads\/virtuemart\/product\/ombrellone-3x3-m-grigio-scuro-chiaro-1.jpg\",\"datePublished\":\"2024-02-29T12:36:51+00:00\",\"dateModified\":\"2024-06-13T12:32:52+00:00\",\"description\":\"Garten-, Pool- und Terrassenschirm, mit Stange in der Mitte des Gestells. Hergestellt aus Aluminium mit Polyesterbespannung, wahlweise in Hell- oder Dunkelgrau.\",\"breadcrumb\":{\"@id\":\"https:\/\/www.bagnoitalia.com\/de\/produkt\/square-umbrella-3x3-m-with-central-pole-and-light-or-dark-grey-canvas-ob27-2.html#breadcrumb\"},\"inLanguage\":\"de\",\"potentialAction\":[{\"@type\":\"ReadAction\",\"target\":[\"https:\/\/www.bagnoitalia.com\/de\/produkt\/square-umbrella-3x3-m-with-central-pole-and-light-or-dark-grey-canvas-ob27-2.html\"]}]},{\"@type\":\"ImageObject\",\"inLanguage\":\"de\",\"@id\":\"https:\/\/www.bagnoitalia.com\/de\/produkt\/square-umbrella-3x3-m-with-central-pole-and-light-or-dark-grey-canvas-ob27-2.html#primaryimage\",\"url\":\"https:\/\/img.bagnoitalia.com\/wp-content\/uploads\/virtuemart\/product\/ombrellone-3x3-m-grigio-scuro-chiaro-1.jpg\",\"contentUrl\":\"https:\/\/img.bagnoitalia.com\/wp-content\/uploads\/virtuemart\/product\/ombrellone-3x3-m-grigio-scuro-chiaro-1.jpg\",\"width\":550,\"height\":550},{\"@type\":\"BreadcrumbList\",\"@id\":\"https:\/\/www.bagnoitalia.com\/de\/produkt\/square-umbrella-3x3-m-with-central-pole-and-light-or-dark-grey-canvas-ob27-2.html#breadcrumb\",\"itemListElement\":[{\"@type\":\"ListItem\",\"position\":1,\"name\":\"Home\",\"item\":\"https:\/\/www.bagnoitalia.com\/de\"},{\"@type\":\"ListItem\",\"position\":2,\"name\":\"Produkte\",\"item\":\"https:\/\/www.bagnoitalia.com\/de\/shop\"},{\"@type\":\"ListItem\",\"position\":3,\"name\":\"Quadratischer Regenschirm 3&#215;3 m mit Mittelstange und hell- oder dunkelgrauer Plane OB27\"}]},{\"@type\":\"WebSite\",\"@id\":\"https:\/\/www.bagnoitalia.com\/de#website\",\"url\":\"https:\/\/www.bagnoitalia.com\/de\",\"name\":\"Bagno Italia\",\"description\":\"\",\"publisher\":{\"@id\":\"https:\/\/www.bagnoitalia.com\/de#organization\"},\"potentialAction\":[{\"@type\":\"SearchAction\",\"target\":{\"@type\":\"EntryPoint\",\"urlTemplate\":\"https:\/\/www.bagnoitalia.com\/de?s={search_term_string}\"},\"query-input\":{\"@type\":\"PropertyValueSpecification\",\"valueRequired\":true,\"valueName\":\"search_term_string\"}}],\"inLanguage\":\"de\"},{\"@type\":\"Organization\",\"@id\":\"https:\/\/www.bagnoitalia.com\/de#organization\",\"name\":\"Bagno Italia\",\"url\":\"https:\/\/www.bagnoitalia.com\/de\",\"logo\":{\"@type\":\"ImageObject\",\"inLanguage\":\"de\",\"@id\":\"https:\/\/www.bagnoitalia.com\/de#\/schema\/logo\/image\/\",\"url\":\"https:\/\/img.bagnoitalia.com\/wp-content\/uploads\/logo-bagnoitalia.webp\",\"contentUrl\":\"https:\/\/img.bagnoitalia.com\/wp-content\/uploads\/logo-bagnoitalia.webp\",\"width\":400,\"height\":70,\"caption\":\"Bagno Italia\"},\"image\":{\"@id\":\"https:\/\/www.bagnoitalia.com\/de#\/schema\/logo\/image\/\"}}]}<\/script>\n<!-- \/ Yoast SEO plugin. -->","yoast_head_json":{"title":"Quadratischer Regenschirm 3x3 m mit Mittelstange und hell- oder dunkelgrauer Plane OB27","description":"Garten-, Pool- und Terrassenschirm, mit Stange in der Mitte des Gestells. Hergestellt aus Aluminium mit Polyesterbespannung, wahlweise in Hell- oder Dunkelgrau.","robots":{"index":"index","follow":"follow","max-snippet":"max-snippet:-1","max-image-preview":"max-image-preview:large","max-video-preview":"max-video-preview:-1"},"canonical":"https:\/\/www.bagnoitalia.com\/de\/produkt\/square-umbrella-3x3-m-with-central-pole-and-light-or-dark-grey-canvas-ob27-2.html","og_locale":"de_DE","og_type":"article","og_title":"Quadratischer Regenschirm 3x3 m mit Mittelstange und hell- oder dunkelgrauer Plane OB27","og_description":"Garten-, Pool- und Terrassenschirm, mit Stange in der Mitte des Gestells. Hergestellt aus Aluminium mit Polyesterbespannung, wahlweise in Hell- oder Dunkelgrau.","og_url":"https:\/\/www.bagnoitalia.com\/de\/produkt\/square-umbrella-3x3-m-with-central-pole-and-light-or-dark-grey-canvas-ob27-2.html","og_site_name":"Bagno Italia","article_modified_time":"2024-06-13T12:32:52+00:00","og_image":[{"width":550,"height":550,"url":"https:\/\/img.bagnoitalia.com\/wp-content\/uploads\/virtuemart\/product\/ombrellone-3x3-m-grigio-scuro-chiaro-1.jpg","type":"image\/jpeg"}],"twitter_card":"summary_large_image","twitter_misc":{"Gesch\u00e4tzte Lesezeit":"1\u00a0Minute"},"schema":{"@context":"https:\/\/schema.org","@graph":[{"@type":"WebPage","@id":"https:\/\/www.bagnoitalia.com\/de\/produkt\/square-umbrella-3x3-m-with-central-pole-and-light-or-dark-grey-canvas-ob27-2.html","url":"https:\/\/www.bagnoitalia.com\/de\/produkt\/square-umbrella-3x3-m-with-central-pole-and-light-or-dark-grey-canvas-ob27-2.html","name":"Quadratischer Regenschirm 3x3 m mit Mittelstange und hell- oder dunkelgrauer Plane OB27","isPartOf":{"@id":"https:\/\/www.bagnoitalia.com\/de#website"},"primaryImageOfPage":{"@id":"https:\/\/www.bagnoitalia.com\/de\/produkt\/square-umbrella-3x3-m-with-central-pole-and-light-or-dark-grey-canvas-ob27-2.html#primaryimage"},"image":{"@id":"https:\/\/www.bagnoitalia.com\/de\/produkt\/square-umbrella-3x3-m-with-central-pole-and-light-or-dark-grey-canvas-ob27-2.html#primaryimage"},"thumbnailUrl":"https:\/\/img.bagnoitalia.com\/wp-content\/uploads\/virtuemart\/product\/ombrellone-3x3-m-grigio-scuro-chiaro-1.jpg","datePublished":"2024-02-29T12:36:51+00:00","dateModified":"2024-06-13T12:32:52+00:00","description":"Garten-, Pool- und Terrassenschirm, mit Stange in der Mitte des Gestells. Hergestellt aus Aluminium mit Polyesterbespannung, wahlweise in Hell- oder Dunkelgrau.","breadcrumb":{"@id":"https:\/\/www.bagnoitalia.com\/de\/produkt\/square-umbrella-3x3-m-with-central-pole-and-light-or-dark-grey-canvas-ob27-2.html#breadcrumb"},"inLanguage":"de","potentialAction":[{"@type":"ReadAction","target":["https:\/\/www.bagnoitalia.com\/de\/produkt\/square-umbrella-3x3-m-with-central-pole-and-light-or-dark-grey-canvas-ob27-2.html"]}]},{"@type":"ImageObject","inLanguage":"de","@id":"https:\/\/www.bagnoitalia.com\/de\/produkt\/square-umbrella-3x3-m-with-central-pole-and-light-or-dark-grey-canvas-ob27-2.html#primaryimage","url":"https:\/\/img.bagnoitalia.com\/wp-content\/uploads\/virtuemart\/product\/ombrellone-3x3-m-grigio-scuro-chiaro-1.jpg","contentUrl":"https:\/\/img.bagnoitalia.com\/wp-content\/uploads\/virtuemart\/product\/ombrellone-3x3-m-grigio-scuro-chiaro-1.jpg","width":550,"height":550},{"@type":"BreadcrumbList","@id":"https:\/\/www.bagnoitalia.com\/de\/produkt\/square-umbrella-3x3-m-with-central-pole-and-light-or-dark-grey-canvas-ob27-2.html#breadcrumb","itemListElement":[{"@type":"ListItem","position":1,"name":"Home","item":"https:\/\/www.bagnoitalia.com\/de"},{"@type":"ListItem","position":2,"name":"Produkte","item":"https:\/\/www.bagnoitalia.com\/de\/shop"},{"@type":"ListItem","position":3,"name":"Quadratischer Regenschirm 3&#215;3 m mit Mittelstange und hell- oder dunkelgrauer Plane OB27"}]},{"@type":"WebSite","@id":"https:\/\/www.bagnoitalia.com\/de#website","url":"https:\/\/www.bagnoitalia.com\/de","name":"Bagno Italia","description":"","publisher":{"@id":"https:\/\/www.bagnoitalia.com\/de#organization"},"potentialAction":[{"@type":"SearchAction","target":{"@type":"EntryPoint","urlTemplate":"https:\/\/www.bagnoitalia.com\/de?s={search_term_string}"},"query-input":{"@type":"PropertyValueSpecification","valueRequired":true,"valueName":"search_term_string"}}],"inLanguage":"de"},{"@type":"Organization","@id":"https:\/\/www.bagnoitalia.com\/de#organization","name":"Bagno Italia","url":"https:\/\/www.bagnoitalia.com\/de","logo":{"@type":"ImageObject","inLanguage":"de","@id":"https:\/\/www.bagnoitalia.com\/de#\/schema\/logo\/image\/","url":"https:\/\/img.bagnoitalia.com\/wp-content\/uploads\/logo-bagnoitalia.webp","contentUrl":"https:\/\/img.bagnoitalia.com\/wp-content\/uploads\/logo-bagnoitalia.webp","width":400,"height":70,"caption":"Bagno Italia"},"image":{"@id":"https:\/\/www.bagnoitalia.com\/de#\/schema\/logo\/image\/"}}]}},"_links":{"self":[{"href":"https:\/\/www.bagnoitalia.com\/de\/wp-json\/wp\/v2\/product\/84142","targetHints":{"allow":["GET"]}}],"collection":[{"href":"https:\/\/www.bagnoitalia.com\/de\/wp-json\/wp\/v2\/product"}],"about":[{"href":"https:\/\/www.bagnoitalia.com\/de\/wp-json\/wp\/v2\/types\/product"}],"replies":[{"embeddable":true,"href":"https:\/\/www.bagnoitalia.com\/de\/wp-json\/wp\/v2\/comments?post=84142"}],"version-history":[{"count":1,"href":"https:\/\/www.bagnoitalia.com\/de\/wp-json\/wp\/v2\/product\/84142\/revisions"}],"predecessor-version":[{"id":90086,"href":"https:\/\/www.bagnoitalia.com\/de\/wp-json\/wp\/v2\/product\/84142\/revisions\/90086"}],"wp:featuredmedia":[{"embeddable":true,"href":"https:\/\/www.bagnoitalia.com\/de\/wp-json\/wp\/v2\/media\/73177"}],"wp:attachment":[{"href":"https:\/\/www.bagnoitalia.com\/de\/wp-json\/wp\/v2\/media?parent=84142"}],"wp:term":[{"taxonomy":"product_brand","embeddable":true,"href":"https:\/\/www.bagnoitalia.com\/de\/wp-json\/wp\/v2\/product_brand?post=84142"},{"taxonomy":"product_cat","embeddable":true,"href":"https:\/\/www.bagnoitalia.com\/de\/wp-json\/wp\/v2\/product_cat?post=84142"},{"taxonomy":"product_tag","embeddable":true,"href":"https:\/\/www.bagnoitalia.com\/de\/wp-json\/wp\/v2\/product_tag?post=84142"}],"curies":[{"name":"wp","href":"https:\/\/api.w.org\/{rel}","templated":true}]}}