{"id":84130,"date":"2024-02-26T15:08:35","date_gmt":"2024-02-26T14:08:35","guid":{"rendered":"https:\/\/www.bagnoitalia.com\/product\/sunshade-with-central-pole-and-3x3-m-or-4x3-m-canvas-white-or-dove-grey-ob25-2"},"modified":"2025-04-15T15:06:24","modified_gmt":"2025-04-15T13:06:24","slug":"sunshade-with-central-pole-and-3x3-m-or-4x3-m-canvas-white-or-dove-grey-ob25-2","status":"publish","type":"product","link":"https:\/\/www.bagnoitalia.com\/de\/produkt\/sunshade-with-central-pole-and-3x3-m-or-4x3-m-canvas-white-or-dove-grey-ob25-2.html","title":{"rendered":"Sonnenschirm mit Mittelstange und 3&#215;3 m oder 4&#215;3 m Segeltuch wei\u00df oder taubengrau OB25"},"content":{"rendered":"<p>WEISSE oder TORTORA UMBRELLA mit Mittelstange<\/p>\n<p>&#8222;OB25<\/p>\n<p>&nbsp;<\/p>\n<p>&nbsp;<\/p>\n<p>HAUPTMERKMALE DES PRODUKTS<\/p>\n<p>Sonnenschirm f\u00fcr G\u00e4rten, Terrassen, Pools und jeden anderen Au\u00dfenbereich<\/p>\n<p>Gesamth\u00f6he 265 cm<\/p>\n<p>Erh\u00e4ltlich in 4 Ausf\u00fchrungen<\/p>\n<p>&#8211; wei\u00df mit 3&#215;3 m quadratischem Schirmtuch<\/p>\n<p>&#8211; taubengrau mit 3&#215;3 m quadratischem Tuch<\/p>\n<p>&#8211; wei\u00df mit rechteckiger Plane 4&#215;3 m<\/p>\n<p>&#8211; taubengrau mit rechteckiger Plane 4&#215;3 m<\/p>\n<p>W\u00c4HLEN SIE DEN TYP AUS DEM DROPDOWN-MEN\u00dc<\/p>\n<p>\u00d8 48 mm zylindrische Stange, mittig positioniert<\/p>\n<p>8 Latten 2&#215;3 cm<\/p>\n<p>Umlenkrolle<\/p>\n<p>MATERIAL<\/p>\n<p>Polyester-Gewebe 235 gr<\/p>\n<p>Aluminium-Latten<\/p>\n<p>Aluminiumstange<\/p>\n<p>&nbsp;<\/p>\n<p>&nbsp;<\/p>\n<p>&nbsp;<\/p>\n<p>&nbsp;<\/p>\n<p>&nbsp;<\/p>\n<p>&nbsp;<\/p>\n<p>&nbsp;<\/p>\n<p>&nbsp;<\/p>\n<p>&nbsp;<\/p>\n<p>&nbsp;<\/p>\n<p>&nbsp;<\/p>\n<p>&nbsp;<\/p>\n<p>&nbsp;<\/p>\n<p>&nbsp;<\/p>\n<p>&nbsp;<\/p>\n<p>&nbsp;<\/p>\n<p>&nbsp;<\/p>\n<p>&nbsp;<\/p>\n<p>BRIAN<\/p>\n<p>&nbsp;<\/p>\n","protected":false},"excerpt":{"rendered":"<p>Sonnenschirm mit Aluminiumgestell und Polyestertuch, erh\u00e4ltlich in 4 Ausf\u00fchrungen: 3x3m wei\u00df, 3x3m taubengrau, 3x4m wei\u00df, 3x4m taubengrau. Gesamth\u00f6he 265 cm<\/p>\n","protected":false},"featured_media":73065,"comment_status":"open","ping_status":"closed","template":"","meta":[],"product_brand":[9880],"product_cat":[10031],"product_tag":[],"class_list":{"0":"post-84130","1":"product","2":"type-product","3":"status-publish","4":"has-post-thumbnail","6":"product_brand-vari-produttori-de","7":"product_cat-sonnenschirme","9":"first","10":"instock","11":"sale","12":"taxable","13":"shipping-taxable","14":"purchasable","15":"product-type-simple"},"exclude_global_add_ons":false,"addons":[{"name":"Typ","type":"multiple_choice","position":0,"required":true,"title_format":"heading","default":"","description_enable":false,"description":"","placeholder_enable":false,"placeholder":"","display":"select","restrictions_type":"any_text","adjust_price":false,"price":"","price_type":"flat_fee","restrictions":false,"min":"0","max":"0","options":[{"label":"3x3m taubengrau","price":"","price_type":"quantity_based","image":0,"visibility":true},{"label":"3x3m wei\u00df","price":"","price_type":"quantity_based","image":0,"visibility":true},{"label":"4x3m taubengrau","price":"20","price_type":"quantity_based","image":0,"visibility":true},{"label":"4x3m wei\u00df","price":"20","price_type":"quantity_based","image":0,"visibility":true}],"id":1718299573}],"yoast_head":"<!-- This site is optimized with the Yoast SEO plugin v26.7 - https:\/\/yoast.com\/wordpress\/plugins\/seo\/ -->\n<title>Sonnenschirm mit Mittelstange und 3x3 m oder 4x3 m Segeltuch wei\u00df oder taubengrau OB25<\/title>\n<meta name=\"description\" content=\"Sonnenschirm mit Aluminiumgestell und Polyestertuch, erh\u00e4ltlich in 4 Ausf\u00fchrungen: 3x3m wei\u00df, 3x3m taubengrau, 3x4m wei\u00df, 3x4m taubengrau. Gesamth\u00f6he 265 cm\" \/>\n<meta name=\"robots\" content=\"index, follow, max-snippet:-1, max-image-preview:large, max-video-preview:-1\" \/>\n<link rel=\"canonical\" href=\"https:\/\/www.bagnoitalia.com\/de\/produkt\/sunshade-with-central-pole-and-3x3-m-or-4x3-m-canvas-white-or-dove-grey-ob25-2.html\" \/>\n<meta property=\"og:locale\" content=\"de_DE\" \/>\n<meta property=\"og:type\" content=\"article\" \/>\n<meta property=\"og:title\" content=\"Sonnenschirm mit Mittelstange und 3x3 m oder 4x3 m Segeltuch wei\u00df oder taubengrau OB25\" \/>\n<meta property=\"og:description\" content=\"Sonnenschirm mit Aluminiumgestell und Polyestertuch, erh\u00e4ltlich in 4 Ausf\u00fchrungen: 3x3m wei\u00df, 3x3m taubengrau, 3x4m wei\u00df, 3x4m taubengrau. Gesamth\u00f6he 265 cm\" \/>\n<meta property=\"og:url\" content=\"https:\/\/www.bagnoitalia.com\/de\/produkt\/sunshade-with-central-pole-and-3x3-m-or-4x3-m-canvas-white-or-dove-grey-ob25-2.html\" \/>\n<meta property=\"og:site_name\" content=\"Bagno Italia\" \/>\n<meta property=\"article:modified_time\" content=\"2025-04-15T13:06:24+00:00\" \/>\n<meta property=\"og:image\" content=\"https:\/\/img.bagnoitalia.com\/wp-content\/uploads\/virtuemart\/product\/ombrellone-3x3-3x4-palo-centrale-tortora-bianco-1.jpg\" \/>\n\t<meta property=\"og:image:width\" content=\"550\" \/>\n\t<meta property=\"og:image:height\" content=\"550\" \/>\n\t<meta property=\"og:image:type\" content=\"image\/jpeg\" \/>\n<meta name=\"twitter:card\" content=\"summary_large_image\" \/>\n<meta name=\"twitter:label1\" content=\"Gesch\u00e4tzte Lesezeit\" \/>\n\t<meta name=\"twitter:data1\" content=\"1\u00a0Minute\" \/>\n<script type=\"application\/ld+json\" class=\"yoast-schema-graph\">{\"@context\":\"https:\/\/schema.org\",\"@graph\":[{\"@type\":\"WebPage\",\"@id\":\"https:\/\/www.bagnoitalia.com\/de\/produkt\/sunshade-with-central-pole-and-3x3-m-or-4x3-m-canvas-white-or-dove-grey-ob25-2.html\",\"url\":\"https:\/\/www.bagnoitalia.com\/de\/produkt\/sunshade-with-central-pole-and-3x3-m-or-4x3-m-canvas-white-or-dove-grey-ob25-2.html\",\"name\":\"Sonnenschirm mit Mittelstange und 3x3 m oder 4x3 m Segeltuch wei\u00df oder taubengrau OB25\",\"isPartOf\":{\"@id\":\"https:\/\/www.bagnoitalia.com\/de#website\"},\"primaryImageOfPage\":{\"@id\":\"https:\/\/www.bagnoitalia.com\/de\/produkt\/sunshade-with-central-pole-and-3x3-m-or-4x3-m-canvas-white-or-dove-grey-ob25-2.html#primaryimage\"},\"image\":{\"@id\":\"https:\/\/www.bagnoitalia.com\/de\/produkt\/sunshade-with-central-pole-and-3x3-m-or-4x3-m-canvas-white-or-dove-grey-ob25-2.html#primaryimage\"},\"thumbnailUrl\":\"https:\/\/img.bagnoitalia.com\/wp-content\/uploads\/virtuemart\/product\/ombrellone-3x3-3x4-palo-centrale-tortora-bianco-1.jpg\",\"datePublished\":\"2024-02-26T14:08:35+00:00\",\"dateModified\":\"2025-04-15T13:06:24+00:00\",\"description\":\"Sonnenschirm mit Aluminiumgestell und Polyestertuch, erh\u00e4ltlich in 4 Ausf\u00fchrungen: 3x3m wei\u00df, 3x3m taubengrau, 3x4m wei\u00df, 3x4m taubengrau. Gesamth\u00f6he 265 cm\",\"breadcrumb\":{\"@id\":\"https:\/\/www.bagnoitalia.com\/de\/produkt\/sunshade-with-central-pole-and-3x3-m-or-4x3-m-canvas-white-or-dove-grey-ob25-2.html#breadcrumb\"},\"inLanguage\":\"de\",\"potentialAction\":[{\"@type\":\"ReadAction\",\"target\":[\"https:\/\/www.bagnoitalia.com\/de\/produkt\/sunshade-with-central-pole-and-3x3-m-or-4x3-m-canvas-white-or-dove-grey-ob25-2.html\"]}]},{\"@type\":\"ImageObject\",\"inLanguage\":\"de\",\"@id\":\"https:\/\/www.bagnoitalia.com\/de\/produkt\/sunshade-with-central-pole-and-3x3-m-or-4x3-m-canvas-white-or-dove-grey-ob25-2.html#primaryimage\",\"url\":\"https:\/\/img.bagnoitalia.com\/wp-content\/uploads\/virtuemart\/product\/ombrellone-3x3-3x4-palo-centrale-tortora-bianco-1.jpg\",\"contentUrl\":\"https:\/\/img.bagnoitalia.com\/wp-content\/uploads\/virtuemart\/product\/ombrellone-3x3-3x4-palo-centrale-tortora-bianco-1.jpg\",\"width\":550,\"height\":550},{\"@type\":\"BreadcrumbList\",\"@id\":\"https:\/\/www.bagnoitalia.com\/de\/produkt\/sunshade-with-central-pole-and-3x3-m-or-4x3-m-canvas-white-or-dove-grey-ob25-2.html#breadcrumb\",\"itemListElement\":[{\"@type\":\"ListItem\",\"position\":1,\"name\":\"Home\",\"item\":\"https:\/\/www.bagnoitalia.com\/de\"},{\"@type\":\"ListItem\",\"position\":2,\"name\":\"Produkte\",\"item\":\"https:\/\/www.bagnoitalia.com\/de\/shop\"},{\"@type\":\"ListItem\",\"position\":3,\"name\":\"Sonnenschirm mit Mittelstange und 3&#215;3 m oder 4&#215;3 m Segeltuch wei\u00df oder taubengrau OB25\"}]},{\"@type\":\"WebSite\",\"@id\":\"https:\/\/www.bagnoitalia.com\/de#website\",\"url\":\"https:\/\/www.bagnoitalia.com\/de\",\"name\":\"Bagno Italia\",\"description\":\"\",\"publisher\":{\"@id\":\"https:\/\/www.bagnoitalia.com\/de#organization\"},\"potentialAction\":[{\"@type\":\"SearchAction\",\"target\":{\"@type\":\"EntryPoint\",\"urlTemplate\":\"https:\/\/www.bagnoitalia.com\/de?s={search_term_string}\"},\"query-input\":{\"@type\":\"PropertyValueSpecification\",\"valueRequired\":true,\"valueName\":\"search_term_string\"}}],\"inLanguage\":\"de\"},{\"@type\":\"Organization\",\"@id\":\"https:\/\/www.bagnoitalia.com\/de#organization\",\"name\":\"Bagno Italia\",\"url\":\"https:\/\/www.bagnoitalia.com\/de\",\"logo\":{\"@type\":\"ImageObject\",\"inLanguage\":\"de\",\"@id\":\"https:\/\/www.bagnoitalia.com\/de#\/schema\/logo\/image\/\",\"url\":\"https:\/\/img.bagnoitalia.com\/wp-content\/uploads\/logo-bagnoitalia.webp\",\"contentUrl\":\"https:\/\/img.bagnoitalia.com\/wp-content\/uploads\/logo-bagnoitalia.webp\",\"width\":400,\"height\":70,\"caption\":\"Bagno Italia\"},\"image\":{\"@id\":\"https:\/\/www.bagnoitalia.com\/de#\/schema\/logo\/image\/\"}}]}<\/script>\n<!-- \/ Yoast SEO plugin. -->","yoast_head_json":{"title":"Sonnenschirm mit Mittelstange und 3x3 m oder 4x3 m Segeltuch wei\u00df oder taubengrau OB25","description":"Sonnenschirm mit Aluminiumgestell und Polyestertuch, erh\u00e4ltlich in 4 Ausf\u00fchrungen: 3x3m wei\u00df, 3x3m taubengrau, 3x4m wei\u00df, 3x4m taubengrau. Gesamth\u00f6he 265 cm","robots":{"index":"index","follow":"follow","max-snippet":"max-snippet:-1","max-image-preview":"max-image-preview:large","max-video-preview":"max-video-preview:-1"},"canonical":"https:\/\/www.bagnoitalia.com\/de\/produkt\/sunshade-with-central-pole-and-3x3-m-or-4x3-m-canvas-white-or-dove-grey-ob25-2.html","og_locale":"de_DE","og_type":"article","og_title":"Sonnenschirm mit Mittelstange und 3x3 m oder 4x3 m Segeltuch wei\u00df oder taubengrau OB25","og_description":"Sonnenschirm mit Aluminiumgestell und Polyestertuch, erh\u00e4ltlich in 4 Ausf\u00fchrungen: 3x3m wei\u00df, 3x3m taubengrau, 3x4m wei\u00df, 3x4m taubengrau. Gesamth\u00f6he 265 cm","og_url":"https:\/\/www.bagnoitalia.com\/de\/produkt\/sunshade-with-central-pole-and-3x3-m-or-4x3-m-canvas-white-or-dove-grey-ob25-2.html","og_site_name":"Bagno Italia","article_modified_time":"2025-04-15T13:06:24+00:00","og_image":[{"width":550,"height":550,"url":"https:\/\/img.bagnoitalia.com\/wp-content\/uploads\/virtuemart\/product\/ombrellone-3x3-3x4-palo-centrale-tortora-bianco-1.jpg","type":"image\/jpeg"}],"twitter_card":"summary_large_image","twitter_misc":{"Gesch\u00e4tzte Lesezeit":"1\u00a0Minute"},"schema":{"@context":"https:\/\/schema.org","@graph":[{"@type":"WebPage","@id":"https:\/\/www.bagnoitalia.com\/de\/produkt\/sunshade-with-central-pole-and-3x3-m-or-4x3-m-canvas-white-or-dove-grey-ob25-2.html","url":"https:\/\/www.bagnoitalia.com\/de\/produkt\/sunshade-with-central-pole-and-3x3-m-or-4x3-m-canvas-white-or-dove-grey-ob25-2.html","name":"Sonnenschirm mit Mittelstange und 3x3 m oder 4x3 m Segeltuch wei\u00df oder taubengrau OB25","isPartOf":{"@id":"https:\/\/www.bagnoitalia.com\/de#website"},"primaryImageOfPage":{"@id":"https:\/\/www.bagnoitalia.com\/de\/produkt\/sunshade-with-central-pole-and-3x3-m-or-4x3-m-canvas-white-or-dove-grey-ob25-2.html#primaryimage"},"image":{"@id":"https:\/\/www.bagnoitalia.com\/de\/produkt\/sunshade-with-central-pole-and-3x3-m-or-4x3-m-canvas-white-or-dove-grey-ob25-2.html#primaryimage"},"thumbnailUrl":"https:\/\/img.bagnoitalia.com\/wp-content\/uploads\/virtuemart\/product\/ombrellone-3x3-3x4-palo-centrale-tortora-bianco-1.jpg","datePublished":"2024-02-26T14:08:35+00:00","dateModified":"2025-04-15T13:06:24+00:00","description":"Sonnenschirm mit Aluminiumgestell und Polyestertuch, erh\u00e4ltlich in 4 Ausf\u00fchrungen: 3x3m wei\u00df, 3x3m taubengrau, 3x4m wei\u00df, 3x4m taubengrau. Gesamth\u00f6he 265 cm","breadcrumb":{"@id":"https:\/\/www.bagnoitalia.com\/de\/produkt\/sunshade-with-central-pole-and-3x3-m-or-4x3-m-canvas-white-or-dove-grey-ob25-2.html#breadcrumb"},"inLanguage":"de","potentialAction":[{"@type":"ReadAction","target":["https:\/\/www.bagnoitalia.com\/de\/produkt\/sunshade-with-central-pole-and-3x3-m-or-4x3-m-canvas-white-or-dove-grey-ob25-2.html"]}]},{"@type":"ImageObject","inLanguage":"de","@id":"https:\/\/www.bagnoitalia.com\/de\/produkt\/sunshade-with-central-pole-and-3x3-m-or-4x3-m-canvas-white-or-dove-grey-ob25-2.html#primaryimage","url":"https:\/\/img.bagnoitalia.com\/wp-content\/uploads\/virtuemart\/product\/ombrellone-3x3-3x4-palo-centrale-tortora-bianco-1.jpg","contentUrl":"https:\/\/img.bagnoitalia.com\/wp-content\/uploads\/virtuemart\/product\/ombrellone-3x3-3x4-palo-centrale-tortora-bianco-1.jpg","width":550,"height":550},{"@type":"BreadcrumbList","@id":"https:\/\/www.bagnoitalia.com\/de\/produkt\/sunshade-with-central-pole-and-3x3-m-or-4x3-m-canvas-white-or-dove-grey-ob25-2.html#breadcrumb","itemListElement":[{"@type":"ListItem","position":1,"name":"Home","item":"https:\/\/www.bagnoitalia.com\/de"},{"@type":"ListItem","position":2,"name":"Produkte","item":"https:\/\/www.bagnoitalia.com\/de\/shop"},{"@type":"ListItem","position":3,"name":"Sonnenschirm mit Mittelstange und 3&#215;3 m oder 4&#215;3 m Segeltuch wei\u00df oder taubengrau OB25"}]},{"@type":"WebSite","@id":"https:\/\/www.bagnoitalia.com\/de#website","url":"https:\/\/www.bagnoitalia.com\/de","name":"Bagno Italia","description":"","publisher":{"@id":"https:\/\/www.bagnoitalia.com\/de#organization"},"potentialAction":[{"@type":"SearchAction","target":{"@type":"EntryPoint","urlTemplate":"https:\/\/www.bagnoitalia.com\/de?s={search_term_string}"},"query-input":{"@type":"PropertyValueSpecification","valueRequired":true,"valueName":"search_term_string"}}],"inLanguage":"de"},{"@type":"Organization","@id":"https:\/\/www.bagnoitalia.com\/de#organization","name":"Bagno Italia","url":"https:\/\/www.bagnoitalia.com\/de","logo":{"@type":"ImageObject","inLanguage":"de","@id":"https:\/\/www.bagnoitalia.com\/de#\/schema\/logo\/image\/","url":"https:\/\/img.bagnoitalia.com\/wp-content\/uploads\/logo-bagnoitalia.webp","contentUrl":"https:\/\/img.bagnoitalia.com\/wp-content\/uploads\/logo-bagnoitalia.webp","width":400,"height":70,"caption":"Bagno Italia"},"image":{"@id":"https:\/\/www.bagnoitalia.com\/de#\/schema\/logo\/image\/"}}]}},"_links":{"self":[{"href":"https:\/\/www.bagnoitalia.com\/de\/wp-json\/wp\/v2\/product\/84130","targetHints":{"allow":["GET"]}}],"collection":[{"href":"https:\/\/www.bagnoitalia.com\/de\/wp-json\/wp\/v2\/product"}],"about":[{"href":"https:\/\/www.bagnoitalia.com\/de\/wp-json\/wp\/v2\/types\/product"}],"replies":[{"embeddable":true,"href":"https:\/\/www.bagnoitalia.com\/de\/wp-json\/wp\/v2\/comments?post=84130"}],"version-history":[{"count":1,"href":"https:\/\/www.bagnoitalia.com\/de\/wp-json\/wp\/v2\/product\/84130\/revisions"}],"predecessor-version":[{"id":90176,"href":"https:\/\/www.bagnoitalia.com\/de\/wp-json\/wp\/v2\/product\/84130\/revisions\/90176"}],"wp:featuredmedia":[{"embeddable":true,"href":"https:\/\/www.bagnoitalia.com\/de\/wp-json\/wp\/v2\/media\/73065"}],"wp:attachment":[{"href":"https:\/\/www.bagnoitalia.com\/de\/wp-json\/wp\/v2\/media?parent=84130"}],"wp:term":[{"taxonomy":"product_brand","embeddable":true,"href":"https:\/\/www.bagnoitalia.com\/de\/wp-json\/wp\/v2\/product_brand?post=84130"},{"taxonomy":"product_cat","embeddable":true,"href":"https:\/\/www.bagnoitalia.com\/de\/wp-json\/wp\/v2\/product_cat?post=84130"},{"taxonomy":"product_tag","embeddable":true,"href":"https:\/\/www.bagnoitalia.com\/de\/wp-json\/wp\/v2\/product_tag?post=84130"}],"curies":[{"name":"wp","href":"https:\/\/api.w.org\/{rel}","templated":true}]}}