{"id":83994,"date":"2024-02-09T15:58:50","date_gmt":"2024-02-09T14:58:50","guid":{"rendered":"https:\/\/www.bagnoitalia.com\/product\/jackson-outdoor-console-table-extendable-from-52-to-260-cm-available-in-white-or-anthracite-2"},"modified":"2024-05-28T14:46:21","modified_gmt":"2024-05-28T12:46:21","slug":"jackson-outdoor-console-table-extendable-from-52-to-260-cm-available-in-white-or-anthracite-2","status":"publish","type":"product","link":"https:\/\/www.bagnoitalia.com\/de\/produkt\/jackson-outdoor-console-table-extendable-from-52-to-260-cm-available-in-white-or-anthracite-2.html","title":{"rendered":"Jackson&#8216; Konsolentisch f\u00fcr den Au\u00dfenbereich, ausziehbar von 52 bis 260 cm, erh\u00e4ltlich in Wei\u00df oder Anthrazit"},"content":{"rendered":"<p>Tisch-Konsole 51\/260 cm &#8222;JACKSON&#8220;<\/p>\n<p>&nbsp;<\/p>\n<p>&nbsp;<\/p>\n<p>HAUPT DETAILS<\/p>\n<p>Garten- und Outdoor-M\u00f6bel, besonders geeignet f\u00fcr Menschen mit wenig Platz<\/p>\n<p>Mindestl\u00e4nge 52cm<\/p>\n<p>Durch Hinzuf\u00fcgen einer oder mehrerer Verl\u00e4ngerungen (je 52 cm) kann ein Tisch mit einer L\u00e4nge von: 104cm, oder 156cm, oder 208cm, oder 260cm<\/p>\n<p>Tiefe 85 cm<\/p>\n<p>H\u00f6he 74 cm<\/p>\n<p>Gestell aus Aluminium<\/p>\n<p>Verf\u00fcgbare Ausf\u00fchrungen: anthrazit, wei\u00df<\/p>\n<p>&nbsp;<\/p>\n<p>DURCH DAS MEN\u00dc VORHANG IST ES M\u00d6GLICH, KOMBINIERTE ST\u00dcHLE, 57x61xH89cm, aus Aluminium mit Sitz und R\u00fcckenlehne aus Textilene, hinzuzuf\u00fcgen<\/p>\n<p>&nbsp;<\/p>\n<p>&nbsp;<\/p>\n<p>&nbsp;<\/p>\n<p>&nbsp;<\/p>\n<p>&nbsp;<\/p>\n<p>&nbsp;<\/p>\n<p>&nbsp;<\/p>\n<p>&nbsp;<\/p>\n<p>&nbsp;<\/p>\n<p>&nbsp;<\/p>\n<p>&nbsp;<\/p>\n<p>&nbsp;<\/p>\n<p>&nbsp;<\/p>\n<p>&nbsp;<\/p>\n<p>&nbsp;<\/p>\n<p>&nbsp;<\/p>\n<p>&nbsp;<\/p>\n<p>&nbsp;<\/p>\n<p>&nbsp;<\/p>\n<p>&nbsp;<\/p>\n<p>&nbsp;<\/p>\n<p>AT804230<\/p>\n<p><span style=\"font-size: 8pt;\">AT804177<\/span><\/p>\n","protected":false},"excerpt":{"rendered":"<p>Rechteckiger Konsolentisch f\u00fcr den Garten und den Au\u00dfenbereich, aus Aluminium, in zwei Ausf\u00fchrungen erh\u00e4ltlich. Der Tisch ist auch f\u00fcr Personen mit begrenztem Platzangebot geeignet, da er bei Bedarf bis zu einer maximalen H\u00f6he von 260 cm verl\u00e4ngert werden kann.<\/p>\n","protected":false},"featured_media":71937,"comment_status":"open","ping_status":"closed","template":"","meta":[],"product_brand":[5004],"product_cat":[10028,9784],"product_tag":[],"class_list":{"0":"post-83994","1":"product","2":"type-product","3":"status-publish","4":"has-post-thumbnail","6":"product_brand-vari-produttori","7":"product_cat-tische-mit-stuhlen","8":"product_cat-gartenmobel","10":"first","11":"instock","12":"sale","13":"taxable","14":"shipping-taxable","15":"purchasable","16":"product-type-simple"},"exclude_global_add_ons":false,"addons":[{"name":"Farbe","type":"multiple_choice","position":0,"required":true,"title_format":"heading","default":"","description_enable":false,"description":"","placeholder_enable":false,"placeholder":"","display":"select","restrictions_type":"any_text","adjust_price":false,"price":"","price_type":"flat_fee","restrictions":false,"min":"0","max":"0","options":[{"label":"Anthrazit","price":"","price_type":"quantity_based","image":0,"visibility":true},{"label":"Wei\u00df","price":"","price_type":"quantity_based","image":0,"visibility":true}],"id":1716907582},{"name":"St\u00fchle","type":"multiple_choice","position":1,"required":true,"title_format":"heading","default":"","description_enable":false,"description":"","placeholder_enable":false,"placeholder":"","display":"select","restrictions_type":"any_text","adjust_price":false,"price":"","price_type":"flat_fee","restrictions":false,"min":"0","max":"0","options":[{"label":"KEINE St\u00fchle","price":"","price_type":"quantity_based","image":0,"visibility":true},{"label":"n.4 St\u00fchle","price":"460","price_type":"quantity_based","image":0,"visibility":true},{"label":"n.6 St\u00fchle","price":"690","price_type":"quantity_based","image":0,"visibility":true},{"label":"n.8 St\u00fchle","price":"920","price_type":"quantity_based","image":0,"visibility":true},{"label":"n.10 St\u00fchle","price":"1150","price_type":"quantity_based","image":0,"visibility":true},{"label":"n.12 St\u00fchle","price":"1380","price_type":"quantity_based","image":0,"visibility":true}],"id":1716907583}],"yoast_head":"<!-- This site is optimized with the Yoast SEO plugin v26.7 - https:\/\/yoast.com\/wordpress\/plugins\/seo\/ -->\n<title>Jackson&#039; Konsolentisch f\u00fcr den Au\u00dfenbereich, ausziehbar von 52 bis 260 cm, erh\u00e4ltlich in Wei\u00df oder Anthrazit<\/title>\n<meta name=\"description\" content=\"Rechteckiger Konsolentisch f\u00fcr den Garten und den Au\u00dfenbereich, aus Aluminium, in zwei Ausf\u00fchrungen erh\u00e4ltlich. Der Tisch ist auch f\u00fcr Personen mit begrenztem Platzangebot geeignet, da er bei Bedarf bis zu einer maximalen H\u00f6he von 260 cm verl\u00e4ngert werden kann.\" \/>\n<meta name=\"robots\" content=\"index, follow, max-snippet:-1, max-image-preview:large, max-video-preview:-1\" \/>\n<link rel=\"canonical\" href=\"https:\/\/www.bagnoitalia.com\/de\/produkt\/jackson-outdoor-console-table-extendable-from-52-to-260-cm-available-in-white-or-anthracite-2.html\" \/>\n<meta property=\"og:locale\" content=\"de_DE\" \/>\n<meta property=\"og:type\" content=\"article\" \/>\n<meta property=\"og:title\" content=\"Jackson&#039; Konsolentisch f\u00fcr den Au\u00dfenbereich, ausziehbar von 52 bis 260 cm, erh\u00e4ltlich in Wei\u00df oder Anthrazit\" \/>\n<meta property=\"og:description\" content=\"Rechteckiger Konsolentisch f\u00fcr den Garten und den Au\u00dfenbereich, aus Aluminium, in zwei Ausf\u00fchrungen erh\u00e4ltlich. Der Tisch ist auch f\u00fcr Personen mit begrenztem Platzangebot geeignet, da er bei Bedarf bis zu einer maximalen H\u00f6he von 260 cm verl\u00e4ngert werden kann.\" \/>\n<meta property=\"og:url\" content=\"https:\/\/www.bagnoitalia.com\/de\/produkt\/jackson-outdoor-console-table-extendable-from-52-to-260-cm-available-in-white-or-anthracite-2.html\" \/>\n<meta property=\"og:site_name\" content=\"Bagno Italia\" \/>\n<meta property=\"article:modified_time\" content=\"2024-05-28T12:46:21+00:00\" \/>\n<meta property=\"og:image\" content=\"https:\/\/img.bagnoitalia.com\/wp-content\/uploads\/virtuemart\/product\/tavolo-consolle-jackson-bianco-antracite-1.jpg\" \/>\n\t<meta property=\"og:image:width\" content=\"550\" \/>\n\t<meta property=\"og:image:height\" content=\"550\" \/>\n\t<meta property=\"og:image:type\" content=\"image\/jpeg\" \/>\n<meta name=\"twitter:card\" content=\"summary_large_image\" \/>\n<meta name=\"twitter:label1\" content=\"Gesch\u00e4tzte Lesezeit\" \/>\n\t<meta name=\"twitter:data1\" content=\"1\u00a0Minute\" \/>\n<script type=\"application\/ld+json\" class=\"yoast-schema-graph\">{\"@context\":\"https:\/\/schema.org\",\"@graph\":[{\"@type\":\"WebPage\",\"@id\":\"https:\/\/www.bagnoitalia.com\/de\/produkt\/jackson-outdoor-console-table-extendable-from-52-to-260-cm-available-in-white-or-anthracite-2.html\",\"url\":\"https:\/\/www.bagnoitalia.com\/de\/produkt\/jackson-outdoor-console-table-extendable-from-52-to-260-cm-available-in-white-or-anthracite-2.html\",\"name\":\"Jackson' Konsolentisch f\u00fcr den Au\u00dfenbereich, ausziehbar von 52 bis 260 cm, erh\u00e4ltlich in Wei\u00df oder Anthrazit\",\"isPartOf\":{\"@id\":\"https:\/\/www.bagnoitalia.com\/de#website\"},\"primaryImageOfPage\":{\"@id\":\"https:\/\/www.bagnoitalia.com\/de\/produkt\/jackson-outdoor-console-table-extendable-from-52-to-260-cm-available-in-white-or-anthracite-2.html#primaryimage\"},\"image\":{\"@id\":\"https:\/\/www.bagnoitalia.com\/de\/produkt\/jackson-outdoor-console-table-extendable-from-52-to-260-cm-available-in-white-or-anthracite-2.html#primaryimage\"},\"thumbnailUrl\":\"https:\/\/img.bagnoitalia.com\/wp-content\/uploads\/virtuemart\/product\/tavolo-consolle-jackson-bianco-antracite-1.jpg\",\"datePublished\":\"2024-02-09T14:58:50+00:00\",\"dateModified\":\"2024-05-28T12:46:21+00:00\",\"description\":\"Rechteckiger Konsolentisch f\u00fcr den Garten und den Au\u00dfenbereich, aus Aluminium, in zwei Ausf\u00fchrungen erh\u00e4ltlich. Der Tisch ist auch f\u00fcr Personen mit begrenztem Platzangebot geeignet, da er bei Bedarf bis zu einer maximalen H\u00f6he von 260 cm verl\u00e4ngert werden kann.\",\"breadcrumb\":{\"@id\":\"https:\/\/www.bagnoitalia.com\/de\/produkt\/jackson-outdoor-console-table-extendable-from-52-to-260-cm-available-in-white-or-anthracite-2.html#breadcrumb\"},\"inLanguage\":\"de\",\"potentialAction\":[{\"@type\":\"ReadAction\",\"target\":[\"https:\/\/www.bagnoitalia.com\/de\/produkt\/jackson-outdoor-console-table-extendable-from-52-to-260-cm-available-in-white-or-anthracite-2.html\"]}]},{\"@type\":\"ImageObject\",\"inLanguage\":\"de\",\"@id\":\"https:\/\/www.bagnoitalia.com\/de\/produkt\/jackson-outdoor-console-table-extendable-from-52-to-260-cm-available-in-white-or-anthracite-2.html#primaryimage\",\"url\":\"https:\/\/img.bagnoitalia.com\/wp-content\/uploads\/virtuemart\/product\/tavolo-consolle-jackson-bianco-antracite-1.jpg\",\"contentUrl\":\"https:\/\/img.bagnoitalia.com\/wp-content\/uploads\/virtuemart\/product\/tavolo-consolle-jackson-bianco-antracite-1.jpg\",\"width\":550,\"height\":550},{\"@type\":\"BreadcrumbList\",\"@id\":\"https:\/\/www.bagnoitalia.com\/de\/produkt\/jackson-outdoor-console-table-extendable-from-52-to-260-cm-available-in-white-or-anthracite-2.html#breadcrumb\",\"itemListElement\":[{\"@type\":\"ListItem\",\"position\":1,\"name\":\"Home\",\"item\":\"https:\/\/www.bagnoitalia.com\/de\"},{\"@type\":\"ListItem\",\"position\":2,\"name\":\"Produkte\",\"item\":\"https:\/\/www.bagnoitalia.com\/de\/shop\"},{\"@type\":\"ListItem\",\"position\":3,\"name\":\"Jackson&#8217; Konsolentisch f\u00fcr den Au\u00dfenbereich, ausziehbar von 52 bis 260 cm, erh\u00e4ltlich in Wei\u00df oder Anthrazit\"}]},{\"@type\":\"WebSite\",\"@id\":\"https:\/\/www.bagnoitalia.com\/de#website\",\"url\":\"https:\/\/www.bagnoitalia.com\/de\",\"name\":\"Bagno Italia\",\"description\":\"\",\"publisher\":{\"@id\":\"https:\/\/www.bagnoitalia.com\/de#organization\"},\"potentialAction\":[{\"@type\":\"SearchAction\",\"target\":{\"@type\":\"EntryPoint\",\"urlTemplate\":\"https:\/\/www.bagnoitalia.com\/de?s={search_term_string}\"},\"query-input\":{\"@type\":\"PropertyValueSpecification\",\"valueRequired\":true,\"valueName\":\"search_term_string\"}}],\"inLanguage\":\"de\"},{\"@type\":\"Organization\",\"@id\":\"https:\/\/www.bagnoitalia.com\/de#organization\",\"name\":\"Bagno Italia\",\"url\":\"https:\/\/www.bagnoitalia.com\/de\",\"logo\":{\"@type\":\"ImageObject\",\"inLanguage\":\"de\",\"@id\":\"https:\/\/www.bagnoitalia.com\/de#\/schema\/logo\/image\/\",\"url\":\"https:\/\/img.bagnoitalia.com\/wp-content\/uploads\/logo-bagnoitalia.webp\",\"contentUrl\":\"https:\/\/img.bagnoitalia.com\/wp-content\/uploads\/logo-bagnoitalia.webp\",\"width\":400,\"height\":70,\"caption\":\"Bagno Italia\"},\"image\":{\"@id\":\"https:\/\/www.bagnoitalia.com\/de#\/schema\/logo\/image\/\"}}]}<\/script>\n<!-- \/ Yoast SEO plugin. -->","yoast_head_json":{"title":"Jackson' Konsolentisch f\u00fcr den Au\u00dfenbereich, ausziehbar von 52 bis 260 cm, erh\u00e4ltlich in Wei\u00df oder Anthrazit","description":"Rechteckiger Konsolentisch f\u00fcr den Garten und den Au\u00dfenbereich, aus Aluminium, in zwei Ausf\u00fchrungen erh\u00e4ltlich. Der Tisch ist auch f\u00fcr Personen mit begrenztem Platzangebot geeignet, da er bei Bedarf bis zu einer maximalen H\u00f6he von 260 cm verl\u00e4ngert werden kann.","robots":{"index":"index","follow":"follow","max-snippet":"max-snippet:-1","max-image-preview":"max-image-preview:large","max-video-preview":"max-video-preview:-1"},"canonical":"https:\/\/www.bagnoitalia.com\/de\/produkt\/jackson-outdoor-console-table-extendable-from-52-to-260-cm-available-in-white-or-anthracite-2.html","og_locale":"de_DE","og_type":"article","og_title":"Jackson' Konsolentisch f\u00fcr den Au\u00dfenbereich, ausziehbar von 52 bis 260 cm, erh\u00e4ltlich in Wei\u00df oder Anthrazit","og_description":"Rechteckiger Konsolentisch f\u00fcr den Garten und den Au\u00dfenbereich, aus Aluminium, in zwei Ausf\u00fchrungen erh\u00e4ltlich. Der Tisch ist auch f\u00fcr Personen mit begrenztem Platzangebot geeignet, da er bei Bedarf bis zu einer maximalen H\u00f6he von 260 cm verl\u00e4ngert werden kann.","og_url":"https:\/\/www.bagnoitalia.com\/de\/produkt\/jackson-outdoor-console-table-extendable-from-52-to-260-cm-available-in-white-or-anthracite-2.html","og_site_name":"Bagno Italia","article_modified_time":"2024-05-28T12:46:21+00:00","og_image":[{"width":550,"height":550,"url":"https:\/\/img.bagnoitalia.com\/wp-content\/uploads\/virtuemart\/product\/tavolo-consolle-jackson-bianco-antracite-1.jpg","type":"image\/jpeg"}],"twitter_card":"summary_large_image","twitter_misc":{"Gesch\u00e4tzte Lesezeit":"1\u00a0Minute"},"schema":{"@context":"https:\/\/schema.org","@graph":[{"@type":"WebPage","@id":"https:\/\/www.bagnoitalia.com\/de\/produkt\/jackson-outdoor-console-table-extendable-from-52-to-260-cm-available-in-white-or-anthracite-2.html","url":"https:\/\/www.bagnoitalia.com\/de\/produkt\/jackson-outdoor-console-table-extendable-from-52-to-260-cm-available-in-white-or-anthracite-2.html","name":"Jackson' Konsolentisch f\u00fcr den Au\u00dfenbereich, ausziehbar von 52 bis 260 cm, erh\u00e4ltlich in Wei\u00df oder Anthrazit","isPartOf":{"@id":"https:\/\/www.bagnoitalia.com\/de#website"},"primaryImageOfPage":{"@id":"https:\/\/www.bagnoitalia.com\/de\/produkt\/jackson-outdoor-console-table-extendable-from-52-to-260-cm-available-in-white-or-anthracite-2.html#primaryimage"},"image":{"@id":"https:\/\/www.bagnoitalia.com\/de\/produkt\/jackson-outdoor-console-table-extendable-from-52-to-260-cm-available-in-white-or-anthracite-2.html#primaryimage"},"thumbnailUrl":"https:\/\/img.bagnoitalia.com\/wp-content\/uploads\/virtuemart\/product\/tavolo-consolle-jackson-bianco-antracite-1.jpg","datePublished":"2024-02-09T14:58:50+00:00","dateModified":"2024-05-28T12:46:21+00:00","description":"Rechteckiger Konsolentisch f\u00fcr den Garten und den Au\u00dfenbereich, aus Aluminium, in zwei Ausf\u00fchrungen erh\u00e4ltlich. Der Tisch ist auch f\u00fcr Personen mit begrenztem Platzangebot geeignet, da er bei Bedarf bis zu einer maximalen H\u00f6he von 260 cm verl\u00e4ngert werden kann.","breadcrumb":{"@id":"https:\/\/www.bagnoitalia.com\/de\/produkt\/jackson-outdoor-console-table-extendable-from-52-to-260-cm-available-in-white-or-anthracite-2.html#breadcrumb"},"inLanguage":"de","potentialAction":[{"@type":"ReadAction","target":["https:\/\/www.bagnoitalia.com\/de\/produkt\/jackson-outdoor-console-table-extendable-from-52-to-260-cm-available-in-white-or-anthracite-2.html"]}]},{"@type":"ImageObject","inLanguage":"de","@id":"https:\/\/www.bagnoitalia.com\/de\/produkt\/jackson-outdoor-console-table-extendable-from-52-to-260-cm-available-in-white-or-anthracite-2.html#primaryimage","url":"https:\/\/img.bagnoitalia.com\/wp-content\/uploads\/virtuemart\/product\/tavolo-consolle-jackson-bianco-antracite-1.jpg","contentUrl":"https:\/\/img.bagnoitalia.com\/wp-content\/uploads\/virtuemart\/product\/tavolo-consolle-jackson-bianco-antracite-1.jpg","width":550,"height":550},{"@type":"BreadcrumbList","@id":"https:\/\/www.bagnoitalia.com\/de\/produkt\/jackson-outdoor-console-table-extendable-from-52-to-260-cm-available-in-white-or-anthracite-2.html#breadcrumb","itemListElement":[{"@type":"ListItem","position":1,"name":"Home","item":"https:\/\/www.bagnoitalia.com\/de"},{"@type":"ListItem","position":2,"name":"Produkte","item":"https:\/\/www.bagnoitalia.com\/de\/shop"},{"@type":"ListItem","position":3,"name":"Jackson&#8217; Konsolentisch f\u00fcr den Au\u00dfenbereich, ausziehbar von 52 bis 260 cm, erh\u00e4ltlich in Wei\u00df oder Anthrazit"}]},{"@type":"WebSite","@id":"https:\/\/www.bagnoitalia.com\/de#website","url":"https:\/\/www.bagnoitalia.com\/de","name":"Bagno Italia","description":"","publisher":{"@id":"https:\/\/www.bagnoitalia.com\/de#organization"},"potentialAction":[{"@type":"SearchAction","target":{"@type":"EntryPoint","urlTemplate":"https:\/\/www.bagnoitalia.com\/de?s={search_term_string}"},"query-input":{"@type":"PropertyValueSpecification","valueRequired":true,"valueName":"search_term_string"}}],"inLanguage":"de"},{"@type":"Organization","@id":"https:\/\/www.bagnoitalia.com\/de#organization","name":"Bagno Italia","url":"https:\/\/www.bagnoitalia.com\/de","logo":{"@type":"ImageObject","inLanguage":"de","@id":"https:\/\/www.bagnoitalia.com\/de#\/schema\/logo\/image\/","url":"https:\/\/img.bagnoitalia.com\/wp-content\/uploads\/logo-bagnoitalia.webp","contentUrl":"https:\/\/img.bagnoitalia.com\/wp-content\/uploads\/logo-bagnoitalia.webp","width":400,"height":70,"caption":"Bagno Italia"},"image":{"@id":"https:\/\/www.bagnoitalia.com\/de#\/schema\/logo\/image\/"}}]}},"_links":{"self":[{"href":"https:\/\/www.bagnoitalia.com\/de\/wp-json\/wp\/v2\/product\/83994","targetHints":{"allow":["GET"]}}],"collection":[{"href":"https:\/\/www.bagnoitalia.com\/de\/wp-json\/wp\/v2\/product"}],"about":[{"href":"https:\/\/www.bagnoitalia.com\/de\/wp-json\/wp\/v2\/types\/product"}],"replies":[{"embeddable":true,"href":"https:\/\/www.bagnoitalia.com\/de\/wp-json\/wp\/v2\/comments?post=83994"}],"version-history":[{"count":1,"href":"https:\/\/www.bagnoitalia.com\/de\/wp-json\/wp\/v2\/product\/83994\/revisions"}],"predecessor-version":[{"id":88471,"href":"https:\/\/www.bagnoitalia.com\/de\/wp-json\/wp\/v2\/product\/83994\/revisions\/88471"}],"wp:featuredmedia":[{"embeddable":true,"href":"https:\/\/www.bagnoitalia.com\/de\/wp-json\/wp\/v2\/media\/71937"}],"wp:attachment":[{"href":"https:\/\/www.bagnoitalia.com\/de\/wp-json\/wp\/v2\/media?parent=83994"}],"wp:term":[{"taxonomy":"product_brand","embeddable":true,"href":"https:\/\/www.bagnoitalia.com\/de\/wp-json\/wp\/v2\/product_brand?post=83994"},{"taxonomy":"product_cat","embeddable":true,"href":"https:\/\/www.bagnoitalia.com\/de\/wp-json\/wp\/v2\/product_cat?post=83994"},{"taxonomy":"product_tag","embeddable":true,"href":"https:\/\/www.bagnoitalia.com\/de\/wp-json\/wp\/v2\/product_tag?post=83994"}],"curies":[{"name":"wp","href":"https:\/\/api.w.org\/{rel}","templated":true}]}}