{"id":83990,"date":"2024-02-09T15:45:09","date_gmt":"2024-02-09T14:45:09","guid":{"rendered":"https:\/\/www.bagnoitalia.com\/product\/arizona-extending-table-149-215-cm-garden-furniture-available-in-3-colours-2"},"modified":"2024-09-20T15:43:12","modified_gmt":"2024-09-20T13:43:12","slug":"arizona-extending-table-149-215-cm-garden-furniture-available-in-3-colours-2","status":"publish","type":"product","link":"https:\/\/www.bagnoitalia.com\/de\/produkt\/arizona-extending-table-149-215-cm-garden-furniture-available-in-3-colours-2.html","title":{"rendered":"Ausziehbarer Tisch Arizona 165\/215 cm. Gartenm\u00f6bel in 3 Farben erh\u00e4ltlich"},"content":{"rendered":"<p><strong><span>AUSSENTISCH\u00a0<\/span><span>165\/215 cm<\/span><span>\u00a0Modell ARIZONA<\/span><\/strong><\/p>\n<p>&nbsp;<\/p>\n<p><strong><span>HAUPTMERKMALE<\/span><\/strong><\/p>\n<p><span>Rechteckiger Tisch, geeignet f\u00fcr G\u00e4rten und Au\u00dfenbereiche<\/span><\/p>\n<p><span>Mit Struktur aus Aluminium<\/span><\/p>\n<p><span>Erh\u00e4ltlich in 3 Farben: Wei\u00df, Taupe, Anthrazit (w\u00e4hlen Sie die Farbe aus dem Dropdown-Men\u00fc)<\/span><\/p>\n<p><span>Ausziehbar von 165 cm bis 215 cm<\/span><\/p>\n<p><span>Tiefe 85 cm<\/span><\/p>\n<p><span>H\u00f6he 75,5 cm<\/span><\/p>\n<p>&nbsp;<\/p>\n<p><span>Hinweis: St\u00fchle sind nicht im Preis inbegriffen, Sie k\u00f6nnen sie \u00fcber das Dropdown-Men\u00fc hinzuf\u00fcgen (57 x 61 x H89 cm, aus Aluminium mit Sitz und R\u00fcckenlehne aus Textilene).<\/span><\/p>\n<p>&nbsp;<\/p>\n<p>&nbsp;<\/p>\n<p>&nbsp;<\/p>\n<p>&nbsp;<\/p>\n<p>&nbsp;<\/p>\n<p>&nbsp;<\/p>\n<p>&nbsp;<\/p>\n<p>&nbsp;<\/p>\n<p>&nbsp;<\/p>\n<p>&nbsp;<\/p>\n<p>&nbsp;<\/p>\n<p>&nbsp;<\/p>\n<p>&nbsp;<\/p>\n<p>&nbsp;<\/p>\n<p><span>AT804286<\/span><\/p>\n<p><span>AT804177<\/span><\/p>\n","protected":false},"excerpt":{"rendered":"<div class=\"woocommerce-product-details__short-description\">\n<p><span>Rechteckiger Outdoor-Tisch aus Aluminium, erh\u00e4ltlich in Anthrazit, Wei\u00df oder Taupe. Ausziehbar von 165 cm bis 215 cm, H\u00f6he 75,5 cm.<\/span><\/p>\n<\/div>\n<div class=\"woocommerce-product-rating\">\n<div class=\"star-rating\" role=\"img\" aria-label=\"Bewertet mit 5,00 von 5\"><\/div>\n<\/div>\n","protected":false},"featured_media":91998,"comment_status":"open","ping_status":"closed","template":"","meta":[],"product_brand":[5004],"product_cat":[10028,9784],"product_tag":[],"class_list":{"0":"post-83990","1":"product","2":"type-product","3":"status-publish","4":"has-post-thumbnail","6":"product_brand-vari-produttori","7":"product_cat-tische-mit-stuhlen","8":"product_cat-gartenmobel","10":"first","11":"instock","12":"sale","13":"taxable","14":"shipping-taxable","15":"purchasable","16":"product-type-simple"},"exclude_global_add_ons":false,"addons":[{"name":"Farbe","type":"multiple_choice","position":0,"required":true,"title_format":"heading","default":"","description_enable":false,"description":"","placeholder_enable":false,"placeholder":"","display":"select","restrictions_type":"any_text","adjust_price":false,"price":"","price_type":"flat_fee","restrictions":false,"min":"0","max":"0","options":[{"label":"Wei\u00df","price":"","price_type":"quantity_based","image":0,"visibility":true},{"label":"Nicht verf\u00fcgbar \u2013 Anthrazit","price":"","price_type":"quantity_based","image":0,"visibility":true},{"label":"Nicht verf\u00fcgbar \u2013 taupe","price":"","price_type":"quantity_based","image":0,"visibility":true}],"id":1716981748},{"name":"St\u00fchle","type":"multiple_choice","position":1,"required":true,"title_format":"heading","default":"","description_enable":false,"description":"","placeholder_enable":false,"placeholder":"","display":"select","restrictions_type":"any_text","adjust_price":false,"price":"","price_type":"flat_fee","restrictions":false,"min":"0","max":"0","options":[{"label":"KEINE St\u00fchle","price":"","price_type":"quantity_based","image":0,"visibility":true},{"label":"n. 4 St\u00fchle","price":"460","price_type":"quantity_based","image":0,"visibility":true},{"label":"n. 6 St\u00fchle","price":"690","price_type":"quantity_based","image":0,"visibility":true},{"label":"n. 8 St\u00fchle","price":"920","price_type":"quantity_based","image":0,"visibility":true},{"label":"n. 10 St\u00fchle","price":"1150","price_type":"quantity_based","image":0,"visibility":true},{"label":"n. 12 St\u00fchle","price":"1380","price_type":"quantity_based","image":0,"visibility":true}],"id":1716981749}],"yoast_head":"<!-- This site is optimized with the Yoast SEO plugin v26.7 - https:\/\/yoast.com\/wordpress\/plugins\/seo\/ -->\n<title>Ausziehtisch<\/title>\n<meta name=\"description\" content=\"Rechteckiger Tisch f\u00fcr den Au\u00dfenbereich, aus Aluminium, erh\u00e4ltlich in Anthrazit, Wei\u00df oder Taupe. Ausziehbar von 149 cm auf 215 cm, H\u00f6he 75,5 cm.\" \/>\n<meta name=\"robots\" content=\"index, follow, max-snippet:-1, max-image-preview:large, max-video-preview:-1\" \/>\n<link rel=\"canonical\" href=\"https:\/\/www.bagnoitalia.com\/de\/produkt\/arizona-extending-table-149-215-cm-garden-furniture-available-in-3-colours-2.html\" \/>\n<meta property=\"og:locale\" content=\"de_DE\" \/>\n<meta property=\"og:type\" content=\"article\" \/>\n<meta property=\"og:title\" content=\"Ausziehtisch\" \/>\n<meta property=\"og:description\" content=\"Rechteckiger Tisch f\u00fcr den Au\u00dfenbereich, aus Aluminium, erh\u00e4ltlich in Anthrazit, Wei\u00df oder Taupe. Ausziehbar von 149 cm auf 215 cm, H\u00f6he 75,5 cm.\" \/>\n<meta property=\"og:url\" content=\"https:\/\/www.bagnoitalia.com\/de\/produkt\/arizona-extending-table-149-215-cm-garden-furniture-available-in-3-colours-2.html\" \/>\n<meta property=\"og:site_name\" content=\"Bagno Italia\" \/>\n<meta property=\"article:modified_time\" content=\"2024-09-20T13:43:12+00:00\" \/>\n<meta property=\"og:image\" content=\"https:\/\/img.bagnoitalia.com\/wp-content\/uploads\/tavolo-allungabile-ariziona-esterno-giardino-165-215.png\" \/>\n\t<meta property=\"og:image:width\" content=\"1000\" \/>\n\t<meta property=\"og:image:height\" content=\"1000\" \/>\n\t<meta property=\"og:image:type\" content=\"image\/png\" \/>\n<meta name=\"twitter:card\" content=\"summary_large_image\" \/>\n<meta name=\"twitter:label1\" content=\"Gesch\u00e4tzte Lesezeit\" \/>\n\t<meta name=\"twitter:data1\" content=\"1\u00a0Minute\" \/>\n<script type=\"application\/ld+json\" class=\"yoast-schema-graph\">{\"@context\":\"https:\/\/schema.org\",\"@graph\":[{\"@type\":\"WebPage\",\"@id\":\"https:\/\/www.bagnoitalia.com\/de\/produkt\/arizona-extending-table-149-215-cm-garden-furniture-available-in-3-colours-2.html\",\"url\":\"https:\/\/www.bagnoitalia.com\/de\/produkt\/arizona-extending-table-149-215-cm-garden-furniture-available-in-3-colours-2.html\",\"name\":\"Ausziehtisch\",\"isPartOf\":{\"@id\":\"https:\/\/www.bagnoitalia.com\/de#website\"},\"primaryImageOfPage\":{\"@id\":\"https:\/\/www.bagnoitalia.com\/de\/produkt\/arizona-extending-table-149-215-cm-garden-furniture-available-in-3-colours-2.html#primaryimage\"},\"image\":{\"@id\":\"https:\/\/www.bagnoitalia.com\/de\/produkt\/arizona-extending-table-149-215-cm-garden-furniture-available-in-3-colours-2.html#primaryimage\"},\"thumbnailUrl\":\"https:\/\/img.bagnoitalia.com\/wp-content\/uploads\/tavolo-allungabile-ariziona-esterno-giardino-165-215.png\",\"datePublished\":\"2024-02-09T14:45:09+00:00\",\"dateModified\":\"2024-09-20T13:43:12+00:00\",\"description\":\"Rechteckiger Tisch f\u00fcr den Au\u00dfenbereich, aus Aluminium, erh\u00e4ltlich in Anthrazit, Wei\u00df oder Taupe. Ausziehbar von 149 cm auf 215 cm, H\u00f6he 75,5 cm.\",\"breadcrumb\":{\"@id\":\"https:\/\/www.bagnoitalia.com\/de\/produkt\/arizona-extending-table-149-215-cm-garden-furniture-available-in-3-colours-2.html#breadcrumb\"},\"inLanguage\":\"de\",\"potentialAction\":[{\"@type\":\"ReadAction\",\"target\":[\"https:\/\/www.bagnoitalia.com\/de\/produkt\/arizona-extending-table-149-215-cm-garden-furniture-available-in-3-colours-2.html\"]}]},{\"@type\":\"ImageObject\",\"inLanguage\":\"de\",\"@id\":\"https:\/\/www.bagnoitalia.com\/de\/produkt\/arizona-extending-table-149-215-cm-garden-furniture-available-in-3-colours-2.html#primaryimage\",\"url\":\"https:\/\/img.bagnoitalia.com\/wp-content\/uploads\/tavolo-allungabile-ariziona-esterno-giardino-165-215.png\",\"contentUrl\":\"https:\/\/img.bagnoitalia.com\/wp-content\/uploads\/tavolo-allungabile-ariziona-esterno-giardino-165-215.png\",\"width\":1000,\"height\":1000},{\"@type\":\"BreadcrumbList\",\"@id\":\"https:\/\/www.bagnoitalia.com\/de\/produkt\/arizona-extending-table-149-215-cm-garden-furniture-available-in-3-colours-2.html#breadcrumb\",\"itemListElement\":[{\"@type\":\"ListItem\",\"position\":1,\"name\":\"Home\",\"item\":\"https:\/\/www.bagnoitalia.com\/de\"},{\"@type\":\"ListItem\",\"position\":2,\"name\":\"Produkte\",\"item\":\"https:\/\/www.bagnoitalia.com\/de\/shop\"},{\"@type\":\"ListItem\",\"position\":3,\"name\":\"Ausziehbarer Tisch Arizona 165\/215 cm. Gartenm\u00f6bel in 3 Farben erh\u00e4ltlich\"}]},{\"@type\":\"WebSite\",\"@id\":\"https:\/\/www.bagnoitalia.com\/de#website\",\"url\":\"https:\/\/www.bagnoitalia.com\/de\",\"name\":\"Bagno Italia\",\"description\":\"\",\"publisher\":{\"@id\":\"https:\/\/www.bagnoitalia.com\/de#organization\"},\"potentialAction\":[{\"@type\":\"SearchAction\",\"target\":{\"@type\":\"EntryPoint\",\"urlTemplate\":\"https:\/\/www.bagnoitalia.com\/de?s={search_term_string}\"},\"query-input\":{\"@type\":\"PropertyValueSpecification\",\"valueRequired\":true,\"valueName\":\"search_term_string\"}}],\"inLanguage\":\"de\"},{\"@type\":\"Organization\",\"@id\":\"https:\/\/www.bagnoitalia.com\/de#organization\",\"name\":\"Bagno Italia\",\"url\":\"https:\/\/www.bagnoitalia.com\/de\",\"logo\":{\"@type\":\"ImageObject\",\"inLanguage\":\"de\",\"@id\":\"https:\/\/www.bagnoitalia.com\/de#\/schema\/logo\/image\/\",\"url\":\"https:\/\/img.bagnoitalia.com\/wp-content\/uploads\/logo-bagnoitalia.webp\",\"contentUrl\":\"https:\/\/img.bagnoitalia.com\/wp-content\/uploads\/logo-bagnoitalia.webp\",\"width\":400,\"height\":70,\"caption\":\"Bagno Italia\"},\"image\":{\"@id\":\"https:\/\/www.bagnoitalia.com\/de#\/schema\/logo\/image\/\"}}]}<\/script>\n<!-- \/ Yoast SEO plugin. -->","yoast_head_json":{"title":"Ausziehtisch","description":"Rechteckiger Tisch f\u00fcr den Au\u00dfenbereich, aus Aluminium, erh\u00e4ltlich in Anthrazit, Wei\u00df oder Taupe. Ausziehbar von 149 cm auf 215 cm, H\u00f6he 75,5 cm.","robots":{"index":"index","follow":"follow","max-snippet":"max-snippet:-1","max-image-preview":"max-image-preview:large","max-video-preview":"max-video-preview:-1"},"canonical":"https:\/\/www.bagnoitalia.com\/de\/produkt\/arizona-extending-table-149-215-cm-garden-furniture-available-in-3-colours-2.html","og_locale":"de_DE","og_type":"article","og_title":"Ausziehtisch","og_description":"Rechteckiger Tisch f\u00fcr den Au\u00dfenbereich, aus Aluminium, erh\u00e4ltlich in Anthrazit, Wei\u00df oder Taupe. Ausziehbar von 149 cm auf 215 cm, H\u00f6he 75,5 cm.","og_url":"https:\/\/www.bagnoitalia.com\/de\/produkt\/arizona-extending-table-149-215-cm-garden-furniture-available-in-3-colours-2.html","og_site_name":"Bagno Italia","article_modified_time":"2024-09-20T13:43:12+00:00","og_image":[{"width":1000,"height":1000,"url":"https:\/\/img.bagnoitalia.com\/wp-content\/uploads\/tavolo-allungabile-ariziona-esterno-giardino-165-215.png","type":"image\/png"}],"twitter_card":"summary_large_image","twitter_misc":{"Gesch\u00e4tzte Lesezeit":"1\u00a0Minute"},"schema":{"@context":"https:\/\/schema.org","@graph":[{"@type":"WebPage","@id":"https:\/\/www.bagnoitalia.com\/de\/produkt\/arizona-extending-table-149-215-cm-garden-furniture-available-in-3-colours-2.html","url":"https:\/\/www.bagnoitalia.com\/de\/produkt\/arizona-extending-table-149-215-cm-garden-furniture-available-in-3-colours-2.html","name":"Ausziehtisch","isPartOf":{"@id":"https:\/\/www.bagnoitalia.com\/de#website"},"primaryImageOfPage":{"@id":"https:\/\/www.bagnoitalia.com\/de\/produkt\/arizona-extending-table-149-215-cm-garden-furniture-available-in-3-colours-2.html#primaryimage"},"image":{"@id":"https:\/\/www.bagnoitalia.com\/de\/produkt\/arizona-extending-table-149-215-cm-garden-furniture-available-in-3-colours-2.html#primaryimage"},"thumbnailUrl":"https:\/\/img.bagnoitalia.com\/wp-content\/uploads\/tavolo-allungabile-ariziona-esterno-giardino-165-215.png","datePublished":"2024-02-09T14:45:09+00:00","dateModified":"2024-09-20T13:43:12+00:00","description":"Rechteckiger Tisch f\u00fcr den Au\u00dfenbereich, aus Aluminium, erh\u00e4ltlich in Anthrazit, Wei\u00df oder Taupe. Ausziehbar von 149 cm auf 215 cm, H\u00f6he 75,5 cm.","breadcrumb":{"@id":"https:\/\/www.bagnoitalia.com\/de\/produkt\/arizona-extending-table-149-215-cm-garden-furniture-available-in-3-colours-2.html#breadcrumb"},"inLanguage":"de","potentialAction":[{"@type":"ReadAction","target":["https:\/\/www.bagnoitalia.com\/de\/produkt\/arizona-extending-table-149-215-cm-garden-furniture-available-in-3-colours-2.html"]}]},{"@type":"ImageObject","inLanguage":"de","@id":"https:\/\/www.bagnoitalia.com\/de\/produkt\/arizona-extending-table-149-215-cm-garden-furniture-available-in-3-colours-2.html#primaryimage","url":"https:\/\/img.bagnoitalia.com\/wp-content\/uploads\/tavolo-allungabile-ariziona-esterno-giardino-165-215.png","contentUrl":"https:\/\/img.bagnoitalia.com\/wp-content\/uploads\/tavolo-allungabile-ariziona-esterno-giardino-165-215.png","width":1000,"height":1000},{"@type":"BreadcrumbList","@id":"https:\/\/www.bagnoitalia.com\/de\/produkt\/arizona-extending-table-149-215-cm-garden-furniture-available-in-3-colours-2.html#breadcrumb","itemListElement":[{"@type":"ListItem","position":1,"name":"Home","item":"https:\/\/www.bagnoitalia.com\/de"},{"@type":"ListItem","position":2,"name":"Produkte","item":"https:\/\/www.bagnoitalia.com\/de\/shop"},{"@type":"ListItem","position":3,"name":"Ausziehbarer Tisch Arizona 165\/215 cm. Gartenm\u00f6bel in 3 Farben erh\u00e4ltlich"}]},{"@type":"WebSite","@id":"https:\/\/www.bagnoitalia.com\/de#website","url":"https:\/\/www.bagnoitalia.com\/de","name":"Bagno Italia","description":"","publisher":{"@id":"https:\/\/www.bagnoitalia.com\/de#organization"},"potentialAction":[{"@type":"SearchAction","target":{"@type":"EntryPoint","urlTemplate":"https:\/\/www.bagnoitalia.com\/de?s={search_term_string}"},"query-input":{"@type":"PropertyValueSpecification","valueRequired":true,"valueName":"search_term_string"}}],"inLanguage":"de"},{"@type":"Organization","@id":"https:\/\/www.bagnoitalia.com\/de#organization","name":"Bagno Italia","url":"https:\/\/www.bagnoitalia.com\/de","logo":{"@type":"ImageObject","inLanguage":"de","@id":"https:\/\/www.bagnoitalia.com\/de#\/schema\/logo\/image\/","url":"https:\/\/img.bagnoitalia.com\/wp-content\/uploads\/logo-bagnoitalia.webp","contentUrl":"https:\/\/img.bagnoitalia.com\/wp-content\/uploads\/logo-bagnoitalia.webp","width":400,"height":70,"caption":"Bagno Italia"},"image":{"@id":"https:\/\/www.bagnoitalia.com\/de#\/schema\/logo\/image\/"}}]}},"_links":{"self":[{"href":"https:\/\/www.bagnoitalia.com\/de\/wp-json\/wp\/v2\/product\/83990","targetHints":{"allow":["GET"]}}],"collection":[{"href":"https:\/\/www.bagnoitalia.com\/de\/wp-json\/wp\/v2\/product"}],"about":[{"href":"https:\/\/www.bagnoitalia.com\/de\/wp-json\/wp\/v2\/types\/product"}],"replies":[{"embeddable":true,"href":"https:\/\/www.bagnoitalia.com\/de\/wp-json\/wp\/v2\/comments?post=83990"}],"version-history":[{"count":3,"href":"https:\/\/www.bagnoitalia.com\/de\/wp-json\/wp\/v2\/product\/83990\/revisions"}],"predecessor-version":[{"id":92074,"href":"https:\/\/www.bagnoitalia.com\/de\/wp-json\/wp\/v2\/product\/83990\/revisions\/92074"}],"wp:featuredmedia":[{"embeddable":true,"href":"https:\/\/www.bagnoitalia.com\/de\/wp-json\/wp\/v2\/media\/91998"}],"wp:attachment":[{"href":"https:\/\/www.bagnoitalia.com\/de\/wp-json\/wp\/v2\/media?parent=83990"}],"wp:term":[{"taxonomy":"product_brand","embeddable":true,"href":"https:\/\/www.bagnoitalia.com\/de\/wp-json\/wp\/v2\/product_brand?post=83990"},{"taxonomy":"product_cat","embeddable":true,"href":"https:\/\/www.bagnoitalia.com\/de\/wp-json\/wp\/v2\/product_cat?post=83990"},{"taxonomy":"product_tag","embeddable":true,"href":"https:\/\/www.bagnoitalia.com\/de\/wp-json\/wp\/v2\/product_tag?post=83990"}],"curies":[{"name":"wp","href":"https:\/\/api.w.org\/{rel}","templated":true}]}}