{"id":83954,"date":"2024-02-05T16:20:27","date_gmt":"2024-02-05T15:20:27","guid":{"rendered":"https:\/\/www.bagnoitalia.com\/product\/finnish-sauna-200-175-cm-4-seater-with-sawo-thermometer-hemlock-wood-stove-sn081-2"},"modified":"2026-04-08T11:46:50","modified_gmt":"2026-04-08T09:46:50","slug":"finnish-sauna-200-175-cm-4-seater-with-sawo-thermometer-hemlock-wood-stove-sn081-2","status":"publish","type":"product","link":"https:\/\/www.bagnoitalia.com\/de\/produkt\/finnish-sauna-200-175-cm-4-seater-with-sawo-thermometer-hemlock-wood-stove-sn081-2.html","title":{"rendered":"Finnische Sauna 200\u00d7175 cm 4-Sitzer mit Sawo Thermometer Hemlock Holzofen SN081"},"content":{"rendered":"<p>Die Sauna hat eine wohltuende entschlackende Wirkung: Der entstehende Schwei\u00df entfernt Giftstoffe und Schwermetalle und unterst\u00fctzt und verbessert gleichzeitig das Immunsystem. Man sch\u00e4tzt, dass eine Viertelstunde in der Sauna die gleiche Menge an Abfallstoffen beseitigt, die die Nieren an einem ganzen Tag ausscheiden! All dies bringt also indirekt wichtige Vorteile f\u00fcr die Stimmung und andere k\u00f6rperliche und organische Funktionen.<\/p>\n<p>Die hier vorgestellte Sauna bietet Platz f\u00fcr 4 Personen, ist 200x175x200 cm gro\u00df und besteht aus Hemlockholz, einer bevorzugten Holzart f\u00fcr den Saunabau. Der Sawo-Ofen erreicht eine Temperatur von 90\u00b0 bei trockener Hitze, und die Kabine ist in der Lage, die W\u00e4rme durch isolierte W\u00e4nde und 8 Millimeter dickes geh\u00e4rtetes Glas zu isolieren. Die Leistung der Kabine betr\u00e4gt 6000 Watt.<\/p>\n<p>Die Kabine enth\u00e4lt mehrere Zubeh\u00f6rteile, darunter eine Innenlampe, einen Eimer mit Sch\u00f6pfkelle, eine Sanduhr und ein Thermometer.<\/p>\n<p>Au\u00dferdem k\u00f6nnen die Ein- und Ausschaltzeiten programmiert werden.<\/p>\n<p>&nbsp;<\/p>\n<p>&nbsp;<\/p>\n<p>FINNISCHE SAUNA 200X175X200H f\u00fcr 4 Personen SN081<\/p>\n<p>&nbsp;<\/p>\n<p>Abmessungen 200x175xH200 cm<br \/>\nSanduhr<br \/>\nThermometer<br \/>\nSawo-Ofen<br \/>\nInnere Temperatur 90\u00b0<br \/>\nLeistung:6000w<br \/>\nW\u00e4nde mit Isolierung<br \/>\nHemlock Holzprofil<br \/>\nGeh\u00e4rtetes Glas 8 mm<br \/>\nSitztiefe 45 cm<br \/>\nWandst\u00e4rke 4,2 cm mit einer Isolierschicht in der Mitte<br \/>\nStromanschluss: einphasig 230 V 1N ( auf Bestellung auch dreiphasig 230 v 3N oder 400 v 3N )<br \/>\nInklusive Zubeh\u00f6r: Innenleuchte, Eimer, Sch\u00f6pfkelle, Sanduhr, Thermometer<\/p>\n<div class=\"lRu31\" dir=\"ltr\">\n<p><span class=\"HwtZe\" lang=\"de\"><span class=\"jCAhz\"><span class=\"ryNqvb\">Gewicht 260 kg<\/span><\/span><\/span><\/p>\n<div class=\"OvtS8d\">Pakete:<\/div>\n<div><\/div>\n<div>A: 1990*1760*220mm<br \/>\nB: 2080*915*240mm<br \/>\nC: 2080*1850*240mm<br \/>\nD: 330*430*760mm<br \/>\nE: 380*300*100mm<br \/>\nF: 265*265*285mm<\/div>\n<div class=\"NQSJo\"><\/div>\n<\/div>\n<div class=\"UdTY9 WdefRb\" aria-hidden=\"true\" data-location=\"2\"><\/div>\n","protected":false},"excerpt":{"rendered":"<p>Finnische Sauna, Ma\u00dfe 200x175x200H cm, geeignet f\u00fcr 4 Personen mit Saunaofen, Thermometer, Struktur aus Hemlockholz<\/p>\n","protected":false},"featured_media":71377,"comment_status":"open","ping_status":"closed","template":"","meta":[],"product_brand":[9910],"product_cat":[9732],"product_tag":[],"class_list":{"0":"post-83954","1":"product","2":"type-product","3":"status-publish","4":"has-post-thumbnail","6":"product_brand-puntorelax-de","7":"product_cat-finnische-sauna","9":"first","10":"instock","11":"sale","12":"taxable","13":"shipping-taxable","14":"purchasable","15":"product-type-simple"},"exclude_global_add_ons":[],"addons":[],"yoast_head":"<!-- This site is optimized with the Yoast SEO plugin v26.7 - https:\/\/yoast.com\/wordpress\/plugins\/seo\/ -->\n<title>Finnische Sauna 200\u00d7175 cm 4-Sitzer mit Sawo Thermometer Hemlock Holzofen SN081<\/title>\n<meta name=\"description\" content=\"Finnische Sauna, Ma\u00dfe 200x175x200H cm, geeignet f\u00fcr 4 Personen mit Saunaofen, Thermometer, Struktur aus Hemlockholz\" \/>\n<meta name=\"robots\" content=\"index, follow, max-snippet:-1, max-image-preview:large, max-video-preview:-1\" \/>\n<link rel=\"canonical\" href=\"https:\/\/www.bagnoitalia.com\/de\/produkt\/finnish-sauna-200-175-cm-4-seater-with-sawo-thermometer-hemlock-wood-stove-sn081-2.html\" \/>\n<meta property=\"og:locale\" content=\"de_DE\" \/>\n<meta property=\"og:type\" content=\"article\" \/>\n<meta property=\"og:title\" content=\"Finnische Sauna 200\u00d7175 cm 4-Sitzer mit Sawo Thermometer Hemlock Holzofen SN081\" \/>\n<meta property=\"og:description\" content=\"Finnische Sauna, Ma\u00dfe 200x175x200H cm, geeignet f\u00fcr 4 Personen mit Saunaofen, Thermometer, Struktur aus Hemlockholz\" \/>\n<meta property=\"og:url\" content=\"https:\/\/www.bagnoitalia.com\/de\/produkt\/finnish-sauna-200-175-cm-4-seater-with-sawo-thermometer-hemlock-wood-stove-sn081-2.html\" \/>\n<meta property=\"og:site_name\" content=\"Bagno Italia\" \/>\n<meta property=\"article:modified_time\" content=\"2026-04-08T09:46:50+00:00\" \/>\n<meta property=\"og:image\" content=\"https:\/\/img.bagnoitalia.com\/wp-content\/uploads\/virtuemart\/product\/sauna-finlandese-200x175-1-1.jpg\" \/>\n\t<meta property=\"og:image:width\" content=\"640\" \/>\n\t<meta property=\"og:image:height\" content=\"640\" \/>\n\t<meta property=\"og:image:type\" content=\"image\/jpeg\" \/>\n<meta name=\"twitter:card\" content=\"summary_large_image\" \/>\n<meta name=\"twitter:label1\" content=\"Gesch\u00e4tzte Lesezeit\" \/>\n\t<meta name=\"twitter:data1\" content=\"2\u00a0Minuten\" \/>\n<script type=\"application\/ld+json\" class=\"yoast-schema-graph\">{\"@context\":\"https:\/\/schema.org\",\"@graph\":[{\"@type\":\"WebPage\",\"@id\":\"https:\/\/www.bagnoitalia.com\/de\/produkt\/finnish-sauna-200-175-cm-4-seater-with-sawo-thermometer-hemlock-wood-stove-sn081-2.html\",\"url\":\"https:\/\/www.bagnoitalia.com\/de\/produkt\/finnish-sauna-200-175-cm-4-seater-with-sawo-thermometer-hemlock-wood-stove-sn081-2.html\",\"name\":\"Finnische Sauna 200\u00d7175 cm 4-Sitzer mit Sawo Thermometer Hemlock Holzofen SN081\",\"isPartOf\":{\"@id\":\"https:\/\/www.bagnoitalia.com\/de#website\"},\"primaryImageOfPage\":{\"@id\":\"https:\/\/www.bagnoitalia.com\/de\/produkt\/finnish-sauna-200-175-cm-4-seater-with-sawo-thermometer-hemlock-wood-stove-sn081-2.html#primaryimage\"},\"image\":{\"@id\":\"https:\/\/www.bagnoitalia.com\/de\/produkt\/finnish-sauna-200-175-cm-4-seater-with-sawo-thermometer-hemlock-wood-stove-sn081-2.html#primaryimage\"},\"thumbnailUrl\":\"https:\/\/img.bagnoitalia.com\/wp-content\/uploads\/virtuemart\/product\/sauna-finlandese-200x175-1-1.jpg\",\"datePublished\":\"2024-02-05T15:20:27+00:00\",\"dateModified\":\"2026-04-08T09:46:50+00:00\",\"description\":\"Finnische Sauna, Ma\u00dfe 200x175x200H cm, geeignet f\u00fcr 4 Personen mit Saunaofen, Thermometer, Struktur aus Hemlockholz\",\"breadcrumb\":{\"@id\":\"https:\/\/www.bagnoitalia.com\/de\/produkt\/finnish-sauna-200-175-cm-4-seater-with-sawo-thermometer-hemlock-wood-stove-sn081-2.html#breadcrumb\"},\"inLanguage\":\"de\",\"potentialAction\":[{\"@type\":\"ReadAction\",\"target\":[\"https:\/\/www.bagnoitalia.com\/de\/produkt\/finnish-sauna-200-175-cm-4-seater-with-sawo-thermometer-hemlock-wood-stove-sn081-2.html\"]}]},{\"@type\":\"ImageObject\",\"inLanguage\":\"de\",\"@id\":\"https:\/\/www.bagnoitalia.com\/de\/produkt\/finnish-sauna-200-175-cm-4-seater-with-sawo-thermometer-hemlock-wood-stove-sn081-2.html#primaryimage\",\"url\":\"https:\/\/img.bagnoitalia.com\/wp-content\/uploads\/virtuemart\/product\/sauna-finlandese-200x175-1-1.jpg\",\"contentUrl\":\"https:\/\/img.bagnoitalia.com\/wp-content\/uploads\/virtuemart\/product\/sauna-finlandese-200x175-1-1.jpg\",\"width\":640,\"height\":640},{\"@type\":\"BreadcrumbList\",\"@id\":\"https:\/\/www.bagnoitalia.com\/de\/produkt\/finnish-sauna-200-175-cm-4-seater-with-sawo-thermometer-hemlock-wood-stove-sn081-2.html#breadcrumb\",\"itemListElement\":[{\"@type\":\"ListItem\",\"position\":1,\"name\":\"Home\",\"item\":\"https:\/\/www.bagnoitalia.com\/de\"},{\"@type\":\"ListItem\",\"position\":2,\"name\":\"Produkte\",\"item\":\"https:\/\/www.bagnoitalia.com\/de\/shop\"},{\"@type\":\"ListItem\",\"position\":3,\"name\":\"Finnische Sauna 200\u00d7175 cm 4-Sitzer mit Sawo Thermometer Hemlock Holzofen SN081\"}]},{\"@type\":\"WebSite\",\"@id\":\"https:\/\/www.bagnoitalia.com\/de#website\",\"url\":\"https:\/\/www.bagnoitalia.com\/de\",\"name\":\"Bagno Italia\",\"description\":\"\",\"publisher\":{\"@id\":\"https:\/\/www.bagnoitalia.com\/de#organization\"},\"potentialAction\":[{\"@type\":\"SearchAction\",\"target\":{\"@type\":\"EntryPoint\",\"urlTemplate\":\"https:\/\/www.bagnoitalia.com\/de?s={search_term_string}\"},\"query-input\":{\"@type\":\"PropertyValueSpecification\",\"valueRequired\":true,\"valueName\":\"search_term_string\"}}],\"inLanguage\":\"de\"},{\"@type\":\"Organization\",\"@id\":\"https:\/\/www.bagnoitalia.com\/de#organization\",\"name\":\"Bagno Italia\",\"url\":\"https:\/\/www.bagnoitalia.com\/de\",\"logo\":{\"@type\":\"ImageObject\",\"inLanguage\":\"de\",\"@id\":\"https:\/\/www.bagnoitalia.com\/de#\/schema\/logo\/image\/\",\"url\":\"https:\/\/img.bagnoitalia.com\/wp-content\/uploads\/logo-bagnoitalia.webp\",\"contentUrl\":\"https:\/\/img.bagnoitalia.com\/wp-content\/uploads\/logo-bagnoitalia.webp\",\"width\":400,\"height\":70,\"caption\":\"Bagno Italia\"},\"image\":{\"@id\":\"https:\/\/www.bagnoitalia.com\/de#\/schema\/logo\/image\/\"}}]}<\/script>\n<!-- \/ Yoast SEO plugin. -->","yoast_head_json":{"title":"Finnische Sauna 200\u00d7175 cm 4-Sitzer mit Sawo Thermometer Hemlock Holzofen SN081","description":"Finnische Sauna, Ma\u00dfe 200x175x200H cm, geeignet f\u00fcr 4 Personen mit Saunaofen, Thermometer, Struktur aus Hemlockholz","robots":{"index":"index","follow":"follow","max-snippet":"max-snippet:-1","max-image-preview":"max-image-preview:large","max-video-preview":"max-video-preview:-1"},"canonical":"https:\/\/www.bagnoitalia.com\/de\/produkt\/finnish-sauna-200-175-cm-4-seater-with-sawo-thermometer-hemlock-wood-stove-sn081-2.html","og_locale":"de_DE","og_type":"article","og_title":"Finnische Sauna 200\u00d7175 cm 4-Sitzer mit Sawo Thermometer Hemlock Holzofen SN081","og_description":"Finnische Sauna, Ma\u00dfe 200x175x200H cm, geeignet f\u00fcr 4 Personen mit Saunaofen, Thermometer, Struktur aus Hemlockholz","og_url":"https:\/\/www.bagnoitalia.com\/de\/produkt\/finnish-sauna-200-175-cm-4-seater-with-sawo-thermometer-hemlock-wood-stove-sn081-2.html","og_site_name":"Bagno Italia","article_modified_time":"2026-04-08T09:46:50+00:00","og_image":[{"width":640,"height":640,"url":"https:\/\/img.bagnoitalia.com\/wp-content\/uploads\/virtuemart\/product\/sauna-finlandese-200x175-1-1.jpg","type":"image\/jpeg"}],"twitter_card":"summary_large_image","twitter_misc":{"Gesch\u00e4tzte Lesezeit":"2\u00a0Minuten"},"schema":{"@context":"https:\/\/schema.org","@graph":[{"@type":"WebPage","@id":"https:\/\/www.bagnoitalia.com\/de\/produkt\/finnish-sauna-200-175-cm-4-seater-with-sawo-thermometer-hemlock-wood-stove-sn081-2.html","url":"https:\/\/www.bagnoitalia.com\/de\/produkt\/finnish-sauna-200-175-cm-4-seater-with-sawo-thermometer-hemlock-wood-stove-sn081-2.html","name":"Finnische Sauna 200\u00d7175 cm 4-Sitzer mit Sawo Thermometer Hemlock Holzofen SN081","isPartOf":{"@id":"https:\/\/www.bagnoitalia.com\/de#website"},"primaryImageOfPage":{"@id":"https:\/\/www.bagnoitalia.com\/de\/produkt\/finnish-sauna-200-175-cm-4-seater-with-sawo-thermometer-hemlock-wood-stove-sn081-2.html#primaryimage"},"image":{"@id":"https:\/\/www.bagnoitalia.com\/de\/produkt\/finnish-sauna-200-175-cm-4-seater-with-sawo-thermometer-hemlock-wood-stove-sn081-2.html#primaryimage"},"thumbnailUrl":"https:\/\/img.bagnoitalia.com\/wp-content\/uploads\/virtuemart\/product\/sauna-finlandese-200x175-1-1.jpg","datePublished":"2024-02-05T15:20:27+00:00","dateModified":"2026-04-08T09:46:50+00:00","description":"Finnische Sauna, Ma\u00dfe 200x175x200H cm, geeignet f\u00fcr 4 Personen mit Saunaofen, Thermometer, Struktur aus Hemlockholz","breadcrumb":{"@id":"https:\/\/www.bagnoitalia.com\/de\/produkt\/finnish-sauna-200-175-cm-4-seater-with-sawo-thermometer-hemlock-wood-stove-sn081-2.html#breadcrumb"},"inLanguage":"de","potentialAction":[{"@type":"ReadAction","target":["https:\/\/www.bagnoitalia.com\/de\/produkt\/finnish-sauna-200-175-cm-4-seater-with-sawo-thermometer-hemlock-wood-stove-sn081-2.html"]}]},{"@type":"ImageObject","inLanguage":"de","@id":"https:\/\/www.bagnoitalia.com\/de\/produkt\/finnish-sauna-200-175-cm-4-seater-with-sawo-thermometer-hemlock-wood-stove-sn081-2.html#primaryimage","url":"https:\/\/img.bagnoitalia.com\/wp-content\/uploads\/virtuemart\/product\/sauna-finlandese-200x175-1-1.jpg","contentUrl":"https:\/\/img.bagnoitalia.com\/wp-content\/uploads\/virtuemart\/product\/sauna-finlandese-200x175-1-1.jpg","width":640,"height":640},{"@type":"BreadcrumbList","@id":"https:\/\/www.bagnoitalia.com\/de\/produkt\/finnish-sauna-200-175-cm-4-seater-with-sawo-thermometer-hemlock-wood-stove-sn081-2.html#breadcrumb","itemListElement":[{"@type":"ListItem","position":1,"name":"Home","item":"https:\/\/www.bagnoitalia.com\/de"},{"@type":"ListItem","position":2,"name":"Produkte","item":"https:\/\/www.bagnoitalia.com\/de\/shop"},{"@type":"ListItem","position":3,"name":"Finnische Sauna 200\u00d7175 cm 4-Sitzer mit Sawo Thermometer Hemlock Holzofen SN081"}]},{"@type":"WebSite","@id":"https:\/\/www.bagnoitalia.com\/de#website","url":"https:\/\/www.bagnoitalia.com\/de","name":"Bagno Italia","description":"","publisher":{"@id":"https:\/\/www.bagnoitalia.com\/de#organization"},"potentialAction":[{"@type":"SearchAction","target":{"@type":"EntryPoint","urlTemplate":"https:\/\/www.bagnoitalia.com\/de?s={search_term_string}"},"query-input":{"@type":"PropertyValueSpecification","valueRequired":true,"valueName":"search_term_string"}}],"inLanguage":"de"},{"@type":"Organization","@id":"https:\/\/www.bagnoitalia.com\/de#organization","name":"Bagno Italia","url":"https:\/\/www.bagnoitalia.com\/de","logo":{"@type":"ImageObject","inLanguage":"de","@id":"https:\/\/www.bagnoitalia.com\/de#\/schema\/logo\/image\/","url":"https:\/\/img.bagnoitalia.com\/wp-content\/uploads\/logo-bagnoitalia.webp","contentUrl":"https:\/\/img.bagnoitalia.com\/wp-content\/uploads\/logo-bagnoitalia.webp","width":400,"height":70,"caption":"Bagno Italia"},"image":{"@id":"https:\/\/www.bagnoitalia.com\/de#\/schema\/logo\/image\/"}}]}},"_links":{"self":[{"href":"https:\/\/www.bagnoitalia.com\/de\/wp-json\/wp\/v2\/product\/83954","targetHints":{"allow":["GET"]}}],"collection":[{"href":"https:\/\/www.bagnoitalia.com\/de\/wp-json\/wp\/v2\/product"}],"about":[{"href":"https:\/\/www.bagnoitalia.com\/de\/wp-json\/wp\/v2\/types\/product"}],"replies":[{"embeddable":true,"href":"https:\/\/www.bagnoitalia.com\/de\/wp-json\/wp\/v2\/comments?post=83954"}],"version-history":[{"count":2,"href":"https:\/\/www.bagnoitalia.com\/de\/wp-json\/wp\/v2\/product\/83954\/revisions"}],"predecessor-version":[{"id":117097,"href":"https:\/\/www.bagnoitalia.com\/de\/wp-json\/wp\/v2\/product\/83954\/revisions\/117097"}],"wp:featuredmedia":[{"embeddable":true,"href":"https:\/\/www.bagnoitalia.com\/de\/wp-json\/wp\/v2\/media\/71377"}],"wp:attachment":[{"href":"https:\/\/www.bagnoitalia.com\/de\/wp-json\/wp\/v2\/media?parent=83954"}],"wp:term":[{"taxonomy":"product_brand","embeddable":true,"href":"https:\/\/www.bagnoitalia.com\/de\/wp-json\/wp\/v2\/product_brand?post=83954"},{"taxonomy":"product_cat","embeddable":true,"href":"https:\/\/www.bagnoitalia.com\/de\/wp-json\/wp\/v2\/product_cat?post=83954"},{"taxonomy":"product_tag","embeddable":true,"href":"https:\/\/www.bagnoitalia.com\/de\/wp-json\/wp\/v2\/product_tag?post=83954"}],"curies":[{"name":"wp","href":"https:\/\/api.w.org\/{rel}","templated":true}]}}