{"id":83906,"date":"2024-01-26T16:51:48","date_gmt":"2024-01-26T15:51:48","guid":{"rendered":"https:\/\/www.bagnoitalia.com\/product\/sydney-extending-aluminium-outdoor-table-200-300-cm-4-colours-available-2"},"modified":"2024-05-23T14:32:54","modified_gmt":"2024-05-23T12:32:54","slug":"sydney-extending-aluminium-outdoor-table-200-300-cm-4-colours-available-2","status":"publish","type":"product","link":"https:\/\/www.bagnoitalia.com\/de\/produkt\/sydney-extending-aluminium-outdoor-table-200-300-cm-4-colours-available-2.html","title":{"rendered":"Sydney ausziehbarer Aluminiumtisch f\u00fcr den Au\u00dfenbereich 200\/300 cm 4 Farben verf\u00fcgbar"},"content":{"rendered":"<p>200\/300 cm AUSL\u00c4NDLICHER TISCH &#8222;SYDNEY<\/p>\n<p>&nbsp;<\/p>\n<p>&nbsp;<\/p>\n<p>PRODUKTSPEZIFIKATIONEN<\/p>\n<p>Rechteckiger Tisch, geeignet f\u00fcr den Einsatz im Freien<\/p>\n<p>Gefertigt aus Aluminium<\/p>\n<p>Erh\u00e4ltlich in den Farben<\/p>\n<p>&#8211; anthrazit<\/p>\n<p>&#8211; wei\u00df<\/p>\n<p>&#8211; Maulwurf<\/p>\n<p>&#8211; Turteltaube<\/p>\n<p>L\u00e4nge 200 cm, ausziehbar auf 300 cm<\/p>\n<p>Tiefe 110 cm<\/p>\n<p>H\u00f6he 76 cm<\/p>\n<p>&nbsp;<\/p>\n<p>&nbsp;<\/p>\n<p><span style=\"background-color: inherit; color: inherit; caret-color: auto;\">ACHTUNG: Die St\u00fchle sind NICHT im Preis inbegriffen; \u00fcber das Dropdown-Men\u00fc k\u00f6nnen Sie 4 bis 12 St\u00fchle hinzuf\u00fcgen (mit Aluminiumrahmen, Sitz und R\u00fcckenlehne aus Textilene, Gr\u00f6\u00dfe 55x57xH85 cm) <\/span><\/p>\n<p>&nbsp;<\/p>\n<p>&nbsp;<\/p>\n<p>&nbsp;<\/p>\n<p>&nbsp;<\/p>\n<p>&nbsp;<\/p>\n<p>&nbsp;<\/p>\n<p>&nbsp;<\/p>\n<p>&nbsp;<\/p>\n<p>&nbsp;<\/p>\n<p>&nbsp;<\/p>\n<p>&nbsp;<\/p>\n<p>&nbsp;<\/p>\n<p>&nbsp;<\/p>\n<p>&nbsp;<\/p>\n<p>&nbsp;<\/p>\n<p>&nbsp;<\/p>\n<p>&nbsp;<\/p>\n<p>&nbsp;<\/p>\n<p>&nbsp;<\/p>\n<p>&nbsp;<\/p>\n<p>&nbsp;<\/p>\n<p>&nbsp;<\/p>\n<p>ZANTE<\/p>\n<p><span style=\"font-size: 8pt;\">AT804019<\/span><\/p>\n","protected":false},"excerpt":{"rendered":"<p>Tisch f\u00fcr den Au\u00dfenbereich, aus Aluminium in den Farben Anthrazit, Wei\u00df, Taupe oder Taubengrau. Ausziehbar von 200 bis 300 cm, H\u00f6he 76 cm.<\/p>\n","protected":false},"featured_media":70625,"comment_status":"open","ping_status":"closed","template":"","meta":[],"product_brand":[5004],"product_cat":[10028,9784],"product_tag":[],"class_list":{"0":"post-83906","1":"product","2":"type-product","3":"status-publish","4":"has-post-thumbnail","6":"product_brand-vari-produttori","7":"product_cat-tische-mit-stuhlen","8":"product_cat-gartenmobel","10":"first","11":"instock","12":"sale","13":"taxable","14":"shipping-taxable","15":"purchasable","16":"product-type-simple"},"exclude_global_add_ons":false,"addons":[{"name":"Farbe","type":"multiple_choice","position":0,"required":true,"title_format":"heading","default":"","description_enable":false,"description":"","placeholder_enable":false,"placeholder":"","display":"select","restrictions_type":"any_text","adjust_price":false,"price":"","price_type":"flat_fee","restrictions":false,"min":"0","max":"0","options":[{"label":"Anthrazit","price":"","price_type":"quantity_based","image":0,"visibility":true},{"label":"Wei\u00df","price":"","price_type":"quantity_based","image":0,"visibility":true},{"label":"Taupe","price":"","price_type":"quantity_based","image":0,"visibility":true},{"label":"Taubengrau","price":"","price_type":"quantity_based","image":0,"visibility":true}],"id":1716474775},{"name":"Typologie","type":"multiple_choice","position":1,"required":true,"title_format":"heading","default":"","description_enable":false,"description":"","placeholder_enable":false,"placeholder":"","display":"select","restrictions_type":"any_text","adjust_price":false,"price":"","price_type":"flat_fee","restrictions":false,"min":"0","max":"0","options":[{"label":"KEINE St\u00fchle","price":"","price_type":"quantity_based","image":0,"visibility":true},{"label":"n. 4 St\u00fchle","price":"400","price_type":"quantity_based","image":0,"visibility":true},{"label":"n. 6 St\u00fchle","price":"600","price_type":"quantity_based","image":0,"visibility":true},{"label":"n. 8 St\u00fchle","price":"800","price_type":"quantity_based","image":0,"visibility":true},{"label":"n. 10 St\u00fchle","price":"1000","price_type":"quantity_based","image":0,"visibility":true},{"label":"n. 12 St\u00fchle","price":"1200","price_type":"quantity_based","image":0,"visibility":true}],"id":1716474776}],"yoast_head":"<!-- This site is optimized with the Yoast SEO plugin v26.7 - https:\/\/yoast.com\/wordpress\/plugins\/seo\/ -->\n<title>Sydney ausziehbarer Aluminiumtisch f\u00fcr den Au\u00dfenbereich 200\/300 cm 4 Farben verf\u00fcgbar<\/title>\n<meta name=\"description\" content=\"Tisch f\u00fcr den Au\u00dfenbereich, aus Aluminium in den Farben Anthrazit, Wei\u00df, Taupe oder Taubengrau. Ausziehbar von 200 bis 300 cm, H\u00f6he 76 cm.\" \/>\n<meta name=\"robots\" content=\"index, follow, max-snippet:-1, max-image-preview:large, max-video-preview:-1\" \/>\n<link rel=\"canonical\" href=\"https:\/\/www.bagnoitalia.com\/de\/produkt\/sydney-extending-aluminium-outdoor-table-200-300-cm-4-colours-available-2.html\" \/>\n<meta property=\"og:locale\" content=\"de_DE\" \/>\n<meta property=\"og:type\" content=\"article\" \/>\n<meta property=\"og:title\" content=\"Sydney ausziehbarer Aluminiumtisch f\u00fcr den Au\u00dfenbereich 200\/300 cm 4 Farben verf\u00fcgbar\" \/>\n<meta property=\"og:description\" content=\"Tisch f\u00fcr den Au\u00dfenbereich, aus Aluminium in den Farben Anthrazit, Wei\u00df, Taupe oder Taubengrau. Ausziehbar von 200 bis 300 cm, H\u00f6he 76 cm.\" \/>\n<meta property=\"og:url\" content=\"https:\/\/www.bagnoitalia.com\/de\/produkt\/sydney-extending-aluminium-outdoor-table-200-300-cm-4-colours-available-2.html\" \/>\n<meta property=\"og:site_name\" content=\"Bagno Italia\" \/>\n<meta property=\"article:modified_time\" content=\"2024-05-23T12:32:54+00:00\" \/>\n<meta property=\"og:image\" content=\"https:\/\/img.bagnoitalia.com\/wp-content\/uploads\/virtuemart\/product\/tavolo-sydney-allungabile-esterno-alluminio-colori-1.jpg\" \/>\n\t<meta property=\"og:image:width\" content=\"550\" \/>\n\t<meta property=\"og:image:height\" content=\"550\" \/>\n\t<meta property=\"og:image:type\" content=\"image\/jpeg\" \/>\n<meta name=\"twitter:card\" content=\"summary_large_image\" \/>\n<meta name=\"twitter:label1\" content=\"Gesch\u00e4tzte Lesezeit\" \/>\n\t<meta name=\"twitter:data1\" content=\"1\u00a0Minute\" \/>\n<script type=\"application\/ld+json\" class=\"yoast-schema-graph\">{\"@context\":\"https:\/\/schema.org\",\"@graph\":[{\"@type\":\"WebPage\",\"@id\":\"https:\/\/www.bagnoitalia.com\/de\/produkt\/sydney-extending-aluminium-outdoor-table-200-300-cm-4-colours-available-2.html\",\"url\":\"https:\/\/www.bagnoitalia.com\/de\/produkt\/sydney-extending-aluminium-outdoor-table-200-300-cm-4-colours-available-2.html\",\"name\":\"Sydney ausziehbarer Aluminiumtisch f\u00fcr den Au\u00dfenbereich 200\/300 cm 4 Farben verf\u00fcgbar\",\"isPartOf\":{\"@id\":\"https:\/\/www.bagnoitalia.com\/de#website\"},\"primaryImageOfPage\":{\"@id\":\"https:\/\/www.bagnoitalia.com\/de\/produkt\/sydney-extending-aluminium-outdoor-table-200-300-cm-4-colours-available-2.html#primaryimage\"},\"image\":{\"@id\":\"https:\/\/www.bagnoitalia.com\/de\/produkt\/sydney-extending-aluminium-outdoor-table-200-300-cm-4-colours-available-2.html#primaryimage\"},\"thumbnailUrl\":\"https:\/\/img.bagnoitalia.com\/wp-content\/uploads\/virtuemart\/product\/tavolo-sydney-allungabile-esterno-alluminio-colori-1.jpg\",\"datePublished\":\"2024-01-26T15:51:48+00:00\",\"dateModified\":\"2024-05-23T12:32:54+00:00\",\"description\":\"Tisch f\u00fcr den Au\u00dfenbereich, aus Aluminium in den Farben Anthrazit, Wei\u00df, Taupe oder Taubengrau. Ausziehbar von 200 bis 300 cm, H\u00f6he 76 cm.\",\"breadcrumb\":{\"@id\":\"https:\/\/www.bagnoitalia.com\/de\/produkt\/sydney-extending-aluminium-outdoor-table-200-300-cm-4-colours-available-2.html#breadcrumb\"},\"inLanguage\":\"de\",\"potentialAction\":[{\"@type\":\"ReadAction\",\"target\":[\"https:\/\/www.bagnoitalia.com\/de\/produkt\/sydney-extending-aluminium-outdoor-table-200-300-cm-4-colours-available-2.html\"]}]},{\"@type\":\"ImageObject\",\"inLanguage\":\"de\",\"@id\":\"https:\/\/www.bagnoitalia.com\/de\/produkt\/sydney-extending-aluminium-outdoor-table-200-300-cm-4-colours-available-2.html#primaryimage\",\"url\":\"https:\/\/img.bagnoitalia.com\/wp-content\/uploads\/virtuemart\/product\/tavolo-sydney-allungabile-esterno-alluminio-colori-1.jpg\",\"contentUrl\":\"https:\/\/img.bagnoitalia.com\/wp-content\/uploads\/virtuemart\/product\/tavolo-sydney-allungabile-esterno-alluminio-colori-1.jpg\",\"width\":550,\"height\":550},{\"@type\":\"BreadcrumbList\",\"@id\":\"https:\/\/www.bagnoitalia.com\/de\/produkt\/sydney-extending-aluminium-outdoor-table-200-300-cm-4-colours-available-2.html#breadcrumb\",\"itemListElement\":[{\"@type\":\"ListItem\",\"position\":1,\"name\":\"Home\",\"item\":\"https:\/\/www.bagnoitalia.com\/de\"},{\"@type\":\"ListItem\",\"position\":2,\"name\":\"Produkte\",\"item\":\"https:\/\/www.bagnoitalia.com\/de\/shop\"},{\"@type\":\"ListItem\",\"position\":3,\"name\":\"Sydney ausziehbarer Aluminiumtisch f\u00fcr den Au\u00dfenbereich 200\/300 cm 4 Farben verf\u00fcgbar\"}]},{\"@type\":\"WebSite\",\"@id\":\"https:\/\/www.bagnoitalia.com\/de#website\",\"url\":\"https:\/\/www.bagnoitalia.com\/de\",\"name\":\"Bagno Italia\",\"description\":\"\",\"publisher\":{\"@id\":\"https:\/\/www.bagnoitalia.com\/de#organization\"},\"potentialAction\":[{\"@type\":\"SearchAction\",\"target\":{\"@type\":\"EntryPoint\",\"urlTemplate\":\"https:\/\/www.bagnoitalia.com\/de?s={search_term_string}\"},\"query-input\":{\"@type\":\"PropertyValueSpecification\",\"valueRequired\":true,\"valueName\":\"search_term_string\"}}],\"inLanguage\":\"de\"},{\"@type\":\"Organization\",\"@id\":\"https:\/\/www.bagnoitalia.com\/de#organization\",\"name\":\"Bagno Italia\",\"url\":\"https:\/\/www.bagnoitalia.com\/de\",\"logo\":{\"@type\":\"ImageObject\",\"inLanguage\":\"de\",\"@id\":\"https:\/\/www.bagnoitalia.com\/de#\/schema\/logo\/image\/\",\"url\":\"https:\/\/img.bagnoitalia.com\/wp-content\/uploads\/logo-bagnoitalia.webp\",\"contentUrl\":\"https:\/\/img.bagnoitalia.com\/wp-content\/uploads\/logo-bagnoitalia.webp\",\"width\":400,\"height\":70,\"caption\":\"Bagno Italia\"},\"image\":{\"@id\":\"https:\/\/www.bagnoitalia.com\/de#\/schema\/logo\/image\/\"}}]}<\/script>\n<!-- \/ Yoast SEO plugin. -->","yoast_head_json":{"title":"Sydney ausziehbarer Aluminiumtisch f\u00fcr den Au\u00dfenbereich 200\/300 cm 4 Farben verf\u00fcgbar","description":"Tisch f\u00fcr den Au\u00dfenbereich, aus Aluminium in den Farben Anthrazit, Wei\u00df, Taupe oder Taubengrau. Ausziehbar von 200 bis 300 cm, H\u00f6he 76 cm.","robots":{"index":"index","follow":"follow","max-snippet":"max-snippet:-1","max-image-preview":"max-image-preview:large","max-video-preview":"max-video-preview:-1"},"canonical":"https:\/\/www.bagnoitalia.com\/de\/produkt\/sydney-extending-aluminium-outdoor-table-200-300-cm-4-colours-available-2.html","og_locale":"de_DE","og_type":"article","og_title":"Sydney ausziehbarer Aluminiumtisch f\u00fcr den Au\u00dfenbereich 200\/300 cm 4 Farben verf\u00fcgbar","og_description":"Tisch f\u00fcr den Au\u00dfenbereich, aus Aluminium in den Farben Anthrazit, Wei\u00df, Taupe oder Taubengrau. Ausziehbar von 200 bis 300 cm, H\u00f6he 76 cm.","og_url":"https:\/\/www.bagnoitalia.com\/de\/produkt\/sydney-extending-aluminium-outdoor-table-200-300-cm-4-colours-available-2.html","og_site_name":"Bagno Italia","article_modified_time":"2024-05-23T12:32:54+00:00","og_image":[{"width":550,"height":550,"url":"https:\/\/img.bagnoitalia.com\/wp-content\/uploads\/virtuemart\/product\/tavolo-sydney-allungabile-esterno-alluminio-colori-1.jpg","type":"image\/jpeg"}],"twitter_card":"summary_large_image","twitter_misc":{"Gesch\u00e4tzte Lesezeit":"1\u00a0Minute"},"schema":{"@context":"https:\/\/schema.org","@graph":[{"@type":"WebPage","@id":"https:\/\/www.bagnoitalia.com\/de\/produkt\/sydney-extending-aluminium-outdoor-table-200-300-cm-4-colours-available-2.html","url":"https:\/\/www.bagnoitalia.com\/de\/produkt\/sydney-extending-aluminium-outdoor-table-200-300-cm-4-colours-available-2.html","name":"Sydney ausziehbarer Aluminiumtisch f\u00fcr den Au\u00dfenbereich 200\/300 cm 4 Farben verf\u00fcgbar","isPartOf":{"@id":"https:\/\/www.bagnoitalia.com\/de#website"},"primaryImageOfPage":{"@id":"https:\/\/www.bagnoitalia.com\/de\/produkt\/sydney-extending-aluminium-outdoor-table-200-300-cm-4-colours-available-2.html#primaryimage"},"image":{"@id":"https:\/\/www.bagnoitalia.com\/de\/produkt\/sydney-extending-aluminium-outdoor-table-200-300-cm-4-colours-available-2.html#primaryimage"},"thumbnailUrl":"https:\/\/img.bagnoitalia.com\/wp-content\/uploads\/virtuemart\/product\/tavolo-sydney-allungabile-esterno-alluminio-colori-1.jpg","datePublished":"2024-01-26T15:51:48+00:00","dateModified":"2024-05-23T12:32:54+00:00","description":"Tisch f\u00fcr den Au\u00dfenbereich, aus Aluminium in den Farben Anthrazit, Wei\u00df, Taupe oder Taubengrau. Ausziehbar von 200 bis 300 cm, H\u00f6he 76 cm.","breadcrumb":{"@id":"https:\/\/www.bagnoitalia.com\/de\/produkt\/sydney-extending-aluminium-outdoor-table-200-300-cm-4-colours-available-2.html#breadcrumb"},"inLanguage":"de","potentialAction":[{"@type":"ReadAction","target":["https:\/\/www.bagnoitalia.com\/de\/produkt\/sydney-extending-aluminium-outdoor-table-200-300-cm-4-colours-available-2.html"]}]},{"@type":"ImageObject","inLanguage":"de","@id":"https:\/\/www.bagnoitalia.com\/de\/produkt\/sydney-extending-aluminium-outdoor-table-200-300-cm-4-colours-available-2.html#primaryimage","url":"https:\/\/img.bagnoitalia.com\/wp-content\/uploads\/virtuemart\/product\/tavolo-sydney-allungabile-esterno-alluminio-colori-1.jpg","contentUrl":"https:\/\/img.bagnoitalia.com\/wp-content\/uploads\/virtuemart\/product\/tavolo-sydney-allungabile-esterno-alluminio-colori-1.jpg","width":550,"height":550},{"@type":"BreadcrumbList","@id":"https:\/\/www.bagnoitalia.com\/de\/produkt\/sydney-extending-aluminium-outdoor-table-200-300-cm-4-colours-available-2.html#breadcrumb","itemListElement":[{"@type":"ListItem","position":1,"name":"Home","item":"https:\/\/www.bagnoitalia.com\/de"},{"@type":"ListItem","position":2,"name":"Produkte","item":"https:\/\/www.bagnoitalia.com\/de\/shop"},{"@type":"ListItem","position":3,"name":"Sydney ausziehbarer Aluminiumtisch f\u00fcr den Au\u00dfenbereich 200\/300 cm 4 Farben verf\u00fcgbar"}]},{"@type":"WebSite","@id":"https:\/\/www.bagnoitalia.com\/de#website","url":"https:\/\/www.bagnoitalia.com\/de","name":"Bagno Italia","description":"","publisher":{"@id":"https:\/\/www.bagnoitalia.com\/de#organization"},"potentialAction":[{"@type":"SearchAction","target":{"@type":"EntryPoint","urlTemplate":"https:\/\/www.bagnoitalia.com\/de?s={search_term_string}"},"query-input":{"@type":"PropertyValueSpecification","valueRequired":true,"valueName":"search_term_string"}}],"inLanguage":"de"},{"@type":"Organization","@id":"https:\/\/www.bagnoitalia.com\/de#organization","name":"Bagno Italia","url":"https:\/\/www.bagnoitalia.com\/de","logo":{"@type":"ImageObject","inLanguage":"de","@id":"https:\/\/www.bagnoitalia.com\/de#\/schema\/logo\/image\/","url":"https:\/\/img.bagnoitalia.com\/wp-content\/uploads\/logo-bagnoitalia.webp","contentUrl":"https:\/\/img.bagnoitalia.com\/wp-content\/uploads\/logo-bagnoitalia.webp","width":400,"height":70,"caption":"Bagno Italia"},"image":{"@id":"https:\/\/www.bagnoitalia.com\/de#\/schema\/logo\/image\/"}}]}},"_links":{"self":[{"href":"https:\/\/www.bagnoitalia.com\/de\/wp-json\/wp\/v2\/product\/83906","targetHints":{"allow":["GET"]}}],"collection":[{"href":"https:\/\/www.bagnoitalia.com\/de\/wp-json\/wp\/v2\/product"}],"about":[{"href":"https:\/\/www.bagnoitalia.com\/de\/wp-json\/wp\/v2\/types\/product"}],"replies":[{"embeddable":true,"href":"https:\/\/www.bagnoitalia.com\/de\/wp-json\/wp\/v2\/comments?post=83906"}],"version-history":[{"count":1,"href":"https:\/\/www.bagnoitalia.com\/de\/wp-json\/wp\/v2\/product\/83906\/revisions"}],"predecessor-version":[{"id":87818,"href":"https:\/\/www.bagnoitalia.com\/de\/wp-json\/wp\/v2\/product\/83906\/revisions\/87818"}],"wp:featuredmedia":[{"embeddable":true,"href":"https:\/\/www.bagnoitalia.com\/de\/wp-json\/wp\/v2\/media\/70625"}],"wp:attachment":[{"href":"https:\/\/www.bagnoitalia.com\/de\/wp-json\/wp\/v2\/media?parent=83906"}],"wp:term":[{"taxonomy":"product_brand","embeddable":true,"href":"https:\/\/www.bagnoitalia.com\/de\/wp-json\/wp\/v2\/product_brand?post=83906"},{"taxonomy":"product_cat","embeddable":true,"href":"https:\/\/www.bagnoitalia.com\/de\/wp-json\/wp\/v2\/product_cat?post=83906"},{"taxonomy":"product_tag","embeddable":true,"href":"https:\/\/www.bagnoitalia.com\/de\/wp-json\/wp\/v2\/product_tag?post=83906"}],"curies":[{"name":"wp","href":"https:\/\/api.w.org\/{rel}","templated":true}]}}