{"id":83798,"date":"2024-01-16T15:24:12","date_gmt":"2024-01-16T14:24:12","guid":{"rendered":"https:\/\/www.bagnoitalia.com\/product\/living-room-furniture-nick-tv-stand-in-7-colours-2"},"modified":"2025-10-03T15:00:32","modified_gmt":"2025-10-03T13:00:32","slug":"living-room-furniture-nick-tv-stand-in-7-colours-2","status":"publish","type":"product","link":"https:\/\/www.bagnoitalia.com\/de\/produkt\/living-room-furniture-nick-tv-stand-in-7-colours-2.html","title":{"rendered":"Wohnzimmerm\u00f6bel Nick TV-St\u00e4nder in 6 Farben"},"content":{"rendered":"<p>TV-WANDM\u00d6BEL Modell NICK<\/p>\n<p>&nbsp;<\/p>\n<p>H\u00e4ngeschrank aus melaminharzbeschichtetem Holz, bestehend aus offenen F\u00e4chern, Regal und T\u00fcren<\/p>\n<p>PRODUKTABMESSUNGEN:<\/p>\n<p>Gesamtl\u00e4nge 210 cm<\/p>\n<p>Maximale Tiefe 36,5 cm<\/p>\n<p>Gesamth\u00f6he der Komposition 170 cm<\/p>\n<p>H\u00f6he des TV-Regals ab Boden 45 cm<\/p>\n<p>L\u00e4nge des TV-Regals 165 cm<\/p>\n<p>VERF\u00dcGBARE FARBEN<\/p>\n<p>komplett Eiche hell<\/p>\n<p>mit wei\u00dfer Front und zementgrauer Seitenwand<\/p>\n<p>mit wei\u00dfer Seitenwand und heller Eichenfront<\/p>\n<p>mit wei\u00dfer Seitenwand und anthrazitfarbener Front in Marmoroptik<\/p>\n<p>mit Ulmenseitenteil und dunkelgrauer Front<\/p>\n<p>mit taupefarbener Seitenverkleidung und Eichenfront<\/p>\n<p>&nbsp;<\/p>\n<p>&nbsp;<\/p>\n<p>&nbsp;<\/p>\n<p>&nbsp;<\/p>\n<p>&nbsp;<\/p>\n<p>&nbsp;<\/p>\n<p>&nbsp;<\/p>\n<p>&nbsp;<\/p>\n<p>&nbsp;<\/p>\n<p>&nbsp;<\/p>\n<p>&nbsp;<\/p>\n<p>&nbsp;<\/p>\n<p>&nbsp;<\/p>\n<p>&nbsp;<\/p>\n<p>&nbsp;<\/p>\n<p>BRIDGE<\/p>\n<p>&nbsp;<\/p>\n","protected":false},"excerpt":{"rendered":"<p>TV-St\u00e4nder mit offenen F\u00e4chern und T\u00fcren, 210&#215;36,5xH170 cm. Aus laminiertem Holz und in verschiedenen Ausf\u00fchrungen erh\u00e4ltlich, auch zweifarbig.<\/p>\n","protected":false},"featured_media":99644,"comment_status":"open","ping_status":"closed","template":"","meta":[],"product_brand":[9880],"product_cat":[9788,9772],"product_tag":[],"class_list":{"0":"post-83798","1":"product","2":"type-product","3":"status-publish","4":"has-post-thumbnail","6":"product_brand-vari-produttori-de","7":"product_cat-mobel-fur-die-dekoration-inneneinrichtung","8":"product_cat-inneneinrichtung","10":"first","11":"instock","12":"sale","13":"taxable","14":"shipping-taxable","15":"purchasable","16":"product-type-simple"},"exclude_global_add_ons":false,"addons":[{"name":"Farbe","type":"multiple_choice","position":0,"required":true,"title_format":"heading","default":"","description_enable":false,"description":"","placeholder_enable":false,"placeholder":"","display":"select","restrictions_type":"any_text","adjust_price":false,"price":"","price_type":"flat_fee","restrictions":false,"min":"0","max":"0","options":[{"label":"Eiche hell","price":"","price_type":"quantity_based","image":0,"visibility":true},{"label":"Ulme und Dunkelgrau","price":"","price_type":"quantity_based","image":0,"visibility":true},{"label":"Taupe und Eiche","price":"","price_type":"quantity_based","image":0,"visibility":true},{"label":"Nicht verf\u00fcgbar - wei\u00dfer und grauer Betoneffekt","price":"","price_type":"quantity_based","image":0,"visibility":true},{"label":"Nicht verf\u00fcgbar - wei\u00df und anthrazit marmoriert","price":"","price_type":"quantity_based","image":0,"visibility":true},{"label":"Wei\u00df und Eiche hell","price":"","price_type":"quantity_based","image":0,"visibility":true}],"id":1716825668}],"yoast_head":"<!-- This site is optimized with the Yoast SEO plugin v26.7 - https:\/\/yoast.com\/wordpress\/plugins\/seo\/ -->\n<title>Wohnzimmerm\u00f6bel Nick TV-St\u00e4nder in 7 Farben<\/title>\n<meta name=\"description\" content=\"TV-St\u00e4nder mit offenen F\u00e4chern und T\u00fcren, 210x36,5xH170 cm. Aus laminiertem Holz und in verschiedenen Ausf\u00fchrungen erh\u00e4ltlich, auch zweifarbig.\" \/>\n<meta name=\"robots\" content=\"index, follow, max-snippet:-1, max-image-preview:large, max-video-preview:-1\" \/>\n<link rel=\"canonical\" href=\"https:\/\/www.bagnoitalia.com\/de\/produkt\/living-room-furniture-nick-tv-stand-in-7-colours-2.html\" \/>\n<meta property=\"og:locale\" content=\"de_DE\" \/>\n<meta property=\"og:type\" content=\"article\" \/>\n<meta property=\"og:title\" content=\"Wohnzimmerm\u00f6bel Nick TV-St\u00e4nder in 7 Farben\" \/>\n<meta property=\"og:description\" content=\"TV-St\u00e4nder mit offenen F\u00e4chern und T\u00fcren, 210x36,5xH170 cm. Aus laminiertem Holz und in verschiedenen Ausf\u00fchrungen erh\u00e4ltlich, auch zweifarbig.\" \/>\n<meta property=\"og:url\" content=\"https:\/\/www.bagnoitalia.com\/de\/produkt\/living-room-furniture-nick-tv-stand-in-7-colours-2.html\" \/>\n<meta property=\"og:site_name\" content=\"Bagno Italia\" \/>\n<meta property=\"article:modified_time\" content=\"2025-10-03T13:00:32+00:00\" \/>\n<meta property=\"og:image\" content=\"https:\/\/img.bagnoitalia.com\/wp-content\/uploads\/1-92.webp\" \/>\n\t<meta property=\"og:image:width\" content=\"550\" \/>\n\t<meta property=\"og:image:height\" content=\"550\" \/>\n\t<meta property=\"og:image:type\" content=\"image\/webp\" \/>\n<meta name=\"twitter:card\" content=\"summary_large_image\" \/>\n<meta name=\"twitter:label1\" content=\"Gesch\u00e4tzte Lesezeit\" \/>\n\t<meta name=\"twitter:data1\" content=\"1\u00a0Minute\" \/>\n<script type=\"application\/ld+json\" class=\"yoast-schema-graph\">{\"@context\":\"https:\/\/schema.org\",\"@graph\":[{\"@type\":\"WebPage\",\"@id\":\"https:\/\/www.bagnoitalia.com\/de\/produkt\/living-room-furniture-nick-tv-stand-in-7-colours-2.html\",\"url\":\"https:\/\/www.bagnoitalia.com\/de\/produkt\/living-room-furniture-nick-tv-stand-in-7-colours-2.html\",\"name\":\"Wohnzimmerm\u00f6bel Nick TV-St\u00e4nder in 7 Farben\",\"isPartOf\":{\"@id\":\"https:\/\/www.bagnoitalia.com\/de#website\"},\"primaryImageOfPage\":{\"@id\":\"https:\/\/www.bagnoitalia.com\/de\/produkt\/living-room-furniture-nick-tv-stand-in-7-colours-2.html#primaryimage\"},\"image\":{\"@id\":\"https:\/\/www.bagnoitalia.com\/de\/produkt\/living-room-furniture-nick-tv-stand-in-7-colours-2.html#primaryimage\"},\"thumbnailUrl\":\"https:\/\/img.bagnoitalia.com\/wp-content\/uploads\/1-92.webp\",\"datePublished\":\"2024-01-16T14:24:12+00:00\",\"dateModified\":\"2025-10-03T13:00:32+00:00\",\"description\":\"TV-St\u00e4nder mit offenen F\u00e4chern und T\u00fcren, 210x36,5xH170 cm. Aus laminiertem Holz und in verschiedenen Ausf\u00fchrungen erh\u00e4ltlich, auch zweifarbig.\",\"breadcrumb\":{\"@id\":\"https:\/\/www.bagnoitalia.com\/de\/produkt\/living-room-furniture-nick-tv-stand-in-7-colours-2.html#breadcrumb\"},\"inLanguage\":\"de\",\"potentialAction\":[{\"@type\":\"ReadAction\",\"target\":[\"https:\/\/www.bagnoitalia.com\/de\/produkt\/living-room-furniture-nick-tv-stand-in-7-colours-2.html\"]}]},{\"@type\":\"ImageObject\",\"inLanguage\":\"de\",\"@id\":\"https:\/\/www.bagnoitalia.com\/de\/produkt\/living-room-furniture-nick-tv-stand-in-7-colours-2.html#primaryimage\",\"url\":\"https:\/\/img.bagnoitalia.com\/wp-content\/uploads\/1-92.webp\",\"contentUrl\":\"https:\/\/img.bagnoitalia.com\/wp-content\/uploads\/1-92.webp\",\"width\":550,\"height\":550},{\"@type\":\"BreadcrumbList\",\"@id\":\"https:\/\/www.bagnoitalia.com\/de\/produkt\/living-room-furniture-nick-tv-stand-in-7-colours-2.html#breadcrumb\",\"itemListElement\":[{\"@type\":\"ListItem\",\"position\":1,\"name\":\"Home\",\"item\":\"https:\/\/www.bagnoitalia.com\/de\"},{\"@type\":\"ListItem\",\"position\":2,\"name\":\"Produkte\",\"item\":\"https:\/\/www.bagnoitalia.com\/de\/shop\"},{\"@type\":\"ListItem\",\"position\":3,\"name\":\"Wohnzimmerm\u00f6bel Nick TV-St\u00e4nder in 6 Farben\"}]},{\"@type\":\"WebSite\",\"@id\":\"https:\/\/www.bagnoitalia.com\/de#website\",\"url\":\"https:\/\/www.bagnoitalia.com\/de\",\"name\":\"Bagno Italia\",\"description\":\"\",\"publisher\":{\"@id\":\"https:\/\/www.bagnoitalia.com\/de#organization\"},\"potentialAction\":[{\"@type\":\"SearchAction\",\"target\":{\"@type\":\"EntryPoint\",\"urlTemplate\":\"https:\/\/www.bagnoitalia.com\/de?s={search_term_string}\"},\"query-input\":{\"@type\":\"PropertyValueSpecification\",\"valueRequired\":true,\"valueName\":\"search_term_string\"}}],\"inLanguage\":\"de\"},{\"@type\":\"Organization\",\"@id\":\"https:\/\/www.bagnoitalia.com\/de#organization\",\"name\":\"Bagno Italia\",\"url\":\"https:\/\/www.bagnoitalia.com\/de\",\"logo\":{\"@type\":\"ImageObject\",\"inLanguage\":\"de\",\"@id\":\"https:\/\/www.bagnoitalia.com\/de#\/schema\/logo\/image\/\",\"url\":\"https:\/\/img.bagnoitalia.com\/wp-content\/uploads\/logo-bagnoitalia.webp\",\"contentUrl\":\"https:\/\/img.bagnoitalia.com\/wp-content\/uploads\/logo-bagnoitalia.webp\",\"width\":400,\"height\":70,\"caption\":\"Bagno Italia\"},\"image\":{\"@id\":\"https:\/\/www.bagnoitalia.com\/de#\/schema\/logo\/image\/\"}}]}<\/script>\n<!-- \/ Yoast SEO plugin. -->","yoast_head_json":{"title":"Wohnzimmerm\u00f6bel Nick TV-St\u00e4nder in 7 Farben","description":"TV-St\u00e4nder mit offenen F\u00e4chern und T\u00fcren, 210x36,5xH170 cm. Aus laminiertem Holz und in verschiedenen Ausf\u00fchrungen erh\u00e4ltlich, auch zweifarbig.","robots":{"index":"index","follow":"follow","max-snippet":"max-snippet:-1","max-image-preview":"max-image-preview:large","max-video-preview":"max-video-preview:-1"},"canonical":"https:\/\/www.bagnoitalia.com\/de\/produkt\/living-room-furniture-nick-tv-stand-in-7-colours-2.html","og_locale":"de_DE","og_type":"article","og_title":"Wohnzimmerm\u00f6bel Nick TV-St\u00e4nder in 7 Farben","og_description":"TV-St\u00e4nder mit offenen F\u00e4chern und T\u00fcren, 210x36,5xH170 cm. Aus laminiertem Holz und in verschiedenen Ausf\u00fchrungen erh\u00e4ltlich, auch zweifarbig.","og_url":"https:\/\/www.bagnoitalia.com\/de\/produkt\/living-room-furniture-nick-tv-stand-in-7-colours-2.html","og_site_name":"Bagno Italia","article_modified_time":"2025-10-03T13:00:32+00:00","og_image":[{"width":550,"height":550,"url":"https:\/\/img.bagnoitalia.com\/wp-content\/uploads\/1-92.webp","type":"image\/webp"}],"twitter_card":"summary_large_image","twitter_misc":{"Gesch\u00e4tzte Lesezeit":"1\u00a0Minute"},"schema":{"@context":"https:\/\/schema.org","@graph":[{"@type":"WebPage","@id":"https:\/\/www.bagnoitalia.com\/de\/produkt\/living-room-furniture-nick-tv-stand-in-7-colours-2.html","url":"https:\/\/www.bagnoitalia.com\/de\/produkt\/living-room-furniture-nick-tv-stand-in-7-colours-2.html","name":"Wohnzimmerm\u00f6bel Nick TV-St\u00e4nder in 7 Farben","isPartOf":{"@id":"https:\/\/www.bagnoitalia.com\/de#website"},"primaryImageOfPage":{"@id":"https:\/\/www.bagnoitalia.com\/de\/produkt\/living-room-furniture-nick-tv-stand-in-7-colours-2.html#primaryimage"},"image":{"@id":"https:\/\/www.bagnoitalia.com\/de\/produkt\/living-room-furniture-nick-tv-stand-in-7-colours-2.html#primaryimage"},"thumbnailUrl":"https:\/\/img.bagnoitalia.com\/wp-content\/uploads\/1-92.webp","datePublished":"2024-01-16T14:24:12+00:00","dateModified":"2025-10-03T13:00:32+00:00","description":"TV-St\u00e4nder mit offenen F\u00e4chern und T\u00fcren, 210x36,5xH170 cm. Aus laminiertem Holz und in verschiedenen Ausf\u00fchrungen erh\u00e4ltlich, auch zweifarbig.","breadcrumb":{"@id":"https:\/\/www.bagnoitalia.com\/de\/produkt\/living-room-furniture-nick-tv-stand-in-7-colours-2.html#breadcrumb"},"inLanguage":"de","potentialAction":[{"@type":"ReadAction","target":["https:\/\/www.bagnoitalia.com\/de\/produkt\/living-room-furniture-nick-tv-stand-in-7-colours-2.html"]}]},{"@type":"ImageObject","inLanguage":"de","@id":"https:\/\/www.bagnoitalia.com\/de\/produkt\/living-room-furniture-nick-tv-stand-in-7-colours-2.html#primaryimage","url":"https:\/\/img.bagnoitalia.com\/wp-content\/uploads\/1-92.webp","contentUrl":"https:\/\/img.bagnoitalia.com\/wp-content\/uploads\/1-92.webp","width":550,"height":550},{"@type":"BreadcrumbList","@id":"https:\/\/www.bagnoitalia.com\/de\/produkt\/living-room-furniture-nick-tv-stand-in-7-colours-2.html#breadcrumb","itemListElement":[{"@type":"ListItem","position":1,"name":"Home","item":"https:\/\/www.bagnoitalia.com\/de"},{"@type":"ListItem","position":2,"name":"Produkte","item":"https:\/\/www.bagnoitalia.com\/de\/shop"},{"@type":"ListItem","position":3,"name":"Wohnzimmerm\u00f6bel Nick TV-St\u00e4nder in 6 Farben"}]},{"@type":"WebSite","@id":"https:\/\/www.bagnoitalia.com\/de#website","url":"https:\/\/www.bagnoitalia.com\/de","name":"Bagno Italia","description":"","publisher":{"@id":"https:\/\/www.bagnoitalia.com\/de#organization"},"potentialAction":[{"@type":"SearchAction","target":{"@type":"EntryPoint","urlTemplate":"https:\/\/www.bagnoitalia.com\/de?s={search_term_string}"},"query-input":{"@type":"PropertyValueSpecification","valueRequired":true,"valueName":"search_term_string"}}],"inLanguage":"de"},{"@type":"Organization","@id":"https:\/\/www.bagnoitalia.com\/de#organization","name":"Bagno Italia","url":"https:\/\/www.bagnoitalia.com\/de","logo":{"@type":"ImageObject","inLanguage":"de","@id":"https:\/\/www.bagnoitalia.com\/de#\/schema\/logo\/image\/","url":"https:\/\/img.bagnoitalia.com\/wp-content\/uploads\/logo-bagnoitalia.webp","contentUrl":"https:\/\/img.bagnoitalia.com\/wp-content\/uploads\/logo-bagnoitalia.webp","width":400,"height":70,"caption":"Bagno Italia"},"image":{"@id":"https:\/\/www.bagnoitalia.com\/de#\/schema\/logo\/image\/"}}]}},"_links":{"self":[{"href":"https:\/\/www.bagnoitalia.com\/de\/wp-json\/wp\/v2\/product\/83798","targetHints":{"allow":["GET"]}}],"collection":[{"href":"https:\/\/www.bagnoitalia.com\/de\/wp-json\/wp\/v2\/product"}],"about":[{"href":"https:\/\/www.bagnoitalia.com\/de\/wp-json\/wp\/v2\/types\/product"}],"replies":[{"embeddable":true,"href":"https:\/\/www.bagnoitalia.com\/de\/wp-json\/wp\/v2\/comments?post=83798"}],"version-history":[{"count":4,"href":"https:\/\/www.bagnoitalia.com\/de\/wp-json\/wp\/v2\/product\/83798\/revisions"}],"predecessor-version":[{"id":112227,"href":"https:\/\/www.bagnoitalia.com\/de\/wp-json\/wp\/v2\/product\/83798\/revisions\/112227"}],"wp:featuredmedia":[{"embeddable":true,"href":"https:\/\/www.bagnoitalia.com\/de\/wp-json\/wp\/v2\/media\/99644"}],"wp:attachment":[{"href":"https:\/\/www.bagnoitalia.com\/de\/wp-json\/wp\/v2\/media?parent=83798"}],"wp:term":[{"taxonomy":"product_brand","embeddable":true,"href":"https:\/\/www.bagnoitalia.com\/de\/wp-json\/wp\/v2\/product_brand?post=83798"},{"taxonomy":"product_cat","embeddable":true,"href":"https:\/\/www.bagnoitalia.com\/de\/wp-json\/wp\/v2\/product_cat?post=83798"},{"taxonomy":"product_tag","embeddable":true,"href":"https:\/\/www.bagnoitalia.com\/de\/wp-json\/wp\/v2\/product_tag?post=83798"}],"curies":[{"name":"wp","href":"https:\/\/api.w.org\/{rel}","templated":true}]}}