{"id":83790,"date":"2024-01-15T14:57:55","date_gmt":"2024-01-15T13:57:55","guid":{"rendered":"https:\/\/www.bagnoitalia.com\/product\/shelly-6-colour-wooden-tv-cabinet-with-open-compartments-and-drawers-2"},"modified":"2024-05-27T15:54:08","modified_gmt":"2024-05-27T13:54:08","slug":"shelly-6-colour-wooden-tv-cabinet-with-open-compartments-and-drawers-2","status":"publish","type":"product","link":"https:\/\/www.bagnoitalia.com\/de\/produkt\/shelly-6-colour-wooden-tv-cabinet-with-open-compartments-and-drawers-2.html","title":{"rendered":"Shelly 6-farbiger TV-Schrank aus Holz mit offenen F\u00e4chern und Schubladen"},"content":{"rendered":"<p>M\u00d6BELST\u00dcCK &#8222;SHELLY<\/p>\n<p>&nbsp;<\/p>\n<p>&nbsp;<\/p>\n<p>FEATURES<\/p>\n<p>H\u00e4ngeelement, geeignet als TV-St\u00e4nder, bestehend aus offenen F\u00e4chern und Schubladen<\/p>\n<p>Hergestellt aus laminiertem Holz<\/p>\n<p>Erh\u00e4ltlich in den Farben<\/p>\n<p>Schublade anthrazit und Struktur Eiche hell<br \/>\nanthrazitfarbene Schublade und helle Kieferstruktur<br \/>\nanthrazitfarbene Schublade und Ulmenholzstruktur<br \/>\ngraue Schublade und Ulmenholzstruktur<br \/>\nSchublade und Eichenstruktur taupe<br \/>\nSchublade grau und Struktur Kiefer hell<\/p>\n<p>&nbsp;<\/p>\n<p>&nbsp;<\/p>\n<p>ABMESSUNGEN<\/p>\n<p>Gesamtl\u00e4nge: 170 cm<\/p>\n<p>Gesamth\u00f6he: 181,5 cm<\/p>\n<p>H\u00f6he des TV-St\u00e4nders vom Boden: 68 cm<\/p>\n<p>Maximale Tiefe: 42 cm<\/p>\n<p>&nbsp;<\/p>\n<p>&nbsp;<\/p>\n<p>&nbsp;<\/p>\n<p>&nbsp;<\/p>\n<p>&nbsp;<\/p>\n<p>&nbsp;<\/p>\n<p>&nbsp;<\/p>\n<p>&nbsp;<\/p>\n<p>&nbsp;<\/p>\n<p>&nbsp;<\/p>\n<p>&nbsp;<\/p>\n<p>&nbsp;<\/p>\n<p>&nbsp;<\/p>\n<p>&nbsp;<\/p>\n<p>&nbsp;<\/p>\n<p>&nbsp;<\/p>\n<p>&nbsp;<\/p>\n<p>&nbsp;<\/p>\n<p>LEONARD<\/p>\n<p>\u00dcbersetzt mit www.DeepL.com\/Translator (kostenlose Version)<\/p>\n","protected":false},"excerpt":{"rendered":"<p>M\u00d6BELST\u00dcCK &#8222;SHELLY &nbsp; &nbsp; FEATURES H\u00e4ngeelement, geeignet als TV-St\u00e4nder, bestehend aus offenen F\u00e4chern und Schubladen Hergestellt aus laminiertem Holz Erh\u00e4ltlich in den Farben Schublade anthrazit und Struktur Eiche hell anthrazitfarbene Schublade und helle Kieferstruktur anthrazitfarbene Schublade und Ulmenholzstruktur graue Schublade und Ulmenholzstruktur Schublade und Eichenstruktur taupe Schublade grau und Struktur Kiefer hell &nbsp; &nbsp; ABMESSUNGEN [&hellip;]<\/p>\n","protected":false},"featured_media":69117,"comment_status":"open","ping_status":"closed","template":"","meta":[],"product_brand":[9880],"product_cat":[10116],"product_tag":[],"class_list":{"0":"post-83790","1":"product","2":"type-product","3":"status-publish","4":"has-post-thumbnail","6":"product_brand-vari-produttori-de","7":"product_cat-senza-categoria-de","9":"first","10":"outofstock","11":"taxable","12":"shipping-taxable","13":"purchasable","14":"product-type-simple"},"exclude_global_add_ons":false,"addons":[{"name":"Farbe","type":"multiple_choice","position":0,"required":true,"title_format":"heading","default":"","description_enable":false,"description":"","placeholder_enable":false,"placeholder":"","display":"select","restrictions_type":"any_text","adjust_price":false,"price":"","price_type":"flat_fee","restrictions":false,"min":"0","max":"0","options":[{"label":"anthrazit und Eiche hell","price":"","price_type":"quantity_based","image":0,"visibility":true},{"label":"anthrazit und Kiefer hell","price":"","price_type":"quantity_based","image":0,"visibility":true},{"label":"anthrazit und Ulme","price":"","price_type":"quantity_based","image":0,"visibility":true},{"label":"Grau und Ulme","price":"","price_type":"quantity_based","image":0,"visibility":true},{"label":"NICHT VERF\u00dcGBAR Maulwurf und Eiche","price":"","price_type":"quantity_based","image":0,"visibility":true},{"label":"grau und Kiefer hell","price":"","price_type":"quantity_based","image":0,"visibility":true}],"id":1716825249}],"yoast_head":"<!-- This site is optimized with the Yoast SEO plugin v26.7 - https:\/\/yoast.com\/wordpress\/plugins\/seo\/ -->\n<title>Shelly 6-farbiger TV-Schrank aus Holz mit offenen F\u00e4chern und Schubladen<\/title>\n<meta name=\"robots\" content=\"index, follow, max-snippet:-1, max-image-preview:large, max-video-preview:-1\" \/>\n<link rel=\"canonical\" href=\"https:\/\/www.bagnoitalia.com\/de\/produkt\/shelly-6-colour-wooden-tv-cabinet-with-open-compartments-and-drawers-2.html\" \/>\n<meta property=\"og:locale\" content=\"de_DE\" \/>\n<meta property=\"og:type\" content=\"article\" \/>\n<meta property=\"og:title\" content=\"Shelly 6-farbiger TV-Schrank aus Holz mit offenen F\u00e4chern und Schubladen\" \/>\n<meta property=\"og:description\" content=\"M\u00d6BELST\u00dcCK &#8222;SHELLY &nbsp; &nbsp; FEATURES H\u00e4ngeelement, geeignet als TV-St\u00e4nder, bestehend aus offenen F\u00e4chern und Schubladen Hergestellt aus laminiertem Holz Erh\u00e4ltlich in den Farben Schublade anthrazit und Struktur Eiche hell anthrazitfarbene Schublade und helle Kieferstruktur anthrazitfarbene Schublade und Ulmenholzstruktur graue Schublade und Ulmenholzstruktur Schublade und Eichenstruktur taupe Schublade grau und Struktur Kiefer hell &nbsp; &nbsp; ABMESSUNGEN [&hellip;]\" \/>\n<meta property=\"og:url\" content=\"https:\/\/www.bagnoitalia.com\/de\/produkt\/shelly-6-colour-wooden-tv-cabinet-with-open-compartments-and-drawers-2.html\" \/>\n<meta property=\"og:site_name\" content=\"Bagno Italia\" \/>\n<meta property=\"article:modified_time\" content=\"2024-05-27T13:54:08+00:00\" \/>\n<meta property=\"og:image\" content=\"https:\/\/img.bagnoitalia.com\/wp-content\/uploads\/virtuemart\/product\/parete-attrezzata-mobile-porta-tv-colori-1.jpg\" \/>\n\t<meta property=\"og:image:width\" content=\"550\" \/>\n\t<meta property=\"og:image:height\" content=\"550\" \/>\n\t<meta property=\"og:image:type\" content=\"image\/jpeg\" \/>\n<meta name=\"twitter:card\" content=\"summary_large_image\" \/>\n<meta name=\"twitter:label1\" content=\"Gesch\u00e4tzte Lesezeit\" \/>\n\t<meta name=\"twitter:data1\" content=\"1\u00a0Minute\" \/>\n<script type=\"application\/ld+json\" class=\"yoast-schema-graph\">{\"@context\":\"https:\/\/schema.org\",\"@graph\":[{\"@type\":\"WebPage\",\"@id\":\"https:\/\/www.bagnoitalia.com\/de\/produkt\/shelly-6-colour-wooden-tv-cabinet-with-open-compartments-and-drawers-2.html\",\"url\":\"https:\/\/www.bagnoitalia.com\/de\/produkt\/shelly-6-colour-wooden-tv-cabinet-with-open-compartments-and-drawers-2.html\",\"name\":\"Shelly 6-farbiger TV-Schrank aus Holz mit offenen F\u00e4chern und Schubladen\",\"isPartOf\":{\"@id\":\"https:\/\/www.bagnoitalia.com\/de#website\"},\"primaryImageOfPage\":{\"@id\":\"https:\/\/www.bagnoitalia.com\/de\/produkt\/shelly-6-colour-wooden-tv-cabinet-with-open-compartments-and-drawers-2.html#primaryimage\"},\"image\":{\"@id\":\"https:\/\/www.bagnoitalia.com\/de\/produkt\/shelly-6-colour-wooden-tv-cabinet-with-open-compartments-and-drawers-2.html#primaryimage\"},\"thumbnailUrl\":\"https:\/\/img.bagnoitalia.com\/wp-content\/uploads\/virtuemart\/product\/parete-attrezzata-mobile-porta-tv-colori-1.jpg\",\"datePublished\":\"2024-01-15T13:57:55+00:00\",\"dateModified\":\"2024-05-27T13:54:08+00:00\",\"breadcrumb\":{\"@id\":\"https:\/\/www.bagnoitalia.com\/de\/produkt\/shelly-6-colour-wooden-tv-cabinet-with-open-compartments-and-drawers-2.html#breadcrumb\"},\"inLanguage\":\"de\",\"potentialAction\":[{\"@type\":\"ReadAction\",\"target\":[\"https:\/\/www.bagnoitalia.com\/de\/produkt\/shelly-6-colour-wooden-tv-cabinet-with-open-compartments-and-drawers-2.html\"]}]},{\"@type\":\"ImageObject\",\"inLanguage\":\"de\",\"@id\":\"https:\/\/www.bagnoitalia.com\/de\/produkt\/shelly-6-colour-wooden-tv-cabinet-with-open-compartments-and-drawers-2.html#primaryimage\",\"url\":\"https:\/\/img.bagnoitalia.com\/wp-content\/uploads\/virtuemart\/product\/parete-attrezzata-mobile-porta-tv-colori-1.jpg\",\"contentUrl\":\"https:\/\/img.bagnoitalia.com\/wp-content\/uploads\/virtuemart\/product\/parete-attrezzata-mobile-porta-tv-colori-1.jpg\",\"width\":550,\"height\":550},{\"@type\":\"BreadcrumbList\",\"@id\":\"https:\/\/www.bagnoitalia.com\/de\/produkt\/shelly-6-colour-wooden-tv-cabinet-with-open-compartments-and-drawers-2.html#breadcrumb\",\"itemListElement\":[{\"@type\":\"ListItem\",\"position\":1,\"name\":\"Home\",\"item\":\"https:\/\/www.bagnoitalia.com\/de\"},{\"@type\":\"ListItem\",\"position\":2,\"name\":\"Produkte\",\"item\":\"https:\/\/www.bagnoitalia.com\/de\/shop\"},{\"@type\":\"ListItem\",\"position\":3,\"name\":\"Shelly 6-farbiger TV-Schrank aus Holz mit offenen F\u00e4chern und Schubladen\"}]},{\"@type\":\"WebSite\",\"@id\":\"https:\/\/www.bagnoitalia.com\/de#website\",\"url\":\"https:\/\/www.bagnoitalia.com\/de\",\"name\":\"Bagno Italia\",\"description\":\"\",\"publisher\":{\"@id\":\"https:\/\/www.bagnoitalia.com\/de#organization\"},\"potentialAction\":[{\"@type\":\"SearchAction\",\"target\":{\"@type\":\"EntryPoint\",\"urlTemplate\":\"https:\/\/www.bagnoitalia.com\/de?s={search_term_string}\"},\"query-input\":{\"@type\":\"PropertyValueSpecification\",\"valueRequired\":true,\"valueName\":\"search_term_string\"}}],\"inLanguage\":\"de\"},{\"@type\":\"Organization\",\"@id\":\"https:\/\/www.bagnoitalia.com\/de#organization\",\"name\":\"Bagno Italia\",\"url\":\"https:\/\/www.bagnoitalia.com\/de\",\"logo\":{\"@type\":\"ImageObject\",\"inLanguage\":\"de\",\"@id\":\"https:\/\/www.bagnoitalia.com\/de#\/schema\/logo\/image\/\",\"url\":\"https:\/\/img.bagnoitalia.com\/wp-content\/uploads\/logo-bagnoitalia.webp\",\"contentUrl\":\"https:\/\/img.bagnoitalia.com\/wp-content\/uploads\/logo-bagnoitalia.webp\",\"width\":400,\"height\":70,\"caption\":\"Bagno Italia\"},\"image\":{\"@id\":\"https:\/\/www.bagnoitalia.com\/de#\/schema\/logo\/image\/\"}}]}<\/script>\n<!-- \/ Yoast SEO plugin. -->","yoast_head_json":{"title":"Shelly 6-farbiger TV-Schrank aus Holz mit offenen F\u00e4chern und Schubladen","robots":{"index":"index","follow":"follow","max-snippet":"max-snippet:-1","max-image-preview":"max-image-preview:large","max-video-preview":"max-video-preview:-1"},"canonical":"https:\/\/www.bagnoitalia.com\/de\/produkt\/shelly-6-colour-wooden-tv-cabinet-with-open-compartments-and-drawers-2.html","og_locale":"de_DE","og_type":"article","og_title":"Shelly 6-farbiger TV-Schrank aus Holz mit offenen F\u00e4chern und Schubladen","og_description":"M\u00d6BELST\u00dcCK &#8222;SHELLY &nbsp; &nbsp; FEATURES H\u00e4ngeelement, geeignet als TV-St\u00e4nder, bestehend aus offenen F\u00e4chern und Schubladen Hergestellt aus laminiertem Holz Erh\u00e4ltlich in den Farben Schublade anthrazit und Struktur Eiche hell anthrazitfarbene Schublade und helle Kieferstruktur anthrazitfarbene Schublade und Ulmenholzstruktur graue Schublade und Ulmenholzstruktur Schublade und Eichenstruktur taupe Schublade grau und Struktur Kiefer hell &nbsp; &nbsp; ABMESSUNGEN [&hellip;]","og_url":"https:\/\/www.bagnoitalia.com\/de\/produkt\/shelly-6-colour-wooden-tv-cabinet-with-open-compartments-and-drawers-2.html","og_site_name":"Bagno Italia","article_modified_time":"2024-05-27T13:54:08+00:00","og_image":[{"width":550,"height":550,"url":"https:\/\/img.bagnoitalia.com\/wp-content\/uploads\/virtuemart\/product\/parete-attrezzata-mobile-porta-tv-colori-1.jpg","type":"image\/jpeg"}],"twitter_card":"summary_large_image","twitter_misc":{"Gesch\u00e4tzte Lesezeit":"1\u00a0Minute"},"schema":{"@context":"https:\/\/schema.org","@graph":[{"@type":"WebPage","@id":"https:\/\/www.bagnoitalia.com\/de\/produkt\/shelly-6-colour-wooden-tv-cabinet-with-open-compartments-and-drawers-2.html","url":"https:\/\/www.bagnoitalia.com\/de\/produkt\/shelly-6-colour-wooden-tv-cabinet-with-open-compartments-and-drawers-2.html","name":"Shelly 6-farbiger TV-Schrank aus Holz mit offenen F\u00e4chern und Schubladen","isPartOf":{"@id":"https:\/\/www.bagnoitalia.com\/de#website"},"primaryImageOfPage":{"@id":"https:\/\/www.bagnoitalia.com\/de\/produkt\/shelly-6-colour-wooden-tv-cabinet-with-open-compartments-and-drawers-2.html#primaryimage"},"image":{"@id":"https:\/\/www.bagnoitalia.com\/de\/produkt\/shelly-6-colour-wooden-tv-cabinet-with-open-compartments-and-drawers-2.html#primaryimage"},"thumbnailUrl":"https:\/\/img.bagnoitalia.com\/wp-content\/uploads\/virtuemart\/product\/parete-attrezzata-mobile-porta-tv-colori-1.jpg","datePublished":"2024-01-15T13:57:55+00:00","dateModified":"2024-05-27T13:54:08+00:00","breadcrumb":{"@id":"https:\/\/www.bagnoitalia.com\/de\/produkt\/shelly-6-colour-wooden-tv-cabinet-with-open-compartments-and-drawers-2.html#breadcrumb"},"inLanguage":"de","potentialAction":[{"@type":"ReadAction","target":["https:\/\/www.bagnoitalia.com\/de\/produkt\/shelly-6-colour-wooden-tv-cabinet-with-open-compartments-and-drawers-2.html"]}]},{"@type":"ImageObject","inLanguage":"de","@id":"https:\/\/www.bagnoitalia.com\/de\/produkt\/shelly-6-colour-wooden-tv-cabinet-with-open-compartments-and-drawers-2.html#primaryimage","url":"https:\/\/img.bagnoitalia.com\/wp-content\/uploads\/virtuemart\/product\/parete-attrezzata-mobile-porta-tv-colori-1.jpg","contentUrl":"https:\/\/img.bagnoitalia.com\/wp-content\/uploads\/virtuemart\/product\/parete-attrezzata-mobile-porta-tv-colori-1.jpg","width":550,"height":550},{"@type":"BreadcrumbList","@id":"https:\/\/www.bagnoitalia.com\/de\/produkt\/shelly-6-colour-wooden-tv-cabinet-with-open-compartments-and-drawers-2.html#breadcrumb","itemListElement":[{"@type":"ListItem","position":1,"name":"Home","item":"https:\/\/www.bagnoitalia.com\/de"},{"@type":"ListItem","position":2,"name":"Produkte","item":"https:\/\/www.bagnoitalia.com\/de\/shop"},{"@type":"ListItem","position":3,"name":"Shelly 6-farbiger TV-Schrank aus Holz mit offenen F\u00e4chern und Schubladen"}]},{"@type":"WebSite","@id":"https:\/\/www.bagnoitalia.com\/de#website","url":"https:\/\/www.bagnoitalia.com\/de","name":"Bagno Italia","description":"","publisher":{"@id":"https:\/\/www.bagnoitalia.com\/de#organization"},"potentialAction":[{"@type":"SearchAction","target":{"@type":"EntryPoint","urlTemplate":"https:\/\/www.bagnoitalia.com\/de?s={search_term_string}"},"query-input":{"@type":"PropertyValueSpecification","valueRequired":true,"valueName":"search_term_string"}}],"inLanguage":"de"},{"@type":"Organization","@id":"https:\/\/www.bagnoitalia.com\/de#organization","name":"Bagno Italia","url":"https:\/\/www.bagnoitalia.com\/de","logo":{"@type":"ImageObject","inLanguage":"de","@id":"https:\/\/www.bagnoitalia.com\/de#\/schema\/logo\/image\/","url":"https:\/\/img.bagnoitalia.com\/wp-content\/uploads\/logo-bagnoitalia.webp","contentUrl":"https:\/\/img.bagnoitalia.com\/wp-content\/uploads\/logo-bagnoitalia.webp","width":400,"height":70,"caption":"Bagno Italia"},"image":{"@id":"https:\/\/www.bagnoitalia.com\/de#\/schema\/logo\/image\/"}}]}},"_links":{"self":[{"href":"https:\/\/www.bagnoitalia.com\/de\/wp-json\/wp\/v2\/product\/83790","targetHints":{"allow":["GET"]}}],"collection":[{"href":"https:\/\/www.bagnoitalia.com\/de\/wp-json\/wp\/v2\/product"}],"about":[{"href":"https:\/\/www.bagnoitalia.com\/de\/wp-json\/wp\/v2\/types\/product"}],"replies":[{"embeddable":true,"href":"https:\/\/www.bagnoitalia.com\/de\/wp-json\/wp\/v2\/comments?post=83790"}],"version-history":[{"count":1,"href":"https:\/\/www.bagnoitalia.com\/de\/wp-json\/wp\/v2\/product\/83790\/revisions"}],"predecessor-version":[{"id":88388,"href":"https:\/\/www.bagnoitalia.com\/de\/wp-json\/wp\/v2\/product\/83790\/revisions\/88388"}],"wp:featuredmedia":[{"embeddable":true,"href":"https:\/\/www.bagnoitalia.com\/de\/wp-json\/wp\/v2\/media\/69117"}],"wp:attachment":[{"href":"https:\/\/www.bagnoitalia.com\/de\/wp-json\/wp\/v2\/media?parent=83790"}],"wp:term":[{"taxonomy":"product_brand","embeddable":true,"href":"https:\/\/www.bagnoitalia.com\/de\/wp-json\/wp\/v2\/product_brand?post=83790"},{"taxonomy":"product_cat","embeddable":true,"href":"https:\/\/www.bagnoitalia.com\/de\/wp-json\/wp\/v2\/product_cat?post=83790"},{"taxonomy":"product_tag","embeddable":true,"href":"https:\/\/www.bagnoitalia.com\/de\/wp-json\/wp\/v2\/product_tag?post=83790"}],"curies":[{"name":"wp","href":"https:\/\/api.w.org\/{rel}","templated":true}]}}