{"id":83738,"date":"2024-01-04T15:43:15","date_gmt":"2024-01-04T14:43:15","guid":{"rendered":"https:\/\/www.bagnoitalia.com\/product\/shoe-cabinet-with-wooden-flap-doors-available-in-4-colours-and-3-sizes-bm054-2"},"modified":"2024-05-29T16:06:13","modified_gmt":"2024-05-29T14:06:13","slug":"shoe-cabinet-with-wooden-flap-doors-available-in-4-colours-and-3-sizes-bm054-2","status":"publish","type":"product","link":"https:\/\/www.bagnoitalia.com\/de\/produkt\/shoe-cabinet-with-wooden-flap-doors-available-in-4-colours-and-3-sizes-bm054-2.html","title":{"rendered":"Schuhschrank mit Holzklappt\u00fcren, erh\u00e4ltlich in 4 Farben und 3 Gr\u00f6\u00dfen BM054"},"content":{"rendered":"<p>SCHUHSCHRANK AUS HOLZ Modell BM054<\/p>\n<p>&nbsp;<\/p>\n<p>&nbsp;<\/p>\n<p>Der Schuhschrank ist in den folgenden Ausf\u00fchrungen erh\u00e4ltlich<\/p>\n<p>ab 59x25xH105 cm mit 3 T\u00fcren<br \/>\nab 59x25xH140 cm mit 4 T\u00fcren<br \/>\n59x25xH172 cm mit 5 T\u00fcren<\/p>\n<p>Verf\u00fcgbare Farben:<\/p>\n<p>wei\u00df<br \/>\nUlme hell<br \/>\nzementgrau<br \/>\nKiefer hell<\/p>\n<p>W\u00e4hlen Sie Typ und Farbe aus dem Dropdown-Men\u00fc<\/p>\n<p>&nbsp;<\/p>\n<p>&nbsp;<\/p>\n<p>DETAILS ZUM PRODUKT<\/p>\n<p>Struktur aus 16 mm dicker bilaminierter Spanplatte<\/p>\n<p>T\u00fcren mit Klappe, die sich \u00fcber einen Griff \u00f6ffnen lassen<\/p>\n<p>Doppeltes Fach an jeder T\u00fcr, dadurch gr\u00f6\u00dferes Fassungsverm\u00f6gen<\/p>\n<p>&nbsp;<\/p>\n<p>&nbsp;<\/p>\n<p>&nbsp;<\/p>\n<p>&nbsp;<\/p>\n<p>&nbsp;<\/p>\n<p>&nbsp;<\/p>\n<p>&nbsp;<\/p>\n<p>&nbsp;<\/p>\n<p>&nbsp;<\/p>\n<p>&nbsp;<\/p>\n<p>&nbsp;<\/p>\n<p>&nbsp;<\/p>\n<p>&nbsp;<\/p>\n<p>&nbsp;<\/p>\n<p>&nbsp;<\/p>\n<p>&nbsp;<\/p>\n<p>&nbsp;<\/p>\n<p>&nbsp;<\/p>\n<p>molly<\/p>\n<p>&nbsp;<\/p>\n","protected":false},"excerpt":{"rendered":"<p>Praktischer Schuhschrank, erh\u00e4ltlich mit 3, 4 oder 5 Klappt\u00fcren. Hergestellt aus Holz in den Farben Wei\u00df, Ulme hell, Zementgrau oder Kiefer hell.<\/p>\n","protected":false},"featured_media":68377,"comment_status":"open","ping_status":"closed","template":"","meta":[],"product_brand":[9880],"product_cat":[9668,9664],"product_tag":[],"class_list":{"0":"post-83738","1":"product","2":"type-product","3":"status-publish","4":"has-post-thumbnail","6":"product_brand-vari-produttori-de","7":"product_cat-erganzende-mobel","8":"product_cat-wirtschaftliche-erganzende-mobel","10":"first","11":"instock","12":"sale","13":"taxable","14":"shipping-taxable","15":"purchasable","16":"product-type-simple"},"exclude_global_add_ons":false,"addons":[{"name":"Typ","type":"multiple_choice","position":0,"required":true,"title_format":"heading","default":"","description_enable":false,"description":"","placeholder_enable":false,"placeholder":"","display":"select","restrictions_type":"any_text","adjust_price":false,"price":"","price_type":"flat_fee","restrictions":false,"min":"0","max":"0","options":[{"label":"Schuhschrank 3 T\u00fcren wei\u00df","price":"","price_type":"quantity_based","image":0,"visibility":true},{"label":"schuhschrank 3 t\u00fcren hell elm","price":"","price_type":"quantity_based","image":0,"visibility":true},{"label":"Schuhschrank 3 T\u00fcren zementgrau","price":"","price_type":"quantity_based","image":0,"visibility":true},{"label":"Schuhschrank 3 T\u00fcren Kiefer hell","price":"","price_type":"quantity_based","image":0,"visibility":true},{"label":"Schuhschrank 4 T\u00fcren wei\u00df","price":"20","price_type":"quantity_based","image":0,"visibility":true},{"label":"schuhschrank 4 t\u00fcren helle ulme","price":"20","price_type":"quantity_based","image":0,"visibility":true},{"label":"schuhschrank 4 t\u00fcren zementgrau","price":"20","price_type":"quantity_based","image":0,"visibility":true},{"label":"schuhschrank 4 t\u00fcren kiefer hell","price":"20","price_type":"quantity_based","image":0,"visibility":true},{"label":"Schuhschrank 5 T\u00fcren wei\u00df","price":"30","price_type":"quantity_based","image":0,"visibility":true},{"label":"schuhschrank 5 t\u00fcren helle ulme","price":"30","price_type":"quantity_based","image":0,"visibility":true},{"label":"schuhschrank 5 t\u00fcren zementgrau","price":"30","price_type":"quantity_based","image":0,"visibility":true},{"label":"schuhschrank 5 t\u00fcren kiefer hell","price":"30","price_type":"quantity_based","image":0,"visibility":true}],"id":1716998774}],"yoast_head":"<!-- This site is optimized with the Yoast SEO plugin v26.7 - https:\/\/yoast.com\/wordpress\/plugins\/seo\/ -->\n<title>Schuhschrank mit Holzklappt\u00fcren, erh\u00e4ltlich in 4 Farben und 3 Gr\u00f6\u00dfen BM054<\/title>\n<meta name=\"description\" content=\"Praktischer Schuhschrank, erh\u00e4ltlich mit 3, 4 oder 5 Klappt\u00fcren. Hergestellt aus Holz in den Farben Wei\u00df, Ulme hell, Zementgrau oder Kiefer hell.\" \/>\n<meta name=\"robots\" content=\"index, follow, max-snippet:-1, max-image-preview:large, max-video-preview:-1\" \/>\n<link rel=\"canonical\" href=\"https:\/\/www.bagnoitalia.com\/de\/produkt\/shoe-cabinet-with-wooden-flap-doors-available-in-4-colours-and-3-sizes-bm054-2.html\" \/>\n<meta property=\"og:locale\" content=\"de_DE\" \/>\n<meta property=\"og:type\" content=\"article\" \/>\n<meta property=\"og:title\" content=\"Schuhschrank mit Holzklappt\u00fcren, erh\u00e4ltlich in 4 Farben und 3 Gr\u00f6\u00dfen BM054\" \/>\n<meta property=\"og:description\" content=\"Praktischer Schuhschrank, erh\u00e4ltlich mit 3, 4 oder 5 Klappt\u00fcren. Hergestellt aus Holz in den Farben Wei\u00df, Ulme hell, Zementgrau oder Kiefer hell.\" \/>\n<meta property=\"og:url\" content=\"https:\/\/www.bagnoitalia.com\/de\/produkt\/shoe-cabinet-with-wooden-flap-doors-available-in-4-colours-and-3-sizes-bm054-2.html\" \/>\n<meta property=\"og:site_name\" content=\"Bagno Italia\" \/>\n<meta property=\"article:modified_time\" content=\"2024-05-29T14:06:13+00:00\" \/>\n<meta property=\"og:image\" content=\"https:\/\/img.bagnoitalia.com\/wp-content\/uploads\/virtuemart\/product\/scarpiera-4-colori-3-misure-1.jpg\" \/>\n\t<meta property=\"og:image:width\" content=\"550\" \/>\n\t<meta property=\"og:image:height\" content=\"550\" \/>\n\t<meta property=\"og:image:type\" content=\"image\/jpeg\" \/>\n<meta name=\"twitter:card\" content=\"summary_large_image\" \/>\n<meta name=\"twitter:label1\" content=\"Gesch\u00e4tzte Lesezeit\" \/>\n\t<meta name=\"twitter:data1\" content=\"1\u00a0Minute\" \/>\n<script type=\"application\/ld+json\" class=\"yoast-schema-graph\">{\"@context\":\"https:\/\/schema.org\",\"@graph\":[{\"@type\":\"WebPage\",\"@id\":\"https:\/\/www.bagnoitalia.com\/de\/produkt\/shoe-cabinet-with-wooden-flap-doors-available-in-4-colours-and-3-sizes-bm054-2.html\",\"url\":\"https:\/\/www.bagnoitalia.com\/de\/produkt\/shoe-cabinet-with-wooden-flap-doors-available-in-4-colours-and-3-sizes-bm054-2.html\",\"name\":\"Schuhschrank mit Holzklappt\u00fcren, erh\u00e4ltlich in 4 Farben und 3 Gr\u00f6\u00dfen BM054\",\"isPartOf\":{\"@id\":\"https:\/\/www.bagnoitalia.com\/de#website\"},\"primaryImageOfPage\":{\"@id\":\"https:\/\/www.bagnoitalia.com\/de\/produkt\/shoe-cabinet-with-wooden-flap-doors-available-in-4-colours-and-3-sizes-bm054-2.html#primaryimage\"},\"image\":{\"@id\":\"https:\/\/www.bagnoitalia.com\/de\/produkt\/shoe-cabinet-with-wooden-flap-doors-available-in-4-colours-and-3-sizes-bm054-2.html#primaryimage\"},\"thumbnailUrl\":\"https:\/\/img.bagnoitalia.com\/wp-content\/uploads\/virtuemart\/product\/scarpiera-4-colori-3-misure-1.jpg\",\"datePublished\":\"2024-01-04T14:43:15+00:00\",\"dateModified\":\"2024-05-29T14:06:13+00:00\",\"description\":\"Praktischer Schuhschrank, erh\u00e4ltlich mit 3, 4 oder 5 Klappt\u00fcren. Hergestellt aus Holz in den Farben Wei\u00df, Ulme hell, Zementgrau oder Kiefer hell.\",\"breadcrumb\":{\"@id\":\"https:\/\/www.bagnoitalia.com\/de\/produkt\/shoe-cabinet-with-wooden-flap-doors-available-in-4-colours-and-3-sizes-bm054-2.html#breadcrumb\"},\"inLanguage\":\"de\",\"potentialAction\":[{\"@type\":\"ReadAction\",\"target\":[\"https:\/\/www.bagnoitalia.com\/de\/produkt\/shoe-cabinet-with-wooden-flap-doors-available-in-4-colours-and-3-sizes-bm054-2.html\"]}]},{\"@type\":\"ImageObject\",\"inLanguage\":\"de\",\"@id\":\"https:\/\/www.bagnoitalia.com\/de\/produkt\/shoe-cabinet-with-wooden-flap-doors-available-in-4-colours-and-3-sizes-bm054-2.html#primaryimage\",\"url\":\"https:\/\/img.bagnoitalia.com\/wp-content\/uploads\/virtuemart\/product\/scarpiera-4-colori-3-misure-1.jpg\",\"contentUrl\":\"https:\/\/img.bagnoitalia.com\/wp-content\/uploads\/virtuemart\/product\/scarpiera-4-colori-3-misure-1.jpg\",\"width\":550,\"height\":550},{\"@type\":\"BreadcrumbList\",\"@id\":\"https:\/\/www.bagnoitalia.com\/de\/produkt\/shoe-cabinet-with-wooden-flap-doors-available-in-4-colours-and-3-sizes-bm054-2.html#breadcrumb\",\"itemListElement\":[{\"@type\":\"ListItem\",\"position\":1,\"name\":\"Home\",\"item\":\"https:\/\/www.bagnoitalia.com\/de\"},{\"@type\":\"ListItem\",\"position\":2,\"name\":\"Produkte\",\"item\":\"https:\/\/www.bagnoitalia.com\/de\/shop\"},{\"@type\":\"ListItem\",\"position\":3,\"name\":\"Schuhschrank mit Holzklappt\u00fcren, erh\u00e4ltlich in 4 Farben und 3 Gr\u00f6\u00dfen BM054\"}]},{\"@type\":\"WebSite\",\"@id\":\"https:\/\/www.bagnoitalia.com\/de#website\",\"url\":\"https:\/\/www.bagnoitalia.com\/de\",\"name\":\"Bagno Italia\",\"description\":\"\",\"publisher\":{\"@id\":\"https:\/\/www.bagnoitalia.com\/de#organization\"},\"potentialAction\":[{\"@type\":\"SearchAction\",\"target\":{\"@type\":\"EntryPoint\",\"urlTemplate\":\"https:\/\/www.bagnoitalia.com\/de?s={search_term_string}\"},\"query-input\":{\"@type\":\"PropertyValueSpecification\",\"valueRequired\":true,\"valueName\":\"search_term_string\"}}],\"inLanguage\":\"de\"},{\"@type\":\"Organization\",\"@id\":\"https:\/\/www.bagnoitalia.com\/de#organization\",\"name\":\"Bagno Italia\",\"url\":\"https:\/\/www.bagnoitalia.com\/de\",\"logo\":{\"@type\":\"ImageObject\",\"inLanguage\":\"de\",\"@id\":\"https:\/\/www.bagnoitalia.com\/de#\/schema\/logo\/image\/\",\"url\":\"https:\/\/img.bagnoitalia.com\/wp-content\/uploads\/logo-bagnoitalia.webp\",\"contentUrl\":\"https:\/\/img.bagnoitalia.com\/wp-content\/uploads\/logo-bagnoitalia.webp\",\"width\":400,\"height\":70,\"caption\":\"Bagno Italia\"},\"image\":{\"@id\":\"https:\/\/www.bagnoitalia.com\/de#\/schema\/logo\/image\/\"}}]}<\/script>\n<!-- \/ Yoast SEO plugin. -->","yoast_head_json":{"title":"Schuhschrank mit Holzklappt\u00fcren, erh\u00e4ltlich in 4 Farben und 3 Gr\u00f6\u00dfen BM054","description":"Praktischer Schuhschrank, erh\u00e4ltlich mit 3, 4 oder 5 Klappt\u00fcren. Hergestellt aus Holz in den Farben Wei\u00df, Ulme hell, Zementgrau oder Kiefer hell.","robots":{"index":"index","follow":"follow","max-snippet":"max-snippet:-1","max-image-preview":"max-image-preview:large","max-video-preview":"max-video-preview:-1"},"canonical":"https:\/\/www.bagnoitalia.com\/de\/produkt\/shoe-cabinet-with-wooden-flap-doors-available-in-4-colours-and-3-sizes-bm054-2.html","og_locale":"de_DE","og_type":"article","og_title":"Schuhschrank mit Holzklappt\u00fcren, erh\u00e4ltlich in 4 Farben und 3 Gr\u00f6\u00dfen BM054","og_description":"Praktischer Schuhschrank, erh\u00e4ltlich mit 3, 4 oder 5 Klappt\u00fcren. Hergestellt aus Holz in den Farben Wei\u00df, Ulme hell, Zementgrau oder Kiefer hell.","og_url":"https:\/\/www.bagnoitalia.com\/de\/produkt\/shoe-cabinet-with-wooden-flap-doors-available-in-4-colours-and-3-sizes-bm054-2.html","og_site_name":"Bagno Italia","article_modified_time":"2024-05-29T14:06:13+00:00","og_image":[{"width":550,"height":550,"url":"https:\/\/img.bagnoitalia.com\/wp-content\/uploads\/virtuemart\/product\/scarpiera-4-colori-3-misure-1.jpg","type":"image\/jpeg"}],"twitter_card":"summary_large_image","twitter_misc":{"Gesch\u00e4tzte Lesezeit":"1\u00a0Minute"},"schema":{"@context":"https:\/\/schema.org","@graph":[{"@type":"WebPage","@id":"https:\/\/www.bagnoitalia.com\/de\/produkt\/shoe-cabinet-with-wooden-flap-doors-available-in-4-colours-and-3-sizes-bm054-2.html","url":"https:\/\/www.bagnoitalia.com\/de\/produkt\/shoe-cabinet-with-wooden-flap-doors-available-in-4-colours-and-3-sizes-bm054-2.html","name":"Schuhschrank mit Holzklappt\u00fcren, erh\u00e4ltlich in 4 Farben und 3 Gr\u00f6\u00dfen BM054","isPartOf":{"@id":"https:\/\/www.bagnoitalia.com\/de#website"},"primaryImageOfPage":{"@id":"https:\/\/www.bagnoitalia.com\/de\/produkt\/shoe-cabinet-with-wooden-flap-doors-available-in-4-colours-and-3-sizes-bm054-2.html#primaryimage"},"image":{"@id":"https:\/\/www.bagnoitalia.com\/de\/produkt\/shoe-cabinet-with-wooden-flap-doors-available-in-4-colours-and-3-sizes-bm054-2.html#primaryimage"},"thumbnailUrl":"https:\/\/img.bagnoitalia.com\/wp-content\/uploads\/virtuemart\/product\/scarpiera-4-colori-3-misure-1.jpg","datePublished":"2024-01-04T14:43:15+00:00","dateModified":"2024-05-29T14:06:13+00:00","description":"Praktischer Schuhschrank, erh\u00e4ltlich mit 3, 4 oder 5 Klappt\u00fcren. Hergestellt aus Holz in den Farben Wei\u00df, Ulme hell, Zementgrau oder Kiefer hell.","breadcrumb":{"@id":"https:\/\/www.bagnoitalia.com\/de\/produkt\/shoe-cabinet-with-wooden-flap-doors-available-in-4-colours-and-3-sizes-bm054-2.html#breadcrumb"},"inLanguage":"de","potentialAction":[{"@type":"ReadAction","target":["https:\/\/www.bagnoitalia.com\/de\/produkt\/shoe-cabinet-with-wooden-flap-doors-available-in-4-colours-and-3-sizes-bm054-2.html"]}]},{"@type":"ImageObject","inLanguage":"de","@id":"https:\/\/www.bagnoitalia.com\/de\/produkt\/shoe-cabinet-with-wooden-flap-doors-available-in-4-colours-and-3-sizes-bm054-2.html#primaryimage","url":"https:\/\/img.bagnoitalia.com\/wp-content\/uploads\/virtuemart\/product\/scarpiera-4-colori-3-misure-1.jpg","contentUrl":"https:\/\/img.bagnoitalia.com\/wp-content\/uploads\/virtuemart\/product\/scarpiera-4-colori-3-misure-1.jpg","width":550,"height":550},{"@type":"BreadcrumbList","@id":"https:\/\/www.bagnoitalia.com\/de\/produkt\/shoe-cabinet-with-wooden-flap-doors-available-in-4-colours-and-3-sizes-bm054-2.html#breadcrumb","itemListElement":[{"@type":"ListItem","position":1,"name":"Home","item":"https:\/\/www.bagnoitalia.com\/de"},{"@type":"ListItem","position":2,"name":"Produkte","item":"https:\/\/www.bagnoitalia.com\/de\/shop"},{"@type":"ListItem","position":3,"name":"Schuhschrank mit Holzklappt\u00fcren, erh\u00e4ltlich in 4 Farben und 3 Gr\u00f6\u00dfen BM054"}]},{"@type":"WebSite","@id":"https:\/\/www.bagnoitalia.com\/de#website","url":"https:\/\/www.bagnoitalia.com\/de","name":"Bagno Italia","description":"","publisher":{"@id":"https:\/\/www.bagnoitalia.com\/de#organization"},"potentialAction":[{"@type":"SearchAction","target":{"@type":"EntryPoint","urlTemplate":"https:\/\/www.bagnoitalia.com\/de?s={search_term_string}"},"query-input":{"@type":"PropertyValueSpecification","valueRequired":true,"valueName":"search_term_string"}}],"inLanguage":"de"},{"@type":"Organization","@id":"https:\/\/www.bagnoitalia.com\/de#organization","name":"Bagno Italia","url":"https:\/\/www.bagnoitalia.com\/de","logo":{"@type":"ImageObject","inLanguage":"de","@id":"https:\/\/www.bagnoitalia.com\/de#\/schema\/logo\/image\/","url":"https:\/\/img.bagnoitalia.com\/wp-content\/uploads\/logo-bagnoitalia.webp","contentUrl":"https:\/\/img.bagnoitalia.com\/wp-content\/uploads\/logo-bagnoitalia.webp","width":400,"height":70,"caption":"Bagno Italia"},"image":{"@id":"https:\/\/www.bagnoitalia.com\/de#\/schema\/logo\/image\/"}}]}},"_links":{"self":[{"href":"https:\/\/www.bagnoitalia.com\/de\/wp-json\/wp\/v2\/product\/83738","targetHints":{"allow":["GET"]}}],"collection":[{"href":"https:\/\/www.bagnoitalia.com\/de\/wp-json\/wp\/v2\/product"}],"about":[{"href":"https:\/\/www.bagnoitalia.com\/de\/wp-json\/wp\/v2\/types\/product"}],"replies":[{"embeddable":true,"href":"https:\/\/www.bagnoitalia.com\/de\/wp-json\/wp\/v2\/comments?post=83738"}],"version-history":[{"count":1,"href":"https:\/\/www.bagnoitalia.com\/de\/wp-json\/wp\/v2\/product\/83738\/revisions"}],"predecessor-version":[{"id":88883,"href":"https:\/\/www.bagnoitalia.com\/de\/wp-json\/wp\/v2\/product\/83738\/revisions\/88883"}],"wp:featuredmedia":[{"embeddable":true,"href":"https:\/\/www.bagnoitalia.com\/de\/wp-json\/wp\/v2\/media\/68377"}],"wp:attachment":[{"href":"https:\/\/www.bagnoitalia.com\/de\/wp-json\/wp\/v2\/media?parent=83738"}],"wp:term":[{"taxonomy":"product_brand","embeddable":true,"href":"https:\/\/www.bagnoitalia.com\/de\/wp-json\/wp\/v2\/product_brand?post=83738"},{"taxonomy":"product_cat","embeddable":true,"href":"https:\/\/www.bagnoitalia.com\/de\/wp-json\/wp\/v2\/product_cat?post=83738"},{"taxonomy":"product_tag","embeddable":true,"href":"https:\/\/www.bagnoitalia.com\/de\/wp-json\/wp\/v2\/product_tag?post=83738"}],"curies":[{"name":"wp","href":"https:\/\/api.w.org\/{rel}","templated":true}]}}