{"id":83726,"date":"2023-12-22T15:27:57","date_gmt":"2023-12-22T14:27:57","guid":{"rendered":"https:\/\/www.bagnoitalia.com\/product\/annalisa-dove-grey-outdoor-rocking-bed-with-reclining-backrest-and-canopy-2"},"modified":"2023-12-22T15:27:57","modified_gmt":"2023-12-22T14:27:57","slug":"annalisa-dove-grey-outdoor-rocking-bed-with-reclining-backrest-and-canopy-2","status":"publish","type":"product","link":"https:\/\/www.bagnoitalia.com\/de\/produkt\/annalisa-dove-grey-outdoor-rocking-bed-with-reclining-backrest-and-canopy-2.html","title":{"rendered":"Annalisa taubengraues Outdoor-Schaukelbett mit verstellbarer R\u00fcckenlehne und Baldachin"},"content":{"rendered":"<p>SCHAUKELBETT &#8222;ANNALISA&#8220;<\/p>\n<p>&nbsp;<\/p>\n<p>&nbsp;<\/p>\n<p>HAUPT DETAILS<\/p>\n<p>Schaukelstuhl f\u00fcr drau\u00dfen, Farbe taubengrau<\/p>\n<p>Gesamtabmessungen 190x95xH186cm<\/p>\n<p>Mit Baldachin<\/p>\n<p>Verstellbare R\u00fcckenlehne in Bettstellung<\/p>\n<p>Gestell aus braunem Metall<\/p>\n<p>&nbsp;<\/p>\n<p>&nbsp;<\/p>\n<p>&nbsp;<\/p>\n<p>&nbsp;<\/p>\n<p>&nbsp;<\/p>\n<p>&nbsp;<\/p>\n<p>&nbsp;<\/p>\n<p>&nbsp;<\/p>\n<p>&nbsp;<\/p>\n<p>&nbsp;<\/p>\n<p>&nbsp;<\/p>\n<p>&nbsp;<\/p>\n<p>&nbsp;<\/p>\n<p>&nbsp;<\/p>\n<p>&nbsp;<\/p>\n<p>&nbsp;<\/p>\n<p>&nbsp;<\/p>\n<p>&nbsp;<\/p>\n<p>&nbsp;<\/p>\n<p>&nbsp;<\/p>\n<p>&nbsp;<\/p>\n<p>DO801030<\/p>\n","protected":false},"excerpt":{"rendered":"<p>Schaukelstuhl f\u00fcr drau\u00dfen, komplett mit Baldachin. Sitz mit verstellbarer R\u00fcckenlehne in Schlafposition. Mit stabilem braunem Metallgestell.<\/p>\n","protected":false},"featured_media":68297,"comment_status":"open","ping_status":"closed","template":"","meta":[],"product_brand":[9880],"product_cat":[10116],"product_tag":[],"class_list":{"0":"post-83726","1":"product","2":"type-product","3":"status-publish","4":"has-post-thumbnail","6":"product_brand-vari-produttori-de","7":"product_cat-senza-categoria-de","9":"first","10":"outofstock","11":"taxable","12":"shipping-taxable","13":"purchasable","14":"product-type-simple"},"exclude_global_add_ons":[],"addons":[],"yoast_head":"<!-- This site is optimized with the Yoast SEO plugin v26.7 - https:\/\/yoast.com\/wordpress\/plugins\/seo\/ -->\n<title>Annalisa taubengraues Outdoor-Schaukelbett mit verstellbarer R\u00fcckenlehne und Baldachin<\/title>\n<meta name=\"description\" content=\"Schaukelstuhl f\u00fcr drau\u00dfen, komplett mit Baldachin. Sitz mit verstellbarer R\u00fcckenlehne in Schlafposition. Mit stabilem braunem Metallgestell.\" \/>\n<meta name=\"robots\" content=\"index, follow, max-snippet:-1, max-image-preview:large, max-video-preview:-1\" \/>\n<link rel=\"canonical\" href=\"https:\/\/www.bagnoitalia.com\/de\/produkt\/annalisa-dove-grey-outdoor-rocking-bed-with-reclining-backrest-and-canopy-2.html\" \/>\n<meta property=\"og:locale\" content=\"de_DE\" \/>\n<meta property=\"og:type\" content=\"article\" \/>\n<meta property=\"og:title\" content=\"Annalisa taubengraues Outdoor-Schaukelbett mit verstellbarer R\u00fcckenlehne und Baldachin\" \/>\n<meta property=\"og:description\" content=\"Schaukelstuhl f\u00fcr drau\u00dfen, komplett mit Baldachin. Sitz mit verstellbarer R\u00fcckenlehne in Schlafposition. Mit stabilem braunem Metallgestell.\" \/>\n<meta property=\"og:url\" content=\"https:\/\/www.bagnoitalia.com\/de\/produkt\/annalisa-dove-grey-outdoor-rocking-bed-with-reclining-backrest-and-canopy-2.html\" \/>\n<meta property=\"og:site_name\" content=\"Bagno Italia\" \/>\n<meta property=\"og:image\" content=\"https:\/\/img.bagnoitalia.com\/wp-content\/uploads\/virtuemart\/product\/arredo-per-esterno-dondolo-letto-annalisa-1.jpg\" \/>\n\t<meta property=\"og:image:width\" content=\"550\" \/>\n\t<meta property=\"og:image:height\" content=\"550\" \/>\n\t<meta property=\"og:image:type\" content=\"image\/jpeg\" \/>\n<meta name=\"twitter:card\" content=\"summary_large_image\" \/>\n<script type=\"application\/ld+json\" class=\"yoast-schema-graph\">{\"@context\":\"https:\/\/schema.org\",\"@graph\":[{\"@type\":\"WebPage\",\"@id\":\"https:\/\/www.bagnoitalia.com\/de\/produkt\/annalisa-dove-grey-outdoor-rocking-bed-with-reclining-backrest-and-canopy-2.html\",\"url\":\"https:\/\/www.bagnoitalia.com\/de\/produkt\/annalisa-dove-grey-outdoor-rocking-bed-with-reclining-backrest-and-canopy-2.html\",\"name\":\"Annalisa taubengraues Outdoor-Schaukelbett mit verstellbarer R\u00fcckenlehne und Baldachin\",\"isPartOf\":{\"@id\":\"https:\/\/www.bagnoitalia.com\/de#website\"},\"primaryImageOfPage\":{\"@id\":\"https:\/\/www.bagnoitalia.com\/de\/produkt\/annalisa-dove-grey-outdoor-rocking-bed-with-reclining-backrest-and-canopy-2.html#primaryimage\"},\"image\":{\"@id\":\"https:\/\/www.bagnoitalia.com\/de\/produkt\/annalisa-dove-grey-outdoor-rocking-bed-with-reclining-backrest-and-canopy-2.html#primaryimage\"},\"thumbnailUrl\":\"https:\/\/img.bagnoitalia.com\/wp-content\/uploads\/virtuemart\/product\/arredo-per-esterno-dondolo-letto-annalisa-1.jpg\",\"datePublished\":\"2023-12-22T14:27:57+00:00\",\"description\":\"Schaukelstuhl f\u00fcr drau\u00dfen, komplett mit Baldachin. Sitz mit verstellbarer R\u00fcckenlehne in Schlafposition. Mit stabilem braunem Metallgestell.\",\"breadcrumb\":{\"@id\":\"https:\/\/www.bagnoitalia.com\/de\/produkt\/annalisa-dove-grey-outdoor-rocking-bed-with-reclining-backrest-and-canopy-2.html#breadcrumb\"},\"inLanguage\":\"de\",\"potentialAction\":[{\"@type\":\"ReadAction\",\"target\":[\"https:\/\/www.bagnoitalia.com\/de\/produkt\/annalisa-dove-grey-outdoor-rocking-bed-with-reclining-backrest-and-canopy-2.html\"]}]},{\"@type\":\"ImageObject\",\"inLanguage\":\"de\",\"@id\":\"https:\/\/www.bagnoitalia.com\/de\/produkt\/annalisa-dove-grey-outdoor-rocking-bed-with-reclining-backrest-and-canopy-2.html#primaryimage\",\"url\":\"https:\/\/img.bagnoitalia.com\/wp-content\/uploads\/virtuemart\/product\/arredo-per-esterno-dondolo-letto-annalisa-1.jpg\",\"contentUrl\":\"https:\/\/img.bagnoitalia.com\/wp-content\/uploads\/virtuemart\/product\/arredo-per-esterno-dondolo-letto-annalisa-1.jpg\",\"width\":550,\"height\":550},{\"@type\":\"BreadcrumbList\",\"@id\":\"https:\/\/www.bagnoitalia.com\/de\/produkt\/annalisa-dove-grey-outdoor-rocking-bed-with-reclining-backrest-and-canopy-2.html#breadcrumb\",\"itemListElement\":[{\"@type\":\"ListItem\",\"position\":1,\"name\":\"Home\",\"item\":\"https:\/\/www.bagnoitalia.com\/de\"},{\"@type\":\"ListItem\",\"position\":2,\"name\":\"Produkte\",\"item\":\"https:\/\/www.bagnoitalia.com\/de\/shop\"},{\"@type\":\"ListItem\",\"position\":3,\"name\":\"Annalisa taubengraues Outdoor-Schaukelbett mit verstellbarer R\u00fcckenlehne und Baldachin\"}]},{\"@type\":\"WebSite\",\"@id\":\"https:\/\/www.bagnoitalia.com\/de#website\",\"url\":\"https:\/\/www.bagnoitalia.com\/de\",\"name\":\"Bagno Italia\",\"description\":\"\",\"publisher\":{\"@id\":\"https:\/\/www.bagnoitalia.com\/de#organization\"},\"potentialAction\":[{\"@type\":\"SearchAction\",\"target\":{\"@type\":\"EntryPoint\",\"urlTemplate\":\"https:\/\/www.bagnoitalia.com\/de?s={search_term_string}\"},\"query-input\":{\"@type\":\"PropertyValueSpecification\",\"valueRequired\":true,\"valueName\":\"search_term_string\"}}],\"inLanguage\":\"de\"},{\"@type\":\"Organization\",\"@id\":\"https:\/\/www.bagnoitalia.com\/de#organization\",\"name\":\"Bagno Italia\",\"url\":\"https:\/\/www.bagnoitalia.com\/de\",\"logo\":{\"@type\":\"ImageObject\",\"inLanguage\":\"de\",\"@id\":\"https:\/\/www.bagnoitalia.com\/de#\/schema\/logo\/image\/\",\"url\":\"https:\/\/img.bagnoitalia.com\/wp-content\/uploads\/logo-bagnoitalia.webp\",\"contentUrl\":\"https:\/\/img.bagnoitalia.com\/wp-content\/uploads\/logo-bagnoitalia.webp\",\"width\":400,\"height\":70,\"caption\":\"Bagno Italia\"},\"image\":{\"@id\":\"https:\/\/www.bagnoitalia.com\/de#\/schema\/logo\/image\/\"}}]}<\/script>\n<!-- \/ Yoast SEO plugin. -->","yoast_head_json":{"title":"Annalisa taubengraues Outdoor-Schaukelbett mit verstellbarer R\u00fcckenlehne und Baldachin","description":"Schaukelstuhl f\u00fcr drau\u00dfen, komplett mit Baldachin. Sitz mit verstellbarer R\u00fcckenlehne in Schlafposition. Mit stabilem braunem Metallgestell.","robots":{"index":"index","follow":"follow","max-snippet":"max-snippet:-1","max-image-preview":"max-image-preview:large","max-video-preview":"max-video-preview:-1"},"canonical":"https:\/\/www.bagnoitalia.com\/de\/produkt\/annalisa-dove-grey-outdoor-rocking-bed-with-reclining-backrest-and-canopy-2.html","og_locale":"de_DE","og_type":"article","og_title":"Annalisa taubengraues Outdoor-Schaukelbett mit verstellbarer R\u00fcckenlehne und Baldachin","og_description":"Schaukelstuhl f\u00fcr drau\u00dfen, komplett mit Baldachin. Sitz mit verstellbarer R\u00fcckenlehne in Schlafposition. Mit stabilem braunem Metallgestell.","og_url":"https:\/\/www.bagnoitalia.com\/de\/produkt\/annalisa-dove-grey-outdoor-rocking-bed-with-reclining-backrest-and-canopy-2.html","og_site_name":"Bagno Italia","og_image":[{"width":550,"height":550,"url":"https:\/\/img.bagnoitalia.com\/wp-content\/uploads\/virtuemart\/product\/arredo-per-esterno-dondolo-letto-annalisa-1.jpg","type":"image\/jpeg"}],"twitter_card":"summary_large_image","schema":{"@context":"https:\/\/schema.org","@graph":[{"@type":"WebPage","@id":"https:\/\/www.bagnoitalia.com\/de\/produkt\/annalisa-dove-grey-outdoor-rocking-bed-with-reclining-backrest-and-canopy-2.html","url":"https:\/\/www.bagnoitalia.com\/de\/produkt\/annalisa-dove-grey-outdoor-rocking-bed-with-reclining-backrest-and-canopy-2.html","name":"Annalisa taubengraues Outdoor-Schaukelbett mit verstellbarer R\u00fcckenlehne und Baldachin","isPartOf":{"@id":"https:\/\/www.bagnoitalia.com\/de#website"},"primaryImageOfPage":{"@id":"https:\/\/www.bagnoitalia.com\/de\/produkt\/annalisa-dove-grey-outdoor-rocking-bed-with-reclining-backrest-and-canopy-2.html#primaryimage"},"image":{"@id":"https:\/\/www.bagnoitalia.com\/de\/produkt\/annalisa-dove-grey-outdoor-rocking-bed-with-reclining-backrest-and-canopy-2.html#primaryimage"},"thumbnailUrl":"https:\/\/img.bagnoitalia.com\/wp-content\/uploads\/virtuemart\/product\/arredo-per-esterno-dondolo-letto-annalisa-1.jpg","datePublished":"2023-12-22T14:27:57+00:00","description":"Schaukelstuhl f\u00fcr drau\u00dfen, komplett mit Baldachin. Sitz mit verstellbarer R\u00fcckenlehne in Schlafposition. Mit stabilem braunem Metallgestell.","breadcrumb":{"@id":"https:\/\/www.bagnoitalia.com\/de\/produkt\/annalisa-dove-grey-outdoor-rocking-bed-with-reclining-backrest-and-canopy-2.html#breadcrumb"},"inLanguage":"de","potentialAction":[{"@type":"ReadAction","target":["https:\/\/www.bagnoitalia.com\/de\/produkt\/annalisa-dove-grey-outdoor-rocking-bed-with-reclining-backrest-and-canopy-2.html"]}]},{"@type":"ImageObject","inLanguage":"de","@id":"https:\/\/www.bagnoitalia.com\/de\/produkt\/annalisa-dove-grey-outdoor-rocking-bed-with-reclining-backrest-and-canopy-2.html#primaryimage","url":"https:\/\/img.bagnoitalia.com\/wp-content\/uploads\/virtuemart\/product\/arredo-per-esterno-dondolo-letto-annalisa-1.jpg","contentUrl":"https:\/\/img.bagnoitalia.com\/wp-content\/uploads\/virtuemart\/product\/arredo-per-esterno-dondolo-letto-annalisa-1.jpg","width":550,"height":550},{"@type":"BreadcrumbList","@id":"https:\/\/www.bagnoitalia.com\/de\/produkt\/annalisa-dove-grey-outdoor-rocking-bed-with-reclining-backrest-and-canopy-2.html#breadcrumb","itemListElement":[{"@type":"ListItem","position":1,"name":"Home","item":"https:\/\/www.bagnoitalia.com\/de"},{"@type":"ListItem","position":2,"name":"Produkte","item":"https:\/\/www.bagnoitalia.com\/de\/shop"},{"@type":"ListItem","position":3,"name":"Annalisa taubengraues Outdoor-Schaukelbett mit verstellbarer R\u00fcckenlehne und Baldachin"}]},{"@type":"WebSite","@id":"https:\/\/www.bagnoitalia.com\/de#website","url":"https:\/\/www.bagnoitalia.com\/de","name":"Bagno Italia","description":"","publisher":{"@id":"https:\/\/www.bagnoitalia.com\/de#organization"},"potentialAction":[{"@type":"SearchAction","target":{"@type":"EntryPoint","urlTemplate":"https:\/\/www.bagnoitalia.com\/de?s={search_term_string}"},"query-input":{"@type":"PropertyValueSpecification","valueRequired":true,"valueName":"search_term_string"}}],"inLanguage":"de"},{"@type":"Organization","@id":"https:\/\/www.bagnoitalia.com\/de#organization","name":"Bagno Italia","url":"https:\/\/www.bagnoitalia.com\/de","logo":{"@type":"ImageObject","inLanguage":"de","@id":"https:\/\/www.bagnoitalia.com\/de#\/schema\/logo\/image\/","url":"https:\/\/img.bagnoitalia.com\/wp-content\/uploads\/logo-bagnoitalia.webp","contentUrl":"https:\/\/img.bagnoitalia.com\/wp-content\/uploads\/logo-bagnoitalia.webp","width":400,"height":70,"caption":"Bagno Italia"},"image":{"@id":"https:\/\/www.bagnoitalia.com\/de#\/schema\/logo\/image\/"}}]}},"_links":{"self":[{"href":"https:\/\/www.bagnoitalia.com\/de\/wp-json\/wp\/v2\/product\/83726","targetHints":{"allow":["GET"]}}],"collection":[{"href":"https:\/\/www.bagnoitalia.com\/de\/wp-json\/wp\/v2\/product"}],"about":[{"href":"https:\/\/www.bagnoitalia.com\/de\/wp-json\/wp\/v2\/types\/product"}],"replies":[{"embeddable":true,"href":"https:\/\/www.bagnoitalia.com\/de\/wp-json\/wp\/v2\/comments?post=83726"}],"version-history":[{"count":0,"href":"https:\/\/www.bagnoitalia.com\/de\/wp-json\/wp\/v2\/product\/83726\/revisions"}],"wp:featuredmedia":[{"embeddable":true,"href":"https:\/\/www.bagnoitalia.com\/de\/wp-json\/wp\/v2\/media\/68297"}],"wp:attachment":[{"href":"https:\/\/www.bagnoitalia.com\/de\/wp-json\/wp\/v2\/media?parent=83726"}],"wp:term":[{"taxonomy":"product_brand","embeddable":true,"href":"https:\/\/www.bagnoitalia.com\/de\/wp-json\/wp\/v2\/product_brand?post=83726"},{"taxonomy":"product_cat","embeddable":true,"href":"https:\/\/www.bagnoitalia.com\/de\/wp-json\/wp\/v2\/product_cat?post=83726"},{"taxonomy":"product_tag","embeddable":true,"href":"https:\/\/www.bagnoitalia.com\/de\/wp-json\/wp\/v2\/product_tag?post=83726"}],"curies":[{"name":"wp","href":"https:\/\/api.w.org\/{rel}","templated":true}]}}