{"id":83718,"date":"2023-12-21T15:44:22","date_gmt":"2023-12-21T14:44:22","guid":{"rendered":"https:\/\/www.bagnoitalia.com\/product\/pergola-gazebo-350x250-or-300x400-cm-with-ivory-canvas-and-anthracite-frame-gz09-2"},"modified":"2025-09-22T11:12:36","modified_gmt":"2025-09-22T09:12:36","slug":"pergola-gazebo-350x250-or-300x400-cm-with-ivory-canvas-and-anthracite-frame-gz09-2","status":"publish","type":"product","link":"https:\/\/www.bagnoitalia.com\/de\/produkt\/pergola-gazebo-350x250-or-300x400-cm-with-ivory-canvas-and-anthracite-frame-gz09-2.html","title":{"rendered":"Pergola-Pavillon 350&#215;250 oder 300&#215;400 cm mit elfenbeinfarbenem Segeltuch und anthrazitfarbenem Rahmen GZ09"},"content":{"rendered":"<p>PERGOLA GAZEBO Modell GZ09<\/p>\n<p>&nbsp;<\/p>\n<p>&nbsp;<\/p>\n<p>PRODUKTABMESSUNGEN<\/p>\n<p>Rechteckiger Pavillon, erh\u00e4ltlich in zwei Gr\u00f6\u00dfen<\/p>\n<p>350&#215;250 cm<br \/>\n300&#215;400 cm<\/p>\n<p>W\u00e4hlen Sie die gew\u00fcnschte Gr\u00f6\u00dfe aus dem Dropdown-Men\u00fc<\/p>\n<p>Gesamth\u00f6he 230 cm<\/p>\n<p>Beine 5&#215;5 cm<\/p>\n<p>Vordere Beinh\u00f6he 210cm<\/p>\n<p>PRODUKT-DETAILS<\/p>\n<p>Gazebo f\u00fcr die Montage an der Wand<\/p>\n<p>Mit vorderen St\u00fctzbeinen<\/p>\n<p>Metallrahmen mit anthrazitfarbener Oberfl\u00e4che<\/p>\n<p>Segeltuch aus 180g Polyester in Elfenbeinfarbe<\/p>\n<p>&nbsp;<\/p>\n<p>&nbsp;<\/p>\n<p>&nbsp;<\/p>\n<p>&nbsp;<\/p>\n<p>&nbsp;<\/p>\n<p>&nbsp;<\/p>\n<p>&nbsp;<\/p>\n<p>&nbsp;<\/p>\n<p>&nbsp;<\/p>\n<p>&nbsp;<\/p>\n<p>&nbsp;<\/p>\n<p>&nbsp;<\/p>\n<p>&nbsp;<\/p>\n<p>&nbsp;<\/p>\n<p>&nbsp;<\/p>\n<p>&nbsp;<\/p>\n<p>&nbsp;<\/p>\n<p>&nbsp;<\/p>\n<p>GA802092<br \/>\nGA802083<\/p>\n<p>&nbsp;<\/p>\n","protected":false},"excerpt":{"rendered":"<p>Pavillon f\u00fcr die Aufstellung an der Wand, mit vorderen St\u00fctzf\u00fc\u00dfen. Besteht aus einer elfenbeinfarbenen Polyesterplane und einem anthrazitfarbenen Metallrahmen. Erh\u00e4ltlich in zwei Gr\u00f6\u00dfen<\/p>\n","protected":false},"featured_media":68242,"comment_status":"open","ping_status":"closed","template":"","meta":[],"product_brand":[9880],"product_cat":[10010,9784],"product_tag":[],"class_list":{"0":"post-83718","1":"product","2":"type-product","3":"status-publish","4":"has-post-thumbnail","6":"product_brand-vari-produttori-de","7":"product_cat-gazebos-de","8":"product_cat-gartenmobel","10":"first","11":"instock","12":"sale","13":"taxable","14":"shipping-taxable","15":"purchasable","16":"product-type-simple"},"exclude_global_add_ons":false,"addons":[{"name":"Ma\u00dfe","type":"multiple_choice","position":0,"required":true,"title_format":"heading","default":"","description_enable":false,"description":"","placeholder_enable":false,"placeholder":"","display":"select","restrictions_type":"any_text","adjust_price":false,"price":"","price_type":"flat_fee","restrictions":false,"min":"0","max":"0","options":[{"label":"(verf\u00fcgbar f\u00fcr 30.04.26) 300x400 cm","price":"","price_type":"quantity_based","image":0,"visibility":true},{"label":"(verf\u00fcgbar f\u00fcr 30.04.26) 350x250 cm","price":"","price_type":"quantity_based","image":0,"visibility":true}],"id":1715945517}],"yoast_head":"<!-- This site is optimized with the Yoast SEO plugin v26.7 - https:\/\/yoast.com\/wordpress\/plugins\/seo\/ -->\n<title>Pergola-Pavillon 350x250 oder 300x400 cm mit elfenbeinfarbenem Segeltuch und anthrazitfarbenem Rahmen GZ09<\/title>\n<meta name=\"description\" content=\"Pavillon f\u00fcr die Aufstellung an der Wand, mit vorderen St\u00fctzf\u00fc\u00dfen. Besteht aus einer elfenbeinfarbenen Polyesterplane und einem anthrazitfarbenen Metallrahmen. Erh\u00e4ltlich in zwei Gr\u00f6\u00dfen\" \/>\n<meta name=\"robots\" content=\"index, follow, max-snippet:-1, max-image-preview:large, max-video-preview:-1\" \/>\n<link rel=\"canonical\" href=\"https:\/\/www.bagnoitalia.com\/de\/produkt\/pergola-gazebo-350x250-or-300x400-cm-with-ivory-canvas-and-anthracite-frame-gz09-2.html\" \/>\n<meta property=\"og:locale\" content=\"de_DE\" \/>\n<meta property=\"og:type\" content=\"article\" \/>\n<meta property=\"og:title\" content=\"Pergola-Pavillon 350x250 oder 300x400 cm mit elfenbeinfarbenem Segeltuch und anthrazitfarbenem Rahmen GZ09\" \/>\n<meta property=\"og:description\" content=\"Pavillon f\u00fcr die Aufstellung an der Wand, mit vorderen St\u00fctzf\u00fc\u00dfen. Besteht aus einer elfenbeinfarbenen Polyesterplane und einem anthrazitfarbenen Metallrahmen. Erh\u00e4ltlich in zwei Gr\u00f6\u00dfen\" \/>\n<meta property=\"og:url\" content=\"https:\/\/www.bagnoitalia.com\/de\/produkt\/pergola-gazebo-350x250-or-300x400-cm-with-ivory-canvas-and-anthracite-frame-gz09-2.html\" \/>\n<meta property=\"og:site_name\" content=\"Bagno Italia\" \/>\n<meta property=\"article:modified_time\" content=\"2025-09-22T09:12:36+00:00\" \/>\n<meta property=\"og:image\" content=\"https:\/\/img.bagnoitalia.com\/wp-content\/uploads\/virtuemart\/product\/gazebo-pergola-350x250-cm-dettagli-1.jpg\" \/>\n\t<meta property=\"og:image:width\" content=\"550\" \/>\n\t<meta property=\"og:image:height\" content=\"550\" \/>\n\t<meta property=\"og:image:type\" content=\"image\/jpeg\" \/>\n<meta name=\"twitter:card\" content=\"summary_large_image\" \/>\n<meta name=\"twitter:label1\" content=\"Gesch\u00e4tzte Lesezeit\" \/>\n\t<meta name=\"twitter:data1\" content=\"1\u00a0Minute\" \/>\n<script type=\"application\/ld+json\" class=\"yoast-schema-graph\">{\"@context\":\"https:\/\/schema.org\",\"@graph\":[{\"@type\":\"WebPage\",\"@id\":\"https:\/\/www.bagnoitalia.com\/de\/produkt\/pergola-gazebo-350x250-or-300x400-cm-with-ivory-canvas-and-anthracite-frame-gz09-2.html\",\"url\":\"https:\/\/www.bagnoitalia.com\/de\/produkt\/pergola-gazebo-350x250-or-300x400-cm-with-ivory-canvas-and-anthracite-frame-gz09-2.html\",\"name\":\"Pergola-Pavillon 350x250 oder 300x400 cm mit elfenbeinfarbenem Segeltuch und anthrazitfarbenem Rahmen GZ09\",\"isPartOf\":{\"@id\":\"https:\/\/www.bagnoitalia.com\/de#website\"},\"primaryImageOfPage\":{\"@id\":\"https:\/\/www.bagnoitalia.com\/de\/produkt\/pergola-gazebo-350x250-or-300x400-cm-with-ivory-canvas-and-anthracite-frame-gz09-2.html#primaryimage\"},\"image\":{\"@id\":\"https:\/\/www.bagnoitalia.com\/de\/produkt\/pergola-gazebo-350x250-or-300x400-cm-with-ivory-canvas-and-anthracite-frame-gz09-2.html#primaryimage\"},\"thumbnailUrl\":\"https:\/\/img.bagnoitalia.com\/wp-content\/uploads\/virtuemart\/product\/gazebo-pergola-350x250-cm-dettagli-1.jpg\",\"datePublished\":\"2023-12-21T14:44:22+00:00\",\"dateModified\":\"2025-09-22T09:12:36+00:00\",\"description\":\"Pavillon f\u00fcr die Aufstellung an der Wand, mit vorderen St\u00fctzf\u00fc\u00dfen. Besteht aus einer elfenbeinfarbenen Polyesterplane und einem anthrazitfarbenen Metallrahmen. Erh\u00e4ltlich in zwei Gr\u00f6\u00dfen\",\"breadcrumb\":{\"@id\":\"https:\/\/www.bagnoitalia.com\/de\/produkt\/pergola-gazebo-350x250-or-300x400-cm-with-ivory-canvas-and-anthracite-frame-gz09-2.html#breadcrumb\"},\"inLanguage\":\"de\",\"potentialAction\":[{\"@type\":\"ReadAction\",\"target\":[\"https:\/\/www.bagnoitalia.com\/de\/produkt\/pergola-gazebo-350x250-or-300x400-cm-with-ivory-canvas-and-anthracite-frame-gz09-2.html\"]}]},{\"@type\":\"ImageObject\",\"inLanguage\":\"de\",\"@id\":\"https:\/\/www.bagnoitalia.com\/de\/produkt\/pergola-gazebo-350x250-or-300x400-cm-with-ivory-canvas-and-anthracite-frame-gz09-2.html#primaryimage\",\"url\":\"https:\/\/img.bagnoitalia.com\/wp-content\/uploads\/virtuemart\/product\/gazebo-pergola-350x250-cm-dettagli-1.jpg\",\"contentUrl\":\"https:\/\/img.bagnoitalia.com\/wp-content\/uploads\/virtuemart\/product\/gazebo-pergola-350x250-cm-dettagli-1.jpg\",\"width\":550,\"height\":550},{\"@type\":\"BreadcrumbList\",\"@id\":\"https:\/\/www.bagnoitalia.com\/de\/produkt\/pergola-gazebo-350x250-or-300x400-cm-with-ivory-canvas-and-anthracite-frame-gz09-2.html#breadcrumb\",\"itemListElement\":[{\"@type\":\"ListItem\",\"position\":1,\"name\":\"Home\",\"item\":\"https:\/\/www.bagnoitalia.com\/de\"},{\"@type\":\"ListItem\",\"position\":2,\"name\":\"Produkte\",\"item\":\"https:\/\/www.bagnoitalia.com\/de\/shop\"},{\"@type\":\"ListItem\",\"position\":3,\"name\":\"Pergola-Pavillon 350&#215;250 oder 300&#215;400 cm mit elfenbeinfarbenem Segeltuch und anthrazitfarbenem Rahmen GZ09\"}]},{\"@type\":\"WebSite\",\"@id\":\"https:\/\/www.bagnoitalia.com\/de#website\",\"url\":\"https:\/\/www.bagnoitalia.com\/de\",\"name\":\"Bagno Italia\",\"description\":\"\",\"publisher\":{\"@id\":\"https:\/\/www.bagnoitalia.com\/de#organization\"},\"potentialAction\":[{\"@type\":\"SearchAction\",\"target\":{\"@type\":\"EntryPoint\",\"urlTemplate\":\"https:\/\/www.bagnoitalia.com\/de?s={search_term_string}\"},\"query-input\":{\"@type\":\"PropertyValueSpecification\",\"valueRequired\":true,\"valueName\":\"search_term_string\"}}],\"inLanguage\":\"de\"},{\"@type\":\"Organization\",\"@id\":\"https:\/\/www.bagnoitalia.com\/de#organization\",\"name\":\"Bagno Italia\",\"url\":\"https:\/\/www.bagnoitalia.com\/de\",\"logo\":{\"@type\":\"ImageObject\",\"inLanguage\":\"de\",\"@id\":\"https:\/\/www.bagnoitalia.com\/de#\/schema\/logo\/image\/\",\"url\":\"https:\/\/img.bagnoitalia.com\/wp-content\/uploads\/logo-bagnoitalia.webp\",\"contentUrl\":\"https:\/\/img.bagnoitalia.com\/wp-content\/uploads\/logo-bagnoitalia.webp\",\"width\":400,\"height\":70,\"caption\":\"Bagno Italia\"},\"image\":{\"@id\":\"https:\/\/www.bagnoitalia.com\/de#\/schema\/logo\/image\/\"}}]}<\/script>\n<!-- \/ Yoast SEO plugin. -->","yoast_head_json":{"title":"Pergola-Pavillon 350x250 oder 300x400 cm mit elfenbeinfarbenem Segeltuch und anthrazitfarbenem Rahmen GZ09","description":"Pavillon f\u00fcr die Aufstellung an der Wand, mit vorderen St\u00fctzf\u00fc\u00dfen. Besteht aus einer elfenbeinfarbenen Polyesterplane und einem anthrazitfarbenen Metallrahmen. Erh\u00e4ltlich in zwei Gr\u00f6\u00dfen","robots":{"index":"index","follow":"follow","max-snippet":"max-snippet:-1","max-image-preview":"max-image-preview:large","max-video-preview":"max-video-preview:-1"},"canonical":"https:\/\/www.bagnoitalia.com\/de\/produkt\/pergola-gazebo-350x250-or-300x400-cm-with-ivory-canvas-and-anthracite-frame-gz09-2.html","og_locale":"de_DE","og_type":"article","og_title":"Pergola-Pavillon 350x250 oder 300x400 cm mit elfenbeinfarbenem Segeltuch und anthrazitfarbenem Rahmen GZ09","og_description":"Pavillon f\u00fcr die Aufstellung an der Wand, mit vorderen St\u00fctzf\u00fc\u00dfen. Besteht aus einer elfenbeinfarbenen Polyesterplane und einem anthrazitfarbenen Metallrahmen. Erh\u00e4ltlich in zwei Gr\u00f6\u00dfen","og_url":"https:\/\/www.bagnoitalia.com\/de\/produkt\/pergola-gazebo-350x250-or-300x400-cm-with-ivory-canvas-and-anthracite-frame-gz09-2.html","og_site_name":"Bagno Italia","article_modified_time":"2025-09-22T09:12:36+00:00","og_image":[{"width":550,"height":550,"url":"https:\/\/img.bagnoitalia.com\/wp-content\/uploads\/virtuemart\/product\/gazebo-pergola-350x250-cm-dettagli-1.jpg","type":"image\/jpeg"}],"twitter_card":"summary_large_image","twitter_misc":{"Gesch\u00e4tzte Lesezeit":"1\u00a0Minute"},"schema":{"@context":"https:\/\/schema.org","@graph":[{"@type":"WebPage","@id":"https:\/\/www.bagnoitalia.com\/de\/produkt\/pergola-gazebo-350x250-or-300x400-cm-with-ivory-canvas-and-anthracite-frame-gz09-2.html","url":"https:\/\/www.bagnoitalia.com\/de\/produkt\/pergola-gazebo-350x250-or-300x400-cm-with-ivory-canvas-and-anthracite-frame-gz09-2.html","name":"Pergola-Pavillon 350x250 oder 300x400 cm mit elfenbeinfarbenem Segeltuch und anthrazitfarbenem Rahmen GZ09","isPartOf":{"@id":"https:\/\/www.bagnoitalia.com\/de#website"},"primaryImageOfPage":{"@id":"https:\/\/www.bagnoitalia.com\/de\/produkt\/pergola-gazebo-350x250-or-300x400-cm-with-ivory-canvas-and-anthracite-frame-gz09-2.html#primaryimage"},"image":{"@id":"https:\/\/www.bagnoitalia.com\/de\/produkt\/pergola-gazebo-350x250-or-300x400-cm-with-ivory-canvas-and-anthracite-frame-gz09-2.html#primaryimage"},"thumbnailUrl":"https:\/\/img.bagnoitalia.com\/wp-content\/uploads\/virtuemart\/product\/gazebo-pergola-350x250-cm-dettagli-1.jpg","datePublished":"2023-12-21T14:44:22+00:00","dateModified":"2025-09-22T09:12:36+00:00","description":"Pavillon f\u00fcr die Aufstellung an der Wand, mit vorderen St\u00fctzf\u00fc\u00dfen. Besteht aus einer elfenbeinfarbenen Polyesterplane und einem anthrazitfarbenen Metallrahmen. Erh\u00e4ltlich in zwei Gr\u00f6\u00dfen","breadcrumb":{"@id":"https:\/\/www.bagnoitalia.com\/de\/produkt\/pergola-gazebo-350x250-or-300x400-cm-with-ivory-canvas-and-anthracite-frame-gz09-2.html#breadcrumb"},"inLanguage":"de","potentialAction":[{"@type":"ReadAction","target":["https:\/\/www.bagnoitalia.com\/de\/produkt\/pergola-gazebo-350x250-or-300x400-cm-with-ivory-canvas-and-anthracite-frame-gz09-2.html"]}]},{"@type":"ImageObject","inLanguage":"de","@id":"https:\/\/www.bagnoitalia.com\/de\/produkt\/pergola-gazebo-350x250-or-300x400-cm-with-ivory-canvas-and-anthracite-frame-gz09-2.html#primaryimage","url":"https:\/\/img.bagnoitalia.com\/wp-content\/uploads\/virtuemart\/product\/gazebo-pergola-350x250-cm-dettagli-1.jpg","contentUrl":"https:\/\/img.bagnoitalia.com\/wp-content\/uploads\/virtuemart\/product\/gazebo-pergola-350x250-cm-dettagli-1.jpg","width":550,"height":550},{"@type":"BreadcrumbList","@id":"https:\/\/www.bagnoitalia.com\/de\/produkt\/pergola-gazebo-350x250-or-300x400-cm-with-ivory-canvas-and-anthracite-frame-gz09-2.html#breadcrumb","itemListElement":[{"@type":"ListItem","position":1,"name":"Home","item":"https:\/\/www.bagnoitalia.com\/de"},{"@type":"ListItem","position":2,"name":"Produkte","item":"https:\/\/www.bagnoitalia.com\/de\/shop"},{"@type":"ListItem","position":3,"name":"Pergola-Pavillon 350&#215;250 oder 300&#215;400 cm mit elfenbeinfarbenem Segeltuch und anthrazitfarbenem Rahmen GZ09"}]},{"@type":"WebSite","@id":"https:\/\/www.bagnoitalia.com\/de#website","url":"https:\/\/www.bagnoitalia.com\/de","name":"Bagno Italia","description":"","publisher":{"@id":"https:\/\/www.bagnoitalia.com\/de#organization"},"potentialAction":[{"@type":"SearchAction","target":{"@type":"EntryPoint","urlTemplate":"https:\/\/www.bagnoitalia.com\/de?s={search_term_string}"},"query-input":{"@type":"PropertyValueSpecification","valueRequired":true,"valueName":"search_term_string"}}],"inLanguage":"de"},{"@type":"Organization","@id":"https:\/\/www.bagnoitalia.com\/de#organization","name":"Bagno Italia","url":"https:\/\/www.bagnoitalia.com\/de","logo":{"@type":"ImageObject","inLanguage":"de","@id":"https:\/\/www.bagnoitalia.com\/de#\/schema\/logo\/image\/","url":"https:\/\/img.bagnoitalia.com\/wp-content\/uploads\/logo-bagnoitalia.webp","contentUrl":"https:\/\/img.bagnoitalia.com\/wp-content\/uploads\/logo-bagnoitalia.webp","width":400,"height":70,"caption":"Bagno Italia"},"image":{"@id":"https:\/\/www.bagnoitalia.com\/de#\/schema\/logo\/image\/"}}]}},"_links":{"self":[{"href":"https:\/\/www.bagnoitalia.com\/de\/wp-json\/wp\/v2\/product\/83718","targetHints":{"allow":["GET"]}}],"collection":[{"href":"https:\/\/www.bagnoitalia.com\/de\/wp-json\/wp\/v2\/product"}],"about":[{"href":"https:\/\/www.bagnoitalia.com\/de\/wp-json\/wp\/v2\/types\/product"}],"replies":[{"embeddable":true,"href":"https:\/\/www.bagnoitalia.com\/de\/wp-json\/wp\/v2\/comments?post=83718"}],"version-history":[{"count":1,"href":"https:\/\/www.bagnoitalia.com\/de\/wp-json\/wp\/v2\/product\/83718\/revisions"}],"predecessor-version":[{"id":86723,"href":"https:\/\/www.bagnoitalia.com\/de\/wp-json\/wp\/v2\/product\/83718\/revisions\/86723"}],"wp:featuredmedia":[{"embeddable":true,"href":"https:\/\/www.bagnoitalia.com\/de\/wp-json\/wp\/v2\/media\/68242"}],"wp:attachment":[{"href":"https:\/\/www.bagnoitalia.com\/de\/wp-json\/wp\/v2\/media?parent=83718"}],"wp:term":[{"taxonomy":"product_brand","embeddable":true,"href":"https:\/\/www.bagnoitalia.com\/de\/wp-json\/wp\/v2\/product_brand?post=83718"},{"taxonomy":"product_cat","embeddable":true,"href":"https:\/\/www.bagnoitalia.com\/de\/wp-json\/wp\/v2\/product_cat?post=83718"},{"taxonomy":"product_tag","embeddable":true,"href":"https:\/\/www.bagnoitalia.com\/de\/wp-json\/wp\/v2\/product_tag?post=83718"}],"curies":[{"name":"wp","href":"https:\/\/api.w.org\/{rel}","templated":true}]}}