{"id":83710,"date":"2023-12-21T15:10:30","date_gmt":"2023-12-21T14:10:30","guid":{"rendered":"https:\/\/www.bagnoitalia.com\/product\/outdoor-sun-lounger-190-cm-white-with-wheels-ch03-2"},"modified":"2023-12-21T15:10:30","modified_gmt":"2023-12-21T14:10:30","slug":"outdoor-sun-lounger-190-cm-white-with-wheels-ch03-2","status":"publish","type":"product","link":"https:\/\/www.bagnoitalia.com\/de\/produkt\/outdoor-sun-lounger-190-cm-white-with-wheels-ch03-2.html","title":{"rendered":"Outdoor-Sonnenliege 190 cm wei\u00df mit R\u00e4dern CH03"},"content":{"rendered":"<p>SONNENLIEGE MIT R\u00c4DERN<\/p>\n<p>Modell CH03<\/p>\n<p>&nbsp;<\/p>\n<p>&nbsp;<\/p>\n<p>HAUPTEIGENSCHAFTEN<\/p>\n<p>Sonnenliege aus wei\u00dfem Polycarbonat und Polypropylen<\/p>\n<p>Wei\u00dfe Farbe<\/p>\n<p>Geeignet f\u00fcr den Einsatz im Freien, auch am Pool<\/p>\n<p>Mit R\u00e4dern f\u00fcr einfache Bewegung<\/p>\n<p>Abmessungen: 190xD71xH46 cm<\/p>\n<p>&nbsp;<\/p>\n<p>&nbsp;<\/p>\n<p>&nbsp;<\/p>\n<p>&nbsp;<\/p>\n<p>&nbsp;<\/p>\n<p>&nbsp;<\/p>\n<p>&nbsp;<\/p>\n<p>&nbsp;<\/p>\n<p>&nbsp;<\/p>\n<p>&nbsp;<\/p>\n<p>&nbsp;<\/p>\n<p>&nbsp;<\/p>\n<p>&nbsp;<\/p>\n<p>&nbsp;<\/p>\n<p>&nbsp;<\/p>\n<p>&nbsp;<\/p>\n<p>&nbsp;<\/p>\n<p>BC807976-BIAN<\/p>\n","protected":false},"excerpt":{"rendered":"<p>Bequeme Sonnenliege f\u00fcr alle Au\u00dfenbereiche, wie G\u00e4rten oder Pools. Hergestellt aus wei\u00dfem Polypropylen. Inklusive R\u00e4der f\u00fcr einfache Bewegung.<\/p>\n","protected":false},"featured_media":68189,"comment_status":"open","ping_status":"closed","template":"","meta":[],"product_brand":[5004],"product_cat":[10013,9784],"product_tag":[],"class_list":{"0":"post-83710","1":"product","2":"type-product","3":"status-publish","4":"has-post-thumbnail","6":"product_brand-vari-produttori","7":"product_cat-outdoor-sofas-de","8":"product_cat-gartenmobel","10":"first","11":"instock","12":"sale","13":"taxable","14":"shipping-taxable","15":"purchasable","16":"product-type-simple"},"exclude_global_add_ons":[],"addons":[],"yoast_head":"<!-- This site is optimized with the Yoast SEO plugin v26.7 - https:\/\/yoast.com\/wordpress\/plugins\/seo\/ -->\n<title>Outdoor-Sonnenliege 190 cm wei\u00df mit R\u00e4dern CH03<\/title>\n<meta name=\"description\" content=\"Bequeme Sonnenliege f\u00fcr alle Au\u00dfenbereiche, wie G\u00e4rten oder Pools. Hergestellt aus wei\u00dfem Polypropylen. Inklusive R\u00e4der f\u00fcr einfache Bewegung.\" \/>\n<meta name=\"robots\" content=\"index, follow, max-snippet:-1, max-image-preview:large, max-video-preview:-1\" \/>\n<link rel=\"canonical\" href=\"https:\/\/www.bagnoitalia.com\/de\/produkt\/outdoor-sun-lounger-190-cm-white-with-wheels-ch03-2.html\" \/>\n<meta property=\"og:locale\" content=\"de_DE\" \/>\n<meta property=\"og:type\" content=\"article\" \/>\n<meta property=\"og:title\" content=\"Outdoor-Sonnenliege 190 cm wei\u00df mit R\u00e4dern CH03\" \/>\n<meta property=\"og:description\" content=\"Bequeme Sonnenliege f\u00fcr alle Au\u00dfenbereiche, wie G\u00e4rten oder Pools. Hergestellt aus wei\u00dfem Polypropylen. Inklusive R\u00e4der f\u00fcr einfache Bewegung.\" \/>\n<meta property=\"og:url\" content=\"https:\/\/www.bagnoitalia.com\/de\/produkt\/outdoor-sun-lounger-190-cm-white-with-wheels-ch03-2.html\" \/>\n<meta property=\"og:site_name\" content=\"Bagno Italia\" \/>\n<meta property=\"og:image\" content=\"https:\/\/img.bagnoitalia.com\/wp-content\/uploads\/virtuemart\/product\/Sdraio-da-esterno-lettino-prendisole-ch03-giardino-1.jpg\" \/>\n\t<meta property=\"og:image:width\" content=\"550\" \/>\n\t<meta property=\"og:image:height\" content=\"550\" \/>\n\t<meta property=\"og:image:type\" content=\"image\/jpeg\" \/>\n<meta name=\"twitter:card\" content=\"summary_large_image\" \/>\n<script type=\"application\/ld+json\" class=\"yoast-schema-graph\">{\"@context\":\"https:\/\/schema.org\",\"@graph\":[{\"@type\":\"WebPage\",\"@id\":\"https:\/\/www.bagnoitalia.com\/de\/produkt\/outdoor-sun-lounger-190-cm-white-with-wheels-ch03-2.html\",\"url\":\"https:\/\/www.bagnoitalia.com\/de\/produkt\/outdoor-sun-lounger-190-cm-white-with-wheels-ch03-2.html\",\"name\":\"Outdoor-Sonnenliege 190 cm wei\u00df mit R\u00e4dern CH03\",\"isPartOf\":{\"@id\":\"https:\/\/www.bagnoitalia.com\/de#website\"},\"primaryImageOfPage\":{\"@id\":\"https:\/\/www.bagnoitalia.com\/de\/produkt\/outdoor-sun-lounger-190-cm-white-with-wheels-ch03-2.html#primaryimage\"},\"image\":{\"@id\":\"https:\/\/www.bagnoitalia.com\/de\/produkt\/outdoor-sun-lounger-190-cm-white-with-wheels-ch03-2.html#primaryimage\"},\"thumbnailUrl\":\"https:\/\/img.bagnoitalia.com\/wp-content\/uploads\/virtuemart\/product\/Sdraio-da-esterno-lettino-prendisole-ch03-giardino-1.jpg\",\"datePublished\":\"2023-12-21T14:10:30+00:00\",\"description\":\"Bequeme Sonnenliege f\u00fcr alle Au\u00dfenbereiche, wie G\u00e4rten oder Pools. Hergestellt aus wei\u00dfem Polypropylen. Inklusive R\u00e4der f\u00fcr einfache Bewegung.\",\"breadcrumb\":{\"@id\":\"https:\/\/www.bagnoitalia.com\/de\/produkt\/outdoor-sun-lounger-190-cm-white-with-wheels-ch03-2.html#breadcrumb\"},\"inLanguage\":\"de\",\"potentialAction\":[{\"@type\":\"ReadAction\",\"target\":[\"https:\/\/www.bagnoitalia.com\/de\/produkt\/outdoor-sun-lounger-190-cm-white-with-wheels-ch03-2.html\"]}]},{\"@type\":\"ImageObject\",\"inLanguage\":\"de\",\"@id\":\"https:\/\/www.bagnoitalia.com\/de\/produkt\/outdoor-sun-lounger-190-cm-white-with-wheels-ch03-2.html#primaryimage\",\"url\":\"https:\/\/img.bagnoitalia.com\/wp-content\/uploads\/virtuemart\/product\/Sdraio-da-esterno-lettino-prendisole-ch03-giardino-1.jpg\",\"contentUrl\":\"https:\/\/img.bagnoitalia.com\/wp-content\/uploads\/virtuemart\/product\/Sdraio-da-esterno-lettino-prendisole-ch03-giardino-1.jpg\",\"width\":550,\"height\":550},{\"@type\":\"BreadcrumbList\",\"@id\":\"https:\/\/www.bagnoitalia.com\/de\/produkt\/outdoor-sun-lounger-190-cm-white-with-wheels-ch03-2.html#breadcrumb\",\"itemListElement\":[{\"@type\":\"ListItem\",\"position\":1,\"name\":\"Home\",\"item\":\"https:\/\/www.bagnoitalia.com\/de\"},{\"@type\":\"ListItem\",\"position\":2,\"name\":\"Produkte\",\"item\":\"https:\/\/www.bagnoitalia.com\/de\/shop\"},{\"@type\":\"ListItem\",\"position\":3,\"name\":\"Outdoor-Sonnenliege 190 cm wei\u00df mit R\u00e4dern CH03\"}]},{\"@type\":\"WebSite\",\"@id\":\"https:\/\/www.bagnoitalia.com\/de#website\",\"url\":\"https:\/\/www.bagnoitalia.com\/de\",\"name\":\"Bagno Italia\",\"description\":\"\",\"publisher\":{\"@id\":\"https:\/\/www.bagnoitalia.com\/de#organization\"},\"potentialAction\":[{\"@type\":\"SearchAction\",\"target\":{\"@type\":\"EntryPoint\",\"urlTemplate\":\"https:\/\/www.bagnoitalia.com\/de?s={search_term_string}\"},\"query-input\":{\"@type\":\"PropertyValueSpecification\",\"valueRequired\":true,\"valueName\":\"search_term_string\"}}],\"inLanguage\":\"de\"},{\"@type\":\"Organization\",\"@id\":\"https:\/\/www.bagnoitalia.com\/de#organization\",\"name\":\"Bagno Italia\",\"url\":\"https:\/\/www.bagnoitalia.com\/de\",\"logo\":{\"@type\":\"ImageObject\",\"inLanguage\":\"de\",\"@id\":\"https:\/\/www.bagnoitalia.com\/de#\/schema\/logo\/image\/\",\"url\":\"https:\/\/img.bagnoitalia.com\/wp-content\/uploads\/logo-bagnoitalia.webp\",\"contentUrl\":\"https:\/\/img.bagnoitalia.com\/wp-content\/uploads\/logo-bagnoitalia.webp\",\"width\":400,\"height\":70,\"caption\":\"Bagno Italia\"},\"image\":{\"@id\":\"https:\/\/www.bagnoitalia.com\/de#\/schema\/logo\/image\/\"}}]}<\/script>\n<!-- \/ Yoast SEO plugin. -->","yoast_head_json":{"title":"Outdoor-Sonnenliege 190 cm wei\u00df mit R\u00e4dern CH03","description":"Bequeme Sonnenliege f\u00fcr alle Au\u00dfenbereiche, wie G\u00e4rten oder Pools. Hergestellt aus wei\u00dfem Polypropylen. Inklusive R\u00e4der f\u00fcr einfache Bewegung.","robots":{"index":"index","follow":"follow","max-snippet":"max-snippet:-1","max-image-preview":"max-image-preview:large","max-video-preview":"max-video-preview:-1"},"canonical":"https:\/\/www.bagnoitalia.com\/de\/produkt\/outdoor-sun-lounger-190-cm-white-with-wheels-ch03-2.html","og_locale":"de_DE","og_type":"article","og_title":"Outdoor-Sonnenliege 190 cm wei\u00df mit R\u00e4dern CH03","og_description":"Bequeme Sonnenliege f\u00fcr alle Au\u00dfenbereiche, wie G\u00e4rten oder Pools. Hergestellt aus wei\u00dfem Polypropylen. Inklusive R\u00e4der f\u00fcr einfache Bewegung.","og_url":"https:\/\/www.bagnoitalia.com\/de\/produkt\/outdoor-sun-lounger-190-cm-white-with-wheels-ch03-2.html","og_site_name":"Bagno Italia","og_image":[{"width":550,"height":550,"url":"https:\/\/img.bagnoitalia.com\/wp-content\/uploads\/virtuemart\/product\/Sdraio-da-esterno-lettino-prendisole-ch03-giardino-1.jpg","type":"image\/jpeg"}],"twitter_card":"summary_large_image","schema":{"@context":"https:\/\/schema.org","@graph":[{"@type":"WebPage","@id":"https:\/\/www.bagnoitalia.com\/de\/produkt\/outdoor-sun-lounger-190-cm-white-with-wheels-ch03-2.html","url":"https:\/\/www.bagnoitalia.com\/de\/produkt\/outdoor-sun-lounger-190-cm-white-with-wheels-ch03-2.html","name":"Outdoor-Sonnenliege 190 cm wei\u00df mit R\u00e4dern CH03","isPartOf":{"@id":"https:\/\/www.bagnoitalia.com\/de#website"},"primaryImageOfPage":{"@id":"https:\/\/www.bagnoitalia.com\/de\/produkt\/outdoor-sun-lounger-190-cm-white-with-wheels-ch03-2.html#primaryimage"},"image":{"@id":"https:\/\/www.bagnoitalia.com\/de\/produkt\/outdoor-sun-lounger-190-cm-white-with-wheels-ch03-2.html#primaryimage"},"thumbnailUrl":"https:\/\/img.bagnoitalia.com\/wp-content\/uploads\/virtuemart\/product\/Sdraio-da-esterno-lettino-prendisole-ch03-giardino-1.jpg","datePublished":"2023-12-21T14:10:30+00:00","description":"Bequeme Sonnenliege f\u00fcr alle Au\u00dfenbereiche, wie G\u00e4rten oder Pools. Hergestellt aus wei\u00dfem Polypropylen. Inklusive R\u00e4der f\u00fcr einfache Bewegung.","breadcrumb":{"@id":"https:\/\/www.bagnoitalia.com\/de\/produkt\/outdoor-sun-lounger-190-cm-white-with-wheels-ch03-2.html#breadcrumb"},"inLanguage":"de","potentialAction":[{"@type":"ReadAction","target":["https:\/\/www.bagnoitalia.com\/de\/produkt\/outdoor-sun-lounger-190-cm-white-with-wheels-ch03-2.html"]}]},{"@type":"ImageObject","inLanguage":"de","@id":"https:\/\/www.bagnoitalia.com\/de\/produkt\/outdoor-sun-lounger-190-cm-white-with-wheels-ch03-2.html#primaryimage","url":"https:\/\/img.bagnoitalia.com\/wp-content\/uploads\/virtuemart\/product\/Sdraio-da-esterno-lettino-prendisole-ch03-giardino-1.jpg","contentUrl":"https:\/\/img.bagnoitalia.com\/wp-content\/uploads\/virtuemart\/product\/Sdraio-da-esterno-lettino-prendisole-ch03-giardino-1.jpg","width":550,"height":550},{"@type":"BreadcrumbList","@id":"https:\/\/www.bagnoitalia.com\/de\/produkt\/outdoor-sun-lounger-190-cm-white-with-wheels-ch03-2.html#breadcrumb","itemListElement":[{"@type":"ListItem","position":1,"name":"Home","item":"https:\/\/www.bagnoitalia.com\/de"},{"@type":"ListItem","position":2,"name":"Produkte","item":"https:\/\/www.bagnoitalia.com\/de\/shop"},{"@type":"ListItem","position":3,"name":"Outdoor-Sonnenliege 190 cm wei\u00df mit R\u00e4dern CH03"}]},{"@type":"WebSite","@id":"https:\/\/www.bagnoitalia.com\/de#website","url":"https:\/\/www.bagnoitalia.com\/de","name":"Bagno Italia","description":"","publisher":{"@id":"https:\/\/www.bagnoitalia.com\/de#organization"},"potentialAction":[{"@type":"SearchAction","target":{"@type":"EntryPoint","urlTemplate":"https:\/\/www.bagnoitalia.com\/de?s={search_term_string}"},"query-input":{"@type":"PropertyValueSpecification","valueRequired":true,"valueName":"search_term_string"}}],"inLanguage":"de"},{"@type":"Organization","@id":"https:\/\/www.bagnoitalia.com\/de#organization","name":"Bagno Italia","url":"https:\/\/www.bagnoitalia.com\/de","logo":{"@type":"ImageObject","inLanguage":"de","@id":"https:\/\/www.bagnoitalia.com\/de#\/schema\/logo\/image\/","url":"https:\/\/img.bagnoitalia.com\/wp-content\/uploads\/logo-bagnoitalia.webp","contentUrl":"https:\/\/img.bagnoitalia.com\/wp-content\/uploads\/logo-bagnoitalia.webp","width":400,"height":70,"caption":"Bagno Italia"},"image":{"@id":"https:\/\/www.bagnoitalia.com\/de#\/schema\/logo\/image\/"}}]}},"_links":{"self":[{"href":"https:\/\/www.bagnoitalia.com\/de\/wp-json\/wp\/v2\/product\/83710","targetHints":{"allow":["GET"]}}],"collection":[{"href":"https:\/\/www.bagnoitalia.com\/de\/wp-json\/wp\/v2\/product"}],"about":[{"href":"https:\/\/www.bagnoitalia.com\/de\/wp-json\/wp\/v2\/types\/product"}],"replies":[{"embeddable":true,"href":"https:\/\/www.bagnoitalia.com\/de\/wp-json\/wp\/v2\/comments?post=83710"}],"version-history":[{"count":0,"href":"https:\/\/www.bagnoitalia.com\/de\/wp-json\/wp\/v2\/product\/83710\/revisions"}],"wp:featuredmedia":[{"embeddable":true,"href":"https:\/\/www.bagnoitalia.com\/de\/wp-json\/wp\/v2\/media\/68189"}],"wp:attachment":[{"href":"https:\/\/www.bagnoitalia.com\/de\/wp-json\/wp\/v2\/media?parent=83710"}],"wp:term":[{"taxonomy":"product_brand","embeddable":true,"href":"https:\/\/www.bagnoitalia.com\/de\/wp-json\/wp\/v2\/product_brand?post=83710"},{"taxonomy":"product_cat","embeddable":true,"href":"https:\/\/www.bagnoitalia.com\/de\/wp-json\/wp\/v2\/product_cat?post=83710"},{"taxonomy":"product_tag","embeddable":true,"href":"https:\/\/www.bagnoitalia.com\/de\/wp-json\/wp\/v2\/product_tag?post=83710"}],"curies":[{"name":"wp","href":"https:\/\/api.w.org\/{rel}","templated":true}]}}