{"id":83698,"date":"2023-12-20T16:17:53","date_gmt":"2023-12-20T15:17:53","guid":{"rendered":"https:\/\/www.bagnoitalia.com\/product\/perry-178x92-cm-reclining-sofa-bed-available-in-dark-grey-or-blue-fabric-2"},"modified":"2024-06-10T10:54:37","modified_gmt":"2024-06-10T08:54:37","slug":"perry-178x92-cm-reclining-sofa-bed-available-in-dark-grey-or-blue-fabric-2","status":"publish","type":"product","link":"https:\/\/www.bagnoitalia.com\/de\/produkt\/perry-178x92-cm-reclining-sofa-bed-available-in-dark-grey-or-blue-fabric-2.html","title":{"rendered":"Schlafsofa Perry 178&#215;92 cm, erh\u00e4ltlich in dunkelgrauem oder blauem Stoff"},"content":{"rendered":"<p>Schlafsofa Modell PERRY<\/p>\n<p>&nbsp;<\/p>\n<p>&nbsp;<\/p>\n<p>DETAILS UND MASSE<\/p>\n<p>Sofa ohne Armlehnen, mit verstellbarer R\u00fcckenlehne in Bettstellung<\/p>\n<p>Polstermaterial: Stoff<\/p>\n<p>Verf\u00fcgbare Farben: blau, grau<\/p>\n<p>L\u00e4nge 178 cm<\/p>\n<p>Tiefe des Sofas 80 cm<\/p>\n<p>Betttiefe 92 cm<\/p>\n<p>Gesamth\u00f6he 72 cm<\/p>\n<p>Sitzh\u00f6he 35 cm<\/p>\n<p>Gestell aus Holz und Metall<\/p>\n<p>&nbsp;<\/p>\n<p>&nbsp;<\/p>\n<p>&nbsp;<\/p>\n<p>&nbsp;<\/p>\n<p>&nbsp;<\/p>\n<p>&nbsp;<\/p>\n<p>&nbsp;<\/p>\n<p>&nbsp;<\/p>\n<p>&nbsp;<\/p>\n<p>&nbsp;<\/p>\n<p>&nbsp;<\/p>\n<p>BARRY<\/p>\n","protected":false},"excerpt":{"rendered":"<p>Modernes Sofa, das sich mit wenigen Handgriffen in ein Bett verwandeln l\u00e4sst. Dieses Sofa ist in zwei Farben erh\u00e4ltlich und eignet sich sowohl f\u00fcr moderne als auch f\u00fcr klassische Umgebungen.<\/p>\n","protected":false},"featured_media":68009,"comment_status":"open","ping_status":"closed","template":"","meta":[],"product_brand":[9880],"product_cat":[9796],"product_tag":[],"class_list":{"0":"post-83698","1":"product","2":"type-product","3":"status-publish","4":"has-post-thumbnail","6":"product_brand-vari-produttori-de","7":"product_cat-schlafsofa-inneneinrichtung","9":"first","10":"instock","11":"sale","12":"taxable","13":"shipping-taxable","14":"purchasable","15":"product-type-simple"},"exclude_global_add_ons":false,"addons":[{"name":"Farbe","type":"multiple_choice","position":0,"required":true,"title_format":"heading","default":"","description_enable":false,"description":"","placeholder_enable":false,"placeholder":"","display":"select","restrictions_type":"any_text","adjust_price":false,"price":"","price_type":"flat_fee","restrictions":false,"min":"0","max":"0","options":[{"label":"blau","price":"","price_type":"quantity_based","image":0,"visibility":true},{"label":"dunkelgrau","price":"","price_type":"quantity_based","image":0,"visibility":true}],"id":1718016878}],"yoast_head":"<!-- This site is optimized with the Yoast SEO plugin v26.7 - https:\/\/yoast.com\/wordpress\/plugins\/seo\/ -->\n<title>Schlafsofa Perry 178x92 cm, erh\u00e4ltlich in dunkelgrauem oder blauem Stoff<\/title>\n<meta name=\"description\" content=\"Modernes Sofa, das sich mit wenigen Handgriffen in ein Bett verwandeln l\u00e4sst. Dieses Sofa ist in zwei Farben erh\u00e4ltlich und eignet sich sowohl f\u00fcr moderne als auch f\u00fcr klassische Umgebungen.\" \/>\n<meta name=\"robots\" content=\"index, follow, max-snippet:-1, max-image-preview:large, max-video-preview:-1\" \/>\n<link rel=\"canonical\" href=\"https:\/\/www.bagnoitalia.com\/de\/produkt\/perry-178x92-cm-reclining-sofa-bed-available-in-dark-grey-or-blue-fabric-2.html\" \/>\n<meta property=\"og:locale\" content=\"de_DE\" \/>\n<meta property=\"og:type\" content=\"article\" \/>\n<meta property=\"og:title\" content=\"Schlafsofa Perry 178x92 cm, erh\u00e4ltlich in dunkelgrauem oder blauem Stoff\" \/>\n<meta property=\"og:description\" content=\"Modernes Sofa, das sich mit wenigen Handgriffen in ein Bett verwandeln l\u00e4sst. Dieses Sofa ist in zwei Farben erh\u00e4ltlich und eignet sich sowohl f\u00fcr moderne als auch f\u00fcr klassische Umgebungen.\" \/>\n<meta property=\"og:url\" content=\"https:\/\/www.bagnoitalia.com\/de\/produkt\/perry-178x92-cm-reclining-sofa-bed-available-in-dark-grey-or-blue-fabric-2.html\" \/>\n<meta property=\"og:site_name\" content=\"Bagno Italia\" \/>\n<meta property=\"article:modified_time\" content=\"2024-06-10T08:54:37+00:00\" \/>\n<meta property=\"og:image\" content=\"https:\/\/img.bagnoitalia.com\/wp-content\/uploads\/virtuemart\/product\/divano-letto-perry-grigio-scuro-blu-1.jpg\" \/>\n\t<meta property=\"og:image:width\" content=\"550\" \/>\n\t<meta property=\"og:image:height\" content=\"550\" \/>\n\t<meta property=\"og:image:type\" content=\"image\/jpeg\" \/>\n<meta name=\"twitter:card\" content=\"summary_large_image\" \/>\n<meta name=\"twitter:label1\" content=\"Gesch\u00e4tzte Lesezeit\" \/>\n\t<meta name=\"twitter:data1\" content=\"1\u00a0Minute\" \/>\n<script type=\"application\/ld+json\" class=\"yoast-schema-graph\">{\"@context\":\"https:\/\/schema.org\",\"@graph\":[{\"@type\":\"WebPage\",\"@id\":\"https:\/\/www.bagnoitalia.com\/de\/produkt\/perry-178x92-cm-reclining-sofa-bed-available-in-dark-grey-or-blue-fabric-2.html\",\"url\":\"https:\/\/www.bagnoitalia.com\/de\/produkt\/perry-178x92-cm-reclining-sofa-bed-available-in-dark-grey-or-blue-fabric-2.html\",\"name\":\"Schlafsofa Perry 178x92 cm, erh\u00e4ltlich in dunkelgrauem oder blauem Stoff\",\"isPartOf\":{\"@id\":\"https:\/\/www.bagnoitalia.com\/de#website\"},\"primaryImageOfPage\":{\"@id\":\"https:\/\/www.bagnoitalia.com\/de\/produkt\/perry-178x92-cm-reclining-sofa-bed-available-in-dark-grey-or-blue-fabric-2.html#primaryimage\"},\"image\":{\"@id\":\"https:\/\/www.bagnoitalia.com\/de\/produkt\/perry-178x92-cm-reclining-sofa-bed-available-in-dark-grey-or-blue-fabric-2.html#primaryimage\"},\"thumbnailUrl\":\"https:\/\/img.bagnoitalia.com\/wp-content\/uploads\/virtuemart\/product\/divano-letto-perry-grigio-scuro-blu-1.jpg\",\"datePublished\":\"2023-12-20T15:17:53+00:00\",\"dateModified\":\"2024-06-10T08:54:37+00:00\",\"description\":\"Modernes Sofa, das sich mit wenigen Handgriffen in ein Bett verwandeln l\u00e4sst. Dieses Sofa ist in zwei Farben erh\u00e4ltlich und eignet sich sowohl f\u00fcr moderne als auch f\u00fcr klassische Umgebungen.\",\"breadcrumb\":{\"@id\":\"https:\/\/www.bagnoitalia.com\/de\/produkt\/perry-178x92-cm-reclining-sofa-bed-available-in-dark-grey-or-blue-fabric-2.html#breadcrumb\"},\"inLanguage\":\"de\",\"potentialAction\":[{\"@type\":\"ReadAction\",\"target\":[\"https:\/\/www.bagnoitalia.com\/de\/produkt\/perry-178x92-cm-reclining-sofa-bed-available-in-dark-grey-or-blue-fabric-2.html\"]}]},{\"@type\":\"ImageObject\",\"inLanguage\":\"de\",\"@id\":\"https:\/\/www.bagnoitalia.com\/de\/produkt\/perry-178x92-cm-reclining-sofa-bed-available-in-dark-grey-or-blue-fabric-2.html#primaryimage\",\"url\":\"https:\/\/img.bagnoitalia.com\/wp-content\/uploads\/virtuemart\/product\/divano-letto-perry-grigio-scuro-blu-1.jpg\",\"contentUrl\":\"https:\/\/img.bagnoitalia.com\/wp-content\/uploads\/virtuemart\/product\/divano-letto-perry-grigio-scuro-blu-1.jpg\",\"width\":550,\"height\":550},{\"@type\":\"BreadcrumbList\",\"@id\":\"https:\/\/www.bagnoitalia.com\/de\/produkt\/perry-178x92-cm-reclining-sofa-bed-available-in-dark-grey-or-blue-fabric-2.html#breadcrumb\",\"itemListElement\":[{\"@type\":\"ListItem\",\"position\":1,\"name\":\"Home\",\"item\":\"https:\/\/www.bagnoitalia.com\/de\"},{\"@type\":\"ListItem\",\"position\":2,\"name\":\"Produkte\",\"item\":\"https:\/\/www.bagnoitalia.com\/de\/shop\"},{\"@type\":\"ListItem\",\"position\":3,\"name\":\"Schlafsofa Perry 178&#215;92 cm, erh\u00e4ltlich in dunkelgrauem oder blauem Stoff\"}]},{\"@type\":\"WebSite\",\"@id\":\"https:\/\/www.bagnoitalia.com\/de#website\",\"url\":\"https:\/\/www.bagnoitalia.com\/de\",\"name\":\"Bagno Italia\",\"description\":\"\",\"publisher\":{\"@id\":\"https:\/\/www.bagnoitalia.com\/de#organization\"},\"potentialAction\":[{\"@type\":\"SearchAction\",\"target\":{\"@type\":\"EntryPoint\",\"urlTemplate\":\"https:\/\/www.bagnoitalia.com\/de?s={search_term_string}\"},\"query-input\":{\"@type\":\"PropertyValueSpecification\",\"valueRequired\":true,\"valueName\":\"search_term_string\"}}],\"inLanguage\":\"de\"},{\"@type\":\"Organization\",\"@id\":\"https:\/\/www.bagnoitalia.com\/de#organization\",\"name\":\"Bagno Italia\",\"url\":\"https:\/\/www.bagnoitalia.com\/de\",\"logo\":{\"@type\":\"ImageObject\",\"inLanguage\":\"de\",\"@id\":\"https:\/\/www.bagnoitalia.com\/de#\/schema\/logo\/image\/\",\"url\":\"https:\/\/img.bagnoitalia.com\/wp-content\/uploads\/logo-bagnoitalia.webp\",\"contentUrl\":\"https:\/\/img.bagnoitalia.com\/wp-content\/uploads\/logo-bagnoitalia.webp\",\"width\":400,\"height\":70,\"caption\":\"Bagno Italia\"},\"image\":{\"@id\":\"https:\/\/www.bagnoitalia.com\/de#\/schema\/logo\/image\/\"}}]}<\/script>\n<!-- \/ Yoast SEO plugin. -->","yoast_head_json":{"title":"Schlafsofa Perry 178x92 cm, erh\u00e4ltlich in dunkelgrauem oder blauem Stoff","description":"Modernes Sofa, das sich mit wenigen Handgriffen in ein Bett verwandeln l\u00e4sst. Dieses Sofa ist in zwei Farben erh\u00e4ltlich und eignet sich sowohl f\u00fcr moderne als auch f\u00fcr klassische Umgebungen.","robots":{"index":"index","follow":"follow","max-snippet":"max-snippet:-1","max-image-preview":"max-image-preview:large","max-video-preview":"max-video-preview:-1"},"canonical":"https:\/\/www.bagnoitalia.com\/de\/produkt\/perry-178x92-cm-reclining-sofa-bed-available-in-dark-grey-or-blue-fabric-2.html","og_locale":"de_DE","og_type":"article","og_title":"Schlafsofa Perry 178x92 cm, erh\u00e4ltlich in dunkelgrauem oder blauem Stoff","og_description":"Modernes Sofa, das sich mit wenigen Handgriffen in ein Bett verwandeln l\u00e4sst. Dieses Sofa ist in zwei Farben erh\u00e4ltlich und eignet sich sowohl f\u00fcr moderne als auch f\u00fcr klassische Umgebungen.","og_url":"https:\/\/www.bagnoitalia.com\/de\/produkt\/perry-178x92-cm-reclining-sofa-bed-available-in-dark-grey-or-blue-fabric-2.html","og_site_name":"Bagno Italia","article_modified_time":"2024-06-10T08:54:37+00:00","og_image":[{"width":550,"height":550,"url":"https:\/\/img.bagnoitalia.com\/wp-content\/uploads\/virtuemart\/product\/divano-letto-perry-grigio-scuro-blu-1.jpg","type":"image\/jpeg"}],"twitter_card":"summary_large_image","twitter_misc":{"Gesch\u00e4tzte Lesezeit":"1\u00a0Minute"},"schema":{"@context":"https:\/\/schema.org","@graph":[{"@type":"WebPage","@id":"https:\/\/www.bagnoitalia.com\/de\/produkt\/perry-178x92-cm-reclining-sofa-bed-available-in-dark-grey-or-blue-fabric-2.html","url":"https:\/\/www.bagnoitalia.com\/de\/produkt\/perry-178x92-cm-reclining-sofa-bed-available-in-dark-grey-or-blue-fabric-2.html","name":"Schlafsofa Perry 178x92 cm, erh\u00e4ltlich in dunkelgrauem oder blauem Stoff","isPartOf":{"@id":"https:\/\/www.bagnoitalia.com\/de#website"},"primaryImageOfPage":{"@id":"https:\/\/www.bagnoitalia.com\/de\/produkt\/perry-178x92-cm-reclining-sofa-bed-available-in-dark-grey-or-blue-fabric-2.html#primaryimage"},"image":{"@id":"https:\/\/www.bagnoitalia.com\/de\/produkt\/perry-178x92-cm-reclining-sofa-bed-available-in-dark-grey-or-blue-fabric-2.html#primaryimage"},"thumbnailUrl":"https:\/\/img.bagnoitalia.com\/wp-content\/uploads\/virtuemart\/product\/divano-letto-perry-grigio-scuro-blu-1.jpg","datePublished":"2023-12-20T15:17:53+00:00","dateModified":"2024-06-10T08:54:37+00:00","description":"Modernes Sofa, das sich mit wenigen Handgriffen in ein Bett verwandeln l\u00e4sst. Dieses Sofa ist in zwei Farben erh\u00e4ltlich und eignet sich sowohl f\u00fcr moderne als auch f\u00fcr klassische Umgebungen.","breadcrumb":{"@id":"https:\/\/www.bagnoitalia.com\/de\/produkt\/perry-178x92-cm-reclining-sofa-bed-available-in-dark-grey-or-blue-fabric-2.html#breadcrumb"},"inLanguage":"de","potentialAction":[{"@type":"ReadAction","target":["https:\/\/www.bagnoitalia.com\/de\/produkt\/perry-178x92-cm-reclining-sofa-bed-available-in-dark-grey-or-blue-fabric-2.html"]}]},{"@type":"ImageObject","inLanguage":"de","@id":"https:\/\/www.bagnoitalia.com\/de\/produkt\/perry-178x92-cm-reclining-sofa-bed-available-in-dark-grey-or-blue-fabric-2.html#primaryimage","url":"https:\/\/img.bagnoitalia.com\/wp-content\/uploads\/virtuemart\/product\/divano-letto-perry-grigio-scuro-blu-1.jpg","contentUrl":"https:\/\/img.bagnoitalia.com\/wp-content\/uploads\/virtuemart\/product\/divano-letto-perry-grigio-scuro-blu-1.jpg","width":550,"height":550},{"@type":"BreadcrumbList","@id":"https:\/\/www.bagnoitalia.com\/de\/produkt\/perry-178x92-cm-reclining-sofa-bed-available-in-dark-grey-or-blue-fabric-2.html#breadcrumb","itemListElement":[{"@type":"ListItem","position":1,"name":"Home","item":"https:\/\/www.bagnoitalia.com\/de"},{"@type":"ListItem","position":2,"name":"Produkte","item":"https:\/\/www.bagnoitalia.com\/de\/shop"},{"@type":"ListItem","position":3,"name":"Schlafsofa Perry 178&#215;92 cm, erh\u00e4ltlich in dunkelgrauem oder blauem Stoff"}]},{"@type":"WebSite","@id":"https:\/\/www.bagnoitalia.com\/de#website","url":"https:\/\/www.bagnoitalia.com\/de","name":"Bagno Italia","description":"","publisher":{"@id":"https:\/\/www.bagnoitalia.com\/de#organization"},"potentialAction":[{"@type":"SearchAction","target":{"@type":"EntryPoint","urlTemplate":"https:\/\/www.bagnoitalia.com\/de?s={search_term_string}"},"query-input":{"@type":"PropertyValueSpecification","valueRequired":true,"valueName":"search_term_string"}}],"inLanguage":"de"},{"@type":"Organization","@id":"https:\/\/www.bagnoitalia.com\/de#organization","name":"Bagno Italia","url":"https:\/\/www.bagnoitalia.com\/de","logo":{"@type":"ImageObject","inLanguage":"de","@id":"https:\/\/www.bagnoitalia.com\/de#\/schema\/logo\/image\/","url":"https:\/\/img.bagnoitalia.com\/wp-content\/uploads\/logo-bagnoitalia.webp","contentUrl":"https:\/\/img.bagnoitalia.com\/wp-content\/uploads\/logo-bagnoitalia.webp","width":400,"height":70,"caption":"Bagno Italia"},"image":{"@id":"https:\/\/www.bagnoitalia.com\/de#\/schema\/logo\/image\/"}}]}},"_links":{"self":[{"href":"https:\/\/www.bagnoitalia.com\/de\/wp-json\/wp\/v2\/product\/83698","targetHints":{"allow":["GET"]}}],"collection":[{"href":"https:\/\/www.bagnoitalia.com\/de\/wp-json\/wp\/v2\/product"}],"about":[{"href":"https:\/\/www.bagnoitalia.com\/de\/wp-json\/wp\/v2\/types\/product"}],"replies":[{"embeddable":true,"href":"https:\/\/www.bagnoitalia.com\/de\/wp-json\/wp\/v2\/comments?post=83698"}],"version-history":[{"count":1,"href":"https:\/\/www.bagnoitalia.com\/de\/wp-json\/wp\/v2\/product\/83698\/revisions"}],"predecessor-version":[{"id":89739,"href":"https:\/\/www.bagnoitalia.com\/de\/wp-json\/wp\/v2\/product\/83698\/revisions\/89739"}],"wp:featuredmedia":[{"embeddable":true,"href":"https:\/\/www.bagnoitalia.com\/de\/wp-json\/wp\/v2\/media\/68009"}],"wp:attachment":[{"href":"https:\/\/www.bagnoitalia.com\/de\/wp-json\/wp\/v2\/media?parent=83698"}],"wp:term":[{"taxonomy":"product_brand","embeddable":true,"href":"https:\/\/www.bagnoitalia.com\/de\/wp-json\/wp\/v2\/product_brand?post=83698"},{"taxonomy":"product_cat","embeddable":true,"href":"https:\/\/www.bagnoitalia.com\/de\/wp-json\/wp\/v2\/product_cat?post=83698"},{"taxonomy":"product_tag","embeddable":true,"href":"https:\/\/www.bagnoitalia.com\/de\/wp-json\/wp\/v2\/product_tag?post=83698"}],"curies":[{"name":"wp","href":"https:\/\/api.w.org\/{rel}","templated":true}]}}