{"id":83662,"date":"2023-12-18T15:37:59","date_gmt":"2023-12-18T14:37:59","guid":{"rendered":"https:\/\/www.bagnoitalia.com\/product\/derby-faux-leather-or-velvet-sofa-available-in-4-colours-152x74-or-197x74-cm-2"},"modified":"2026-02-20T15:33:24","modified_gmt":"2026-02-20T14:33:24","slug":"derby-faux-leather-or-velvet-sofa-available-in-4-colours-152x74-or-197x74-cm-2","status":"publish","type":"product","link":"https:\/\/www.bagnoitalia.com\/de\/produkt\/derby-faux-leather-or-velvet-sofa-available-in-4-colours-152x74-or-197x74-cm-2.html","title":{"rendered":"Sofa Derby aus Kunstleder oder Samt, erh\u00e4ltlich in 4 Farben 152&#215;74 oder 197&#215;74 cm"},"content":{"rendered":"<p>DERBY SOFA in Samt oder Kunstleder IN 4 FARBEN<\/p>\n<p>&nbsp;<\/p>\n<p>&nbsp;<\/p>\n<p>VERF\u00dcGBARE GR\u00d6SSEN:<\/p>\n<p>152x74xH82 cm geeignet f\u00fcr 2 Personen<br \/>\n197x74xH82 cm geeignet f\u00fcr 3 Personen<\/p>\n<p>VERF\u00dcGBARE FARBEN<\/p>\n<p>wei\u00dfes Kunstleder<br \/>\nbraunes Kunstleder<br \/>\nblauer Samt<br \/>\ngrauer Samt<\/p>\n<p>WEITERE PRODUKT-DETAILS<\/p>\n<p>Schwarze abgerundete F\u00fc\u00dfe<\/p>\n<p>Gekn\u00f6pfte R\u00fcckenlehne<\/p>\n<p>&nbsp;<\/p>\n<p>&nbsp;<\/p>\n<p>&nbsp;<\/p>\n<p>&nbsp;<\/p>\n<p>&nbsp;<\/p>\n<p>&nbsp;<\/p>\n<p>&nbsp;<\/p>\n<p>&nbsp;<\/p>\n<p>&nbsp;<\/p>\n<p>&nbsp;<\/p>\n<p>&nbsp;<\/p>\n<p>&nbsp;<\/p>\n<p>CHESTERFIELD<\/p>\n","protected":false},"excerpt":{"rendered":"<p>Elegantes Sofa, erh\u00e4ltlich in 4 Ausf\u00fchrungen: wei\u00dfes Kunstleder, braunes Kunstleder, blauer Samt, grauer Samt. Zwei Gr\u00f6\u00dfen zur Auswahl: 152&#215;74 cm (Zweisitzer) oder 197&#215;74 cm (3-Sitzer).<\/p>\n","protected":false},"featured_media":67334,"comment_status":"open","ping_status":"closed","template":"","meta":[],"product_brand":[9880],"product_cat":[9792],"product_tag":[],"class_list":{"0":"post-83662","1":"product","2":"type-product","3":"status-publish","4":"has-post-thumbnail","6":"product_brand-vari-produttori-de","7":"product_cat-sofa-inneneinrichtung","9":"first","10":"instock","11":"sale","12":"taxable","13":"shipping-taxable","14":"purchasable","15":"product-type-simple"},"exclude_global_add_ons":false,"addons":[{"name":"Typologie","type":"multiple_choice","position":0,"required":true,"title_format":"heading","default":"","description_enable":false,"description":"","placeholder_enable":false,"placeholder":"","display":"select","restrictions_type":"any_text","adjust_price":false,"price":"","price_type":"flat_fee","restrictions":false,"min":"0","max":"0","options":[{"label":"152x74 cm grauer Samt","price":"","price_type":"quantity_based","image":0,"visibility":true},{"label":"152x74 cm Kunstleder wei\u00df","price":"","price_type":"quantity_based","image":0,"visibility":true},{"label":"152x74 cm Kunstleder braun","price":"390","price_type":"quantity_based","image":0,"visibility":true},{"label":"152x74 cm blauer Samt","price":"390","price_type":"quantity_based","image":0,"visibility":true},{"label":"197x74 cm Kunstleder wei\u00df","price":"80","price_type":"quantity_based","image":0,"visibility":true},{"label":"197x74 cm Kunstleder braun","price":"80","price_type":"quantity_based","image":0,"visibility":true},{"label":"197x74 cm blauer Samt","price":"580","price_type":"quantity_based","image":0,"visibility":true},{"label":"197x74 cm grauer Samt","price":"80","price_type":"quantity_based","image":0,"visibility":true}],"id":1716910143}],"yoast_head":"<!-- This site is optimized with the Yoast SEO plugin v26.7 - https:\/\/yoast.com\/wordpress\/plugins\/seo\/ -->\n<title>Sofa Derby aus Kunstleder oder Samt, erh\u00e4ltlich in 4 Farben 152x74 oder 197x74 cm<\/title>\n<meta name=\"description\" content=\"Elegantes Sofa, erh\u00e4ltlich in 4 Ausf\u00fchrungen: wei\u00dfes Kunstleder, braunes Kunstleder, blauer Samt, grauer Samt. Zwei Gr\u00f6\u00dfen zur Auswahl: 152x74 cm (Zweisitzer) oder 197x74 cm (3-Sitzer).\" \/>\n<meta name=\"robots\" content=\"index, follow, max-snippet:-1, max-image-preview:large, max-video-preview:-1\" \/>\n<link rel=\"canonical\" href=\"https:\/\/www.bagnoitalia.com\/de\/produkt\/derby-faux-leather-or-velvet-sofa-available-in-4-colours-152x74-or-197x74-cm-2.html\" \/>\n<meta property=\"og:locale\" content=\"de_DE\" \/>\n<meta property=\"og:type\" content=\"article\" \/>\n<meta property=\"og:title\" content=\"Sofa Derby aus Kunstleder oder Samt, erh\u00e4ltlich in 4 Farben 152x74 oder 197x74 cm\" \/>\n<meta property=\"og:description\" content=\"Elegantes Sofa, erh\u00e4ltlich in 4 Ausf\u00fchrungen: wei\u00dfes Kunstleder, braunes Kunstleder, blauer Samt, grauer Samt. Zwei Gr\u00f6\u00dfen zur Auswahl: 152x74 cm (Zweisitzer) oder 197x74 cm (3-Sitzer).\" \/>\n<meta property=\"og:url\" content=\"https:\/\/www.bagnoitalia.com\/de\/produkt\/derby-faux-leather-or-velvet-sofa-available-in-4-colours-152x74-or-197x74-cm-2.html\" \/>\n<meta property=\"og:site_name\" content=\"Bagno Italia\" \/>\n<meta property=\"article:modified_time\" content=\"2026-02-20T14:33:24+00:00\" \/>\n<meta property=\"og:image\" content=\"https:\/\/img.bagnoitalia.com\/wp-content\/uploads\/virtuemart\/product\/divano-letto-derby-2-3-posti-ecopelle-velluto-1.jpg\" \/>\n\t<meta property=\"og:image:width\" content=\"550\" \/>\n\t<meta property=\"og:image:height\" content=\"550\" \/>\n\t<meta property=\"og:image:type\" content=\"image\/jpeg\" \/>\n<meta name=\"twitter:card\" content=\"summary_large_image\" \/>\n<meta name=\"twitter:label1\" content=\"Gesch\u00e4tzte Lesezeit\" \/>\n\t<meta name=\"twitter:data1\" content=\"1\u00a0Minute\" \/>\n<script type=\"application\/ld+json\" class=\"yoast-schema-graph\">{\"@context\":\"https:\/\/schema.org\",\"@graph\":[{\"@type\":\"WebPage\",\"@id\":\"https:\/\/www.bagnoitalia.com\/de\/produkt\/derby-faux-leather-or-velvet-sofa-available-in-4-colours-152x74-or-197x74-cm-2.html\",\"url\":\"https:\/\/www.bagnoitalia.com\/de\/produkt\/derby-faux-leather-or-velvet-sofa-available-in-4-colours-152x74-or-197x74-cm-2.html\",\"name\":\"Sofa Derby aus Kunstleder oder Samt, erh\u00e4ltlich in 4 Farben 152x74 oder 197x74 cm\",\"isPartOf\":{\"@id\":\"https:\/\/www.bagnoitalia.com\/de#website\"},\"primaryImageOfPage\":{\"@id\":\"https:\/\/www.bagnoitalia.com\/de\/produkt\/derby-faux-leather-or-velvet-sofa-available-in-4-colours-152x74-or-197x74-cm-2.html#primaryimage\"},\"image\":{\"@id\":\"https:\/\/www.bagnoitalia.com\/de\/produkt\/derby-faux-leather-or-velvet-sofa-available-in-4-colours-152x74-or-197x74-cm-2.html#primaryimage\"},\"thumbnailUrl\":\"https:\/\/img.bagnoitalia.com\/wp-content\/uploads\/virtuemart\/product\/divano-letto-derby-2-3-posti-ecopelle-velluto-1.jpg\",\"datePublished\":\"2023-12-18T14:37:59+00:00\",\"dateModified\":\"2026-02-20T14:33:24+00:00\",\"description\":\"Elegantes Sofa, erh\u00e4ltlich in 4 Ausf\u00fchrungen: wei\u00dfes Kunstleder, braunes Kunstleder, blauer Samt, grauer Samt. Zwei Gr\u00f6\u00dfen zur Auswahl: 152x74 cm (Zweisitzer) oder 197x74 cm (3-Sitzer).\",\"breadcrumb\":{\"@id\":\"https:\/\/www.bagnoitalia.com\/de\/produkt\/derby-faux-leather-or-velvet-sofa-available-in-4-colours-152x74-or-197x74-cm-2.html#breadcrumb\"},\"inLanguage\":\"de\",\"potentialAction\":[{\"@type\":\"ReadAction\",\"target\":[\"https:\/\/www.bagnoitalia.com\/de\/produkt\/derby-faux-leather-or-velvet-sofa-available-in-4-colours-152x74-or-197x74-cm-2.html\"]}]},{\"@type\":\"ImageObject\",\"inLanguage\":\"de\",\"@id\":\"https:\/\/www.bagnoitalia.com\/de\/produkt\/derby-faux-leather-or-velvet-sofa-available-in-4-colours-152x74-or-197x74-cm-2.html#primaryimage\",\"url\":\"https:\/\/img.bagnoitalia.com\/wp-content\/uploads\/virtuemart\/product\/divano-letto-derby-2-3-posti-ecopelle-velluto-1.jpg\",\"contentUrl\":\"https:\/\/img.bagnoitalia.com\/wp-content\/uploads\/virtuemart\/product\/divano-letto-derby-2-3-posti-ecopelle-velluto-1.jpg\",\"width\":550,\"height\":550},{\"@type\":\"BreadcrumbList\",\"@id\":\"https:\/\/www.bagnoitalia.com\/de\/produkt\/derby-faux-leather-or-velvet-sofa-available-in-4-colours-152x74-or-197x74-cm-2.html#breadcrumb\",\"itemListElement\":[{\"@type\":\"ListItem\",\"position\":1,\"name\":\"Home\",\"item\":\"https:\/\/www.bagnoitalia.com\/de\"},{\"@type\":\"ListItem\",\"position\":2,\"name\":\"Produkte\",\"item\":\"https:\/\/www.bagnoitalia.com\/de\/shop\"},{\"@type\":\"ListItem\",\"position\":3,\"name\":\"Sofa Derby aus Kunstleder oder Samt, erh\u00e4ltlich in 4 Farben 152&#215;74 oder 197&#215;74 cm\"}]},{\"@type\":\"WebSite\",\"@id\":\"https:\/\/www.bagnoitalia.com\/de#website\",\"url\":\"https:\/\/www.bagnoitalia.com\/de\",\"name\":\"Bagno Italia\",\"description\":\"\",\"publisher\":{\"@id\":\"https:\/\/www.bagnoitalia.com\/de#organization\"},\"potentialAction\":[{\"@type\":\"SearchAction\",\"target\":{\"@type\":\"EntryPoint\",\"urlTemplate\":\"https:\/\/www.bagnoitalia.com\/de?s={search_term_string}\"},\"query-input\":{\"@type\":\"PropertyValueSpecification\",\"valueRequired\":true,\"valueName\":\"search_term_string\"}}],\"inLanguage\":\"de\"},{\"@type\":\"Organization\",\"@id\":\"https:\/\/www.bagnoitalia.com\/de#organization\",\"name\":\"Bagno Italia\",\"url\":\"https:\/\/www.bagnoitalia.com\/de\",\"logo\":{\"@type\":\"ImageObject\",\"inLanguage\":\"de\",\"@id\":\"https:\/\/www.bagnoitalia.com\/de#\/schema\/logo\/image\/\",\"url\":\"https:\/\/img.bagnoitalia.com\/wp-content\/uploads\/logo-bagnoitalia.webp\",\"contentUrl\":\"https:\/\/img.bagnoitalia.com\/wp-content\/uploads\/logo-bagnoitalia.webp\",\"width\":400,\"height\":70,\"caption\":\"Bagno Italia\"},\"image\":{\"@id\":\"https:\/\/www.bagnoitalia.com\/de#\/schema\/logo\/image\/\"}}]}<\/script>\n<!-- \/ Yoast SEO plugin. -->","yoast_head_json":{"title":"Sofa Derby aus Kunstleder oder Samt, erh\u00e4ltlich in 4 Farben 152x74 oder 197x74 cm","description":"Elegantes Sofa, erh\u00e4ltlich in 4 Ausf\u00fchrungen: wei\u00dfes Kunstleder, braunes Kunstleder, blauer Samt, grauer Samt. Zwei Gr\u00f6\u00dfen zur Auswahl: 152x74 cm (Zweisitzer) oder 197x74 cm (3-Sitzer).","robots":{"index":"index","follow":"follow","max-snippet":"max-snippet:-1","max-image-preview":"max-image-preview:large","max-video-preview":"max-video-preview:-1"},"canonical":"https:\/\/www.bagnoitalia.com\/de\/produkt\/derby-faux-leather-or-velvet-sofa-available-in-4-colours-152x74-or-197x74-cm-2.html","og_locale":"de_DE","og_type":"article","og_title":"Sofa Derby aus Kunstleder oder Samt, erh\u00e4ltlich in 4 Farben 152x74 oder 197x74 cm","og_description":"Elegantes Sofa, erh\u00e4ltlich in 4 Ausf\u00fchrungen: wei\u00dfes Kunstleder, braunes Kunstleder, blauer Samt, grauer Samt. Zwei Gr\u00f6\u00dfen zur Auswahl: 152x74 cm (Zweisitzer) oder 197x74 cm (3-Sitzer).","og_url":"https:\/\/www.bagnoitalia.com\/de\/produkt\/derby-faux-leather-or-velvet-sofa-available-in-4-colours-152x74-or-197x74-cm-2.html","og_site_name":"Bagno Italia","article_modified_time":"2026-02-20T14:33:24+00:00","og_image":[{"width":550,"height":550,"url":"https:\/\/img.bagnoitalia.com\/wp-content\/uploads\/virtuemart\/product\/divano-letto-derby-2-3-posti-ecopelle-velluto-1.jpg","type":"image\/jpeg"}],"twitter_card":"summary_large_image","twitter_misc":{"Gesch\u00e4tzte Lesezeit":"1\u00a0Minute"},"schema":{"@context":"https:\/\/schema.org","@graph":[{"@type":"WebPage","@id":"https:\/\/www.bagnoitalia.com\/de\/produkt\/derby-faux-leather-or-velvet-sofa-available-in-4-colours-152x74-or-197x74-cm-2.html","url":"https:\/\/www.bagnoitalia.com\/de\/produkt\/derby-faux-leather-or-velvet-sofa-available-in-4-colours-152x74-or-197x74-cm-2.html","name":"Sofa Derby aus Kunstleder oder Samt, erh\u00e4ltlich in 4 Farben 152x74 oder 197x74 cm","isPartOf":{"@id":"https:\/\/www.bagnoitalia.com\/de#website"},"primaryImageOfPage":{"@id":"https:\/\/www.bagnoitalia.com\/de\/produkt\/derby-faux-leather-or-velvet-sofa-available-in-4-colours-152x74-or-197x74-cm-2.html#primaryimage"},"image":{"@id":"https:\/\/www.bagnoitalia.com\/de\/produkt\/derby-faux-leather-or-velvet-sofa-available-in-4-colours-152x74-or-197x74-cm-2.html#primaryimage"},"thumbnailUrl":"https:\/\/img.bagnoitalia.com\/wp-content\/uploads\/virtuemart\/product\/divano-letto-derby-2-3-posti-ecopelle-velluto-1.jpg","datePublished":"2023-12-18T14:37:59+00:00","dateModified":"2026-02-20T14:33:24+00:00","description":"Elegantes Sofa, erh\u00e4ltlich in 4 Ausf\u00fchrungen: wei\u00dfes Kunstleder, braunes Kunstleder, blauer Samt, grauer Samt. Zwei Gr\u00f6\u00dfen zur Auswahl: 152x74 cm (Zweisitzer) oder 197x74 cm (3-Sitzer).","breadcrumb":{"@id":"https:\/\/www.bagnoitalia.com\/de\/produkt\/derby-faux-leather-or-velvet-sofa-available-in-4-colours-152x74-or-197x74-cm-2.html#breadcrumb"},"inLanguage":"de","potentialAction":[{"@type":"ReadAction","target":["https:\/\/www.bagnoitalia.com\/de\/produkt\/derby-faux-leather-or-velvet-sofa-available-in-4-colours-152x74-or-197x74-cm-2.html"]}]},{"@type":"ImageObject","inLanguage":"de","@id":"https:\/\/www.bagnoitalia.com\/de\/produkt\/derby-faux-leather-or-velvet-sofa-available-in-4-colours-152x74-or-197x74-cm-2.html#primaryimage","url":"https:\/\/img.bagnoitalia.com\/wp-content\/uploads\/virtuemart\/product\/divano-letto-derby-2-3-posti-ecopelle-velluto-1.jpg","contentUrl":"https:\/\/img.bagnoitalia.com\/wp-content\/uploads\/virtuemart\/product\/divano-letto-derby-2-3-posti-ecopelle-velluto-1.jpg","width":550,"height":550},{"@type":"BreadcrumbList","@id":"https:\/\/www.bagnoitalia.com\/de\/produkt\/derby-faux-leather-or-velvet-sofa-available-in-4-colours-152x74-or-197x74-cm-2.html#breadcrumb","itemListElement":[{"@type":"ListItem","position":1,"name":"Home","item":"https:\/\/www.bagnoitalia.com\/de"},{"@type":"ListItem","position":2,"name":"Produkte","item":"https:\/\/www.bagnoitalia.com\/de\/shop"},{"@type":"ListItem","position":3,"name":"Sofa Derby aus Kunstleder oder Samt, erh\u00e4ltlich in 4 Farben 152&#215;74 oder 197&#215;74 cm"}]},{"@type":"WebSite","@id":"https:\/\/www.bagnoitalia.com\/de#website","url":"https:\/\/www.bagnoitalia.com\/de","name":"Bagno Italia","description":"","publisher":{"@id":"https:\/\/www.bagnoitalia.com\/de#organization"},"potentialAction":[{"@type":"SearchAction","target":{"@type":"EntryPoint","urlTemplate":"https:\/\/www.bagnoitalia.com\/de?s={search_term_string}"},"query-input":{"@type":"PropertyValueSpecification","valueRequired":true,"valueName":"search_term_string"}}],"inLanguage":"de"},{"@type":"Organization","@id":"https:\/\/www.bagnoitalia.com\/de#organization","name":"Bagno Italia","url":"https:\/\/www.bagnoitalia.com\/de","logo":{"@type":"ImageObject","inLanguage":"de","@id":"https:\/\/www.bagnoitalia.com\/de#\/schema\/logo\/image\/","url":"https:\/\/img.bagnoitalia.com\/wp-content\/uploads\/logo-bagnoitalia.webp","contentUrl":"https:\/\/img.bagnoitalia.com\/wp-content\/uploads\/logo-bagnoitalia.webp","width":400,"height":70,"caption":"Bagno Italia"},"image":{"@id":"https:\/\/www.bagnoitalia.com\/de#\/schema\/logo\/image\/"}}]}},"_links":{"self":[{"href":"https:\/\/www.bagnoitalia.com\/de\/wp-json\/wp\/v2\/product\/83662","targetHints":{"allow":["GET"]}}],"collection":[{"href":"https:\/\/www.bagnoitalia.com\/de\/wp-json\/wp\/v2\/product"}],"about":[{"href":"https:\/\/www.bagnoitalia.com\/de\/wp-json\/wp\/v2\/types\/product"}],"replies":[{"embeddable":true,"href":"https:\/\/www.bagnoitalia.com\/de\/wp-json\/wp\/v2\/comments?post=83662"}],"version-history":[{"count":1,"href":"https:\/\/www.bagnoitalia.com\/de\/wp-json\/wp\/v2\/product\/83662\/revisions"}],"predecessor-version":[{"id":88576,"href":"https:\/\/www.bagnoitalia.com\/de\/wp-json\/wp\/v2\/product\/83662\/revisions\/88576"}],"wp:featuredmedia":[{"embeddable":true,"href":"https:\/\/www.bagnoitalia.com\/de\/wp-json\/wp\/v2\/media\/67334"}],"wp:attachment":[{"href":"https:\/\/www.bagnoitalia.com\/de\/wp-json\/wp\/v2\/media?parent=83662"}],"wp:term":[{"taxonomy":"product_brand","embeddable":true,"href":"https:\/\/www.bagnoitalia.com\/de\/wp-json\/wp\/v2\/product_brand?post=83662"},{"taxonomy":"product_cat","embeddable":true,"href":"https:\/\/www.bagnoitalia.com\/de\/wp-json\/wp\/v2\/product_cat?post=83662"},{"taxonomy":"product_tag","embeddable":true,"href":"https:\/\/www.bagnoitalia.com\/de\/wp-json\/wp\/v2\/product_tag?post=83662"}],"curies":[{"name":"wp","href":"https:\/\/api.w.org\/{rel}","templated":true}]}}