{"id":83658,"date":"2023-12-18T14:21:03","date_gmt":"2023-12-18T13:21:03","guid":{"rendered":"https:\/\/www.bagnoitalia.com\/product\/taylor2-2-or-3-seater-sofa-147x79-or-193x79-cm-in-fabric-available-in-3-colours-2"},"modified":"2026-02-20T14:34:21","modified_gmt":"2026-02-20T13:34:21","slug":"taylor2-2-or-3-seater-sofa-147x79-or-193x79-cm-in-fabric-available-in-3-colours-2","status":"publish","type":"product","link":"https:\/\/www.bagnoitalia.com\/de\/produkt\/taylor2-2-or-3-seater-sofa-147x79-or-193x79-cm-in-fabric-available-in-3-colours-2.html","title":{"rendered":"Taylor2 2 oder 3 Sitzer Sofa 147&#215;79 oder 193&#215;79 cm in Stoff in 3 Farben erh\u00e4ltlich"},"content":{"rendered":"<p>2 oder 3-sitziges Sofa &#8222;TAYLOR2<\/p>\n<p>&nbsp;<\/p>\n<p>&nbsp;<\/p>\n<p>PRODUKTABMESSUNGEN<\/p>\n<p>Wahl der L\u00e4nge<\/p>\n<p>147 cm (2 Pl\u00e4tze)<br \/>\n193 cm (3-Sitzer)<\/p>\n<p>Tiefe: 79 cm<\/p>\n<p>Gesamth\u00f6he: 86 cm<\/p>\n<p>Sitzh\u00f6he: 45 cm<\/p>\n<p>Sitztiefe: 45 cm<\/p>\n<p>&nbsp;<\/p>\n<p>&nbsp;<\/p>\n<p>PRODUKTMERKMALE<\/p>\n<p>Sofa mit Stoffbezug, erh\u00e4ltlich in 3 Farben: blau, hellgrau oder dunkelgrau<\/p>\n<p>F\u00fc\u00dfe aus Polypropylen in Naturholzfarbe<\/p>\n<p>R\u00fcckenlehne mit kleinen Kn\u00f6pfen (in derselben Farbe wie das Sofa)<\/p>\n<p>&nbsp;<\/p>\n<p>&nbsp;<\/p>\n<p>&nbsp;<\/p>\n<p>&nbsp;<\/p>\n<p>&nbsp;<\/p>\n<p>&nbsp;<\/p>\n<p>&nbsp;<\/p>\n<p>&nbsp;<\/p>\n<p>&nbsp;<\/p>\n<p>burton<\/p>\n<p>&nbsp;<\/p>\n","protected":false},"excerpt":{"rendered":"<p>Modernes Sofa, erh\u00e4ltlich in zwei Gr\u00f6\u00dfen, mit Polsterung in Blau, Hellgrau oder Dunkelgrau. R\u00fcckenlehne mit Kn\u00f6pfen und Polypropylenf\u00fc\u00dfen in Naturholzfarbe<\/p>\n","protected":false},"featured_media":67241,"comment_status":"open","ping_status":"closed","template":"","meta":[],"product_brand":[9880],"product_cat":[9792],"product_tag":[],"class_list":{"0":"post-83658","1":"product","2":"type-product","3":"status-publish","4":"has-post-thumbnail","6":"product_brand-vari-produttori-de","7":"product_cat-sofa-inneneinrichtung","9":"first","10":"instock","11":"sale","12":"taxable","13":"shipping-taxable","14":"purchasable","15":"product-type-simple"},"exclude_global_add_ons":false,"addons":[{"name":"Typologie","type":"multiple_choice","position":0,"required":true,"title_format":"heading","default":"","description_enable":false,"description":"","placeholder_enable":false,"placeholder":"","display":"select","restrictions_type":"any_text","adjust_price":false,"price":"","price_type":"flat_fee","restrictions":false,"min":"0","max":"0","options":[{"label":"193x79 cm blau","price":"","price_type":"quantity_based","image":0,"visibility":true},{"label":"147x79 cm blau","price":"190","price_type":"quantity_based","image":0,"visibility":true},{"label":"(Nicht verf\u00fcgbar) 147x79 cm hellgrau","price":"190","price_type":"quantity_based","image":0,"visibility":true},{"label":"147x79 cm dunkelgrau","price":"190","price_type":"quantity_based","image":0,"visibility":true},{"label":"193x79 cm hellgrau","price":"290","price_type":"quantity_based","image":0,"visibility":true},{"label":"193x79 cm dunkelgrau","price":"290","price_type":"quantity_based","image":0,"visibility":true}],"id":1717771657}],"yoast_head":"<!-- This site is optimized with the Yoast SEO plugin v26.7 - https:\/\/yoast.com\/wordpress\/plugins\/seo\/ -->\n<title>Taylor2 2 oder 3 Sitzer Sofa 147x79 oder 193x79 cm in Stoff in 3 Farben erh\u00e4ltlich<\/title>\n<meta name=\"description\" content=\"Modernes Sofa, erh\u00e4ltlich in zwei Gr\u00f6\u00dfen, mit Polsterung in Blau, Hellgrau oder Dunkelgrau. R\u00fcckenlehne mit Kn\u00f6pfen und Polypropylenf\u00fc\u00dfen in Naturholzfarbe\" \/>\n<meta name=\"robots\" content=\"index, follow, max-snippet:-1, max-image-preview:large, max-video-preview:-1\" \/>\n<link rel=\"canonical\" href=\"https:\/\/www.bagnoitalia.com\/de\/produkt\/taylor2-2-or-3-seater-sofa-147x79-or-193x79-cm-in-fabric-available-in-3-colours-2.html\" \/>\n<meta property=\"og:locale\" content=\"de_DE\" \/>\n<meta property=\"og:type\" content=\"article\" \/>\n<meta property=\"og:title\" content=\"Taylor2 2 oder 3 Sitzer Sofa 147x79 oder 193x79 cm in Stoff in 3 Farben erh\u00e4ltlich\" \/>\n<meta property=\"og:description\" content=\"Modernes Sofa, erh\u00e4ltlich in zwei Gr\u00f6\u00dfen, mit Polsterung in Blau, Hellgrau oder Dunkelgrau. R\u00fcckenlehne mit Kn\u00f6pfen und Polypropylenf\u00fc\u00dfen in Naturholzfarbe\" \/>\n<meta property=\"og:url\" content=\"https:\/\/www.bagnoitalia.com\/de\/produkt\/taylor2-2-or-3-seater-sofa-147x79-or-193x79-cm-in-fabric-available-in-3-colours-2.html\" \/>\n<meta property=\"og:site_name\" content=\"Bagno Italia\" \/>\n<meta property=\"article:modified_time\" content=\"2026-02-20T13:34:21+00:00\" \/>\n<meta property=\"og:image\" content=\"https:\/\/img.bagnoitalia.com\/wp-content\/uploads\/virtuemart\/product\/divano-taylor2-colori-misure-1.jpg\" \/>\n\t<meta property=\"og:image:width\" content=\"550\" \/>\n\t<meta property=\"og:image:height\" content=\"550\" \/>\n\t<meta property=\"og:image:type\" content=\"image\/jpeg\" \/>\n<meta name=\"twitter:card\" content=\"summary_large_image\" \/>\n<meta name=\"twitter:label1\" content=\"Gesch\u00e4tzte Lesezeit\" \/>\n\t<meta name=\"twitter:data1\" content=\"1\u00a0Minute\" \/>\n<script type=\"application\/ld+json\" class=\"yoast-schema-graph\">{\"@context\":\"https:\/\/schema.org\",\"@graph\":[{\"@type\":\"WebPage\",\"@id\":\"https:\/\/www.bagnoitalia.com\/de\/produkt\/taylor2-2-or-3-seater-sofa-147x79-or-193x79-cm-in-fabric-available-in-3-colours-2.html\",\"url\":\"https:\/\/www.bagnoitalia.com\/de\/produkt\/taylor2-2-or-3-seater-sofa-147x79-or-193x79-cm-in-fabric-available-in-3-colours-2.html\",\"name\":\"Taylor2 2 oder 3 Sitzer Sofa 147x79 oder 193x79 cm in Stoff in 3 Farben erh\u00e4ltlich\",\"isPartOf\":{\"@id\":\"https:\/\/www.bagnoitalia.com\/de#website\"},\"primaryImageOfPage\":{\"@id\":\"https:\/\/www.bagnoitalia.com\/de\/produkt\/taylor2-2-or-3-seater-sofa-147x79-or-193x79-cm-in-fabric-available-in-3-colours-2.html#primaryimage\"},\"image\":{\"@id\":\"https:\/\/www.bagnoitalia.com\/de\/produkt\/taylor2-2-or-3-seater-sofa-147x79-or-193x79-cm-in-fabric-available-in-3-colours-2.html#primaryimage\"},\"thumbnailUrl\":\"https:\/\/img.bagnoitalia.com\/wp-content\/uploads\/virtuemart\/product\/divano-taylor2-colori-misure-1.jpg\",\"datePublished\":\"2023-12-18T13:21:03+00:00\",\"dateModified\":\"2026-02-20T13:34:21+00:00\",\"description\":\"Modernes Sofa, erh\u00e4ltlich in zwei Gr\u00f6\u00dfen, mit Polsterung in Blau, Hellgrau oder Dunkelgrau. R\u00fcckenlehne mit Kn\u00f6pfen und Polypropylenf\u00fc\u00dfen in Naturholzfarbe\",\"breadcrumb\":{\"@id\":\"https:\/\/www.bagnoitalia.com\/de\/produkt\/taylor2-2-or-3-seater-sofa-147x79-or-193x79-cm-in-fabric-available-in-3-colours-2.html#breadcrumb\"},\"inLanguage\":\"de\",\"potentialAction\":[{\"@type\":\"ReadAction\",\"target\":[\"https:\/\/www.bagnoitalia.com\/de\/produkt\/taylor2-2-or-3-seater-sofa-147x79-or-193x79-cm-in-fabric-available-in-3-colours-2.html\"]}]},{\"@type\":\"ImageObject\",\"inLanguage\":\"de\",\"@id\":\"https:\/\/www.bagnoitalia.com\/de\/produkt\/taylor2-2-or-3-seater-sofa-147x79-or-193x79-cm-in-fabric-available-in-3-colours-2.html#primaryimage\",\"url\":\"https:\/\/img.bagnoitalia.com\/wp-content\/uploads\/virtuemart\/product\/divano-taylor2-colori-misure-1.jpg\",\"contentUrl\":\"https:\/\/img.bagnoitalia.com\/wp-content\/uploads\/virtuemart\/product\/divano-taylor2-colori-misure-1.jpg\",\"width\":550,\"height\":550},{\"@type\":\"BreadcrumbList\",\"@id\":\"https:\/\/www.bagnoitalia.com\/de\/produkt\/taylor2-2-or-3-seater-sofa-147x79-or-193x79-cm-in-fabric-available-in-3-colours-2.html#breadcrumb\",\"itemListElement\":[{\"@type\":\"ListItem\",\"position\":1,\"name\":\"Home\",\"item\":\"https:\/\/www.bagnoitalia.com\/de\"},{\"@type\":\"ListItem\",\"position\":2,\"name\":\"Produkte\",\"item\":\"https:\/\/www.bagnoitalia.com\/de\/shop\"},{\"@type\":\"ListItem\",\"position\":3,\"name\":\"Taylor2 2 oder 3 Sitzer Sofa 147&#215;79 oder 193&#215;79 cm in Stoff in 3 Farben erh\u00e4ltlich\"}]},{\"@type\":\"WebSite\",\"@id\":\"https:\/\/www.bagnoitalia.com\/de#website\",\"url\":\"https:\/\/www.bagnoitalia.com\/de\",\"name\":\"Bagno Italia\",\"description\":\"\",\"publisher\":{\"@id\":\"https:\/\/www.bagnoitalia.com\/de#organization\"},\"potentialAction\":[{\"@type\":\"SearchAction\",\"target\":{\"@type\":\"EntryPoint\",\"urlTemplate\":\"https:\/\/www.bagnoitalia.com\/de?s={search_term_string}\"},\"query-input\":{\"@type\":\"PropertyValueSpecification\",\"valueRequired\":true,\"valueName\":\"search_term_string\"}}],\"inLanguage\":\"de\"},{\"@type\":\"Organization\",\"@id\":\"https:\/\/www.bagnoitalia.com\/de#organization\",\"name\":\"Bagno Italia\",\"url\":\"https:\/\/www.bagnoitalia.com\/de\",\"logo\":{\"@type\":\"ImageObject\",\"inLanguage\":\"de\",\"@id\":\"https:\/\/www.bagnoitalia.com\/de#\/schema\/logo\/image\/\",\"url\":\"https:\/\/img.bagnoitalia.com\/wp-content\/uploads\/logo-bagnoitalia.webp\",\"contentUrl\":\"https:\/\/img.bagnoitalia.com\/wp-content\/uploads\/logo-bagnoitalia.webp\",\"width\":400,\"height\":70,\"caption\":\"Bagno Italia\"},\"image\":{\"@id\":\"https:\/\/www.bagnoitalia.com\/de#\/schema\/logo\/image\/\"}}]}<\/script>\n<!-- \/ Yoast SEO plugin. -->","yoast_head_json":{"title":"Taylor2 2 oder 3 Sitzer Sofa 147x79 oder 193x79 cm in Stoff in 3 Farben erh\u00e4ltlich","description":"Modernes Sofa, erh\u00e4ltlich in zwei Gr\u00f6\u00dfen, mit Polsterung in Blau, Hellgrau oder Dunkelgrau. R\u00fcckenlehne mit Kn\u00f6pfen und Polypropylenf\u00fc\u00dfen in Naturholzfarbe","robots":{"index":"index","follow":"follow","max-snippet":"max-snippet:-1","max-image-preview":"max-image-preview:large","max-video-preview":"max-video-preview:-1"},"canonical":"https:\/\/www.bagnoitalia.com\/de\/produkt\/taylor2-2-or-3-seater-sofa-147x79-or-193x79-cm-in-fabric-available-in-3-colours-2.html","og_locale":"de_DE","og_type":"article","og_title":"Taylor2 2 oder 3 Sitzer Sofa 147x79 oder 193x79 cm in Stoff in 3 Farben erh\u00e4ltlich","og_description":"Modernes Sofa, erh\u00e4ltlich in zwei Gr\u00f6\u00dfen, mit Polsterung in Blau, Hellgrau oder Dunkelgrau. R\u00fcckenlehne mit Kn\u00f6pfen und Polypropylenf\u00fc\u00dfen in Naturholzfarbe","og_url":"https:\/\/www.bagnoitalia.com\/de\/produkt\/taylor2-2-or-3-seater-sofa-147x79-or-193x79-cm-in-fabric-available-in-3-colours-2.html","og_site_name":"Bagno Italia","article_modified_time":"2026-02-20T13:34:21+00:00","og_image":[{"width":550,"height":550,"url":"https:\/\/img.bagnoitalia.com\/wp-content\/uploads\/virtuemart\/product\/divano-taylor2-colori-misure-1.jpg","type":"image\/jpeg"}],"twitter_card":"summary_large_image","twitter_misc":{"Gesch\u00e4tzte Lesezeit":"1\u00a0Minute"},"schema":{"@context":"https:\/\/schema.org","@graph":[{"@type":"WebPage","@id":"https:\/\/www.bagnoitalia.com\/de\/produkt\/taylor2-2-or-3-seater-sofa-147x79-or-193x79-cm-in-fabric-available-in-3-colours-2.html","url":"https:\/\/www.bagnoitalia.com\/de\/produkt\/taylor2-2-or-3-seater-sofa-147x79-or-193x79-cm-in-fabric-available-in-3-colours-2.html","name":"Taylor2 2 oder 3 Sitzer Sofa 147x79 oder 193x79 cm in Stoff in 3 Farben erh\u00e4ltlich","isPartOf":{"@id":"https:\/\/www.bagnoitalia.com\/de#website"},"primaryImageOfPage":{"@id":"https:\/\/www.bagnoitalia.com\/de\/produkt\/taylor2-2-or-3-seater-sofa-147x79-or-193x79-cm-in-fabric-available-in-3-colours-2.html#primaryimage"},"image":{"@id":"https:\/\/www.bagnoitalia.com\/de\/produkt\/taylor2-2-or-3-seater-sofa-147x79-or-193x79-cm-in-fabric-available-in-3-colours-2.html#primaryimage"},"thumbnailUrl":"https:\/\/img.bagnoitalia.com\/wp-content\/uploads\/virtuemart\/product\/divano-taylor2-colori-misure-1.jpg","datePublished":"2023-12-18T13:21:03+00:00","dateModified":"2026-02-20T13:34:21+00:00","description":"Modernes Sofa, erh\u00e4ltlich in zwei Gr\u00f6\u00dfen, mit Polsterung in Blau, Hellgrau oder Dunkelgrau. R\u00fcckenlehne mit Kn\u00f6pfen und Polypropylenf\u00fc\u00dfen in Naturholzfarbe","breadcrumb":{"@id":"https:\/\/www.bagnoitalia.com\/de\/produkt\/taylor2-2-or-3-seater-sofa-147x79-or-193x79-cm-in-fabric-available-in-3-colours-2.html#breadcrumb"},"inLanguage":"de","potentialAction":[{"@type":"ReadAction","target":["https:\/\/www.bagnoitalia.com\/de\/produkt\/taylor2-2-or-3-seater-sofa-147x79-or-193x79-cm-in-fabric-available-in-3-colours-2.html"]}]},{"@type":"ImageObject","inLanguage":"de","@id":"https:\/\/www.bagnoitalia.com\/de\/produkt\/taylor2-2-or-3-seater-sofa-147x79-or-193x79-cm-in-fabric-available-in-3-colours-2.html#primaryimage","url":"https:\/\/img.bagnoitalia.com\/wp-content\/uploads\/virtuemart\/product\/divano-taylor2-colori-misure-1.jpg","contentUrl":"https:\/\/img.bagnoitalia.com\/wp-content\/uploads\/virtuemart\/product\/divano-taylor2-colori-misure-1.jpg","width":550,"height":550},{"@type":"BreadcrumbList","@id":"https:\/\/www.bagnoitalia.com\/de\/produkt\/taylor2-2-or-3-seater-sofa-147x79-or-193x79-cm-in-fabric-available-in-3-colours-2.html#breadcrumb","itemListElement":[{"@type":"ListItem","position":1,"name":"Home","item":"https:\/\/www.bagnoitalia.com\/de"},{"@type":"ListItem","position":2,"name":"Produkte","item":"https:\/\/www.bagnoitalia.com\/de\/shop"},{"@type":"ListItem","position":3,"name":"Taylor2 2 oder 3 Sitzer Sofa 147&#215;79 oder 193&#215;79 cm in Stoff in 3 Farben erh\u00e4ltlich"}]},{"@type":"WebSite","@id":"https:\/\/www.bagnoitalia.com\/de#website","url":"https:\/\/www.bagnoitalia.com\/de","name":"Bagno Italia","description":"","publisher":{"@id":"https:\/\/www.bagnoitalia.com\/de#organization"},"potentialAction":[{"@type":"SearchAction","target":{"@type":"EntryPoint","urlTemplate":"https:\/\/www.bagnoitalia.com\/de?s={search_term_string}"},"query-input":{"@type":"PropertyValueSpecification","valueRequired":true,"valueName":"search_term_string"}}],"inLanguage":"de"},{"@type":"Organization","@id":"https:\/\/www.bagnoitalia.com\/de#organization","name":"Bagno Italia","url":"https:\/\/www.bagnoitalia.com\/de","logo":{"@type":"ImageObject","inLanguage":"de","@id":"https:\/\/www.bagnoitalia.com\/de#\/schema\/logo\/image\/","url":"https:\/\/img.bagnoitalia.com\/wp-content\/uploads\/logo-bagnoitalia.webp","contentUrl":"https:\/\/img.bagnoitalia.com\/wp-content\/uploads\/logo-bagnoitalia.webp","width":400,"height":70,"caption":"Bagno Italia"},"image":{"@id":"https:\/\/www.bagnoitalia.com\/de#\/schema\/logo\/image\/"}}]}},"_links":{"self":[{"href":"https:\/\/www.bagnoitalia.com\/de\/wp-json\/wp\/v2\/product\/83658","targetHints":{"allow":["GET"]}}],"collection":[{"href":"https:\/\/www.bagnoitalia.com\/de\/wp-json\/wp\/v2\/product"}],"about":[{"href":"https:\/\/www.bagnoitalia.com\/de\/wp-json\/wp\/v2\/types\/product"}],"replies":[{"embeddable":true,"href":"https:\/\/www.bagnoitalia.com\/de\/wp-json\/wp\/v2\/comments?post=83658"}],"version-history":[{"count":2,"href":"https:\/\/www.bagnoitalia.com\/de\/wp-json\/wp\/v2\/product\/83658\/revisions"}],"predecessor-version":[{"id":116508,"href":"https:\/\/www.bagnoitalia.com\/de\/wp-json\/wp\/v2\/product\/83658\/revisions\/116508"}],"wp:featuredmedia":[{"embeddable":true,"href":"https:\/\/www.bagnoitalia.com\/de\/wp-json\/wp\/v2\/media\/67241"}],"wp:attachment":[{"href":"https:\/\/www.bagnoitalia.com\/de\/wp-json\/wp\/v2\/media?parent=83658"}],"wp:term":[{"taxonomy":"product_brand","embeddable":true,"href":"https:\/\/www.bagnoitalia.com\/de\/wp-json\/wp\/v2\/product_brand?post=83658"},{"taxonomy":"product_cat","embeddable":true,"href":"https:\/\/www.bagnoitalia.com\/de\/wp-json\/wp\/v2\/product_cat?post=83658"},{"taxonomy":"product_tag","embeddable":true,"href":"https:\/\/www.bagnoitalia.com\/de\/wp-json\/wp\/v2\/product_tag?post=83658"}],"curies":[{"name":"wp","href":"https:\/\/api.w.org\/{rel}","templated":true}]}}