{"id":83650,"date":"2023-12-18T11:24:30","date_gmt":"2023-12-18T10:24:30","guid":{"rendered":"https:\/\/www.bagnoitalia.com\/product\/152x83-or-196x83-cm-dove-grey-red-or-blue-velvet-rachel-sofa-2-3-places-2"},"modified":"2026-02-20T14:59:51","modified_gmt":"2026-02-20T13:59:51","slug":"152x83-or-196x83-cm-dove-grey-red-or-blue-velvet-rachel-sofa-2-3-places-2","status":"publish","type":"product","link":"https:\/\/www.bagnoitalia.com\/de\/produkt\/152x83-or-196x83-cm-dove-grey-red-or-blue-velvet-rachel-sofa-2-3-places-2.html","title":{"rendered":"152&#215;83 oder 196&#215;83 cm taubengrau rot oder blau Samt Rachel Sofa, 2-3 Pl\u00e4tze"},"content":{"rendered":"<p>SAMTSOFA &#8222;RACHEL<\/p>\n<p>&nbsp;<\/p>\n<p>&nbsp;<\/p>\n<p>MERKMALE<\/p>\n<p>Sofa aus Samt<\/p>\n<p>Erh\u00e4ltlich in 4 Farben<\/p>\n<p>blau<br \/>\nhellgrau<br \/>\ntaubengrau<br \/>\nrot<\/p>\n<p>Zwei Gr\u00f6\u00dfen zur Auswahl:<\/p>\n<p>152x83xH89 cm 2-Sitzer<br \/>\n196x83xH89 cm 3-Sitzer<\/p>\n<p>W\u00e4hlen Sie den gew\u00fcnschten Typ \u00fcber das Dropdown-Men\u00fc<\/p>\n<p>&nbsp;<\/p>\n<p>&nbsp;<\/p>\n<p>&nbsp;<\/p>\n<p>&nbsp;<\/p>\n<p>&nbsp;<\/p>\n<p>&nbsp;<\/p>\n<p>&nbsp;<\/p>\n<p>&nbsp;<\/p>\n<p>&nbsp;<\/p>\n<p>&nbsp;<\/p>\n<p>&nbsp;<\/p>\n<p>&nbsp;<\/p>\n<p>&nbsp;<\/p>\n<p>&nbsp;<\/p>\n<p>&nbsp;<\/p>\n<p>&nbsp;<\/p>\n<p>&nbsp;<\/p>\n<p>chandler<\/p>\n","protected":false},"excerpt":{"rendered":"<p>Sofa in zwei Gr\u00f6\u00dfen und 4 Farben erh\u00e4ltlich, mit Samtbezug. Geeignet f\u00fcr Wohnr\u00e4ume und B\u00fcros. Die Kissen sind im Preis inbegriffen.<\/p>\n","protected":false},"featured_media":67113,"comment_status":"open","ping_status":"closed","template":"","meta":[],"product_brand":[9880],"product_cat":[9792],"product_tag":[],"class_list":{"0":"post-83650","1":"product","2":"type-product","3":"status-publish","4":"has-post-thumbnail","6":"product_brand-vari-produttori-de","7":"product_cat-sofa-inneneinrichtung","9":"first","10":"instock","11":"sale","12":"taxable","13":"shipping-taxable","14":"purchasable","15":"product-type-simple"},"exclude_global_add_ons":false,"addons":[{"name":"Typ","type":"multiple_choice","position":0,"required":true,"title_format":"heading","default":"","description_enable":false,"description":"","placeholder_enable":false,"placeholder":"","display":"select","restrictions_type":"any_text","adjust_price":false,"price":"","price_type":"flat_fee","restrictions":false,"min":"0","max":"0","options":[{"label":"152x83 cm taubengrau","price":"","price_type":"quantity_based","image":0,"visibility":true},{"label":"196x83 cm taubengrau","price":"70","price_type":"quantity_based","image":0,"visibility":true},{"label":"(Nicht verf\u00fcgbar) 152x83 cm rot","price":"220","price_type":"quantity_based","image":0,"visibility":true},{"label":"152x83 cm hellgrau","price":"220","price_type":"quantity_based","image":0,"visibility":true},{"label":"152x83 cm blau","price":"220","price_type":"quantity_based","image":0,"visibility":true},{"label":"(Nicht verf\u00fcgbar) 196x83 cm rot","price":"370","price_type":"quantity_based","image":0,"visibility":true},{"label":"196x83 cm hellgrau","price":"370","price_type":"quantity_based","image":0,"visibility":true},{"label":"196x83 cm blau","price":"370","price_type":"quantity_based","image":0,"visibility":true}],"id":1718365161}],"yoast_head":"<!-- This site is optimized with the Yoast SEO plugin v26.7 - https:\/\/yoast.com\/wordpress\/plugins\/seo\/ -->\n<title>152x83 oder 196x83 cm taubengrau rot oder blau Samt Rachel Sofa, 2-3 Pl\u00e4tze<\/title>\n<meta name=\"description\" content=\"Sofa in zwei Gr\u00f6\u00dfen und 4 Farben erh\u00e4ltlich, mit Samtbezug. Geeignet f\u00fcr Wohnr\u00e4ume und B\u00fcros. Die Kissen sind im Preis inbegriffen.\" \/>\n<meta name=\"robots\" content=\"index, follow, max-snippet:-1, max-image-preview:large, max-video-preview:-1\" \/>\n<link rel=\"canonical\" href=\"https:\/\/www.bagnoitalia.com\/de\/produkt\/152x83-or-196x83-cm-dove-grey-red-or-blue-velvet-rachel-sofa-2-3-places-2.html\" \/>\n<meta property=\"og:locale\" content=\"de_DE\" \/>\n<meta property=\"og:type\" content=\"article\" \/>\n<meta property=\"og:title\" content=\"152x83 oder 196x83 cm taubengrau rot oder blau Samt Rachel Sofa, 2-3 Pl\u00e4tze\" \/>\n<meta property=\"og:description\" content=\"Sofa in zwei Gr\u00f6\u00dfen und 4 Farben erh\u00e4ltlich, mit Samtbezug. Geeignet f\u00fcr Wohnr\u00e4ume und B\u00fcros. Die Kissen sind im Preis inbegriffen.\" \/>\n<meta property=\"og:url\" content=\"https:\/\/www.bagnoitalia.com\/de\/produkt\/152x83-or-196x83-cm-dove-grey-red-or-blue-velvet-rachel-sofa-2-3-places-2.html\" \/>\n<meta property=\"og:site_name\" content=\"Bagno Italia\" \/>\n<meta property=\"article:modified_time\" content=\"2026-02-20T13:59:51+00:00\" \/>\n<meta property=\"og:image\" content=\"https:\/\/img.bagnoitalia.com\/wp-content\/uploads\/virtuemart\/product\/divano-rachel-in-velluto-2-3-posti-4-colori-1.jpg\" \/>\n\t<meta property=\"og:image:width\" content=\"550\" \/>\n\t<meta property=\"og:image:height\" content=\"550\" \/>\n\t<meta property=\"og:image:type\" content=\"image\/jpeg\" \/>\n<meta name=\"twitter:card\" content=\"summary_large_image\" \/>\n<meta name=\"twitter:label1\" content=\"Gesch\u00e4tzte Lesezeit\" \/>\n\t<meta name=\"twitter:data1\" content=\"1\u00a0Minute\" \/>\n<script type=\"application\/ld+json\" class=\"yoast-schema-graph\">{\"@context\":\"https:\/\/schema.org\",\"@graph\":[{\"@type\":\"WebPage\",\"@id\":\"https:\/\/www.bagnoitalia.com\/de\/produkt\/152x83-or-196x83-cm-dove-grey-red-or-blue-velvet-rachel-sofa-2-3-places-2.html\",\"url\":\"https:\/\/www.bagnoitalia.com\/de\/produkt\/152x83-or-196x83-cm-dove-grey-red-or-blue-velvet-rachel-sofa-2-3-places-2.html\",\"name\":\"152x83 oder 196x83 cm taubengrau rot oder blau Samt Rachel Sofa, 2-3 Pl\u00e4tze\",\"isPartOf\":{\"@id\":\"https:\/\/www.bagnoitalia.com\/de#website\"},\"primaryImageOfPage\":{\"@id\":\"https:\/\/www.bagnoitalia.com\/de\/produkt\/152x83-or-196x83-cm-dove-grey-red-or-blue-velvet-rachel-sofa-2-3-places-2.html#primaryimage\"},\"image\":{\"@id\":\"https:\/\/www.bagnoitalia.com\/de\/produkt\/152x83-or-196x83-cm-dove-grey-red-or-blue-velvet-rachel-sofa-2-3-places-2.html#primaryimage\"},\"thumbnailUrl\":\"https:\/\/img.bagnoitalia.com\/wp-content\/uploads\/virtuemart\/product\/divano-rachel-in-velluto-2-3-posti-4-colori-1.jpg\",\"datePublished\":\"2023-12-18T10:24:30+00:00\",\"dateModified\":\"2026-02-20T13:59:51+00:00\",\"description\":\"Sofa in zwei Gr\u00f6\u00dfen und 4 Farben erh\u00e4ltlich, mit Samtbezug. Geeignet f\u00fcr Wohnr\u00e4ume und B\u00fcros. Die Kissen sind im Preis inbegriffen.\",\"breadcrumb\":{\"@id\":\"https:\/\/www.bagnoitalia.com\/de\/produkt\/152x83-or-196x83-cm-dove-grey-red-or-blue-velvet-rachel-sofa-2-3-places-2.html#breadcrumb\"},\"inLanguage\":\"de\",\"potentialAction\":[{\"@type\":\"ReadAction\",\"target\":[\"https:\/\/www.bagnoitalia.com\/de\/produkt\/152x83-or-196x83-cm-dove-grey-red-or-blue-velvet-rachel-sofa-2-3-places-2.html\"]}]},{\"@type\":\"ImageObject\",\"inLanguage\":\"de\",\"@id\":\"https:\/\/www.bagnoitalia.com\/de\/produkt\/152x83-or-196x83-cm-dove-grey-red-or-blue-velvet-rachel-sofa-2-3-places-2.html#primaryimage\",\"url\":\"https:\/\/img.bagnoitalia.com\/wp-content\/uploads\/virtuemart\/product\/divano-rachel-in-velluto-2-3-posti-4-colori-1.jpg\",\"contentUrl\":\"https:\/\/img.bagnoitalia.com\/wp-content\/uploads\/virtuemart\/product\/divano-rachel-in-velluto-2-3-posti-4-colori-1.jpg\",\"width\":550,\"height\":550},{\"@type\":\"BreadcrumbList\",\"@id\":\"https:\/\/www.bagnoitalia.com\/de\/produkt\/152x83-or-196x83-cm-dove-grey-red-or-blue-velvet-rachel-sofa-2-3-places-2.html#breadcrumb\",\"itemListElement\":[{\"@type\":\"ListItem\",\"position\":1,\"name\":\"Home\",\"item\":\"https:\/\/www.bagnoitalia.com\/de\"},{\"@type\":\"ListItem\",\"position\":2,\"name\":\"Produkte\",\"item\":\"https:\/\/www.bagnoitalia.com\/de\/shop\"},{\"@type\":\"ListItem\",\"position\":3,\"name\":\"152&#215;83 oder 196&#215;83 cm taubengrau rot oder blau Samt Rachel Sofa, 2-3 Pl\u00e4tze\"}]},{\"@type\":\"WebSite\",\"@id\":\"https:\/\/www.bagnoitalia.com\/de#website\",\"url\":\"https:\/\/www.bagnoitalia.com\/de\",\"name\":\"Bagno Italia\",\"description\":\"\",\"publisher\":{\"@id\":\"https:\/\/www.bagnoitalia.com\/de#organization\"},\"potentialAction\":[{\"@type\":\"SearchAction\",\"target\":{\"@type\":\"EntryPoint\",\"urlTemplate\":\"https:\/\/www.bagnoitalia.com\/de?s={search_term_string}\"},\"query-input\":{\"@type\":\"PropertyValueSpecification\",\"valueRequired\":true,\"valueName\":\"search_term_string\"}}],\"inLanguage\":\"de\"},{\"@type\":\"Organization\",\"@id\":\"https:\/\/www.bagnoitalia.com\/de#organization\",\"name\":\"Bagno Italia\",\"url\":\"https:\/\/www.bagnoitalia.com\/de\",\"logo\":{\"@type\":\"ImageObject\",\"inLanguage\":\"de\",\"@id\":\"https:\/\/www.bagnoitalia.com\/de#\/schema\/logo\/image\/\",\"url\":\"https:\/\/img.bagnoitalia.com\/wp-content\/uploads\/logo-bagnoitalia.webp\",\"contentUrl\":\"https:\/\/img.bagnoitalia.com\/wp-content\/uploads\/logo-bagnoitalia.webp\",\"width\":400,\"height\":70,\"caption\":\"Bagno Italia\"},\"image\":{\"@id\":\"https:\/\/www.bagnoitalia.com\/de#\/schema\/logo\/image\/\"}}]}<\/script>\n<!-- \/ Yoast SEO plugin. -->","yoast_head_json":{"title":"152x83 oder 196x83 cm taubengrau rot oder blau Samt Rachel Sofa, 2-3 Pl\u00e4tze","description":"Sofa in zwei Gr\u00f6\u00dfen und 4 Farben erh\u00e4ltlich, mit Samtbezug. Geeignet f\u00fcr Wohnr\u00e4ume und B\u00fcros. Die Kissen sind im Preis inbegriffen.","robots":{"index":"index","follow":"follow","max-snippet":"max-snippet:-1","max-image-preview":"max-image-preview:large","max-video-preview":"max-video-preview:-1"},"canonical":"https:\/\/www.bagnoitalia.com\/de\/produkt\/152x83-or-196x83-cm-dove-grey-red-or-blue-velvet-rachel-sofa-2-3-places-2.html","og_locale":"de_DE","og_type":"article","og_title":"152x83 oder 196x83 cm taubengrau rot oder blau Samt Rachel Sofa, 2-3 Pl\u00e4tze","og_description":"Sofa in zwei Gr\u00f6\u00dfen und 4 Farben erh\u00e4ltlich, mit Samtbezug. Geeignet f\u00fcr Wohnr\u00e4ume und B\u00fcros. Die Kissen sind im Preis inbegriffen.","og_url":"https:\/\/www.bagnoitalia.com\/de\/produkt\/152x83-or-196x83-cm-dove-grey-red-or-blue-velvet-rachel-sofa-2-3-places-2.html","og_site_name":"Bagno Italia","article_modified_time":"2026-02-20T13:59:51+00:00","og_image":[{"width":550,"height":550,"url":"https:\/\/img.bagnoitalia.com\/wp-content\/uploads\/virtuemart\/product\/divano-rachel-in-velluto-2-3-posti-4-colori-1.jpg","type":"image\/jpeg"}],"twitter_card":"summary_large_image","twitter_misc":{"Gesch\u00e4tzte Lesezeit":"1\u00a0Minute"},"schema":{"@context":"https:\/\/schema.org","@graph":[{"@type":"WebPage","@id":"https:\/\/www.bagnoitalia.com\/de\/produkt\/152x83-or-196x83-cm-dove-grey-red-or-blue-velvet-rachel-sofa-2-3-places-2.html","url":"https:\/\/www.bagnoitalia.com\/de\/produkt\/152x83-or-196x83-cm-dove-grey-red-or-blue-velvet-rachel-sofa-2-3-places-2.html","name":"152x83 oder 196x83 cm taubengrau rot oder blau Samt Rachel Sofa, 2-3 Pl\u00e4tze","isPartOf":{"@id":"https:\/\/www.bagnoitalia.com\/de#website"},"primaryImageOfPage":{"@id":"https:\/\/www.bagnoitalia.com\/de\/produkt\/152x83-or-196x83-cm-dove-grey-red-or-blue-velvet-rachel-sofa-2-3-places-2.html#primaryimage"},"image":{"@id":"https:\/\/www.bagnoitalia.com\/de\/produkt\/152x83-or-196x83-cm-dove-grey-red-or-blue-velvet-rachel-sofa-2-3-places-2.html#primaryimage"},"thumbnailUrl":"https:\/\/img.bagnoitalia.com\/wp-content\/uploads\/virtuemart\/product\/divano-rachel-in-velluto-2-3-posti-4-colori-1.jpg","datePublished":"2023-12-18T10:24:30+00:00","dateModified":"2026-02-20T13:59:51+00:00","description":"Sofa in zwei Gr\u00f6\u00dfen und 4 Farben erh\u00e4ltlich, mit Samtbezug. Geeignet f\u00fcr Wohnr\u00e4ume und B\u00fcros. Die Kissen sind im Preis inbegriffen.","breadcrumb":{"@id":"https:\/\/www.bagnoitalia.com\/de\/produkt\/152x83-or-196x83-cm-dove-grey-red-or-blue-velvet-rachel-sofa-2-3-places-2.html#breadcrumb"},"inLanguage":"de","potentialAction":[{"@type":"ReadAction","target":["https:\/\/www.bagnoitalia.com\/de\/produkt\/152x83-or-196x83-cm-dove-grey-red-or-blue-velvet-rachel-sofa-2-3-places-2.html"]}]},{"@type":"ImageObject","inLanguage":"de","@id":"https:\/\/www.bagnoitalia.com\/de\/produkt\/152x83-or-196x83-cm-dove-grey-red-or-blue-velvet-rachel-sofa-2-3-places-2.html#primaryimage","url":"https:\/\/img.bagnoitalia.com\/wp-content\/uploads\/virtuemart\/product\/divano-rachel-in-velluto-2-3-posti-4-colori-1.jpg","contentUrl":"https:\/\/img.bagnoitalia.com\/wp-content\/uploads\/virtuemart\/product\/divano-rachel-in-velluto-2-3-posti-4-colori-1.jpg","width":550,"height":550},{"@type":"BreadcrumbList","@id":"https:\/\/www.bagnoitalia.com\/de\/produkt\/152x83-or-196x83-cm-dove-grey-red-or-blue-velvet-rachel-sofa-2-3-places-2.html#breadcrumb","itemListElement":[{"@type":"ListItem","position":1,"name":"Home","item":"https:\/\/www.bagnoitalia.com\/de"},{"@type":"ListItem","position":2,"name":"Produkte","item":"https:\/\/www.bagnoitalia.com\/de\/shop"},{"@type":"ListItem","position":3,"name":"152&#215;83 oder 196&#215;83 cm taubengrau rot oder blau Samt Rachel Sofa, 2-3 Pl\u00e4tze"}]},{"@type":"WebSite","@id":"https:\/\/www.bagnoitalia.com\/de#website","url":"https:\/\/www.bagnoitalia.com\/de","name":"Bagno Italia","description":"","publisher":{"@id":"https:\/\/www.bagnoitalia.com\/de#organization"},"potentialAction":[{"@type":"SearchAction","target":{"@type":"EntryPoint","urlTemplate":"https:\/\/www.bagnoitalia.com\/de?s={search_term_string}"},"query-input":{"@type":"PropertyValueSpecification","valueRequired":true,"valueName":"search_term_string"}}],"inLanguage":"de"},{"@type":"Organization","@id":"https:\/\/www.bagnoitalia.com\/de#organization","name":"Bagno Italia","url":"https:\/\/www.bagnoitalia.com\/de","logo":{"@type":"ImageObject","inLanguage":"de","@id":"https:\/\/www.bagnoitalia.com\/de#\/schema\/logo\/image\/","url":"https:\/\/img.bagnoitalia.com\/wp-content\/uploads\/logo-bagnoitalia.webp","contentUrl":"https:\/\/img.bagnoitalia.com\/wp-content\/uploads\/logo-bagnoitalia.webp","width":400,"height":70,"caption":"Bagno Italia"},"image":{"@id":"https:\/\/www.bagnoitalia.com\/de#\/schema\/logo\/image\/"}}]}},"_links":{"self":[{"href":"https:\/\/www.bagnoitalia.com\/de\/wp-json\/wp\/v2\/product\/83650","targetHints":{"allow":["GET"]}}],"collection":[{"href":"https:\/\/www.bagnoitalia.com\/de\/wp-json\/wp\/v2\/product"}],"about":[{"href":"https:\/\/www.bagnoitalia.com\/de\/wp-json\/wp\/v2\/types\/product"}],"replies":[{"embeddable":true,"href":"https:\/\/www.bagnoitalia.com\/de\/wp-json\/wp\/v2\/comments?post=83650"}],"version-history":[{"count":1,"href":"https:\/\/www.bagnoitalia.com\/de\/wp-json\/wp\/v2\/product\/83650\/revisions"}],"predecessor-version":[{"id":90194,"href":"https:\/\/www.bagnoitalia.com\/de\/wp-json\/wp\/v2\/product\/83650\/revisions\/90194"}],"wp:featuredmedia":[{"embeddable":true,"href":"https:\/\/www.bagnoitalia.com\/de\/wp-json\/wp\/v2\/media\/67113"}],"wp:attachment":[{"href":"https:\/\/www.bagnoitalia.com\/de\/wp-json\/wp\/v2\/media?parent=83650"}],"wp:term":[{"taxonomy":"product_brand","embeddable":true,"href":"https:\/\/www.bagnoitalia.com\/de\/wp-json\/wp\/v2\/product_brand?post=83650"},{"taxonomy":"product_cat","embeddable":true,"href":"https:\/\/www.bagnoitalia.com\/de\/wp-json\/wp\/v2\/product_cat?post=83650"},{"taxonomy":"product_tag","embeddable":true,"href":"https:\/\/www.bagnoitalia.com\/de\/wp-json\/wp\/v2\/product_tag?post=83650"}],"curies":[{"name":"wp","href":"https:\/\/api.w.org\/{rel}","templated":true}]}}