{"id":83646,"date":"2023-12-15T16:18:36","date_gmt":"2023-12-15T15:18:36","guid":{"rendered":"https:\/\/www.bagnoitalia.com\/product\/freestanding-bathtub-170x80-cm-oval-shape-glossy-white-centre-vs145-2"},"modified":"2023-12-15T16:18:36","modified_gmt":"2023-12-15T15:18:36","slug":"freestanding-bathtub-170x80-cm-oval-shape-glossy-white-centre-vs145-2","status":"publish","type":"product","link":"https:\/\/www.bagnoitalia.com\/de\/produkt\/freestanding-bathtub-170x80-cm-oval-shape-glossy-white-centre-vs145-2.html","title":{"rendered":"Freistehende Badewanne 170&#215;80 cm ovale Form gl\u00e4nzend wei\u00df Mitte VS145"},"content":{"rendered":"<p>FREISTEHENDE OVALE WANNE VS145<\/p>\n<p>&nbsp;<\/p>\n<p>&nbsp;<\/p>\n<p>PRODUKTSPEZIFIKATIONEN<\/p>\n<p>Oval geformte Badewanne<\/p>\n<p>Geeignet f\u00fcr die freistehende Installation<\/p>\n<p>\u00c4u\u00dfere Abmessungen: 170x80xH74 cm<\/p>\n<p>Material der Struktur: Rostfreier Stahl<\/p>\n<p>Material der Polsterung: Sanit\u00e4r-Acryl<\/p>\n<p>Farbe: Wei\u00df<\/p>\n<p>Ausf\u00fchrung: Poliert<\/p>\n<p>Inklusive Abfluss, \u00dcberlauf und Abfluss-Wellrohr<\/p>\n<p>Es ist m\u00f6glich, diese Badewanne mit einem der 4 Modelle von S\u00e4ulenmischern aus dem Dropdown-Men\u00fc oben zu kombinieren<\/p>\n<p>&nbsp;<\/p>\n","protected":false},"excerpt":{"rendered":"<p>Eine Badewanne mit einer charakteristischen ovalen Form, mit einer &#8222;conca&#8220; Oberkante. Hergestellt aus Sanit\u00e4racryl in gl\u00e4nzendem Wei\u00df auf allen Seiten, so dass die Wanne in der Mitte des Raumes installiert werden kann. Die Wasserh\u00e4hne und Armaturen sind nicht im Lieferumfang enthalten, aber wir bieten eine Auswahl von 4 Modellen von S\u00e4ulenarmaturen.<\/p>\n","protected":false},"featured_media":67057,"comment_status":"open","ping_status":"closed","template":"","meta":[],"product_brand":[9952],"product_cat":[15],"product_tag":[],"class_list":{"0":"post-83646","1":"product","2":"type-product","3":"status-publish","4":"has-post-thumbnail","6":"product_brand-importforme-de","7":"product_cat-senza-categoria","9":"first","10":"outofstock","11":"taxable","12":"shipping-taxable","13":"purchasable","14":"product-type-simple"},"exclude_global_add_ons":false,"addons":[{"name":"CAMPI_MISCELATORE\r\n","type":"select","position":0,"required":true,"title_format":"label","default":"","description_enable":false,"description":"","placeholder_enable":false,"placeholder":"","display":"select","restrictions_type":"any_text","adjust_price":false,"price":"","price_type":"","restrictions":false,"min":"0","max":"0","options":[]}],"yoast_head":"<!-- This site is optimized with the Yoast SEO plugin v26.7 - https:\/\/yoast.com\/wordpress\/plugins\/seo\/ -->\n<title>Freistehende Badewanne 170x80 cm ovale Form gl\u00e4nzend wei\u00df Mitte VS145<\/title>\n<meta name=\"description\" content=\"Eine Badewanne mit einer charakteristischen ovalen Form, mit einer &#034;conca&#034; Oberkante. Hergestellt aus Sanit\u00e4racryl in gl\u00e4nzendem Wei\u00df auf allen Seiten, so dass die Wanne in der Mitte des Raumes installiert werden kann. Die Wasserh\u00e4hne und Armaturen sind nicht im Lieferumfang enthalten, aber wir bieten eine Auswahl von 4 Modellen von S\u00e4ulenarmaturen.\" \/>\n<meta name=\"robots\" content=\"index, follow, max-snippet:-1, max-image-preview:large, max-video-preview:-1\" \/>\n<link rel=\"canonical\" href=\"https:\/\/www.bagnoitalia.com\/de\/produkt\/freestanding-bathtub-170x80-cm-oval-shape-glossy-white-centre-vs145-2.html\" \/>\n<meta property=\"og:locale\" content=\"de_DE\" \/>\n<meta property=\"og:type\" content=\"article\" \/>\n<meta property=\"og:title\" content=\"Freistehende Badewanne 170x80 cm ovale Form gl\u00e4nzend wei\u00df Mitte VS145\" \/>\n<meta property=\"og:description\" content=\"Eine Badewanne mit einer charakteristischen ovalen Form, mit einer &#034;conca&#034; Oberkante. Hergestellt aus Sanit\u00e4racryl in gl\u00e4nzendem Wei\u00df auf allen Seiten, so dass die Wanne in der Mitte des Raumes installiert werden kann. Die Wasserh\u00e4hne und Armaturen sind nicht im Lieferumfang enthalten, aber wir bieten eine Auswahl von 4 Modellen von S\u00e4ulenarmaturen.\" \/>\n<meta property=\"og:url\" content=\"https:\/\/www.bagnoitalia.com\/de\/produkt\/freestanding-bathtub-170x80-cm-oval-shape-glossy-white-centre-vs145-2.html\" \/>\n<meta property=\"og:site_name\" content=\"Bagno Italia\" \/>\n<meta property=\"og:image\" content=\"https:\/\/img.bagnoitalia.com\/wp-content\/uploads\/virtuemart\/product\/vasca-da-bagno-freestanding-arrotondata-170x80-cm-1.jpg\" \/>\n\t<meta property=\"og:image:width\" content=\"550\" \/>\n\t<meta property=\"og:image:height\" content=\"550\" \/>\n\t<meta property=\"og:image:type\" content=\"image\/jpeg\" \/>\n<meta name=\"twitter:card\" content=\"summary_large_image\" \/>\n<script type=\"application\/ld+json\" class=\"yoast-schema-graph\">{\"@context\":\"https:\/\/schema.org\",\"@graph\":[{\"@type\":\"WebPage\",\"@id\":\"https:\/\/www.bagnoitalia.com\/de\/produkt\/freestanding-bathtub-170x80-cm-oval-shape-glossy-white-centre-vs145-2.html\",\"url\":\"https:\/\/www.bagnoitalia.com\/de\/produkt\/freestanding-bathtub-170x80-cm-oval-shape-glossy-white-centre-vs145-2.html\",\"name\":\"Freistehende Badewanne 170x80 cm ovale Form gl\u00e4nzend wei\u00df Mitte VS145\",\"isPartOf\":{\"@id\":\"https:\/\/www.bagnoitalia.com\/de#website\"},\"primaryImageOfPage\":{\"@id\":\"https:\/\/www.bagnoitalia.com\/de\/produkt\/freestanding-bathtub-170x80-cm-oval-shape-glossy-white-centre-vs145-2.html#primaryimage\"},\"image\":{\"@id\":\"https:\/\/www.bagnoitalia.com\/de\/produkt\/freestanding-bathtub-170x80-cm-oval-shape-glossy-white-centre-vs145-2.html#primaryimage\"},\"thumbnailUrl\":\"https:\/\/img.bagnoitalia.com\/wp-content\/uploads\/virtuemart\/product\/vasca-da-bagno-freestanding-arrotondata-170x80-cm-1.jpg\",\"datePublished\":\"2023-12-15T15:18:36+00:00\",\"description\":\"Eine Badewanne mit einer charakteristischen ovalen Form, mit einer &#34;conca&#34; Oberkante. Hergestellt aus Sanit\u00e4racryl in gl\u00e4nzendem Wei\u00df auf allen Seiten, so dass die Wanne in der Mitte des Raumes installiert werden kann. Die Wasserh\u00e4hne und Armaturen sind nicht im Lieferumfang enthalten, aber wir bieten eine Auswahl von 4 Modellen von S\u00e4ulenarmaturen.\",\"breadcrumb\":{\"@id\":\"https:\/\/www.bagnoitalia.com\/de\/produkt\/freestanding-bathtub-170x80-cm-oval-shape-glossy-white-centre-vs145-2.html#breadcrumb\"},\"inLanguage\":\"de\",\"potentialAction\":[{\"@type\":\"ReadAction\",\"target\":[\"https:\/\/www.bagnoitalia.com\/de\/produkt\/freestanding-bathtub-170x80-cm-oval-shape-glossy-white-centre-vs145-2.html\"]}]},{\"@type\":\"ImageObject\",\"inLanguage\":\"de\",\"@id\":\"https:\/\/www.bagnoitalia.com\/de\/produkt\/freestanding-bathtub-170x80-cm-oval-shape-glossy-white-centre-vs145-2.html#primaryimage\",\"url\":\"https:\/\/img.bagnoitalia.com\/wp-content\/uploads\/virtuemart\/product\/vasca-da-bagno-freestanding-arrotondata-170x80-cm-1.jpg\",\"contentUrl\":\"https:\/\/img.bagnoitalia.com\/wp-content\/uploads\/virtuemart\/product\/vasca-da-bagno-freestanding-arrotondata-170x80-cm-1.jpg\",\"width\":550,\"height\":550},{\"@type\":\"BreadcrumbList\",\"@id\":\"https:\/\/www.bagnoitalia.com\/de\/produkt\/freestanding-bathtub-170x80-cm-oval-shape-glossy-white-centre-vs145-2.html#breadcrumb\",\"itemListElement\":[{\"@type\":\"ListItem\",\"position\":1,\"name\":\"Home\",\"item\":\"https:\/\/www.bagnoitalia.com\/de\"},{\"@type\":\"ListItem\",\"position\":2,\"name\":\"Produkte\",\"item\":\"https:\/\/www.bagnoitalia.com\/de\/shop\"},{\"@type\":\"ListItem\",\"position\":3,\"name\":\"Freistehende Badewanne 170&#215;80 cm ovale Form gl\u00e4nzend wei\u00df Mitte VS145\"}]},{\"@type\":\"WebSite\",\"@id\":\"https:\/\/www.bagnoitalia.com\/de#website\",\"url\":\"https:\/\/www.bagnoitalia.com\/de\",\"name\":\"Bagno Italia\",\"description\":\"\",\"publisher\":{\"@id\":\"https:\/\/www.bagnoitalia.com\/de#organization\"},\"potentialAction\":[{\"@type\":\"SearchAction\",\"target\":{\"@type\":\"EntryPoint\",\"urlTemplate\":\"https:\/\/www.bagnoitalia.com\/de?s={search_term_string}\"},\"query-input\":{\"@type\":\"PropertyValueSpecification\",\"valueRequired\":true,\"valueName\":\"search_term_string\"}}],\"inLanguage\":\"de\"},{\"@type\":\"Organization\",\"@id\":\"https:\/\/www.bagnoitalia.com\/de#organization\",\"name\":\"Bagno Italia\",\"url\":\"https:\/\/www.bagnoitalia.com\/de\",\"logo\":{\"@type\":\"ImageObject\",\"inLanguage\":\"de\",\"@id\":\"https:\/\/www.bagnoitalia.com\/de#\/schema\/logo\/image\/\",\"url\":\"https:\/\/img.bagnoitalia.com\/wp-content\/uploads\/logo-bagnoitalia.webp\",\"contentUrl\":\"https:\/\/img.bagnoitalia.com\/wp-content\/uploads\/logo-bagnoitalia.webp\",\"width\":400,\"height\":70,\"caption\":\"Bagno Italia\"},\"image\":{\"@id\":\"https:\/\/www.bagnoitalia.com\/de#\/schema\/logo\/image\/\"}}]}<\/script>\n<!-- \/ Yoast SEO plugin. -->","yoast_head_json":{"title":"Freistehende Badewanne 170x80 cm ovale Form gl\u00e4nzend wei\u00df Mitte VS145","description":"Eine Badewanne mit einer charakteristischen ovalen Form, mit einer &#34;conca&#34; Oberkante. Hergestellt aus Sanit\u00e4racryl in gl\u00e4nzendem Wei\u00df auf allen Seiten, so dass die Wanne in der Mitte des Raumes installiert werden kann. Die Wasserh\u00e4hne und Armaturen sind nicht im Lieferumfang enthalten, aber wir bieten eine Auswahl von 4 Modellen von S\u00e4ulenarmaturen.","robots":{"index":"index","follow":"follow","max-snippet":"max-snippet:-1","max-image-preview":"max-image-preview:large","max-video-preview":"max-video-preview:-1"},"canonical":"https:\/\/www.bagnoitalia.com\/de\/produkt\/freestanding-bathtub-170x80-cm-oval-shape-glossy-white-centre-vs145-2.html","og_locale":"de_DE","og_type":"article","og_title":"Freistehende Badewanne 170x80 cm ovale Form gl\u00e4nzend wei\u00df Mitte VS145","og_description":"Eine Badewanne mit einer charakteristischen ovalen Form, mit einer &#34;conca&#34; Oberkante. Hergestellt aus Sanit\u00e4racryl in gl\u00e4nzendem Wei\u00df auf allen Seiten, so dass die Wanne in der Mitte des Raumes installiert werden kann. Die Wasserh\u00e4hne und Armaturen sind nicht im Lieferumfang enthalten, aber wir bieten eine Auswahl von 4 Modellen von S\u00e4ulenarmaturen.","og_url":"https:\/\/www.bagnoitalia.com\/de\/produkt\/freestanding-bathtub-170x80-cm-oval-shape-glossy-white-centre-vs145-2.html","og_site_name":"Bagno Italia","og_image":[{"width":550,"height":550,"url":"https:\/\/img.bagnoitalia.com\/wp-content\/uploads\/virtuemart\/product\/vasca-da-bagno-freestanding-arrotondata-170x80-cm-1.jpg","type":"image\/jpeg"}],"twitter_card":"summary_large_image","schema":{"@context":"https:\/\/schema.org","@graph":[{"@type":"WebPage","@id":"https:\/\/www.bagnoitalia.com\/de\/produkt\/freestanding-bathtub-170x80-cm-oval-shape-glossy-white-centre-vs145-2.html","url":"https:\/\/www.bagnoitalia.com\/de\/produkt\/freestanding-bathtub-170x80-cm-oval-shape-glossy-white-centre-vs145-2.html","name":"Freistehende Badewanne 170x80 cm ovale Form gl\u00e4nzend wei\u00df Mitte VS145","isPartOf":{"@id":"https:\/\/www.bagnoitalia.com\/de#website"},"primaryImageOfPage":{"@id":"https:\/\/www.bagnoitalia.com\/de\/produkt\/freestanding-bathtub-170x80-cm-oval-shape-glossy-white-centre-vs145-2.html#primaryimage"},"image":{"@id":"https:\/\/www.bagnoitalia.com\/de\/produkt\/freestanding-bathtub-170x80-cm-oval-shape-glossy-white-centre-vs145-2.html#primaryimage"},"thumbnailUrl":"https:\/\/img.bagnoitalia.com\/wp-content\/uploads\/virtuemart\/product\/vasca-da-bagno-freestanding-arrotondata-170x80-cm-1.jpg","datePublished":"2023-12-15T15:18:36+00:00","description":"Eine Badewanne mit einer charakteristischen ovalen Form, mit einer &#34;conca&#34; Oberkante. Hergestellt aus Sanit\u00e4racryl in gl\u00e4nzendem Wei\u00df auf allen Seiten, so dass die Wanne in der Mitte des Raumes installiert werden kann. Die Wasserh\u00e4hne und Armaturen sind nicht im Lieferumfang enthalten, aber wir bieten eine Auswahl von 4 Modellen von S\u00e4ulenarmaturen.","breadcrumb":{"@id":"https:\/\/www.bagnoitalia.com\/de\/produkt\/freestanding-bathtub-170x80-cm-oval-shape-glossy-white-centre-vs145-2.html#breadcrumb"},"inLanguage":"de","potentialAction":[{"@type":"ReadAction","target":["https:\/\/www.bagnoitalia.com\/de\/produkt\/freestanding-bathtub-170x80-cm-oval-shape-glossy-white-centre-vs145-2.html"]}]},{"@type":"ImageObject","inLanguage":"de","@id":"https:\/\/www.bagnoitalia.com\/de\/produkt\/freestanding-bathtub-170x80-cm-oval-shape-glossy-white-centre-vs145-2.html#primaryimage","url":"https:\/\/img.bagnoitalia.com\/wp-content\/uploads\/virtuemart\/product\/vasca-da-bagno-freestanding-arrotondata-170x80-cm-1.jpg","contentUrl":"https:\/\/img.bagnoitalia.com\/wp-content\/uploads\/virtuemart\/product\/vasca-da-bagno-freestanding-arrotondata-170x80-cm-1.jpg","width":550,"height":550},{"@type":"BreadcrumbList","@id":"https:\/\/www.bagnoitalia.com\/de\/produkt\/freestanding-bathtub-170x80-cm-oval-shape-glossy-white-centre-vs145-2.html#breadcrumb","itemListElement":[{"@type":"ListItem","position":1,"name":"Home","item":"https:\/\/www.bagnoitalia.com\/de"},{"@type":"ListItem","position":2,"name":"Produkte","item":"https:\/\/www.bagnoitalia.com\/de\/shop"},{"@type":"ListItem","position":3,"name":"Freistehende Badewanne 170&#215;80 cm ovale Form gl\u00e4nzend wei\u00df Mitte VS145"}]},{"@type":"WebSite","@id":"https:\/\/www.bagnoitalia.com\/de#website","url":"https:\/\/www.bagnoitalia.com\/de","name":"Bagno Italia","description":"","publisher":{"@id":"https:\/\/www.bagnoitalia.com\/de#organization"},"potentialAction":[{"@type":"SearchAction","target":{"@type":"EntryPoint","urlTemplate":"https:\/\/www.bagnoitalia.com\/de?s={search_term_string}"},"query-input":{"@type":"PropertyValueSpecification","valueRequired":true,"valueName":"search_term_string"}}],"inLanguage":"de"},{"@type":"Organization","@id":"https:\/\/www.bagnoitalia.com\/de#organization","name":"Bagno Italia","url":"https:\/\/www.bagnoitalia.com\/de","logo":{"@type":"ImageObject","inLanguage":"de","@id":"https:\/\/www.bagnoitalia.com\/de#\/schema\/logo\/image\/","url":"https:\/\/img.bagnoitalia.com\/wp-content\/uploads\/logo-bagnoitalia.webp","contentUrl":"https:\/\/img.bagnoitalia.com\/wp-content\/uploads\/logo-bagnoitalia.webp","width":400,"height":70,"caption":"Bagno Italia"},"image":{"@id":"https:\/\/www.bagnoitalia.com\/de#\/schema\/logo\/image\/"}}]}},"_links":{"self":[{"href":"https:\/\/www.bagnoitalia.com\/de\/wp-json\/wp\/v2\/product\/83646","targetHints":{"allow":["GET"]}}],"collection":[{"href":"https:\/\/www.bagnoitalia.com\/de\/wp-json\/wp\/v2\/product"}],"about":[{"href":"https:\/\/www.bagnoitalia.com\/de\/wp-json\/wp\/v2\/types\/product"}],"replies":[{"embeddable":true,"href":"https:\/\/www.bagnoitalia.com\/de\/wp-json\/wp\/v2\/comments?post=83646"}],"version-history":[{"count":0,"href":"https:\/\/www.bagnoitalia.com\/de\/wp-json\/wp\/v2\/product\/83646\/revisions"}],"wp:featuredmedia":[{"embeddable":true,"href":"https:\/\/www.bagnoitalia.com\/de\/wp-json\/wp\/v2\/media\/67057"}],"wp:attachment":[{"href":"https:\/\/www.bagnoitalia.com\/de\/wp-json\/wp\/v2\/media?parent=83646"}],"wp:term":[{"taxonomy":"product_brand","embeddable":true,"href":"https:\/\/www.bagnoitalia.com\/de\/wp-json\/wp\/v2\/product_brand?post=83646"},{"taxonomy":"product_cat","embeddable":true,"href":"https:\/\/www.bagnoitalia.com\/de\/wp-json\/wp\/v2\/product_cat?post=83646"},{"taxonomy":"product_tag","embeddable":true,"href":"https:\/\/www.bagnoitalia.com\/de\/wp-json\/wp\/v2\/product_tag?post=83646"}],"curies":[{"name":"wp","href":"https:\/\/api.w.org\/{rel}","templated":true}]}}