{"id":83638,"date":"2023-12-15T15:41:52","date_gmt":"2023-12-15T14:41:52","guid":{"rendered":"https:\/\/www.bagnoitalia.com\/product\/freestanding-freestanding-bathtub-180x80-cm-white-high-gloss-vs143-2"},"modified":"2023-12-15T15:41:52","modified_gmt":"2023-12-15T14:41:52","slug":"freestanding-freestanding-bathtub-180x80-cm-white-high-gloss-vs143-2","status":"publish","type":"product","link":"https:\/\/www.bagnoitalia.com\/de\/produkt\/freestanding-freestanding-bathtub-180x80-cm-white-high-gloss-vs143-2.html","title":{"rendered":"Freistehende Badewanne 180&#215;80 cm wei\u00df hochglanz VS143"},"content":{"rendered":"<p>Freistehende Badewanne VS143<\/p>\n<p>&nbsp;<\/p>\n<p>&nbsp;<\/p>\n<p>ACHTUNG: die Badewanne muss unbedingt an der Wand befestigt installiert werden, die R\u00fcckseite ist perfekt linear<\/p>\n<p>Hauptmerkmale:<\/p>\n<p>Au\u00dfenma\u00dfe 180x80xH65 cm<\/p>\n<p>Badewanne mit Rahmen aus rostfreiem Stahl und Acrylbeschichtung<\/p>\n<p>Kratzfest und sto\u00dffest<\/p>\n<p>Gl\u00e4nzende wei\u00dfe Farbe<\/p>\n<p>Leicht zu reinigen<\/p>\n<p>Abfluss und Auslauf im Lieferumfang enthalten<\/p>\n<p>&nbsp;<\/p>\n<p>&nbsp;<\/p>\n<p>NB: Die Armaturen sind nicht im Preis inbegriffen, eine S\u00e4ulenbatterie kann \u00fcber das Men\u00fc oben hinzugef\u00fcgt werden<\/p>\n<p>&nbsp;<\/p>\n","protected":false},"excerpt":{"rendered":"<p>Sanit\u00e4re Acryl-Badewanne in gl\u00e4nzendem Wei\u00df. Modernes Design, mit abgerundeten Ecken. Mittig montierte Badewanne, die direkt an die Wand gestellt werden kann, so dass Sie zwischen einer Wandarmatur oder einer der vorgeschlagenen Sockelbatterien w\u00e4hlen k\u00f6nnen.<\/p>\n","protected":false},"featured_media":66945,"comment_status":"open","ping_status":"closed","template":"","meta":[],"product_brand":[9952],"product_cat":[15],"product_tag":[],"class_list":{"0":"post-83638","1":"product","2":"type-product","3":"status-publish","4":"has-post-thumbnail","6":"product_brand-importforme-de","7":"product_cat-senza-categoria","9":"first","10":"outofstock","11":"taxable","12":"shipping-taxable","13":"purchasable","14":"product-type-simple"},"exclude_global_add_ons":false,"addons":[{"name":"CAMPI_MISCELATORE\r\n","type":"select","position":0,"required":true,"title_format":"label","default":"","description_enable":false,"description":"","placeholder_enable":false,"placeholder":"","display":"select","restrictions_type":"any_text","adjust_price":false,"price":"","price_type":"","restrictions":false,"min":"0","max":"0","options":[]}],"yoast_head":"<!-- This site is optimized with the Yoast SEO plugin v26.7 - https:\/\/yoast.com\/wordpress\/plugins\/seo\/ -->\n<title>Freistehende Badewanne 180x80 cm wei\u00df hochglanz VS143<\/title>\n<meta name=\"description\" content=\"Sanit\u00e4re Acryl-Badewanne in gl\u00e4nzendem Wei\u00df. Modernes Design, mit abgerundeten Ecken. Mittig montierte Badewanne, die direkt an die Wand gestellt werden kann, so dass Sie zwischen einer Wandarmatur oder einer der vorgeschlagenen Sockelbatterien w\u00e4hlen k\u00f6nnen.\" \/>\n<meta name=\"robots\" content=\"index, follow, max-snippet:-1, max-image-preview:large, max-video-preview:-1\" \/>\n<link rel=\"canonical\" href=\"https:\/\/www.bagnoitalia.com\/de\/produkt\/freestanding-freestanding-bathtub-180x80-cm-white-high-gloss-vs143-2.html\" \/>\n<meta property=\"og:locale\" content=\"de_DE\" \/>\n<meta property=\"og:type\" content=\"article\" \/>\n<meta property=\"og:title\" content=\"Freistehende Badewanne 180x80 cm wei\u00df hochglanz VS143\" \/>\n<meta property=\"og:description\" content=\"Sanit\u00e4re Acryl-Badewanne in gl\u00e4nzendem Wei\u00df. Modernes Design, mit abgerundeten Ecken. Mittig montierte Badewanne, die direkt an die Wand gestellt werden kann, so dass Sie zwischen einer Wandarmatur oder einer der vorgeschlagenen Sockelbatterien w\u00e4hlen k\u00f6nnen.\" \/>\n<meta property=\"og:url\" content=\"https:\/\/www.bagnoitalia.com\/de\/produkt\/freestanding-freestanding-bathtub-180x80-cm-white-high-gloss-vs143-2.html\" \/>\n<meta property=\"og:site_name\" content=\"Bagno Italia\" \/>\n<meta property=\"og:image\" content=\"https:\/\/img.bagnoitalia.com\/wp-content\/uploads\/virtuemart\/product\/vasca-freestanding-180x80-cm-1.jpg\" \/>\n\t<meta property=\"og:image:width\" content=\"550\" \/>\n\t<meta property=\"og:image:height\" content=\"550\" \/>\n\t<meta property=\"og:image:type\" content=\"image\/jpeg\" \/>\n<meta name=\"twitter:card\" content=\"summary_large_image\" \/>\n<script type=\"application\/ld+json\" class=\"yoast-schema-graph\">{\"@context\":\"https:\/\/schema.org\",\"@graph\":[{\"@type\":\"WebPage\",\"@id\":\"https:\/\/www.bagnoitalia.com\/de\/produkt\/freestanding-freestanding-bathtub-180x80-cm-white-high-gloss-vs143-2.html\",\"url\":\"https:\/\/www.bagnoitalia.com\/de\/produkt\/freestanding-freestanding-bathtub-180x80-cm-white-high-gloss-vs143-2.html\",\"name\":\"Freistehende Badewanne 180x80 cm wei\u00df hochglanz VS143\",\"isPartOf\":{\"@id\":\"https:\/\/www.bagnoitalia.com\/de#website\"},\"primaryImageOfPage\":{\"@id\":\"https:\/\/www.bagnoitalia.com\/de\/produkt\/freestanding-freestanding-bathtub-180x80-cm-white-high-gloss-vs143-2.html#primaryimage\"},\"image\":{\"@id\":\"https:\/\/www.bagnoitalia.com\/de\/produkt\/freestanding-freestanding-bathtub-180x80-cm-white-high-gloss-vs143-2.html#primaryimage\"},\"thumbnailUrl\":\"https:\/\/img.bagnoitalia.com\/wp-content\/uploads\/virtuemart\/product\/vasca-freestanding-180x80-cm-1.jpg\",\"datePublished\":\"2023-12-15T14:41:52+00:00\",\"description\":\"Sanit\u00e4re Acryl-Badewanne in gl\u00e4nzendem Wei\u00df. Modernes Design, mit abgerundeten Ecken. Mittig montierte Badewanne, die direkt an die Wand gestellt werden kann, so dass Sie zwischen einer Wandarmatur oder einer der vorgeschlagenen Sockelbatterien w\u00e4hlen k\u00f6nnen.\",\"breadcrumb\":{\"@id\":\"https:\/\/www.bagnoitalia.com\/de\/produkt\/freestanding-freestanding-bathtub-180x80-cm-white-high-gloss-vs143-2.html#breadcrumb\"},\"inLanguage\":\"de\",\"potentialAction\":[{\"@type\":\"ReadAction\",\"target\":[\"https:\/\/www.bagnoitalia.com\/de\/produkt\/freestanding-freestanding-bathtub-180x80-cm-white-high-gloss-vs143-2.html\"]}]},{\"@type\":\"ImageObject\",\"inLanguage\":\"de\",\"@id\":\"https:\/\/www.bagnoitalia.com\/de\/produkt\/freestanding-freestanding-bathtub-180x80-cm-white-high-gloss-vs143-2.html#primaryimage\",\"url\":\"https:\/\/img.bagnoitalia.com\/wp-content\/uploads\/virtuemart\/product\/vasca-freestanding-180x80-cm-1.jpg\",\"contentUrl\":\"https:\/\/img.bagnoitalia.com\/wp-content\/uploads\/virtuemart\/product\/vasca-freestanding-180x80-cm-1.jpg\",\"width\":550,\"height\":550},{\"@type\":\"BreadcrumbList\",\"@id\":\"https:\/\/www.bagnoitalia.com\/de\/produkt\/freestanding-freestanding-bathtub-180x80-cm-white-high-gloss-vs143-2.html#breadcrumb\",\"itemListElement\":[{\"@type\":\"ListItem\",\"position\":1,\"name\":\"Home\",\"item\":\"https:\/\/www.bagnoitalia.com\/de\"},{\"@type\":\"ListItem\",\"position\":2,\"name\":\"Produkte\",\"item\":\"https:\/\/www.bagnoitalia.com\/de\/shop\"},{\"@type\":\"ListItem\",\"position\":3,\"name\":\"Freistehende Badewanne 180&#215;80 cm wei\u00df hochglanz VS143\"}]},{\"@type\":\"WebSite\",\"@id\":\"https:\/\/www.bagnoitalia.com\/de#website\",\"url\":\"https:\/\/www.bagnoitalia.com\/de\",\"name\":\"Bagno Italia\",\"description\":\"\",\"publisher\":{\"@id\":\"https:\/\/www.bagnoitalia.com\/de#organization\"},\"potentialAction\":[{\"@type\":\"SearchAction\",\"target\":{\"@type\":\"EntryPoint\",\"urlTemplate\":\"https:\/\/www.bagnoitalia.com\/de?s={search_term_string}\"},\"query-input\":{\"@type\":\"PropertyValueSpecification\",\"valueRequired\":true,\"valueName\":\"search_term_string\"}}],\"inLanguage\":\"de\"},{\"@type\":\"Organization\",\"@id\":\"https:\/\/www.bagnoitalia.com\/de#organization\",\"name\":\"Bagno Italia\",\"url\":\"https:\/\/www.bagnoitalia.com\/de\",\"logo\":{\"@type\":\"ImageObject\",\"inLanguage\":\"de\",\"@id\":\"https:\/\/www.bagnoitalia.com\/de#\/schema\/logo\/image\/\",\"url\":\"https:\/\/img.bagnoitalia.com\/wp-content\/uploads\/logo-bagnoitalia.webp\",\"contentUrl\":\"https:\/\/img.bagnoitalia.com\/wp-content\/uploads\/logo-bagnoitalia.webp\",\"width\":400,\"height\":70,\"caption\":\"Bagno Italia\"},\"image\":{\"@id\":\"https:\/\/www.bagnoitalia.com\/de#\/schema\/logo\/image\/\"}}]}<\/script>\n<!-- \/ Yoast SEO plugin. -->","yoast_head_json":{"title":"Freistehende Badewanne 180x80 cm wei\u00df hochglanz VS143","description":"Sanit\u00e4re Acryl-Badewanne in gl\u00e4nzendem Wei\u00df. Modernes Design, mit abgerundeten Ecken. Mittig montierte Badewanne, die direkt an die Wand gestellt werden kann, so dass Sie zwischen einer Wandarmatur oder einer der vorgeschlagenen Sockelbatterien w\u00e4hlen k\u00f6nnen.","robots":{"index":"index","follow":"follow","max-snippet":"max-snippet:-1","max-image-preview":"max-image-preview:large","max-video-preview":"max-video-preview:-1"},"canonical":"https:\/\/www.bagnoitalia.com\/de\/produkt\/freestanding-freestanding-bathtub-180x80-cm-white-high-gloss-vs143-2.html","og_locale":"de_DE","og_type":"article","og_title":"Freistehende Badewanne 180x80 cm wei\u00df hochglanz VS143","og_description":"Sanit\u00e4re Acryl-Badewanne in gl\u00e4nzendem Wei\u00df. Modernes Design, mit abgerundeten Ecken. Mittig montierte Badewanne, die direkt an die Wand gestellt werden kann, so dass Sie zwischen einer Wandarmatur oder einer der vorgeschlagenen Sockelbatterien w\u00e4hlen k\u00f6nnen.","og_url":"https:\/\/www.bagnoitalia.com\/de\/produkt\/freestanding-freestanding-bathtub-180x80-cm-white-high-gloss-vs143-2.html","og_site_name":"Bagno Italia","og_image":[{"width":550,"height":550,"url":"https:\/\/img.bagnoitalia.com\/wp-content\/uploads\/virtuemart\/product\/vasca-freestanding-180x80-cm-1.jpg","type":"image\/jpeg"}],"twitter_card":"summary_large_image","schema":{"@context":"https:\/\/schema.org","@graph":[{"@type":"WebPage","@id":"https:\/\/www.bagnoitalia.com\/de\/produkt\/freestanding-freestanding-bathtub-180x80-cm-white-high-gloss-vs143-2.html","url":"https:\/\/www.bagnoitalia.com\/de\/produkt\/freestanding-freestanding-bathtub-180x80-cm-white-high-gloss-vs143-2.html","name":"Freistehende Badewanne 180x80 cm wei\u00df hochglanz VS143","isPartOf":{"@id":"https:\/\/www.bagnoitalia.com\/de#website"},"primaryImageOfPage":{"@id":"https:\/\/www.bagnoitalia.com\/de\/produkt\/freestanding-freestanding-bathtub-180x80-cm-white-high-gloss-vs143-2.html#primaryimage"},"image":{"@id":"https:\/\/www.bagnoitalia.com\/de\/produkt\/freestanding-freestanding-bathtub-180x80-cm-white-high-gloss-vs143-2.html#primaryimage"},"thumbnailUrl":"https:\/\/img.bagnoitalia.com\/wp-content\/uploads\/virtuemart\/product\/vasca-freestanding-180x80-cm-1.jpg","datePublished":"2023-12-15T14:41:52+00:00","description":"Sanit\u00e4re Acryl-Badewanne in gl\u00e4nzendem Wei\u00df. Modernes Design, mit abgerundeten Ecken. Mittig montierte Badewanne, die direkt an die Wand gestellt werden kann, so dass Sie zwischen einer Wandarmatur oder einer der vorgeschlagenen Sockelbatterien w\u00e4hlen k\u00f6nnen.","breadcrumb":{"@id":"https:\/\/www.bagnoitalia.com\/de\/produkt\/freestanding-freestanding-bathtub-180x80-cm-white-high-gloss-vs143-2.html#breadcrumb"},"inLanguage":"de","potentialAction":[{"@type":"ReadAction","target":["https:\/\/www.bagnoitalia.com\/de\/produkt\/freestanding-freestanding-bathtub-180x80-cm-white-high-gloss-vs143-2.html"]}]},{"@type":"ImageObject","inLanguage":"de","@id":"https:\/\/www.bagnoitalia.com\/de\/produkt\/freestanding-freestanding-bathtub-180x80-cm-white-high-gloss-vs143-2.html#primaryimage","url":"https:\/\/img.bagnoitalia.com\/wp-content\/uploads\/virtuemart\/product\/vasca-freestanding-180x80-cm-1.jpg","contentUrl":"https:\/\/img.bagnoitalia.com\/wp-content\/uploads\/virtuemart\/product\/vasca-freestanding-180x80-cm-1.jpg","width":550,"height":550},{"@type":"BreadcrumbList","@id":"https:\/\/www.bagnoitalia.com\/de\/produkt\/freestanding-freestanding-bathtub-180x80-cm-white-high-gloss-vs143-2.html#breadcrumb","itemListElement":[{"@type":"ListItem","position":1,"name":"Home","item":"https:\/\/www.bagnoitalia.com\/de"},{"@type":"ListItem","position":2,"name":"Produkte","item":"https:\/\/www.bagnoitalia.com\/de\/shop"},{"@type":"ListItem","position":3,"name":"Freistehende Badewanne 180&#215;80 cm wei\u00df hochglanz VS143"}]},{"@type":"WebSite","@id":"https:\/\/www.bagnoitalia.com\/de#website","url":"https:\/\/www.bagnoitalia.com\/de","name":"Bagno Italia","description":"","publisher":{"@id":"https:\/\/www.bagnoitalia.com\/de#organization"},"potentialAction":[{"@type":"SearchAction","target":{"@type":"EntryPoint","urlTemplate":"https:\/\/www.bagnoitalia.com\/de?s={search_term_string}"},"query-input":{"@type":"PropertyValueSpecification","valueRequired":true,"valueName":"search_term_string"}}],"inLanguage":"de"},{"@type":"Organization","@id":"https:\/\/www.bagnoitalia.com\/de#organization","name":"Bagno Italia","url":"https:\/\/www.bagnoitalia.com\/de","logo":{"@type":"ImageObject","inLanguage":"de","@id":"https:\/\/www.bagnoitalia.com\/de#\/schema\/logo\/image\/","url":"https:\/\/img.bagnoitalia.com\/wp-content\/uploads\/logo-bagnoitalia.webp","contentUrl":"https:\/\/img.bagnoitalia.com\/wp-content\/uploads\/logo-bagnoitalia.webp","width":400,"height":70,"caption":"Bagno Italia"},"image":{"@id":"https:\/\/www.bagnoitalia.com\/de#\/schema\/logo\/image\/"}}]}},"_links":{"self":[{"href":"https:\/\/www.bagnoitalia.com\/de\/wp-json\/wp\/v2\/product\/83638","targetHints":{"allow":["GET"]}}],"collection":[{"href":"https:\/\/www.bagnoitalia.com\/de\/wp-json\/wp\/v2\/product"}],"about":[{"href":"https:\/\/www.bagnoitalia.com\/de\/wp-json\/wp\/v2\/types\/product"}],"replies":[{"embeddable":true,"href":"https:\/\/www.bagnoitalia.com\/de\/wp-json\/wp\/v2\/comments?post=83638"}],"version-history":[{"count":0,"href":"https:\/\/www.bagnoitalia.com\/de\/wp-json\/wp\/v2\/product\/83638\/revisions"}],"wp:featuredmedia":[{"embeddable":true,"href":"https:\/\/www.bagnoitalia.com\/de\/wp-json\/wp\/v2\/media\/66945"}],"wp:attachment":[{"href":"https:\/\/www.bagnoitalia.com\/de\/wp-json\/wp\/v2\/media?parent=83638"}],"wp:term":[{"taxonomy":"product_brand","embeddable":true,"href":"https:\/\/www.bagnoitalia.com\/de\/wp-json\/wp\/v2\/product_brand?post=83638"},{"taxonomy":"product_cat","embeddable":true,"href":"https:\/\/www.bagnoitalia.com\/de\/wp-json\/wp\/v2\/product_cat?post=83638"},{"taxonomy":"product_tag","embeddable":true,"href":"https:\/\/www.bagnoitalia.com\/de\/wp-json\/wp\/v2\/product_tag?post=83638"}],"curies":[{"name":"wp","href":"https:\/\/api.w.org\/{rel}","templated":true}]}}