{"id":83554,"date":"2023-09-25T14:19:46","date_gmt":"2023-09-25T12:19:46","guid":{"rendered":"https:\/\/www.bagnoitalia.com\/product\/hinged-shower-door-70-80-90-cm-clear-glass-6-mm-with-antiscale-treatment-pr048-2"},"modified":"2023-09-25T14:19:46","modified_gmt":"2023-09-25T12:19:46","slug":"hinged-shower-door-70-80-90-cm-clear-glass-6-mm-with-antiscale-treatment-pr048-2","status":"publish","type":"product","link":"https:\/\/www.bagnoitalia.com\/de\/produkt\/hinged-shower-door-70-80-90-cm-clear-glass-6-mm-with-antiscale-treatment-pr048-2.html","title":{"rendered":"Duscht\u00fcr mit Scharnier 70, 80, 90 cm Klarglas 6 mm mit Anti-Kalk-Behandlung PR048"},"content":{"rendered":"<p style=\"text-align: center;\"><span style=\"text-decoration: underline; color: #ff0000; font-size: 18pt;\"><strong>Klappbare Duscht\u00fcr mit Antikalk-System PR048<\/strong><\/span><\/p>\n<p>&nbsp;<\/p>\n<p>PRODUKTSPEZIFIKATIONEN<\/p>\n<p>Eingelassene Duscht\u00fcr<\/p>\n<p>Erh\u00e4ltlich in 3 Gr\u00f6\u00dfen: 70, 80 oder 90 cm (Gr\u00f6\u00dfe aus dem Dropdown-Men\u00fc ausw\u00e4hlen)<\/p>\n<p>Toleranz: -3 cm<\/p>\n<p>Gesamth\u00f6he 195 cm<\/p>\n<p>Nach au\u00dfen schwingende T\u00fcr mit DOOR-UP-System (erm\u00f6glicht das Halten der T\u00fcr in der gew\u00fcnschten Position)<\/p>\n<p>Magnetischer Verschluss<\/p>\n<p>Umkehrbar<\/p>\n<p>&nbsp;<\/p>\n<p>DETAILS ZUM MATERIAL<\/p>\n<p>Transparentes geh\u00e4rtetes Glas, 6 mm, mit ANTICALCALCARE-BEHANDLUNG<\/p>\n<p>Verchromter Aluminiumrahmen<\/p>\n<p>Griff aus rostfreiem Stahl<\/p>\n","protected":false},"excerpt":{"rendered":"<p>Versenkte Duscht\u00fcr, nach au\u00dfen \u00f6ffnend, erh\u00e4ltlich in 3 Gr\u00f6\u00dfen. Umkehrbar. Kristall mit ANTI-CALCARE-Behandlung. <\/p>\n","protected":false},"featured_media":66073,"comment_status":"open","ping_status":"closed","template":"","meta":[],"product_brand":[],"product_cat":[9828],"product_tag":[],"class_list":{"0":"post-83554","1":"product","2":"type-product","3":"status-publish","4":"has-post-thumbnail","6":"product_cat-duschtur-mit-flugeltur-duschturen","8":"first","9":"instock","10":"sale","11":"taxable","12":"shipping-taxable","13":"purchasable","14":"product-type-simple"},"exclude_global_add_ons":false,"addons":[{"name":"CAMPI_DIMENSIONI\r\n","type":"select","position":0,"required":true,"title_format":"label","default":"","description_enable":false,"description":"","placeholder_enable":false,"placeholder":"","display":"select","restrictions_type":"any_text","adjust_price":false,"price":"","price_type":"","restrictions":false,"min":"0","max":"0","options":[]}],"yoast_head":"<!-- This site is optimized with the Yoast SEO plugin v26.7 - https:\/\/yoast.com\/wordpress\/plugins\/seo\/ -->\n<title>Duscht\u00fcr mit Scharnier 70, 80, 90 cm Klarglas 6 mm mit Anti-Kalk-Behandlung PR048<\/title>\n<meta name=\"description\" content=\"Versenkte Duscht\u00fcr, nach au\u00dfen \u00f6ffnend, erh\u00e4ltlich in 3 Gr\u00f6\u00dfen. Umkehrbar. Kristall mit ANTI-CALCARE-Behandlung.\" \/>\n<meta name=\"robots\" content=\"index, follow, max-snippet:-1, max-image-preview:large, max-video-preview:-1\" \/>\n<link rel=\"canonical\" href=\"https:\/\/www.bagnoitalia.com\/de\/produkt\/hinged-shower-door-70-80-90-cm-clear-glass-6-mm-with-antiscale-treatment-pr048-2.html\" \/>\n<meta property=\"og:locale\" content=\"de_DE\" \/>\n<meta property=\"og:type\" content=\"article\" \/>\n<meta property=\"og:title\" content=\"Duscht\u00fcr mit Scharnier 70, 80, 90 cm Klarglas 6 mm mit Anti-Kalk-Behandlung PR048\" \/>\n<meta property=\"og:description\" content=\"Versenkte Duscht\u00fcr, nach au\u00dfen \u00f6ffnend, erh\u00e4ltlich in 3 Gr\u00f6\u00dfen. Umkehrbar. Kristall mit ANTI-CALCARE-Behandlung.\" \/>\n<meta property=\"og:url\" content=\"https:\/\/www.bagnoitalia.com\/de\/produkt\/hinged-shower-door-70-80-90-cm-clear-glass-6-mm-with-antiscale-treatment-pr048-2.html\" \/>\n<meta property=\"og:site_name\" content=\"Bagno Italia\" \/>\n<meta property=\"og:image\" content=\"https:\/\/img.bagnoitalia.com\/wp-content\/uploads\/virtuemart\/product\/shower-shower-rack-6mm-anticalcare-transparent-1.jpg\" \/>\n\t<meta property=\"og:image:width\" content=\"550\" \/>\n\t<meta property=\"og:image:height\" content=\"550\" \/>\n\t<meta property=\"og:image:type\" content=\"image\/jpeg\" \/>\n<meta name=\"twitter:card\" content=\"summary_large_image\" \/>\n<script type=\"application\/ld+json\" class=\"yoast-schema-graph\">{\"@context\":\"https:\/\/schema.org\",\"@graph\":[{\"@type\":\"WebPage\",\"@id\":\"https:\/\/www.bagnoitalia.com\/de\/produkt\/hinged-shower-door-70-80-90-cm-clear-glass-6-mm-with-antiscale-treatment-pr048-2.html\",\"url\":\"https:\/\/www.bagnoitalia.com\/de\/produkt\/hinged-shower-door-70-80-90-cm-clear-glass-6-mm-with-antiscale-treatment-pr048-2.html\",\"name\":\"Duscht\u00fcr mit Scharnier 70, 80, 90 cm Klarglas 6 mm mit Anti-Kalk-Behandlung PR048\",\"isPartOf\":{\"@id\":\"https:\/\/www.bagnoitalia.com\/de#website\"},\"primaryImageOfPage\":{\"@id\":\"https:\/\/www.bagnoitalia.com\/de\/produkt\/hinged-shower-door-70-80-90-cm-clear-glass-6-mm-with-antiscale-treatment-pr048-2.html#primaryimage\"},\"image\":{\"@id\":\"https:\/\/www.bagnoitalia.com\/de\/produkt\/hinged-shower-door-70-80-90-cm-clear-glass-6-mm-with-antiscale-treatment-pr048-2.html#primaryimage\"},\"thumbnailUrl\":\"https:\/\/img.bagnoitalia.com\/wp-content\/uploads\/virtuemart\/product\/shower-shower-rack-6mm-anticalcare-transparent-1.jpg\",\"datePublished\":\"2023-09-25T12:19:46+00:00\",\"description\":\"Versenkte Duscht\u00fcr, nach au\u00dfen \u00f6ffnend, erh\u00e4ltlich in 3 Gr\u00f6\u00dfen. Umkehrbar. Kristall mit ANTI-CALCARE-Behandlung.\",\"breadcrumb\":{\"@id\":\"https:\/\/www.bagnoitalia.com\/de\/produkt\/hinged-shower-door-70-80-90-cm-clear-glass-6-mm-with-antiscale-treatment-pr048-2.html#breadcrumb\"},\"inLanguage\":\"de\",\"potentialAction\":[{\"@type\":\"ReadAction\",\"target\":[\"https:\/\/www.bagnoitalia.com\/de\/produkt\/hinged-shower-door-70-80-90-cm-clear-glass-6-mm-with-antiscale-treatment-pr048-2.html\"]}]},{\"@type\":\"ImageObject\",\"inLanguage\":\"de\",\"@id\":\"https:\/\/www.bagnoitalia.com\/de\/produkt\/hinged-shower-door-70-80-90-cm-clear-glass-6-mm-with-antiscale-treatment-pr048-2.html#primaryimage\",\"url\":\"https:\/\/img.bagnoitalia.com\/wp-content\/uploads\/virtuemart\/product\/shower-shower-rack-6mm-anticalcare-transparent-1.jpg\",\"contentUrl\":\"https:\/\/img.bagnoitalia.com\/wp-content\/uploads\/virtuemart\/product\/shower-shower-rack-6mm-anticalcare-transparent-1.jpg\",\"width\":550,\"height\":550},{\"@type\":\"BreadcrumbList\",\"@id\":\"https:\/\/www.bagnoitalia.com\/de\/produkt\/hinged-shower-door-70-80-90-cm-clear-glass-6-mm-with-antiscale-treatment-pr048-2.html#breadcrumb\",\"itemListElement\":[{\"@type\":\"ListItem\",\"position\":1,\"name\":\"Home\",\"item\":\"https:\/\/www.bagnoitalia.com\/de\"},{\"@type\":\"ListItem\",\"position\":2,\"name\":\"Produkte\",\"item\":\"https:\/\/www.bagnoitalia.com\/de\/shop\"},{\"@type\":\"ListItem\",\"position\":3,\"name\":\"Duscht\u00fcr mit Scharnier 70, 80, 90 cm Klarglas 6 mm mit Anti-Kalk-Behandlung PR048\"}]},{\"@type\":\"WebSite\",\"@id\":\"https:\/\/www.bagnoitalia.com\/de#website\",\"url\":\"https:\/\/www.bagnoitalia.com\/de\",\"name\":\"Bagno Italia\",\"description\":\"\",\"publisher\":{\"@id\":\"https:\/\/www.bagnoitalia.com\/de#organization\"},\"potentialAction\":[{\"@type\":\"SearchAction\",\"target\":{\"@type\":\"EntryPoint\",\"urlTemplate\":\"https:\/\/www.bagnoitalia.com\/de?s={search_term_string}\"},\"query-input\":{\"@type\":\"PropertyValueSpecification\",\"valueRequired\":true,\"valueName\":\"search_term_string\"}}],\"inLanguage\":\"de\"},{\"@type\":\"Organization\",\"@id\":\"https:\/\/www.bagnoitalia.com\/de#organization\",\"name\":\"Bagno Italia\",\"url\":\"https:\/\/www.bagnoitalia.com\/de\",\"logo\":{\"@type\":\"ImageObject\",\"inLanguage\":\"de\",\"@id\":\"https:\/\/www.bagnoitalia.com\/de#\/schema\/logo\/image\/\",\"url\":\"https:\/\/img.bagnoitalia.com\/wp-content\/uploads\/logo-bagnoitalia.webp\",\"contentUrl\":\"https:\/\/img.bagnoitalia.com\/wp-content\/uploads\/logo-bagnoitalia.webp\",\"width\":400,\"height\":70,\"caption\":\"Bagno Italia\"},\"image\":{\"@id\":\"https:\/\/www.bagnoitalia.com\/de#\/schema\/logo\/image\/\"}}]}<\/script>\n<!-- \/ Yoast SEO plugin. -->","yoast_head_json":{"title":"Duscht\u00fcr mit Scharnier 70, 80, 90 cm Klarglas 6 mm mit Anti-Kalk-Behandlung PR048","description":"Versenkte Duscht\u00fcr, nach au\u00dfen \u00f6ffnend, erh\u00e4ltlich in 3 Gr\u00f6\u00dfen. Umkehrbar. Kristall mit ANTI-CALCARE-Behandlung.","robots":{"index":"index","follow":"follow","max-snippet":"max-snippet:-1","max-image-preview":"max-image-preview:large","max-video-preview":"max-video-preview:-1"},"canonical":"https:\/\/www.bagnoitalia.com\/de\/produkt\/hinged-shower-door-70-80-90-cm-clear-glass-6-mm-with-antiscale-treatment-pr048-2.html","og_locale":"de_DE","og_type":"article","og_title":"Duscht\u00fcr mit Scharnier 70, 80, 90 cm Klarglas 6 mm mit Anti-Kalk-Behandlung PR048","og_description":"Versenkte Duscht\u00fcr, nach au\u00dfen \u00f6ffnend, erh\u00e4ltlich in 3 Gr\u00f6\u00dfen. Umkehrbar. Kristall mit ANTI-CALCARE-Behandlung.","og_url":"https:\/\/www.bagnoitalia.com\/de\/produkt\/hinged-shower-door-70-80-90-cm-clear-glass-6-mm-with-antiscale-treatment-pr048-2.html","og_site_name":"Bagno Italia","og_image":[{"width":550,"height":550,"url":"https:\/\/img.bagnoitalia.com\/wp-content\/uploads\/virtuemart\/product\/shower-shower-rack-6mm-anticalcare-transparent-1.jpg","type":"image\/jpeg"}],"twitter_card":"summary_large_image","schema":{"@context":"https:\/\/schema.org","@graph":[{"@type":"WebPage","@id":"https:\/\/www.bagnoitalia.com\/de\/produkt\/hinged-shower-door-70-80-90-cm-clear-glass-6-mm-with-antiscale-treatment-pr048-2.html","url":"https:\/\/www.bagnoitalia.com\/de\/produkt\/hinged-shower-door-70-80-90-cm-clear-glass-6-mm-with-antiscale-treatment-pr048-2.html","name":"Duscht\u00fcr mit Scharnier 70, 80, 90 cm Klarglas 6 mm mit Anti-Kalk-Behandlung PR048","isPartOf":{"@id":"https:\/\/www.bagnoitalia.com\/de#website"},"primaryImageOfPage":{"@id":"https:\/\/www.bagnoitalia.com\/de\/produkt\/hinged-shower-door-70-80-90-cm-clear-glass-6-mm-with-antiscale-treatment-pr048-2.html#primaryimage"},"image":{"@id":"https:\/\/www.bagnoitalia.com\/de\/produkt\/hinged-shower-door-70-80-90-cm-clear-glass-6-mm-with-antiscale-treatment-pr048-2.html#primaryimage"},"thumbnailUrl":"https:\/\/img.bagnoitalia.com\/wp-content\/uploads\/virtuemart\/product\/shower-shower-rack-6mm-anticalcare-transparent-1.jpg","datePublished":"2023-09-25T12:19:46+00:00","description":"Versenkte Duscht\u00fcr, nach au\u00dfen \u00f6ffnend, erh\u00e4ltlich in 3 Gr\u00f6\u00dfen. Umkehrbar. Kristall mit ANTI-CALCARE-Behandlung.","breadcrumb":{"@id":"https:\/\/www.bagnoitalia.com\/de\/produkt\/hinged-shower-door-70-80-90-cm-clear-glass-6-mm-with-antiscale-treatment-pr048-2.html#breadcrumb"},"inLanguage":"de","potentialAction":[{"@type":"ReadAction","target":["https:\/\/www.bagnoitalia.com\/de\/produkt\/hinged-shower-door-70-80-90-cm-clear-glass-6-mm-with-antiscale-treatment-pr048-2.html"]}]},{"@type":"ImageObject","inLanguage":"de","@id":"https:\/\/www.bagnoitalia.com\/de\/produkt\/hinged-shower-door-70-80-90-cm-clear-glass-6-mm-with-antiscale-treatment-pr048-2.html#primaryimage","url":"https:\/\/img.bagnoitalia.com\/wp-content\/uploads\/virtuemart\/product\/shower-shower-rack-6mm-anticalcare-transparent-1.jpg","contentUrl":"https:\/\/img.bagnoitalia.com\/wp-content\/uploads\/virtuemart\/product\/shower-shower-rack-6mm-anticalcare-transparent-1.jpg","width":550,"height":550},{"@type":"BreadcrumbList","@id":"https:\/\/www.bagnoitalia.com\/de\/produkt\/hinged-shower-door-70-80-90-cm-clear-glass-6-mm-with-antiscale-treatment-pr048-2.html#breadcrumb","itemListElement":[{"@type":"ListItem","position":1,"name":"Home","item":"https:\/\/www.bagnoitalia.com\/de"},{"@type":"ListItem","position":2,"name":"Produkte","item":"https:\/\/www.bagnoitalia.com\/de\/shop"},{"@type":"ListItem","position":3,"name":"Duscht\u00fcr mit Scharnier 70, 80, 90 cm Klarglas 6 mm mit Anti-Kalk-Behandlung PR048"}]},{"@type":"WebSite","@id":"https:\/\/www.bagnoitalia.com\/de#website","url":"https:\/\/www.bagnoitalia.com\/de","name":"Bagno Italia","description":"","publisher":{"@id":"https:\/\/www.bagnoitalia.com\/de#organization"},"potentialAction":[{"@type":"SearchAction","target":{"@type":"EntryPoint","urlTemplate":"https:\/\/www.bagnoitalia.com\/de?s={search_term_string}"},"query-input":{"@type":"PropertyValueSpecification","valueRequired":true,"valueName":"search_term_string"}}],"inLanguage":"de"},{"@type":"Organization","@id":"https:\/\/www.bagnoitalia.com\/de#organization","name":"Bagno Italia","url":"https:\/\/www.bagnoitalia.com\/de","logo":{"@type":"ImageObject","inLanguage":"de","@id":"https:\/\/www.bagnoitalia.com\/de#\/schema\/logo\/image\/","url":"https:\/\/img.bagnoitalia.com\/wp-content\/uploads\/logo-bagnoitalia.webp","contentUrl":"https:\/\/img.bagnoitalia.com\/wp-content\/uploads\/logo-bagnoitalia.webp","width":400,"height":70,"caption":"Bagno Italia"},"image":{"@id":"https:\/\/www.bagnoitalia.com\/de#\/schema\/logo\/image\/"}}]}},"_links":{"self":[{"href":"https:\/\/www.bagnoitalia.com\/de\/wp-json\/wp\/v2\/product\/83554","targetHints":{"allow":["GET"]}}],"collection":[{"href":"https:\/\/www.bagnoitalia.com\/de\/wp-json\/wp\/v2\/product"}],"about":[{"href":"https:\/\/www.bagnoitalia.com\/de\/wp-json\/wp\/v2\/types\/product"}],"replies":[{"embeddable":true,"href":"https:\/\/www.bagnoitalia.com\/de\/wp-json\/wp\/v2\/comments?post=83554"}],"version-history":[{"count":0,"href":"https:\/\/www.bagnoitalia.com\/de\/wp-json\/wp\/v2\/product\/83554\/revisions"}],"wp:featuredmedia":[{"embeddable":true,"href":"https:\/\/www.bagnoitalia.com\/de\/wp-json\/wp\/v2\/media\/66073"}],"wp:attachment":[{"href":"https:\/\/www.bagnoitalia.com\/de\/wp-json\/wp\/v2\/media?parent=83554"}],"wp:term":[{"taxonomy":"product_brand","embeddable":true,"href":"https:\/\/www.bagnoitalia.com\/de\/wp-json\/wp\/v2\/product_brand?post=83554"},{"taxonomy":"product_cat","embeddable":true,"href":"https:\/\/www.bagnoitalia.com\/de\/wp-json\/wp\/v2\/product_cat?post=83554"},{"taxonomy":"product_tag","embeddable":true,"href":"https:\/\/www.bagnoitalia.com\/de\/wp-json\/wp\/v2\/product_tag?post=83554"}],"curies":[{"name":"wp","href":"https:\/\/api.w.org\/{rel}","templated":true}]}}