{"id":83486,"date":"2023-09-19T13:35:58","date_gmt":"2023-09-19T11:35:58","guid":{"rendered":"https:\/\/www.bagnoitalia.com\/product\/corner-shower-cubicle-with-sliding-door-8-mm-clear-antilime-glass-box075-2"},"modified":"2024-06-04T12:24:02","modified_gmt":"2024-06-04T10:24:02","slug":"corner-shower-cubicle-with-sliding-door-8-mm-clear-antilime-glass-box075-2","status":"publish","type":"product","link":"https:\/\/www.bagnoitalia.com\/de\/produkt\/corner-shower-cubicle-with-sliding-door-8-mm-clear-antilime-glass-box075-2.html","title":{"rendered":"Eckduschkabine mit Schiebet\u00fcr 8 mm klares Antikalkglas BOX075"},"content":{"rendered":"<p style=\"text-align: center;\"><span style=\"text-decoration: underline; color: #ff0000; font-size: 18pt;\"><strong>ANGULAR SHOWER BOX mit ANTICALCARE BOX075<\/strong><\/span><\/p>\n<p>&nbsp;<\/p>\n<p>DETAILS ZUM PRODUKT<\/p>\n<p>Duschabtrennung bestehend aus einer festen T\u00fcr und einer Schiebet\u00fcr<\/p>\n<p>H\u00f6he 200 cm<\/p>\n<p>Feste T\u00fcrgr\u00f6\u00dfen verf\u00fcgbar: 70, 80 oder 90 cm<\/p>\n<p>Verf\u00fcgbare Gr\u00f6\u00dfen der Duscht\u00fcr: 100, 110, 120, 130, 140, 150, 160 cm<\/p>\n<p>Umkehrbar<\/p>\n<p>Profilmaterial: halbgl\u00e4nzend eloxiertes Aluminium<\/p>\n<p>Anti-Tropf-Dichtung<\/p>\n<p>Schnellverschluss<\/p>\n<p>DETAILS DES GLASES<\/p>\n<p>Art: Geh\u00e4rtet<\/p>\n<p>Farbe: Transparent<\/p>\n<p>Dicke: 8mm<\/p>\n<p>Mit Anti-Kalk-Behandlung<\/p>\n","protected":false},"excerpt":{"rendered":"<p>Umkehrbare Duschabtrennung, bestehend aus einer festen T\u00fcr und einer Schiebet\u00fcr, erh\u00e4ltlich in verschiedenen Gr\u00f6\u00dfen. H\u00f6he 200 cm. KRISTALLGLAS MIT ANTI-KALK-BEHANDLUNG<\/p>\n","protected":false},"featured_media":65613,"comment_status":"open","ping_status":"closed","template":"","meta":[],"product_brand":[5004],"product_cat":[9808],"product_tag":[],"class_list":{"0":"post-83486","1":"product","2":"type-product","3":"status-publish","4":"has-post-thumbnail","6":"product_brand-vari-produttori","7":"product_cat-eckdusche-duschkabine","9":"first","10":"instock","11":"sale","12":"taxable","13":"shipping-taxable","14":"purchasable","15":"product-type-simple"},"exclude_global_add_ons":false,"addons":[{"name":"Ma\u00dfe","type":"multiple_choice","position":0,"required":true,"title_format":"heading","default":"","description_enable":false,"description":"","placeholder_enable":false,"placeholder":"","display":"select","restrictions_type":"any_text","adjust_price":false,"price":"","price_type":"flat_fee","restrictions":false,"min":"0","max":"0","options":[{"label":"70x100 cm","price":"","price_type":"quantity_based","image":0,"visibility":true},{"label":"70x110 cm","price":"10","price_type":"quantity_based","image":0,"visibility":true},{"label":"70x120 cm","price":"15","price_type":"quantity_based","image":0,"visibility":true},{"label":"70x130 cm","price":"19","price_type":"quantity_based","image":0,"visibility":true},{"label":"70x140 cm","price":"49","price_type":"quantity_based","image":0,"visibility":true},{"label":"70x150 cm","price":"59","price_type":"quantity_based","image":0,"visibility":true},{"label":"70x160 cm","price":"72.35","price_type":"quantity_based","image":0,"visibility":true},{"label":"80x100 cm","price":"","price_type":"quantity_based","image":0,"visibility":true},{"label":"80x110 cm","price":"5","price_type":"quantity_based","image":0,"visibility":true},{"label":"80x120 cm","price":"9","price_type":"quantity_based","image":0,"visibility":true},{"label":"80x130 cm","price":"19","price_type":"quantity_based","image":0,"visibility":true},{"label":"80x140 cm","price":"39","price_type":"quantity_based","image":0,"visibility":true},{"label":"80x150 cm","price":"49","price_type":"quantity_based","image":0,"visibility":true},{"label":"80x160 cm","price":"59","price_type":"quantity_based","image":0,"visibility":true},{"label":"90x100 cm","price":"29","price_type":"quantity_based","image":0,"visibility":true},{"label":"90x110 cm","price":"39","price_type":"quantity_based","image":0,"visibility":true},{"label":"90x120 cm","price":"49","price_type":"quantity_based","image":0,"visibility":true},{"label":"90x130 cm","price":"59","price_type":"quantity_based","image":0,"visibility":true},{"label":"90x140 cm","price":"79","price_type":"quantity_based","image":0,"visibility":true},{"label":"90x150 cm","price":"89","price_type":"quantity_based","image":0,"visibility":true},{"label":"90x160 cm","price":"100.1","price_type":"quantity_based","image":0,"visibility":true}],"id":1717503842}],"yoast_head":"<!-- This site is optimized with the Yoast SEO plugin v26.7 - https:\/\/yoast.com\/wordpress\/plugins\/seo\/ -->\n<title>Eckduschkabine mit Schiebet\u00fcr 8 mm klares Antikalkglas BOX075<\/title>\n<meta name=\"description\" content=\"Umkehrbare Duschabtrennung, bestehend aus einer festen T\u00fcr und einer Schiebet\u00fcr, erh\u00e4ltlich in verschiedenen Gr\u00f6\u00dfen. H\u00f6he 200 cm. KRISTALLGLAS MIT ANTI-KALK-BEHANDLUNG\" \/>\n<meta name=\"robots\" content=\"index, follow, max-snippet:-1, max-image-preview:large, max-video-preview:-1\" \/>\n<link rel=\"canonical\" href=\"https:\/\/www.bagnoitalia.com\/de\/produkt\/corner-shower-cubicle-with-sliding-door-8-mm-clear-antilime-glass-box075-2.html\" \/>\n<meta property=\"og:locale\" content=\"de_DE\" \/>\n<meta property=\"og:type\" content=\"article\" \/>\n<meta property=\"og:title\" content=\"Eckduschkabine mit Schiebet\u00fcr 8 mm klares Antikalkglas BOX075\" \/>\n<meta property=\"og:description\" content=\"Umkehrbare Duschabtrennung, bestehend aus einer festen T\u00fcr und einer Schiebet\u00fcr, erh\u00e4ltlich in verschiedenen Gr\u00f6\u00dfen. H\u00f6he 200 cm. KRISTALLGLAS MIT ANTI-KALK-BEHANDLUNG\" \/>\n<meta property=\"og:url\" content=\"https:\/\/www.bagnoitalia.com\/de\/produkt\/corner-shower-cubicle-with-sliding-door-8-mm-clear-antilime-glass-box075-2.html\" \/>\n<meta property=\"og:site_name\" content=\"Bagno Italia\" \/>\n<meta property=\"article:modified_time\" content=\"2024-06-04T10:24:02+00:00\" \/>\n<meta property=\"og:image\" content=\"https:\/\/img.bagnoitalia.com\/wp-content\/uploads\/virtuemart\/product\/shower-box-angular-with-sliding-glass-door-8-mm-1.jpg\" \/>\n\t<meta property=\"og:image:width\" content=\"550\" \/>\n\t<meta property=\"og:image:height\" content=\"550\" \/>\n\t<meta property=\"og:image:type\" content=\"image\/jpeg\" \/>\n<meta name=\"twitter:card\" content=\"summary_large_image\" \/>\n<meta name=\"twitter:label1\" content=\"Gesch\u00e4tzte Lesezeit\" \/>\n\t<meta name=\"twitter:data1\" content=\"1\u00a0Minute\" \/>\n<script type=\"application\/ld+json\" class=\"yoast-schema-graph\">{\"@context\":\"https:\/\/schema.org\",\"@graph\":[{\"@type\":\"WebPage\",\"@id\":\"https:\/\/www.bagnoitalia.com\/de\/produkt\/corner-shower-cubicle-with-sliding-door-8-mm-clear-antilime-glass-box075-2.html\",\"url\":\"https:\/\/www.bagnoitalia.com\/de\/produkt\/corner-shower-cubicle-with-sliding-door-8-mm-clear-antilime-glass-box075-2.html\",\"name\":\"Eckduschkabine mit Schiebet\u00fcr 8 mm klares Antikalkglas BOX075\",\"isPartOf\":{\"@id\":\"https:\/\/www.bagnoitalia.com\/de#website\"},\"primaryImageOfPage\":{\"@id\":\"https:\/\/www.bagnoitalia.com\/de\/produkt\/corner-shower-cubicle-with-sliding-door-8-mm-clear-antilime-glass-box075-2.html#primaryimage\"},\"image\":{\"@id\":\"https:\/\/www.bagnoitalia.com\/de\/produkt\/corner-shower-cubicle-with-sliding-door-8-mm-clear-antilime-glass-box075-2.html#primaryimage\"},\"thumbnailUrl\":\"https:\/\/img.bagnoitalia.com\/wp-content\/uploads\/virtuemart\/product\/shower-box-angular-with-sliding-glass-door-8-mm-1.jpg\",\"datePublished\":\"2023-09-19T11:35:58+00:00\",\"dateModified\":\"2024-06-04T10:24:02+00:00\",\"description\":\"Umkehrbare Duschabtrennung, bestehend aus einer festen T\u00fcr und einer Schiebet\u00fcr, erh\u00e4ltlich in verschiedenen Gr\u00f6\u00dfen. H\u00f6he 200 cm. KRISTALLGLAS MIT ANTI-KALK-BEHANDLUNG\",\"breadcrumb\":{\"@id\":\"https:\/\/www.bagnoitalia.com\/de\/produkt\/corner-shower-cubicle-with-sliding-door-8-mm-clear-antilime-glass-box075-2.html#breadcrumb\"},\"inLanguage\":\"de\",\"potentialAction\":[{\"@type\":\"ReadAction\",\"target\":[\"https:\/\/www.bagnoitalia.com\/de\/produkt\/corner-shower-cubicle-with-sliding-door-8-mm-clear-antilime-glass-box075-2.html\"]}]},{\"@type\":\"ImageObject\",\"inLanguage\":\"de\",\"@id\":\"https:\/\/www.bagnoitalia.com\/de\/produkt\/corner-shower-cubicle-with-sliding-door-8-mm-clear-antilime-glass-box075-2.html#primaryimage\",\"url\":\"https:\/\/img.bagnoitalia.com\/wp-content\/uploads\/virtuemart\/product\/shower-box-angular-with-sliding-glass-door-8-mm-1.jpg\",\"contentUrl\":\"https:\/\/img.bagnoitalia.com\/wp-content\/uploads\/virtuemart\/product\/shower-box-angular-with-sliding-glass-door-8-mm-1.jpg\",\"width\":550,\"height\":550},{\"@type\":\"BreadcrumbList\",\"@id\":\"https:\/\/www.bagnoitalia.com\/de\/produkt\/corner-shower-cubicle-with-sliding-door-8-mm-clear-antilime-glass-box075-2.html#breadcrumb\",\"itemListElement\":[{\"@type\":\"ListItem\",\"position\":1,\"name\":\"Home\",\"item\":\"https:\/\/www.bagnoitalia.com\/de\"},{\"@type\":\"ListItem\",\"position\":2,\"name\":\"Produkte\",\"item\":\"https:\/\/www.bagnoitalia.com\/de\/shop\"},{\"@type\":\"ListItem\",\"position\":3,\"name\":\"Eckduschkabine mit Schiebet\u00fcr 8 mm klares Antikalkglas BOX075\"}]},{\"@type\":\"WebSite\",\"@id\":\"https:\/\/www.bagnoitalia.com\/de#website\",\"url\":\"https:\/\/www.bagnoitalia.com\/de\",\"name\":\"Bagno Italia\",\"description\":\"\",\"publisher\":{\"@id\":\"https:\/\/www.bagnoitalia.com\/de#organization\"},\"potentialAction\":[{\"@type\":\"SearchAction\",\"target\":{\"@type\":\"EntryPoint\",\"urlTemplate\":\"https:\/\/www.bagnoitalia.com\/de?s={search_term_string}\"},\"query-input\":{\"@type\":\"PropertyValueSpecification\",\"valueRequired\":true,\"valueName\":\"search_term_string\"}}],\"inLanguage\":\"de\"},{\"@type\":\"Organization\",\"@id\":\"https:\/\/www.bagnoitalia.com\/de#organization\",\"name\":\"Bagno Italia\",\"url\":\"https:\/\/www.bagnoitalia.com\/de\",\"logo\":{\"@type\":\"ImageObject\",\"inLanguage\":\"de\",\"@id\":\"https:\/\/www.bagnoitalia.com\/de#\/schema\/logo\/image\/\",\"url\":\"https:\/\/img.bagnoitalia.com\/wp-content\/uploads\/logo-bagnoitalia.webp\",\"contentUrl\":\"https:\/\/img.bagnoitalia.com\/wp-content\/uploads\/logo-bagnoitalia.webp\",\"width\":400,\"height\":70,\"caption\":\"Bagno Italia\"},\"image\":{\"@id\":\"https:\/\/www.bagnoitalia.com\/de#\/schema\/logo\/image\/\"}}]}<\/script>\n<!-- \/ Yoast SEO plugin. -->","yoast_head_json":{"title":"Eckduschkabine mit Schiebet\u00fcr 8 mm klares Antikalkglas BOX075","description":"Umkehrbare Duschabtrennung, bestehend aus einer festen T\u00fcr und einer Schiebet\u00fcr, erh\u00e4ltlich in verschiedenen Gr\u00f6\u00dfen. H\u00f6he 200 cm. KRISTALLGLAS MIT ANTI-KALK-BEHANDLUNG","robots":{"index":"index","follow":"follow","max-snippet":"max-snippet:-1","max-image-preview":"max-image-preview:large","max-video-preview":"max-video-preview:-1"},"canonical":"https:\/\/www.bagnoitalia.com\/de\/produkt\/corner-shower-cubicle-with-sliding-door-8-mm-clear-antilime-glass-box075-2.html","og_locale":"de_DE","og_type":"article","og_title":"Eckduschkabine mit Schiebet\u00fcr 8 mm klares Antikalkglas BOX075","og_description":"Umkehrbare Duschabtrennung, bestehend aus einer festen T\u00fcr und einer Schiebet\u00fcr, erh\u00e4ltlich in verschiedenen Gr\u00f6\u00dfen. H\u00f6he 200 cm. KRISTALLGLAS MIT ANTI-KALK-BEHANDLUNG","og_url":"https:\/\/www.bagnoitalia.com\/de\/produkt\/corner-shower-cubicle-with-sliding-door-8-mm-clear-antilime-glass-box075-2.html","og_site_name":"Bagno Italia","article_modified_time":"2024-06-04T10:24:02+00:00","og_image":[{"width":550,"height":550,"url":"https:\/\/img.bagnoitalia.com\/wp-content\/uploads\/virtuemart\/product\/shower-box-angular-with-sliding-glass-door-8-mm-1.jpg","type":"image\/jpeg"}],"twitter_card":"summary_large_image","twitter_misc":{"Gesch\u00e4tzte Lesezeit":"1\u00a0Minute"},"schema":{"@context":"https:\/\/schema.org","@graph":[{"@type":"WebPage","@id":"https:\/\/www.bagnoitalia.com\/de\/produkt\/corner-shower-cubicle-with-sliding-door-8-mm-clear-antilime-glass-box075-2.html","url":"https:\/\/www.bagnoitalia.com\/de\/produkt\/corner-shower-cubicle-with-sliding-door-8-mm-clear-antilime-glass-box075-2.html","name":"Eckduschkabine mit Schiebet\u00fcr 8 mm klares Antikalkglas BOX075","isPartOf":{"@id":"https:\/\/www.bagnoitalia.com\/de#website"},"primaryImageOfPage":{"@id":"https:\/\/www.bagnoitalia.com\/de\/produkt\/corner-shower-cubicle-with-sliding-door-8-mm-clear-antilime-glass-box075-2.html#primaryimage"},"image":{"@id":"https:\/\/www.bagnoitalia.com\/de\/produkt\/corner-shower-cubicle-with-sliding-door-8-mm-clear-antilime-glass-box075-2.html#primaryimage"},"thumbnailUrl":"https:\/\/img.bagnoitalia.com\/wp-content\/uploads\/virtuemart\/product\/shower-box-angular-with-sliding-glass-door-8-mm-1.jpg","datePublished":"2023-09-19T11:35:58+00:00","dateModified":"2024-06-04T10:24:02+00:00","description":"Umkehrbare Duschabtrennung, bestehend aus einer festen T\u00fcr und einer Schiebet\u00fcr, erh\u00e4ltlich in verschiedenen Gr\u00f6\u00dfen. H\u00f6he 200 cm. KRISTALLGLAS MIT ANTI-KALK-BEHANDLUNG","breadcrumb":{"@id":"https:\/\/www.bagnoitalia.com\/de\/produkt\/corner-shower-cubicle-with-sliding-door-8-mm-clear-antilime-glass-box075-2.html#breadcrumb"},"inLanguage":"de","potentialAction":[{"@type":"ReadAction","target":["https:\/\/www.bagnoitalia.com\/de\/produkt\/corner-shower-cubicle-with-sliding-door-8-mm-clear-antilime-glass-box075-2.html"]}]},{"@type":"ImageObject","inLanguage":"de","@id":"https:\/\/www.bagnoitalia.com\/de\/produkt\/corner-shower-cubicle-with-sliding-door-8-mm-clear-antilime-glass-box075-2.html#primaryimage","url":"https:\/\/img.bagnoitalia.com\/wp-content\/uploads\/virtuemart\/product\/shower-box-angular-with-sliding-glass-door-8-mm-1.jpg","contentUrl":"https:\/\/img.bagnoitalia.com\/wp-content\/uploads\/virtuemart\/product\/shower-box-angular-with-sliding-glass-door-8-mm-1.jpg","width":550,"height":550},{"@type":"BreadcrumbList","@id":"https:\/\/www.bagnoitalia.com\/de\/produkt\/corner-shower-cubicle-with-sliding-door-8-mm-clear-antilime-glass-box075-2.html#breadcrumb","itemListElement":[{"@type":"ListItem","position":1,"name":"Home","item":"https:\/\/www.bagnoitalia.com\/de"},{"@type":"ListItem","position":2,"name":"Produkte","item":"https:\/\/www.bagnoitalia.com\/de\/shop"},{"@type":"ListItem","position":3,"name":"Eckduschkabine mit Schiebet\u00fcr 8 mm klares Antikalkglas BOX075"}]},{"@type":"WebSite","@id":"https:\/\/www.bagnoitalia.com\/de#website","url":"https:\/\/www.bagnoitalia.com\/de","name":"Bagno Italia","description":"","publisher":{"@id":"https:\/\/www.bagnoitalia.com\/de#organization"},"potentialAction":[{"@type":"SearchAction","target":{"@type":"EntryPoint","urlTemplate":"https:\/\/www.bagnoitalia.com\/de?s={search_term_string}"},"query-input":{"@type":"PropertyValueSpecification","valueRequired":true,"valueName":"search_term_string"}}],"inLanguage":"de"},{"@type":"Organization","@id":"https:\/\/www.bagnoitalia.com\/de#organization","name":"Bagno Italia","url":"https:\/\/www.bagnoitalia.com\/de","logo":{"@type":"ImageObject","inLanguage":"de","@id":"https:\/\/www.bagnoitalia.com\/de#\/schema\/logo\/image\/","url":"https:\/\/img.bagnoitalia.com\/wp-content\/uploads\/logo-bagnoitalia.webp","contentUrl":"https:\/\/img.bagnoitalia.com\/wp-content\/uploads\/logo-bagnoitalia.webp","width":400,"height":70,"caption":"Bagno Italia"},"image":{"@id":"https:\/\/www.bagnoitalia.com\/de#\/schema\/logo\/image\/"}}]}},"_links":{"self":[{"href":"https:\/\/www.bagnoitalia.com\/de\/wp-json\/wp\/v2\/product\/83486","targetHints":{"allow":["GET"]}}],"collection":[{"href":"https:\/\/www.bagnoitalia.com\/de\/wp-json\/wp\/v2\/product"}],"about":[{"href":"https:\/\/www.bagnoitalia.com\/de\/wp-json\/wp\/v2\/types\/product"}],"replies":[{"embeddable":true,"href":"https:\/\/www.bagnoitalia.com\/de\/wp-json\/wp\/v2\/comments?post=83486"}],"version-history":[{"count":1,"href":"https:\/\/www.bagnoitalia.com\/de\/wp-json\/wp\/v2\/product\/83486\/revisions"}],"predecessor-version":[{"id":89249,"href":"https:\/\/www.bagnoitalia.com\/de\/wp-json\/wp\/v2\/product\/83486\/revisions\/89249"}],"wp:featuredmedia":[{"embeddable":true,"href":"https:\/\/www.bagnoitalia.com\/de\/wp-json\/wp\/v2\/media\/65613"}],"wp:attachment":[{"href":"https:\/\/www.bagnoitalia.com\/de\/wp-json\/wp\/v2\/media?parent=83486"}],"wp:term":[{"taxonomy":"product_brand","embeddable":true,"href":"https:\/\/www.bagnoitalia.com\/de\/wp-json\/wp\/v2\/product_brand?post=83486"},{"taxonomy":"product_cat","embeddable":true,"href":"https:\/\/www.bagnoitalia.com\/de\/wp-json\/wp\/v2\/product_cat?post=83486"},{"taxonomy":"product_tag","embeddable":true,"href":"https:\/\/www.bagnoitalia.com\/de\/wp-json\/wp\/v2\/product_tag?post=83486"}],"curies":[{"name":"wp","href":"https:\/\/api.w.org\/{rel}","templated":true}]}}