{"id":83482,"date":"2023-09-19T12:48:59","date_gmt":"2023-09-19T10:48:59","guid":{"rendered":"https:\/\/www.bagnoitalia.com\/product\/walk-in-shower-panel-in-various-sizes-with-black-frame-clear-or-smoked-8-mm-glass-h200-cm-pr043-2"},"modified":"2024-05-27T15:46:05","modified_gmt":"2024-05-27T13:46:05","slug":"walk-in-shower-panel-in-various-sizes-with-black-frame-clear-or-smoked-8-mm-glass-h200-cm-pr043-2","status":"publish","type":"product","link":"https:\/\/www.bagnoitalia.com\/de\/produkt\/walk-in-shower-panel-in-various-sizes-with-black-frame-clear-or-smoked-8-mm-glass-h200-cm-pr043-2.html","title":{"rendered":"Begehbares Duschpaneel in verschiedenen Gr\u00f6\u00dfen mit schwarzem Rahmen aus klarem oder ger\u00e4uchertem 8 mm Glas H200 cm PR043"},"content":{"rendered":"<p style=\"text-align: center;\"><span style=\"text-decoration: underline; color: #ff0000; font-size: 18pt;\"><strong>BEGEHBARE WAND MIT SCHWARZEN PROFILEN PR043<\/strong><\/span><\/p>\n<p>&nbsp;<\/p>\n<p>Hauptmerkmale des Produkts:<\/p>\n<p>Begehbare Duschwand<\/p>\n<p>Auswahl an Gr\u00f6\u00dfen:<\/p>\n<p>80 cm<br \/>\n90 cm<br \/>\n100 cm<br \/>\n120 cm<br \/>\n140 cm<br \/>\nH\u00f6he 200 cm<\/p>\n<p>Mit Tragarm verstellbar von 75 cm bis 120 cm<\/p>\n<p>Aluminiumrahmen mit schwarzer Oberfl\u00e4che<\/p>\n<p>Verstellbar bis zu -2 cm<\/p>\n<p>8 mm geh\u00e4rtetes Glas, transparent oder rauchfarben, wie auf den folgenden Fotos gezeigt (w\u00e4hlen Sie den gew\u00fcnschten Typ \u00fcber das Men\u00fc oben)<\/p>\n<p><img fetchpriority=\"high\" decoding=\"async\" class=\" size-full wp-image-65553\" src=\"https:\/\/img.bagnoitalia.com\/wp-content\/uploads\/box-doccia-angolare-profili-neri-vetro-trasparente-dett-1.jpg\" alt=\"\" width=\"421\" height=\"377\" srcset=\"https:\/\/img.bagnoitalia.com\/wp-content\/uploads\/box-doccia-angolare-profili-neri-vetro-trasparente-dett-1.jpg 421w, https:\/\/img.bagnoitalia.com\/wp-content\/uploads\/box-doccia-angolare-profili-neri-vetro-trasparente-dett-1-150x134.jpg 150w\" sizes=\"(max-width: 421px) 100vw, 421px\" \/><\/p>\n<p><img decoding=\"async\" class=\" size-full wp-image-65557\" src=\"https:\/\/img.bagnoitalia.com\/wp-content\/uploads\/box-doccia-angolare-profili-neri-vetro-fume-dettagli-2.jpg\" alt=\"\" width=\"383\" height=\"370\" srcset=\"https:\/\/img.bagnoitalia.com\/wp-content\/uploads\/box-doccia-angolare-profili-neri-vetro-fume-dettagli-2.jpg 383w, https:\/\/img.bagnoitalia.com\/wp-content\/uploads\/box-doccia-angolare-profili-neri-vetro-fume-dettagli-2-150x145.jpg 150w\" sizes=\"(max-width: 383px) 100vw, 383px\" \/><\/p>\n","protected":false},"excerpt":{"rendered":"<p>Begehbare Duschabtrennung, modernes Design mit schwarzen Profilen. Wahlweise mit ger\u00e4uchertem oder transparentem Glas. Inklusive Tragarm<\/p>\n","protected":false},"featured_media":65589,"comment_status":"open","ping_status":"closed","template":"","meta":[],"product_brand":[9886],"product_cat":[10061],"product_tag":[],"class_list":{"0":"post-83482","1":"product","2":"type-product","3":"status-publish","4":"has-post-thumbnail","6":"product_brand-hydrastar-de","7":"product_cat-begehbare-duschtur","9":"first","10":"instock","11":"sale","12":"taxable","13":"shipping-taxable","14":"purchasable","15":"product-type-simple"},"exclude_global_add_ons":false,"addons":[{"name":"Abmessungen","type":"multiple_choice","position":0,"required":true,"title_format":"heading","default":"","description_enable":false,"description":"","placeholder_enable":false,"placeholder":"","display":"select","restrictions_type":"any_text","adjust_price":false,"price":"","price_type":"flat_fee","restrictions":false,"min":"0","max":"0","options":[{"label":"80 cm","price":"","price_type":"quantity_based","image":0,"visibility":true},{"label":"90 cm","price":"10","price_type":"quantity_based","image":0,"visibility":true},{"label":"100 cm","price":"20","price_type":"quantity_based","image":0,"visibility":true},{"label":"120 cm","price":"50","price_type":"quantity_based","image":0,"visibility":true},{"label":"140 cm","price":"70","price_type":"quantity_based","image":0,"visibility":true}],"id":1716824765},{"name":"Typ","type":"multiple_choice","position":1,"required":true,"title_format":"heading","default":"","description_enable":false,"description":"","placeholder_enable":false,"placeholder":"","display":"select","restrictions_type":"any_text","adjust_price":false,"price":"","price_type":"flat_fee","restrictions":false,"min":"0","max":"0","options":[{"label":"transparentes Kristall","price":"","price_type":"quantity_based","image":0,"visibility":true},{"label":"ger\u00e4ucherter Kristall","price":"30","price_type":"quantity_based","image":0,"visibility":true}],"id":1716824766}],"yoast_head":"<!-- This site is optimized with the Yoast SEO plugin v26.7 - https:\/\/yoast.com\/wordpress\/plugins\/seo\/ -->\n<title>Begehbares Duschpaneel in verschiedenen Gr\u00f6\u00dfen mit schwarzem Rahmen aus klarem oder ger\u00e4uchertem 8 mm Glas H200 cm PR043<\/title>\n<meta name=\"description\" content=\"Begehbare Duschabtrennung, modernes Design mit schwarzen Profilen. Wahlweise mit ger\u00e4uchertem oder transparentem Glas. Inklusive Tragarm\" \/>\n<meta name=\"robots\" content=\"index, follow, max-snippet:-1, max-image-preview:large, max-video-preview:-1\" \/>\n<link rel=\"canonical\" href=\"https:\/\/www.bagnoitalia.com\/de\/produkt\/walk-in-shower-panel-in-various-sizes-with-black-frame-clear-or-smoked-8-mm-glass-h200-cm-pr043-2.html\" \/>\n<meta property=\"og:locale\" content=\"de_DE\" \/>\n<meta property=\"og:type\" content=\"article\" \/>\n<meta property=\"og:title\" content=\"Begehbares Duschpaneel in verschiedenen Gr\u00f6\u00dfen mit schwarzem Rahmen aus klarem oder ger\u00e4uchertem 8 mm Glas H200 cm PR043\" \/>\n<meta property=\"og:description\" content=\"Begehbare Duschabtrennung, modernes Design mit schwarzen Profilen. Wahlweise mit ger\u00e4uchertem oder transparentem Glas. Inklusive Tragarm\" \/>\n<meta property=\"og:url\" content=\"https:\/\/www.bagnoitalia.com\/de\/produkt\/walk-in-shower-panel-in-various-sizes-with-black-frame-clear-or-smoked-8-mm-glass-h200-cm-pr043-2.html\" \/>\n<meta property=\"og:site_name\" content=\"Bagno Italia\" \/>\n<meta property=\"article:modified_time\" content=\"2024-05-27T13:46:05+00:00\" \/>\n<meta property=\"og:image\" content=\"https:\/\/img.bagnoitalia.com\/wp-content\/uploads\/virtuemart\/product\/wall-walk-in-shower-structure-black-glass-8-mm-1.jpg\" \/>\n\t<meta property=\"og:image:width\" content=\"550\" \/>\n\t<meta property=\"og:image:height\" content=\"550\" \/>\n\t<meta property=\"og:image:type\" content=\"image\/jpeg\" \/>\n<meta name=\"twitter:card\" content=\"summary_large_image\" \/>\n<meta name=\"twitter:label1\" content=\"Gesch\u00e4tzte Lesezeit\" \/>\n\t<meta name=\"twitter:data1\" content=\"1\u00a0Minute\" \/>\n<script type=\"application\/ld+json\" class=\"yoast-schema-graph\">{\"@context\":\"https:\/\/schema.org\",\"@graph\":[{\"@type\":\"WebPage\",\"@id\":\"https:\/\/www.bagnoitalia.com\/de\/produkt\/walk-in-shower-panel-in-various-sizes-with-black-frame-clear-or-smoked-8-mm-glass-h200-cm-pr043-2.html\",\"url\":\"https:\/\/www.bagnoitalia.com\/de\/produkt\/walk-in-shower-panel-in-various-sizes-with-black-frame-clear-or-smoked-8-mm-glass-h200-cm-pr043-2.html\",\"name\":\"Begehbares Duschpaneel in verschiedenen Gr\u00f6\u00dfen mit schwarzem Rahmen aus klarem oder ger\u00e4uchertem 8 mm Glas H200 cm PR043\",\"isPartOf\":{\"@id\":\"https:\/\/www.bagnoitalia.com\/de#website\"},\"primaryImageOfPage\":{\"@id\":\"https:\/\/www.bagnoitalia.com\/de\/produkt\/walk-in-shower-panel-in-various-sizes-with-black-frame-clear-or-smoked-8-mm-glass-h200-cm-pr043-2.html#primaryimage\"},\"image\":{\"@id\":\"https:\/\/www.bagnoitalia.com\/de\/produkt\/walk-in-shower-panel-in-various-sizes-with-black-frame-clear-or-smoked-8-mm-glass-h200-cm-pr043-2.html#primaryimage\"},\"thumbnailUrl\":\"https:\/\/img.bagnoitalia.com\/wp-content\/uploads\/virtuemart\/product\/wall-walk-in-shower-structure-black-glass-8-mm-1.jpg\",\"datePublished\":\"2023-09-19T10:48:59+00:00\",\"dateModified\":\"2024-05-27T13:46:05+00:00\",\"description\":\"Begehbare Duschabtrennung, modernes Design mit schwarzen Profilen. Wahlweise mit ger\u00e4uchertem oder transparentem Glas. Inklusive Tragarm\",\"breadcrumb\":{\"@id\":\"https:\/\/www.bagnoitalia.com\/de\/produkt\/walk-in-shower-panel-in-various-sizes-with-black-frame-clear-or-smoked-8-mm-glass-h200-cm-pr043-2.html#breadcrumb\"},\"inLanguage\":\"de\",\"potentialAction\":[{\"@type\":\"ReadAction\",\"target\":[\"https:\/\/www.bagnoitalia.com\/de\/produkt\/walk-in-shower-panel-in-various-sizes-with-black-frame-clear-or-smoked-8-mm-glass-h200-cm-pr043-2.html\"]}]},{\"@type\":\"ImageObject\",\"inLanguage\":\"de\",\"@id\":\"https:\/\/www.bagnoitalia.com\/de\/produkt\/walk-in-shower-panel-in-various-sizes-with-black-frame-clear-or-smoked-8-mm-glass-h200-cm-pr043-2.html#primaryimage\",\"url\":\"https:\/\/img.bagnoitalia.com\/wp-content\/uploads\/virtuemart\/product\/wall-walk-in-shower-structure-black-glass-8-mm-1.jpg\",\"contentUrl\":\"https:\/\/img.bagnoitalia.com\/wp-content\/uploads\/virtuemart\/product\/wall-walk-in-shower-structure-black-glass-8-mm-1.jpg\",\"width\":550,\"height\":550},{\"@type\":\"BreadcrumbList\",\"@id\":\"https:\/\/www.bagnoitalia.com\/de\/produkt\/walk-in-shower-panel-in-various-sizes-with-black-frame-clear-or-smoked-8-mm-glass-h200-cm-pr043-2.html#breadcrumb\",\"itemListElement\":[{\"@type\":\"ListItem\",\"position\":1,\"name\":\"Home\",\"item\":\"https:\/\/www.bagnoitalia.com\/de\"},{\"@type\":\"ListItem\",\"position\":2,\"name\":\"Produkte\",\"item\":\"https:\/\/www.bagnoitalia.com\/de\/shop\"},{\"@type\":\"ListItem\",\"position\":3,\"name\":\"Begehbares Duschpaneel in verschiedenen Gr\u00f6\u00dfen mit schwarzem Rahmen aus klarem oder ger\u00e4uchertem 8 mm Glas H200 cm PR043\"}]},{\"@type\":\"WebSite\",\"@id\":\"https:\/\/www.bagnoitalia.com\/de#website\",\"url\":\"https:\/\/www.bagnoitalia.com\/de\",\"name\":\"Bagno Italia\",\"description\":\"\",\"publisher\":{\"@id\":\"https:\/\/www.bagnoitalia.com\/de#organization\"},\"potentialAction\":[{\"@type\":\"SearchAction\",\"target\":{\"@type\":\"EntryPoint\",\"urlTemplate\":\"https:\/\/www.bagnoitalia.com\/de?s={search_term_string}\"},\"query-input\":{\"@type\":\"PropertyValueSpecification\",\"valueRequired\":true,\"valueName\":\"search_term_string\"}}],\"inLanguage\":\"de\"},{\"@type\":\"Organization\",\"@id\":\"https:\/\/www.bagnoitalia.com\/de#organization\",\"name\":\"Bagno Italia\",\"url\":\"https:\/\/www.bagnoitalia.com\/de\",\"logo\":{\"@type\":\"ImageObject\",\"inLanguage\":\"de\",\"@id\":\"https:\/\/www.bagnoitalia.com\/de#\/schema\/logo\/image\/\",\"url\":\"https:\/\/img.bagnoitalia.com\/wp-content\/uploads\/logo-bagnoitalia.webp\",\"contentUrl\":\"https:\/\/img.bagnoitalia.com\/wp-content\/uploads\/logo-bagnoitalia.webp\",\"width\":400,\"height\":70,\"caption\":\"Bagno Italia\"},\"image\":{\"@id\":\"https:\/\/www.bagnoitalia.com\/de#\/schema\/logo\/image\/\"}}]}<\/script>\n<!-- \/ Yoast SEO plugin. -->","yoast_head_json":{"title":"Begehbares Duschpaneel in verschiedenen Gr\u00f6\u00dfen mit schwarzem Rahmen aus klarem oder ger\u00e4uchertem 8 mm Glas H200 cm PR043","description":"Begehbare Duschabtrennung, modernes Design mit schwarzen Profilen. Wahlweise mit ger\u00e4uchertem oder transparentem Glas. Inklusive Tragarm","robots":{"index":"index","follow":"follow","max-snippet":"max-snippet:-1","max-image-preview":"max-image-preview:large","max-video-preview":"max-video-preview:-1"},"canonical":"https:\/\/www.bagnoitalia.com\/de\/produkt\/walk-in-shower-panel-in-various-sizes-with-black-frame-clear-or-smoked-8-mm-glass-h200-cm-pr043-2.html","og_locale":"de_DE","og_type":"article","og_title":"Begehbares Duschpaneel in verschiedenen Gr\u00f6\u00dfen mit schwarzem Rahmen aus klarem oder ger\u00e4uchertem 8 mm Glas H200 cm PR043","og_description":"Begehbare Duschabtrennung, modernes Design mit schwarzen Profilen. Wahlweise mit ger\u00e4uchertem oder transparentem Glas. Inklusive Tragarm","og_url":"https:\/\/www.bagnoitalia.com\/de\/produkt\/walk-in-shower-panel-in-various-sizes-with-black-frame-clear-or-smoked-8-mm-glass-h200-cm-pr043-2.html","og_site_name":"Bagno Italia","article_modified_time":"2024-05-27T13:46:05+00:00","og_image":[{"width":550,"height":550,"url":"https:\/\/img.bagnoitalia.com\/wp-content\/uploads\/virtuemart\/product\/wall-walk-in-shower-structure-black-glass-8-mm-1.jpg","type":"image\/jpeg"}],"twitter_card":"summary_large_image","twitter_misc":{"Gesch\u00e4tzte Lesezeit":"1\u00a0Minute"},"schema":{"@context":"https:\/\/schema.org","@graph":[{"@type":"WebPage","@id":"https:\/\/www.bagnoitalia.com\/de\/produkt\/walk-in-shower-panel-in-various-sizes-with-black-frame-clear-or-smoked-8-mm-glass-h200-cm-pr043-2.html","url":"https:\/\/www.bagnoitalia.com\/de\/produkt\/walk-in-shower-panel-in-various-sizes-with-black-frame-clear-or-smoked-8-mm-glass-h200-cm-pr043-2.html","name":"Begehbares Duschpaneel in verschiedenen Gr\u00f6\u00dfen mit schwarzem Rahmen aus klarem oder ger\u00e4uchertem 8 mm Glas H200 cm PR043","isPartOf":{"@id":"https:\/\/www.bagnoitalia.com\/de#website"},"primaryImageOfPage":{"@id":"https:\/\/www.bagnoitalia.com\/de\/produkt\/walk-in-shower-panel-in-various-sizes-with-black-frame-clear-or-smoked-8-mm-glass-h200-cm-pr043-2.html#primaryimage"},"image":{"@id":"https:\/\/www.bagnoitalia.com\/de\/produkt\/walk-in-shower-panel-in-various-sizes-with-black-frame-clear-or-smoked-8-mm-glass-h200-cm-pr043-2.html#primaryimage"},"thumbnailUrl":"https:\/\/img.bagnoitalia.com\/wp-content\/uploads\/virtuemart\/product\/wall-walk-in-shower-structure-black-glass-8-mm-1.jpg","datePublished":"2023-09-19T10:48:59+00:00","dateModified":"2024-05-27T13:46:05+00:00","description":"Begehbare Duschabtrennung, modernes Design mit schwarzen Profilen. Wahlweise mit ger\u00e4uchertem oder transparentem Glas. Inklusive Tragarm","breadcrumb":{"@id":"https:\/\/www.bagnoitalia.com\/de\/produkt\/walk-in-shower-panel-in-various-sizes-with-black-frame-clear-or-smoked-8-mm-glass-h200-cm-pr043-2.html#breadcrumb"},"inLanguage":"de","potentialAction":[{"@type":"ReadAction","target":["https:\/\/www.bagnoitalia.com\/de\/produkt\/walk-in-shower-panel-in-various-sizes-with-black-frame-clear-or-smoked-8-mm-glass-h200-cm-pr043-2.html"]}]},{"@type":"ImageObject","inLanguage":"de","@id":"https:\/\/www.bagnoitalia.com\/de\/produkt\/walk-in-shower-panel-in-various-sizes-with-black-frame-clear-or-smoked-8-mm-glass-h200-cm-pr043-2.html#primaryimage","url":"https:\/\/img.bagnoitalia.com\/wp-content\/uploads\/virtuemart\/product\/wall-walk-in-shower-structure-black-glass-8-mm-1.jpg","contentUrl":"https:\/\/img.bagnoitalia.com\/wp-content\/uploads\/virtuemart\/product\/wall-walk-in-shower-structure-black-glass-8-mm-1.jpg","width":550,"height":550},{"@type":"BreadcrumbList","@id":"https:\/\/www.bagnoitalia.com\/de\/produkt\/walk-in-shower-panel-in-various-sizes-with-black-frame-clear-or-smoked-8-mm-glass-h200-cm-pr043-2.html#breadcrumb","itemListElement":[{"@type":"ListItem","position":1,"name":"Home","item":"https:\/\/www.bagnoitalia.com\/de"},{"@type":"ListItem","position":2,"name":"Produkte","item":"https:\/\/www.bagnoitalia.com\/de\/shop"},{"@type":"ListItem","position":3,"name":"Begehbares Duschpaneel in verschiedenen Gr\u00f6\u00dfen mit schwarzem Rahmen aus klarem oder ger\u00e4uchertem 8 mm Glas H200 cm PR043"}]},{"@type":"WebSite","@id":"https:\/\/www.bagnoitalia.com\/de#website","url":"https:\/\/www.bagnoitalia.com\/de","name":"Bagno Italia","description":"","publisher":{"@id":"https:\/\/www.bagnoitalia.com\/de#organization"},"potentialAction":[{"@type":"SearchAction","target":{"@type":"EntryPoint","urlTemplate":"https:\/\/www.bagnoitalia.com\/de?s={search_term_string}"},"query-input":{"@type":"PropertyValueSpecification","valueRequired":true,"valueName":"search_term_string"}}],"inLanguage":"de"},{"@type":"Organization","@id":"https:\/\/www.bagnoitalia.com\/de#organization","name":"Bagno Italia","url":"https:\/\/www.bagnoitalia.com\/de","logo":{"@type":"ImageObject","inLanguage":"de","@id":"https:\/\/www.bagnoitalia.com\/de#\/schema\/logo\/image\/","url":"https:\/\/img.bagnoitalia.com\/wp-content\/uploads\/logo-bagnoitalia.webp","contentUrl":"https:\/\/img.bagnoitalia.com\/wp-content\/uploads\/logo-bagnoitalia.webp","width":400,"height":70,"caption":"Bagno Italia"},"image":{"@id":"https:\/\/www.bagnoitalia.com\/de#\/schema\/logo\/image\/"}}]}},"_links":{"self":[{"href":"https:\/\/www.bagnoitalia.com\/de\/wp-json\/wp\/v2\/product\/83482","targetHints":{"allow":["GET"]}}],"collection":[{"href":"https:\/\/www.bagnoitalia.com\/de\/wp-json\/wp\/v2\/product"}],"about":[{"href":"https:\/\/www.bagnoitalia.com\/de\/wp-json\/wp\/v2\/types\/product"}],"replies":[{"embeddable":true,"href":"https:\/\/www.bagnoitalia.com\/de\/wp-json\/wp\/v2\/comments?post=83482"}],"version-history":[{"count":1,"href":"https:\/\/www.bagnoitalia.com\/de\/wp-json\/wp\/v2\/product\/83482\/revisions"}],"predecessor-version":[{"id":88383,"href":"https:\/\/www.bagnoitalia.com\/de\/wp-json\/wp\/v2\/product\/83482\/revisions\/88383"}],"wp:featuredmedia":[{"embeddable":true,"href":"https:\/\/www.bagnoitalia.com\/de\/wp-json\/wp\/v2\/media\/65589"}],"wp:attachment":[{"href":"https:\/\/www.bagnoitalia.com\/de\/wp-json\/wp\/v2\/media?parent=83482"}],"wp:term":[{"taxonomy":"product_brand","embeddable":true,"href":"https:\/\/www.bagnoitalia.com\/de\/wp-json\/wp\/v2\/product_brand?post=83482"},{"taxonomy":"product_cat","embeddable":true,"href":"https:\/\/www.bagnoitalia.com\/de\/wp-json\/wp\/v2\/product_cat?post=83482"},{"taxonomy":"product_tag","embeddable":true,"href":"https:\/\/www.bagnoitalia.com\/de\/wp-json\/wp\/v2\/product_tag?post=83482"}],"curies":[{"name":"wp","href":"https:\/\/api.w.org\/{rel}","templated":true}]}}