{"id":83386,"date":"2023-08-24T14:14:18","date_gmt":"2023-08-24T12:14:18","guid":{"rendered":"https:\/\/www.bagnoitalia.com\/product\/garda2-washbasin-incl-120-cm-wall-mounted-furniture-in-various-colours-and-optional-side-drawers-2"},"modified":"2026-04-09T16:35:01","modified_gmt":"2026-04-09T14:35:01","slug":"garda2-washbasin-incl-120-cm-wall-mounted-furniture-in-various-colours-and-optional-side-drawers-2","status":"publish","type":"product","link":"https:\/\/www.bagnoitalia.com\/de\/produkt\/garda2-washbasin-incl-120-cm-wall-mounted-furniture-in-various-colours-and-optional-side-drawers-2.html","title":{"rendered":"GARDA2-Waschtisch inkl. 120 cm Wandm\u00f6bel in verschiedenen Farben und optionalen Seitenschubladen"},"content":{"rendered":"<p style=\"text-align: center;\"><span style=\"text-decoration: underline; color: #ff0000; font-size: 18pt;\"><strong>120 CM GARDA2 BADEZIMMERSCHRANK MIT WASCHBECKEN<\/strong><\/span><\/p>\n<p>&nbsp;<\/p>\n<p><strong>IM OBEN GENANNTEN PREIS ENTHALTEN:<\/strong><\/p>\n<p>N. 1 H\u00e4ngeschrank aus MDF mit den Ma\u00dfen 120 x T46 x H35,5 cm, bestehend aus einer Schublade<\/p>\n<p>N. 1 mattwei\u00dfes Harzwaschbecken 120\u00d746,3 cm<\/p>\n<p>N. 1 runder Spiegel \u00d8 70 cm<\/p>\n<p>&nbsp;<\/p>\n<p><strong>EIGENSCHAFTEN:<\/strong><\/p>\n<p>geformte Sp\u00fclenunterschrank-Schublade, mit Softeinzug und Nut\u00f6ffnung (ohne Griff)<\/p>\n<p>Waschtisch mit nach rechts oder links versetztem Becken (w\u00e4hlen Sie die Version aus dem Dropdown-Men\u00fc) mit \u00dcberlaufloch und Vorbereitung f\u00fcr Mischbatterieloch<\/p>\n<p>&nbsp;<\/p>\n<p><strong>VERF\u00dcGBARE FARBEN:<br \/>\n<\/strong><\/p>\n<ul>\n<li>Gr\u00fcner Zement<\/li>\n<li>Anthrazit<\/li>\n<li>Zuckerpapier<\/li>\n<li>Eiche Gold<\/li>\n<li>Mattwei\u00df<\/li>\n<li>Entscheidende Eiche<\/li>\n<\/ul>\n<p>&nbsp;<\/p>\n<p><strong>AUS DEM DROPDOWN-MEN\u00dc<\/strong>\u00a0k\u00f6nnen Sie Folgendes hinzuf\u00fcgen:<\/p>\n<ul>\n<li>eine\u00a0<strong>Seitenkommode mit den<\/strong>\u00a0Ma\u00dfen 120 x 46 x H 38 cm , die Sie nach Belieben aufstellen k\u00f6nnen (unter dem Sockel, au\u00dfermittig oder seitlich &#8230;)<\/li>\n<li>eine umkehrbare\u00a0<strong>Wandeinheit<\/strong>\u00a0mit den Ma\u00dfen 26,5 x T20 x H75 cm<\/li>\n<\/ul>\n<p>&nbsp;<\/p>\n<p>ACHTUNG: Mischbatterie und Ablaufgarnitur nicht im Preis inbegriffen<\/p>\n<p>&nbsp;<\/p>\n<p>&nbsp;<\/p>\n<p>&nbsp;<\/p>\n<p>&nbsp;<\/p>\n<p>&nbsp;<\/p>\n<p>&nbsp;<\/p>\n<p>&nbsp;<\/p>\n<p>&nbsp;<\/p>\n<p>&nbsp;<\/p>\n<p>&nbsp;<\/p>\n<p>&nbsp;<\/p>\n<p>&nbsp;<\/p>\n","protected":false},"excerpt":{"rendered":"<div class=\"woocommerce-product-details__short-description\">\n<p><span class=\"VIpgJd-yAWNEb-VIpgJd-fmcmS-sn54Q\">Moderne H\u00e4ngem\u00f6bel mit Waschbecken aus Harz und rundem Spiegel mit polierten Kanten. Die Komposition kann durch eine seitliche Kommode und\/oder ein Wandelement erg\u00e4nzt werden.<\/span><\/p>\n<\/div>\n<div class=\"woocommerce-product-rating\">\n<div class=\"star-rating\" role=\"img\" aria-label=\"Bewertet mit 5.00 von 5\"><\/div>\n<\/div>\n","protected":false},"featured_media":108610,"comment_status":"open","ping_status":"closed","template":"","meta":[],"product_brand":[9883],"product_cat":[9724],"product_tag":[],"class_list":{"0":"post-83386","1":"product","2":"type-product","3":"status-publish","4":"has-post-thumbnail","6":"product_brand-deghi-de","7":"product_cat-badmobel-von-101-bis-220-cm-moderne-mobel","9":"first","10":"instock","11":"sale","12":"taxable","13":"shipping-taxable","14":"purchasable","15":"product-type-simple"},"exclude_global_add_ons":false,"addons":[{"name":"Farbe und Version","type":"multiple_choice","position":0,"required":true,"title_format":"heading","default":"","description_enable":false,"description":"","placeholder_enable":false,"placeholder":"","display":"select","restrictions_type":"any_text","adjust_price":false,"price":"","price_type":"flat_fee","restrictions":false,"min":"0","max":"0","options":[{"label":"Gr\u00fcner Zement Linke Version","price":"","price_type":"quantity_based","image":0,"visibility":true},{"label":"Anthrazit Linke Version","price":"","price_type":"quantity_based","image":0,"visibility":true},{"label":"Zuckerpapier Linke Version","price":"","price_type":"quantity_based","image":0,"visibility":true},{"label":"Eiche Gold Linke Version","price":"","price_type":"quantity_based","image":0,"visibility":true},{"label":"Mattwei\u00df Linke Version","price":"","price_type":"quantity_based","image":0,"visibility":true},{"label":"Entscheidende Eiche Linke Version","price":"","price_type":"quantity_based","image":0,"visibility":true},{"label":"Gr\u00fcner Zement Rechte Version","price":"","price_type":"quantity_based","image":0,"visibility":true},{"label":"(Nicht verf\u00fcgbar) Anthrazit Rechte Version","price":"","price_type":"quantity_based","image":0,"visibility":true},{"label":"Zuckerpapier Rechte Version","price":"","price_type":"quantity_based","image":0,"visibility":true},{"label":"Eiche Gold Rechte Version","price":"","price_type":"quantity_based","image":0,"visibility":true},{"label":"Mattwei\u00df Rechte Version","price":"","price_type":"quantity_based","image":0,"visibility":true},{"label":"Entscheidende Eiche Rechte Version","price":"","price_type":"quantity_based","image":0,"visibility":true}],"id":1717086346},{"name":"Seitenschrank-Schublade","type":"multiple_choice","position":1,"required":true,"title_format":"heading","default":"","description_enable":false,"description":"","placeholder_enable":false,"placeholder":"","display":"select","restrictions_type":"any_text","adjust_price":false,"price":"","price_type":"flat_fee","restrictions":false,"min":"0","max":"0","options":[{"label":"Ohne Seitenschrank-Schublade","price":"","price_type":"quantity_based","image":0,"visibility":true},{"label":"(Nicht verf\u00fcgbar) Mit 120cm Seitenschrank-Schublade","price":"399","price_type":"quantity_based","image":0,"visibility":true}],"id":1717086347},{"name":"Wandelement","type":"multiple_choice","position":2,"required":true,"title_format":"heading","default":"","description_enable":false,"description":"","placeholder_enable":false,"placeholder":"","display":"select","restrictions_type":"any_text","adjust_price":false,"price":"","price_type":"flat_fee","restrictions":false,"min":"0","max":"0","options":[{"label":"kein Wandelement","price":"","price_type":"quantity_based","image":0,"visibility":true},{"label":"1 Wandelement H75 cm","price":"209","price_type":"quantity_based","image":0,"visibility":true}],"id":1717086348}],"yoast_head":"<!-- This site is optimized with the Yoast SEO plugin v26.7 - https:\/\/yoast.com\/wordpress\/plugins\/seo\/ -->\n<title>GARDA2-Waschtisch inkl. 120 cm Wandm\u00f6bel in verschiedenen Farben und optionalen Seitenschubladen<\/title>\n<meta name=\"description\" content=\"Modernes H\u00e4ngem\u00f6bel mit Keramikwaschbecken und Spiegel. Es ist m\u00f6glich, die Komposition zu vervollst\u00e4ndigen mit: einem seitlichen Schubladenschrank, einem Oberschrank und\/oder einem Hochschrank.\" \/>\n<meta name=\"robots\" content=\"index, follow, max-snippet:-1, max-image-preview:large, max-video-preview:-1\" \/>\n<link rel=\"canonical\" href=\"https:\/\/www.bagnoitalia.com\/de\/produkt\/garda2-washbasin-incl-120-cm-wall-mounted-furniture-in-various-colours-and-optional-side-drawers-2.html\" \/>\n<meta property=\"og:locale\" content=\"de_DE\" \/>\n<meta property=\"og:type\" content=\"article\" \/>\n<meta property=\"og:title\" content=\"GARDA2-Waschtisch inkl. 120 cm Wandm\u00f6bel in verschiedenen Farben und optionalen Seitenschubladen\" \/>\n<meta property=\"og:description\" content=\"Modernes H\u00e4ngem\u00f6bel mit Keramikwaschbecken und Spiegel. Es ist m\u00f6glich, die Komposition zu vervollst\u00e4ndigen mit: einem seitlichen Schubladenschrank, einem Oberschrank und\/oder einem Hochschrank.\" \/>\n<meta property=\"og:url\" content=\"https:\/\/www.bagnoitalia.com\/de\/produkt\/garda2-washbasin-incl-120-cm-wall-mounted-furniture-in-various-colours-and-optional-side-drawers-2.html\" \/>\n<meta property=\"og:site_name\" content=\"Bagno Italia\" \/>\n<meta property=\"article:modified_time\" content=\"2026-04-09T14:35:01+00:00\" \/>\n<meta property=\"og:image\" content=\"https:\/\/img.bagnoitalia.com\/wp-content\/uploads\/mobile-bagno-lavabo-120-sinistra-destra-colori.jpg\" \/>\n\t<meta property=\"og:image:width\" content=\"1000\" \/>\n\t<meta property=\"og:image:height\" content=\"1000\" \/>\n\t<meta property=\"og:image:type\" content=\"image\/jpeg\" \/>\n<meta name=\"twitter:card\" content=\"summary_large_image\" \/>\n<meta name=\"twitter:label1\" content=\"Gesch\u00e4tzte Lesezeit\" \/>\n\t<meta name=\"twitter:data1\" content=\"1\u00a0Minute\" \/>\n<script type=\"application\/ld+json\" class=\"yoast-schema-graph\">{\"@context\":\"https:\/\/schema.org\",\"@graph\":[{\"@type\":\"WebPage\",\"@id\":\"https:\/\/www.bagnoitalia.com\/de\/produkt\/garda2-washbasin-incl-120-cm-wall-mounted-furniture-in-various-colours-and-optional-side-drawers-2.html\",\"url\":\"https:\/\/www.bagnoitalia.com\/de\/produkt\/garda2-washbasin-incl-120-cm-wall-mounted-furniture-in-various-colours-and-optional-side-drawers-2.html\",\"name\":\"GARDA2-Waschtisch inkl. 120 cm Wandm\u00f6bel in verschiedenen Farben und optionalen Seitenschubladen\",\"isPartOf\":{\"@id\":\"https:\/\/www.bagnoitalia.com\/de#website\"},\"primaryImageOfPage\":{\"@id\":\"https:\/\/www.bagnoitalia.com\/de\/produkt\/garda2-washbasin-incl-120-cm-wall-mounted-furniture-in-various-colours-and-optional-side-drawers-2.html#primaryimage\"},\"image\":{\"@id\":\"https:\/\/www.bagnoitalia.com\/de\/produkt\/garda2-washbasin-incl-120-cm-wall-mounted-furniture-in-various-colours-and-optional-side-drawers-2.html#primaryimage\"},\"thumbnailUrl\":\"https:\/\/img.bagnoitalia.com\/wp-content\/uploads\/mobile-bagno-lavabo-120-sinistra-destra-colori.jpg\",\"datePublished\":\"2023-08-24T12:14:18+00:00\",\"dateModified\":\"2026-04-09T14:35:01+00:00\",\"description\":\"Modernes H\u00e4ngem\u00f6bel mit Keramikwaschbecken und Spiegel. Es ist m\u00f6glich, die Komposition zu vervollst\u00e4ndigen mit: einem seitlichen Schubladenschrank, einem Oberschrank und\/oder einem Hochschrank.\",\"breadcrumb\":{\"@id\":\"https:\/\/www.bagnoitalia.com\/de\/produkt\/garda2-washbasin-incl-120-cm-wall-mounted-furniture-in-various-colours-and-optional-side-drawers-2.html#breadcrumb\"},\"inLanguage\":\"de\",\"potentialAction\":[{\"@type\":\"ReadAction\",\"target\":[\"https:\/\/www.bagnoitalia.com\/de\/produkt\/garda2-washbasin-incl-120-cm-wall-mounted-furniture-in-various-colours-and-optional-side-drawers-2.html\"]}]},{\"@type\":\"ImageObject\",\"inLanguage\":\"de\",\"@id\":\"https:\/\/www.bagnoitalia.com\/de\/produkt\/garda2-washbasin-incl-120-cm-wall-mounted-furniture-in-various-colours-and-optional-side-drawers-2.html#primaryimage\",\"url\":\"https:\/\/img.bagnoitalia.com\/wp-content\/uploads\/mobile-bagno-lavabo-120-sinistra-destra-colori.jpg\",\"contentUrl\":\"https:\/\/img.bagnoitalia.com\/wp-content\/uploads\/mobile-bagno-lavabo-120-sinistra-destra-colori.jpg\",\"width\":1000,\"height\":1000},{\"@type\":\"BreadcrumbList\",\"@id\":\"https:\/\/www.bagnoitalia.com\/de\/produkt\/garda2-washbasin-incl-120-cm-wall-mounted-furniture-in-various-colours-and-optional-side-drawers-2.html#breadcrumb\",\"itemListElement\":[{\"@type\":\"ListItem\",\"position\":1,\"name\":\"Home\",\"item\":\"https:\/\/www.bagnoitalia.com\/de\"},{\"@type\":\"ListItem\",\"position\":2,\"name\":\"Produkte\",\"item\":\"https:\/\/www.bagnoitalia.com\/de\/shop\"},{\"@type\":\"ListItem\",\"position\":3,\"name\":\"GARDA2-Waschtisch inkl. 120 cm Wandm\u00f6bel in verschiedenen Farben und optionalen Seitenschubladen\"}]},{\"@type\":\"WebSite\",\"@id\":\"https:\/\/www.bagnoitalia.com\/de#website\",\"url\":\"https:\/\/www.bagnoitalia.com\/de\",\"name\":\"Bagno Italia\",\"description\":\"\",\"publisher\":{\"@id\":\"https:\/\/www.bagnoitalia.com\/de#organization\"},\"potentialAction\":[{\"@type\":\"SearchAction\",\"target\":{\"@type\":\"EntryPoint\",\"urlTemplate\":\"https:\/\/www.bagnoitalia.com\/de?s={search_term_string}\"},\"query-input\":{\"@type\":\"PropertyValueSpecification\",\"valueRequired\":true,\"valueName\":\"search_term_string\"}}],\"inLanguage\":\"de\"},{\"@type\":\"Organization\",\"@id\":\"https:\/\/www.bagnoitalia.com\/de#organization\",\"name\":\"Bagno Italia\",\"url\":\"https:\/\/www.bagnoitalia.com\/de\",\"logo\":{\"@type\":\"ImageObject\",\"inLanguage\":\"de\",\"@id\":\"https:\/\/www.bagnoitalia.com\/de#\/schema\/logo\/image\/\",\"url\":\"https:\/\/img.bagnoitalia.com\/wp-content\/uploads\/logo-bagnoitalia.webp\",\"contentUrl\":\"https:\/\/img.bagnoitalia.com\/wp-content\/uploads\/logo-bagnoitalia.webp\",\"width\":400,\"height\":70,\"caption\":\"Bagno Italia\"},\"image\":{\"@id\":\"https:\/\/www.bagnoitalia.com\/de#\/schema\/logo\/image\/\"}}]}<\/script>\n<!-- \/ Yoast SEO plugin. -->","yoast_head_json":{"title":"GARDA2-Waschtisch inkl. 120 cm Wandm\u00f6bel in verschiedenen Farben und optionalen Seitenschubladen","description":"Modernes H\u00e4ngem\u00f6bel mit Keramikwaschbecken und Spiegel. Es ist m\u00f6glich, die Komposition zu vervollst\u00e4ndigen mit: einem seitlichen Schubladenschrank, einem Oberschrank und\/oder einem Hochschrank.","robots":{"index":"index","follow":"follow","max-snippet":"max-snippet:-1","max-image-preview":"max-image-preview:large","max-video-preview":"max-video-preview:-1"},"canonical":"https:\/\/www.bagnoitalia.com\/de\/produkt\/garda2-washbasin-incl-120-cm-wall-mounted-furniture-in-various-colours-and-optional-side-drawers-2.html","og_locale":"de_DE","og_type":"article","og_title":"GARDA2-Waschtisch inkl. 120 cm Wandm\u00f6bel in verschiedenen Farben und optionalen Seitenschubladen","og_description":"Modernes H\u00e4ngem\u00f6bel mit Keramikwaschbecken und Spiegel. Es ist m\u00f6glich, die Komposition zu vervollst\u00e4ndigen mit: einem seitlichen Schubladenschrank, einem Oberschrank und\/oder einem Hochschrank.","og_url":"https:\/\/www.bagnoitalia.com\/de\/produkt\/garda2-washbasin-incl-120-cm-wall-mounted-furniture-in-various-colours-and-optional-side-drawers-2.html","og_site_name":"Bagno Italia","article_modified_time":"2026-04-09T14:35:01+00:00","og_image":[{"width":1000,"height":1000,"url":"https:\/\/img.bagnoitalia.com\/wp-content\/uploads\/mobile-bagno-lavabo-120-sinistra-destra-colori.jpg","type":"image\/jpeg"}],"twitter_card":"summary_large_image","twitter_misc":{"Gesch\u00e4tzte Lesezeit":"1\u00a0Minute"},"schema":{"@context":"https:\/\/schema.org","@graph":[{"@type":"WebPage","@id":"https:\/\/www.bagnoitalia.com\/de\/produkt\/garda2-washbasin-incl-120-cm-wall-mounted-furniture-in-various-colours-and-optional-side-drawers-2.html","url":"https:\/\/www.bagnoitalia.com\/de\/produkt\/garda2-washbasin-incl-120-cm-wall-mounted-furniture-in-various-colours-and-optional-side-drawers-2.html","name":"GARDA2-Waschtisch inkl. 120 cm Wandm\u00f6bel in verschiedenen Farben und optionalen Seitenschubladen","isPartOf":{"@id":"https:\/\/www.bagnoitalia.com\/de#website"},"primaryImageOfPage":{"@id":"https:\/\/www.bagnoitalia.com\/de\/produkt\/garda2-washbasin-incl-120-cm-wall-mounted-furniture-in-various-colours-and-optional-side-drawers-2.html#primaryimage"},"image":{"@id":"https:\/\/www.bagnoitalia.com\/de\/produkt\/garda2-washbasin-incl-120-cm-wall-mounted-furniture-in-various-colours-and-optional-side-drawers-2.html#primaryimage"},"thumbnailUrl":"https:\/\/img.bagnoitalia.com\/wp-content\/uploads\/mobile-bagno-lavabo-120-sinistra-destra-colori.jpg","datePublished":"2023-08-24T12:14:18+00:00","dateModified":"2026-04-09T14:35:01+00:00","description":"Modernes H\u00e4ngem\u00f6bel mit Keramikwaschbecken und Spiegel. Es ist m\u00f6glich, die Komposition zu vervollst\u00e4ndigen mit: einem seitlichen Schubladenschrank, einem Oberschrank und\/oder einem Hochschrank.","breadcrumb":{"@id":"https:\/\/www.bagnoitalia.com\/de\/produkt\/garda2-washbasin-incl-120-cm-wall-mounted-furniture-in-various-colours-and-optional-side-drawers-2.html#breadcrumb"},"inLanguage":"de","potentialAction":[{"@type":"ReadAction","target":["https:\/\/www.bagnoitalia.com\/de\/produkt\/garda2-washbasin-incl-120-cm-wall-mounted-furniture-in-various-colours-and-optional-side-drawers-2.html"]}]},{"@type":"ImageObject","inLanguage":"de","@id":"https:\/\/www.bagnoitalia.com\/de\/produkt\/garda2-washbasin-incl-120-cm-wall-mounted-furniture-in-various-colours-and-optional-side-drawers-2.html#primaryimage","url":"https:\/\/img.bagnoitalia.com\/wp-content\/uploads\/mobile-bagno-lavabo-120-sinistra-destra-colori.jpg","contentUrl":"https:\/\/img.bagnoitalia.com\/wp-content\/uploads\/mobile-bagno-lavabo-120-sinistra-destra-colori.jpg","width":1000,"height":1000},{"@type":"BreadcrumbList","@id":"https:\/\/www.bagnoitalia.com\/de\/produkt\/garda2-washbasin-incl-120-cm-wall-mounted-furniture-in-various-colours-and-optional-side-drawers-2.html#breadcrumb","itemListElement":[{"@type":"ListItem","position":1,"name":"Home","item":"https:\/\/www.bagnoitalia.com\/de"},{"@type":"ListItem","position":2,"name":"Produkte","item":"https:\/\/www.bagnoitalia.com\/de\/shop"},{"@type":"ListItem","position":3,"name":"GARDA2-Waschtisch inkl. 120 cm Wandm\u00f6bel in verschiedenen Farben und optionalen Seitenschubladen"}]},{"@type":"WebSite","@id":"https:\/\/www.bagnoitalia.com\/de#website","url":"https:\/\/www.bagnoitalia.com\/de","name":"Bagno Italia","description":"","publisher":{"@id":"https:\/\/www.bagnoitalia.com\/de#organization"},"potentialAction":[{"@type":"SearchAction","target":{"@type":"EntryPoint","urlTemplate":"https:\/\/www.bagnoitalia.com\/de?s={search_term_string}"},"query-input":{"@type":"PropertyValueSpecification","valueRequired":true,"valueName":"search_term_string"}}],"inLanguage":"de"},{"@type":"Organization","@id":"https:\/\/www.bagnoitalia.com\/de#organization","name":"Bagno Italia","url":"https:\/\/www.bagnoitalia.com\/de","logo":{"@type":"ImageObject","inLanguage":"de","@id":"https:\/\/www.bagnoitalia.com\/de#\/schema\/logo\/image\/","url":"https:\/\/img.bagnoitalia.com\/wp-content\/uploads\/logo-bagnoitalia.webp","contentUrl":"https:\/\/img.bagnoitalia.com\/wp-content\/uploads\/logo-bagnoitalia.webp","width":400,"height":70,"caption":"Bagno Italia"},"image":{"@id":"https:\/\/www.bagnoitalia.com\/de#\/schema\/logo\/image\/"}}]}},"_links":{"self":[{"href":"https:\/\/www.bagnoitalia.com\/de\/wp-json\/wp\/v2\/product\/83386","targetHints":{"allow":["GET"]}}],"collection":[{"href":"https:\/\/www.bagnoitalia.com\/de\/wp-json\/wp\/v2\/product"}],"about":[{"href":"https:\/\/www.bagnoitalia.com\/de\/wp-json\/wp\/v2\/types\/product"}],"replies":[{"embeddable":true,"href":"https:\/\/www.bagnoitalia.com\/de\/wp-json\/wp\/v2\/comments?post=83386"}],"version-history":[{"count":5,"href":"https:\/\/www.bagnoitalia.com\/de\/wp-json\/wp\/v2\/product\/83386\/revisions"}],"predecessor-version":[{"id":108627,"href":"https:\/\/www.bagnoitalia.com\/de\/wp-json\/wp\/v2\/product\/83386\/revisions\/108627"}],"wp:featuredmedia":[{"embeddable":true,"href":"https:\/\/www.bagnoitalia.com\/de\/wp-json\/wp\/v2\/media\/108610"}],"wp:attachment":[{"href":"https:\/\/www.bagnoitalia.com\/de\/wp-json\/wp\/v2\/media?parent=83386"}],"wp:term":[{"taxonomy":"product_brand","embeddable":true,"href":"https:\/\/www.bagnoitalia.com\/de\/wp-json\/wp\/v2\/product_brand?post=83386"},{"taxonomy":"product_cat","embeddable":true,"href":"https:\/\/www.bagnoitalia.com\/de\/wp-json\/wp\/v2\/product_cat?post=83386"},{"taxonomy":"product_tag","embeddable":true,"href":"https:\/\/www.bagnoitalia.com\/de\/wp-json\/wp\/v2\/product_tag?post=83386"}],"curies":[{"name":"wp","href":"https:\/\/api.w.org\/{rel}","templated":true}]}}